{"id":10949,"date":"2024-04-10T15:14:13","date_gmt":"2024-04-10T13:14:13","guid":{"rendered":"https:\/\/www.dinardemeraudetourisme.com\/prepare-your-stay\/practical\/stationner\/"},"modified":"2025-06-13T17:40:09","modified_gmt":"2025-06-13T15:40:09","slug":"parking","status":"publish","type":"page","link":"https:\/\/www.dinardemeraudetourisme.com\/en\/prepare-your-stay\/practical\/parking\/","title":{"rendered":"Park on the Emerald Coast"},"content":{"rendered":"\n<p><strong>How to Park on the Emerald Coast?<\/strong><\/p>\n\n\n\n<p>Save time on the Emerald Coast when searching for a parking spot! All our tips for parking in the town centres of our region can be found on this page!<\/p>\n\n\n\n<p>Travelling by motorhome? Head to <strong><a href=\"https:\/\/www.dinardemeraudetourisme.com\/en\/prepare-your-stay\/where-to-sleep\/motorhome-areas\/\" target=\"_blank\" rel=\"noreferrer noopener\">this page<\/a><\/strong>!<\/p>\n\n\n\n<h2 class=\"wp-block-heading\"><br>\u00c0 Dinard<\/h2>\n\n\n\n<div class=\"wp-block-columns is-layout-flex wp-container-core-columns-is-layout-28f84493 wp-block-columns-is-layout-flex\">\n<div class=\"wp-block-column is-layout-flow wp-block-column-is-layout-flow\" style=\"flex-basis:33.33%\">\n<figure class=\"wp-block-image size-large\"><img loading=\"lazy\" decoding=\"async\" width=\"728\" height=\"1024\" src=\"https:\/\/www.dinardemeraudetourisme.com\/app\/uploads\/2024\/04\/2022_stationnement-728x1024.jpg\" alt=\"Guide du stationnement \u00e0 Dinard 2022.\" class=\"wp-image-814\" srcset=\"https:\/\/www.dinardemeraudetourisme.com\/app\/uploads\/2024\/04\/2022_stationnement-728x1024.jpg 728w, https:\/\/www.dinardemeraudetourisme.com\/app\/uploads\/2024\/04\/2022_stationnement-213x300.jpg 213w, https:\/\/www.dinardemeraudetourisme.com\/app\/uploads\/2024\/04\/2022_stationnement-768x1081.jpg 768w, https:\/\/www.dinardemeraudetourisme.com\/app\/uploads\/2024\/04\/2022_stationnement-1092x1536.jpg 1092w, https:\/\/www.dinardemeraudetourisme.com\/app\/uploads\/2024\/04\/2022_stationnement-1455x2048.jpg 1455w, https:\/\/www.dinardemeraudetourisme.com\/app\/uploads\/2024\/04\/2022_stationnement-14x20.jpg 14w, https:\/\/www.dinardemeraudetourisme.com\/app\/uploads\/2024\/04\/2022_stationnement-36x50.jpg 36w, https:\/\/www.dinardemeraudetourisme.com\/app\/uploads\/2024\/04\/2022_stationnement-21x30.jpg 21w, https:\/\/www.dinardemeraudetourisme.com\/app\/uploads\/2024\/04\/2022_stationnement-43x60.jpg 43w, https:\/\/www.dinardemeraudetourisme.com\/app\/uploads\/2024\/04\/2022_stationnement-57x80.jpg 57w, https:\/\/www.dinardemeraudetourisme.com\/app\/uploads\/2024\/04\/2022_stationnement-99x140.jpg 99w, https:\/\/www.dinardemeraudetourisme.com\/app\/uploads\/2024\/04\/2022_stationnement-114x160.jpg 114w, https:\/\/www.dinardemeraudetourisme.com\/app\/uploads\/2024\/04\/2022_stationnement-227x320.jpg 227w, https:\/\/www.dinardemeraudetourisme.com\/app\/uploads\/2024\/04\/2022_stationnement-28x40.jpg 28w, https:\/\/www.dinardemeraudetourisme.com\/app\/uploads\/2024\/04\/2022_stationnement-569x800.jpg 569w, https:\/\/www.dinardemeraudetourisme.com\/app\/uploads\/2024\/04\/2022_stationnement-853x1200.jpg 853w, https:\/\/www.dinardemeraudetourisme.com\/app\/uploads\/2024\/04\/2022_stationnement.jpg 1626w\" sizes=\"auto, (max-width: 728px) 100vw, 728px\" \/><\/figure>\n<\/div>\n\n\n\n<div class=\"wp-block-column is-layout-flow wp-block-column-is-layout-flow\" style=\"flex-basis:66.66%\">\n<h3 class=\"wp-block-heading\">HIGH SEASON<\/h3>\n\n\n\n<p><em>From April 1st to September 30th, 2024<\/em><\/p>\n\n\n\n<p><br><strong>&gt; Hourly Rates<\/strong>:<\/p>\n\n\n\n<p><strong>Outdoor Parking<\/strong> (9 am to 12 pm and 2 pm to 7 pm, Sundays and public holidays included, except July-August from 9 am to 7 pm):<br>\u20ac1.80 per hour \/ 1 hour free during the day \/ limited to 3.5 hours (post-parking fee of \u20ac35 from 3:45 pm)<\/p>\n\n\n\n<p><strong>Underground Parking<\/strong> (Mar\u00e9chal Leclerc, Halles, Newquay*):<br>Day (9 am to 7 pm): \u20ac1.80 per hour with 1 hour free<br>Night (7 pm to 9 am): \u20ac0.80 per hour with 1 hour free<\/p>\n\n\n\n<p><strong>Rapha\u00ebl Veil Parking<\/strong> in July and August:<br>Day: \u20ac1.80 per hour with 1 hour free<br>Night: \u20ac0.80 per hour with 1 hour free<br>Parking is free from September to June.<\/p>\n\n\n\n<p><br><strong>&gt; Parking Packages<\/strong>:<\/p>\n\n\n\n<p><strong>All parking areas<\/strong>: Mar\u00e9chal Leclerc, Halles, Newquay*, Rapha\u00ebl Veil (July and August):<br>3 days: \u20ac40 \/ 1 week: \u20ac70<\/p>\n\n\n\n<p><strong>Access to 3 parking areas<\/strong>: Halles, Newquay*, Rapha\u00ebl Veil (July and August):<br>3 days: \u20ac30 \/ 1 week: \u20ac50<\/p>\n<\/div>\n<\/div>\n\n\n\n<h3 class=\"wp-block-heading\"><br>Dinard free shuttle<\/h3>\n\n\n\n<p>The free summer shuttle runs from July 10 to August 24, 2025 inclusive. Every day from 10 a.m. to 11 p.m., reach downtown Dinard in 15 minutes from the park-and-ride lots.<\/p>\n\n\n\n<p>Park-and-ride locations: Parking de l\u2019Hermitage and Parking de la Ville-Billy in La Richardais<\/p>\n\n\n\n<p>Stops in Dinard: Notre-Dame Church and the Tourist Office<\/p>\n\n\n\n<p>Departures every 30 minutes. Last departure at 11:15 p.m. from the Tourist Office stop<\/p>\n\n\n\n<p>The shuttle is free and open to all. It is also accessible to people with reduced mobility. Bicycles are not allowed.<\/p>\n\n\n\n<h3 class=\"wp-block-heading\"><br>LOW SEASON<\/h3>\n\n\n\n<p><em>From October 1st to March 31st.<\/em><\/p>\n\n\n\n<p><br><strong>&gt; Hourly Rates<\/strong>:<\/p>\n\n\n\n<p><strong>Outdoor Parking<\/strong> (from 9 am to 12 pm and from 2 pm to 7 pm, free on Sundays and public holidays):<br>\u20ac0.60 per hour with 1 hour free \/ limited to 3.5 hours (post-parking fee of \u20ac35 from 3:45 pm)<\/p>\n\n\n\n<p><strong>Underground Parking<\/strong> (Mar\u00e9chal Leclerc, Halles, Newquay*):<br>Day: \u20ac0.60 per hour with 1 hour free<br>Night: Free<\/p>\n\n\n\n<p><strong>Annual Parking Passes<\/strong> (cards available at the Rights of Place Service)<br><strong>Information<\/strong>: 02 99 16 43 98<\/p>\n\n\n\n<p><strong>All parking areas<\/strong>: Mar\u00e9chal Leclerc, Halles, Newquay*, Rapha\u00ebl Veil (July and August):<br>\u20ac480 for residents \/ \u20ac240 for shopkeepers<br><strong>Access to 3 parking areas<\/strong>: Halles, Newquay*, Rapha\u00ebl Veil (July and August):<br>\u20ac240 for residents \/ \u20ac120 for shopkeepers<\/p>\n\n\n\n<p><em>*Newquay Parking: Delivery by late 2024, early 2025.<\/em><\/p>\n\n\n\n<h3 class=\"wp-block-heading\"><br>Bicycle Parking \u2013 Rapha\u00ebl Veil Parking<\/h3>\n\n\n\n<p>NEW: 6 secure and connected bicycle boxes have been installed at the Rapha\u00ebl Veil parking.<\/p>\n\n\n\n<p>Payment by credit card.<br>Daily rate: \u20ac1, Weekly rate: \u20ac5.<\/p>\n\n\n\n<h2 class=\"wp-block-heading\"><br>In Saint-Briac-sur-Mer<\/h2>\n\n\n\n<p><strong>Traffic and Parking Plan \u2013 Summer Season Only<\/strong><\/p>\n\n\n\n<p><strong>Town Center Area:<\/strong><br>From Saturday, July 6th, 2024, to Sunday, September 1st, 2024, it is prohibited to park a vehicle for more than one hour between 9 am and 1 pm, and between 3 pm and 7 pm on the following roads and parking areas:<\/p>\n\n\n\n<ul class=\"wp-block-list\">\n<li>Parking in front of the old market halls<\/li>\n\n\n\n<li>Market square parking (Place de la Mairie)<\/li>\n\n\n\n<li>Parking in front of the &#8220;Carrefour Express&#8221; convenience store (Rue du Chemin)<\/li>\n\n\n\n<li>Rue du Commandant Thoreux (from number 4 to number 6)<\/li>\n\n\n\n<li>Rue de la Mairie<\/li>\n\n\n\n<li>Rue Emile Bernard<\/li>\n<\/ul>\n\n\n\n<p><strong>B\u00e9chet Area:<\/strong><br>It is prohibited to park a vehicle for more than two and a half hours between 9 am and 7 pm on the following roads and parking areas:<\/p>\n\n\n\n<ul class=\"wp-block-list\">\n<li>Parking in front of the Port Office<\/li>\n\n\n\n<li>Boulevard du B\u00e9chet<\/li>\n\n\n\n<li>Parking on Rue de la Salinette (from the end of Boulevard du B\u00e9chet to the start of Place Louis Delage).<\/li>\n<\/ul>\n\n\n\n<p>For more information, contact&nbsp;<a href=\"https:\/\/www.saintbriac.fr\/\" target=\"_blank\" rel=\"noreferrer noopener\"><strong>Mairie de Saint-Briac-sur-Mer<\/strong><\/a><\/p>\n\n\n\n<h4 class=\"wp-block-heading\"><br>Information for hikers&#8217; parking<\/h4>\n\n\n\n<p>The parking areas near the beaches (B\u00e9chet, Petite Salinette, and Port Hue) have limited capacity and fill up quickly. Therefore, hikers are encouraged to park at the Pont de Lancieux and Balcon d\u2019\u00c9meraude parking areas.<br><\/p>\n\n\n\n<figure class=\"wp-block-image aligncenter size-large\"><img loading=\"lazy\" decoding=\"async\" width=\"1024\" height=\"768\" src=\"https:\/\/www.dinardemeraudetourisme.com\/app\/uploads\/2024\/03\/saint-briac-sur-mer-balcon-demeraude-c-wem-production-1024x768.jpg\" alt=\"Vue a\u00e9rienne du Balcon d'Emeraude \u00e0 Saint-Briac-sur-Mer en Bretagne. Les voiliers sont au mouillage au port de plaisance, situ\u00e9 entre des villas baln\u00e9aires et le Chateau du Nessay. En arri\u00e8re plan, la Manche s'\u00e9tend \u00e0 l'horizon. Une plage concave borde le port de plaisance.\" class=\"wp-image-403\" srcset=\"https:\/\/www.dinardemeraudetourisme.com\/app\/uploads\/2024\/03\/saint-briac-sur-mer-balcon-demeraude-c-wem-production-1024x768.jpg 1024w, https:\/\/www.dinardemeraudetourisme.com\/app\/uploads\/2024\/03\/saint-briac-sur-mer-balcon-demeraude-c-wem-production-300x225.jpg 300w, https:\/\/www.dinardemeraudetourisme.com\/app\/uploads\/2024\/03\/saint-briac-sur-mer-balcon-demeraude-c-wem-production-768x576.jpg 768w, https:\/\/www.dinardemeraudetourisme.com\/app\/uploads\/2024\/03\/saint-briac-sur-mer-balcon-demeraude-c-wem-production-20x15.jpg 20w, https:\/\/www.dinardemeraudetourisme.com\/app\/uploads\/2024\/03\/saint-briac-sur-mer-balcon-demeraude-c-wem-production-50x38.jpg 50w, https:\/\/www.dinardemeraudetourisme.com\/app\/uploads\/2024\/03\/saint-briac-sur-mer-balcon-demeraude-c-wem-production-40x30.jpg 40w, https:\/\/www.dinardemeraudetourisme.com\/app\/uploads\/2024\/03\/saint-briac-sur-mer-balcon-demeraude-c-wem-production-60x45.jpg 60w, https:\/\/www.dinardemeraudetourisme.com\/app\/uploads\/2024\/03\/saint-briac-sur-mer-balcon-demeraude-c-wem-production-80x60.jpg 80w, https:\/\/www.dinardemeraudetourisme.com\/app\/uploads\/2024\/03\/saint-briac-sur-mer-balcon-demeraude-c-wem-production-110x83.jpg 110w, https:\/\/www.dinardemeraudetourisme.com\/app\/uploads\/2024\/03\/saint-briac-sur-mer-balcon-demeraude-c-wem-production-160x120.jpg 160w, https:\/\/www.dinardemeraudetourisme.com\/app\/uploads\/2024\/03\/saint-briac-sur-mer-balcon-demeraude-c-wem-production-250x188.jpg 250w, https:\/\/www.dinardemeraudetourisme.com\/app\/uploads\/2024\/03\/saint-briac-sur-mer-balcon-demeraude-c-wem-production-53x40.jpg 53w, https:\/\/www.dinardemeraudetourisme.com\/app\/uploads\/2024\/03\/saint-briac-sur-mer-balcon-demeraude-c-wem-production-1067x800.jpg 1067w, https:\/\/www.dinardemeraudetourisme.com\/app\/uploads\/2024\/03\/saint-briac-sur-mer-balcon-demeraude-c-wem-production.jpg 1440w\" sizes=\"auto, (max-width: 1024px) 100vw, 1024px\" \/><\/figure>\n\n\n\n<h2 class=\"wp-block-heading\"><br>Community council of the Emerald Coast<\/h2>\n\n\n\n<p>For the other communes within the C\u00f4te d&#8217;\u00c9meraude community, parking is free. However, some <strong>blue zones<\/strong> limit the parking duration during certain times of the year. You can obtain a European parking disc at tobacconists, newsagents, or supermarkets in the &#8220;automotive items&#8221; section. It is also available at the Saint-Briac-sur-Mer town hall for \u20ac1. (Please note: failure to display a disc or exceeding the time limit will result in a \u20ac35 fine.)<\/p>\n\n\n\n<h2 class=\"wp-block-heading\"><br>Bus parking<\/h2>\n\n\n\n<h4 class=\"wp-block-heading\">In Dinard<\/h4>\n\n\n\n<ul class=\"wp-block-list\">\n<li>Rue de l\u2019Isle Cel\u00e9e (3 spots)<\/li>\n\n\n\n<li>Rue Gouyon Matignon in front of coll\u00e8ge \u00ab Le Bocage \u00bb, except during school period.<\/li>\n<\/ul>\n\n\n\n<h4 class=\"wp-block-heading\"><br>In Saint-Briac-sur-Mer<\/h4>\n\n\n\n<p>It is possible to park a coach at the Pont du Fr\u00e9mur parking lot (motorhome parking) provided that you notify the local police in advance.<\/p>\n\n\n\n<h4 class=\"wp-block-heading\"><br>In Saint-Lunaire<\/h4>\n\n\n\n<p>A parking spot at the D\u00e9coll\u00e9 parking lot.<\/p>\n\n\n\n<h4 class=\"wp-block-heading\"><br>In Lancieux<\/h4>\n\n\n\n<p>Parking is available at the church parking lot.<\/p>\n\n\n\n<h2 class=\"wp-block-heading\">Bicycle parking<\/h2>\n\n\n\n<p><strong>Dinard<\/strong><\/p>\n\n\n\n<p>6 secure bicycle boxes \u2013 Rapha\u00ebl Veil Parking.<\/p>\n\n\n\n<p class=\"has-bleu-gris-color has-text-color has-link-color wp-elements-70c818943ae71302fa1a07517673a128\"><strong>INFO JUNE 2025: Currently out of service.<\/strong><\/p>\n\n\n\n<p>Accessible 24\/7 \u2013 You can leave your equipment on the bikes, with assisted bike storage thanks to the guide rail and wheel stopper&#8230;<\/p>\n\n\n\n<p><strong>Rates<\/strong>:<br>\u20ac1 per day and \u20ac5 per week.<\/p>\n\n\n\n<p>Using the bicycle storage is simple:<\/p>\n\n\n\n<ol class=\"wp-block-list\">\n<li>Go to the <strong><a href=\"https:\/\/portail.larucheavelos.fr\/dinard\" target=\"_blank\" rel=\"noreferrer noopener\">bicycle parking page<\/a><\/strong> in Dinard, create an account, and select your storage box to check the real-time availability of spaces.<\/li>\n\n\n\n<li>Choose the ticket that suits your needs.<\/li>\n\n\n\n<li>Unlock the storage box door via Bluetooth on your phone at the terminal located to the left of the bike shelter door (you can also use your Korrigo transport card to unlock the box if it is linked to your account).<\/li>\n\n\n\n<li>Park your bike, remembering to secure it to the rack with a lock or anti-theft device.<\/li>\n<\/ol>\n\n\n\n<p>Over 600 secure and free bicycle parking spaces are available on bike racks throughout the commune!<\/p>\n\n\n\n<p>There are two multimodal areas on our territory where you can leave your bike safely:<\/p>\n\n\n\n<ul class=\"wp-block-list\">\n<li><strong>La Richardais \u2013 L&#8217;Hermitage<\/strong>: 10 free bike boxes (locked with your own lock or U-lock) and 4 bike racks.<\/li>\n\n\n\n<li><strong>La Richardais \u2013 La Ville Billy<\/strong>: Several free bike boxes.<\/li>\n\n\n\n<li><strong>Tr\u00e9m\u00e9reuc<\/strong>: 4 free bike boxes (locked with your own lock or U-lock).<\/li>\n<\/ul>\n","protected":false},"excerpt":{"rendered":"<p>How to Park on the Emerald Coast? Save time on the Emerald Coast when searching for a parking spot! All our tips for parking in the town centres of our region can be found on this page! Travelling by motorhome? Head to this page! \u00c0 Dinard HIGH SEASON From April 1st to September 30th, 2024 [&hellip;]<\/p>\n","protected":false},"author":1,"featured_media":819,"parent":10260,"menu_order":0,"comment_status":"closed","ping_status":"closed","template":"template-header-large.php","meta":{"_acf_changed":false,"footnotes":""},"class_list":["post-10949","page","type-page","status-publish","has-post-thumbnail","hentry"],"acf":[],"yoast_head":"<!-- This site is optimized with the Yoast SEO plugin v27.6 - https:\/\/yoast.com\/product\/yoast-seo-wordpress\/ -->\n<title>Park on the Emerald Coast - Dinard \u00c9meraude Tourisme<\/title>\n<meta name=\"description\" content=\"Park on the Emerald Coast: All the Practical Information for Parking in Dinard and Surroundings in Brittany.\" \/>\n<meta name=\"robots\" content=\"index, follow, max-snippet:-1, max-image-preview:large, max-video-preview:-1\" \/>\n<link rel=\"canonical\" href=\"https:\/\/www.dinardemeraudetourisme.com\/en\/prepare-your-stay\/practical\/parking\/\" \/>\n<meta property=\"og:locale\" content=\"en_US\" \/>\n<meta property=\"og:type\" content=\"article\" \/>\n<meta property=\"og:title\" content=\"Park on the Emerald Coast - Dinard \u00c9meraude Tourisme\" \/>\n<meta property=\"og:description\" content=\"Park on the Emerald Coast: All the Practical Information for Parking in Dinard and Surroundings in Brittany.\" \/>\n<meta property=\"og:url\" content=\"https:\/\/www.dinardemeraudetourisme.com\/en\/prepare-your-stay\/practical\/parking\/\" \/>\n<meta property=\"og:site_name\" content=\"Dinard \u00c9meraude Tourisme\" \/>\n<meta property=\"article:modified_time\" content=\"2025-06-13T15:40:09+00:00\" \/>\n<meta property=\"og:image\" content=\"https:\/\/www.dinardemeraudetourisme.com\/app\/uploads\/2024\/04\/stationner.webp\" \/>\n\t<meta property=\"og:image:width\" content=\"1350\" \/>\n\t<meta property=\"og:image:height\" content=\"900\" \/>\n\t<meta property=\"og:image:type\" content=\"image\/webp\" \/>\n<meta name=\"twitter:card\" content=\"summary_large_image\" \/>\n<meta name=\"twitter:label1\" content=\"Est. reading time\" \/>\n\t<meta name=\"twitter:data1\" content=\"6 minutes\" \/>\n<script type=\"application\/ld+json\" class=\"yoast-schema-graph\">{\"@context\":\"https:\\\/\\\/schema.org\",\"@graph\":[{\"@type\":\"WebPage\",\"@id\":\"https:\\\/\\\/www.dinardemeraudetourisme.com\\\/en\\\/prepare-your-stay\\\/practical\\\/parking\\\/\",\"url\":\"https:\\\/\\\/www.dinardemeraudetourisme.com\\\/en\\\/prepare-your-stay\\\/practical\\\/parking\\\/\",\"name\":\"Park on the Emerald Coast - Dinard \u00c9meraude Tourisme\",\"isPartOf\":{\"@id\":\"https:\\\/\\\/www.dinardemeraudetourisme.com\\\/en\\\/#website\"},\"primaryImageOfPage\":{\"@id\":\"https:\\\/\\\/www.dinardemeraudetourisme.com\\\/en\\\/prepare-your-stay\\\/practical\\\/parking\\\/#primaryimage\"},\"image\":{\"@id\":\"https:\\\/\\\/www.dinardemeraudetourisme.com\\\/en\\\/prepare-your-stay\\\/practical\\\/parking\\\/#primaryimage\"},\"thumbnailUrl\":\"https:\\\/\\\/www.dinardemeraudetourisme.com\\\/app\\\/uploads\\\/2024\\\/04\\\/stationner.webp\",\"datePublished\":\"2024-04-10T13:14:13+00:00\",\"dateModified\":\"2025-06-13T15:40:09+00:00\",\"description\":\"Park on the Emerald Coast: All the Practical Information for Parking in Dinard and Surroundings in Brittany.\",\"breadcrumb\":{\"@id\":\"https:\\\/\\\/www.dinardemeraudetourisme.com\\\/en\\\/prepare-your-stay\\\/practical\\\/parking\\\/#breadcrumb\"},\"inLanguage\":\"en-US\",\"potentialAction\":[{\"@type\":\"ReadAction\",\"target\":[\"https:\\\/\\\/www.dinardemeraudetourisme.com\\\/en\\\/prepare-your-stay\\\/practical\\\/parking\\\/\"]}]},{\"@type\":\"ImageObject\",\"inLanguage\":\"en-US\",\"@id\":\"https:\\\/\\\/www.dinardemeraudetourisme.com\\\/en\\\/prepare-your-stay\\\/practical\\\/parking\\\/#primaryimage\",\"url\":\"https:\\\/\\\/www.dinardemeraudetourisme.com\\\/app\\\/uploads\\\/2024\\\/04\\\/stationner.webp\",\"contentUrl\":\"https:\\\/\\\/www.dinardemeraudetourisme.com\\\/app\\\/uploads\\\/2024\\\/04\\\/stationner.webp\",\"width\":1350,\"height\":900},{\"@type\":\"WebSite\",\"@id\":\"https:\\\/\\\/www.dinardemeraudetourisme.com\\\/en\\\/#website\",\"url\":\"https:\\\/\\\/www.dinardemeraudetourisme.com\\\/en\\\/\",\"name\":\"Dinard \u00c9meraude Tourisme\",\"description\":\"\",\"potentialAction\":[{\"@type\":\"SearchAction\",\"target\":{\"@type\":\"EntryPoint\",\"urlTemplate\":\"https:\\\/\\\/www.dinardemeraudetourisme.com\\\/en\\\/?s={search_term_string}\"},\"query-input\":{\"@type\":\"PropertyValueSpecification\",\"valueRequired\":true,\"valueName\":\"search_term_string\"}}],\"inLanguage\":\"en-US\"}]}<\/script>\n<!-- \/ Yoast SEO plugin. -->","yoast_head_json":{"title":"Park on the Emerald Coast - Dinard \u00c9meraude Tourisme","description":"Park on the Emerald Coast: All the Practical Information for Parking in Dinard and Surroundings in Brittany.","robots":{"index":"index","follow":"follow","max-snippet":"max-snippet:-1","max-image-preview":"max-image-preview:large","max-video-preview":"max-video-preview:-1"},"canonical":"https:\/\/www.dinardemeraudetourisme.com\/en\/prepare-your-stay\/practical\/parking\/","og_locale":"en_US","og_type":"article","og_title":"Park on the Emerald Coast - Dinard \u00c9meraude Tourisme","og_description":"Park on the Emerald Coast: All the Practical Information for Parking in Dinard and Surroundings in Brittany.","og_url":"https:\/\/www.dinardemeraudetourisme.com\/en\/prepare-your-stay\/practical\/parking\/","og_site_name":"Dinard \u00c9meraude Tourisme","article_modified_time":"2025-06-13T15:40:09+00:00","og_image":[{"width":1350,"height":900,"url":"https:\/\/www.dinardemeraudetourisme.com\/app\/uploads\/2024\/04\/stationner.webp","type":"image\/webp"}],"twitter_card":"summary_large_image","twitter_misc":{"Est. reading time":"6 minutes"},"schema":{"@context":"https:\/\/schema.org","@graph":[{"@type":"WebPage","@id":"https:\/\/www.dinardemeraudetourisme.com\/en\/prepare-your-stay\/practical\/parking\/","url":"https:\/\/www.dinardemeraudetourisme.com\/en\/prepare-your-stay\/practical\/parking\/","name":"Park on the Emerald Coast - Dinard \u00c9meraude Tourisme","isPartOf":{"@id":"https:\/\/www.dinardemeraudetourisme.com\/en\/#website"},"primaryImageOfPage":{"@id":"https:\/\/www.dinardemeraudetourisme.com\/en\/prepare-your-stay\/practical\/parking\/#primaryimage"},"image":{"@id":"https:\/\/www.dinardemeraudetourisme.com\/en\/prepare-your-stay\/practical\/parking\/#primaryimage"},"thumbnailUrl":"https:\/\/www.dinardemeraudetourisme.com\/app\/uploads\/2024\/04\/stationner.webp","datePublished":"2024-04-10T13:14:13+00:00","dateModified":"2025-06-13T15:40:09+00:00","description":"Park on the Emerald Coast: All the Practical Information for Parking in Dinard and Surroundings in Brittany.","breadcrumb":{"@id":"https:\/\/www.dinardemeraudetourisme.com\/en\/prepare-your-stay\/practical\/parking\/#breadcrumb"},"inLanguage":"en-US","potentialAction":[{"@type":"ReadAction","target":["https:\/\/www.dinardemeraudetourisme.com\/en\/prepare-your-stay\/practical\/parking\/"]}]},{"@type":"ImageObject","inLanguage":"en-US","@id":"https:\/\/www.dinardemeraudetourisme.com\/en\/prepare-your-stay\/practical\/parking\/#primaryimage","url":"https:\/\/www.dinardemeraudetourisme.com\/app\/uploads\/2024\/04\/stationner.webp","contentUrl":"https:\/\/www.dinardemeraudetourisme.com\/app\/uploads\/2024\/04\/stationner.webp","width":1350,"height":900},{"@type":"WebSite","@id":"https:\/\/www.dinardemeraudetourisme.com\/en\/#website","url":"https:\/\/www.dinardemeraudetourisme.com\/en\/","name":"Dinard \u00c9meraude Tourisme","description":"","potentialAction":[{"@type":"SearchAction","target":{"@type":"EntryPoint","urlTemplate":"https:\/\/www.dinardemeraudetourisme.com\/en\/?s={search_term_string}"},"query-input":{"@type":"PropertyValueSpecification","valueRequired":true,"valueName":"search_term_string"}}],"inLanguage":"en-US"}]}},"_links":{"self":[{"href":"https:\/\/www.dinardemeraudetourisme.com\/en\/wp-json\/wp\/v2\/pages\/10949","targetHints":{"allow":["GET"]}}],"collection":[{"href":"https:\/\/www.dinardemeraudetourisme.com\/en\/wp-json\/wp\/v2\/pages"}],"about":[{"href":"https:\/\/www.dinardemeraudetourisme.com\/en\/wp-json\/wp\/v2\/types\/page"}],"author":[{"embeddable":true,"href":"https:\/\/www.dinardemeraudetourisme.com\/en\/wp-json\/wp\/v2\/users\/1"}],"replies":[{"embeddable":true,"href":"https:\/\/www.dinardemeraudetourisme.com\/en\/wp-json\/wp\/v2\/comments?post=10949"}],"version-history":[{"count":5,"href":"https:\/\/www.dinardemeraudetourisme.com\/en\/wp-json\/wp\/v2\/pages\/10949\/revisions"}],"predecessor-version":[{"id":17698,"href":"https:\/\/www.dinardemeraudetourisme.com\/en\/wp-json\/wp\/v2\/pages\/10949\/revisions\/17698"}],"up":[{"embeddable":true,"href":"https:\/\/www.dinardemeraudetourisme.com\/en\/wp-json\/wp\/v2\/pages\/10260"}],"wp:featuredmedia":[{"embeddable":true,"href":"https:\/\/www.dinardemeraudetourisme.com\/en\/wp-json\/wp\/v2\/media\/819"}],"wp:attachment":[{"href":"https:\/\/www.dinardemeraudetourisme.com\/en\/wp-json\/wp\/v2\/media?parent=10949"}],"curies":[{"name":"wp","href":"https:\/\/api.w.org\/{rel}","templated":true}]}}