{"id":10748,"date":"2024-04-26T10:10:43","date_gmt":"2024-04-26T08:10:43","guid":{"rendered":"https:\/\/www.dinardemeraudetourisme.com\/groupes-et-seminaires\/"},"modified":"2024-10-25T15:19:52","modified_gmt":"2024-10-25T13:19:52","slug":"groupes-et-seminaires","status":"publish","type":"page","link":"https:\/\/www.dinardemeraudetourisme.com\/en\/groupes-et-seminaires\/","title":{"rendered":"Choose a prestigious destination in Brittany"},"content":{"rendered":"\n<p>S\u00e9minaire de luxe Bretagne.<br>Choisissez une destination de prestige en Bretagne pour votre prochain s\u00e9minaire ou voyage en groupe. Situ\u00e9e au c\u0153ur de la <a href=\"https:\/\/www.dinardemeraudetourisme.com\/en\/explore\/8-emerald-paradises\/\">C\u00f4te d\u2019\u00c9meraude<\/a>, \u00e0 seulement 2h30 de Paris et 1h de Rennes, notre r\u00e9gion offre le cadre id\u00e9al pour combiner travail et d\u00e9tente.<\/p>\n\n\n\n<p>Sur notre site internet, vous d\u00e9couvrirez une vari\u00e9t\u00e9 de circuits, de croisi\u00e8res, et de lieux de r\u00e9ception sp\u00e9cialement adapt\u00e9s aux groupes. Chaque proposition est personnalisable pour r\u00e9pondre pr\u00e9cis\u00e9ment \u00e0 vos besoins. C&#8217;est pourquoi nous vous invitons \u00e0 contacter nos sp\u00e9cialistes. Ils vous aideront \u00e0 \u00e9laborer un programme sur mesure et vous fourniront un devis adapt\u00e9 \u00e0 vos attentes. Nous sommes \u00e0 votre enti\u00e8re disposition pour organiser un voyage de groupe ou un s\u00e9minaire qui correspondra parfaitement \u00e0 vos objectifs et \u00e0 votre budget. Que ce soit pour une r\u00e9union strat\u00e9gique, une formation ou simplement un moment de coh\u00e9sion, Dinard et la C\u00f4te d\u2019\u00c9meraude offrent un environnement propice \u00e0 l&#8217;inspiration et au ressourcement.<\/p>\n\n\n\n<p>Profitez \u00e9galement de nos conseils experts pour int\u00e9grer des activit\u00e9s de team-building, des visites culturelles ou des exp\u00e9riences gastronomiques qui enrichiront votre s\u00e9jour. Laissez-nous prendre en charge l&#8217;organisation logistique pour que vous puissiez vous concentrer pleinement sur vos objectifs de groupe.<\/p>\n\n\n\n<p>Vivez une exp\u00e9rience m\u00e9morable en choisissant <a href=\"https:\/\/boutique.dinardemeraudetourisme.com\/\">Dinard<\/a> C\u00f4te d\u2019\u00c9meraude comme destination pour votre prochain \u00e9v\u00e9nement de groupe ou s\u00e9minaire. Connectez-vous avec nous d\u00e8s aujourd&#8217;hui pour commencer \u00e0 planifier une rencontre exceptionnelle!<\/p>\n\n\n<section class=\"acf cards-grid align wp-block-acf-cards-grid\" id=\"block_6a52f3785bebb3db909b11602a34ca44\">\n\t<div class=\"container\">\n\t\t\t\t\t<h2 class=\"titre\">Nos s\u00e9minaires<\/h2>\n\t\t\t\t\t\t\t\t\t\t\t<div class=\"cards four-col\">\n\t\t\t\t\t\t\t\t\t\t\t\t<div class=\"card swiper-slide hover-active\">\n\t\t\t\t\t\t\t\t\t\t\t\t\t<div class=\"background-image\">\n\t\t\t\t\t\t\t\t<picture>\n\t\t\t\t\t\t\t\t\t<source type=\"image\/webp\" srcset=\"https:\/\/www.dinardemeraudetourisme.com\/app\/uploads\/2024\/05\/ombelle-chefs-du-restaurant-1024x683.webp, https:\/\/www.dinardemeraudetourisme.com\/app\/uploads\/2024\/05\/ombelle-chefs-du-restaurant-1024x683@2x.webp 2x\" media=\"(max-width: 425px)\">\n\t\t\t\t\t\t\t\t\t<source type=\"image\/jpeg\" srcset=\"https:\/\/www.dinardemeraudetourisme.com\/app\/uploads\/2024\/05\/ombelle-chefs-du-restaurant-1024x683.jpg, https:\/\/www.dinardemeraudetourisme.com\/app\/uploads\/2024\/05\/ombelle-chefs-du-restaurant-1024x683@2x.jpg 2x\" media=\"(max-width: 425px)\">\n\t\t\t\t\t\t\t\t\t<source type=\"image\/webp\" srcset=\"https:\/\/www.dinardemeraudetourisme.com\/app\/uploads\/2024\/05\/ombelle-chefs-du-restaurant-1024x683.webp, https:\/\/www.dinardemeraudetourisme.com\/app\/uploads\/2024\/05\/ombelle-chefs-du-restaurant-1024x683@2x.webp 2x\">\n\t\t\t\t\t\t\t\t\t<source type=\"image\/jpeg\" srcset=\"https:\/\/www.dinardemeraudetourisme.com\/app\/uploads\/2024\/05\/ombelle-chefs-du-restaurant-1024x683.jpg, https:\/\/www.dinardemeraudetourisme.com\/app\/uploads\/2024\/05\/ombelle-chefs-du-restaurant-1024x683@2x.jpg 2x\" media=\"(min-width: 426px)\">\n\t\t\t\t\t\t\t\t\t<img fetchpriority=\"high\" decoding=\"async\" loading=\"eager\" src=\"https:\/\/www.dinardemeraudetourisme.com\/app\/uploads\/2024\/05\/ombelle-chefs-du-restaurant-1024x683.jpg\" alt=\"Chefs du restaurant Ombelle \u00e0 Dinard posent devant la plage de l'Ecluse \u00e0 Dinard.\" width=\"360\" height=\"600\"\/>\n\t\t\t\t\t\t\t\t<\/picture>\n\t\t\t\t\t\t\t<\/div>\n\t\t\t\t\t\t\t\t\t\t\t\t<div class=\"content\">\n\t\t\t\t\t\t\t<div class=\"inner\">\n\t\t\t\t\t\t\t\t\t\t\t\t\t\t\t\t\t\t\t\t\t\t\t\t\t<h5 class=\"titre\">En \u00e9t\u00e9<\/h5>\n\t\t\t\t\t\t\t\t\t\t\t\t\t\t\t\t\t\t\t\t\t\t\t\t\t<div class=\"contenu\">D\u00e9couvrez nos s\u00e9minaires d&#8217;\u00e9t\u00e9 inspirants : formations enrichissantes, conf\u00e9rences captivantes, r\u00e9seautage, cadre exceptionnel, croissance professionnelle. R\u00e9servez votre place maintenant !<\/div>\n\t\t\t\t\t\t\t\t\t\t\t\t\t\t\t\t\t\t\t\t\t\t\t\t\t<span class=\"btn-arrow\">Discover<\/span>\n\t\t\t\t\t\t\t\t\t\t\t\t\t\t\t<\/div>\n\t\t\t\t\t\t<\/div>\n\t\t\t\t\t\t\t\t\t\t\t\t\t<a href=\"https:\/\/www.dinardemeraudetourisme.com\/groupes-et-seminaires\/en-ete\/\" target=\"\" class=\"lien\">DiscoverEn \u00e9t\u00e9<\/a>\n\t\t\t\t\t\t\t\t\t\t\t<\/div>\n\t\t\t\t\t\t\t<\/div>\n\t\t\t<\/div>\n<\/section>\n\n\n<h3 class=\"wp-block-heading\" style=\"padding-top:var(--wp--preset--spacing--50);padding-bottom:var(--wp--preset--spacing--50)\">Vos contacts<\/h3>\n\n\n\n<div class=\"wp-block-columns is-layout-flex wp-container-core-columns-is-layout-28f84493 wp-block-columns-is-layout-flex\">\n<div class=\"wp-block-column is-layout-flow wp-block-column-is-layout-flow\">\n<figure class=\"wp-block-image aligncenter size-full is-resized\"><img loading=\"lazy\" decoding=\"async\" width=\"250\" height=\"250\" src=\"https:\/\/www.dinardemeraudetourisme.com\/app\/uploads\/2024\/04\/julie-250x250-1.webp\" alt=\"Julie 250x250\" class=\"wp-image-5244\" style=\"width:200px\" srcset=\"https:\/\/www.dinardemeraudetourisme.com\/app\/uploads\/2024\/04\/julie-250x250-1.webp 250w, https:\/\/www.dinardemeraudetourisme.com\/app\/uploads\/2024\/04\/julie-250x250-1-150x150.webp 150w, https:\/\/www.dinardemeraudetourisme.com\/app\/uploads\/2024\/04\/julie-250x250-1-20x20.webp 20w, https:\/\/www.dinardemeraudetourisme.com\/app\/uploads\/2024\/04\/julie-250x250-1-30x30.webp 30w, https:\/\/www.dinardemeraudetourisme.com\/app\/uploads\/2024\/04\/julie-250x250-1-50x50.webp 50w, https:\/\/www.dinardemeraudetourisme.com\/app\/uploads\/2024\/04\/julie-250x250-1-60x60.webp 60w, https:\/\/www.dinardemeraudetourisme.com\/app\/uploads\/2024\/04\/julie-250x250-1-80x80.webp 80w, https:\/\/www.dinardemeraudetourisme.com\/app\/uploads\/2024\/04\/julie-250x250-1-110x110.webp 110w, https:\/\/www.dinardemeraudetourisme.com\/app\/uploads\/2024\/04\/julie-250x250-1-160x160.webp 160w, https:\/\/www.dinardemeraudetourisme.com\/app\/uploads\/2024\/04\/julie-250x250-1-40x40.webp 40w\" sizes=\"auto, (max-width: 250px) 100vw, 250px\" \/><\/figure>\n\n\n\n<p class=\"has-text-align-center\">Julie <strong>HIARD<\/strong><\/p>\n<\/div>\n\n\n\n<div class=\"wp-block-column is-layout-flow wp-block-column-is-layout-flow\">\n<figure class=\"wp-block-image aligncenter size-full is-resized\"><img loading=\"lazy\" decoding=\"async\" width=\"250\" height=\"250\" src=\"https:\/\/www.dinardemeraudetourisme.com\/app\/uploads\/2024\/04\/jocelyn-250x250-1.webp\" alt=\"Jocelyn 250x250\" class=\"wp-image-5241\" style=\"width:200px\" srcset=\"https:\/\/www.dinardemeraudetourisme.com\/app\/uploads\/2024\/04\/jocelyn-250x250-1.webp 250w, https:\/\/www.dinardemeraudetourisme.com\/app\/uploads\/2024\/04\/jocelyn-250x250-1-150x150.webp 150w, https:\/\/www.dinardemeraudetourisme.com\/app\/uploads\/2024\/04\/jocelyn-250x250-1-20x20.webp 20w, https:\/\/www.dinardemeraudetourisme.com\/app\/uploads\/2024\/04\/jocelyn-250x250-1-30x30.webp 30w, https:\/\/www.dinardemeraudetourisme.com\/app\/uploads\/2024\/04\/jocelyn-250x250-1-50x50.webp 50w, https:\/\/www.dinardemeraudetourisme.com\/app\/uploads\/2024\/04\/jocelyn-250x250-1-60x60.webp 60w, https:\/\/www.dinardemeraudetourisme.com\/app\/uploads\/2024\/04\/jocelyn-250x250-1-80x80.webp 80w, https:\/\/www.dinardemeraudetourisme.com\/app\/uploads\/2024\/04\/jocelyn-250x250-1-110x110.webp 110w, https:\/\/www.dinardemeraudetourisme.com\/app\/uploads\/2024\/04\/jocelyn-250x250-1-160x160.webp 160w, https:\/\/www.dinardemeraudetourisme.com\/app\/uploads\/2024\/04\/jocelyn-250x250-1-40x40.webp 40w\" sizes=\"auto, (max-width: 250px) 100vw, 250px\" \/><\/figure>\n\n\n\n<p class=\"has-text-align-center\">Jocelyn <strong>LE BRICE<\/strong><\/p>\n<\/div>\n\n\n\n<div class=\"wp-block-column is-layout-flow wp-block-column-is-layout-flow\">\n<figure class=\"wp-block-image aligncenter size-full is-resized\"><img loading=\"lazy\" decoding=\"async\" width=\"250\" height=\"250\" src=\"https:\/\/www.dinardemeraudetourisme.com\/app\/uploads\/2024\/04\/audrey-250x250-1.webp\" alt=\"Audrey 250x250\" class=\"wp-image-5238\" style=\"width:200px\" srcset=\"https:\/\/www.dinardemeraudetourisme.com\/app\/uploads\/2024\/04\/audrey-250x250-1.webp 250w, https:\/\/www.dinardemeraudetourisme.com\/app\/uploads\/2024\/04\/audrey-250x250-1-150x150.webp 150w, https:\/\/www.dinardemeraudetourisme.com\/app\/uploads\/2024\/04\/audrey-250x250-1-20x20.webp 20w, https:\/\/www.dinardemeraudetourisme.com\/app\/uploads\/2024\/04\/audrey-250x250-1-30x30.webp 30w, https:\/\/www.dinardemeraudetourisme.com\/app\/uploads\/2024\/04\/audrey-250x250-1-50x50.webp 50w, https:\/\/www.dinardemeraudetourisme.com\/app\/uploads\/2024\/04\/audrey-250x250-1-60x60.webp 60w, https:\/\/www.dinardemeraudetourisme.com\/app\/uploads\/2024\/04\/audrey-250x250-1-80x80.webp 80w, https:\/\/www.dinardemeraudetourisme.com\/app\/uploads\/2024\/04\/audrey-250x250-1-110x110.webp 110w, https:\/\/www.dinardemeraudetourisme.com\/app\/uploads\/2024\/04\/audrey-250x250-1-160x160.webp 160w, https:\/\/www.dinardemeraudetourisme.com\/app\/uploads\/2024\/04\/audrey-250x250-1-40x40.webp 40w\" sizes=\"auto, (max-width: 250px) 100vw, 250px\" \/><\/figure>\n\n\n\n<p class=\"has-text-align-center\">Audrey <strong>HASLE<\/strong><\/p>\n<\/div>\n<\/div>\n\n\n<section class=\"acf contact align wp-block-acf-contact\" id=\"block_1067a73b620b43d5494a5268fa784d15\">\n\t<div class=\"container container_medium\">\n\t\t<aside>\n\t\t\t\t\n\t\t<\/aside>\n\n\t\t<div class=\"formulaire-wrapper\">\n\t\t\t\t\t\t\t<form action=\"\" method=\"post\" id=\"frm-contact_form_global\" data-action=\"form_contact_global\" data-recaptcha=\"6Ld009wZAAAAAIdyPPH6p5p1Yi4vxCjfYZW6lKdI\">\n\t\t\t\t\t<td><input type=\"hidden\" name=\"page_from\" value=\"https:\/\/www.dinardemeraudetourisme.com\/en\/wp-json\/wp\/v2\/pages\/10748\"><\/td>\n\t\t\t\t\t\t\t\t\t\t<div class=\"formulaire\">\n\t\t\t\t\t\t\t\t\t\t\t\t<div class=\"intro\">\n\t\t\t\t\t\t\t<strong class=\"heading-six\">Send us your request:<\/strong>\n\t\t\t\t\t\t<\/div>\n\n\t\t\t\t\t\t<fieldset class=\"fieldset-coordonnees\">\n\t\t\t\t\t\t\t<legend class=\"fieldset-legend\">Vos coordonn\u00e9es<\/legend>\n\t\t\t\t\t\t\t<div class=\"surname-name two-colonnes\">\n\t\t\t\t\t\t\t\t<div class=\"surname form-input\">\n\t\t\t\t\t\t\t\t\t<td><input type=\"text\" name=\"lastname\" autocomplete=\"family-name\" placeholder=\"Last name*\" aria-label=\"Last name*\" id=\"frm-contact_form_global-lastname\" required data-nette-rules='[{\"op\":\":filled\",\"msg\":\"Please enter your last name\"}]' class=\"text\"><\/td>\n\t\t\t\t\t\t\t\t<\/div>\n\t\t\t\t\t\t\t\t<div class=\"name form-input\">\n\t\t\t\t\t\t\t\t\t<td><input type=\"text\" name=\"firstname\" autocomplete=\"given-name\" placeholder=\"First name*\" aria-label=\"First name*\" id=\"frm-contact_form_global-firstname\" required data-nette-rules='[{\"op\":\":filled\",\"msg\":\"Please enter your first name\"}]' class=\"text\"><\/td>\n\t\t\t\t\t\t\t\t<\/div>\n\t\t\t\t\t\t\t<\/div>\n\n\t\t\t\t\t\t\t<div class=\"email-phone two-colonnes\">\n\t\t\t\t\t\t\t\t<div class=\"email form-input\">\n\t\t\t\t\t\t\t\t\t<td><input type=\"email\" name=\"email\" autocomplete=\"email\" placeholder=\"Email address*\" aria-label=\"Email address*\" id=\"frm-contact_form_global-email\" required data-nette-rules='[{\"op\":\":filled\",\"msg\":\"Please provide your email address\"},{\"op\":\":email\",\"msg\":\"Please enter a valid email address.\"}]' class=\"text\"><\/td>\n\t\t\t\t\t\t\t\t<\/div>\n\t\t\t\t\t\t\t\t<div class=\"phone form-input\">\n\t\t\t\t\t\t\t\t\t<td><input type=\"tel\" name=\"phone\" pattern=\"[0-9]{10}\" autocomplete=\"tel\" placeholder=\"Phone number*\" aria-label=\"Phone number*\" id=\"frm-contact_form_global-phone\" required data-nette-rules='[{\"op\":\":filled\",\"msg\":\"Please enter your phone number\"},{\"op\":\":pattern\",\"msg\":\"invalid value\",\"arg\":\"[0-9]{10}\"}]'><\/td>\n\t\t\t\t\t\t\t\t<\/div>\n\t\t\t\t\t\t\t<\/div>\n\n\t\t\t\t\t\t\t<div class=\"adress-postal-city two-colonnes\">\n\t\t\t\t\t\t\t\t<div class=\"address form-input\">\n\t\t\t\t\t\t\t\t\t<td><input type=\"text\" name=\"address\" autocomplete=\"street-address\" placeholder=\"Address\" aria-label=\"Address\" id=\"frm-contact_form_global-address\" class=\"text\"><\/td>\n\t\t\t\t\t\t\t\t<\/div>\n\t\t\t\t\t\t\t\t<div class=\"postal-city two-colonnes\">\n\t\t\t\t\t\t\t\t\t<div class=\"postal-code form-input\">\n\t\t\t\t\t\t\t\t\t\t<td><input type=\"text\" name=\"postal_code\" autocomplete=\"postal-code\" placeholder=\"Postal code\" aria-label=\"Postal code\" id=\"frm-contact_form_global-postal_code\" class=\"text\"><\/td>\n\t\t\t\t\t\t\t\t\t<\/div>\n\t\t\t\t\t\t\t\t\t<div class=\"city form-input\">\n\t\t\t\t\t\t\t\t\t\t<td><input type=\"text\" name=\"city\" autocomplete=\"address-level2\" placeholder=\"Town\/City\" aria-label=\"Town\/City\" id=\"frm-contact_form_global-city\" class=\"text\"><\/td>\n\t\t\t\t\t\t\t\t\t<\/div>\n\t\t\t\t\t\t\t\t<\/div>\n\t\t\t\t\t\t\t<\/div>\n\t\t\t\t\t\t<\/fieldset>\n\n\t\t\t\t\t\t<fieldset class=\"fieldset-objet\">\n\t\t\t\t\t\t\t<legend class=\"fieldset-legend\">Subject of your request<\/legend>\n\t\t\t\t\t\t\t<div class=\"subject form-input\">\n\t\t\t\t\t\t\t\t<td><select name=\"subject\" placeholder=\"Your subject\" aria-label=\"Subject*\" id=\"frm-contact_form_global-subject\"><option value=\"\">Subject of your request<\/option><option value=\"Demande de renseignements \u00e0 l'office de tourisme de Dinard\">Request for information from the Dinard Tourist Office<\/option><option value=\"Demande de renseignements \u00e0 l'office de tourisme de Saint-Lunaire\">Request for information from the Saint-Lunaire Tourist Office<\/option><option value=\"Demande de renseignements \u00e0 l'office de tourisme de Lancieux\">Request for information from the Lancieux Tourist Office<\/option><option value=\"Demande de renseignements \u00e0 l'office de tourisme de Saint-Briac-Sur-Mer\">Request for information from the Saint-Briac-Sur-Mer Tourist Office<\/option><option value=\"Autre\">Other<\/option><\/select><\/td>\n\t\t\t\t\t\t\t<\/div>\n\t\t\t\t\t\t<\/fieldset>\n\n\t\t\t\t\t\t<fieldset class=\"fieldset-message\">\n\t\t\t\t\t\t\t<legend class=\"fieldset-legend\">Your message<\/legend>\n\t\t\t\t\t\t\t<div class=\"message form-input\">\n\t\t\t\t\t\t\t\t<td><textarea name=\"message\" placeholder=\"Your message\" aria-label=\"Your message*\" id=\"frm-contact_form_global-message\"><\/textarea><\/td>\n\t\t\t\t\t\t\t<\/div>\n\t\t\t\t\t\t<\/fieldset>\n\n\t\t\t\t\t\t<div class=\"rgpd\">\n\t\t\t\t\t\t\t<td><label for=\"rgpd-consent\"><input type=\"checkbox\" name=\"rgpd\" id=\"rgpd-consent\" required data-nette-rules='[{\"op\":\":filled\",\"msg\":\"Please check this box\"}]'>I agree that my personal data may be used by Dinard C\u00f4te d&#8217;\u00c9meraude Tourisme as part of my request.<\/label><\/td>\n\t\t\t\t\t\t\t<th><\/th>\n\t\t\t\t\t\t<\/div>\n\n\t\t\t\t\t\t<div class=\"send\">\n\t\t\t\t\t\t\t<td><button type=\"submit\" name=\"send\" class=\"btn button-primary button-primary-small button-primary-3  g-recaptcha\" data-sitekey=\"6Ld009wZAAAAAIdyPPH6p5p1Yi4vxCjfYZW6lKdI\" data-callback=\"onSubmit\" data-action=\"contact_page\">Send my request<\/button><\/td>\n\t\t\t\t\t\t\t<div class=\"return\"><\/div>\n\t\t\t\t\t\t<\/div>\n\t\t\t\t\t<\/div>\n\t\t\t\t<input type=\"hidden\" name=\"_form_\" value=\"contact_form_global\">\n<\/form>\n\n\t\t\t\n\t\t<\/div>\n\n\t<\/div>\n<\/section>\n\n<script>\n\tfunction onSubmit(token) {\n\t\tdocument.getElementById(\"frm-contact_form_global\").submit()\n\t}\n<\/script>\n\n\n<p>S\u00e9minaire de luxe Bretagne.<\/p>\n","protected":false},"excerpt":{"rendered":"<p>Choisissez une destination de prestige en Bretagne pour votre prochain s\u00e9minaire ou voyage en groupe. Situ\u00e9e au c\u0153ur de la C\u00f4te d\u2019\u00c9meraude, \u00e0 seulement 2h30 de Paris et 1h de Rennes, notre r\u00e9gion offre le cadre id\u00e9al pour combiner travail et d\u00e9tente.<\/p>\n","protected":false},"author":1,"featured_media":8004,"parent":0,"menu_order":0,"comment_status":"closed","ping_status":"closed","template":"","meta":{"_acf_changed":false,"footnotes":""},"class_list":["post-10748","page","type-page","status-publish","has-post-thumbnail","hentry"],"acf":[],"yoast_head":"<!-- This site is optimized with the Yoast SEO plugin v27.1.1 - https:\/\/yoast.com\/product\/yoast-seo-wordpress\/ -->\n<title>S\u00e9minaire de luxe Bretagne - Dinard \u00c9meraude Tourisme<\/title>\n<meta name=\"description\" content=\"S\u00e9minaire de luxe Bretagne. Choisissez une destination de prestige pour votre prochain s\u00e9minaire ou voyage en groupe.\" \/>\n<meta name=\"robots\" content=\"index, follow, max-snippet:-1, max-image-preview:large, max-video-preview:-1\" \/>\n<link rel=\"canonical\" href=\"https:\/\/www.dinardemeraudetourisme.com\/en\/groupes-et-seminaires\/\" \/>\n<meta property=\"og:locale\" content=\"en_US\" \/>\n<meta property=\"og:type\" content=\"article\" \/>\n<meta property=\"og:title\" content=\"S\u00e9minaire de luxe Bretagne - Dinard \u00c9meraude Tourisme\" \/>\n<meta property=\"og:description\" content=\"S\u00e9minaire de luxe Bretagne. Choisissez une destination de prestige pour votre prochain s\u00e9minaire ou voyage en groupe.\" \/>\n<meta property=\"og:url\" content=\"https:\/\/www.dinardemeraudetourisme.com\/en\/groupes-et-seminaires\/\" \/>\n<meta property=\"og:site_name\" content=\"Dinard \u00c9meraude Tourisme\" \/>\n<meta property=\"article:modified_time\" content=\"2024-10-25T13:19:52+00:00\" \/>\n<meta property=\"og:image\" content=\"https:\/\/www.dinardemeraudetourisme.com\/app\/uploads\/2024\/05\/lami-restaurant-la-richardais.jpg\" \/>\n\t<meta property=\"og:image:width\" content=\"1050\" \/>\n\t<meta property=\"og:image:height\" content=\"747\" \/>\n\t<meta property=\"og:image:type\" content=\"image\/jpeg\" \/>\n<meta name=\"twitter:card\" content=\"summary_large_image\" \/>\n<meta name=\"twitter:label1\" content=\"Est. reading time\" \/>\n\t<meta name=\"twitter:data1\" content=\"3 minutes\" \/>\n<script type=\"application\/ld+json\" class=\"yoast-schema-graph\">{\"@context\":\"https:\/\/schema.org\",\"@graph\":[{\"@type\":\"WebPage\",\"@id\":\"https:\/\/www.dinardemeraudetourisme.com\/en\/groupes-et-seminaires\/\",\"url\":\"https:\/\/www.dinardemeraudetourisme.com\/en\/groupes-et-seminaires\/\",\"name\":\"S\u00e9minaire de luxe Bretagne - Dinard \u00c9meraude Tourisme\",\"isPartOf\":{\"@id\":\"https:\/\/www.dinardemeraudetourisme.com\/en\/#website\"},\"primaryImageOfPage\":{\"@id\":\"https:\/\/www.dinardemeraudetourisme.com\/en\/groupes-et-seminaires\/#primaryimage\"},\"image\":{\"@id\":\"https:\/\/www.dinardemeraudetourisme.com\/en\/groupes-et-seminaires\/#primaryimage\"},\"thumbnailUrl\":\"https:\/\/www.dinardemeraudetourisme.com\/app\/uploads\/2024\/05\/lami-restaurant-la-richardais.jpg\",\"datePublished\":\"2024-04-26T08:10:43+00:00\",\"dateModified\":\"2024-10-25T13:19:52+00:00\",\"description\":\"S\u00e9minaire de luxe Bretagne. Choisissez une destination de prestige pour votre prochain s\u00e9minaire ou voyage en groupe.\",\"breadcrumb\":{\"@id\":\"https:\/\/www.dinardemeraudetourisme.com\/en\/groupes-et-seminaires\/#breadcrumb\"},\"inLanguage\":\"en-US\",\"potentialAction\":[{\"@type\":\"ReadAction\",\"target\":[\"https:\/\/www.dinardemeraudetourisme.com\/en\/groupes-et-seminaires\/\"]}]},{\"@type\":\"ImageObject\",\"inLanguage\":\"en-US\",\"@id\":\"https:\/\/www.dinardemeraudetourisme.com\/en\/groupes-et-seminaires\/#primaryimage\",\"url\":\"https:\/\/www.dinardemeraudetourisme.com\/app\/uploads\/2024\/05\/lami-restaurant-la-richardais.jpg\",\"contentUrl\":\"https:\/\/www.dinardemeraudetourisme.com\/app\/uploads\/2024\/05\/lami-restaurant-la-richardais.jpg\",\"width\":1050,\"height\":747,\"caption\":\"Restaurant L'Ami situ\u00e9 \u00e0 La Richardais, \u00e0 la sortie de Dinard.\"},{\"@type\":\"BreadcrumbList\",\"@id\":\"https:\/\/www.dinardemeraudetourisme.com\/en\/groupes-et-seminaires\/#breadcrumb\",\"itemListElement\":[{\"@type\":\"ListItem\",\"position\":1,\"name\":\"Accueil\",\"item\":\"https:\/\/www.dinardemeraudetourisme.com\/en\/\"},{\"@type\":\"ListItem\",\"position\":2,\"name\":\"Choose a prestigious destination in Brittany\"}]},{\"@type\":\"WebSite\",\"@id\":\"https:\/\/www.dinardemeraudetourisme.com\/en\/#website\",\"url\":\"https:\/\/www.dinardemeraudetourisme.com\/en\/\",\"name\":\"Dinard \u00c9meraude Tourisme\",\"description\":\"\",\"potentialAction\":[{\"@type\":\"SearchAction\",\"target\":{\"@type\":\"EntryPoint\",\"urlTemplate\":\"https:\/\/www.dinardemeraudetourisme.com\/en\/?s={search_term_string}\"},\"query-input\":{\"@type\":\"PropertyValueSpecification\",\"valueRequired\":true,\"valueName\":\"search_term_string\"}}],\"inLanguage\":\"en-US\"}]}<\/script>\n<!-- \/ Yoast SEO plugin. -->","yoast_head_json":{"title":"S\u00e9minaire de luxe Bretagne - Dinard \u00c9meraude Tourisme","description":"S\u00e9minaire de luxe Bretagne. Choisissez une destination de prestige pour votre prochain s\u00e9minaire ou voyage en groupe.","robots":{"index":"index","follow":"follow","max-snippet":"max-snippet:-1","max-image-preview":"max-image-preview:large","max-video-preview":"max-video-preview:-1"},"canonical":"https:\/\/www.dinardemeraudetourisme.com\/en\/groupes-et-seminaires\/","og_locale":"en_US","og_type":"article","og_title":"S\u00e9minaire de luxe Bretagne - Dinard \u00c9meraude Tourisme","og_description":"S\u00e9minaire de luxe Bretagne. Choisissez une destination de prestige pour votre prochain s\u00e9minaire ou voyage en groupe.","og_url":"https:\/\/www.dinardemeraudetourisme.com\/en\/groupes-et-seminaires\/","og_site_name":"Dinard \u00c9meraude Tourisme","article_modified_time":"2024-10-25T13:19:52+00:00","og_image":[{"width":1050,"height":747,"url":"https:\/\/www.dinardemeraudetourisme.com\/app\/uploads\/2024\/05\/lami-restaurant-la-richardais.jpg","type":"image\/jpeg"}],"twitter_card":"summary_large_image","twitter_misc":{"Est. reading time":"3 minutes"},"schema":{"@context":"https:\/\/schema.org","@graph":[{"@type":"WebPage","@id":"https:\/\/www.dinardemeraudetourisme.com\/en\/groupes-et-seminaires\/","url":"https:\/\/www.dinardemeraudetourisme.com\/en\/groupes-et-seminaires\/","name":"S\u00e9minaire de luxe Bretagne - Dinard \u00c9meraude Tourisme","isPartOf":{"@id":"https:\/\/www.dinardemeraudetourisme.com\/en\/#website"},"primaryImageOfPage":{"@id":"https:\/\/www.dinardemeraudetourisme.com\/en\/groupes-et-seminaires\/#primaryimage"},"image":{"@id":"https:\/\/www.dinardemeraudetourisme.com\/en\/groupes-et-seminaires\/#primaryimage"},"thumbnailUrl":"https:\/\/www.dinardemeraudetourisme.com\/app\/uploads\/2024\/05\/lami-restaurant-la-richardais.jpg","datePublished":"2024-04-26T08:10:43+00:00","dateModified":"2024-10-25T13:19:52+00:00","description":"S\u00e9minaire de luxe Bretagne. Choisissez une destination de prestige pour votre prochain s\u00e9minaire ou voyage en groupe.","breadcrumb":{"@id":"https:\/\/www.dinardemeraudetourisme.com\/en\/groupes-et-seminaires\/#breadcrumb"},"inLanguage":"en-US","potentialAction":[{"@type":"ReadAction","target":["https:\/\/www.dinardemeraudetourisme.com\/en\/groupes-et-seminaires\/"]}]},{"@type":"ImageObject","inLanguage":"en-US","@id":"https:\/\/www.dinardemeraudetourisme.com\/en\/groupes-et-seminaires\/#primaryimage","url":"https:\/\/www.dinardemeraudetourisme.com\/app\/uploads\/2024\/05\/lami-restaurant-la-richardais.jpg","contentUrl":"https:\/\/www.dinardemeraudetourisme.com\/app\/uploads\/2024\/05\/lami-restaurant-la-richardais.jpg","width":1050,"height":747,"caption":"Restaurant L'Ami situ\u00e9 \u00e0 La Richardais, \u00e0 la sortie de Dinard."},{"@type":"BreadcrumbList","@id":"https:\/\/www.dinardemeraudetourisme.com\/en\/groupes-et-seminaires\/#breadcrumb","itemListElement":[{"@type":"ListItem","position":1,"name":"Accueil","item":"https:\/\/www.dinardemeraudetourisme.com\/en\/"},{"@type":"ListItem","position":2,"name":"Choose a prestigious destination in Brittany"}]},{"@type":"WebSite","@id":"https:\/\/www.dinardemeraudetourisme.com\/en\/#website","url":"https:\/\/www.dinardemeraudetourisme.com\/en\/","name":"Dinard \u00c9meraude Tourisme","description":"","potentialAction":[{"@type":"SearchAction","target":{"@type":"EntryPoint","urlTemplate":"https:\/\/www.dinardemeraudetourisme.com\/en\/?s={search_term_string}"},"query-input":{"@type":"PropertyValueSpecification","valueRequired":true,"valueName":"search_term_string"}}],"inLanguage":"en-US"}]}},"_links":{"self":[{"href":"https:\/\/www.dinardemeraudetourisme.com\/en\/wp-json\/wp\/v2\/pages\/10748","targetHints":{"allow":["GET"]}}],"collection":[{"href":"https:\/\/www.dinardemeraudetourisme.com\/en\/wp-json\/wp\/v2\/pages"}],"about":[{"href":"https:\/\/www.dinardemeraudetourisme.com\/en\/wp-json\/wp\/v2\/types\/page"}],"author":[{"embeddable":true,"href":"https:\/\/www.dinardemeraudetourisme.com\/en\/wp-json\/wp\/v2\/users\/1"}],"replies":[{"embeddable":true,"href":"https:\/\/www.dinardemeraudetourisme.com\/en\/wp-json\/wp\/v2\/comments?post=10748"}],"version-history":[{"count":2,"href":"https:\/\/www.dinardemeraudetourisme.com\/en\/wp-json\/wp\/v2\/pages\/10748\/revisions"}],"predecessor-version":[{"id":10756,"href":"https:\/\/www.dinardemeraudetourisme.com\/en\/wp-json\/wp\/v2\/pages\/10748\/revisions\/10756"}],"wp:featuredmedia":[{"embeddable":true,"href":"https:\/\/www.dinardemeraudetourisme.com\/en\/wp-json\/wp\/v2\/media\/8004"}],"wp:attachment":[{"href":"https:\/\/www.dinardemeraudetourisme.com\/en\/wp-json\/wp\/v2\/media?parent=10748"}],"curies":[{"name":"wp","href":"https:\/\/api.w.org\/{rel}","templated":true}]}}