{"id":10466,"date":"2024-04-18T13:45:17","date_gmt":"2024-04-18T11:45:17","guid":{"rendered":"https:\/\/www.dinardemeraudetourisme.com\/to-see-and-do\/shopping-services\/"},"modified":"2026-03-04T16:25:06","modified_gmt":"2026-03-04T15:25:06","slug":"shopping","status":"publish","type":"page","link":"https:\/\/www.dinardemeraudetourisme.com\/en\/to-see-and-do\/shopping\/","title":{"rendered":"Shopping and Services"},"content":{"rendered":"\n<p><strong>Shopping and Services on the Emerald Coast<\/strong>.<\/p>\n\n\n\n<p>Explore the hidden treasures of the <strong><a href=\"https:\/\/www.dinardemeraudetourisme.com\/en\/\">Emerald Coast<\/a><\/strong> through its independent shops, quality services and talented artisans.<\/p>\n\n\n\n<p>Discover a multitude of shops offering unique local products, gourmet grocery stores and high-end clothing boutiques.<\/p>\n\n\n\n<p>Meet passionate artisans showcasing the region&#8217;s traditional craftsmanship.<\/p>\n\n\n\n<p>Immerse yourself in the warm and welcoming atmosphere of our Emerald Coast shops, as every find invites you to discover the wealth and diversity of our region.<\/p>\n\n\n<section class=\"acf cards-grid align wp-block-acf-cards-grid\" id=\"block_9816b06ee4ca9c189076c6f720c3c38d\">\n\t<div class=\"container\">\n\t\t\t\t\t\t\t\t\t\t\t<div class=\"cards four-col\">\n\t\t\t\t\t\t\t\t\t\t\t\t<div class=\"card swiper-slide hover-active\">\n\t\t\t\t\t\t\t\t\t\t\t\t\t<div class=\"background-image\">\n\t\t\t\t\t\t\t\t<picture>\n\t\t\t\t\t\t\t\t\t<source type=\"image\/webp\" srcset=\"https:\/\/www.dinardemeraudetourisme.com\/app\/uploads\/2024\/04\/marches-de-la-cote-demeraude-.lamoureux-5-scaled-867x1300-1-683x1024.webp, https:\/\/www.dinardemeraudetourisme.com\/app\/uploads\/2024\/04\/marches-de-la-cote-demeraude-.lamoureux-5-scaled-867x1300-1-683x1024@2x.webp 2x\" media=\"(max-width: 425px)\">\n\t\t\t\t\t\t\t\t\t<source type=\"image\/jpeg\" srcset=\"https:\/\/www.dinardemeraudetourisme.com\/app\/uploads\/2024\/04\/marches-de-la-cote-demeraude-.lamoureux-5-scaled-867x1300-1-683x1024.jpg, https:\/\/www.dinardemeraudetourisme.com\/app\/uploads\/2024\/04\/marches-de-la-cote-demeraude-.lamoureux-5-scaled-867x1300-1-683x1024@2x.jpg 2x\" media=\"(max-width: 425px)\">\n\t\t\t\t\t\t\t\t\t<source type=\"image\/webp\" srcset=\"https:\/\/www.dinardemeraudetourisme.com\/app\/uploads\/2024\/04\/marches-de-la-cote-demeraude-.lamoureux-5-scaled-867x1300-1-683x1024.webp, https:\/\/www.dinardemeraudetourisme.com\/app\/uploads\/2024\/04\/marches-de-la-cote-demeraude-.lamoureux-5-scaled-867x1300-1-683x1024@2x.webp 2x\">\n\t\t\t\t\t\t\t\t\t<source type=\"image\/jpeg\" srcset=\"https:\/\/www.dinardemeraudetourisme.com\/app\/uploads\/2024\/04\/marches-de-la-cote-demeraude-.lamoureux-5-scaled-867x1300-1-683x1024.jpg, https:\/\/www.dinardemeraudetourisme.com\/app\/uploads\/2024\/04\/marches-de-la-cote-demeraude-.lamoureux-5-scaled-867x1300-1-683x1024@2x.jpg 2x\" media=\"(min-width: 426px)\">\n\t\t\t\t\t\t\t\t\t<img fetchpriority=\"high\" decoding=\"async\" loading=\"eager\" src=\"https:\/\/www.dinardemeraudetourisme.com\/app\/uploads\/2024\/04\/marches-de-la-cote-demeraude-.lamoureux-5-scaled-867x1300-1-683x1024.jpg\" alt=\"Fruits de mer en vente sur les March\u00e9s De La Cote Demeraude.\" width=\"360\" height=\"600\"\/>\n\t\t\t\t\t\t\t\t<\/picture>\n\t\t\t\t\t\t\t<\/div>\n\t\t\t\t\t\t\t\t\t\t\t\t<div class=\"content\">\n\t\t\t\t\t\t\t<div class=\"inner\">\n\t\t\t\t\t\t\t\t\t\t\t\t\t\t\t\t\t\t\t\t\t\t\t\t\t<h5 class=\"titre\">Flavors<\/h5>\n\t\t\t\t\t\t\t\t\t\t\t\t\t\t\t\t\t\t\t\t\t\t\t\t\t\t\t\t\t\t\t\t\t<span class=\"btn-arrow\">Discover<\/span>\n\t\t\t\t\t\t\t\t\t\t\t\t\t\t\t<\/div>\n\t\t\t\t\t\t<\/div>\n\t\t\t\t\t\t\t\t\t\t\t\t\t<a href=\"https:\/\/www.dinardemeraudetourisme.com\/en\/to-see-and-do\/shopping\/flavors\/\" target=\"\" class=\"lien\">DiscoverFlavors<\/a>\n\t\t\t\t\t\t\t\t\t\t\t<\/div>\n\t\t\t\t\t\t\t\t\t<div class=\"card swiper-slide hover-active\">\n\t\t\t\t\t\t\t\t\t\t\t\t\t<div class=\"background-image\">\n\t\t\t\t\t\t\t\t<picture>\n\t\t\t\t\t\t\t\t\t<source type=\"image\/webp\" srcset=\"https:\/\/www.dinardemeraudetourisme.com\/app\/uploads\/2024\/04\/centre-ville-de-saint-lunaire-renaud-photographie-683x1024.webp, https:\/\/www.dinardemeraudetourisme.com\/app\/uploads\/2024\/04\/centre-ville-de-saint-lunaire-renaud-photographie-683x1024@2x.webp 2x\" media=\"(max-width: 425px)\">\n\t\t\t\t\t\t\t\t\t<source type=\"image\/jpeg\" srcset=\"https:\/\/www.dinardemeraudetourisme.com\/app\/uploads\/2024\/04\/centre-ville-de-saint-lunaire-renaud-photographie-683x1024.jpg, https:\/\/www.dinardemeraudetourisme.com\/app\/uploads\/2024\/04\/centre-ville-de-saint-lunaire-renaud-photographie-683x1024@2x.jpg 2x\" media=\"(max-width: 425px)\">\n\t\t\t\t\t\t\t\t\t<source type=\"image\/webp\" srcset=\"https:\/\/www.dinardemeraudetourisme.com\/app\/uploads\/2024\/04\/centre-ville-de-saint-lunaire-renaud-photographie-683x1024.webp, https:\/\/www.dinardemeraudetourisme.com\/app\/uploads\/2024\/04\/centre-ville-de-saint-lunaire-renaud-photographie-683x1024@2x.webp 2x\">\n\t\t\t\t\t\t\t\t\t<source type=\"image\/jpeg\" srcset=\"https:\/\/www.dinardemeraudetourisme.com\/app\/uploads\/2024\/04\/centre-ville-de-saint-lunaire-renaud-photographie-683x1024.jpg, https:\/\/www.dinardemeraudetourisme.com\/app\/uploads\/2024\/04\/centre-ville-de-saint-lunaire-renaud-photographie-683x1024@2x.jpg 2x\" media=\"(min-width: 426px)\">\n\t\t\t\t\t\t\t\t\t<img decoding=\"async\" loading=\"eager\" src=\"https:\/\/www.dinardemeraudetourisme.com\/app\/uploads\/2024\/04\/centre-ville-de-saint-lunaire-renaud-photographie-683x1024.jpg\" alt=\"Un couple se prom\u00e8ne dans le Centre Ville De Saint Lunaire. Un lieu de rencontre au coeur de la station baln\u00e9aire avec des boutiques ind\u00e9pendantes et des commerces de proximit\u00e9.\" width=\"360\" height=\"600\"\/>\n\t\t\t\t\t\t\t\t<\/picture>\n\t\t\t\t\t\t\t<\/div>\n\t\t\t\t\t\t\t\t\t\t\t\t<div class=\"content\">\n\t\t\t\t\t\t\t<div class=\"inner\">\n\t\t\t\t\t\t\t\t\t\t\t\t\t\t\t\t\t\t\t\t\t\t\t\t\t<h5 class=\"titre\">Shops<\/h5>\n\t\t\t\t\t\t\t\t\t\t\t\t\t\t\t\t\t\t\t\t\t\t\t\t\t\t\t\t\t\t\t\t\t<span class=\"btn-arrow\">Discover<\/span>\n\t\t\t\t\t\t\t\t\t\t\t\t\t\t\t<\/div>\n\t\t\t\t\t\t<\/div>\n\t\t\t\t\t\t\t\t\t\t\t\t\t<a href=\"https:\/\/www.dinardemeraudetourisme.com\/en\/to-see-and-do\/shopping\/shops\/\" target=\"\" class=\"lien\">DiscoverShops<\/a>\n\t\t\t\t\t\t\t\t\t\t\t<\/div>\n\t\t\t\t\t\t\t\t\t<div class=\"card swiper-slide hover-active\">\n\t\t\t\t\t\t\t\t\t\t\t\t\t<div class=\"background-image\">\n\t\t\t\t\t\t\t\t<picture>\n\t\t\t\t\t\t\t\t\t<source type=\"image\/webp\" srcset=\"https:\/\/www.dinardemeraudetourisme.com\/app\/uploads\/2024\/05\/rossini-maison-de-vente-aux-encheres.webp, https:\/\/www.dinardemeraudetourisme.com\/app\/uploads\/2024\/05\/rossini-maison-de-vente-aux-encheres@2x.webp 2x\" media=\"(max-width: 425px)\">\n\t\t\t\t\t\t\t\t\t<source type=\"image\/jpeg\" srcset=\"https:\/\/www.dinardemeraudetourisme.com\/app\/uploads\/2024\/05\/rossini-maison-de-vente-aux-encheres.jpg, https:\/\/www.dinardemeraudetourisme.com\/app\/uploads\/2024\/05\/rossini-maison-de-vente-aux-encheres@2x.jpg 2x\" media=\"(max-width: 425px)\">\n\t\t\t\t\t\t\t\t\t<source type=\"image\/webp\" srcset=\"https:\/\/www.dinardemeraudetourisme.com\/app\/uploads\/2024\/05\/rossini-maison-de-vente-aux-encheres.webp, https:\/\/www.dinardemeraudetourisme.com\/app\/uploads\/2024\/05\/rossini-maison-de-vente-aux-encheres@2x.webp 2x\">\n\t\t\t\t\t\t\t\t\t<source type=\"image\/jpeg\" srcset=\"https:\/\/www.dinardemeraudetourisme.com\/app\/uploads\/2024\/05\/rossini-maison-de-vente-aux-encheres.jpg, https:\/\/www.dinardemeraudetourisme.com\/app\/uploads\/2024\/05\/rossini-maison-de-vente-aux-encheres@2x.jpg 2x\" media=\"(min-width: 426px)\">\n\t\t\t\t\t\t\t\t\t<img decoding=\"async\" loading=\"eager\" src=\"https:\/\/www.dinardemeraudetourisme.com\/app\/uploads\/2024\/05\/rossini-maison-de-vente-aux-encheres.jpg\" alt=\"Rossini Maison De Vente Aux Ench\u00e8res \u00e0 Dinard. Un homme examine un bijou dans le but de l'estimer.\" width=\"360\" height=\"600\"\/>\n\t\t\t\t\t\t\t\t<\/picture>\n\t\t\t\t\t\t\t<\/div>\n\t\t\t\t\t\t\t\t\t\t\t\t<div class=\"content\">\n\t\t\t\t\t\t\t<div class=\"inner\">\n\t\t\t\t\t\t\t\t\t\t\t\t\t\t\t\t\t\t\t\t\t\t\t\t\t<h5 class=\"titre\">Services<\/h5>\n\t\t\t\t\t\t\t\t\t\t\t\t\t\t\t\t\t\t\t\t\t\t\t\t\t\t\t\t\t\t\t\t\t<span class=\"btn-arrow\">Discover<\/span>\n\t\t\t\t\t\t\t\t\t\t\t\t\t\t\t<\/div>\n\t\t\t\t\t\t<\/div>\n\t\t\t\t\t\t\t\t\t\t\t\t\t<a href=\"https:\/\/www.dinardemeraudetourisme.com\/en\/to-see-and-do\/shopping\/services\/\" target=\"\" class=\"lien\">DiscoverServices<\/a>\n\t\t\t\t\t\t\t\t\t\t\t<\/div>\n\t\t\t\t\t\t\t\t\t<div class=\"card swiper-slide hover-active\">\n\t\t\t\t\t\t\t\t\t\t\t\t\t<div class=\"background-image\">\n\t\t\t\t\t\t\t\t<picture>\n\t\t\t\t\t\t\t\t\t<source type=\"image\/webp\" srcset=\"https:\/\/www.dinardemeraudetourisme.com\/app\/uploads\/2024\/05\/anne-sophie-renault-creations-en-metal-683x1024.webp, https:\/\/www.dinardemeraudetourisme.com\/app\/uploads\/2024\/05\/anne-sophie-renault-creations-en-metal-683x1024@2x.webp 2x\" media=\"(max-width: 425px)\">\n\t\t\t\t\t\t\t\t\t<source type=\"image\/jpeg\" srcset=\"https:\/\/www.dinardemeraudetourisme.com\/app\/uploads\/2024\/05\/anne-sophie-renault-creations-en-metal-683x1024.jpg, https:\/\/www.dinardemeraudetourisme.com\/app\/uploads\/2024\/05\/anne-sophie-renault-creations-en-metal-683x1024@2x.jpg 2x\" media=\"(max-width: 425px)\">\n\t\t\t\t\t\t\t\t\t<source type=\"image\/webp\" srcset=\"https:\/\/www.dinardemeraudetourisme.com\/app\/uploads\/2024\/05\/anne-sophie-renault-creations-en-metal-683x1024.webp, https:\/\/www.dinardemeraudetourisme.com\/app\/uploads\/2024\/05\/anne-sophie-renault-creations-en-metal-683x1024@2x.webp 2x\">\n\t\t\t\t\t\t\t\t\t<source type=\"image\/jpeg\" srcset=\"https:\/\/www.dinardemeraudetourisme.com\/app\/uploads\/2024\/05\/anne-sophie-renault-creations-en-metal-683x1024.jpg, https:\/\/www.dinardemeraudetourisme.com\/app\/uploads\/2024\/05\/anne-sophie-renault-creations-en-metal-683x1024@2x.jpg 2x\" media=\"(min-width: 426px)\">\n\t\t\t\t\t\t\t\t\t<img decoding=\"async\" loading=\"eager\" src=\"https:\/\/www.dinardemeraudetourisme.com\/app\/uploads\/2024\/05\/anne-sophie-renault-creations-en-metal-683x1024.jpg\" alt=\"Anne Sophie Renault cr\u00e9e dans son atelier de Dinard des sculptures et  En M\u00e9tal\" width=\"360\" height=\"600\"\/>\n\t\t\t\t\t\t\t\t<\/picture>\n\t\t\t\t\t\t\t<\/div>\n\t\t\t\t\t\t\t\t\t\t\t\t<div class=\"content\">\n\t\t\t\t\t\t\t<div class=\"inner\">\n\t\t\t\t\t\t\t\t\t\t\t\t\t\t\t\t\t\t\t\t\t\t\t\t\t<h5 class=\"titre\">Craftspeople<\/h5>\n\t\t\t\t\t\t\t\t\t\t\t\t\t\t\t\t\t\t\t\t\t\t\t\t\t\t\t\t\t\t\t\t\t<span class=\"btn-arrow\">Discover<\/span>\n\t\t\t\t\t\t\t\t\t\t\t\t\t\t\t<\/div>\n\t\t\t\t\t\t<\/div>\n\t\t\t\t\t\t\t\t\t\t\t\t\t<a href=\"https:\/\/www.dinardemeraudetourisme.com\/en\/to-see-and-do\/shopping\/craftsmen\/\" target=\"\" class=\"lien\">DiscoverCraftspeople<\/a>\n\t\t\t\t\t\t\t\t\t\t\t<\/div>\n\t\t\t\t\t\t\t<\/div>\n\t\t\t<\/div>\n<\/section>\n\n\n<p>Shopping and services on the <strong><a href=\"https:\/\/www.brittanytourism.com\/destinations\/the-10-destinations\/cap-frehel-saint-malo-mont-saint-michel-bay\/dinard-saint-briac-and-saint-lunaire\/\" type=\"link\" id=\"https:\/\/www.brittanytourism.com\/destinations\/the-10-destinations\/cap-frehel-saint-malo-mont-saint-michel-bay\/dinard-saint-briac-and-saint-lunaire\/\" target=\"_blank\" rel=\"noreferrer noopener\">Emerald Coast<\/a><\/strong> &#8211; The shops on the Emerald Coast offer unique and quality items. You can find clothing, jewelry, and artworks. Additionally, the food shops provide high-quality local products. Bakeries, cheese shops, chocolatiers, and fishmongers delight food lovers.<\/p>\n\n\n\n<p>Moreover, various services make daily life easier for residents and visitors. The concierge service offers personalized assistance. Taxis ensure quick and comfortable transportation. Similarly, bike rentals allow you to explore the region in an eco-friendly way.<\/p>\n\n\n\n<p>Furthermore, local artisans, such as potters and carpenters, preserve traditional crafts. These activities contribute to the authenticity and charm of the Emerald Coast. A visit to this region promises rich and varied discoveries.<\/p>\n","protected":false},"excerpt":{"rendered":"<p>Shopping and Services on the Emerald Coast. Explore the hidden treasures of the Emerald Coast through its independent shops, quality services and talented artisans. Discover a multitude of shops offering unique local products, gourmet grocery stores and high-end clothing boutiques. Meet passionate artisans showcasing the region&#8217;s traditional craftsmanship. Immerse yourself in the warm and welcoming [&hellip;]<\/p>\n","protected":false},"author":1,"featured_media":3726,"parent":10050,"menu_order":11,"comment_status":"closed","ping_status":"closed","template":"template-header-large.php","meta":{"_acf_changed":false,"footnotes":""},"class_list":["post-10466","page","type-page","status-publish","has-post-thumbnail","hentry"],"acf":[],"yoast_head":"<!-- This site is optimized with the Yoast SEO plugin v27.1.1 - https:\/\/yoast.com\/product\/yoast-seo-wordpress\/ -->\n<title>Shopping and Services - Dinard \u00c9meraude Tourisme<\/title>\n<meta name=\"description\" content=\"Shopping and services on the Emerald Coast: all the shops, grocery stores and craftmen you need during your holidays in Brittany.\" \/>\n<meta name=\"robots\" content=\"index, follow, max-snippet:-1, max-image-preview:large, max-video-preview:-1\" \/>\n<link rel=\"canonical\" href=\"https:\/\/www.dinardemeraudetourisme.com\/en\/to-see-and-do\/shopping\/\" \/>\n<meta property=\"og:locale\" content=\"en_US\" \/>\n<meta property=\"og:type\" content=\"article\" \/>\n<meta property=\"og:title\" content=\"Shopping and Services - Dinard \u00c9meraude Tourisme\" \/>\n<meta property=\"og:description\" content=\"Shopping and services on the Emerald Coast: all the shops, grocery stores and craftmen you need during your holidays in Brittany.\" \/>\n<meta property=\"og:url\" content=\"https:\/\/www.dinardemeraudetourisme.com\/en\/to-see-and-do\/shopping\/\" \/>\n<meta property=\"og:site_name\" content=\"Dinard \u00c9meraude Tourisme\" \/>\n<meta property=\"article:modified_time\" content=\"2026-03-04T15:25:06+00:00\" \/>\n<meta property=\"og:image\" content=\"https:\/\/www.dinardemeraudetourisme.com\/app\/uploads\/2024\/04\/chouette-il-pleut-faire-du-shopping-alamoureux-scaled-1.webp\" \/>\n\t<meta property=\"og:image:width\" content=\"2560\" \/>\n\t<meta property=\"og:image:height\" content=\"1707\" \/>\n\t<meta property=\"og:image:type\" content=\"image\/webp\" \/>\n<meta name=\"twitter:card\" content=\"summary_large_image\" \/>\n<meta name=\"twitter:label1\" content=\"Est. reading time\" \/>\n\t<meta name=\"twitter:data1\" content=\"2 minutes\" \/>\n<script type=\"application\/ld+json\" class=\"yoast-schema-graph\">{\"@context\":\"https:\/\/schema.org\",\"@graph\":[{\"@type\":\"WebPage\",\"@id\":\"https:\/\/www.dinardemeraudetourisme.com\/en\/to-see-and-do\/shopping\/\",\"url\":\"https:\/\/www.dinardemeraudetourisme.com\/en\/to-see-and-do\/shopping\/\",\"name\":\"Shopping and Services - Dinard \u00c9meraude Tourisme\",\"isPartOf\":{\"@id\":\"https:\/\/www.dinardemeraudetourisme.com\/en\/#website\"},\"primaryImageOfPage\":{\"@id\":\"https:\/\/www.dinardemeraudetourisme.com\/en\/to-see-and-do\/shopping\/#primaryimage\"},\"image\":{\"@id\":\"https:\/\/www.dinardemeraudetourisme.com\/en\/to-see-and-do\/shopping\/#primaryimage\"},\"thumbnailUrl\":\"https:\/\/www.dinardemeraudetourisme.com\/app\/uploads\/2024\/04\/chouette-il-pleut-faire-du-shopping-alamoureux-scaled-1.webp\",\"datePublished\":\"2024-04-18T11:45:17+00:00\",\"dateModified\":\"2026-03-04T15:25:06+00:00\",\"description\":\"Shopping and services on the Emerald Coast: all the shops, grocery stores and craftmen you need during your holidays in Brittany.\",\"breadcrumb\":{\"@id\":\"https:\/\/www.dinardemeraudetourisme.com\/en\/to-see-and-do\/shopping\/#breadcrumb\"},\"inLanguage\":\"en-US\",\"potentialAction\":[{\"@type\":\"ReadAction\",\"target\":[\"https:\/\/www.dinardemeraudetourisme.com\/en\/to-see-and-do\/shopping\/\"]}]},{\"@type\":\"ImageObject\",\"inLanguage\":\"en-US\",\"@id\":\"https:\/\/www.dinardemeraudetourisme.com\/en\/to-see-and-do\/shopping\/#primaryimage\",\"url\":\"https:\/\/www.dinardemeraudetourisme.com\/app\/uploads\/2024\/04\/chouette-il-pleut-faire-du-shopping-alamoureux-scaled-1.webp\",\"contentUrl\":\"https:\/\/www.dinardemeraudetourisme.com\/app\/uploads\/2024\/04\/chouette-il-pleut-faire-du-shopping-alamoureux-scaled-1.webp\",\"width\":2560,\"height\":1707,\"caption\":\"Vitrine d'une galerie d'art \u00e0 Dinard. Renomm\u00e9e pour ses artistes, Dinard et ses galeries ouvrent leurs portes aux visiteurs. Les nombreuses boutiques de Dinard en font \u00e9galement une destination shopping reconnue dans la r\u00e9gion.\"},{\"@type\":\"WebSite\",\"@id\":\"https:\/\/www.dinardemeraudetourisme.com\/en\/#website\",\"url\":\"https:\/\/www.dinardemeraudetourisme.com\/en\/\",\"name\":\"Dinard \u00c9meraude Tourisme\",\"description\":\"\",\"potentialAction\":[{\"@type\":\"SearchAction\",\"target\":{\"@type\":\"EntryPoint\",\"urlTemplate\":\"https:\/\/www.dinardemeraudetourisme.com\/en\/?s={search_term_string}\"},\"query-input\":{\"@type\":\"PropertyValueSpecification\",\"valueRequired\":true,\"valueName\":\"search_term_string\"}}],\"inLanguage\":\"en-US\"}]}<\/script>\n<!-- \/ Yoast SEO plugin. -->","yoast_head_json":{"title":"Shopping and Services - Dinard \u00c9meraude Tourisme","description":"Shopping and services on the Emerald Coast: all the shops, grocery stores and craftmen you need during your holidays in Brittany.","robots":{"index":"index","follow":"follow","max-snippet":"max-snippet:-1","max-image-preview":"max-image-preview:large","max-video-preview":"max-video-preview:-1"},"canonical":"https:\/\/www.dinardemeraudetourisme.com\/en\/to-see-and-do\/shopping\/","og_locale":"en_US","og_type":"article","og_title":"Shopping and Services - Dinard \u00c9meraude Tourisme","og_description":"Shopping and services on the Emerald Coast: all the shops, grocery stores and craftmen you need during your holidays in Brittany.","og_url":"https:\/\/www.dinardemeraudetourisme.com\/en\/to-see-and-do\/shopping\/","og_site_name":"Dinard \u00c9meraude Tourisme","article_modified_time":"2026-03-04T15:25:06+00:00","og_image":[{"width":2560,"height":1707,"url":"https:\/\/www.dinardemeraudetourisme.com\/app\/uploads\/2024\/04\/chouette-il-pleut-faire-du-shopping-alamoureux-scaled-1.webp","type":"image\/webp"}],"twitter_card":"summary_large_image","twitter_misc":{"Est. reading time":"2 minutes"},"schema":{"@context":"https:\/\/schema.org","@graph":[{"@type":"WebPage","@id":"https:\/\/www.dinardemeraudetourisme.com\/en\/to-see-and-do\/shopping\/","url":"https:\/\/www.dinardemeraudetourisme.com\/en\/to-see-and-do\/shopping\/","name":"Shopping and Services - Dinard \u00c9meraude Tourisme","isPartOf":{"@id":"https:\/\/www.dinardemeraudetourisme.com\/en\/#website"},"primaryImageOfPage":{"@id":"https:\/\/www.dinardemeraudetourisme.com\/en\/to-see-and-do\/shopping\/#primaryimage"},"image":{"@id":"https:\/\/www.dinardemeraudetourisme.com\/en\/to-see-and-do\/shopping\/#primaryimage"},"thumbnailUrl":"https:\/\/www.dinardemeraudetourisme.com\/app\/uploads\/2024\/04\/chouette-il-pleut-faire-du-shopping-alamoureux-scaled-1.webp","datePublished":"2024-04-18T11:45:17+00:00","dateModified":"2026-03-04T15:25:06+00:00","description":"Shopping and services on the Emerald Coast: all the shops, grocery stores and craftmen you need during your holidays in Brittany.","breadcrumb":{"@id":"https:\/\/www.dinardemeraudetourisme.com\/en\/to-see-and-do\/shopping\/#breadcrumb"},"inLanguage":"en-US","potentialAction":[{"@type":"ReadAction","target":["https:\/\/www.dinardemeraudetourisme.com\/en\/to-see-and-do\/shopping\/"]}]},{"@type":"ImageObject","inLanguage":"en-US","@id":"https:\/\/www.dinardemeraudetourisme.com\/en\/to-see-and-do\/shopping\/#primaryimage","url":"https:\/\/www.dinardemeraudetourisme.com\/app\/uploads\/2024\/04\/chouette-il-pleut-faire-du-shopping-alamoureux-scaled-1.webp","contentUrl":"https:\/\/www.dinardemeraudetourisme.com\/app\/uploads\/2024\/04\/chouette-il-pleut-faire-du-shopping-alamoureux-scaled-1.webp","width":2560,"height":1707,"caption":"Vitrine d'une galerie d'art \u00e0 Dinard. Renomm\u00e9e pour ses artistes, Dinard et ses galeries ouvrent leurs portes aux visiteurs. Les nombreuses boutiques de Dinard en font \u00e9galement une destination shopping reconnue dans la r\u00e9gion."},{"@type":"WebSite","@id":"https:\/\/www.dinardemeraudetourisme.com\/en\/#website","url":"https:\/\/www.dinardemeraudetourisme.com\/en\/","name":"Dinard \u00c9meraude Tourisme","description":"","potentialAction":[{"@type":"SearchAction","target":{"@type":"EntryPoint","urlTemplate":"https:\/\/www.dinardemeraudetourisme.com\/en\/?s={search_term_string}"},"query-input":{"@type":"PropertyValueSpecification","valueRequired":true,"valueName":"search_term_string"}}],"inLanguage":"en-US"}]}},"_links":{"self":[{"href":"https:\/\/www.dinardemeraudetourisme.com\/en\/wp-json\/wp\/v2\/pages\/10466","targetHints":{"allow":["GET"]}}],"collection":[{"href":"https:\/\/www.dinardemeraudetourisme.com\/en\/wp-json\/wp\/v2\/pages"}],"about":[{"href":"https:\/\/www.dinardemeraudetourisme.com\/en\/wp-json\/wp\/v2\/types\/page"}],"author":[{"embeddable":true,"href":"https:\/\/www.dinardemeraudetourisme.com\/en\/wp-json\/wp\/v2\/users\/1"}],"replies":[{"embeddable":true,"href":"https:\/\/www.dinardemeraudetourisme.com\/en\/wp-json\/wp\/v2\/comments?post=10466"}],"version-history":[{"count":14,"href":"https:\/\/www.dinardemeraudetourisme.com\/en\/wp-json\/wp\/v2\/pages\/10466\/revisions"}],"predecessor-version":[{"id":21266,"href":"https:\/\/www.dinardemeraudetourisme.com\/en\/wp-json\/wp\/v2\/pages\/10466\/revisions\/21266"}],"up":[{"embeddable":true,"href":"https:\/\/www.dinardemeraudetourisme.com\/en\/wp-json\/wp\/v2\/pages\/10050"}],"wp:featuredmedia":[{"embeddable":true,"href":"https:\/\/www.dinardemeraudetourisme.com\/en\/wp-json\/wp\/v2\/media\/3726"}],"wp:attachment":[{"href":"https:\/\/www.dinardemeraudetourisme.com\/en\/wp-json\/wp\/v2\/media?parent=10466"}],"curies":[{"name":"wp","href":"https:\/\/api.w.org\/{rel}","templated":true}]}}