{"id":10419,"date":"2024-04-24T13:18:49","date_gmt":"2024-04-24T11:18:49","guid":{"rendered":"https:\/\/www.dinardemeraudetourisme.com\/to-see-and-do\/markets\/marches-gourmands\/"},"modified":"2026-03-04T17:08:58","modified_gmt":"2026-03-04T16:08:58","slug":"foodies-markets","status":"publish","type":"page","link":"https:\/\/www.dinardemeraudetourisme.com\/en\/to-see-and-do\/markets\/foodies-markets\/","title":{"rendered":"Foodies markets"},"content":{"rendered":"\n<p><\/p>\n\n\n\n<p class=\"has-text-align-left\">Food lovers gather every summer Wednesday in <strong>Saint-Lunaire<\/strong> at the foodies markets!<\/p>\n\n\n\n<h2 class=\"wp-block-heading\"><br>Saint-Lunaire&#8217;s foodies markets<\/h2>\n\n\n\n<p>The gourmet market sets up in <strong>July and August<\/strong> behind the Tourist Information Centre! Discover around twenty producers eager to share their craft and evoke childhood memories through distinctive aromas and flavours. Come and meet them!<\/p>\n\n\n\n<p>Featuring, among others\u2026 Jules and his salt cod fritters, La Fabrique with its renowned biscuits, Les Vergers de la Baie, galettes-saucisses, La Ferme des 4 Vents with its sheep\u2019s cheeses, yoghurts, flans, and famous feta, local beer, wine, apple juice, cider, calvados, fresh vegetables, monkfish terrines, blue lobster, crab, Marion\u2019s scallops, organic vegetables, berries, jams, fresh fish and shellfish, snails from the bay, mussels, and olives&#8230;<\/p>\n\n\n\n<p>You\u2019ll also find tables and chairs, making it easy for everyone to sit down and enjoy these products with friends or family, overlooking one of the finest views of the Emerald Coast\u2026 And every Wednesday, a special surprise awaits: live music, juggling, clowns\u2026<\/p>\n\n\n\n<p>Happiness\u2026 But that\u2019s something the Saint-Lu\u2019 foodies market doesn\u2019t sell\u2014it gives it away!<\/p>\n\n\n\n<p><br><strong>The Saint-Lunaire gourmet market aims to be more sustainable and is committed to reducing waste.<\/strong><\/p>\n\n\n\n<ul class=\"wp-block-list\">\n<li><strong>For each visitor coming to enjoy the food, please bring your own utensils (plate, knife, fork, spoon, and glass).<\/strong><\/li>\n\n\n\n<li><strong>For each purchase of unpackaged goat cheese, bring your own container.<\/strong><\/li>\n\n\n\n<li><strong>For any unpackaged products, bring containers.<\/strong><\/li>\n<\/ul>\n\n\n\n<p><strong>On-site, you will find a recycling point for glass and packaging\/paper.<\/strong><\/p>\n\n\n\n<p><\/p>\n\n\n\n<h2 class=\"wp-block-heading\"><br>Visiting the Saint-Lunaire foodies market<\/h2>\n\n\n\n<h3 class=\"wp-block-heading\">Traveling Without a Car<\/h3>\n\n\n\n<p>The Saint-Lunaire Gourmet Market is accessible by bus via the BreizhGo network:<\/p>\n\n\n\n<ul class=\"wp-block-list\">\n<li>From Saint-Malo and Dinard on line 516: Point Info Tourisme<\/li>\n\n\n\n<li>From Saint-Briac-sur-Mer on line 516: Cimeti\u00e8re<\/li>\n<\/ul>\n\n\n\n<p>You can also cycle to the Saint-Lunaire market, as numerous bike racks are installed throughout the town. A dedicated cycle and pedestrian path, the baladoir, runs along the coastal road, providing safe access to the centre of Saint-Lunaire from Dinard and Saint-Briac-sur-Mer.<\/p>\n\n\n\n<h3 class=\"wp-block-heading\">Where to Park<\/h3>\n\n\n\n<p>We recommend parking at the Marais car park, located on Rue de la C\u00f4te du Tertre. The market is approximately 600 metres from the car park. Parking is free throughout the entire municipality of Saint-Lunaire.<\/p>\n\n\n\n<h2 class=\"wp-block-heading\"><br>Practical information<\/h2>\n\n\n\n<p>The <strong><a href=\"https:\/\/www.dinardemeraudetourisme.com\/en\/explore\/8-emerald-paradises\/discover-saint-lunaire\/\" target=\"_blank\" rel=\"noreferrer noopener\">Saint-Lunaire<\/a><\/strong> gourmet market takes place every <strong>Wednesday <\/strong>in <strong>July and August.<\/strong><\/p>\n\n\n\n<p>Would you like to participate in the gourmet markets? Contact the <strong><a href=\"https:\/\/www.saint-lunaire.fr\/\" target=\"_blank\" rel=\"noreferrer noopener\">Saint-Lunaire Town council<\/a><\/strong>.<\/p>\n","protected":false},"excerpt":{"rendered":"<p>Food lovers gather every summer Wednesday in Saint-Lunaire at the foodies markets! Saint-Lunaire&#8217;s foodies markets The gourmet market sets up in July and August behind the Tourist Information Centre! Discover around twenty producers eager to share their craft and evoke childhood memories through distinctive aromas and flavours. Come and meet them! Featuring, among others\u2026 Jules [&hellip;]<\/p>\n","protected":false},"author":1,"featured_media":1932,"parent":10386,"menu_order":0,"comment_status":"closed","ping_status":"closed","template":"template-header-large.php","meta":{"_acf_changed":false,"footnotes":""},"class_list":["post-10419","page","type-page","status-publish","has-post-thumbnail","hentry"],"acf":[],"yoast_head":"<!-- This site is optimized with the Yoast SEO plugin v27.5 - https:\/\/yoast.com\/product\/yoast-seo-wordpress\/ -->\n<title>Foodies markets - Dinard \u00c9meraude Tourisme<\/title>\n<meta name=\"description\" content=\"Saint-Lunaire&#039;s foodies markets take place every Wednesday in July and August by the beach. Enjoy local food and live music.\" \/>\n<meta name=\"robots\" content=\"index, follow, max-snippet:-1, max-image-preview:large, max-video-preview:-1\" \/>\n<link rel=\"canonical\" href=\"https:\/\/www.dinardemeraudetourisme.com\/en\/to-see-and-do\/markets\/foodies-markets\/\" \/>\n<meta property=\"og:locale\" content=\"en_US\" \/>\n<meta property=\"og:type\" content=\"article\" \/>\n<meta property=\"og:title\" content=\"Foodies markets - Dinard \u00c9meraude Tourisme\" \/>\n<meta property=\"og:description\" content=\"Saint-Lunaire&#039;s foodies markets take place every Wednesday in July and August by the beach. Enjoy local food and live music.\" \/>\n<meta property=\"og:url\" content=\"https:\/\/www.dinardemeraudetourisme.com\/en\/to-see-and-do\/markets\/foodies-markets\/\" \/>\n<meta property=\"og:site_name\" content=\"Dinard \u00c9meraude Tourisme\" \/>\n<meta property=\"article:modified_time\" content=\"2026-03-04T16:08:58+00:00\" \/>\n<meta property=\"og:image\" content=\"https:\/\/www.dinardemeraudetourisme.com\/app\/uploads\/2024\/04\/013f968e-83d7-4584-bbc1-182968801f8f.webp\" \/>\n\t<meta property=\"og:image:width\" content=\"720\" \/>\n\t<meta property=\"og:image:height\" content=\"850\" \/>\n\t<meta property=\"og:image:type\" content=\"image\/webp\" \/>\n<meta name=\"twitter:card\" content=\"summary_large_image\" \/>\n<meta name=\"twitter:label1\" content=\"Est. reading time\" \/>\n\t<meta name=\"twitter:data1\" content=\"3 minutes\" \/>\n<script type=\"application\/ld+json\" class=\"yoast-schema-graph\">{\"@context\":\"https:\\\/\\\/schema.org\",\"@graph\":[{\"@type\":\"WebPage\",\"@id\":\"https:\\\/\\\/www.dinardemeraudetourisme.com\\\/en\\\/to-see-and-do\\\/markets\\\/foodies-markets\\\/\",\"url\":\"https:\\\/\\\/www.dinardemeraudetourisme.com\\\/en\\\/to-see-and-do\\\/markets\\\/foodies-markets\\\/\",\"name\":\"Foodies markets - Dinard \u00c9meraude Tourisme\",\"isPartOf\":{\"@id\":\"https:\\\/\\\/www.dinardemeraudetourisme.com\\\/en\\\/#website\"},\"primaryImageOfPage\":{\"@id\":\"https:\\\/\\\/www.dinardemeraudetourisme.com\\\/en\\\/to-see-and-do\\\/markets\\\/foodies-markets\\\/#primaryimage\"},\"image\":{\"@id\":\"https:\\\/\\\/www.dinardemeraudetourisme.com\\\/en\\\/to-see-and-do\\\/markets\\\/foodies-markets\\\/#primaryimage\"},\"thumbnailUrl\":\"https:\\\/\\\/www.dinardemeraudetourisme.com\\\/app\\\/uploads\\\/2024\\\/04\\\/013f968e-83d7-4584-bbc1-182968801f8f.webp\",\"datePublished\":\"2024-04-24T11:18:49+00:00\",\"dateModified\":\"2026-03-04T16:08:58+00:00\",\"description\":\"Saint-Lunaire's foodies markets take place every Wednesday in July and August by the beach. Enjoy local food and live music.\",\"breadcrumb\":{\"@id\":\"https:\\\/\\\/www.dinardemeraudetourisme.com\\\/en\\\/to-see-and-do\\\/markets\\\/foodies-markets\\\/#breadcrumb\"},\"inLanguage\":\"en-US\",\"potentialAction\":[{\"@type\":\"ReadAction\",\"target\":[\"https:\\\/\\\/www.dinardemeraudetourisme.com\\\/en\\\/to-see-and-do\\\/markets\\\/foodies-markets\\\/\"]}]},{\"@type\":\"ImageObject\",\"inLanguage\":\"en-US\",\"@id\":\"https:\\\/\\\/www.dinardemeraudetourisme.com\\\/en\\\/to-see-and-do\\\/markets\\\/foodies-markets\\\/#primaryimage\",\"url\":\"https:\\\/\\\/www.dinardemeraudetourisme.com\\\/app\\\/uploads\\\/2024\\\/04\\\/013f968e-83d7-4584-bbc1-182968801f8f.webp\",\"contentUrl\":\"https:\\\/\\\/www.dinardemeraudetourisme.com\\\/app\\\/uploads\\\/2024\\\/04\\\/013f968e-83d7-4584-bbc1-182968801f8f.webp\",\"width\":720,\"height\":850,\"caption\":\"March\u00e9 gourmand de Saint-Lunaire. Tous les mercredis en juillet et ao\u00fbt sur l'esplanade du mini-golf. Un march\u00e9 nocturne et gourmand au bord de la plage.\"},{\"@type\":\"WebSite\",\"@id\":\"https:\\\/\\\/www.dinardemeraudetourisme.com\\\/en\\\/#website\",\"url\":\"https:\\\/\\\/www.dinardemeraudetourisme.com\\\/en\\\/\",\"name\":\"Dinard \u00c9meraude Tourisme\",\"description\":\"\",\"potentialAction\":[{\"@type\":\"SearchAction\",\"target\":{\"@type\":\"EntryPoint\",\"urlTemplate\":\"https:\\\/\\\/www.dinardemeraudetourisme.com\\\/en\\\/?s={search_term_string}\"},\"query-input\":{\"@type\":\"PropertyValueSpecification\",\"valueRequired\":true,\"valueName\":\"search_term_string\"}}],\"inLanguage\":\"en-US\"}]}<\/script>\n<!-- \/ Yoast SEO plugin. -->","yoast_head_json":{"title":"Foodies markets - Dinard \u00c9meraude Tourisme","description":"Saint-Lunaire's foodies markets take place every Wednesday in July and August by the beach. Enjoy local food and live music.","robots":{"index":"index","follow":"follow","max-snippet":"max-snippet:-1","max-image-preview":"max-image-preview:large","max-video-preview":"max-video-preview:-1"},"canonical":"https:\/\/www.dinardemeraudetourisme.com\/en\/to-see-and-do\/markets\/foodies-markets\/","og_locale":"en_US","og_type":"article","og_title":"Foodies markets - Dinard \u00c9meraude Tourisme","og_description":"Saint-Lunaire's foodies markets take place every Wednesday in July and August by the beach. Enjoy local food and live music.","og_url":"https:\/\/www.dinardemeraudetourisme.com\/en\/to-see-and-do\/markets\/foodies-markets\/","og_site_name":"Dinard \u00c9meraude Tourisme","article_modified_time":"2026-03-04T16:08:58+00:00","og_image":[{"width":720,"height":850,"url":"https:\/\/www.dinardemeraudetourisme.com\/app\/uploads\/2024\/04\/013f968e-83d7-4584-bbc1-182968801f8f.webp","type":"image\/webp"}],"twitter_card":"summary_large_image","twitter_misc":{"Est. reading time":"3 minutes"},"schema":{"@context":"https:\/\/schema.org","@graph":[{"@type":"WebPage","@id":"https:\/\/www.dinardemeraudetourisme.com\/en\/to-see-and-do\/markets\/foodies-markets\/","url":"https:\/\/www.dinardemeraudetourisme.com\/en\/to-see-and-do\/markets\/foodies-markets\/","name":"Foodies markets - Dinard \u00c9meraude Tourisme","isPartOf":{"@id":"https:\/\/www.dinardemeraudetourisme.com\/en\/#website"},"primaryImageOfPage":{"@id":"https:\/\/www.dinardemeraudetourisme.com\/en\/to-see-and-do\/markets\/foodies-markets\/#primaryimage"},"image":{"@id":"https:\/\/www.dinardemeraudetourisme.com\/en\/to-see-and-do\/markets\/foodies-markets\/#primaryimage"},"thumbnailUrl":"https:\/\/www.dinardemeraudetourisme.com\/app\/uploads\/2024\/04\/013f968e-83d7-4584-bbc1-182968801f8f.webp","datePublished":"2024-04-24T11:18:49+00:00","dateModified":"2026-03-04T16:08:58+00:00","description":"Saint-Lunaire's foodies markets take place every Wednesday in July and August by the beach. Enjoy local food and live music.","breadcrumb":{"@id":"https:\/\/www.dinardemeraudetourisme.com\/en\/to-see-and-do\/markets\/foodies-markets\/#breadcrumb"},"inLanguage":"en-US","potentialAction":[{"@type":"ReadAction","target":["https:\/\/www.dinardemeraudetourisme.com\/en\/to-see-and-do\/markets\/foodies-markets\/"]}]},{"@type":"ImageObject","inLanguage":"en-US","@id":"https:\/\/www.dinardemeraudetourisme.com\/en\/to-see-and-do\/markets\/foodies-markets\/#primaryimage","url":"https:\/\/www.dinardemeraudetourisme.com\/app\/uploads\/2024\/04\/013f968e-83d7-4584-bbc1-182968801f8f.webp","contentUrl":"https:\/\/www.dinardemeraudetourisme.com\/app\/uploads\/2024\/04\/013f968e-83d7-4584-bbc1-182968801f8f.webp","width":720,"height":850,"caption":"March\u00e9 gourmand de Saint-Lunaire. Tous les mercredis en juillet et ao\u00fbt sur l'esplanade du mini-golf. Un march\u00e9 nocturne et gourmand au bord de la plage."},{"@type":"WebSite","@id":"https:\/\/www.dinardemeraudetourisme.com\/en\/#website","url":"https:\/\/www.dinardemeraudetourisme.com\/en\/","name":"Dinard \u00c9meraude Tourisme","description":"","potentialAction":[{"@type":"SearchAction","target":{"@type":"EntryPoint","urlTemplate":"https:\/\/www.dinardemeraudetourisme.com\/en\/?s={search_term_string}"},"query-input":{"@type":"PropertyValueSpecification","valueRequired":true,"valueName":"search_term_string"}}],"inLanguage":"en-US"}]}},"_links":{"self":[{"href":"https:\/\/www.dinardemeraudetourisme.com\/en\/wp-json\/wp\/v2\/pages\/10419","targetHints":{"allow":["GET"]}}],"collection":[{"href":"https:\/\/www.dinardemeraudetourisme.com\/en\/wp-json\/wp\/v2\/pages"}],"about":[{"href":"https:\/\/www.dinardemeraudetourisme.com\/en\/wp-json\/wp\/v2\/types\/page"}],"author":[{"embeddable":true,"href":"https:\/\/www.dinardemeraudetourisme.com\/en\/wp-json\/wp\/v2\/users\/1"}],"replies":[{"embeddable":true,"href":"https:\/\/www.dinardemeraudetourisme.com\/en\/wp-json\/wp\/v2\/comments?post=10419"}],"version-history":[{"count":7,"href":"https:\/\/www.dinardemeraudetourisme.com\/en\/wp-json\/wp\/v2\/pages\/10419\/revisions"}],"predecessor-version":[{"id":21278,"href":"https:\/\/www.dinardemeraudetourisme.com\/en\/wp-json\/wp\/v2\/pages\/10419\/revisions\/21278"}],"up":[{"embeddable":true,"href":"https:\/\/www.dinardemeraudetourisme.com\/en\/wp-json\/wp\/v2\/pages\/10386"}],"wp:featuredmedia":[{"embeddable":true,"href":"https:\/\/www.dinardemeraudetourisme.com\/en\/wp-json\/wp\/v2\/media\/1932"}],"wp:attachment":[{"href":"https:\/\/www.dinardemeraudetourisme.com\/en\/wp-json\/wp\/v2\/media?parent=10419"}],"curies":[{"name":"wp","href":"https:\/\/api.w.org\/{rel}","templated":true}]}}