{"id":10417,"date":"2024-04-24T13:17:52","date_gmt":"2024-04-24T11:17:52","guid":{"rendered":"https:\/\/www.dinardemeraudetourisme.com\/to-see-and-do\/markets\/marches-de-saint-briac-sur-mer\/"},"modified":"2026-03-26T17:05:13","modified_gmt":"2026-03-26T16:05:13","slug":"saint-briac-sur-mer-markets","status":"publish","type":"page","link":"https:\/\/www.dinardemeraudetourisme.com\/en\/to-see-and-do\/markets\/saint-briac-sur-mer-markets\/","title":{"rendered":"Saint-Briac-sur-Mer markets"},"content":{"rendered":"\n<p>The markets in <strong><a href=\"https:\/\/www.dinardemeraudetourisme.com\/en\/explore\/8-emerald-paradises\/discover-saint-briac-sur-mer\/\" target=\"_blank\" rel=\"noreferrer noopener\">Saint-Briac-sur-Mer<\/a><\/strong> take place on Fridays year-round and on Mondays during the summer.<\/p>\n\n\n\n<h2 class=\"wp-block-heading\"><br>Saint-Briac-sur-Mer year-round market<\/h2>\n\n\n\n<p>This market takes place year-round every <strong>Friday <\/strong>morning at <strong>Place du March\u00e9<\/strong>.<\/p>\n\n\n\n<p>You will find about 30 stalls brimming with local products, including around ten food vendors and twenty selling various items, such as clothing. Discover classic goods at this outdoor market (fish, seafood, fruits, vegetables, etc.), as well as distinctly Breton flavors that will make your mouth water, such as salted butter caramel\u2014perfect for an afternoon snack after a sightseeing tour.<\/p>\n\n\n\n<h4 class=\"wp-block-heading\"><br>Practical information<\/h4>\n\n\n\n<p>Every <strong>Friday <\/strong>morning at <strong>Place du March\u00e9 <\/strong>in the town centre, from 8 a.m. to 12 p.m..<\/p>\n\n\n\n<h2 class=\"wp-block-heading\"><br>Summer market of Saint-Briac-sur-Mer<\/h2>\n\n\n\n<p>In July and August, come and stroll through the seasonal market of<strong><a href=\"https:\/\/www.dinardemeraudetourisme.com\/en\/explore\/8-emerald-paradises\/discover-saint-briac-sur-mer\/\" target=\"_blank\" rel=\"noreferrer noopener\"> Saint-Briac-sur-Mer<\/a>,<\/strong> which takes place every <strong>Monday <\/strong>morning from 8 a.m. to 1 p.m., from <strong>Grande Rue to Boulevard de la Houle<\/strong>. You will find up to 80 stalls featuring local food and non-food products waiting for your visit. Discover our Breton cuisine and treat yourself to art and crafts items, among which you\u2019re sure to find a holiday souvenir to take home.<\/p>\n\n\n\n<p><\/p>\n\n\n\n<h4 class=\"wp-block-heading\"><br>Practical information<\/h4>\n\n\n\n<p>On Monday mornings, in July and August only: Grande Rue, in front of the Tourist Information Point, from 8 a.m. to 1 p.m..<\/p>\n\n\n\n<p><br>Need specific information about the markets in <strong><a href=\"https:\/\/www.dinardemeraudetourisme.com\/en\/explore\/8-emerald-paradises\/discover-saint-briac-sur-mer\/\" target=\"_blank\" rel=\"noreferrer noopener\">Saint-Briac-sur-Mer<\/a><\/strong>? Contact the <strong><a href=\"https:\/\/www.saintbriac.fr\/marches\/\" target=\"_blank\" rel=\"noreferrer noopener\">Saint-Briac Town Hall<\/a><\/strong>.<br><br><\/p>\n\n\n\n<figure class=\"wp-block-image aligncenter size-full\"><img loading=\"lazy\" decoding=\"async\" width=\"768\" height=\"576\" src=\"https:\/\/www.dinardemeraudetourisme.com\/app\/uploads\/2024\/04\/afranck-hamel-saint-briac-web-768x1150-1-edited.jpg\" alt=\"Les venelles de Saint-Briac-sur-Mer, ces petites ruelles pav\u00e9es au coeur du bourg. Ce quartier, ancien village de marins, s'articule autour de l'\u00e9glise paroissiale et forme un ensemble architectural typique du littoral nord breton.\" class=\"wp-image-1259\" srcset=\"https:\/\/www.dinardemeraudetourisme.com\/app\/uploads\/2024\/04\/afranck-hamel-saint-briac-web-768x1150-1-edited.jpg 768w, https:\/\/www.dinardemeraudetourisme.com\/app\/uploads\/2024\/04\/afranck-hamel-saint-briac-web-768x1150-1-edited-300x225.jpg 300w, https:\/\/www.dinardemeraudetourisme.com\/app\/uploads\/2024\/04\/afranck-hamel-saint-briac-web-768x1150-1-edited-20x15.jpg 20w, https:\/\/www.dinardemeraudetourisme.com\/app\/uploads\/2024\/04\/afranck-hamel-saint-briac-web-768x1150-1-edited-50x38.jpg 50w, https:\/\/www.dinardemeraudetourisme.com\/app\/uploads\/2024\/04\/afranck-hamel-saint-briac-web-768x1150-1-edited-40x30.jpg 40w, https:\/\/www.dinardemeraudetourisme.com\/app\/uploads\/2024\/04\/afranck-hamel-saint-briac-web-768x1150-1-edited-60x45.jpg 60w, https:\/\/www.dinardemeraudetourisme.com\/app\/uploads\/2024\/04\/afranck-hamel-saint-briac-web-768x1150-1-edited-80x60.jpg 80w, https:\/\/www.dinardemeraudetourisme.com\/app\/uploads\/2024\/04\/afranck-hamel-saint-briac-web-768x1150-1-edited-110x83.jpg 110w, https:\/\/www.dinardemeraudetourisme.com\/app\/uploads\/2024\/04\/afranck-hamel-saint-briac-web-768x1150-1-edited-160x120.jpg 160w, https:\/\/www.dinardemeraudetourisme.com\/app\/uploads\/2024\/04\/afranck-hamel-saint-briac-web-768x1150-1-edited-250x188.jpg 250w, https:\/\/www.dinardemeraudetourisme.com\/app\/uploads\/2024\/04\/afranck-hamel-saint-briac-web-768x1150-1-edited-53x40.jpg 53w\" sizes=\"auto, (max-width: 768px) 100vw, 768px\" \/><\/figure>\n\n\n\n<h2 class=\"wp-block-heading\">Getting to the Saint-Briac-sur-Mer Market<\/h2>\n\n\n\n<h3 class=\"wp-block-heading\">Coming Without a Car<\/h3>\n\n\n\n<p>The Saint-Briac-sur-Mer market is accessible by bus via the BreizhGo network from <strong>Saint-Malo<\/strong>, <strong>Dinard<\/strong>, and <strong>Saint-Lunaire<\/strong> on <strong>line 516<\/strong>:<\/p>\n\n\n\n<ul class=\"wp-block-list\">\n<li><em>Centre<\/em> stop for the Friday market<\/li>\n\n\n\n<li><em>La Houle<\/em> stop for the seasonal Monday market<\/li>\n<\/ul>\n\n\n\n<p>You can also cycle to the market, particularly by following the Balcon d&#8217;\u00c9meraude and its dedicated cycle path.<\/p>\n\n\n\n<h3 class=\"wp-block-heading\"><br>Where to Park?<\/h3>\n\n\n\n<p>The two Balcon d&#8217;\u00c9meraude car parks are located about 400 metres from the La Houle market (held on Mondays in July and August) and about 800 metres from the main market square (Friday market).<\/p>\n\n\n\n<p>Parking is free.<\/p>\n\n\n\n<h2 class=\"wp-block-heading\"><br>The other markets of the Emerald Coast<\/h2>\n\n\n\n<h4 class=\"wp-block-heading\">Tuesdays<\/h4>\n\n\n\n<ul class=\"wp-block-list\">\n<li>Dinard<\/li>\n\n\n\n<li>Lancieux<\/li>\n<\/ul>\n\n\n\n<h4 class=\"wp-block-heading\">Wednesdays<\/h4>\n\n\n\n<ul class=\"wp-block-list\">\n<li>Dinard \u2013 Saint-\u00c9nogat (en juillet-ao\u00fbt)<\/li>\n\n\n\n<li>La Richardais<\/li>\n<\/ul>\n\n\n\n<h4 class=\"wp-block-heading\">Thursdays<\/h4>\n\n\n\n<ul class=\"wp-block-list\">\n<li>Dinard<\/li>\n<\/ul>\n\n\n\n<h4 class=\"wp-block-heading\">Fridays<\/h4>\n\n\n\n<ul class=\"wp-block-list\">\n<li>Pleurtuit<\/li>\n<\/ul>\n\n\n\n<h4 class=\"wp-block-heading\">Saturdays<\/h4>\n\n\n\n<ul class=\"wp-block-list\">\n<li>Dinard<\/li>\n<\/ul>\n\n\n\n<h4 class=\"wp-block-heading\">Sundays<\/h4>\n\n\n\n<ul class=\"wp-block-list\">\n<li>Saint-Lunaire<\/li>\n\n\n\n<li>Pleurtuit<\/li>\n<\/ul>\n","protected":false},"excerpt":{"rendered":"<p>The markets in Saint-Briac-sur-Mer take place on Fridays year-round and on Mondays during the summer. Saint-Briac-sur-Mer year-round market This market takes place year-round every Friday morning at Place du March\u00e9. You will find about 30 stalls brimming with local products, including around ten food vendors and twenty selling various items, such as clothing. Discover classic [&hellip;]<\/p>\n","protected":false},"author":1,"featured_media":2848,"parent":10386,"menu_order":0,"comment_status":"closed","ping_status":"closed","template":"template-header-large.php","meta":{"_acf_changed":false,"footnotes":""},"class_list":["post-10417","page","type-page","status-publish","has-post-thumbnail","hentry"],"acf":[],"yoast_head":"<!-- This site is optimized with the Yoast SEO plugin v27.5 - https:\/\/yoast.com\/product\/yoast-seo-wordpress\/ -->\n<title>Saint-Briac-sur-Mer markets - Dinard \u00c9meraude Tourisme<\/title>\n<meta name=\"description\" content=\"Fresh French food at Saint-Briac-sur-Mer markets: every Friday morning in the town centre. Summer market every Monday morning.\" \/>\n<meta name=\"robots\" content=\"index, follow, max-snippet:-1, max-image-preview:large, max-video-preview:-1\" \/>\n<link rel=\"canonical\" href=\"https:\/\/www.dinardemeraudetourisme.com\/en\/to-see-and-do\/markets\/saint-briac-sur-mer-markets\/\" \/>\n<meta property=\"og:locale\" content=\"en_US\" \/>\n<meta property=\"og:type\" content=\"article\" \/>\n<meta property=\"og:title\" content=\"Saint-Briac-sur-Mer markets - Dinard \u00c9meraude Tourisme\" \/>\n<meta property=\"og:description\" content=\"Fresh French food at Saint-Briac-sur-Mer markets: every Friday morning in the town centre. Summer market every Monday morning.\" \/>\n<meta property=\"og:url\" content=\"https:\/\/www.dinardemeraudetourisme.com\/en\/to-see-and-do\/markets\/saint-briac-sur-mer-markets\/\" \/>\n<meta property=\"og:site_name\" content=\"Dinard \u00c9meraude Tourisme\" \/>\n<meta property=\"article:modified_time\" content=\"2026-03-26T16:05:13+00:00\" \/>\n<meta property=\"og:image\" content=\"https:\/\/www.dinardemeraudetourisme.com\/app\/uploads\/2024\/04\/marches-de-la-cote-demeraude-.lamoureux-4-scaled-866x1300-1.webp\" \/>\n\t<meta property=\"og:image:width\" content=\"866\" \/>\n\t<meta property=\"og:image:height\" content=\"1300\" \/>\n\t<meta property=\"og:image:type\" content=\"image\/webp\" \/>\n<meta name=\"twitter:card\" content=\"summary_large_image\" \/>\n<meta name=\"twitter:label1\" content=\"Est. reading time\" \/>\n\t<meta name=\"twitter:data1\" content=\"3 minutes\" \/>\n<script type=\"application\/ld+json\" class=\"yoast-schema-graph\">{\"@context\":\"https:\\\/\\\/schema.org\",\"@graph\":[{\"@type\":\"WebPage\",\"@id\":\"https:\\\/\\\/www.dinardemeraudetourisme.com\\\/en\\\/to-see-and-do\\\/markets\\\/saint-briac-sur-mer-markets\\\/\",\"url\":\"https:\\\/\\\/www.dinardemeraudetourisme.com\\\/en\\\/to-see-and-do\\\/markets\\\/saint-briac-sur-mer-markets\\\/\",\"name\":\"Saint-Briac-sur-Mer markets - Dinard \u00c9meraude Tourisme\",\"isPartOf\":{\"@id\":\"https:\\\/\\\/www.dinardemeraudetourisme.com\\\/en\\\/#website\"},\"primaryImageOfPage\":{\"@id\":\"https:\\\/\\\/www.dinardemeraudetourisme.com\\\/en\\\/to-see-and-do\\\/markets\\\/saint-briac-sur-mer-markets\\\/#primaryimage\"},\"image\":{\"@id\":\"https:\\\/\\\/www.dinardemeraudetourisme.com\\\/en\\\/to-see-and-do\\\/markets\\\/saint-briac-sur-mer-markets\\\/#primaryimage\"},\"thumbnailUrl\":\"https:\\\/\\\/www.dinardemeraudetourisme.com\\\/app\\\/uploads\\\/2024\\\/04\\\/marches-de-la-cote-demeraude-.lamoureux-4-scaled-866x1300-1.webp\",\"datePublished\":\"2024-04-24T11:17:52+00:00\",\"dateModified\":\"2026-03-26T16:05:13+00:00\",\"description\":\"Fresh French food at Saint-Briac-sur-Mer markets: every Friday morning in the town centre. Summer market every Monday morning.\",\"breadcrumb\":{\"@id\":\"https:\\\/\\\/www.dinardemeraudetourisme.com\\\/en\\\/to-see-and-do\\\/markets\\\/saint-briac-sur-mer-markets\\\/#breadcrumb\"},\"inLanguage\":\"en-US\",\"potentialAction\":[{\"@type\":\"ReadAction\",\"target\":[\"https:\\\/\\\/www.dinardemeraudetourisme.com\\\/en\\\/to-see-and-do\\\/markets\\\/saint-briac-sur-mer-markets\\\/\"]}]},{\"@type\":\"ImageObject\",\"inLanguage\":\"en-US\",\"@id\":\"https:\\\/\\\/www.dinardemeraudetourisme.com\\\/en\\\/to-see-and-do\\\/markets\\\/saint-briac-sur-mer-markets\\\/#primaryimage\",\"url\":\"https:\\\/\\\/www.dinardemeraudetourisme.com\\\/app\\\/uploads\\\/2024\\\/04\\\/marches-de-la-cote-demeraude-.lamoureux-4-scaled-866x1300-1.webp\",\"contentUrl\":\"https:\\\/\\\/www.dinardemeraudetourisme.com\\\/app\\\/uploads\\\/2024\\\/04\\\/marches-de-la-cote-demeraude-.lamoureux-4-scaled-866x1300-1.webp\",\"width\":866,\"height\":1300,\"caption\":\"March\u00e9s de la C\u00f4te d'\u00c9meraude. Etals de fruits et l\u00e9gumes frais et locaux pour d\u00e9guster les sp\u00e9cialit\u00e9s locales pendant un s\u00e9jour en Bretagne.\"},{\"@type\":\"WebSite\",\"@id\":\"https:\\\/\\\/www.dinardemeraudetourisme.com\\\/en\\\/#website\",\"url\":\"https:\\\/\\\/www.dinardemeraudetourisme.com\\\/en\\\/\",\"name\":\"Dinard \u00c9meraude Tourisme\",\"description\":\"\",\"potentialAction\":[{\"@type\":\"SearchAction\",\"target\":{\"@type\":\"EntryPoint\",\"urlTemplate\":\"https:\\\/\\\/www.dinardemeraudetourisme.com\\\/en\\\/?s={search_term_string}\"},\"query-input\":{\"@type\":\"PropertyValueSpecification\",\"valueRequired\":true,\"valueName\":\"search_term_string\"}}],\"inLanguage\":\"en-US\"}]}<\/script>\n<!-- \/ Yoast SEO plugin. -->","yoast_head_json":{"title":"Saint-Briac-sur-Mer markets - Dinard \u00c9meraude Tourisme","description":"Fresh French food at Saint-Briac-sur-Mer markets: every Friday morning in the town centre. Summer market every Monday morning.","robots":{"index":"index","follow":"follow","max-snippet":"max-snippet:-1","max-image-preview":"max-image-preview:large","max-video-preview":"max-video-preview:-1"},"canonical":"https:\/\/www.dinardemeraudetourisme.com\/en\/to-see-and-do\/markets\/saint-briac-sur-mer-markets\/","og_locale":"en_US","og_type":"article","og_title":"Saint-Briac-sur-Mer markets - Dinard \u00c9meraude Tourisme","og_description":"Fresh French food at Saint-Briac-sur-Mer markets: every Friday morning in the town centre. Summer market every Monday morning.","og_url":"https:\/\/www.dinardemeraudetourisme.com\/en\/to-see-and-do\/markets\/saint-briac-sur-mer-markets\/","og_site_name":"Dinard \u00c9meraude Tourisme","article_modified_time":"2026-03-26T16:05:13+00:00","og_image":[{"width":866,"height":1300,"url":"https:\/\/www.dinardemeraudetourisme.com\/app\/uploads\/2024\/04\/marches-de-la-cote-demeraude-.lamoureux-4-scaled-866x1300-1.webp","type":"image\/webp"}],"twitter_card":"summary_large_image","twitter_misc":{"Est. reading time":"3 minutes"},"schema":{"@context":"https:\/\/schema.org","@graph":[{"@type":"WebPage","@id":"https:\/\/www.dinardemeraudetourisme.com\/en\/to-see-and-do\/markets\/saint-briac-sur-mer-markets\/","url":"https:\/\/www.dinardemeraudetourisme.com\/en\/to-see-and-do\/markets\/saint-briac-sur-mer-markets\/","name":"Saint-Briac-sur-Mer markets - Dinard \u00c9meraude Tourisme","isPartOf":{"@id":"https:\/\/www.dinardemeraudetourisme.com\/en\/#website"},"primaryImageOfPage":{"@id":"https:\/\/www.dinardemeraudetourisme.com\/en\/to-see-and-do\/markets\/saint-briac-sur-mer-markets\/#primaryimage"},"image":{"@id":"https:\/\/www.dinardemeraudetourisme.com\/en\/to-see-and-do\/markets\/saint-briac-sur-mer-markets\/#primaryimage"},"thumbnailUrl":"https:\/\/www.dinardemeraudetourisme.com\/app\/uploads\/2024\/04\/marches-de-la-cote-demeraude-.lamoureux-4-scaled-866x1300-1.webp","datePublished":"2024-04-24T11:17:52+00:00","dateModified":"2026-03-26T16:05:13+00:00","description":"Fresh French food at Saint-Briac-sur-Mer markets: every Friday morning in the town centre. Summer market every Monday morning.","breadcrumb":{"@id":"https:\/\/www.dinardemeraudetourisme.com\/en\/to-see-and-do\/markets\/saint-briac-sur-mer-markets\/#breadcrumb"},"inLanguage":"en-US","potentialAction":[{"@type":"ReadAction","target":["https:\/\/www.dinardemeraudetourisme.com\/en\/to-see-and-do\/markets\/saint-briac-sur-mer-markets\/"]}]},{"@type":"ImageObject","inLanguage":"en-US","@id":"https:\/\/www.dinardemeraudetourisme.com\/en\/to-see-and-do\/markets\/saint-briac-sur-mer-markets\/#primaryimage","url":"https:\/\/www.dinardemeraudetourisme.com\/app\/uploads\/2024\/04\/marches-de-la-cote-demeraude-.lamoureux-4-scaled-866x1300-1.webp","contentUrl":"https:\/\/www.dinardemeraudetourisme.com\/app\/uploads\/2024\/04\/marches-de-la-cote-demeraude-.lamoureux-4-scaled-866x1300-1.webp","width":866,"height":1300,"caption":"March\u00e9s de la C\u00f4te d'\u00c9meraude. Etals de fruits et l\u00e9gumes frais et locaux pour d\u00e9guster les sp\u00e9cialit\u00e9s locales pendant un s\u00e9jour en Bretagne."},{"@type":"WebSite","@id":"https:\/\/www.dinardemeraudetourisme.com\/en\/#website","url":"https:\/\/www.dinardemeraudetourisme.com\/en\/","name":"Dinard \u00c9meraude Tourisme","description":"","potentialAction":[{"@type":"SearchAction","target":{"@type":"EntryPoint","urlTemplate":"https:\/\/www.dinardemeraudetourisme.com\/en\/?s={search_term_string}"},"query-input":{"@type":"PropertyValueSpecification","valueRequired":true,"valueName":"search_term_string"}}],"inLanguage":"en-US"}]}},"_links":{"self":[{"href":"https:\/\/www.dinardemeraudetourisme.com\/en\/wp-json\/wp\/v2\/pages\/10417","targetHints":{"allow":["GET"]}}],"collection":[{"href":"https:\/\/www.dinardemeraudetourisme.com\/en\/wp-json\/wp\/v2\/pages"}],"about":[{"href":"https:\/\/www.dinardemeraudetourisme.com\/en\/wp-json\/wp\/v2\/types\/page"}],"author":[{"embeddable":true,"href":"https:\/\/www.dinardemeraudetourisme.com\/en\/wp-json\/wp\/v2\/users\/1"}],"replies":[{"embeddable":true,"href":"https:\/\/www.dinardemeraudetourisme.com\/en\/wp-json\/wp\/v2\/comments?post=10417"}],"version-history":[{"count":3,"href":"https:\/\/www.dinardemeraudetourisme.com\/en\/wp-json\/wp\/v2\/pages\/10417\/revisions"}],"predecessor-version":[{"id":17778,"href":"https:\/\/www.dinardemeraudetourisme.com\/en\/wp-json\/wp\/v2\/pages\/10417\/revisions\/17778"}],"up":[{"embeddable":true,"href":"https:\/\/www.dinardemeraudetourisme.com\/en\/wp-json\/wp\/v2\/pages\/10386"}],"wp:featuredmedia":[{"embeddable":true,"href":"https:\/\/www.dinardemeraudetourisme.com\/en\/wp-json\/wp\/v2\/media\/2848"}],"wp:attachment":[{"href":"https:\/\/www.dinardemeraudetourisme.com\/en\/wp-json\/wp\/v2\/media?parent=10417"}],"curies":[{"name":"wp","href":"https:\/\/api.w.org\/{rel}","templated":true}]}}