{"id":10389,"date":"2024-04-24T13:17:29","date_gmt":"2024-04-24T11:17:29","guid":{"rendered":"https:\/\/www.dinardemeraudetourisme.com\/to-see-and-do\/marches-et-brocantes\/marches-de-pleurtuit\/"},"modified":"2025-10-03T14:21:00","modified_gmt":"2025-10-03T12:21:00","slug":"pleurtuit-markets","status":"publish","type":"page","link":"https:\/\/www.dinardemeraudetourisme.com\/en\/to-see-and-do\/markets\/pleurtuit-markets\/","title":{"rendered":"Pleurtuit markets"},"content":{"rendered":"\n<p>Find the markets in <strong><a href=\"https:\/\/www.dinardemeraudetourisme.com\/en\/to-see-and-do\/8-emerald-paradises\/discover-pleurtuit\/\" target=\"_blank\" rel=\"noreferrer noopener\">Pleurtuit <\/a><\/strong>on Fridays and Sundays.<\/p>\n\n\n\n<h2 class=\"wp-block-heading\">Pleurtuit farmers markets<\/h2>\n\n\n\n<p>One of the great pleasures of vacation is the market. It\u2019s the perfect opportunity to stroll, discover, meet people, and stock up on supplies. In Pleurtuit, it takes place on Friday mornings at Place des D\u00e9port\u00e9s. The stalls are brimming with products, each more enticing than the last.<\/p>\n\n\n\n<h4 class=\"wp-block-heading\">New!<\/h4>\n\n\n\n<p>Great Sunday market in <strong><a href=\"https:\/\/www.dinardemeraudetourisme.com\/en\/to-see-and-do\/8-emerald-paradises\/discover-pleurtuit\/\" target=\"_blank\" rel=\"noreferrer noopener\">Pleurtuit<\/a><\/strong>! Every <strong>Sunday <\/strong>all year round at <strong>Place de l&#8217;\u00c9glise<\/strong>.<\/p>\n\n\n\n<h4 class=\"wp-block-heading\"><br>Practical information<\/h4>\n\n\n\n<ul class=\"wp-block-list\">\n<li>Every <strong>Friday<\/strong>, from 7a.m. to 1 p.m., <strong>parking lot in front of Espace Delta<\/strong><\/li>\n\n\n\n<li>Every <strong>Sunday <\/strong>morning, from 8:30 a.m. to 1 p.m.,<strong> Place de l&#8217;\u00c9glise<\/strong><\/li>\n<\/ul>\n\n\n\n<h2 class=\"wp-block-heading\"><br>Pleurtuit organic market<\/h2>\n\n\n\n<p>Do your shopping at the market to enjoy fresh products! It takes place on <strong>Fridays from May to October, from 4 p.m. to 8 p.m., in front of the church.<\/strong><\/p>\n\n\n\n<h4 class=\"wp-block-heading\"><br>Practical<\/h4>\n\n\n\n<p>Every Friday from 4 p.m. to 8 p.m., at Place de l\u2019\u00c9glise in the town centre.<\/p>\n\n\n\n<p><br><br>Do you want specific information about the markets in Pleurtuit? Contact the <strong><a href=\"https:\/\/www.pleurtuit.com\/les-marches-a-pleurtuit\/\" target=\"_blank\" rel=\"noreferrer noopener\">Pleurtuit Town Hall<\/a><\/strong>.<\/p>\n\n\n\n<div class=\"wp-block-columns is-layout-flex wp-container-core-columns-is-layout-28f84493 wp-block-columns-is-layout-flex\">\n<div class=\"wp-block-column is-layout-flow wp-block-column-is-layout-flow\">\n<figure class=\"wp-block-image size-full\"><img loading=\"lazy\" decoding=\"async\" width=\"677\" height=\"508\" src=\"https:\/\/www.dinardemeraudetourisme.com\/app\/uploads\/2024\/05\/marche-place-de-leglise-de-pleurtuit.jpg\" alt=\"Le march\u00e9 de Pleurtuit se tient sur la place de l'Eglise. Sur le parvis, les commer\u00e7ants locaux proposent de d\u00e9licieux produits frais.\" class=\"wp-image-6354\" srcset=\"https:\/\/www.dinardemeraudetourisme.com\/app\/uploads\/2024\/05\/marche-place-de-leglise-de-pleurtuit.jpg 677w, https:\/\/www.dinardemeraudetourisme.com\/app\/uploads\/2024\/05\/marche-place-de-leglise-de-pleurtuit-300x225.jpg 300w, https:\/\/www.dinardemeraudetourisme.com\/app\/uploads\/2024\/05\/marche-place-de-leglise-de-pleurtuit-20x15.jpg 20w, https:\/\/www.dinardemeraudetourisme.com\/app\/uploads\/2024\/05\/marche-place-de-leglise-de-pleurtuit-50x38.jpg 50w, https:\/\/www.dinardemeraudetourisme.com\/app\/uploads\/2024\/05\/marche-place-de-leglise-de-pleurtuit-40x30.jpg 40w, https:\/\/www.dinardemeraudetourisme.com\/app\/uploads\/2024\/05\/marche-place-de-leglise-de-pleurtuit-60x45.jpg 60w, https:\/\/www.dinardemeraudetourisme.com\/app\/uploads\/2024\/05\/marche-place-de-leglise-de-pleurtuit-80x60.jpg 80w, https:\/\/www.dinardemeraudetourisme.com\/app\/uploads\/2024\/05\/marche-place-de-leglise-de-pleurtuit-110x83.jpg 110w, https:\/\/www.dinardemeraudetourisme.com\/app\/uploads\/2024\/05\/marche-place-de-leglise-de-pleurtuit-160x120.jpg 160w, https:\/\/www.dinardemeraudetourisme.com\/app\/uploads\/2024\/05\/marche-place-de-leglise-de-pleurtuit-250x188.jpg 250w, https:\/\/www.dinardemeraudetourisme.com\/app\/uploads\/2024\/05\/marche-place-de-leglise-de-pleurtuit-53x40.jpg 53w\" sizes=\"auto, (max-width: 677px) 100vw, 677px\" \/><\/figure>\n<\/div>\n\n\n\n<div class=\"wp-block-column is-layout-flow wp-block-column-is-layout-flow\">\n<figure class=\"wp-block-image size-large\"><img loading=\"lazy\" decoding=\"async\" width=\"1024\" height=\"683\" src=\"https:\/\/www.dinardemeraudetourisme.com\/app\/uploads\/2024\/04\/180-ot-dinard-pointe-de-cancaval-studio-jezequel-2023-1024x683.jpg\" alt=\"La Pointe De Cancaval \u00e0 Pleurtuit, un espace naturel prot\u00e9g\u00e9 \u00e0 d\u00e9couvrir lors d'une randonn\u00e9e. Une panorama imprenable sur l'estuaire de la Rance s'offre aux promeneurs.\" class=\"wp-image-3415\" srcset=\"https:\/\/www.dinardemeraudetourisme.com\/app\/uploads\/2024\/04\/180-ot-dinard-pointe-de-cancaval-studio-jezequel-2023-1024x683.jpg 1024w, https:\/\/www.dinardemeraudetourisme.com\/app\/uploads\/2024\/04\/180-ot-dinard-pointe-de-cancaval-studio-jezequel-2023-300x200.jpg 300w, https:\/\/www.dinardemeraudetourisme.com\/app\/uploads\/2024\/04\/180-ot-dinard-pointe-de-cancaval-studio-jezequel-2023-768x512.jpg 768w, https:\/\/www.dinardemeraudetourisme.com\/app\/uploads\/2024\/04\/180-ot-dinard-pointe-de-cancaval-studio-jezequel-2023-1536x1024.jpg 1536w, https:\/\/www.dinardemeraudetourisme.com\/app\/uploads\/2024\/04\/180-ot-dinard-pointe-de-cancaval-studio-jezequel-2023-20x13.jpg 20w, https:\/\/www.dinardemeraudetourisme.com\/app\/uploads\/2024\/04\/180-ot-dinard-pointe-de-cancaval-studio-jezequel-2023-50x33.jpg 50w, https:\/\/www.dinardemeraudetourisme.com\/app\/uploads\/2024\/04\/180-ot-dinard-pointe-de-cancaval-studio-jezequel-2023-45x30.jpg 45w, https:\/\/www.dinardemeraudetourisme.com\/app\/uploads\/2024\/04\/180-ot-dinard-pointe-de-cancaval-studio-jezequel-2023-60x40.jpg 60w, https:\/\/www.dinardemeraudetourisme.com\/app\/uploads\/2024\/04\/180-ot-dinard-pointe-de-cancaval-studio-jezequel-2023-80x53.jpg 80w, https:\/\/www.dinardemeraudetourisme.com\/app\/uploads\/2024\/04\/180-ot-dinard-pointe-de-cancaval-studio-jezequel-2023-110x73.jpg 110w, https:\/\/www.dinardemeraudetourisme.com\/app\/uploads\/2024\/04\/180-ot-dinard-pointe-de-cancaval-studio-jezequel-2023-160x107.jpg 160w, https:\/\/www.dinardemeraudetourisme.com\/app\/uploads\/2024\/04\/180-ot-dinard-pointe-de-cancaval-studio-jezequel-2023-250x167.jpg 250w, https:\/\/www.dinardemeraudetourisme.com\/app\/uploads\/2024\/04\/180-ot-dinard-pointe-de-cancaval-studio-jezequel-2023-1200x800.jpg 1200w, https:\/\/www.dinardemeraudetourisme.com\/app\/uploads\/2024\/04\/180-ot-dinard-pointe-de-cancaval-studio-jezequel-2023-1800x1200.jpg 1800w, https:\/\/www.dinardemeraudetourisme.com\/app\/uploads\/2024\/04\/180-ot-dinard-pointe-de-cancaval-studio-jezequel-2023.jpg 1920w\" sizes=\"auto, (max-width: 1024px) 100vw, 1024px\" \/><\/figure>\n<\/div>\n<\/div>\n\n\n\n<h2 class=\"wp-block-heading\"><br>Getting to the Pleurtuit Market<\/h2>\n\n\n\n<h3 class=\"wp-block-heading\">Coming without a car<\/h3>\n\n\n\n<p>The Pleurtuit market is accessible by bus via the BreizhGo network from Dinard, Dinan, and Rennes on line 507: stop at &#8220;Mairie&#8221;.<\/p>\n\n\n\n<p>You can also get to the Pleurtuit market by bike via the V42 greenway from Dinard (about 7 km), or from Dinan and Rennes. From the greenway to the market: about 300 meters.<\/p>\n\n\n\n<h2 class=\"wp-block-heading\"><br>The other markets of the Emerald Coast<\/h2>\n\n\n\n<h4 class=\"wp-block-heading\">Mondays<\/h4>\n\n\n\n<ul class=\"wp-block-list\">\n<li>Saint-Briac-sur-Mer (July &#8211; August)<\/li>\n<\/ul>\n\n\n\n<h4 class=\"wp-block-heading\">Tuesdays<\/h4>\n\n\n\n<ul class=\"wp-block-list\">\n<li>Dinard<\/li>\n\n\n\n<li>Lancieux<\/li>\n<\/ul>\n\n\n\n<h4 class=\"wp-block-heading\">Wednesdays<\/h4>\n\n\n\n<ul class=\"wp-block-list\">\n<li>Dinard \u2013 Saint-\u00c9nogat (en juillet-ao\u00fbt)<\/li>\n\n\n\n<li>La Richardais<\/li>\n<\/ul>\n\n\n\n<h4 class=\"wp-block-heading\">Thursdays<\/h4>\n\n\n\n<ul class=\"wp-block-list\">\n<li>Dinard<\/li>\n<\/ul>\n\n\n\n<h4 class=\"wp-block-heading\">Fridays<\/h4>\n\n\n\n<ul class=\"wp-block-list\">\n<li>Saint-Briac-sur-Mer<\/li>\n<\/ul>\n\n\n\n<h4 class=\"wp-block-heading\">Saturdays<\/h4>\n\n\n\n<ul class=\"wp-block-list\">\n<li>Dinard<\/li>\n<\/ul>\n\n\n\n<h4 class=\"wp-block-heading\">Sundays<\/h4>\n\n\n\n<ul class=\"wp-block-list\">\n<li>Saint-Lunaire<\/li>\n<\/ul>\n","protected":false},"excerpt":{"rendered":"<p>Find the markets in Pleurtuit on Fridays and Sundays. Pleurtuit farmers markets One of the great pleasures of vacation is the market. It\u2019s the perfect opportunity to stroll, discover, meet people, and stock up on supplies. In Pleurtuit, it takes place on Friday mornings at Place des D\u00e9port\u00e9s. The stalls are brimming with products, each [&hellip;]<\/p>\n","protected":false},"author":1,"featured_media":6355,"parent":10386,"menu_order":0,"comment_status":"closed","ping_status":"closed","template":"template-header-large.php","meta":{"_acf_changed":false,"footnotes":""},"class_list":["post-10389","page","type-page","status-publish","has-post-thumbnail","hentry"],"acf":[],"yoast_head":"<!-- This site is optimized with the Yoast SEO plugin v27.5 - https:\/\/yoast.com\/product\/yoast-seo-wordpress\/ -->\n<title>Pleurtuit markets - Dinard \u00c9meraude Tourisme<\/title>\n<meta name=\"description\" content=\"Pleurtuit markets take place on Fridays and Sundays. Find all information on the farmers markets of the Emerald Coast.\" \/>\n<meta name=\"robots\" content=\"index, follow, max-snippet:-1, max-image-preview:large, max-video-preview:-1\" \/>\n<link rel=\"canonical\" href=\"https:\/\/www.dinardemeraudetourisme.com\/en\/to-see-and-do\/markets\/pleurtuit-markets\/\" \/>\n<meta property=\"og:locale\" content=\"en_US\" \/>\n<meta property=\"og:type\" content=\"article\" \/>\n<meta property=\"og:title\" content=\"Pleurtuit markets - Dinard \u00c9meraude Tourisme\" \/>\n<meta property=\"og:description\" content=\"Pleurtuit markets take place on Fridays and Sundays. Find all information on the farmers markets of the Emerald Coast.\" \/>\n<meta property=\"og:url\" content=\"https:\/\/www.dinardemeraudetourisme.com\/en\/to-see-and-do\/markets\/pleurtuit-markets\/\" \/>\n<meta property=\"og:site_name\" content=\"Dinard \u00c9meraude Tourisme\" \/>\n<meta property=\"article:modified_time\" content=\"2025-10-03T12:21:00+00:00\" \/>\n<meta property=\"og:image\" content=\"https:\/\/www.dinardemeraudetourisme.com\/app\/uploads\/2024\/05\/marche-place-de-leglise-de-pleurtuit.jpg\" \/>\n\t<meta property=\"og:image:width\" content=\"677\" \/>\n\t<meta property=\"og:image:height\" content=\"508\" \/>\n\t<meta property=\"og:image:type\" content=\"image\/jpeg\" \/>\n<meta name=\"twitter:card\" content=\"summary_large_image\" \/>\n<meta name=\"twitter:label1\" content=\"Est. reading time\" \/>\n\t<meta name=\"twitter:data1\" content=\"2 minutes\" \/>\n<script type=\"application\/ld+json\" class=\"yoast-schema-graph\">{\"@context\":\"https:\\\/\\\/schema.org\",\"@graph\":[{\"@type\":\"WebPage\",\"@id\":\"https:\\\/\\\/www.dinardemeraudetourisme.com\\\/en\\\/to-see-and-do\\\/markets\\\/pleurtuit-markets\\\/\",\"url\":\"https:\\\/\\\/www.dinardemeraudetourisme.com\\\/en\\\/to-see-and-do\\\/markets\\\/pleurtuit-markets\\\/\",\"name\":\"Pleurtuit markets - Dinard \u00c9meraude Tourisme\",\"isPartOf\":{\"@id\":\"https:\\\/\\\/www.dinardemeraudetourisme.com\\\/en\\\/#website\"},\"primaryImageOfPage\":{\"@id\":\"https:\\\/\\\/www.dinardemeraudetourisme.com\\\/en\\\/to-see-and-do\\\/markets\\\/pleurtuit-markets\\\/#primaryimage\"},\"image\":{\"@id\":\"https:\\\/\\\/www.dinardemeraudetourisme.com\\\/en\\\/to-see-and-do\\\/markets\\\/pleurtuit-markets\\\/#primaryimage\"},\"thumbnailUrl\":\"https:\\\/\\\/www.dinardemeraudetourisme.com\\\/app\\\/uploads\\\/2024\\\/05\\\/marche-place-de-leglise-de-pleurtuit.jpg\",\"datePublished\":\"2024-04-24T11:17:29+00:00\",\"dateModified\":\"2025-10-03T12:21:00+00:00\",\"description\":\"Pleurtuit markets take place on Fridays and Sundays. Find all information on the farmers markets of the Emerald Coast.\",\"breadcrumb\":{\"@id\":\"https:\\\/\\\/www.dinardemeraudetourisme.com\\\/en\\\/to-see-and-do\\\/markets\\\/pleurtuit-markets\\\/#breadcrumb\"},\"inLanguage\":\"en-US\",\"potentialAction\":[{\"@type\":\"ReadAction\",\"target\":[\"https:\\\/\\\/www.dinardemeraudetourisme.com\\\/en\\\/to-see-and-do\\\/markets\\\/pleurtuit-markets\\\/\"]}]},{\"@type\":\"ImageObject\",\"inLanguage\":\"en-US\",\"@id\":\"https:\\\/\\\/www.dinardemeraudetourisme.com\\\/en\\\/to-see-and-do\\\/markets\\\/pleurtuit-markets\\\/#primaryimage\",\"url\":\"https:\\\/\\\/www.dinardemeraudetourisme.com\\\/app\\\/uploads\\\/2024\\\/05\\\/marche-place-de-leglise-de-pleurtuit.jpg\",\"contentUrl\":\"https:\\\/\\\/www.dinardemeraudetourisme.com\\\/app\\\/uploads\\\/2024\\\/05\\\/marche-place-de-leglise-de-pleurtuit.jpg\",\"width\":677,\"height\":508,\"caption\":\"Le march\u00e9 de Pleurtuit se tient sur la place de l'Eglise. Sur le parvis, les commer\u00e7ants locaux proposent de d\u00e9licieux produits frais.\"},{\"@type\":\"WebSite\",\"@id\":\"https:\\\/\\\/www.dinardemeraudetourisme.com\\\/en\\\/#website\",\"url\":\"https:\\\/\\\/www.dinardemeraudetourisme.com\\\/en\\\/\",\"name\":\"Dinard \u00c9meraude Tourisme\",\"description\":\"\",\"potentialAction\":[{\"@type\":\"SearchAction\",\"target\":{\"@type\":\"EntryPoint\",\"urlTemplate\":\"https:\\\/\\\/www.dinardemeraudetourisme.com\\\/en\\\/?s={search_term_string}\"},\"query-input\":{\"@type\":\"PropertyValueSpecification\",\"valueRequired\":true,\"valueName\":\"search_term_string\"}}],\"inLanguage\":\"en-US\"}]}<\/script>\n<!-- \/ Yoast SEO plugin. -->","yoast_head_json":{"title":"Pleurtuit markets - Dinard \u00c9meraude Tourisme","description":"Pleurtuit markets take place on Fridays and Sundays. Find all information on the farmers markets of the Emerald Coast.","robots":{"index":"index","follow":"follow","max-snippet":"max-snippet:-1","max-image-preview":"max-image-preview:large","max-video-preview":"max-video-preview:-1"},"canonical":"https:\/\/www.dinardemeraudetourisme.com\/en\/to-see-and-do\/markets\/pleurtuit-markets\/","og_locale":"en_US","og_type":"article","og_title":"Pleurtuit markets - Dinard \u00c9meraude Tourisme","og_description":"Pleurtuit markets take place on Fridays and Sundays. Find all information on the farmers markets of the Emerald Coast.","og_url":"https:\/\/www.dinardemeraudetourisme.com\/en\/to-see-and-do\/markets\/pleurtuit-markets\/","og_site_name":"Dinard \u00c9meraude Tourisme","article_modified_time":"2025-10-03T12:21:00+00:00","og_image":[{"width":677,"height":508,"url":"https:\/\/www.dinardemeraudetourisme.com\/app\/uploads\/2024\/05\/marche-place-de-leglise-de-pleurtuit.jpg","type":"image\/jpeg"}],"twitter_card":"summary_large_image","twitter_misc":{"Est. reading time":"2 minutes"},"schema":{"@context":"https:\/\/schema.org","@graph":[{"@type":"WebPage","@id":"https:\/\/www.dinardemeraudetourisme.com\/en\/to-see-and-do\/markets\/pleurtuit-markets\/","url":"https:\/\/www.dinardemeraudetourisme.com\/en\/to-see-and-do\/markets\/pleurtuit-markets\/","name":"Pleurtuit markets - Dinard \u00c9meraude Tourisme","isPartOf":{"@id":"https:\/\/www.dinardemeraudetourisme.com\/en\/#website"},"primaryImageOfPage":{"@id":"https:\/\/www.dinardemeraudetourisme.com\/en\/to-see-and-do\/markets\/pleurtuit-markets\/#primaryimage"},"image":{"@id":"https:\/\/www.dinardemeraudetourisme.com\/en\/to-see-and-do\/markets\/pleurtuit-markets\/#primaryimage"},"thumbnailUrl":"https:\/\/www.dinardemeraudetourisme.com\/app\/uploads\/2024\/05\/marche-place-de-leglise-de-pleurtuit.jpg","datePublished":"2024-04-24T11:17:29+00:00","dateModified":"2025-10-03T12:21:00+00:00","description":"Pleurtuit markets take place on Fridays and Sundays. Find all information on the farmers markets of the Emerald Coast.","breadcrumb":{"@id":"https:\/\/www.dinardemeraudetourisme.com\/en\/to-see-and-do\/markets\/pleurtuit-markets\/#breadcrumb"},"inLanguage":"en-US","potentialAction":[{"@type":"ReadAction","target":["https:\/\/www.dinardemeraudetourisme.com\/en\/to-see-and-do\/markets\/pleurtuit-markets\/"]}]},{"@type":"ImageObject","inLanguage":"en-US","@id":"https:\/\/www.dinardemeraudetourisme.com\/en\/to-see-and-do\/markets\/pleurtuit-markets\/#primaryimage","url":"https:\/\/www.dinardemeraudetourisme.com\/app\/uploads\/2024\/05\/marche-place-de-leglise-de-pleurtuit.jpg","contentUrl":"https:\/\/www.dinardemeraudetourisme.com\/app\/uploads\/2024\/05\/marche-place-de-leglise-de-pleurtuit.jpg","width":677,"height":508,"caption":"Le march\u00e9 de Pleurtuit se tient sur la place de l'Eglise. Sur le parvis, les commer\u00e7ants locaux proposent de d\u00e9licieux produits frais."},{"@type":"WebSite","@id":"https:\/\/www.dinardemeraudetourisme.com\/en\/#website","url":"https:\/\/www.dinardemeraudetourisme.com\/en\/","name":"Dinard \u00c9meraude Tourisme","description":"","potentialAction":[{"@type":"SearchAction","target":{"@type":"EntryPoint","urlTemplate":"https:\/\/www.dinardemeraudetourisme.com\/en\/?s={search_term_string}"},"query-input":{"@type":"PropertyValueSpecification","valueRequired":true,"valueName":"search_term_string"}}],"inLanguage":"en-US"}]}},"_links":{"self":[{"href":"https:\/\/www.dinardemeraudetourisme.com\/en\/wp-json\/wp\/v2\/pages\/10389","targetHints":{"allow":["GET"]}}],"collection":[{"href":"https:\/\/www.dinardemeraudetourisme.com\/en\/wp-json\/wp\/v2\/pages"}],"about":[{"href":"https:\/\/www.dinardemeraudetourisme.com\/en\/wp-json\/wp\/v2\/types\/page"}],"author":[{"embeddable":true,"href":"https:\/\/www.dinardemeraudetourisme.com\/en\/wp-json\/wp\/v2\/users\/1"}],"replies":[{"embeddable":true,"href":"https:\/\/www.dinardemeraudetourisme.com\/en\/wp-json\/wp\/v2\/comments?post=10389"}],"version-history":[{"count":5,"href":"https:\/\/www.dinardemeraudetourisme.com\/en\/wp-json\/wp\/v2\/pages\/10389\/revisions"}],"predecessor-version":[{"id":18859,"href":"https:\/\/www.dinardemeraudetourisme.com\/en\/wp-json\/wp\/v2\/pages\/10389\/revisions\/18859"}],"up":[{"embeddable":true,"href":"https:\/\/www.dinardemeraudetourisme.com\/en\/wp-json\/wp\/v2\/pages\/10386"}],"wp:featuredmedia":[{"embeddable":true,"href":"https:\/\/www.dinardemeraudetourisme.com\/en\/wp-json\/wp\/v2\/media\/6355"}],"wp:attachment":[{"href":"https:\/\/www.dinardemeraudetourisme.com\/en\/wp-json\/wp\/v2\/media?parent=10389"}],"curies":[{"name":"wp","href":"https:\/\/api.w.org\/{rel}","templated":true}]}}