{"id":10388,"date":"2024-04-24T13:17:00","date_gmt":"2024-04-24T11:17:00","guid":{"rendered":"https:\/\/www.dinardemeraudetourisme.com\/to-see-and-do\/marches-et-brocantes\/marches-de-dinard\/"},"modified":"2026-03-26T17:06:25","modified_gmt":"2026-03-26T16:06:25","slug":"dinard-markets","status":"publish","type":"page","link":"https:\/\/www.dinardemeraudetourisme.com\/en\/to-see-and-do\/markets\/dinard-markets\/","title":{"rendered":"Dinard markets"},"content":{"rendered":"\n<p>The markets in Dinard are among the most well-known in the region! Be sure to check them out during your holiday!<\/p>\n\n\n\n<p>Discover the&nbsp;<a href=\"https:\/\/www.dinardemeraudetourisme.com\/en\/to-see-and-do\/8-emerald-paradises\/discover-dinard\/\" target=\"_blank\" rel=\"noreferrer noopener\"><strong>Dinard<\/strong><\/a> market, which is one of the largest in the region. Moreover, it is open all year round!<\/p>\n\n\n\n<p>The market takes place every Tuesday, Thursday, and Saturday morning throughout the year at the Esplanade des Halles, Place Rocha\u00efd, where nearly 300 vendors gather during the season. The hall is open every morning from 7:30 AM to 1:30 PM with 18 vendors (it is closed on Mondays outside of the season).<\/p>\n\n\n\n<h4 class=\"wp-block-heading\"><br>Practical information<\/h4>\n\n\n\n<p>Market around the market hall on Esplanade des Halles<\/p>\n\n\n\n<ul class=\"wp-block-list\">\n<li>From January 1st to Decembre 31st: Tuesdays and Thurdays from 9 a.m. to 12 p.m. and Saturdays from 9 a.m. to 1 p.m.<\/li>\n\n\n\n<li>From July 1st to August 31st:&nbsp;Tuesdays, Thurdays and Saturdays from 8:30 a.m. to 2 p.m.<\/li>\n<\/ul>\n\n\n\n<p>500 parking spots are available near the market (Parking du March\u00e9 \/ Underground carpark Parking des Halles).<\/p>\n\n\n\n<h3 class=\"wp-block-heading\"><br>Saint-\u00c9nogat, Place du Calvaire<\/h3>\n\n\n\n<p>It is a pleasure to welcome back the small summer market in Saint-\u00c9nogat: food, crafts, trinkets, and artists gather in the quaint village for everyone\u2019s delight. The heart of Saint-\u00c9nogat comes alive every Wednesday morning with a summer market held at Place du Calvaire. Discover it in July and August.<\/p>\n\n\n\n<h4 class=\"wp-block-heading\"><br>Practical information<\/h4>\n\n\n\n<p><strong>Saint-Enogat, Place du Calvaire :<\/strong><\/p>\n\n\n\n<p>In July and August: every Wednesday from 8 a.m. to 12:30 p.m. &#8211; Rue de Saint-Lunaire<\/p>\n\n\n\n<p><br>Do you need specific information about the markets in Dinard? Contact the <strong><a href=\"https:\/\/www.ville-dinard.fr\/les-halles-et-le-marche-2\/\" target=\"_blank\" rel=\"noreferrer noopener\">placement rights service<\/a><\/strong> at the <strong><a href=\"https:\/\/www.ville-dinard.fr\/\" target=\"_blank\" rel=\"noreferrer noopener\">Dinard Town Hall<\/a><\/strong>.<br><br><\/p>\n\n\n\n<figure class=\"wp-block-image aligncenter size-large\"><img loading=\"lazy\" decoding=\"async\" width=\"1024\" height=\"683\" src=\"https:\/\/www.dinardemeraudetourisme.com\/app\/uploads\/2024\/04\/marches-de-dinard-.lamoureux-4-scaled-1950x1300-1-1024x683.jpg\" alt=\"March\u00e9 de Dinard. Toute l'ann\u00e9e, l'esplanade de la Halle \u00e0 Dinard accueille le march\u00e9 les mardis, jeudis et samedis. Le march\u00e9 de Dinard est l'un des plus renomm\u00e9s de la C\u00f4te d'\u00c9meraude.\" class=\"wp-image-2828\" srcset=\"https:\/\/www.dinardemeraudetourisme.com\/app\/uploads\/2024\/04\/marches-de-dinard-.lamoureux-4-scaled-1950x1300-1-1024x683.jpg 1024w, https:\/\/www.dinardemeraudetourisme.com\/app\/uploads\/2024\/04\/marches-de-dinard-.lamoureux-4-scaled-1950x1300-1-300x200.jpg 300w, https:\/\/www.dinardemeraudetourisme.com\/app\/uploads\/2024\/04\/marches-de-dinard-.lamoureux-4-scaled-1950x1300-1-768x512.jpg 768w, https:\/\/www.dinardemeraudetourisme.com\/app\/uploads\/2024\/04\/marches-de-dinard-.lamoureux-4-scaled-1950x1300-1-1536x1024.jpg 1536w, https:\/\/www.dinardemeraudetourisme.com\/app\/uploads\/2024\/04\/marches-de-dinard-.lamoureux-4-scaled-1950x1300-1-20x13.jpg 20w, https:\/\/www.dinardemeraudetourisme.com\/app\/uploads\/2024\/04\/marches-de-dinard-.lamoureux-4-scaled-1950x1300-1-50x33.jpg 50w, https:\/\/www.dinardemeraudetourisme.com\/app\/uploads\/2024\/04\/marches-de-dinard-.lamoureux-4-scaled-1950x1300-1-45x30.jpg 45w, https:\/\/www.dinardemeraudetourisme.com\/app\/uploads\/2024\/04\/marches-de-dinard-.lamoureux-4-scaled-1950x1300-1-60x40.jpg 60w, https:\/\/www.dinardemeraudetourisme.com\/app\/uploads\/2024\/04\/marches-de-dinard-.lamoureux-4-scaled-1950x1300-1-80x53.jpg 80w, https:\/\/www.dinardemeraudetourisme.com\/app\/uploads\/2024\/04\/marches-de-dinard-.lamoureux-4-scaled-1950x1300-1-110x73.jpg 110w, https:\/\/www.dinardemeraudetourisme.com\/app\/uploads\/2024\/04\/marches-de-dinard-.lamoureux-4-scaled-1950x1300-1-160x107.jpg 160w, https:\/\/www.dinardemeraudetourisme.com\/app\/uploads\/2024\/04\/marches-de-dinard-.lamoureux-4-scaled-1950x1300-1-250x167.jpg 250w, https:\/\/www.dinardemeraudetourisme.com\/app\/uploads\/2024\/04\/marches-de-dinard-.lamoureux-4-scaled-1950x1300-1-1200x800.jpg 1200w, https:\/\/www.dinardemeraudetourisme.com\/app\/uploads\/2024\/04\/marches-de-dinard-.lamoureux-4-scaled-1950x1300-1-1800x1200.jpg 1800w, https:\/\/www.dinardemeraudetourisme.com\/app\/uploads\/2024\/04\/marches-de-dinard-.lamoureux-4-scaled-1950x1300-1.jpg 1950w\" sizes=\"auto, (max-width: 1024px) 100vw, 1024px\" \/><\/figure>\n\n\n\n<h2 class=\"wp-block-heading\">How to Get to the Dinard Market?<\/h2>\n\n\n\n<h3 class=\"wp-block-heading\">Coming without a car<\/h3>\n\n\n\n<p>The Dinard market is accessible by bus via the <strong>BreizhGo<\/strong> network:<\/p>\n\n\n\n<ul class=\"wp-block-list\">\n<li>From <strong>Saint-Malo<\/strong> on line 516: stop at <em>M\u00e9diath\u00e8que<\/em> or <em>Tourist Office<\/em><\/li>\n\n\n\n<li>From <strong>Saint-Lunaire<\/strong> and <strong>Saint-Briac-sur-Mer<\/strong> on line 516: stop at <em>M\u00e9diath\u00e8que<\/em><\/li>\n\n\n\n<li>From <strong>Rennes<\/strong>, <strong>Dinan<\/strong>, <strong>Tr\u00e9m\u00e9reuc<\/strong>, and <strong>Pleurtuit<\/strong> on line 507: stop at <em>M\u00e9diath\u00e8que<\/em> or <em>Tourist Office<\/em><\/li>\n<\/ul>\n\n\n\n<p>You can also cycle to the Dinard market \u2014 signs are in place from the greenway (<em>voie verte<\/em>). In addition, secure bike lockers are available in the market car park on <em>Rue Rapha\u00ebl Veil<\/em> (100 metres away).<\/p>\n\n\n\n<h3 class=\"wp-block-heading\"><br>Where to Park?<\/h3>\n\n\n\n<p>Two car parks are located right next to the Esplanade des Halles, offering a total of 500 spaces:<\/p>\n\n\n\n<ul class=\"wp-block-list\">\n<li><strong>Rapha\u00ebl Veil car park<\/strong> (free from September to June)<\/li>\n\n\n\n<li><strong>Les Halles underground car park<\/strong> (paid parking)<\/li>\n<\/ul>\n\n\n\n<h2 class=\"wp-block-heading\"><br>The other markets of the Emerald Coast<\/h2>\n\n\n\n<h4 class=\"wp-block-heading\">Mondays<\/h4>\n\n\n\n<ul class=\"wp-block-list\">\n<li>Saint-Briac-sur-Mer (July-August)<\/li>\n<\/ul>\n\n\n\n<h4 class=\"wp-block-heading\">Tuesdays<\/h4>\n\n\n\n<ul class=\"wp-block-list\">\n<li>Lancieux<\/li>\n<\/ul>\n\n\n\n<h4 class=\"wp-block-heading\">Wednesdays<\/h4>\n\n\n\n<ul class=\"wp-block-list\">\n<li>La Richardais<\/li>\n<\/ul>\n\n\n\n<h4 class=\"wp-block-heading\">Fridays<\/h4>\n\n\n\n<ul class=\"wp-block-list\">\n<li>Saint-Briac-sur-Mer<\/li>\n\n\n\n<li>Pleurtuit<\/li>\n<\/ul>\n\n\n\n<h4 class=\"wp-block-heading\">Sundays<\/h4>\n\n\n\n<ul class=\"wp-block-list\">\n<li>Saint-Lunaire<\/li>\n\n\n\n<li>Pleurtuit<\/li>\n<\/ul>\n","protected":false},"excerpt":{"rendered":"<p>The markets in Dinard are among the most well-known in the region! Be sure to check them out during your holiday! Discover the&nbsp;Dinard market, which is one of the largest in the region. Moreover, it is open all year round! The market takes place every Tuesday, Thursday, and Saturday morning throughout the year at the [&hellip;]<\/p>\n","protected":false},"author":1,"featured_media":1916,"parent":10386,"menu_order":0,"comment_status":"closed","ping_status":"closed","template":"template-header-large.php","meta":{"_acf_changed":false,"footnotes":""},"class_list":["post-10388","page","type-page","status-publish","has-post-thumbnail","hentry"],"acf":[],"yoast_head":"<!-- This site is optimized with the Yoast SEO plugin v27.1.1 - https:\/\/yoast.com\/product\/yoast-seo-wordpress\/ -->\n<title>Dinard markets - Dinard \u00c9meraude Tourisme<\/title>\n<meta name=\"description\" content=\"Shop the best fresh French food in Brittany at Dinard markets: Tuesdays, Thurdays and Saturdays all year long.\" \/>\n<meta name=\"robots\" content=\"index, follow, max-snippet:-1, max-image-preview:large, max-video-preview:-1\" \/>\n<link rel=\"canonical\" href=\"https:\/\/www.dinardemeraudetourisme.com\/en\/to-see-and-do\/markets\/dinard-markets\/\" \/>\n<meta property=\"og:locale\" content=\"en_US\" \/>\n<meta property=\"og:type\" content=\"article\" \/>\n<meta property=\"og:title\" content=\"Dinard markets - Dinard \u00c9meraude Tourisme\" \/>\n<meta property=\"og:description\" content=\"Shop the best fresh French food in Brittany at Dinard markets: Tuesdays, Thurdays and Saturdays all year long.\" \/>\n<meta property=\"og:url\" content=\"https:\/\/www.dinardemeraudetourisme.com\/en\/to-see-and-do\/markets\/dinard-markets\/\" \/>\n<meta property=\"og:site_name\" content=\"Dinard \u00c9meraude Tourisme\" \/>\n<meta property=\"article:modified_time\" content=\"2026-03-26T16:06:25+00:00\" \/>\n<meta property=\"og:image\" content=\"https:\/\/www.dinardemeraudetourisme.com\/app\/uploads\/2024\/04\/marches-de-dinard-.lamoureux-3-scaled-1950x1300-1.jpg\" \/>\n\t<meta property=\"og:image:width\" content=\"1950\" \/>\n\t<meta property=\"og:image:height\" content=\"1300\" \/>\n\t<meta property=\"og:image:type\" content=\"image\/jpeg\" \/>\n<meta name=\"twitter:card\" content=\"summary_large_image\" \/>\n<meta name=\"twitter:label1\" content=\"Est. reading time\" \/>\n\t<meta name=\"twitter:data1\" content=\"3 minutes\" \/>\n<script type=\"application\/ld+json\" class=\"yoast-schema-graph\">{\"@context\":\"https:\/\/schema.org\",\"@graph\":[{\"@type\":\"WebPage\",\"@id\":\"https:\/\/www.dinardemeraudetourisme.com\/en\/to-see-and-do\/markets\/dinard-markets\/\",\"url\":\"https:\/\/www.dinardemeraudetourisme.com\/en\/to-see-and-do\/markets\/dinard-markets\/\",\"name\":\"Dinard markets - Dinard \u00c9meraude Tourisme\",\"isPartOf\":{\"@id\":\"https:\/\/www.dinardemeraudetourisme.com\/en\/#website\"},\"primaryImageOfPage\":{\"@id\":\"https:\/\/www.dinardemeraudetourisme.com\/en\/to-see-and-do\/markets\/dinard-markets\/#primaryimage\"},\"image\":{\"@id\":\"https:\/\/www.dinardemeraudetourisme.com\/en\/to-see-and-do\/markets\/dinard-markets\/#primaryimage\"},\"thumbnailUrl\":\"https:\/\/www.dinardemeraudetourisme.com\/app\/uploads\/2024\/04\/marches-de-dinard-.lamoureux-3-scaled-1950x1300-1.jpg\",\"datePublished\":\"2024-04-24T11:17:00+00:00\",\"dateModified\":\"2026-03-26T16:06:25+00:00\",\"description\":\"Shop the best fresh French food in Brittany at Dinard markets: Tuesdays, Thurdays and Saturdays all year long.\",\"breadcrumb\":{\"@id\":\"https:\/\/www.dinardemeraudetourisme.com\/en\/to-see-and-do\/markets\/dinard-markets\/#breadcrumb\"},\"inLanguage\":\"en-US\",\"potentialAction\":[{\"@type\":\"ReadAction\",\"target\":[\"https:\/\/www.dinardemeraudetourisme.com\/en\/to-see-and-do\/markets\/dinard-markets\/\"]}]},{\"@type\":\"ImageObject\",\"inLanguage\":\"en-US\",\"@id\":\"https:\/\/www.dinardemeraudetourisme.com\/en\/to-see-and-do\/markets\/dinard-markets\/#primaryimage\",\"url\":\"https:\/\/www.dinardemeraudetourisme.com\/app\/uploads\/2024\/04\/marches-de-dinard-.lamoureux-3-scaled-1950x1300-1.jpg\",\"contentUrl\":\"https:\/\/www.dinardemeraudetourisme.com\/app\/uploads\/2024\/04\/marches-de-dinard-.lamoureux-3-scaled-1950x1300-1.jpg\",\"width\":1950,\"height\":1300,\"caption\":\"All\u00e9e du march\u00e9 de Dinard. Des passants font leurs emplettes sous le soleil au march\u00e9 de Dinard. L'un des plus grands de la C\u00f4te d'\u00c9meraude, il a lieu le mardi, le jeudi et le samedi.\"},{\"@type\":\"WebSite\",\"@id\":\"https:\/\/www.dinardemeraudetourisme.com\/en\/#website\",\"url\":\"https:\/\/www.dinardemeraudetourisme.com\/en\/\",\"name\":\"Dinard \u00c9meraude Tourisme\",\"description\":\"\",\"potentialAction\":[{\"@type\":\"SearchAction\",\"target\":{\"@type\":\"EntryPoint\",\"urlTemplate\":\"https:\/\/www.dinardemeraudetourisme.com\/en\/?s={search_term_string}\"},\"query-input\":{\"@type\":\"PropertyValueSpecification\",\"valueRequired\":true,\"valueName\":\"search_term_string\"}}],\"inLanguage\":\"en-US\"}]}<\/script>\n<!-- \/ Yoast SEO plugin. -->","yoast_head_json":{"title":"Dinard markets - Dinard \u00c9meraude Tourisme","description":"Shop the best fresh French food in Brittany at Dinard markets: Tuesdays, Thurdays and Saturdays all year long.","robots":{"index":"index","follow":"follow","max-snippet":"max-snippet:-1","max-image-preview":"max-image-preview:large","max-video-preview":"max-video-preview:-1"},"canonical":"https:\/\/www.dinardemeraudetourisme.com\/en\/to-see-and-do\/markets\/dinard-markets\/","og_locale":"en_US","og_type":"article","og_title":"Dinard markets - Dinard \u00c9meraude Tourisme","og_description":"Shop the best fresh French food in Brittany at Dinard markets: Tuesdays, Thurdays and Saturdays all year long.","og_url":"https:\/\/www.dinardemeraudetourisme.com\/en\/to-see-and-do\/markets\/dinard-markets\/","og_site_name":"Dinard \u00c9meraude Tourisme","article_modified_time":"2026-03-26T16:06:25+00:00","og_image":[{"width":1950,"height":1300,"url":"https:\/\/www.dinardemeraudetourisme.com\/app\/uploads\/2024\/04\/marches-de-dinard-.lamoureux-3-scaled-1950x1300-1.jpg","type":"image\/jpeg"}],"twitter_card":"summary_large_image","twitter_misc":{"Est. reading time":"3 minutes"},"schema":{"@context":"https:\/\/schema.org","@graph":[{"@type":"WebPage","@id":"https:\/\/www.dinardemeraudetourisme.com\/en\/to-see-and-do\/markets\/dinard-markets\/","url":"https:\/\/www.dinardemeraudetourisme.com\/en\/to-see-and-do\/markets\/dinard-markets\/","name":"Dinard markets - Dinard \u00c9meraude Tourisme","isPartOf":{"@id":"https:\/\/www.dinardemeraudetourisme.com\/en\/#website"},"primaryImageOfPage":{"@id":"https:\/\/www.dinardemeraudetourisme.com\/en\/to-see-and-do\/markets\/dinard-markets\/#primaryimage"},"image":{"@id":"https:\/\/www.dinardemeraudetourisme.com\/en\/to-see-and-do\/markets\/dinard-markets\/#primaryimage"},"thumbnailUrl":"https:\/\/www.dinardemeraudetourisme.com\/app\/uploads\/2024\/04\/marches-de-dinard-.lamoureux-3-scaled-1950x1300-1.jpg","datePublished":"2024-04-24T11:17:00+00:00","dateModified":"2026-03-26T16:06:25+00:00","description":"Shop the best fresh French food in Brittany at Dinard markets: Tuesdays, Thurdays and Saturdays all year long.","breadcrumb":{"@id":"https:\/\/www.dinardemeraudetourisme.com\/en\/to-see-and-do\/markets\/dinard-markets\/#breadcrumb"},"inLanguage":"en-US","potentialAction":[{"@type":"ReadAction","target":["https:\/\/www.dinardemeraudetourisme.com\/en\/to-see-and-do\/markets\/dinard-markets\/"]}]},{"@type":"ImageObject","inLanguage":"en-US","@id":"https:\/\/www.dinardemeraudetourisme.com\/en\/to-see-and-do\/markets\/dinard-markets\/#primaryimage","url":"https:\/\/www.dinardemeraudetourisme.com\/app\/uploads\/2024\/04\/marches-de-dinard-.lamoureux-3-scaled-1950x1300-1.jpg","contentUrl":"https:\/\/www.dinardemeraudetourisme.com\/app\/uploads\/2024\/04\/marches-de-dinard-.lamoureux-3-scaled-1950x1300-1.jpg","width":1950,"height":1300,"caption":"All\u00e9e du march\u00e9 de Dinard. Des passants font leurs emplettes sous le soleil au march\u00e9 de Dinard. L'un des plus grands de la C\u00f4te d'\u00c9meraude, il a lieu le mardi, le jeudi et le samedi."},{"@type":"WebSite","@id":"https:\/\/www.dinardemeraudetourisme.com\/en\/#website","url":"https:\/\/www.dinardemeraudetourisme.com\/en\/","name":"Dinard \u00c9meraude Tourisme","description":"","potentialAction":[{"@type":"SearchAction","target":{"@type":"EntryPoint","urlTemplate":"https:\/\/www.dinardemeraudetourisme.com\/en\/?s={search_term_string}"},"query-input":{"@type":"PropertyValueSpecification","valueRequired":true,"valueName":"search_term_string"}}],"inLanguage":"en-US"}]}},"_links":{"self":[{"href":"https:\/\/www.dinardemeraudetourisme.com\/en\/wp-json\/wp\/v2\/pages\/10388","targetHints":{"allow":["GET"]}}],"collection":[{"href":"https:\/\/www.dinardemeraudetourisme.com\/en\/wp-json\/wp\/v2\/pages"}],"about":[{"href":"https:\/\/www.dinardemeraudetourisme.com\/en\/wp-json\/wp\/v2\/types\/page"}],"author":[{"embeddable":true,"href":"https:\/\/www.dinardemeraudetourisme.com\/en\/wp-json\/wp\/v2\/users\/1"}],"replies":[{"embeddable":true,"href":"https:\/\/www.dinardemeraudetourisme.com\/en\/wp-json\/wp\/v2\/comments?post=10388"}],"version-history":[{"count":4,"href":"https:\/\/www.dinardemeraudetourisme.com\/en\/wp-json\/wp\/v2\/pages\/10388\/revisions"}],"predecessor-version":[{"id":17823,"href":"https:\/\/www.dinardemeraudetourisme.com\/en\/wp-json\/wp\/v2\/pages\/10388\/revisions\/17823"}],"up":[{"embeddable":true,"href":"https:\/\/www.dinardemeraudetourisme.com\/en\/wp-json\/wp\/v2\/pages\/10386"}],"wp:featuredmedia":[{"embeddable":true,"href":"https:\/\/www.dinardemeraudetourisme.com\/en\/wp-json\/wp\/v2\/media\/1916"}],"wp:attachment":[{"href":"https:\/\/www.dinardemeraudetourisme.com\/en\/wp-json\/wp\/v2\/media?parent=10388"}],"curies":[{"name":"wp","href":"https:\/\/api.w.org\/{rel}","templated":true}]}}