{"id":10387,"date":"2024-04-24T13:16:28","date_gmt":"2024-04-24T11:16:28","guid":{"rendered":"https:\/\/www.dinardemeraudetourisme.com\/to-see-and-do\/marches-et-brocantes\/marche-de-lancieux\/"},"modified":"2026-03-26T17:06:17","modified_gmt":"2026-03-26T16:06:17","slug":"market-of-lancieux","status":"publish","type":"page","link":"https:\/\/www.dinardemeraudetourisme.com\/en\/to-see-and-do\/markets\/market-of-lancieux\/","title":{"rendered":"Market of Lancieux"},"content":{"rendered":"\n<p>Visit the market of <strong><a href=\"https:\/\/www.dinardemeraudetourisme.com\/en\/explore\/8-emerald-paradises\/discover-lancieux\/\" target=\"_blank\" rel=\"noreferrer noopener\">Lancieux <\/a><\/strong>every Tuesday throughout the year<\/p>\n\n\n\n<h2 class=\"wp-block-heading\">Weekly market<\/h2>\n\n\n\n<p>Looking for locally grown vegetables in Lancieux? We recommend visiting the town&#8217;s weekly market to purchase vegetables, meat, fish, as well as other non-food items such as clothing, shoes, or household goods.<\/p>\n\n\n\n<p>Need specific information about the market? Contact the <strong><a href=\"https:\/\/www.mairie-lancieux.fr\/\" target=\"_blank\" rel=\"noreferrer noopener\">Lancieux Town council<\/a><\/strong>.<\/p>\n\n\n\n<h4 class=\"wp-block-heading\"><br>Practical<\/h4>\n\n\n\n<p>The market of Lancieux takes place on Tuesday mornings throughout the year on Rue du Poncel. In the summer, it expands and extends up to the Lancieux church.<\/p>\n\n\n\n<div class=\"wp-block-columns is-layout-flex wp-container-core-columns-is-layout-28f84493 wp-block-columns-is-layout-flex\">\n<div class=\"wp-block-column is-layout-flow wp-block-column-is-layout-flow\">\n<figure class=\"wp-block-image size-large\"><img loading=\"lazy\" decoding=\"async\" width=\"1024\" height=\"678\" src=\"https:\/\/www.dinardemeraudetourisme.com\/app\/uploads\/2024\/04\/marche-brocante-4-1024x678.webp\" alt=\"March\u00e9s et brocantes de la C\u00f4te d'\u00c9meraude. Une personne tient dans ses mains des fraises rouges.\" class=\"wp-image-3760\" srcset=\"https:\/\/www.dinardemeraudetourisme.com\/app\/uploads\/2024\/04\/marche-brocante-4-1024x678.webp 1024w, https:\/\/www.dinardemeraudetourisme.com\/app\/uploads\/2024\/04\/marche-brocante-4-300x199.webp 300w, https:\/\/www.dinardemeraudetourisme.com\/app\/uploads\/2024\/04\/marche-brocante-4-768x508.webp 768w, https:\/\/www.dinardemeraudetourisme.com\/app\/uploads\/2024\/04\/marche-brocante-4-20x13.webp 20w, https:\/\/www.dinardemeraudetourisme.com\/app\/uploads\/2024\/04\/marche-brocante-4-50x33.webp 50w, https:\/\/www.dinardemeraudetourisme.com\/app\/uploads\/2024\/04\/marche-brocante-4-45x30.webp 45w, https:\/\/www.dinardemeraudetourisme.com\/app\/uploads\/2024\/04\/marche-brocante-4-60x40.webp 60w, https:\/\/www.dinardemeraudetourisme.com\/app\/uploads\/2024\/04\/marche-brocante-4-80x53.webp 80w, https:\/\/www.dinardemeraudetourisme.com\/app\/uploads\/2024\/04\/marche-brocante-4-110x73.webp 110w, https:\/\/www.dinardemeraudetourisme.com\/app\/uploads\/2024\/04\/marche-brocante-4-160x106.webp 160w, https:\/\/www.dinardemeraudetourisme.com\/app\/uploads\/2024\/04\/marche-brocante-4-250x165.webp 250w, https:\/\/www.dinardemeraudetourisme.com\/app\/uploads\/2024\/04\/marche-brocante-4-1208x800.webp 1208w, https:\/\/www.dinardemeraudetourisme.com\/app\/uploads\/2024\/04\/marche-brocante-4.webp 1355w\" sizes=\"auto, (max-width: 1024px) 100vw, 1024px\" \/><\/figure>\n<\/div>\n\n\n\n<div class=\"wp-block-column is-layout-flow wp-block-column-is-layout-flow\">\n<figure class=\"wp-block-image size-large\"><img loading=\"lazy\" decoding=\"async\" width=\"1024\" height=\"627\" src=\"https:\/\/www.dinardemeraudetourisme.com\/app\/uploads\/2024\/04\/lancieux-le-vieux-clocher-c-charlotte-longepe-17-1024x627.jpg\" alt=\"Lancieux Le Vieux Clocher, vestige de l'ancienne \u00e9glise. Aujourd'hui, on le d\u00e9couvre gr\u00e2ce aux visites guid\u00e9es (c) Charlotte Long\u00e9p\u00e9\" class=\"wp-image-3340\" srcset=\"https:\/\/www.dinardemeraudetourisme.com\/app\/uploads\/2024\/04\/lancieux-le-vieux-clocher-c-charlotte-longepe-17-1024x627.jpg 1024w, https:\/\/www.dinardemeraudetourisme.com\/app\/uploads\/2024\/04\/lancieux-le-vieux-clocher-c-charlotte-longepe-17-300x184.jpg 300w, https:\/\/www.dinardemeraudetourisme.com\/app\/uploads\/2024\/04\/lancieux-le-vieux-clocher-c-charlotte-longepe-17-768x470.jpg 768w, https:\/\/www.dinardemeraudetourisme.com\/app\/uploads\/2024\/04\/lancieux-le-vieux-clocher-c-charlotte-longepe-17-1536x940.jpg 1536w, https:\/\/www.dinardemeraudetourisme.com\/app\/uploads\/2024\/04\/lancieux-le-vieux-clocher-c-charlotte-longepe-17-20x12.jpg 20w, https:\/\/www.dinardemeraudetourisme.com\/app\/uploads\/2024\/04\/lancieux-le-vieux-clocher-c-charlotte-longepe-17-50x30.jpg 50w, https:\/\/www.dinardemeraudetourisme.com\/app\/uploads\/2024\/04\/lancieux-le-vieux-clocher-c-charlotte-longepe-17-60x37.jpg 60w, https:\/\/www.dinardemeraudetourisme.com\/app\/uploads\/2024\/04\/lancieux-le-vieux-clocher-c-charlotte-longepe-17-80x49.jpg 80w, https:\/\/www.dinardemeraudetourisme.com\/app\/uploads\/2024\/04\/lancieux-le-vieux-clocher-c-charlotte-longepe-17-110x67.jpg 110w, https:\/\/www.dinardemeraudetourisme.com\/app\/uploads\/2024\/04\/lancieux-le-vieux-clocher-c-charlotte-longepe-17-160x98.jpg 160w, https:\/\/www.dinardemeraudetourisme.com\/app\/uploads\/2024\/04\/lancieux-le-vieux-clocher-c-charlotte-longepe-17-250x153.jpg 250w, https:\/\/www.dinardemeraudetourisme.com\/app\/uploads\/2024\/04\/lancieux-le-vieux-clocher-c-charlotte-longepe-17-65x40.jpg 65w, https:\/\/www.dinardemeraudetourisme.com\/app\/uploads\/2024\/04\/lancieux-le-vieux-clocher-c-charlotte-longepe-17-1307x800.jpg 1307w, https:\/\/www.dinardemeraudetourisme.com\/app\/uploads\/2024\/04\/lancieux-le-vieux-clocher-c-charlotte-longepe-17.jpg 1776w\" sizes=\"auto, (max-width: 1024px) 100vw, 1024px\" \/><\/figure>\n<\/div>\n<\/div>\n\n\n\n<h2 class=\"wp-block-heading\"><br>The other markets of the Emerald Coast<\/h2>\n\n\n\n<h4 class=\"wp-block-heading\">Monday<\/h4>\n\n\n\n<ul class=\"wp-block-list\">\n<li>Saint-Briac-sur-Mer (July-August)<\/li>\n<\/ul>\n\n\n\n<h4 class=\"wp-block-heading\">Tuesday<\/h4>\n\n\n\n<ul class=\"wp-block-list\">\n<li>Dinard<\/li>\n<\/ul>\n\n\n\n<h4 class=\"wp-block-heading\">Wednesday<\/h4>\n\n\n\n<ul class=\"wp-block-list\">\n<li>La Richardais<\/li>\n\n\n\n<li>Dinard \u2013 Saint-\u00c9nogat (July-August)<\/li>\n<\/ul>\n\n\n\n<h4 class=\"wp-block-heading\">Thursday<\/h4>\n\n\n\n<ul class=\"wp-block-list\">\n<li>Dinard<\/li>\n<\/ul>\n\n\n\n<h4 class=\"wp-block-heading\">Friday<\/h4>\n\n\n\n<ul class=\"wp-block-list\">\n<li>Saint-Briac-sur-Mer<\/li>\n\n\n\n<li>Pleurtuit<\/li>\n<\/ul>\n\n\n\n<h4 class=\"wp-block-heading\">Saturday<\/h4>\n\n\n\n<ul class=\"wp-block-list\">\n<li>Dinard<\/li>\n<\/ul>\n\n\n\n<h4 class=\"wp-block-heading\">Sunday<\/h4>\n\n\n\n<ul class=\"wp-block-list\">\n<li>Saint-Lunaire<\/li>\n\n\n\n<li>Pleurtuit<\/li>\n<\/ul>\n","protected":false},"excerpt":{"rendered":"<p>Visit the market of Lancieux every Tuesday throughout the year Weekly market Looking for locally grown vegetables in Lancieux? We recommend visiting the town&#8217;s weekly market to purchase vegetables, meat, fish, as well as other non-food items such as clothing, shoes, or household goods. Need specific information about the market? Contact the Lancieux Town council. [&hellip;]<\/p>\n","protected":false},"author":1,"featured_media":3761,"parent":10386,"menu_order":0,"comment_status":"closed","ping_status":"closed","template":"template-header-large.php","meta":{"_acf_changed":false,"footnotes":""},"class_list":["post-10387","page","type-page","status-publish","has-post-thumbnail","hentry"],"acf":[],"yoast_head":"<!-- This site is optimized with the Yoast SEO plugin v27.5 - https:\/\/yoast.com\/product\/yoast-seo-wordpress\/ -->\n<title>Market of Lancieux - Dinard \u00c9meraude Tourisme<\/title>\n<meta name=\"description\" content=\"The market of Lancieux takes place on Tuesdays next to the Tourist Office. Fresh Breton food from local producers.\" \/>\n<meta name=\"robots\" content=\"index, follow, max-snippet:-1, max-image-preview:large, max-video-preview:-1\" \/>\n<link rel=\"canonical\" href=\"https:\/\/www.dinardemeraudetourisme.com\/en\/to-see-and-do\/markets\/market-of-lancieux\/\" \/>\n<meta property=\"og:locale\" content=\"en_US\" \/>\n<meta property=\"og:type\" content=\"article\" \/>\n<meta property=\"og:title\" content=\"Market of Lancieux - Dinard \u00c9meraude Tourisme\" \/>\n<meta property=\"og:description\" content=\"The market of Lancieux takes place on Tuesdays next to the Tourist Office. Fresh Breton food from local producers.\" \/>\n<meta property=\"og:url\" content=\"https:\/\/www.dinardemeraudetourisme.com\/en\/to-see-and-do\/markets\/market-of-lancieux\/\" \/>\n<meta property=\"og:site_name\" content=\"Dinard \u00c9meraude Tourisme\" \/>\n<meta property=\"article:modified_time\" content=\"2026-03-26T16:06:17+00:00\" \/>\n<meta property=\"og:image\" content=\"https:\/\/www.dinardemeraudetourisme.com\/app\/uploads\/2024\/04\/marche-brocante-4.webp\" \/>\n\t<meta property=\"og:image:width\" content=\"1355\" \/>\n\t<meta property=\"og:image:height\" content=\"897\" \/>\n\t<meta property=\"og:image:type\" content=\"image\/webp\" \/>\n<meta name=\"twitter:card\" content=\"summary_large_image\" \/>\n<meta name=\"twitter:label1\" content=\"Est. reading time\" \/>\n\t<meta name=\"twitter:data1\" content=\"2 minutes\" \/>\n<script type=\"application\/ld+json\" class=\"yoast-schema-graph\">{\"@context\":\"https:\\\/\\\/schema.org\",\"@graph\":[{\"@type\":\"WebPage\",\"@id\":\"https:\\\/\\\/www.dinardemeraudetourisme.com\\\/en\\\/to-see-and-do\\\/markets\\\/market-of-lancieux\\\/\",\"url\":\"https:\\\/\\\/www.dinardemeraudetourisme.com\\\/en\\\/to-see-and-do\\\/markets\\\/market-of-lancieux\\\/\",\"name\":\"Market of Lancieux - Dinard \u00c9meraude Tourisme\",\"isPartOf\":{\"@id\":\"https:\\\/\\\/www.dinardemeraudetourisme.com\\\/en\\\/#website\"},\"primaryImageOfPage\":{\"@id\":\"https:\\\/\\\/www.dinardemeraudetourisme.com\\\/en\\\/to-see-and-do\\\/markets\\\/market-of-lancieux\\\/#primaryimage\"},\"image\":{\"@id\":\"https:\\\/\\\/www.dinardemeraudetourisme.com\\\/en\\\/to-see-and-do\\\/markets\\\/market-of-lancieux\\\/#primaryimage\"},\"thumbnailUrl\":\"https:\\\/\\\/www.dinardemeraudetourisme.com\\\/app\\\/uploads\\\/2024\\\/04\\\/marche-brocante-4.webp\",\"datePublished\":\"2024-04-24T11:16:28+00:00\",\"dateModified\":\"2026-03-26T16:06:17+00:00\",\"description\":\"The market of Lancieux takes place on Tuesdays next to the Tourist Office. Fresh Breton food from local producers.\",\"breadcrumb\":{\"@id\":\"https:\\\/\\\/www.dinardemeraudetourisme.com\\\/en\\\/to-see-and-do\\\/markets\\\/market-of-lancieux\\\/#breadcrumb\"},\"inLanguage\":\"en-US\",\"potentialAction\":[{\"@type\":\"ReadAction\",\"target\":[\"https:\\\/\\\/www.dinardemeraudetourisme.com\\\/en\\\/to-see-and-do\\\/markets\\\/market-of-lancieux\\\/\"]}]},{\"@type\":\"ImageObject\",\"inLanguage\":\"en-US\",\"@id\":\"https:\\\/\\\/www.dinardemeraudetourisme.com\\\/en\\\/to-see-and-do\\\/markets\\\/market-of-lancieux\\\/#primaryimage\",\"url\":\"https:\\\/\\\/www.dinardemeraudetourisme.com\\\/app\\\/uploads\\\/2024\\\/04\\\/marche-brocante-4.webp\",\"contentUrl\":\"https:\\\/\\\/www.dinardemeraudetourisme.com\\\/app\\\/uploads\\\/2024\\\/04\\\/marche-brocante-4.webp\",\"width\":1355,\"height\":897,\"caption\":\"March\u00e9s et brocantes de la C\u00f4te d'\u00c9meraude. Une personne tient dans ses mains des fraises rouges.\"},{\"@type\":\"WebSite\",\"@id\":\"https:\\\/\\\/www.dinardemeraudetourisme.com\\\/en\\\/#website\",\"url\":\"https:\\\/\\\/www.dinardemeraudetourisme.com\\\/en\\\/\",\"name\":\"Dinard \u00c9meraude Tourisme\",\"description\":\"\",\"potentialAction\":[{\"@type\":\"SearchAction\",\"target\":{\"@type\":\"EntryPoint\",\"urlTemplate\":\"https:\\\/\\\/www.dinardemeraudetourisme.com\\\/en\\\/?s={search_term_string}\"},\"query-input\":{\"@type\":\"PropertyValueSpecification\",\"valueRequired\":true,\"valueName\":\"search_term_string\"}}],\"inLanguage\":\"en-US\"}]}<\/script>\n<!-- \/ Yoast SEO plugin. -->","yoast_head_json":{"title":"Market of Lancieux - Dinard \u00c9meraude Tourisme","description":"The market of Lancieux takes place on Tuesdays next to the Tourist Office. Fresh Breton food from local producers.","robots":{"index":"index","follow":"follow","max-snippet":"max-snippet:-1","max-image-preview":"max-image-preview:large","max-video-preview":"max-video-preview:-1"},"canonical":"https:\/\/www.dinardemeraudetourisme.com\/en\/to-see-and-do\/markets\/market-of-lancieux\/","og_locale":"en_US","og_type":"article","og_title":"Market of Lancieux - Dinard \u00c9meraude Tourisme","og_description":"The market of Lancieux takes place on Tuesdays next to the Tourist Office. Fresh Breton food from local producers.","og_url":"https:\/\/www.dinardemeraudetourisme.com\/en\/to-see-and-do\/markets\/market-of-lancieux\/","og_site_name":"Dinard \u00c9meraude Tourisme","article_modified_time":"2026-03-26T16:06:17+00:00","og_image":[{"width":1355,"height":897,"url":"https:\/\/www.dinardemeraudetourisme.com\/app\/uploads\/2024\/04\/marche-brocante-4.webp","type":"image\/webp"}],"twitter_card":"summary_large_image","twitter_misc":{"Est. reading time":"2 minutes"},"schema":{"@context":"https:\/\/schema.org","@graph":[{"@type":"WebPage","@id":"https:\/\/www.dinardemeraudetourisme.com\/en\/to-see-and-do\/markets\/market-of-lancieux\/","url":"https:\/\/www.dinardemeraudetourisme.com\/en\/to-see-and-do\/markets\/market-of-lancieux\/","name":"Market of Lancieux - Dinard \u00c9meraude Tourisme","isPartOf":{"@id":"https:\/\/www.dinardemeraudetourisme.com\/en\/#website"},"primaryImageOfPage":{"@id":"https:\/\/www.dinardemeraudetourisme.com\/en\/to-see-and-do\/markets\/market-of-lancieux\/#primaryimage"},"image":{"@id":"https:\/\/www.dinardemeraudetourisme.com\/en\/to-see-and-do\/markets\/market-of-lancieux\/#primaryimage"},"thumbnailUrl":"https:\/\/www.dinardemeraudetourisme.com\/app\/uploads\/2024\/04\/marche-brocante-4.webp","datePublished":"2024-04-24T11:16:28+00:00","dateModified":"2026-03-26T16:06:17+00:00","description":"The market of Lancieux takes place on Tuesdays next to the Tourist Office. Fresh Breton food from local producers.","breadcrumb":{"@id":"https:\/\/www.dinardemeraudetourisme.com\/en\/to-see-and-do\/markets\/market-of-lancieux\/#breadcrumb"},"inLanguage":"en-US","potentialAction":[{"@type":"ReadAction","target":["https:\/\/www.dinardemeraudetourisme.com\/en\/to-see-and-do\/markets\/market-of-lancieux\/"]}]},{"@type":"ImageObject","inLanguage":"en-US","@id":"https:\/\/www.dinardemeraudetourisme.com\/en\/to-see-and-do\/markets\/market-of-lancieux\/#primaryimage","url":"https:\/\/www.dinardemeraudetourisme.com\/app\/uploads\/2024\/04\/marche-brocante-4.webp","contentUrl":"https:\/\/www.dinardemeraudetourisme.com\/app\/uploads\/2024\/04\/marche-brocante-4.webp","width":1355,"height":897,"caption":"March\u00e9s et brocantes de la C\u00f4te d'\u00c9meraude. Une personne tient dans ses mains des fraises rouges."},{"@type":"WebSite","@id":"https:\/\/www.dinardemeraudetourisme.com\/en\/#website","url":"https:\/\/www.dinardemeraudetourisme.com\/en\/","name":"Dinard \u00c9meraude Tourisme","description":"","potentialAction":[{"@type":"SearchAction","target":{"@type":"EntryPoint","urlTemplate":"https:\/\/www.dinardemeraudetourisme.com\/en\/?s={search_term_string}"},"query-input":{"@type":"PropertyValueSpecification","valueRequired":true,"valueName":"search_term_string"}}],"inLanguage":"en-US"}]}},"_links":{"self":[{"href":"https:\/\/www.dinardemeraudetourisme.com\/en\/wp-json\/wp\/v2\/pages\/10387","targetHints":{"allow":["GET"]}}],"collection":[{"href":"https:\/\/www.dinardemeraudetourisme.com\/en\/wp-json\/wp\/v2\/pages"}],"about":[{"href":"https:\/\/www.dinardemeraudetourisme.com\/en\/wp-json\/wp\/v2\/types\/page"}],"author":[{"embeddable":true,"href":"https:\/\/www.dinardemeraudetourisme.com\/en\/wp-json\/wp\/v2\/users\/1"}],"replies":[{"embeddable":true,"href":"https:\/\/www.dinardemeraudetourisme.com\/en\/wp-json\/wp\/v2\/comments?post=10387"}],"version-history":[{"count":4,"href":"https:\/\/www.dinardemeraudetourisme.com\/en\/wp-json\/wp\/v2\/pages\/10387\/revisions"}],"predecessor-version":[{"id":21280,"href":"https:\/\/www.dinardemeraudetourisme.com\/en\/wp-json\/wp\/v2\/pages\/10387\/revisions\/21280"}],"up":[{"embeddable":true,"href":"https:\/\/www.dinardemeraudetourisme.com\/en\/wp-json\/wp\/v2\/pages\/10386"}],"wp:featuredmedia":[{"embeddable":true,"href":"https:\/\/www.dinardemeraudetourisme.com\/en\/wp-json\/wp\/v2\/media\/3761"}],"wp:attachment":[{"href":"https:\/\/www.dinardemeraudetourisme.com\/en\/wp-json\/wp\/v2\/media?parent=10387"}],"curies":[{"name":"wp","href":"https:\/\/api.w.org\/{rel}","templated":true}]}}