{"id":10382,"date":"2024-04-24T13:16:05","date_gmt":"2024-04-24T11:16:05","guid":{"rendered":"https:\/\/www.dinardemeraudetourisme.com\/marche-de-la-richardais\/"},"modified":"2026-03-04T17:09:47","modified_gmt":"2026-03-04T16:09:47","slug":"la-richardais-market","status":"publish","type":"page","link":"https:\/\/www.dinardemeraudetourisme.com\/en\/to-see-and-do\/markets\/la-richardais-market\/","title":{"rendered":"La Richardais&#8217; market"},"content":{"rendered":"\n<p><strong><a href=\"https:\/\/www.dinardemeraudetourisme.com\/en\/explore\/8-emerald-paradises\/discover-la-richardais\/\" target=\"_blank\" rel=\"noreferrer noopener\">La Richardais<\/a><\/strong>&#8216; market takes place every Wednesday on the church square.<\/p>\n\n\n\n<h2 class=\"wp-block-heading\"><br>Weekly market<\/h2>\n\n\n\n<p>One of the greatest pleasures of vacation is the market. It\u2019s the perfect opportunity to stroll, discover, meet people, and stock up on local goods. In <strong><a href=\"http:\/\/www.ville-larichardais.fr\/\" target=\"_blank\" rel=\"noreferrer noopener\">La Richardais<\/a><\/strong>, the market takes place every Wednesday morning, all year round, at Place de l\u2019\u00c9glise. The stalls are filled with regional products, symbols of the local art of living.<\/p>\n\n\n\n<h4 class=\"wp-block-heading\">Practical Information<\/h4>\n\n\n\n<p>The market is held every Wednesday from 8:00 AM to 12:30 PM, at Place de l\u2019\u00c9glise.<\/p>\n\n\n\n<div class=\"wp-block-columns is-layout-flex wp-container-core-columns-is-layout-28f84493 wp-block-columns-is-layout-flex\">\n<div class=\"wp-block-column is-layout-flow wp-block-column-is-layout-flow\" style=\"flex-basis:33.33%\">\n<figure class=\"wp-block-image size-full\"><img loading=\"lazy\" decoding=\"async\" width=\"700\" height=\"875\" src=\"https:\/\/www.dinardemeraudetourisme.com\/app\/uploads\/2024\/04\/marche-brocante-10.webp\" alt=\"Les march\u00e9s et brocantes de la C\u00f4te d'\u00c9meraude. Stand de fruits et l\u00e9gumes. Une personne se sert en raisins noirs sur le march\u00e9.\" class=\"wp-image-3766\" srcset=\"https:\/\/www.dinardemeraudetourisme.com\/app\/uploads\/2024\/04\/marche-brocante-10.webp 700w, https:\/\/www.dinardemeraudetourisme.com\/app\/uploads\/2024\/04\/marche-brocante-10-240x300.webp 240w, https:\/\/www.dinardemeraudetourisme.com\/app\/uploads\/2024\/04\/marche-brocante-10-16x20.webp 16w, https:\/\/www.dinardemeraudetourisme.com\/app\/uploads\/2024\/04\/marche-brocante-10-40x50.webp 40w, https:\/\/www.dinardemeraudetourisme.com\/app\/uploads\/2024\/04\/marche-brocante-10-24x30.webp 24w, https:\/\/www.dinardemeraudetourisme.com\/app\/uploads\/2024\/04\/marche-brocante-10-48x60.webp 48w, https:\/\/www.dinardemeraudetourisme.com\/app\/uploads\/2024\/04\/marche-brocante-10-64x80.webp 64w, https:\/\/www.dinardemeraudetourisme.com\/app\/uploads\/2024\/04\/marche-brocante-10-110x138.webp 110w, https:\/\/www.dinardemeraudetourisme.com\/app\/uploads\/2024\/04\/marche-brocante-10-128x160.webp 128w, https:\/\/www.dinardemeraudetourisme.com\/app\/uploads\/2024\/04\/marche-brocante-10-250x313.webp 250w, https:\/\/www.dinardemeraudetourisme.com\/app\/uploads\/2024\/04\/marche-brocante-10-32x40.webp 32w, https:\/\/www.dinardemeraudetourisme.com\/app\/uploads\/2024\/04\/marche-brocante-10-640x800.webp 640w\" sizes=\"auto, (max-width: 700px) 100vw, 700px\" \/><\/figure>\n<\/div>\n\n\n\n<div class=\"wp-block-column is-layout-flow wp-block-column-is-layout-flow\" style=\"flex-basis:66.66%\">\n<figure class=\"wp-block-image size-large is-resized\"><img loading=\"lazy\" decoding=\"async\" width=\"1024\" height=\"682\" src=\"https:\/\/www.dinardemeraudetourisme.com\/app\/uploads\/2024\/04\/la-richardais-credit-lezbroz-1024x682.jpg\" alt=\"Le port de La Richardais est au coeur du village. Le centre nautique permet de d\u00e9couvrir l'estuaire de la Rance en kayak, en aviron ou en paddle.\" class=\"wp-image-3378\" style=\"width:611px;height:auto\" srcset=\"https:\/\/www.dinardemeraudetourisme.com\/app\/uploads\/2024\/04\/la-richardais-credit-lezbroz-1024x682.jpg 1024w, https:\/\/www.dinardemeraudetourisme.com\/app\/uploads\/2024\/04\/la-richardais-credit-lezbroz-300x200.jpg 300w, https:\/\/www.dinardemeraudetourisme.com\/app\/uploads\/2024\/04\/la-richardais-credit-lezbroz-768x512.jpg 768w, https:\/\/www.dinardemeraudetourisme.com\/app\/uploads\/2024\/04\/la-richardais-credit-lezbroz-1536x1023.jpg 1536w, https:\/\/www.dinardemeraudetourisme.com\/app\/uploads\/2024\/04\/la-richardais-credit-lezbroz-2048x1364.jpg 2048w, https:\/\/www.dinardemeraudetourisme.com\/app\/uploads\/2024\/04\/la-richardais-credit-lezbroz-20x13.jpg 20w, https:\/\/www.dinardemeraudetourisme.com\/app\/uploads\/2024\/04\/la-richardais-credit-lezbroz-50x33.jpg 50w, https:\/\/www.dinardemeraudetourisme.com\/app\/uploads\/2024\/04\/la-richardais-credit-lezbroz-45x30.jpg 45w, https:\/\/www.dinardemeraudetourisme.com\/app\/uploads\/2024\/04\/la-richardais-credit-lezbroz-60x40.jpg 60w, https:\/\/www.dinardemeraudetourisme.com\/app\/uploads\/2024\/04\/la-richardais-credit-lezbroz-80x53.jpg 80w, https:\/\/www.dinardemeraudetourisme.com\/app\/uploads\/2024\/04\/la-richardais-credit-lezbroz-110x73.jpg 110w, https:\/\/www.dinardemeraudetourisme.com\/app\/uploads\/2024\/04\/la-richardais-credit-lezbroz-160x107.jpg 160w, https:\/\/www.dinardemeraudetourisme.com\/app\/uploads\/2024\/04\/la-richardais-credit-lezbroz-250x167.jpg 250w, https:\/\/www.dinardemeraudetourisme.com\/app\/uploads\/2024\/04\/la-richardais-credit-lezbroz-1201x800.jpg 1201w, https:\/\/www.dinardemeraudetourisme.com\/app\/uploads\/2024\/04\/la-richardais-credit-lezbroz-1801x1200.jpg 1801w\" sizes=\"auto, (max-width: 1024px) 100vw, 1024px\" \/><\/figure>\n<\/div>\n<\/div>\n\n\n\n<h2 class=\"wp-block-heading\">Getting to the La Richardais market<\/h2>\n\n\n\n<h3 class=\"wp-block-heading\">Coming without a car<\/h3>\n\n\n\n<p>To get to the market, take <strong>line 516<\/strong> of the <strong>BreizhGo<\/strong> network from <strong>Saint-Malo<\/strong>, <strong>Dinard<\/strong>, <strong>Saint-Lunaire<\/strong>, or <strong>Saint-Briac-sur-Mer<\/strong>, and get off at the <strong>&#8220;Centre&#8221;<\/strong> stop.<br><strong><a href=\"https:\/\/www.dinardemeraudetourisme.com\/en\/prepare-your-stay\/practical\/public-transport\/\" target=\"_blank\" rel=\"noreferrer noopener\">Check the timetable.<\/a><\/strong><\/p>\n\n\n\n<p>By bike, follow the dedicated cycle path from <strong>Dinard<\/strong> and the <strong>Gougeonnais<\/strong> district.<\/p>\n\n\n\n<h2 class=\"wp-block-heading\"><br>The other markets of the Emerald Coast<\/h2>\n\n\n\n<h4 class=\"wp-block-heading\">Monday<\/h4>\n\n\n\n<ul class=\"wp-block-list\">\n<li>Saint-Briac-sur-Mer (July-August)<\/li>\n<\/ul>\n\n\n\n<h4 class=\"wp-block-heading\">Tuesday<\/h4>\n\n\n\n<ul class=\"wp-block-list\">\n<li>Dinard<\/li>\n\n\n\n<li>Lancieux<\/li>\n<\/ul>\n\n\n\n<h4 class=\"wp-block-heading\">Wednesday<\/h4>\n\n\n\n<ul class=\"wp-block-list\">\n<li>Dinard &#8211; Saint-\u00c9nogat (July-August)<\/li>\n<\/ul>\n\n\n\n<h4 class=\"wp-block-heading\">Thursday<\/h4>\n\n\n\n<ul class=\"wp-block-list\">\n<li>Dinard<\/li>\n<\/ul>\n\n\n\n<h4 class=\"wp-block-heading\">Friday<\/h4>\n\n\n\n<ul class=\"wp-block-list\">\n<li>Saint-Briac-sur-Mer<\/li>\n\n\n\n<li>Pleurtuit<\/li>\n<\/ul>\n\n\n\n<h4 class=\"wp-block-heading\">Saturday<\/h4>\n\n\n\n<ul class=\"wp-block-list\">\n<li>Dinard<\/li>\n<\/ul>\n\n\n\n<h4 class=\"wp-block-heading\">Sunday<\/h4>\n\n\n\n<ul class=\"wp-block-list\">\n<li>Saint-Lunaire<\/li>\n\n\n\n<li>Pleurtuit<\/li>\n<\/ul>\n","protected":false},"excerpt":{"rendered":"<p>La Richardais&#8216; market takes place every Wednesday on the church square. Weekly market One of the greatest pleasures of vacation is the market. It\u2019s the perfect opportunity to stroll, discover, meet people, and stock up on local goods. In La Richardais, the market takes place every Wednesday morning, all year round, at Place de l\u2019\u00c9glise. [&hellip;]<\/p>\n","protected":false},"author":1,"featured_media":3767,"parent":10386,"menu_order":0,"comment_status":"closed","ping_status":"closed","template":"template-header-large.php","meta":{"_acf_changed":false,"footnotes":""},"class_list":["post-10382","page","type-page","status-publish","has-post-thumbnail","hentry"],"acf":[],"yoast_head":"<!-- This site is optimized with the Yoast SEO plugin v27.1.1 - https:\/\/yoast.com\/product\/yoast-seo-wordpress\/ -->\n<title>La Richardais&#039; market - Dinard \u00c9meraude Tourisme<\/title>\n<meta name=\"description\" content=\"La Richardais&#039; market takes place on Wednesdays at Place de l&#039;\u00c9glise. Find all the markets of the Emerald Coast.\" \/>\n<meta name=\"robots\" content=\"index, follow, max-snippet:-1, max-image-preview:large, max-video-preview:-1\" \/>\n<link rel=\"canonical\" href=\"https:\/\/www.dinardemeraudetourisme.com\/en\/to-see-and-do\/markets\/la-richardais-market\/\" \/>\n<meta property=\"og:locale\" content=\"en_US\" \/>\n<meta property=\"og:type\" content=\"article\" \/>\n<meta property=\"og:title\" content=\"La Richardais&#039; market - Dinard \u00c9meraude Tourisme\" \/>\n<meta property=\"og:description\" content=\"La Richardais&#039; market takes place on Wednesdays at Place de l&#039;\u00c9glise. Find all the markets of the Emerald Coast.\" \/>\n<meta property=\"og:url\" content=\"https:\/\/www.dinardemeraudetourisme.com\/en\/to-see-and-do\/markets\/la-richardais-market\/\" \/>\n<meta property=\"og:site_name\" content=\"Dinard \u00c9meraude Tourisme\" \/>\n<meta property=\"article:modified_time\" content=\"2026-03-04T16:09:47+00:00\" \/>\n<meta property=\"og:image\" content=\"https:\/\/www.dinardemeraudetourisme.com\/app\/uploads\/2024\/04\/marche-brocante-10.webp\" \/>\n\t<meta property=\"og:image:width\" content=\"700\" \/>\n\t<meta property=\"og:image:height\" content=\"875\" \/>\n\t<meta property=\"og:image:type\" content=\"image\/webp\" \/>\n<meta name=\"twitter:card\" content=\"summary_large_image\" \/>\n<meta name=\"twitter:label1\" content=\"Est. reading time\" \/>\n\t<meta name=\"twitter:data1\" content=\"2 minutes\" \/>\n<script type=\"application\/ld+json\" class=\"yoast-schema-graph\">{\"@context\":\"https:\/\/schema.org\",\"@graph\":[{\"@type\":\"WebPage\",\"@id\":\"https:\/\/www.dinardemeraudetourisme.com\/en\/to-see-and-do\/markets\/la-richardais-market\/\",\"url\":\"https:\/\/www.dinardemeraudetourisme.com\/en\/to-see-and-do\/markets\/la-richardais-market\/\",\"name\":\"La Richardais' market - Dinard \u00c9meraude Tourisme\",\"isPartOf\":{\"@id\":\"https:\/\/www.dinardemeraudetourisme.com\/en\/#website\"},\"primaryImageOfPage\":{\"@id\":\"https:\/\/www.dinardemeraudetourisme.com\/en\/to-see-and-do\/markets\/la-richardais-market\/#primaryimage\"},\"image\":{\"@id\":\"https:\/\/www.dinardemeraudetourisme.com\/en\/to-see-and-do\/markets\/la-richardais-market\/#primaryimage\"},\"thumbnailUrl\":\"https:\/\/www.dinardemeraudetourisme.com\/app\/uploads\/2024\/04\/marche-brocante-10.webp\",\"datePublished\":\"2024-04-24T11:16:05+00:00\",\"dateModified\":\"2026-03-04T16:09:47+00:00\",\"description\":\"La Richardais' market takes place on Wednesdays at Place de l'\u00c9glise. Find all the markets of the Emerald Coast.\",\"breadcrumb\":{\"@id\":\"https:\/\/www.dinardemeraudetourisme.com\/en\/to-see-and-do\/markets\/la-richardais-market\/#breadcrumb\"},\"inLanguage\":\"en-US\",\"potentialAction\":[{\"@type\":\"ReadAction\",\"target\":[\"https:\/\/www.dinardemeraudetourisme.com\/en\/to-see-and-do\/markets\/la-richardais-market\/\"]}]},{\"@type\":\"ImageObject\",\"inLanguage\":\"en-US\",\"@id\":\"https:\/\/www.dinardemeraudetourisme.com\/en\/to-see-and-do\/markets\/la-richardais-market\/#primaryimage\",\"url\":\"https:\/\/www.dinardemeraudetourisme.com\/app\/uploads\/2024\/04\/marche-brocante-10.webp\",\"contentUrl\":\"https:\/\/www.dinardemeraudetourisme.com\/app\/uploads\/2024\/04\/marche-brocante-10.webp\",\"width\":700,\"height\":875,\"caption\":\"Les march\u00e9s et brocantes de la C\u00f4te d'\u00c9meraude. Strans\"},{\"@type\":\"WebSite\",\"@id\":\"https:\/\/www.dinardemeraudetourisme.com\/en\/#website\",\"url\":\"https:\/\/www.dinardemeraudetourisme.com\/en\/\",\"name\":\"Dinard \u00c9meraude Tourisme\",\"description\":\"\",\"potentialAction\":[{\"@type\":\"SearchAction\",\"target\":{\"@type\":\"EntryPoint\",\"urlTemplate\":\"https:\/\/www.dinardemeraudetourisme.com\/en\/?s={search_term_string}\"},\"query-input\":{\"@type\":\"PropertyValueSpecification\",\"valueRequired\":true,\"valueName\":\"search_term_string\"}}],\"inLanguage\":\"en-US\"}]}<\/script>\n<!-- \/ Yoast SEO plugin. -->","yoast_head_json":{"title":"La Richardais' market - Dinard \u00c9meraude Tourisme","description":"La Richardais' market takes place on Wednesdays at Place de l'\u00c9glise. Find all the markets of the Emerald Coast.","robots":{"index":"index","follow":"follow","max-snippet":"max-snippet:-1","max-image-preview":"max-image-preview:large","max-video-preview":"max-video-preview:-1"},"canonical":"https:\/\/www.dinardemeraudetourisme.com\/en\/to-see-and-do\/markets\/la-richardais-market\/","og_locale":"en_US","og_type":"article","og_title":"La Richardais' market - Dinard \u00c9meraude Tourisme","og_description":"La Richardais' market takes place on Wednesdays at Place de l'\u00c9glise. Find all the markets of the Emerald Coast.","og_url":"https:\/\/www.dinardemeraudetourisme.com\/en\/to-see-and-do\/markets\/la-richardais-market\/","og_site_name":"Dinard \u00c9meraude Tourisme","article_modified_time":"2026-03-04T16:09:47+00:00","og_image":[{"width":700,"height":875,"url":"https:\/\/www.dinardemeraudetourisme.com\/app\/uploads\/2024\/04\/marche-brocante-10.webp","type":"image\/webp"}],"twitter_card":"summary_large_image","twitter_misc":{"Est. reading time":"2 minutes"},"schema":{"@context":"https:\/\/schema.org","@graph":[{"@type":"WebPage","@id":"https:\/\/www.dinardemeraudetourisme.com\/en\/to-see-and-do\/markets\/la-richardais-market\/","url":"https:\/\/www.dinardemeraudetourisme.com\/en\/to-see-and-do\/markets\/la-richardais-market\/","name":"La Richardais' market - Dinard \u00c9meraude Tourisme","isPartOf":{"@id":"https:\/\/www.dinardemeraudetourisme.com\/en\/#website"},"primaryImageOfPage":{"@id":"https:\/\/www.dinardemeraudetourisme.com\/en\/to-see-and-do\/markets\/la-richardais-market\/#primaryimage"},"image":{"@id":"https:\/\/www.dinardemeraudetourisme.com\/en\/to-see-and-do\/markets\/la-richardais-market\/#primaryimage"},"thumbnailUrl":"https:\/\/www.dinardemeraudetourisme.com\/app\/uploads\/2024\/04\/marche-brocante-10.webp","datePublished":"2024-04-24T11:16:05+00:00","dateModified":"2026-03-04T16:09:47+00:00","description":"La Richardais' market takes place on Wednesdays at Place de l'\u00c9glise. Find all the markets of the Emerald Coast.","breadcrumb":{"@id":"https:\/\/www.dinardemeraudetourisme.com\/en\/to-see-and-do\/markets\/la-richardais-market\/#breadcrumb"},"inLanguage":"en-US","potentialAction":[{"@type":"ReadAction","target":["https:\/\/www.dinardemeraudetourisme.com\/en\/to-see-and-do\/markets\/la-richardais-market\/"]}]},{"@type":"ImageObject","inLanguage":"en-US","@id":"https:\/\/www.dinardemeraudetourisme.com\/en\/to-see-and-do\/markets\/la-richardais-market\/#primaryimage","url":"https:\/\/www.dinardemeraudetourisme.com\/app\/uploads\/2024\/04\/marche-brocante-10.webp","contentUrl":"https:\/\/www.dinardemeraudetourisme.com\/app\/uploads\/2024\/04\/marche-brocante-10.webp","width":700,"height":875,"caption":"Les march\u00e9s et brocantes de la C\u00f4te d'\u00c9meraude. Strans"},{"@type":"WebSite","@id":"https:\/\/www.dinardemeraudetourisme.com\/en\/#website","url":"https:\/\/www.dinardemeraudetourisme.com\/en\/","name":"Dinard \u00c9meraude Tourisme","description":"","potentialAction":[{"@type":"SearchAction","target":{"@type":"EntryPoint","urlTemplate":"https:\/\/www.dinardemeraudetourisme.com\/en\/?s={search_term_string}"},"query-input":{"@type":"PropertyValueSpecification","valueRequired":true,"valueName":"search_term_string"}}],"inLanguage":"en-US"}]}},"_links":{"self":[{"href":"https:\/\/www.dinardemeraudetourisme.com\/en\/wp-json\/wp\/v2\/pages\/10382","targetHints":{"allow":["GET"]}}],"collection":[{"href":"https:\/\/www.dinardemeraudetourisme.com\/en\/wp-json\/wp\/v2\/pages"}],"about":[{"href":"https:\/\/www.dinardemeraudetourisme.com\/en\/wp-json\/wp\/v2\/types\/page"}],"author":[{"embeddable":true,"href":"https:\/\/www.dinardemeraudetourisme.com\/en\/wp-json\/wp\/v2\/users\/1"}],"replies":[{"embeddable":true,"href":"https:\/\/www.dinardemeraudetourisme.com\/en\/wp-json\/wp\/v2\/comments?post=10382"}],"version-history":[{"count":4,"href":"https:\/\/www.dinardemeraudetourisme.com\/en\/wp-json\/wp\/v2\/pages\/10382\/revisions"}],"predecessor-version":[{"id":21279,"href":"https:\/\/www.dinardemeraudetourisme.com\/en\/wp-json\/wp\/v2\/pages\/10382\/revisions\/21279"}],"up":[{"embeddable":true,"href":"https:\/\/www.dinardemeraudetourisme.com\/en\/wp-json\/wp\/v2\/pages\/10386"}],"wp:featuredmedia":[{"embeddable":true,"href":"https:\/\/www.dinardemeraudetourisme.com\/en\/wp-json\/wp\/v2\/media\/3767"}],"wp:attachment":[{"href":"https:\/\/www.dinardemeraudetourisme.com\/en\/wp-json\/wp\/v2\/media?parent=10382"}],"curies":[{"name":"wp","href":"https:\/\/api.w.org\/{rel}","templated":true}]}}