{"id":10380,"date":"2024-04-24T13:14:55","date_gmt":"2024-04-24T11:14:55","guid":{"rendered":"https:\/\/www.dinardemeraudetourisme.com\/les-marches-de-createurs\/"},"modified":"2026-03-04T17:05:46","modified_gmt":"2026-03-04T16:05:46","slug":"arts-and-crafts-markets","status":"publish","type":"page","link":"https:\/\/www.dinardemeraudetourisme.com\/en\/to-see-and-do\/markets\/arts-and-crafts-markets\/","title":{"rendered":"Arts and crafts markets"},"content":{"rendered":"\n<h2 class=\"wp-block-heading has-text-align-center\">Markets of creativity and craftsmanship<\/h2>\n\n\n\n<p>Welcome to the vibrant world of the C\u00f4te d&#8217;\u00c9meraude\u2019s creators\u2019 markets! Immerse yourself in a region rich in tradition and creativity, where artisans and artists come together to share their passion and their talent. Discover these markets\u2014unique places where authenticity and originality take center stage. Prepare to be amazed by the diversity of local creations and craftsmanship that make each market an unforgettable experience.<\/p>\n\n\n\n<h3 class=\"wp-block-heading\"><br>Dinard creative market<\/h3>\n\n\n\n<p><strong>Artisanal craftsmanship takes center stage every summer in <a href=\"https:\/\/www.dinardemeraudetourisme.com\/en\/to-see-and-do\/8-emerald-paradises\/discover-dinard\/\">Dinard <\/a>with the March\u00e9 Dinardais de la Cr\u00e9ation<\/strong>.<\/p>\n\n\n\n<p>In 2024, the 23rd edition will take place on Sunday, July 14th, on the Esplanade des Halles in <a href=\"https:\/\/www.dinardemeraudetourisme.com\/en\/to-see-and-do\/8-emerald-paradises\/discover-dinard\/\"><strong>Dinard<\/strong><\/a>.<\/p>\n\n\n\n<p><strong>More than a hundred exhibitors from the region will showcase their unique creations:<\/strong> jewelry, ceramics, textiles, zero-waste accessories, children&#8217;s clothing, photography, paintings, sculpture, embroidery, decorative shelves, poster creations, bags, small leather goods, natural packaging, pottery, knits, artisan soaps, cosmetics, boxed crafts, lighting, beads, as well as children\u2019s books (by author-publishers), and more.<\/p>\n\n\n\n<div class=\"wp-block-columns is-layout-flex wp-container-core-columns-is-layout-20bb992b wp-block-columns-is-layout-flex\" style=\"margin-top:0;margin-bottom:0;padding-top:0;padding-right:0;padding-bottom:0;padding-left:0\">\n<div class=\"wp-block-column is-layout-flow wp-block-column-is-layout-flow\">\n<figure class=\"wp-block-image aligncenter size-large\"><img loading=\"lazy\" decoding=\"async\" width=\"1024\" height=\"768\" src=\"https:\/\/www.dinardemeraudetourisme.com\/app\/uploads\/2024\/05\/marche-dinardais-de-la-creation-credit-ville-de-dinard-1024x768.jpg\" alt=\"Des tableaux sont expos\u00e9s au March\u00e9 Dinardais De La Cr\u00e9ation organis\u00e9 sur l'esplanade de la Halle \u00e0 Dinard. Visitez les march\u00e9s de cr\u00e9ateurs de la C\u00f4te d'\u00c9meraude. Cr\u00e9dit Ville De Dinard\" class=\"wp-image-6715\" srcset=\"https:\/\/www.dinardemeraudetourisme.com\/app\/uploads\/2024\/05\/marche-dinardais-de-la-creation-credit-ville-de-dinard-1024x768.jpg 1024w, https:\/\/www.dinardemeraudetourisme.com\/app\/uploads\/2024\/05\/marche-dinardais-de-la-creation-credit-ville-de-dinard-300x225.jpg 300w, https:\/\/www.dinardemeraudetourisme.com\/app\/uploads\/2024\/05\/marche-dinardais-de-la-creation-credit-ville-de-dinard-768x576.jpg 768w, https:\/\/www.dinardemeraudetourisme.com\/app\/uploads\/2024\/05\/marche-dinardais-de-la-creation-credit-ville-de-dinard-1536x1152.jpg 1536w, https:\/\/www.dinardemeraudetourisme.com\/app\/uploads\/2024\/05\/marche-dinardais-de-la-creation-credit-ville-de-dinard-2048x1536.jpg 2048w, https:\/\/www.dinardemeraudetourisme.com\/app\/uploads\/2024\/05\/marche-dinardais-de-la-creation-credit-ville-de-dinard-20x15.jpg 20w, https:\/\/www.dinardemeraudetourisme.com\/app\/uploads\/2024\/05\/marche-dinardais-de-la-creation-credit-ville-de-dinard-50x38.jpg 50w, https:\/\/www.dinardemeraudetourisme.com\/app\/uploads\/2024\/05\/marche-dinardais-de-la-creation-credit-ville-de-dinard-40x30.jpg 40w, https:\/\/www.dinardemeraudetourisme.com\/app\/uploads\/2024\/05\/marche-dinardais-de-la-creation-credit-ville-de-dinard-60x45.jpg 60w, https:\/\/www.dinardemeraudetourisme.com\/app\/uploads\/2024\/05\/marche-dinardais-de-la-creation-credit-ville-de-dinard-80x60.jpg 80w, https:\/\/www.dinardemeraudetourisme.com\/app\/uploads\/2024\/05\/marche-dinardais-de-la-creation-credit-ville-de-dinard-110x83.jpg 110w, https:\/\/www.dinardemeraudetourisme.com\/app\/uploads\/2024\/05\/marche-dinardais-de-la-creation-credit-ville-de-dinard-160x120.jpg 160w, https:\/\/www.dinardemeraudetourisme.com\/app\/uploads\/2024\/05\/marche-dinardais-de-la-creation-credit-ville-de-dinard-250x188.jpg 250w, https:\/\/www.dinardemeraudetourisme.com\/app\/uploads\/2024\/05\/marche-dinardais-de-la-creation-credit-ville-de-dinard-53x40.jpg 53w, https:\/\/www.dinardemeraudetourisme.com\/app\/uploads\/2024\/05\/marche-dinardais-de-la-creation-credit-ville-de-dinard-1067x800.jpg 1067w, https:\/\/www.dinardemeraudetourisme.com\/app\/uploads\/2024\/05\/marche-dinardais-de-la-creation-credit-ville-de-dinard-1600x1200.jpg 1600w\" sizes=\"auto, (max-width: 1024px) 100vw, 1024px\" \/><\/figure>\n<\/div>\n<\/div>\n\n\n\n<h4 class=\"wp-block-heading\"><br>Practical information<\/h4>\n\n\n\n<ul class=\"wp-block-list\">\n<li>2026 date to be announced<\/li>\n\n\n\n<li>Esplanade des Halles in <a href=\"https:\/\/www.dinardemeraudetourisme.com\/en\/to-see-and-do\/8-emerald-paradises\/discover-dinard\/\"><strong>Dinard<\/strong><\/a><\/li>\n\n\n\n<li>Free admission<\/li>\n<\/ul>\n\n\n\n<p>More information : <strong><a href=\"https:\/\/www.ville-dinard.fr\/\" target=\"_blank\" rel=\"noreferrer noopener\">Mairie de Dinard<\/a><\/strong><\/p>\n\n\n\n<h2 class=\"wp-block-heading\"><br>Other markets<\/h2>\n\n\n\n<p>Discover the buzz of markets and flea markets by exploring our <a href=\"https:\/\/www.dinardemeraudetourisme.com\/en\/to-see-and-do\/markets\/\"><strong>detailed article<\/strong><\/a>.<\/p>\n\n\n\n<p>Along the magnificent C\u00f4te d\u2019\u00c9meraude, dive into the colorful and eclectic world of these must-see events. Uncover hidden treasures, enjoy delicious local products, and find unique souvenirs amid the lively atmosphere of these picturesque markets.<\/p>\n\n\n\n<p>Moreover, whether you\u2019re a fan of antiques or on the hunt for handcrafted items, check out our article featuring the events not to be missed for a memorable experience during your stay on Brittany\u2019s northern coast.<\/p>\n\n\n\n<p><\/p>\n","protected":false},"excerpt":{"rendered":"<p>Markets of creativity and craftsmanship Welcome to the vibrant world of the C\u00f4te d&#8217;\u00c9meraude\u2019s creators\u2019 markets! Immerse yourself in a region rich in tradition and creativity, where artisans and artists come together to share their passion and their talent. Discover these markets\u2014unique places where authenticity and originality take center stage. Prepare to be amazed by [&hellip;]<\/p>\n","protected":false},"author":1,"featured_media":6716,"parent":10386,"menu_order":0,"comment_status":"closed","ping_status":"closed","template":"template-header-large.php","meta":{"_acf_changed":false,"footnotes":""},"class_list":["post-10380","page","type-page","status-publish","has-post-thumbnail","hentry"],"acf":[],"yoast_head":"<!-- This site is optimized with the Yoast SEO plugin v27.5 - https:\/\/yoast.com\/product\/yoast-seo-wordpress\/ -->\n<title>Arts and crafts markets - Dinard \u00c9meraude Tourisme<\/title>\n<meta name=\"description\" content=\"Les march\u00e9s de cr\u00e9ateurs \u00e0 Dinard et sur la C\u00f4te d&#039;\u00c9meraude. D\u00e9couvrez les march\u00e9s de la cr\u00e9ation et de l&#039;artisanat en Bretagne.\" \/>\n<meta name=\"robots\" content=\"index, follow, max-snippet:-1, max-image-preview:large, max-video-preview:-1\" \/>\n<link rel=\"canonical\" href=\"https:\/\/www.dinardemeraudetourisme.com\/en\/to-see-and-do\/markets\/arts-and-crafts-markets\/\" \/>\n<meta property=\"og:locale\" content=\"en_US\" \/>\n<meta property=\"og:type\" content=\"article\" \/>\n<meta property=\"og:title\" content=\"Arts and crafts markets - Dinard \u00c9meraude Tourisme\" \/>\n<meta property=\"og:description\" content=\"Les march\u00e9s de cr\u00e9ateurs \u00e0 Dinard et sur la C\u00f4te d&#039;\u00c9meraude. D\u00e9couvrez les march\u00e9s de la cr\u00e9ation et de l&#039;artisanat en Bretagne.\" \/>\n<meta property=\"og:url\" content=\"https:\/\/www.dinardemeraudetourisme.com\/en\/to-see-and-do\/markets\/arts-and-crafts-markets\/\" \/>\n<meta property=\"og:site_name\" content=\"Dinard \u00c9meraude Tourisme\" \/>\n<meta property=\"article:modified_time\" content=\"2026-03-04T16:05:46+00:00\" \/>\n<meta property=\"og:image\" content=\"https:\/\/www.dinardemeraudetourisme.com\/app\/uploads\/2024\/05\/marche-dinardais-de-la-creation-credit-ville-de-dinard.jpg\" \/>\n\t<meta property=\"og:image:width\" content=\"2560\" \/>\n\t<meta property=\"og:image:height\" content=\"1920\" \/>\n\t<meta property=\"og:image:type\" content=\"image\/jpeg\" \/>\n<meta name=\"twitter:card\" content=\"summary_large_image\" \/>\n<meta name=\"twitter:label1\" content=\"Est. reading time\" \/>\n\t<meta name=\"twitter:data1\" content=\"2 minutes\" \/>\n<script type=\"application\/ld+json\" class=\"yoast-schema-graph\">{\"@context\":\"https:\\\/\\\/schema.org\",\"@graph\":[{\"@type\":\"WebPage\",\"@id\":\"https:\\\/\\\/www.dinardemeraudetourisme.com\\\/en\\\/to-see-and-do\\\/markets\\\/arts-and-crafts-markets\\\/\",\"url\":\"https:\\\/\\\/www.dinardemeraudetourisme.com\\\/en\\\/to-see-and-do\\\/markets\\\/arts-and-crafts-markets\\\/\",\"name\":\"Arts and crafts markets - Dinard \u00c9meraude Tourisme\",\"isPartOf\":{\"@id\":\"https:\\\/\\\/www.dinardemeraudetourisme.com\\\/en\\\/#website\"},\"primaryImageOfPage\":{\"@id\":\"https:\\\/\\\/www.dinardemeraudetourisme.com\\\/en\\\/to-see-and-do\\\/markets\\\/arts-and-crafts-markets\\\/#primaryimage\"},\"image\":{\"@id\":\"https:\\\/\\\/www.dinardemeraudetourisme.com\\\/en\\\/to-see-and-do\\\/markets\\\/arts-and-crafts-markets\\\/#primaryimage\"},\"thumbnailUrl\":\"https:\\\/\\\/www.dinardemeraudetourisme.com\\\/app\\\/uploads\\\/2024\\\/05\\\/marche-dinardais-de-la-creation-credit-ville-de-dinard.jpg\",\"datePublished\":\"2024-04-24T11:14:55+00:00\",\"dateModified\":\"2026-03-04T16:05:46+00:00\",\"description\":\"Les march\u00e9s de cr\u00e9ateurs \u00e0 Dinard et sur la C\u00f4te d'\u00c9meraude. D\u00e9couvrez les march\u00e9s de la cr\u00e9ation et de l'artisanat en Bretagne.\",\"breadcrumb\":{\"@id\":\"https:\\\/\\\/www.dinardemeraudetourisme.com\\\/en\\\/to-see-and-do\\\/markets\\\/arts-and-crafts-markets\\\/#breadcrumb\"},\"inLanguage\":\"en-US\",\"potentialAction\":[{\"@type\":\"ReadAction\",\"target\":[\"https:\\\/\\\/www.dinardemeraudetourisme.com\\\/en\\\/to-see-and-do\\\/markets\\\/arts-and-crafts-markets\\\/\"]}]},{\"@type\":\"ImageObject\",\"inLanguage\":\"en-US\",\"@id\":\"https:\\\/\\\/www.dinardemeraudetourisme.com\\\/en\\\/to-see-and-do\\\/markets\\\/arts-and-crafts-markets\\\/#primaryimage\",\"url\":\"https:\\\/\\\/www.dinardemeraudetourisme.com\\\/app\\\/uploads\\\/2024\\\/05\\\/marche-dinardais-de-la-creation-credit-ville-de-dinard.jpg\",\"contentUrl\":\"https:\\\/\\\/www.dinardemeraudetourisme.com\\\/app\\\/uploads\\\/2024\\\/05\\\/marche-dinardais-de-la-creation-credit-ville-de-dinard.jpg\",\"width\":2560,\"height\":1920,\"caption\":\"March\u00e9 Dinardais De La Cr\u00e9ation organis\u00e9 sur l'esplanade de la Halle \u00e0 Dinard. Cr\u00e9dit Ville De Dinard\"},{\"@type\":\"WebSite\",\"@id\":\"https:\\\/\\\/www.dinardemeraudetourisme.com\\\/en\\\/#website\",\"url\":\"https:\\\/\\\/www.dinardemeraudetourisme.com\\\/en\\\/\",\"name\":\"Dinard \u00c9meraude Tourisme\",\"description\":\"\",\"potentialAction\":[{\"@type\":\"SearchAction\",\"target\":{\"@type\":\"EntryPoint\",\"urlTemplate\":\"https:\\\/\\\/www.dinardemeraudetourisme.com\\\/en\\\/?s={search_term_string}\"},\"query-input\":{\"@type\":\"PropertyValueSpecification\",\"valueRequired\":true,\"valueName\":\"search_term_string\"}}],\"inLanguage\":\"en-US\"}]}<\/script>\n<!-- \/ Yoast SEO plugin. -->","yoast_head_json":{"title":"Arts and crafts markets - Dinard \u00c9meraude Tourisme","description":"Les march\u00e9s de cr\u00e9ateurs \u00e0 Dinard et sur la C\u00f4te d'\u00c9meraude. D\u00e9couvrez les march\u00e9s de la cr\u00e9ation et de l'artisanat en Bretagne.","robots":{"index":"index","follow":"follow","max-snippet":"max-snippet:-1","max-image-preview":"max-image-preview:large","max-video-preview":"max-video-preview:-1"},"canonical":"https:\/\/www.dinardemeraudetourisme.com\/en\/to-see-and-do\/markets\/arts-and-crafts-markets\/","og_locale":"en_US","og_type":"article","og_title":"Arts and crafts markets - Dinard \u00c9meraude Tourisme","og_description":"Les march\u00e9s de cr\u00e9ateurs \u00e0 Dinard et sur la C\u00f4te d'\u00c9meraude. D\u00e9couvrez les march\u00e9s de la cr\u00e9ation et de l'artisanat en Bretagne.","og_url":"https:\/\/www.dinardemeraudetourisme.com\/en\/to-see-and-do\/markets\/arts-and-crafts-markets\/","og_site_name":"Dinard \u00c9meraude Tourisme","article_modified_time":"2026-03-04T16:05:46+00:00","og_image":[{"width":2560,"height":1920,"url":"https:\/\/www.dinardemeraudetourisme.com\/app\/uploads\/2024\/05\/marche-dinardais-de-la-creation-credit-ville-de-dinard.jpg","type":"image\/jpeg"}],"twitter_card":"summary_large_image","twitter_misc":{"Est. reading time":"2 minutes"},"schema":{"@context":"https:\/\/schema.org","@graph":[{"@type":"WebPage","@id":"https:\/\/www.dinardemeraudetourisme.com\/en\/to-see-and-do\/markets\/arts-and-crafts-markets\/","url":"https:\/\/www.dinardemeraudetourisme.com\/en\/to-see-and-do\/markets\/arts-and-crafts-markets\/","name":"Arts and crafts markets - Dinard \u00c9meraude Tourisme","isPartOf":{"@id":"https:\/\/www.dinardemeraudetourisme.com\/en\/#website"},"primaryImageOfPage":{"@id":"https:\/\/www.dinardemeraudetourisme.com\/en\/to-see-and-do\/markets\/arts-and-crafts-markets\/#primaryimage"},"image":{"@id":"https:\/\/www.dinardemeraudetourisme.com\/en\/to-see-and-do\/markets\/arts-and-crafts-markets\/#primaryimage"},"thumbnailUrl":"https:\/\/www.dinardemeraudetourisme.com\/app\/uploads\/2024\/05\/marche-dinardais-de-la-creation-credit-ville-de-dinard.jpg","datePublished":"2024-04-24T11:14:55+00:00","dateModified":"2026-03-04T16:05:46+00:00","description":"Les march\u00e9s de cr\u00e9ateurs \u00e0 Dinard et sur la C\u00f4te d'\u00c9meraude. D\u00e9couvrez les march\u00e9s de la cr\u00e9ation et de l'artisanat en Bretagne.","breadcrumb":{"@id":"https:\/\/www.dinardemeraudetourisme.com\/en\/to-see-and-do\/markets\/arts-and-crafts-markets\/#breadcrumb"},"inLanguage":"en-US","potentialAction":[{"@type":"ReadAction","target":["https:\/\/www.dinardemeraudetourisme.com\/en\/to-see-and-do\/markets\/arts-and-crafts-markets\/"]}]},{"@type":"ImageObject","inLanguage":"en-US","@id":"https:\/\/www.dinardemeraudetourisme.com\/en\/to-see-and-do\/markets\/arts-and-crafts-markets\/#primaryimage","url":"https:\/\/www.dinardemeraudetourisme.com\/app\/uploads\/2024\/05\/marche-dinardais-de-la-creation-credit-ville-de-dinard.jpg","contentUrl":"https:\/\/www.dinardemeraudetourisme.com\/app\/uploads\/2024\/05\/marche-dinardais-de-la-creation-credit-ville-de-dinard.jpg","width":2560,"height":1920,"caption":"March\u00e9 Dinardais De La Cr\u00e9ation organis\u00e9 sur l'esplanade de la Halle \u00e0 Dinard. Cr\u00e9dit Ville De Dinard"},{"@type":"WebSite","@id":"https:\/\/www.dinardemeraudetourisme.com\/en\/#website","url":"https:\/\/www.dinardemeraudetourisme.com\/en\/","name":"Dinard \u00c9meraude Tourisme","description":"","potentialAction":[{"@type":"SearchAction","target":{"@type":"EntryPoint","urlTemplate":"https:\/\/www.dinardemeraudetourisme.com\/en\/?s={search_term_string}"},"query-input":{"@type":"PropertyValueSpecification","valueRequired":true,"valueName":"search_term_string"}}],"inLanguage":"en-US"}]}},"_links":{"self":[{"href":"https:\/\/www.dinardemeraudetourisme.com\/en\/wp-json\/wp\/v2\/pages\/10380","targetHints":{"allow":["GET"]}}],"collection":[{"href":"https:\/\/www.dinardemeraudetourisme.com\/en\/wp-json\/wp\/v2\/pages"}],"about":[{"href":"https:\/\/www.dinardemeraudetourisme.com\/en\/wp-json\/wp\/v2\/types\/page"}],"author":[{"embeddable":true,"href":"https:\/\/www.dinardemeraudetourisme.com\/en\/wp-json\/wp\/v2\/users\/1"}],"replies":[{"embeddable":true,"href":"https:\/\/www.dinardemeraudetourisme.com\/en\/wp-json\/wp\/v2\/comments?post=10380"}],"version-history":[{"count":3,"href":"https:\/\/www.dinardemeraudetourisme.com\/en\/wp-json\/wp\/v2\/pages\/10380\/revisions"}],"predecessor-version":[{"id":21273,"href":"https:\/\/www.dinardemeraudetourisme.com\/en\/wp-json\/wp\/v2\/pages\/10380\/revisions\/21273"}],"up":[{"embeddable":true,"href":"https:\/\/www.dinardemeraudetourisme.com\/en\/wp-json\/wp\/v2\/pages\/10386"}],"wp:featuredmedia":[{"embeddable":true,"href":"https:\/\/www.dinardemeraudetourisme.com\/en\/wp-json\/wp\/v2\/media\/6716"}],"wp:attachment":[{"href":"https:\/\/www.dinardemeraudetourisme.com\/en\/wp-json\/wp\/v2\/media?parent=10380"}],"curies":[{"name":"wp","href":"https:\/\/api.w.org\/{rel}","templated":true}]}}