{"id":10378,"date":"2024-04-24T13:14:03","date_gmt":"2024-04-24T11:14:03","guid":{"rendered":"https:\/\/www.dinardemeraudetourisme.com\/bric-a-brac-vide-greniers-brocantes\/"},"modified":"2026-03-06T09:44:38","modified_gmt":"2026-03-06T08:44:38","slug":"bric-a-brac-garage-sales-and-flea-markets","status":"publish","type":"page","link":"https:\/\/www.dinardemeraudetourisme.com\/en\/to-see-and-do\/markets\/bric-a-brac-garage-sales-and-flea-markets\/","title":{"rendered":"Bric a brac, garage sales and flea markets"},"content":{"rendered":"\n<p>Immerse yourself in the friendly atmosphere of the bric-a-brac, garage sales, and flea markets of the <strong><a href=\"https:\/\/www.dinardemeraudetourisme.com\/en\/\" type=\"link\" id=\"https:\/\/www.dinardemeraudetourisme.com\/en\/\" target=\"_blank\" rel=\"noreferrer noopener\">Emerald Coast<\/a><\/strong>. Wander through the stalls of individuals and professionals under the Breton sun, and uncover hidden treasures and unique souvenirs.<\/p>\n\n\n\n<p>Be charmed by the authenticity of these lively markets, where local traditions meet fascinating curiosities waiting to be discovered.<\/p>\n\n\n\n<h2 class=\"wp-block-heading\"><br>Foire \u00e0 la Brocante in Dinard<\/h2>\n\n\n\n<div class=\"wp-block-columns is-layout-flex wp-container-core-columns-is-layout-28f84493 wp-block-columns-is-layout-flex\">\n<div class=\"wp-block-column is-layout-flow wp-block-column-is-layout-flow\" style=\"flex-basis:33.33%\">\n<figure class=\"wp-block-image size-large\"><img loading=\"lazy\" decoding=\"async\" width=\"1024\" height=\"683\" src=\"https:\/\/www.dinardemeraudetourisme.com\/app\/uploads\/2024\/05\/brocante-ville-de-dinard-1024x683.jpg\" alt=\"Foire \u00e0 la brocante organis\u00e9e par la Ville De Dinard sur l'esplanade de la Halle. Retrouvez les exposants tous les premiers dimanches du mois.\" class=\"wp-image-6370\" srcset=\"https:\/\/www.dinardemeraudetourisme.com\/app\/uploads\/2024\/05\/brocante-ville-de-dinard-1024x683.jpg 1024w, https:\/\/www.dinardemeraudetourisme.com\/app\/uploads\/2024\/05\/brocante-ville-de-dinard-300x200.jpg 300w, https:\/\/www.dinardemeraudetourisme.com\/app\/uploads\/2024\/05\/brocante-ville-de-dinard-768x512.jpg 768w, https:\/\/www.dinardemeraudetourisme.com\/app\/uploads\/2024\/05\/brocante-ville-de-dinard-20x13.jpg 20w, https:\/\/www.dinardemeraudetourisme.com\/app\/uploads\/2024\/05\/brocante-ville-de-dinard-50x33.jpg 50w, https:\/\/www.dinardemeraudetourisme.com\/app\/uploads\/2024\/05\/brocante-ville-de-dinard-45x30.jpg 45w, https:\/\/www.dinardemeraudetourisme.com\/app\/uploads\/2024\/05\/brocante-ville-de-dinard-60x40.jpg 60w, https:\/\/www.dinardemeraudetourisme.com\/app\/uploads\/2024\/05\/brocante-ville-de-dinard-80x53.jpg 80w, https:\/\/www.dinardemeraudetourisme.com\/app\/uploads\/2024\/05\/brocante-ville-de-dinard-110x73.jpg 110w, https:\/\/www.dinardemeraudetourisme.com\/app\/uploads\/2024\/05\/brocante-ville-de-dinard-160x107.jpg 160w, https:\/\/www.dinardemeraudetourisme.com\/app\/uploads\/2024\/05\/brocante-ville-de-dinard-250x167.jpg 250w, https:\/\/www.dinardemeraudetourisme.com\/app\/uploads\/2024\/05\/brocante-ville-de-dinard.jpg 1050w\" sizes=\"auto, (max-width: 1024px) 100vw, 1024px\" \/><\/figure>\n<\/div>\n\n\n\n<div class=\"wp-block-column is-layout-flow wp-block-column-is-layout-flow\" style=\"flex-basis:66.66%\">\n<p>Every first Sunday of the month, nearly fifty professionals exhibit at the antique fairs in <strong><a href=\"https:\/\/www.dinardemeraudetourisme.com\/en\/explore\/8-emerald-paradises\/discover-dinard\/\" target=\"_blank\" rel=\"noreferrer noopener\">Dinard<\/a><\/strong>. A wide range of items is displayed for sale, including furniture, crockery, linens, and old books, as well as jewellery, trinkets, and paintings.<\/p>\n\n\n\n<p>The allocation of spaces for traders begins at 8:30 am. For more information, please contact the Place Fees Service of the <strong><a href=\"https:\/\/www.ville-dinard.fr\/\" target=\"_blank\" rel=\"noreferrer noopener\">City of Dinard<\/a><\/strong>.<\/p>\n\n\n\n<ul class=\"wp-block-list\">\n<li><strong>Every first Sunday of the month from 9 a.m. to 5 p.m.<\/strong><\/li>\n\n\n\n<li><strong>Esplanade de la Halle in Dinard<\/strong><\/li>\n<\/ul>\n<\/div>\n<\/div>\n\n\n\n<h2 class=\"wp-block-heading\"><br>Bric \u00e0 brac in Lancieux<\/h2>\n\n\n\n<p>The summer Bric-\u00e0-Brac will bring life to the streets of <strong><a href=\"https:\/\/www.dinardemeraudetourisme.com\/en\/explore\/8-emerald-paradises\/discover-lancieux\/\" target=\"_blank\" rel=\"noreferrer noopener\">Lancieux<\/a><\/strong>: an opportunity to browse for unusual items, attic treasures, and all sorts of second-hand goods, ranging from children&#8217;s toys and gardening tools to books, clothes, and more. An unmissable event featuring 250 exhibitors.<\/p>\n\n\n\n<p>Organised by the Lancieux&#8217;s Association des Commer\u00e7ants.<\/p>\n\n\n\n<ul class=\"wp-block-list\">\n<li><strong>2026 dates to be announced<\/strong><\/li>\n\n\n\n<li><strong>Lancieux&#8217;s town centre<\/strong><\/li>\n<\/ul>\n\n\n\n<h2 class=\"wp-block-heading\"><br>Grande Braderie of Dinard<\/h2>\n\n\n\n<p>The Grande Braderie of Dinard takes place every year on the last weekend of August. On Saturday, local shopkeepers offer great deals, while on Sunday, both shopkeepers and individuals come together in the centre of Dinard.<\/p>\n\n\n\n<ul class=\"wp-block-list\">\n<li><strong>Dinard city centre<\/strong><\/li>\n\n\n\n<li><strong><strong>22nd and 23rd of August 2026<\/strong><\/strong><\/li>\n<\/ul>\n\n\n\n<h2 class=\"wp-block-heading\"><br>Summer garage sales of Saint-Briac-sur-Mer<\/h2>\n\n\n\n<p>Every summer, Saint-Briac-sur-Mer hosts two braderies: one in July and another in August. The Houle district, just steps from the beaches and in front of the Tourist Office, comes alive with activity. Come and grab some great deals in Saint-Briac!<\/p>\n\n\n\n<ul class=\"wp-block-list\">\n<li><strong>2026 dates to be announced<\/strong><\/li>\n\n\n\n<li><strong>Boulevard de la Houle<\/strong><\/li>\n<\/ul>\n\n\n\n<h2 class=\"wp-block-heading\"><br>All Bric a brac, garage sales and flea markets<\/h2>\n\n\n\n<div class=\"wp-block-columns is-layout-flex wp-container-core-columns-is-layout-28f84493 wp-block-columns-is-layout-flex\">\n<div class=\"wp-block-column is-layout-flow wp-block-column-is-layout-flow\" style=\"flex-basis:33.33%\">\n<figure class=\"wp-block-image aligncenter size-medium is-resized\"><img loading=\"lazy\" decoding=\"async\" width=\"212\" height=\"300\" src=\"https:\/\/www.dinardemeraudetourisme.com\/app\/uploads\/2025\/03\/guide-des-brocantes-et-vide-greniers-212x300.jpg\" alt=\"\" class=\"wp-image-16591\" style=\"width:134px;height:auto\" srcset=\"https:\/\/www.dinardemeraudetourisme.com\/app\/uploads\/2025\/03\/guide-des-brocantes-et-vide-greniers-212x300.jpg 212w, https:\/\/www.dinardemeraudetourisme.com\/app\/uploads\/2025\/03\/guide-des-brocantes-et-vide-greniers-724x1024.jpg 724w, https:\/\/www.dinardemeraudetourisme.com\/app\/uploads\/2025\/03\/guide-des-brocantes-et-vide-greniers-768x1087.jpg 768w, https:\/\/www.dinardemeraudetourisme.com\/app\/uploads\/2025\/03\/guide-des-brocantes-et-vide-greniers-1085x1536.jpg 1085w, https:\/\/www.dinardemeraudetourisme.com\/app\/uploads\/2025\/03\/guide-des-brocantes-et-vide-greniers-14x20.jpg 14w, https:\/\/www.dinardemeraudetourisme.com\/app\/uploads\/2025\/03\/guide-des-brocantes-et-vide-greniers-35x50.jpg 35w, https:\/\/www.dinardemeraudetourisme.com\/app\/uploads\/2025\/03\/guide-des-brocantes-et-vide-greniers-21x30.jpg 21w, https:\/\/www.dinardemeraudetourisme.com\/app\/uploads\/2025\/03\/guide-des-brocantes-et-vide-greniers-42x60.jpg 42w, https:\/\/www.dinardemeraudetourisme.com\/app\/uploads\/2025\/03\/guide-des-brocantes-et-vide-greniers-57x80.jpg 57w, https:\/\/www.dinardemeraudetourisme.com\/app\/uploads\/2025\/03\/guide-des-brocantes-et-vide-greniers-99x140.jpg 99w, https:\/\/www.dinardemeraudetourisme.com\/app\/uploads\/2025\/03\/guide-des-brocantes-et-vide-greniers-113x160.jpg 113w, https:\/\/www.dinardemeraudetourisme.com\/app\/uploads\/2025\/03\/guide-des-brocantes-et-vide-greniers-226x320.jpg 226w, https:\/\/www.dinardemeraudetourisme.com\/app\/uploads\/2025\/03\/guide-des-brocantes-et-vide-greniers-28x40.jpg 28w, https:\/\/www.dinardemeraudetourisme.com\/app\/uploads\/2025\/03\/guide-des-brocantes-et-vide-greniers-565x800.jpg 565w, https:\/\/www.dinardemeraudetourisme.com\/app\/uploads\/2025\/03\/guide-des-brocantes-et-vide-greniers-848x1200.jpg 848w, https:\/\/www.dinardemeraudetourisme.com\/app\/uploads\/2025\/03\/guide-des-brocantes-et-vide-greniers.jpg 1240w\" sizes=\"auto, (max-width: 212px) 100vw, 212px\" \/><\/figure>\n<\/div>\n\n\n\n<div class=\"wp-block-column is-layout-flow wp-block-column-is-layout-flow\" style=\"flex-basis:66.66%\">\n<p>Find our guide to the flea markets and car boot sales of the Emerald Coast and its surroundings. In Ille-et-Vilaine and the C\u00f4tes d&#8217;Armor, don&#8217;t miss a single event!<\/p>\n\n\n\n<p>The guide is available at all our reception points and can be downloaded from our website.<\/p>\n\n\n\n<div class=\"wp-block-buttons is-content-justification-center is-layout-flex wp-container-core-buttons-is-layout-e511ce0b wp-block-buttons-is-layout-flex\" style=\"margin-top:var(--wp--preset--spacing--30);margin-bottom:var(--wp--preset--spacing--30)\">\n<div class=\"wp-block-button is-style-outline is-style-outline--1\"><a class=\"wp-block-button__link wp-element-button\" href=\"https:\/\/www.dinardemeraudetourisme.com\/en\/brochures\/\" target=\"_blank\" rel=\"noreferrer noopener\">download the guide<\/a><\/div>\n<\/div>\n<\/div>\n<\/div>\n","protected":false},"excerpt":{"rendered":"<p>Immerse yourself in the friendly atmosphere of the bric-a-brac, garage sales, and flea markets of the Emerald Coast. Wander through the stalls of individuals and professionals under the Breton sun, and uncover hidden treasures and unique souvenirs. Be charmed by the authenticity of these lively markets, where local traditions meet fascinating curiosities waiting to be [&hellip;]<\/p>\n","protected":false},"author":1,"featured_media":2035,"parent":10386,"menu_order":0,"comment_status":"closed","ping_status":"closed","template":"template-header-large.php","meta":{"_acf_changed":false,"footnotes":""},"class_list":["post-10378","page","type-page","status-publish","has-post-thumbnail","hentry"],"acf":[],"yoast_head":"<!-- This site is optimized with the Yoast SEO plugin v27.5 - https:\/\/yoast.com\/product\/yoast-seo-wordpress\/ -->\n<title>Bric a brac garage sales and flea markets - Dinard \u00c9meraude Tourisme<\/title>\n<meta name=\"description\" content=\"The bric-\u00e0-brac, garage sales, and flea markets of the Emerald Coast. The upcoming dates in Ille-et-Vilaine and the C\u00f4tes d&#039;Armor.\" \/>\n<meta name=\"robots\" content=\"index, follow, max-snippet:-1, max-image-preview:large, max-video-preview:-1\" \/>\n<link rel=\"canonical\" href=\"https:\/\/www.dinardemeraudetourisme.com\/en\/to-see-and-do\/markets\/bric-a-brac-garage-sales-and-flea-markets\/\" \/>\n<meta property=\"og:locale\" content=\"en_US\" \/>\n<meta property=\"og:type\" content=\"article\" \/>\n<meta property=\"og:title\" content=\"Bric a brac garage sales and flea markets - Dinard \u00c9meraude Tourisme\" \/>\n<meta property=\"og:description\" content=\"The bric-\u00e0-brac, garage sales, and flea markets of the Emerald Coast. The upcoming dates in Ille-et-Vilaine and the C\u00f4tes d&#039;Armor.\" \/>\n<meta property=\"og:url\" content=\"https:\/\/www.dinardemeraudetourisme.com\/en\/to-see-and-do\/markets\/bric-a-brac-garage-sales-and-flea-markets\/\" \/>\n<meta property=\"og:site_name\" content=\"Dinard \u00c9meraude Tourisme\" \/>\n<meta property=\"article:modified_time\" content=\"2026-03-06T08:44:38+00:00\" \/>\n<meta property=\"og:image\" content=\"https:\/\/www.dinardemeraudetourisme.com\/app\/uploads\/2024\/04\/brocantes-de-la-cote-demeraude.webp\" \/>\n\t<meta property=\"og:image:width\" content=\"1331\" \/>\n\t<meta property=\"og:image:height\" content=\"911\" \/>\n\t<meta property=\"og:image:type\" content=\"image\/webp\" \/>\n<meta name=\"twitter:card\" content=\"summary_large_image\" \/>\n<meta name=\"twitter:label1\" content=\"Est. reading time\" \/>\n\t<meta name=\"twitter:data1\" content=\"3 minutes\" \/>\n<script type=\"application\/ld+json\" class=\"yoast-schema-graph\">{\"@context\":\"https:\\\/\\\/schema.org\",\"@graph\":[{\"@type\":\"WebPage\",\"@id\":\"https:\\\/\\\/www.dinardemeraudetourisme.com\\\/en\\\/to-see-and-do\\\/markets\\\/bric-a-brac-garage-sales-and-flea-markets\\\/\",\"url\":\"https:\\\/\\\/www.dinardemeraudetourisme.com\\\/en\\\/to-see-and-do\\\/markets\\\/bric-a-brac-garage-sales-and-flea-markets\\\/\",\"name\":\"Bric a brac garage sales and flea markets - Dinard \u00c9meraude Tourisme\",\"isPartOf\":{\"@id\":\"https:\\\/\\\/www.dinardemeraudetourisme.com\\\/en\\\/#website\"},\"primaryImageOfPage\":{\"@id\":\"https:\\\/\\\/www.dinardemeraudetourisme.com\\\/en\\\/to-see-and-do\\\/markets\\\/bric-a-brac-garage-sales-and-flea-markets\\\/#primaryimage\"},\"image\":{\"@id\":\"https:\\\/\\\/www.dinardemeraudetourisme.com\\\/en\\\/to-see-and-do\\\/markets\\\/bric-a-brac-garage-sales-and-flea-markets\\\/#primaryimage\"},\"thumbnailUrl\":\"https:\\\/\\\/www.dinardemeraudetourisme.com\\\/app\\\/uploads\\\/2024\\\/04\\\/brocantes-de-la-cote-demeraude.webp\",\"datePublished\":\"2024-04-24T11:14:03+00:00\",\"dateModified\":\"2026-03-06T08:44:38+00:00\",\"description\":\"The bric-\u00e0-brac, garage sales, and flea markets of the Emerald Coast. The upcoming dates in Ille-et-Vilaine and the C\u00f4tes d'Armor.\",\"breadcrumb\":{\"@id\":\"https:\\\/\\\/www.dinardemeraudetourisme.com\\\/en\\\/to-see-and-do\\\/markets\\\/bric-a-brac-garage-sales-and-flea-markets\\\/#breadcrumb\"},\"inLanguage\":\"en-US\",\"potentialAction\":[{\"@type\":\"ReadAction\",\"target\":[\"https:\\\/\\\/www.dinardemeraudetourisme.com\\\/en\\\/to-see-and-do\\\/markets\\\/bric-a-brac-garage-sales-and-flea-markets\\\/\"]}]},{\"@type\":\"ImageObject\",\"inLanguage\":\"en-US\",\"@id\":\"https:\\\/\\\/www.dinardemeraudetourisme.com\\\/en\\\/to-see-and-do\\\/markets\\\/bric-a-brac-garage-sales-and-flea-markets\\\/#primaryimage\",\"url\":\"https:\\\/\\\/www.dinardemeraudetourisme.com\\\/app\\\/uploads\\\/2024\\\/04\\\/brocantes-de-la-cote-demeraude.webp\",\"contentUrl\":\"https:\\\/\\\/www.dinardemeraudetourisme.com\\\/app\\\/uploads\\\/2024\\\/04\\\/brocantes-de-la-cote-demeraude.webp\",\"width\":1331,\"height\":911,\"caption\":\"Brocantes De La Cote D'emeraude. Retrouvez l'agenda des brocantes et vide-greniers entre l'Ille et Vilaine et les C\u00f4tes d'Armor.\"},{\"@type\":\"WebSite\",\"@id\":\"https:\\\/\\\/www.dinardemeraudetourisme.com\\\/en\\\/#website\",\"url\":\"https:\\\/\\\/www.dinardemeraudetourisme.com\\\/en\\\/\",\"name\":\"Dinard \u00c9meraude Tourisme\",\"description\":\"\",\"potentialAction\":[{\"@type\":\"SearchAction\",\"target\":{\"@type\":\"EntryPoint\",\"urlTemplate\":\"https:\\\/\\\/www.dinardemeraudetourisme.com\\\/en\\\/?s={search_term_string}\"},\"query-input\":{\"@type\":\"PropertyValueSpecification\",\"valueRequired\":true,\"valueName\":\"search_term_string\"}}],\"inLanguage\":\"en-US\"}]}<\/script>\n<!-- \/ Yoast SEO plugin. -->","yoast_head_json":{"title":"Bric a brac garage sales and flea markets - Dinard \u00c9meraude Tourisme","description":"The bric-\u00e0-brac, garage sales, and flea markets of the Emerald Coast. The upcoming dates in Ille-et-Vilaine and the C\u00f4tes d'Armor.","robots":{"index":"index","follow":"follow","max-snippet":"max-snippet:-1","max-image-preview":"max-image-preview:large","max-video-preview":"max-video-preview:-1"},"canonical":"https:\/\/www.dinardemeraudetourisme.com\/en\/to-see-and-do\/markets\/bric-a-brac-garage-sales-and-flea-markets\/","og_locale":"en_US","og_type":"article","og_title":"Bric a brac garage sales and flea markets - Dinard \u00c9meraude Tourisme","og_description":"The bric-\u00e0-brac, garage sales, and flea markets of the Emerald Coast. The upcoming dates in Ille-et-Vilaine and the C\u00f4tes d'Armor.","og_url":"https:\/\/www.dinardemeraudetourisme.com\/en\/to-see-and-do\/markets\/bric-a-brac-garage-sales-and-flea-markets\/","og_site_name":"Dinard \u00c9meraude Tourisme","article_modified_time":"2026-03-06T08:44:38+00:00","og_image":[{"width":1331,"height":911,"url":"https:\/\/www.dinardemeraudetourisme.com\/app\/uploads\/2024\/04\/brocantes-de-la-cote-demeraude.webp","type":"image\/webp"}],"twitter_card":"summary_large_image","twitter_misc":{"Est. reading time":"3 minutes"},"schema":{"@context":"https:\/\/schema.org","@graph":[{"@type":"WebPage","@id":"https:\/\/www.dinardemeraudetourisme.com\/en\/to-see-and-do\/markets\/bric-a-brac-garage-sales-and-flea-markets\/","url":"https:\/\/www.dinardemeraudetourisme.com\/en\/to-see-and-do\/markets\/bric-a-brac-garage-sales-and-flea-markets\/","name":"Bric a brac garage sales and flea markets - Dinard \u00c9meraude Tourisme","isPartOf":{"@id":"https:\/\/www.dinardemeraudetourisme.com\/en\/#website"},"primaryImageOfPage":{"@id":"https:\/\/www.dinardemeraudetourisme.com\/en\/to-see-and-do\/markets\/bric-a-brac-garage-sales-and-flea-markets\/#primaryimage"},"image":{"@id":"https:\/\/www.dinardemeraudetourisme.com\/en\/to-see-and-do\/markets\/bric-a-brac-garage-sales-and-flea-markets\/#primaryimage"},"thumbnailUrl":"https:\/\/www.dinardemeraudetourisme.com\/app\/uploads\/2024\/04\/brocantes-de-la-cote-demeraude.webp","datePublished":"2024-04-24T11:14:03+00:00","dateModified":"2026-03-06T08:44:38+00:00","description":"The bric-\u00e0-brac, garage sales, and flea markets of the Emerald Coast. The upcoming dates in Ille-et-Vilaine and the C\u00f4tes d'Armor.","breadcrumb":{"@id":"https:\/\/www.dinardemeraudetourisme.com\/en\/to-see-and-do\/markets\/bric-a-brac-garage-sales-and-flea-markets\/#breadcrumb"},"inLanguage":"en-US","potentialAction":[{"@type":"ReadAction","target":["https:\/\/www.dinardemeraudetourisme.com\/en\/to-see-and-do\/markets\/bric-a-brac-garage-sales-and-flea-markets\/"]}]},{"@type":"ImageObject","inLanguage":"en-US","@id":"https:\/\/www.dinardemeraudetourisme.com\/en\/to-see-and-do\/markets\/bric-a-brac-garage-sales-and-flea-markets\/#primaryimage","url":"https:\/\/www.dinardemeraudetourisme.com\/app\/uploads\/2024\/04\/brocantes-de-la-cote-demeraude.webp","contentUrl":"https:\/\/www.dinardemeraudetourisme.com\/app\/uploads\/2024\/04\/brocantes-de-la-cote-demeraude.webp","width":1331,"height":911,"caption":"Brocantes De La Cote D'emeraude. Retrouvez l'agenda des brocantes et vide-greniers entre l'Ille et Vilaine et les C\u00f4tes d'Armor."},{"@type":"WebSite","@id":"https:\/\/www.dinardemeraudetourisme.com\/en\/#website","url":"https:\/\/www.dinardemeraudetourisme.com\/en\/","name":"Dinard \u00c9meraude Tourisme","description":"","potentialAction":[{"@type":"SearchAction","target":{"@type":"EntryPoint","urlTemplate":"https:\/\/www.dinardemeraudetourisme.com\/en\/?s={search_term_string}"},"query-input":{"@type":"PropertyValueSpecification","valueRequired":true,"valueName":"search_term_string"}}],"inLanguage":"en-US"}]}},"_links":{"self":[{"href":"https:\/\/www.dinardemeraudetourisme.com\/en\/wp-json\/wp\/v2\/pages\/10378","targetHints":{"allow":["GET"]}}],"collection":[{"href":"https:\/\/www.dinardemeraudetourisme.com\/en\/wp-json\/wp\/v2\/pages"}],"about":[{"href":"https:\/\/www.dinardemeraudetourisme.com\/en\/wp-json\/wp\/v2\/types\/page"}],"author":[{"embeddable":true,"href":"https:\/\/www.dinardemeraudetourisme.com\/en\/wp-json\/wp\/v2\/users\/1"}],"replies":[{"embeddable":true,"href":"https:\/\/www.dinardemeraudetourisme.com\/en\/wp-json\/wp\/v2\/comments?post=10378"}],"version-history":[{"count":7,"href":"https:\/\/www.dinardemeraudetourisme.com\/en\/wp-json\/wp\/v2\/pages\/10378\/revisions"}],"predecessor-version":[{"id":21305,"href":"https:\/\/www.dinardemeraudetourisme.com\/en\/wp-json\/wp\/v2\/pages\/10378\/revisions\/21305"}],"up":[{"embeddable":true,"href":"https:\/\/www.dinardemeraudetourisme.com\/en\/wp-json\/wp\/v2\/pages\/10386"}],"wp:featuredmedia":[{"embeddable":true,"href":"https:\/\/www.dinardemeraudetourisme.com\/en\/wp-json\/wp\/v2\/media\/2035"}],"wp:attachment":[{"href":"https:\/\/www.dinardemeraudetourisme.com\/en\/wp-json\/wp\/v2\/media?parent=10378"}],"curies":[{"name":"wp","href":"https:\/\/api.w.org\/{rel}","templated":true}]}}