{"id":10314,"date":"2024-04-24T13:11:19","date_gmt":"2024-04-24T11:11:19","guid":{"rendered":"https:\/\/www.dinardemeraudetourisme.com\/to-see-and-do\/culture\/workshops\/stages-nautiques\/"},"modified":"2025-01-02T14:36:52","modified_gmt":"2025-01-02T13:36:52","slug":"water-based-workshops","status":"publish","type":"page","link":"https:\/\/www.dinardemeraudetourisme.com\/en\/to-see-and-do\/culture\/workshops\/water-based-workshops\/","title":{"rendered":"Sailing courses"},"content":{"rendered":"\n<p>The Emerald Coast in northern Brittany is a sought-after destination for sailing courses and surfing lessons. Its clear waters and favorable winds provide ideal conditions for sailing, surfing, catamaran, kayaking, and paddleboarding.<\/p>\n\n\n\n<p>Whether you\u2019re a beginner or an experienced enthusiast, these workshops offer a full immersion into water sports. Led by professionals, they provide a unique sporting experience while exploring the natural beauty of the Breton coast.<\/p>\n\n\n\n<h2 class=\"wp-block-heading\"><br>Sailing Schools<\/h2>\n\n\n\n<p>Children can make the most of their holidays by trying a nautical activity at one of our many sailing schools. Adults are not left out either, with private lessons available for all ages upon reservation.<\/p>\n\n\n\n<h3 class=\"wp-block-heading\"><br>In Saint-Lunaire<\/h3>\n\n\n\n<h4 class=\"wp-block-heading\"><strong>Saint-Lunaire&#8217;s<\/strong> <strong>Yacht Club<\/strong><\/h4>\n\n\n\n<ul class=\"wp-block-list\">\n<li><strong>Optimist:<\/strong> From age 7<\/li>\n\n\n\n<li><strong>Catamaran:<\/strong> Hobie T1: From age 10, Hobie Cat 15: From age 15, Hobie Cat 16: From age 16<\/li>\n\n\n\n<li><strong>Windsurf:<\/strong> From age 10<\/li>\n<\/ul>\n\n\n\n<p>Book a weekly workshop for your children during the Easter, Summer, and All Saints&#8217; Day school holidays at: <a href=\"http:\/\/www.ycsl.net\">www.ycsl.net<\/a>.<\/p>\n\n\n\n<h3 class=\"wp-block-heading\"><br>In Dinard<\/h3>\n\n\n\n<h4 class=\"wp-block-heading\"><strong>Dinard Nautique<\/strong><\/h4>\n\n\n\n<p>On the Clair de Lune promenade, find <a href=\"https:\/\/www.dinardemeraudetourisme.com\/en\/fiche\/dinard-nautique-5FS0007T\/\" target=\"_blank\" rel=\"noreferrer noopener\"><strong>Dinard Nautique<\/strong><\/a> for nautical courses for your children during the holidays.<\/p>\n\n\n\n<ul class=\"wp-block-list\">\n<li><strong>Optimist:<\/strong> For children aged 6 to 8 years.<\/li>\n\n\n\n<li><strong>Sea Kayaking:<\/strong> Starting from 8 years old.<\/li>\n\n\n\n<li><strong>Catamaran:<\/strong> Starting from 8 years old.<\/li>\n\n\n\n<li><strong>Stand-Up Paddle:<\/strong> From 12 years old.<\/li>\n\n\n\n<li><strong>Kayak Polo:<\/strong> From 12 years old.<\/li>\n<\/ul>\n\n\n\n<p><strong><a href=\"https:\/\/www.dinard-nautique.com\/\" target=\"_blank\" rel=\"noreferrer noopener\">More informations<\/a>.<\/strong><\/p>\n\n\n\n<h4 class=\"wp-block-heading\"><br><strong>Wishbone Club<\/strong><\/h4>\n\n\n\n<p>On \u00c9cluse beach, near the seawater swimming pool, introduce your children to water sports at the&nbsp;<a href=\"https:\/\/www.dinardemeraudetourisme.com\/en\/fiche\/centre-nautique-wishbone-club-dinard-5FS0007D\/\" target=\"_blank\" rel=\"noreferrer noopener\"><strong>Wishbone Club<\/strong><\/a>.<\/p>\n\n\n\n<ul class=\"wp-block-list\">\n<li>Catamaran: Junior: Ages 8-11 <\/li>\n\n\n\n<li>Teens: Ages 12-15 Windsurf: From age 10<\/li>\n<\/ul>\n\n\n\n<p><strong><a href=\"https:\/\/www.wishbone-club-dinard.com\/\" target=\"_blank\" rel=\"noreferrer noopener\">More informations<\/a>.<\/strong><\/p>\n\n\n\n<h3 class=\"wp-block-heading\"><br>In La Richardais<\/h3>\n\n\n\n<h4 class=\"wp-block-heading\"><strong>La Richardais nautical center<\/strong><\/h4>\n\n\n\n<p>The CNR offers:<\/p>\n\n\n\n<ul class=\"wp-block-list\">\n<li><strong>sailing courses<\/strong><\/li>\n<\/ul>\n\n\n\n<p><strong>Day Program:<\/strong> From 9:30 AM to 4:00 PM for children aged 8 and up.<\/p>\n\n\n\n<p>Activities include dinghy sailing and kayak-paddle, depending on the weather and participants&#8217; preferences!<\/p>\n\n\n\n<p><strong>Price:<\/strong> Starting at \u20ac160.50 for 2 days.<\/p>\n\n\n\n<ul class=\"wp-block-list\">\n<li><strong>Beginner rowing course<\/strong><\/li>\n<\/ul>\n\n\n\n<p>For ages 14 and up: 2 morning sessions from 10:00 AM to 12:00 PM \u2013 \u20ac68<\/p>\n\n\n\n<ul class=\"wp-block-list\">\n<li><strong>Kayak and Paddle Rentals:<\/strong> Available by reservation only during school holidays in our region.<\/li>\n<\/ul>\n\n\n\n<p>All activities are scheduled at high tide to make the most of the water!<\/p>\n\n\n\n<p>Enjoy a \u20ac20 discount on workshops booked online.<\/p>\n\n\n\n<p><strong><strong>Register now at:<\/strong> <a href=\"http:\/\/www.ycsl.net\">www.ycsl.net<\/a><\/strong><\/p>\n\n\n\n<p><strong>Contact:<\/strong><\/p>\n\n\n\n<ul class=\"wp-block-list\">\n<li>Phone: +33 (0)2 99 88 51 57<\/li>\n\n\n\n<li>Email: <a>cnr35@wanadoo.fr<\/a><\/li>\n<\/ul>\n\n\n\n<figure class=\"wp-block-image aligncenter size-large\"><img loading=\"lazy\" decoding=\"async\" width=\"1024\" height=\"615\" src=\"https:\/\/www.dinardemeraudetourisme.com\/app\/uploads\/2024\/04\/cnr-stages-voile-1024x615.webp\" alt=\"Centre Nautique de la Richardais. Inscrivez-vous et vos enfants \u00e0 des stages d\u00e9couverte de la voile. Les centres nautiques de la C\u00f4te d'Emeraude vous accueille aux vacances scolaires.\" class=\"wp-image-2356\" srcset=\"https:\/\/www.dinardemeraudetourisme.com\/app\/uploads\/2024\/04\/cnr-stages-voile-1024x615.webp 1024w, https:\/\/www.dinardemeraudetourisme.com\/app\/uploads\/2024\/04\/cnr-stages-voile-300x180.webp 300w, https:\/\/www.dinardemeraudetourisme.com\/app\/uploads\/2024\/04\/cnr-stages-voile-768x461.webp 768w, https:\/\/www.dinardemeraudetourisme.com\/app\/uploads\/2024\/04\/cnr-stages-voile-20x12.webp 20w, https:\/\/www.dinardemeraudetourisme.com\/app\/uploads\/2024\/04\/cnr-stages-voile-50x30.webp 50w, https:\/\/www.dinardemeraudetourisme.com\/app\/uploads\/2024\/04\/cnr-stages-voile-60x36.webp 60w, https:\/\/www.dinardemeraudetourisme.com\/app\/uploads\/2024\/04\/cnr-stages-voile-80x48.webp 80w, https:\/\/www.dinardemeraudetourisme.com\/app\/uploads\/2024\/04\/cnr-stages-voile-110x66.webp 110w, https:\/\/www.dinardemeraudetourisme.com\/app\/uploads\/2024\/04\/cnr-stages-voile-160x96.webp 160w, https:\/\/www.dinardemeraudetourisme.com\/app\/uploads\/2024\/04\/cnr-stages-voile-250x150.webp 250w, https:\/\/www.dinardemeraudetourisme.com\/app\/uploads\/2024\/04\/cnr-stages-voile-67x40.webp 67w, https:\/\/www.dinardemeraudetourisme.com\/app\/uploads\/2024\/04\/cnr-stages-voile-1333x800.webp 1333w, https:\/\/www.dinardemeraudetourisme.com\/app\/uploads\/2024\/04\/cnr-stages-voile.webp 1471w\" sizes=\"auto, (max-width: 1024px) 100vw, 1024px\" \/><\/figure>\n\n\n\n<h3 class=\"wp-block-heading\"><br>In Lancieux<\/h3>\n\n\n\n<h4 class=\"wp-block-heading\"><strong>Lancieux Nautical Club<\/strong><\/h4>\n\n\n\n<p>The CNL is both a school for kite surfing, windsurfing, catamaran sailing, land sailing, kayaking, and dinghy sailing.<\/p>\n\n\n\n<ul class=\"wp-block-list\">\n<li><strong>Optimist:<\/strong> From age 7<\/li>\n\n\n\n<li><strong>Windsurfing:<\/strong> From age 7<\/li>\n\n\n\n<li><strong>Dinghy Sailing:<\/strong> From age 10<\/li>\n\n\n\n<li><strong>Catamaran Sailing:<\/strong> From age 10<\/li>\n\n\n\n<li><strong>Windsurfing (advanced):<\/strong> From age 10<\/li>\n<\/ul>\n\n\n\n<p><a href=\"https:\/\/www.dinardemeraudetourisme.com\/en\/fiche\/club-nautique-de-lancieux-20E39BHY\/\" target=\"_blank\" rel=\"noreferrer noopener\"><strong>Learn more<\/strong><\/a><\/p>\n\n\n\n<p><\/p>\n\n\n\n<h2 class=\"wp-block-heading\"><br>Surf<\/h2>\n\n\n\n<p>Weekly surfing course (5 sessions of 1h30) during the Easter, summer and All Saints school holidays. Two surf schools welcome you: \u00c9meraude Surf School and Surf Harmony<\/p>\n\n\n\n<p><strong>Practical informations :<\/strong><\/p>\n\n\n\n<p><strong><a href=\"https:\/\/www.dinardemeraudetourisme.com\/en\/fiche\/emeraude-surf-school-5V51R7BU\/\" target=\"_blank\" rel=\"noreferrer noopener\">\u00c9meraude Surf School<\/a> :<\/strong><\/p>\n\n\n\n<ul class=\"wp-block-list\">\n<li>Price : \u20ac150<\/li>\n\n\n\n<li>Location : Longchamp&#8217;s beach, Saint-Lunaire&#8217;s side<\/li>\n<\/ul>\n\n\n\n<p><a href=\"https:\/\/www.dinardemeraudetourisme.com\/en\/fiche\/surf-harmony-5FS000DI\/\" target=\"_blank\" rel=\"noreferrer noopener\"><strong>Surf Harmony<\/strong><\/a>&nbsp;school :<\/p>\n\n\n\n<ul class=\"wp-block-list\">\n<li>Price : 160 \u20ac<\/li>\n\n\n\n<li>Location : Longchamp&#8217;s beach, Saint-Briac&#8217;s side<\/li>\n<\/ul>\n\n\n\n<h2 class=\"wp-block-heading\"><br>Wingfoil workshops<\/h2>\n\n\n\n<p>Do you dream of trying wingfoil?<\/p>\n\n\n\n<p>Discover the new weekly e-foil and wingfoil course offer by Chill in Rance. The ideal combo to become independent in wingfoiling step by step.<\/p>\n\n\n\n<p><strong>5-day course from Tuesday to Saturday:<\/strong><\/p>\n\n\n\n<p>\u2192&nbsp;2 e-foil lessons at the Plou\u00ebr-sur-Rance slipway<\/p>\n\n\n\n<p>\u2192&nbsp;3 wingfoil lessons in Saint-Suliac<\/p>\n\n\n\n<p><strong>Price<\/strong>&nbsp;:&nbsp;\u20ac 550 \/ person.&nbsp;Practice supervised in private lessons or by 2 people.<\/p>\n\n\n\n<p>Registrations<strong> <\/strong>with<strong> <\/strong><a href=\"https:\/\/chill-in-rance.com\/reservation\/?re-product-id=248704\" target=\"_blank\" rel=\"noreferrer noopener\"><strong>Chill in Rance<\/strong><\/a>.<\/p>\n\n\n\n<h2 class=\"wp-block-heading\"><br><\/h2>\n\n\n\n<h2 class=\"wp-block-heading\">Check out our other workshops!<\/h2>\n\n\n\n<ul class=\"wp-block-list\">\n<li><a href=\"https:\/\/www.dinardemeraudetourisme.com\/en\/to-see-and-do\/culture\/workshops\/creative-leisure-workshops\/\">Creative workshops<\/a><\/li>\n\n\n\n<li><a href=\"https:\/\/www.dinardemeraudetourisme.com\/en\/to-see-and-do\/culture\/workshops\/cultural-workshops\/\">Cultural workshops<\/a><\/li>\n\n\n\n<li><a href=\"https:\/\/www.dinardemeraudetourisme.com\/en\/to-see-and-do\/culture\/workshops\/well-bein-workshops\/\">Wellness workshops<\/a><\/li>\n\n\n\n<li><a href=\"https:\/\/www.dinardemeraudetourisme.com\/en\/to-see-and-do\/culture\/workshops\/sports-workshops\/\">Sports workshops<\/a><\/li>\n<\/ul>\n","protected":false},"excerpt":{"rendered":"<p>Try out a nautical activity during your stay in Dinard C\u00f4te d\u2019\u00c9meraude.<\/p>\n","protected":false},"author":1,"featured_media":5348,"parent":10299,"menu_order":0,"comment_status":"closed","ping_status":"closed","template":"template-header-large.php","meta":{"_acf_changed":false,"footnotes":""},"class_list":["post-10314","page","type-page","status-publish","has-post-thumbnail","hentry"],"acf":[],"yoast_head":"<!-- This site is optimized with the Yoast SEO plugin v27.1.1 - https:\/\/yoast.com\/product\/yoast-seo-wordpress\/ -->\n<title>Sailing courses - Dinard \u00c9meraude Tourisme<\/title>\n<meta name=\"description\" content=\"Sailing and watersports courses for children and adults on the Emerald Coast: sailing, surfing, wingfoiling, catamaran, and much more!\" \/>\n<meta name=\"robots\" content=\"index, follow, max-snippet:-1, max-image-preview:large, max-video-preview:-1\" \/>\n<link rel=\"canonical\" href=\"https:\/\/www.dinardemeraudetourisme.com\/en\/to-see-and-do\/culture\/workshops\/water-based-workshops\/\" \/>\n<meta property=\"og:locale\" content=\"en_US\" \/>\n<meta property=\"og:type\" content=\"article\" \/>\n<meta property=\"og:title\" content=\"Sailing courses - Dinard \u00c9meraude Tourisme\" \/>\n<meta property=\"og:description\" content=\"Sailing and watersports courses for children and adults on the Emerald Coast: sailing, surfing, wingfoiling, catamaran, and much more!\" \/>\n<meta property=\"og:url\" content=\"https:\/\/www.dinardemeraudetourisme.com\/en\/to-see-and-do\/culture\/workshops\/water-based-workshops\/\" \/>\n<meta property=\"og:site_name\" content=\"Dinard \u00c9meraude Tourisme\" \/>\n<meta property=\"article:modified_time\" content=\"2025-01-02T13:36:52+00:00\" \/>\n<meta property=\"og:image\" content=\"https:\/\/www.dinardemeraudetourisme.com\/app\/uploads\/2024\/04\/sensation-bretagne-dinard-sport-nautique-studio-jezequel-2023.jpg\" \/>\n\t<meta property=\"og:image:width\" content=\"1920\" \/>\n\t<meta property=\"og:image:height\" content=\"1280\" \/>\n\t<meta property=\"og:image:type\" content=\"image\/jpeg\" \/>\n<meta name=\"twitter:card\" content=\"summary_large_image\" \/>\n<meta name=\"twitter:label1\" content=\"Est. reading time\" \/>\n\t<meta name=\"twitter:data1\" content=\"4 minutes\" \/>\n<script type=\"application\/ld+json\" class=\"yoast-schema-graph\">{\"@context\":\"https:\/\/schema.org\",\"@graph\":[{\"@type\":\"WebPage\",\"@id\":\"https:\/\/www.dinardemeraudetourisme.com\/en\/to-see-and-do\/culture\/workshops\/water-based-workshops\/\",\"url\":\"https:\/\/www.dinardemeraudetourisme.com\/en\/to-see-and-do\/culture\/workshops\/water-based-workshops\/\",\"name\":\"Sailing courses - Dinard \u00c9meraude Tourisme\",\"isPartOf\":{\"@id\":\"https:\/\/www.dinardemeraudetourisme.com\/en\/#website\"},\"primaryImageOfPage\":{\"@id\":\"https:\/\/www.dinardemeraudetourisme.com\/en\/to-see-and-do\/culture\/workshops\/water-based-workshops\/#primaryimage\"},\"image\":{\"@id\":\"https:\/\/www.dinardemeraudetourisme.com\/en\/to-see-and-do\/culture\/workshops\/water-based-workshops\/#primaryimage\"},\"thumbnailUrl\":\"https:\/\/www.dinardemeraudetourisme.com\/app\/uploads\/2024\/04\/sensation-bretagne-dinard-sport-nautique-studio-jezequel-2023.jpg\",\"datePublished\":\"2024-04-24T11:11:19+00:00\",\"dateModified\":\"2025-01-02T13:36:52+00:00\",\"description\":\"Sailing and watersports courses for children and adults on the Emerald Coast: sailing, surfing, wingfoiling, catamaran, and much more!\",\"breadcrumb\":{\"@id\":\"https:\/\/www.dinardemeraudetourisme.com\/en\/to-see-and-do\/culture\/workshops\/water-based-workshops\/#breadcrumb\"},\"inLanguage\":\"en-US\",\"potentialAction\":[{\"@type\":\"ReadAction\",\"target\":[\"https:\/\/www.dinardemeraudetourisme.com\/en\/to-see-and-do\/culture\/workshops\/water-based-workshops\/\"]}]},{\"@type\":\"ImageObject\",\"inLanguage\":\"en-US\",\"@id\":\"https:\/\/www.dinardemeraudetourisme.com\/en\/to-see-and-do\/culture\/workshops\/water-based-workshops\/#primaryimage\",\"url\":\"https:\/\/www.dinardemeraudetourisme.com\/app\/uploads\/2024\/04\/sensation-bretagne-dinard-sport-nautique-studio-jezequel-2023.jpg\",\"contentUrl\":\"https:\/\/www.dinardemeraudetourisme.com\/app\/uploads\/2024\/04\/sensation-bretagne-dinard-sport-nautique-studio-jezequel-2023.jpg\",\"width\":1920,\"height\":1280,\"caption\":\"Une famille tient la barre d'un voilier dans la baie de Dinard. La C\u00f4te d'\u00c9meraude est un terrain de jeu parfait pour les amateurs d'activit\u00e9s nautiques en Bretagne.\"},{\"@type\":\"WebSite\",\"@id\":\"https:\/\/www.dinardemeraudetourisme.com\/en\/#website\",\"url\":\"https:\/\/www.dinardemeraudetourisme.com\/en\/\",\"name\":\"Dinard \u00c9meraude Tourisme\",\"description\":\"\",\"potentialAction\":[{\"@type\":\"SearchAction\",\"target\":{\"@type\":\"EntryPoint\",\"urlTemplate\":\"https:\/\/www.dinardemeraudetourisme.com\/en\/?s={search_term_string}\"},\"query-input\":{\"@type\":\"PropertyValueSpecification\",\"valueRequired\":true,\"valueName\":\"search_term_string\"}}],\"inLanguage\":\"en-US\"}]}<\/script>\n<!-- \/ Yoast SEO plugin. -->","yoast_head_json":{"title":"Sailing courses - Dinard \u00c9meraude Tourisme","description":"Sailing and watersports courses for children and adults on the Emerald Coast: sailing, surfing, wingfoiling, catamaran, and much more!","robots":{"index":"index","follow":"follow","max-snippet":"max-snippet:-1","max-image-preview":"max-image-preview:large","max-video-preview":"max-video-preview:-1"},"canonical":"https:\/\/www.dinardemeraudetourisme.com\/en\/to-see-and-do\/culture\/workshops\/water-based-workshops\/","og_locale":"en_US","og_type":"article","og_title":"Sailing courses - Dinard \u00c9meraude Tourisme","og_description":"Sailing and watersports courses for children and adults on the Emerald Coast: sailing, surfing, wingfoiling, catamaran, and much more!","og_url":"https:\/\/www.dinardemeraudetourisme.com\/en\/to-see-and-do\/culture\/workshops\/water-based-workshops\/","og_site_name":"Dinard \u00c9meraude Tourisme","article_modified_time":"2025-01-02T13:36:52+00:00","og_image":[{"width":1920,"height":1280,"url":"https:\/\/www.dinardemeraudetourisme.com\/app\/uploads\/2024\/04\/sensation-bretagne-dinard-sport-nautique-studio-jezequel-2023.jpg","type":"image\/jpeg"}],"twitter_card":"summary_large_image","twitter_misc":{"Est. reading time":"4 minutes"},"schema":{"@context":"https:\/\/schema.org","@graph":[{"@type":"WebPage","@id":"https:\/\/www.dinardemeraudetourisme.com\/en\/to-see-and-do\/culture\/workshops\/water-based-workshops\/","url":"https:\/\/www.dinardemeraudetourisme.com\/en\/to-see-and-do\/culture\/workshops\/water-based-workshops\/","name":"Sailing courses - Dinard \u00c9meraude Tourisme","isPartOf":{"@id":"https:\/\/www.dinardemeraudetourisme.com\/en\/#website"},"primaryImageOfPage":{"@id":"https:\/\/www.dinardemeraudetourisme.com\/en\/to-see-and-do\/culture\/workshops\/water-based-workshops\/#primaryimage"},"image":{"@id":"https:\/\/www.dinardemeraudetourisme.com\/en\/to-see-and-do\/culture\/workshops\/water-based-workshops\/#primaryimage"},"thumbnailUrl":"https:\/\/www.dinardemeraudetourisme.com\/app\/uploads\/2024\/04\/sensation-bretagne-dinard-sport-nautique-studio-jezequel-2023.jpg","datePublished":"2024-04-24T11:11:19+00:00","dateModified":"2025-01-02T13:36:52+00:00","description":"Sailing and watersports courses for children and adults on the Emerald Coast: sailing, surfing, wingfoiling, catamaran, and much more!","breadcrumb":{"@id":"https:\/\/www.dinardemeraudetourisme.com\/en\/to-see-and-do\/culture\/workshops\/water-based-workshops\/#breadcrumb"},"inLanguage":"en-US","potentialAction":[{"@type":"ReadAction","target":["https:\/\/www.dinardemeraudetourisme.com\/en\/to-see-and-do\/culture\/workshops\/water-based-workshops\/"]}]},{"@type":"ImageObject","inLanguage":"en-US","@id":"https:\/\/www.dinardemeraudetourisme.com\/en\/to-see-and-do\/culture\/workshops\/water-based-workshops\/#primaryimage","url":"https:\/\/www.dinardemeraudetourisme.com\/app\/uploads\/2024\/04\/sensation-bretagne-dinard-sport-nautique-studio-jezequel-2023.jpg","contentUrl":"https:\/\/www.dinardemeraudetourisme.com\/app\/uploads\/2024\/04\/sensation-bretagne-dinard-sport-nautique-studio-jezequel-2023.jpg","width":1920,"height":1280,"caption":"Une famille tient la barre d'un voilier dans la baie de Dinard. La C\u00f4te d'\u00c9meraude est un terrain de jeu parfait pour les amateurs d'activit\u00e9s nautiques en Bretagne."},{"@type":"WebSite","@id":"https:\/\/www.dinardemeraudetourisme.com\/en\/#website","url":"https:\/\/www.dinardemeraudetourisme.com\/en\/","name":"Dinard \u00c9meraude Tourisme","description":"","potentialAction":[{"@type":"SearchAction","target":{"@type":"EntryPoint","urlTemplate":"https:\/\/www.dinardemeraudetourisme.com\/en\/?s={search_term_string}"},"query-input":{"@type":"PropertyValueSpecification","valueRequired":true,"valueName":"search_term_string"}}],"inLanguage":"en-US"}]}},"_links":{"self":[{"href":"https:\/\/www.dinardemeraudetourisme.com\/en\/wp-json\/wp\/v2\/pages\/10314","targetHints":{"allow":["GET"]}}],"collection":[{"href":"https:\/\/www.dinardemeraudetourisme.com\/en\/wp-json\/wp\/v2\/pages"}],"about":[{"href":"https:\/\/www.dinardemeraudetourisme.com\/en\/wp-json\/wp\/v2\/types\/page"}],"author":[{"embeddable":true,"href":"https:\/\/www.dinardemeraudetourisme.com\/en\/wp-json\/wp\/v2\/users\/1"}],"replies":[{"embeddable":true,"href":"https:\/\/www.dinardemeraudetourisme.com\/en\/wp-json\/wp\/v2\/comments?post=10314"}],"version-history":[{"count":7,"href":"https:\/\/www.dinardemeraudetourisme.com\/en\/wp-json\/wp\/v2\/pages\/10314\/revisions"}],"predecessor-version":[{"id":12050,"href":"https:\/\/www.dinardemeraudetourisme.com\/en\/wp-json\/wp\/v2\/pages\/10314\/revisions\/12050"}],"up":[{"embeddable":true,"href":"https:\/\/www.dinardemeraudetourisme.com\/en\/wp-json\/wp\/v2\/pages\/10299"}],"wp:featuredmedia":[{"embeddable":true,"href":"https:\/\/www.dinardemeraudetourisme.com\/en\/wp-json\/wp\/v2\/media\/5348"}],"wp:attachment":[{"href":"https:\/\/www.dinardemeraudetourisme.com\/en\/wp-json\/wp\/v2\/media?parent=10314"}],"curies":[{"name":"wp","href":"https:\/\/api.w.org\/{rel}","templated":true}]}}