{"id":10312,"date":"2024-04-24T13:10:52","date_gmt":"2024-04-24T11:10:52","guid":{"rendered":"https:\/\/www.dinardemeraudetourisme.com\/to-see-and-do\/culture\/workshops\/stages-de-loisirs-creatifs\/"},"modified":"2025-01-02T14:35:15","modified_gmt":"2025-01-02T13:35:15","slug":"creative-leisure-workshops","status":"publish","type":"page","link":"https:\/\/www.dinardemeraudetourisme.com\/en\/to-see-and-do\/culture\/workshops\/creative-leisure-workshops\/","title":{"rendered":"Creative workshops"},"content":{"rendered":"\n<p>During your vacation on the Emerald Coast in northern Brittany, join a creative workshop. In an inspiring setting, participants can try their hand at modeling, pottery, or take part in creative activities specially designed for children.<\/p>\n\n\n\n<p>These workshops foster imagination and allow participants to explore various artistic techniques. Led by local artisans and artists, they offer a relaxing experience while encouraging creativity.<\/p>\n\n\n\n<p>Accessible to all, young and old alike, these workshops provide a unique way to discover Breton craftsmanship.<\/p>\n\n\n\n<h2 class=\"wp-block-heading\"><br>Pottery<\/h2>\n\n\n\n<p>Courses by reservation. 6 hours of lessons over 1 to 5 days. <br>Information and reservations at <a href=\"https:\/\/www.dinardemeraudetourisme.com\/fiche\/la-poterie-de-sandra-and-co-2V51QA50\/\" target=\"_blank\" rel=\"noreferrer noopener\"><strong>la Poterie de Sandra<\/strong><\/a>.<\/p>\n\n\n\n<p><strong>Practical informations :<\/strong><\/p>\n\n\n\n<ul class=\"wp-block-list\">\n<li>Prices: Filming \u20ac93\/day and Modeling \u20ac78\/day<\/li>\n\n\n\n<li>Location: Workshop in Corseul<\/li>\n<\/ul>\n\n\n\n<figure class=\"wp-block-image aligncenter size-full\"><img loading=\"lazy\" decoding=\"async\" width=\"960\" height=\"720\" src=\"https:\/\/www.dinardemeraudetourisme.com\/app\/uploads\/2024\/05\/poterie-de-sandra-corseul.jpg\" alt=\"La poterie de Sandra \u00e0 Corseul. Sandra lors d'un atelier poterie de tournage et \u00e9maillage. Cet atelier est l'un des stages de loisirs cr\u00e9atifs de la C\u00f4te d'\u00c9meraude.\" class=\"wp-image-5776\" srcset=\"https:\/\/www.dinardemeraudetourisme.com\/app\/uploads\/2024\/05\/poterie-de-sandra-corseul.jpg 960w, https:\/\/www.dinardemeraudetourisme.com\/app\/uploads\/2024\/05\/poterie-de-sandra-corseul-300x225.jpg 300w, https:\/\/www.dinardemeraudetourisme.com\/app\/uploads\/2024\/05\/poterie-de-sandra-corseul-768x576.jpg 768w, https:\/\/www.dinardemeraudetourisme.com\/app\/uploads\/2024\/05\/poterie-de-sandra-corseul-20x15.jpg 20w, https:\/\/www.dinardemeraudetourisme.com\/app\/uploads\/2024\/05\/poterie-de-sandra-corseul-50x38.jpg 50w, https:\/\/www.dinardemeraudetourisme.com\/app\/uploads\/2024\/05\/poterie-de-sandra-corseul-40x30.jpg 40w, https:\/\/www.dinardemeraudetourisme.com\/app\/uploads\/2024\/05\/poterie-de-sandra-corseul-60x45.jpg 60w, https:\/\/www.dinardemeraudetourisme.com\/app\/uploads\/2024\/05\/poterie-de-sandra-corseul-80x60.jpg 80w, https:\/\/www.dinardemeraudetourisme.com\/app\/uploads\/2024\/05\/poterie-de-sandra-corseul-110x83.jpg 110w, https:\/\/www.dinardemeraudetourisme.com\/app\/uploads\/2024\/05\/poterie-de-sandra-corseul-160x120.jpg 160w, https:\/\/www.dinardemeraudetourisme.com\/app\/uploads\/2024\/05\/poterie-de-sandra-corseul-250x188.jpg 250w, https:\/\/www.dinardemeraudetourisme.com\/app\/uploads\/2024\/05\/poterie-de-sandra-corseul-53x40.jpg 53w\" sizes=\"auto, (max-width: 960px) 100vw, 960px\" \/><\/figure>\n\n\n\n<h2 class=\"wp-block-heading\"><br>Internships in mediation and engraving workshops<\/h2>\n\n\n\n<div class=\"wp-block-columns is-layout-flex wp-container-core-columns-is-layout-28f84493 wp-block-columns-is-layout-flex\">\n<div class=\"wp-block-column is-layout-flow wp-block-column-is-layout-flow\" style=\"flex-basis:33.33%\">\n<figure class=\"wp-block-image size-large\"><img loading=\"lazy\" decoding=\"async\" width=\"768\" height=\"1024\" src=\"https:\/\/www.dinardemeraudetourisme.com\/app\/uploads\/2024\/04\/atelier-gravure-dinard-stage-scaled-1-768x1024.webp\" alt=\"Oeuvre r\u00e9alis\u00e9e dans le cadre d'un Stage de gravure \u00e0 Dinard.\" class=\"wp-image-4033\" srcset=\"https:\/\/www.dinardemeraudetourisme.com\/app\/uploads\/2024\/04\/atelier-gravure-dinard-stage-scaled-1-768x1024.webp 768w, https:\/\/www.dinardemeraudetourisme.com\/app\/uploads\/2024\/04\/atelier-gravure-dinard-stage-scaled-1-225x300.webp 225w, https:\/\/www.dinardemeraudetourisme.com\/app\/uploads\/2024\/04\/atelier-gravure-dinard-stage-scaled-1-1152x1536.webp 1152w, https:\/\/www.dinardemeraudetourisme.com\/app\/uploads\/2024\/04\/atelier-gravure-dinard-stage-scaled-1-1536x2048.webp 1536w, https:\/\/www.dinardemeraudetourisme.com\/app\/uploads\/2024\/04\/atelier-gravure-dinard-stage-scaled-1-15x20.webp 15w, https:\/\/www.dinardemeraudetourisme.com\/app\/uploads\/2024\/04\/atelier-gravure-dinard-stage-scaled-1-38x50.webp 38w, https:\/\/www.dinardemeraudetourisme.com\/app\/uploads\/2024\/04\/atelier-gravure-dinard-stage-scaled-1-23x30.webp 23w, https:\/\/www.dinardemeraudetourisme.com\/app\/uploads\/2024\/04\/atelier-gravure-dinard-stage-scaled-1-45x60.webp 45w, https:\/\/www.dinardemeraudetourisme.com\/app\/uploads\/2024\/04\/atelier-gravure-dinard-stage-scaled-1-60x80.webp 60w, https:\/\/www.dinardemeraudetourisme.com\/app\/uploads\/2024\/04\/atelier-gravure-dinard-stage-scaled-1-105x140.webp 105w, https:\/\/www.dinardemeraudetourisme.com\/app\/uploads\/2024\/04\/atelier-gravure-dinard-stage-scaled-1-120x160.webp 120w, https:\/\/www.dinardemeraudetourisme.com\/app\/uploads\/2024\/04\/atelier-gravure-dinard-stage-scaled-1-240x320.webp 240w, https:\/\/www.dinardemeraudetourisme.com\/app\/uploads\/2024\/04\/atelier-gravure-dinard-stage-scaled-1-30x40.webp 30w, https:\/\/www.dinardemeraudetourisme.com\/app\/uploads\/2024\/04\/atelier-gravure-dinard-stage-scaled-1-300x400.webp 300w, https:\/\/www.dinardemeraudetourisme.com\/app\/uploads\/2024\/04\/atelier-gravure-dinard-stage-scaled-1-600x800.webp 600w, https:\/\/www.dinardemeraudetourisme.com\/app\/uploads\/2024\/04\/atelier-gravure-dinard-stage-scaled-1-900x1200.webp 900w, https:\/\/www.dinardemeraudetourisme.com\/app\/uploads\/2024\/04\/atelier-gravure-dinard-stage-scaled-1.webp 1920w\" sizes=\"auto, (max-width: 768px) 100vw, 768px\" \/><\/figure>\n<\/div>\n\n\n\n<div class=\"wp-block-column is-layout-flow wp-block-column-is-layout-flow\" style=\"flex-basis:66.66%\">\n<p><strong>Artistic Mediation Workshops<\/strong><\/p>\n\n\n\n<p>Create your own artwork using materials such as clay, plaster, tissue paper, or seaweed, and explore the various stages of the creative process, from intuition and inspiration to completion.<\/p>\n\n\n\n<p><strong>Workshops are available year-round.<\/strong><\/p>\n\n\n\n<p><strong>For more information and registration:<\/strong> Contact <a href=\"https:\/\/www.escapades.info\/\" target=\"_blank\" rel=\"noreferrer noopener\">V\u00e9ronique Brossette<\/a> at +33 (0)6 80 58 51 07.<\/p>\n\n\n\n<p><strong>Practical Information:<\/strong><br>Details provided upon request.<\/p>\n\n\n\n<ul class=\"wp-block-list\">\n<li>Location: Atelier in Dinard <\/li>\n\n\n\n<li>Pricing: 4-session workshop: \u20ac120 Individual creativity session: \u20ac40 Introductory engraving session: \u20ac50 10-session package: \u20ac300<\/li>\n\n\n\n<li><\/li>\n<\/ul>\n<\/div>\n<\/div>\n\n\n\n<h2 class=\"wp-block-heading\"><br>Young Sprouts of the Bush<\/h2>\n\n\n\n<p><strong>Why would I go to Les Jeunes Pousses de la Brousse instead of soaking up the sun on the nearby beach?<\/strong><\/p>\n\n\n\n<p>Based in Dinard, the <strong>Les Jeunes Pousses de la Brousse<\/strong> workshop offers creative and playful activities inspired by nature.<\/p>\n\n\n\n<ul class=\"wp-block-list\">\n<li><strong>Workshops:<\/strong>\n<ul class=\"wp-block-list\">\n<li><strong>2-day courses<\/strong> during school holidays<\/li>\n\n\n\n<li><strong>2-hour sessions<\/strong> available year-round and during holidays<\/li>\n<\/ul>\n<\/li>\n<\/ul>\n\n\n\n<p><strong>Note:<\/strong> Closed on Saturdays during school holidays. Open Monday to Friday.<\/p>\n\n\n\n<p><strong>For information and registration:<\/strong><br>Details provided upon request.<\/p>\n\n\n\n<ul class=\"wp-block-list\">\n<li>contact@lesjeunespoussesdelabrousse.fr<\/li>\n\n\n\n<li>06 28 04 40 77<\/li>\n<\/ul>\n\n\n\n<p><strong><a href=\"https:\/\/www.dinardemeraudetourisme.com\/fiche\/jeunes-pousses-de-la-brousse-5V52F6GR\/\" target=\"_blank\" rel=\"noreferrer noopener\">More informations<\/a><\/strong><\/p>\n\n\n\n<figure class=\"wp-block-image aligncenter size-large\"><img loading=\"lazy\" decoding=\"async\" width=\"1024\" height=\"768\" src=\"https:\/\/www.dinardemeraudetourisme.com\/app\/uploads\/2024\/04\/stage-dinard-jeunes-pousses-de-la-brousse-muguet-pop-art-1024x768.webp\" alt=\"Stages de loisirs cr\u00e9atifs \u00e0 Dinard avec les Jeunes Pousses De La Brousse. Les enfants r\u00e9alisent une oeuvre d'art et peuvent repartir avec.\" class=\"wp-image-4038\" srcset=\"https:\/\/www.dinardemeraudetourisme.com\/app\/uploads\/2024\/04\/stage-dinard-jeunes-pousses-de-la-brousse-muguet-pop-art-1024x768.webp 1024w, https:\/\/www.dinardemeraudetourisme.com\/app\/uploads\/2024\/04\/stage-dinard-jeunes-pousses-de-la-brousse-muguet-pop-art-300x225.webp 300w, https:\/\/www.dinardemeraudetourisme.com\/app\/uploads\/2024\/04\/stage-dinard-jeunes-pousses-de-la-brousse-muguet-pop-art-768x576.webp 768w, https:\/\/www.dinardemeraudetourisme.com\/app\/uploads\/2024\/04\/stage-dinard-jeunes-pousses-de-la-brousse-muguet-pop-art-1536x1152.webp 1536w, https:\/\/www.dinardemeraudetourisme.com\/app\/uploads\/2024\/04\/stage-dinard-jeunes-pousses-de-la-brousse-muguet-pop-art-20x15.webp 20w, https:\/\/www.dinardemeraudetourisme.com\/app\/uploads\/2024\/04\/stage-dinard-jeunes-pousses-de-la-brousse-muguet-pop-art-50x38.webp 50w, https:\/\/www.dinardemeraudetourisme.com\/app\/uploads\/2024\/04\/stage-dinard-jeunes-pousses-de-la-brousse-muguet-pop-art-40x30.webp 40w, https:\/\/www.dinardemeraudetourisme.com\/app\/uploads\/2024\/04\/stage-dinard-jeunes-pousses-de-la-brousse-muguet-pop-art-60x45.webp 60w, https:\/\/www.dinardemeraudetourisme.com\/app\/uploads\/2024\/04\/stage-dinard-jeunes-pousses-de-la-brousse-muguet-pop-art-80x60.webp 80w, https:\/\/www.dinardemeraudetourisme.com\/app\/uploads\/2024\/04\/stage-dinard-jeunes-pousses-de-la-brousse-muguet-pop-art-110x83.webp 110w, https:\/\/www.dinardemeraudetourisme.com\/app\/uploads\/2024\/04\/stage-dinard-jeunes-pousses-de-la-brousse-muguet-pop-art-160x120.webp 160w, https:\/\/www.dinardemeraudetourisme.com\/app\/uploads\/2024\/04\/stage-dinard-jeunes-pousses-de-la-brousse-muguet-pop-art-250x188.webp 250w, https:\/\/www.dinardemeraudetourisme.com\/app\/uploads\/2024\/04\/stage-dinard-jeunes-pousses-de-la-brousse-muguet-pop-art-53x40.webp 53w, https:\/\/www.dinardemeraudetourisme.com\/app\/uploads\/2024\/04\/stage-dinard-jeunes-pousses-de-la-brousse-muguet-pop-art-1067x800.webp 1067w, https:\/\/www.dinardemeraudetourisme.com\/app\/uploads\/2024\/04\/stage-dinard-jeunes-pousses-de-la-brousse-muguet-pop-art-1600x1200.webp 1600w, https:\/\/www.dinardemeraudetourisme.com\/app\/uploads\/2024\/04\/stage-dinard-jeunes-pousses-de-la-brousse-muguet-pop-art.webp 2048w\" sizes=\"auto, (max-width: 1024px) 100vw, 1024px\" \/><\/figure>\n\n\n\n<h2 class=\"wp-block-heading\">Modeling workshops<\/h2>\n\n\n\n<h3 class=\"wp-block-heading\">Just Jaeckin Workshop<\/h3>\n\n\n\n<p>Anne Jaeckin, renowned artist, offers modeling workshops from June to October.<\/p>\n\n\n\n<p><strong>Practical informations :<\/strong><\/p>\n\n\n\n<ul class=\"wp-block-list\">\n<li>Schedule: 9:30 AM to 12:30 PM <\/li>\n\n\n\n<li>Workshop Price: \u20ac280 <\/li>\n\n\n\n<li>Capacity: Limited to 10 participants <\/li>\n\n\n\n<li>For more information: Email: justjaeckin@me.com Phone: +33 (0)6 34 23 70 04<\/li>\n<\/ul>\n\n\n\n<p><a href=\"https:\/\/www.dinardemeraudetourisme.com\/fiche\/atelier-just-jaeckin-5V52DZ4F\/\" target=\"_blank\" rel=\"noreferrer noopener\"><strong>Learn more<\/strong><\/a><\/p>\n\n\n\n<h2 class=\"wp-block-heading\"><br><\/h2>\n\n\n\n<h2 class=\"wp-block-heading\">Check out our other workshops!<\/h2>\n\n\n\n<ul class=\"wp-block-list\">\n<li><a href=\"https:\/\/www.dinardemeraudetourisme.com\/en\/to-see-and-do\/culture\/workshops\/water-based-workshops\/\">Sailing courses<\/a><\/li>\n\n\n\n<li><a href=\"https:\/\/www.dinardemeraudetourisme.com\/en\/to-see-and-do\/culture\/workshops\/cultural-workshops\/\">Cultural workshops<\/a><\/li>\n\n\n\n<li><a href=\"https:\/\/www.dinardemeraudetourisme.com\/en\/to-see-and-do\/culture\/workshops\/well-bein-workshops\/\">Wellness workshops<\/a><\/li>\n\n\n\n<li><a href=\"https:\/\/www.dinardemeraudetourisme.com\/en\/to-see-and-do\/culture\/workshops\/sports-workshops\/\">Sports workshops<\/a><\/li>\n<\/ul>\n","protected":false},"excerpt":{"rendered":"<p>Let your imagination speak and learn to create beautiful objects of art!<\/p>\n","protected":false},"author":1,"featured_media":5777,"parent":10299,"menu_order":0,"comment_status":"closed","ping_status":"closed","template":"template-header-large.php","meta":{"_acf_changed":false,"footnotes":""},"class_list":["post-10312","page","type-page","status-publish","has-post-thumbnail","hentry"],"acf":[],"yoast_head":"<!-- This site is optimized with the Yoast SEO plugin v27.1.1 - https:\/\/yoast.com\/product\/yoast-seo-wordpress\/ -->\n<title>Creative workshops - Dinard \u00c9meraude Tourisme<\/title>\n<meta name=\"description\" content=\"Creative courses: drawing, pottery, engraving, and many more workshops, open to both children and adults on the Emerald Coast.\" \/>\n<meta name=\"robots\" content=\"index, follow, max-snippet:-1, max-image-preview:large, max-video-preview:-1\" \/>\n<link rel=\"canonical\" href=\"https:\/\/www.dinardemeraudetourisme.com\/en\/to-see-and-do\/culture\/workshops\/creative-leisure-workshops\/\" \/>\n<meta property=\"og:locale\" content=\"en_US\" \/>\n<meta property=\"og:type\" content=\"article\" \/>\n<meta property=\"og:title\" content=\"Creative workshops - Dinard \u00c9meraude Tourisme\" \/>\n<meta property=\"og:description\" content=\"Creative courses: drawing, pottery, engraving, and many more workshops, open to both children and adults on the Emerald Coast.\" \/>\n<meta property=\"og:url\" content=\"https:\/\/www.dinardemeraudetourisme.com\/en\/to-see-and-do\/culture\/workshops\/creative-leisure-workshops\/\" \/>\n<meta property=\"og:site_name\" content=\"Dinard \u00c9meraude Tourisme\" \/>\n<meta property=\"article:modified_time\" content=\"2025-01-02T13:35:15+00:00\" \/>\n<meta property=\"og:image\" content=\"https:\/\/www.dinardemeraudetourisme.com\/app\/uploads\/2024\/05\/poterie-de-sandra-corseul.jpg\" \/>\n\t<meta property=\"og:image:width\" content=\"960\" \/>\n\t<meta property=\"og:image:height\" content=\"720\" \/>\n\t<meta property=\"og:image:type\" content=\"image\/jpeg\" \/>\n<meta name=\"twitter:card\" content=\"summary_large_image\" \/>\n<meta name=\"twitter:label1\" content=\"Est. reading time\" \/>\n\t<meta name=\"twitter:data1\" content=\"3 minutes\" \/>\n<script type=\"application\/ld+json\" class=\"yoast-schema-graph\">{\"@context\":\"https:\/\/schema.org\",\"@graph\":[{\"@type\":\"WebPage\",\"@id\":\"https:\/\/www.dinardemeraudetourisme.com\/en\/to-see-and-do\/culture\/workshops\/creative-leisure-workshops\/\",\"url\":\"https:\/\/www.dinardemeraudetourisme.com\/en\/to-see-and-do\/culture\/workshops\/creative-leisure-workshops\/\",\"name\":\"Creative workshops - Dinard \u00c9meraude Tourisme\",\"isPartOf\":{\"@id\":\"https:\/\/www.dinardemeraudetourisme.com\/en\/#website\"},\"primaryImageOfPage\":{\"@id\":\"https:\/\/www.dinardemeraudetourisme.com\/en\/to-see-and-do\/culture\/workshops\/creative-leisure-workshops\/#primaryimage\"},\"image\":{\"@id\":\"https:\/\/www.dinardemeraudetourisme.com\/en\/to-see-and-do\/culture\/workshops\/creative-leisure-workshops\/#primaryimage\"},\"thumbnailUrl\":\"https:\/\/www.dinardemeraudetourisme.com\/app\/uploads\/2024\/05\/poterie-de-sandra-corseul.jpg\",\"datePublished\":\"2024-04-24T11:10:52+00:00\",\"dateModified\":\"2025-01-02T13:35:15+00:00\",\"description\":\"Creative courses: drawing, pottery, engraving, and many more workshops, open to both children and adults on the Emerald Coast.\",\"breadcrumb\":{\"@id\":\"https:\/\/www.dinardemeraudetourisme.com\/en\/to-see-and-do\/culture\/workshops\/creative-leisure-workshops\/#breadcrumb\"},\"inLanguage\":\"en-US\",\"potentialAction\":[{\"@type\":\"ReadAction\",\"target\":[\"https:\/\/www.dinardemeraudetourisme.com\/en\/to-see-and-do\/culture\/workshops\/creative-leisure-workshops\/\"]}]},{\"@type\":\"ImageObject\",\"inLanguage\":\"en-US\",\"@id\":\"https:\/\/www.dinardemeraudetourisme.com\/en\/to-see-and-do\/culture\/workshops\/creative-leisure-workshops\/#primaryimage\",\"url\":\"https:\/\/www.dinardemeraudetourisme.com\/app\/uploads\/2024\/05\/poterie-de-sandra-corseul.jpg\",\"contentUrl\":\"https:\/\/www.dinardemeraudetourisme.com\/app\/uploads\/2024\/05\/poterie-de-sandra-corseul.jpg\",\"width\":960,\"height\":720,\"caption\":\"La poterie de Sandra\"},{\"@type\":\"WebSite\",\"@id\":\"https:\/\/www.dinardemeraudetourisme.com\/en\/#website\",\"url\":\"https:\/\/www.dinardemeraudetourisme.com\/en\/\",\"name\":\"Dinard \u00c9meraude Tourisme\",\"description\":\"\",\"potentialAction\":[{\"@type\":\"SearchAction\",\"target\":{\"@type\":\"EntryPoint\",\"urlTemplate\":\"https:\/\/www.dinardemeraudetourisme.com\/en\/?s={search_term_string}\"},\"query-input\":{\"@type\":\"PropertyValueSpecification\",\"valueRequired\":true,\"valueName\":\"search_term_string\"}}],\"inLanguage\":\"en-US\"}]}<\/script>\n<!-- \/ Yoast SEO plugin. -->","yoast_head_json":{"title":"Creative workshops - Dinard \u00c9meraude Tourisme","description":"Creative courses: drawing, pottery, engraving, and many more workshops, open to both children and adults on the Emerald Coast.","robots":{"index":"index","follow":"follow","max-snippet":"max-snippet:-1","max-image-preview":"max-image-preview:large","max-video-preview":"max-video-preview:-1"},"canonical":"https:\/\/www.dinardemeraudetourisme.com\/en\/to-see-and-do\/culture\/workshops\/creative-leisure-workshops\/","og_locale":"en_US","og_type":"article","og_title":"Creative workshops - Dinard \u00c9meraude Tourisme","og_description":"Creative courses: drawing, pottery, engraving, and many more workshops, open to both children and adults on the Emerald Coast.","og_url":"https:\/\/www.dinardemeraudetourisme.com\/en\/to-see-and-do\/culture\/workshops\/creative-leisure-workshops\/","og_site_name":"Dinard \u00c9meraude Tourisme","article_modified_time":"2025-01-02T13:35:15+00:00","og_image":[{"width":960,"height":720,"url":"https:\/\/www.dinardemeraudetourisme.com\/app\/uploads\/2024\/05\/poterie-de-sandra-corseul.jpg","type":"image\/jpeg"}],"twitter_card":"summary_large_image","twitter_misc":{"Est. reading time":"3 minutes"},"schema":{"@context":"https:\/\/schema.org","@graph":[{"@type":"WebPage","@id":"https:\/\/www.dinardemeraudetourisme.com\/en\/to-see-and-do\/culture\/workshops\/creative-leisure-workshops\/","url":"https:\/\/www.dinardemeraudetourisme.com\/en\/to-see-and-do\/culture\/workshops\/creative-leisure-workshops\/","name":"Creative workshops - Dinard \u00c9meraude Tourisme","isPartOf":{"@id":"https:\/\/www.dinardemeraudetourisme.com\/en\/#website"},"primaryImageOfPage":{"@id":"https:\/\/www.dinardemeraudetourisme.com\/en\/to-see-and-do\/culture\/workshops\/creative-leisure-workshops\/#primaryimage"},"image":{"@id":"https:\/\/www.dinardemeraudetourisme.com\/en\/to-see-and-do\/culture\/workshops\/creative-leisure-workshops\/#primaryimage"},"thumbnailUrl":"https:\/\/www.dinardemeraudetourisme.com\/app\/uploads\/2024\/05\/poterie-de-sandra-corseul.jpg","datePublished":"2024-04-24T11:10:52+00:00","dateModified":"2025-01-02T13:35:15+00:00","description":"Creative courses: drawing, pottery, engraving, and many more workshops, open to both children and adults on the Emerald Coast.","breadcrumb":{"@id":"https:\/\/www.dinardemeraudetourisme.com\/en\/to-see-and-do\/culture\/workshops\/creative-leisure-workshops\/#breadcrumb"},"inLanguage":"en-US","potentialAction":[{"@type":"ReadAction","target":["https:\/\/www.dinardemeraudetourisme.com\/en\/to-see-and-do\/culture\/workshops\/creative-leisure-workshops\/"]}]},{"@type":"ImageObject","inLanguage":"en-US","@id":"https:\/\/www.dinardemeraudetourisme.com\/en\/to-see-and-do\/culture\/workshops\/creative-leisure-workshops\/#primaryimage","url":"https:\/\/www.dinardemeraudetourisme.com\/app\/uploads\/2024\/05\/poterie-de-sandra-corseul.jpg","contentUrl":"https:\/\/www.dinardemeraudetourisme.com\/app\/uploads\/2024\/05\/poterie-de-sandra-corseul.jpg","width":960,"height":720,"caption":"La poterie de Sandra"},{"@type":"WebSite","@id":"https:\/\/www.dinardemeraudetourisme.com\/en\/#website","url":"https:\/\/www.dinardemeraudetourisme.com\/en\/","name":"Dinard \u00c9meraude Tourisme","description":"","potentialAction":[{"@type":"SearchAction","target":{"@type":"EntryPoint","urlTemplate":"https:\/\/www.dinardemeraudetourisme.com\/en\/?s={search_term_string}"},"query-input":{"@type":"PropertyValueSpecification","valueRequired":true,"valueName":"search_term_string"}}],"inLanguage":"en-US"}]}},"_links":{"self":[{"href":"https:\/\/www.dinardemeraudetourisme.com\/en\/wp-json\/wp\/v2\/pages\/10312","targetHints":{"allow":["GET"]}}],"collection":[{"href":"https:\/\/www.dinardemeraudetourisme.com\/en\/wp-json\/wp\/v2\/pages"}],"about":[{"href":"https:\/\/www.dinardemeraudetourisme.com\/en\/wp-json\/wp\/v2\/types\/page"}],"author":[{"embeddable":true,"href":"https:\/\/www.dinardemeraudetourisme.com\/en\/wp-json\/wp\/v2\/users\/1"}],"replies":[{"embeddable":true,"href":"https:\/\/www.dinardemeraudetourisme.com\/en\/wp-json\/wp\/v2\/comments?post=10312"}],"version-history":[{"count":5,"href":"https:\/\/www.dinardemeraudetourisme.com\/en\/wp-json\/wp\/v2\/pages\/10312\/revisions"}],"predecessor-version":[{"id":12048,"href":"https:\/\/www.dinardemeraudetourisme.com\/en\/wp-json\/wp\/v2\/pages\/10312\/revisions\/12048"}],"up":[{"embeddable":true,"href":"https:\/\/www.dinardemeraudetourisme.com\/en\/wp-json\/wp\/v2\/pages\/10299"}],"wp:featuredmedia":[{"embeddable":true,"href":"https:\/\/www.dinardemeraudetourisme.com\/en\/wp-json\/wp\/v2\/media\/5777"}],"wp:attachment":[{"href":"https:\/\/www.dinardemeraudetourisme.com\/en\/wp-json\/wp\/v2\/media?parent=10312"}],"curies":[{"name":"wp","href":"https:\/\/api.w.org\/{rel}","templated":true}]}}