{"id":10310,"date":"2024-04-24T13:10:07","date_gmt":"2024-04-24T11:10:07","guid":{"rendered":"https:\/\/www.dinardemeraudetourisme.com\/to-see-and-do\/culture\/workshops\/stages-bien-etre\/"},"modified":"2025-01-31T11:04:04","modified_gmt":"2025-01-31T10:04:04","slug":"wellness-workshops","status":"publish","type":"page","link":"https:\/\/www.dinardemeraudetourisme.com\/en\/to-see-and-do\/culture\/workshops\/wellness-workshops\/","title":{"rendered":"Wellness workshops"},"content":{"rendered":"\n<p>The Emerald Coast in northern Brittany is an ideal destination for wellness workshops and classes. Surrounded by nature, participants can reconnect with themselves while enjoying the serenity of the surroundings. Whether by the sea or on secluded beaches, the sessions provide a calming setting to practice yoga, improve flexibility, and reduce stress.<\/p>\n\n\n\n<p>Suitable for all levels, these workshops are led by qualified instructors. They combine physical and mental well-being in an extraordinary environment.<\/p>\n\n\n\n<h2 class=\"wp-block-heading\"><br>Yoga<\/h2>\n\n\n\n<h3 class=\"wp-block-heading\">Faumea \u2013 Stand-up paddle and yoga<\/h3>\n\n\n\n<p><strong>Weekend Paddle and Yoga Workshop:<\/strong> 2 days, 3 activities<\/p>\n\n\n\n<p><strong>Paddle and Yoga Workshop:<\/strong> 3 days, 5 activities<\/p>\n\n\n\n<p><a href=\"https:\/\/www.dinardemeraudetourisme.com\/fiche\/faumea-stand-up-paddle-yoga-5V51SWJE\/\" target=\"_blank\" rel=\"noreferrer noopener\"><strong>More informations.<\/strong><\/a><br><\/p>\n\n\n\n<h3 class=\"wp-block-heading\"><br>Namasta Yoga<\/h3>\n\n\n\n<p><strong>For a Sunny and Relaxing Yoga Practice<\/strong><\/p>\n\n\n\n<p>Experience <strong>Vinyasa Yoga<\/strong> (dynamic), <strong>Yin Yoga<\/strong> (gentle), and meditation with Nastasia, a certified Yoga Alliance International instructor with over 3 years of international experience.<\/p>\n\n\n\n<p>She offers group sessions on the beach or private sessions at your home or outdoors. Suitable for all levels, sessions are available in both French and English.<\/p>\n\n\n\n<p><strong>Price<\/strong>&nbsp;:<\/p>\n\n\n\n<ul class=\"wp-block-list\">\n<li><strong>Yoga Class (1 hour):<\/strong> \u20ac15 per session \/ 5 classes: \u20ac70 \/ 10 classes: \u20ac120<\/li>\n\n\n\n<li><strong>Meditation and Breathing (35 minutes):<\/strong> \u20ac12 per session \/ 5 classes: \u20ac50 \/ 10 classes: \u20ac100<\/li>\n\n\n\n<li><strong>Workshop (5-10 people, 2 hours):<\/strong> \u20ac30<\/li>\n\n\n\n<li><strong>Private Individual Session:<\/strong> \u20ac50 + \u20ac10 per additional person<\/li>\n<\/ul>\n\n\n\n<p>To join a class, please book at least one day in advance:<\/p>\n\n\n\n<ul class=\"wp-block-list\">\n<li>Phone : +33 (0)6 61 76 38 48<\/li>\n\n\n\n<li>Mail : namastayoga@outlook.com<\/li>\n\n\n\n<li>Website : www.namasta-yoga.com<\/li>\n<\/ul>\n\n\n\n<p><a href=\"https:\/\/www.dinardemeraudetourisme.com\/fiche\/namasta-yoga-5V52ARJU\" target=\"_blank\" rel=\"noreferrer noopener\"><strong>More informations<\/strong><\/a><\/p>\n\n\n\n<figure class=\"wp-block-image aligncenter size-full\"><img loading=\"lazy\" decoding=\"async\" width=\"760\" height=\"507\" src=\"https:\/\/www.dinardemeraudetourisme.com\/app\/uploads\/2024\/05\/namasta-yoga.jpg\" alt=\"Namasta Yoga. Pour une pratique de Yoga ensoleill\u00e9e et relaxante. Yoga Vinyasa, Yin Yoga et m\u00e9ditation. Nastasia, propose des s\u00e9ances sur la plage de Dinard et des stages bien-\u00eatre.\" class=\"wp-image-5779\" srcset=\"https:\/\/www.dinardemeraudetourisme.com\/app\/uploads\/2024\/05\/namasta-yoga.jpg 760w, https:\/\/www.dinardemeraudetourisme.com\/app\/uploads\/2024\/05\/namasta-yoga-300x200.jpg 300w, https:\/\/www.dinardemeraudetourisme.com\/app\/uploads\/2024\/05\/namasta-yoga-20x13.jpg 20w, https:\/\/www.dinardemeraudetourisme.com\/app\/uploads\/2024\/05\/namasta-yoga-50x33.jpg 50w, https:\/\/www.dinardemeraudetourisme.com\/app\/uploads\/2024\/05\/namasta-yoga-45x30.jpg 45w, https:\/\/www.dinardemeraudetourisme.com\/app\/uploads\/2024\/05\/namasta-yoga-60x40.jpg 60w, https:\/\/www.dinardemeraudetourisme.com\/app\/uploads\/2024\/05\/namasta-yoga-80x53.jpg 80w, https:\/\/www.dinardemeraudetourisme.com\/app\/uploads\/2024\/05\/namasta-yoga-110x73.jpg 110w, https:\/\/www.dinardemeraudetourisme.com\/app\/uploads\/2024\/05\/namasta-yoga-160x107.jpg 160w, https:\/\/www.dinardemeraudetourisme.com\/app\/uploads\/2024\/05\/namasta-yoga-250x167.jpg 250w\" sizes=\"auto, (max-width: 760px) 100vw, 760px\" \/><\/figure>\n\n\n\n<h2 class=\"wp-block-heading\"><br>Check out our other workshops!<\/h2>\n\n\n\n<ul class=\"wp-block-list\">\n<li><a href=\"https:\/\/www.dinardemeraudetourisme.com\/en\/to-see-and-do\/culture\/workshops\/creative-leisure-workshops\/\">Creative workshops<\/a><\/li>\n\n\n\n<li><a href=\"https:\/\/www.dinardemeraudetourisme.com\/en\/to-see-and-do\/culture\/workshops\/cultural-workshops\/\">Cultural workshops<\/a><\/li>\n\n\n\n<li><a href=\"https:\/\/www.dinardemeraudetourisme.com\/en\/to-see-and-do\/culture\/workshops\/water-based-workshops\/\">Sailing courses<\/a><\/li>\n\n\n\n<li><a href=\"https:\/\/www.dinardemeraudetourisme.com\/en\/to-see-and-do\/culture\/workshops\/sports-workshops\/\">Sports workshops<\/a><\/li>\n<\/ul>\n","protected":false},"excerpt":{"rendered":"<p>Breathe\u2026 You are in Dinard Emerald Coast!<br \/>\nYoga, Qi Gong or sophrology: spend a relaxing holiday in Brittany.<\/p>\n","protected":false},"author":1,"featured_media":5780,"parent":10299,"menu_order":0,"comment_status":"closed","ping_status":"closed","template":"template-header-large.php","meta":{"_acf_changed":false,"footnotes":""},"class_list":["post-10310","page","type-page","status-publish","has-post-thumbnail","hentry"],"acf":[],"yoast_head":"<!-- This site is optimized with the Yoast SEO plugin v27.1.1 - https:\/\/yoast.com\/product\/yoast-seo-wordpress\/ -->\n<title>Wellness workshops - Dinard \u00c9meraude Tourisme<\/title>\n<meta name=\"description\" content=\"Wellness workshops: Explore wellness workshops and courses on the Emerald Coast: yoga, relaxation, and much more!\" \/>\n<meta name=\"robots\" content=\"index, follow, max-snippet:-1, max-image-preview:large, max-video-preview:-1\" \/>\n<link rel=\"canonical\" href=\"https:\/\/www.dinardemeraudetourisme.com\/en\/to-see-and-do\/culture\/workshops\/wellness-workshops\/\" \/>\n<meta property=\"og:locale\" content=\"en_US\" \/>\n<meta property=\"og:type\" content=\"article\" \/>\n<meta property=\"og:title\" content=\"Wellness workshops - Dinard \u00c9meraude Tourisme\" \/>\n<meta property=\"og:description\" content=\"Wellness workshops: Explore wellness workshops and courses on the Emerald Coast: yoga, relaxation, and much more!\" \/>\n<meta property=\"og:url\" content=\"https:\/\/www.dinardemeraudetourisme.com\/en\/to-see-and-do\/culture\/workshops\/wellness-workshops\/\" \/>\n<meta property=\"og:site_name\" content=\"Dinard \u00c9meraude Tourisme\" \/>\n<meta property=\"article:modified_time\" content=\"2025-01-31T10:04:04+00:00\" \/>\n<meta property=\"og:image\" content=\"https:\/\/www.dinardemeraudetourisme.com\/app\/uploads\/2024\/05\/namasta-yoga.jpg\" \/>\n\t<meta property=\"og:image:width\" content=\"760\" \/>\n\t<meta property=\"og:image:height\" content=\"507\" \/>\n\t<meta property=\"og:image:type\" content=\"image\/jpeg\" \/>\n<meta name=\"twitter:card\" content=\"summary_large_image\" \/>\n<meta name=\"twitter:label1\" content=\"Est. reading time\" \/>\n\t<meta name=\"twitter:data1\" content=\"2 minutes\" \/>\n<script type=\"application\/ld+json\" class=\"yoast-schema-graph\">{\"@context\":\"https:\/\/schema.org\",\"@graph\":[{\"@type\":\"WebPage\",\"@id\":\"https:\/\/www.dinardemeraudetourisme.com\/en\/to-see-and-do\/culture\/workshops\/wellness-workshops\/\",\"url\":\"https:\/\/www.dinardemeraudetourisme.com\/en\/to-see-and-do\/culture\/workshops\/wellness-workshops\/\",\"name\":\"Wellness workshops - Dinard \u00c9meraude Tourisme\",\"isPartOf\":{\"@id\":\"https:\/\/www.dinardemeraudetourisme.com\/en\/#website\"},\"primaryImageOfPage\":{\"@id\":\"https:\/\/www.dinardemeraudetourisme.com\/en\/to-see-and-do\/culture\/workshops\/wellness-workshops\/#primaryimage\"},\"image\":{\"@id\":\"https:\/\/www.dinardemeraudetourisme.com\/en\/to-see-and-do\/culture\/workshops\/wellness-workshops\/#primaryimage\"},\"thumbnailUrl\":\"https:\/\/www.dinardemeraudetourisme.com\/app\/uploads\/2024\/05\/namasta-yoga.jpg\",\"datePublished\":\"2024-04-24T11:10:07+00:00\",\"dateModified\":\"2025-01-31T10:04:04+00:00\",\"description\":\"Wellness workshops: Explore wellness workshops and courses on the Emerald Coast: yoga, relaxation, and much more!\",\"breadcrumb\":{\"@id\":\"https:\/\/www.dinardemeraudetourisme.com\/en\/to-see-and-do\/culture\/workshops\/wellness-workshops\/#breadcrumb\"},\"inLanguage\":\"en-US\",\"potentialAction\":[{\"@type\":\"ReadAction\",\"target\":[\"https:\/\/www.dinardemeraudetourisme.com\/en\/to-see-and-do\/culture\/workshops\/wellness-workshops\/\"]}]},{\"@type\":\"ImageObject\",\"inLanguage\":\"en-US\",\"@id\":\"https:\/\/www.dinardemeraudetourisme.com\/en\/to-see-and-do\/culture\/workshops\/wellness-workshops\/#primaryimage\",\"url\":\"https:\/\/www.dinardemeraudetourisme.com\/app\/uploads\/2024\/05\/namasta-yoga.jpg\",\"contentUrl\":\"https:\/\/www.dinardemeraudetourisme.com\/app\/uploads\/2024\/05\/namasta-yoga.jpg\",\"width\":760,\"height\":507,\"caption\":\"Namasta Yoga.\"},{\"@type\":\"WebSite\",\"@id\":\"https:\/\/www.dinardemeraudetourisme.com\/en\/#website\",\"url\":\"https:\/\/www.dinardemeraudetourisme.com\/en\/\",\"name\":\"Dinard \u00c9meraude Tourisme\",\"description\":\"\",\"potentialAction\":[{\"@type\":\"SearchAction\",\"target\":{\"@type\":\"EntryPoint\",\"urlTemplate\":\"https:\/\/www.dinardemeraudetourisme.com\/en\/?s={search_term_string}\"},\"query-input\":{\"@type\":\"PropertyValueSpecification\",\"valueRequired\":true,\"valueName\":\"search_term_string\"}}],\"inLanguage\":\"en-US\"}]}<\/script>\n<!-- \/ Yoast SEO plugin. -->","yoast_head_json":{"title":"Wellness workshops - Dinard \u00c9meraude Tourisme","description":"Wellness workshops: Explore wellness workshops and courses on the Emerald Coast: yoga, relaxation, and much more!","robots":{"index":"index","follow":"follow","max-snippet":"max-snippet:-1","max-image-preview":"max-image-preview:large","max-video-preview":"max-video-preview:-1"},"canonical":"https:\/\/www.dinardemeraudetourisme.com\/en\/to-see-and-do\/culture\/workshops\/wellness-workshops\/","og_locale":"en_US","og_type":"article","og_title":"Wellness workshops - Dinard \u00c9meraude Tourisme","og_description":"Wellness workshops: Explore wellness workshops and courses on the Emerald Coast: yoga, relaxation, and much more!","og_url":"https:\/\/www.dinardemeraudetourisme.com\/en\/to-see-and-do\/culture\/workshops\/wellness-workshops\/","og_site_name":"Dinard \u00c9meraude Tourisme","article_modified_time":"2025-01-31T10:04:04+00:00","og_image":[{"width":760,"height":507,"url":"https:\/\/www.dinardemeraudetourisme.com\/app\/uploads\/2024\/05\/namasta-yoga.jpg","type":"image\/jpeg"}],"twitter_card":"summary_large_image","twitter_misc":{"Est. reading time":"2 minutes"},"schema":{"@context":"https:\/\/schema.org","@graph":[{"@type":"WebPage","@id":"https:\/\/www.dinardemeraudetourisme.com\/en\/to-see-and-do\/culture\/workshops\/wellness-workshops\/","url":"https:\/\/www.dinardemeraudetourisme.com\/en\/to-see-and-do\/culture\/workshops\/wellness-workshops\/","name":"Wellness workshops - Dinard \u00c9meraude Tourisme","isPartOf":{"@id":"https:\/\/www.dinardemeraudetourisme.com\/en\/#website"},"primaryImageOfPage":{"@id":"https:\/\/www.dinardemeraudetourisme.com\/en\/to-see-and-do\/culture\/workshops\/wellness-workshops\/#primaryimage"},"image":{"@id":"https:\/\/www.dinardemeraudetourisme.com\/en\/to-see-and-do\/culture\/workshops\/wellness-workshops\/#primaryimage"},"thumbnailUrl":"https:\/\/www.dinardemeraudetourisme.com\/app\/uploads\/2024\/05\/namasta-yoga.jpg","datePublished":"2024-04-24T11:10:07+00:00","dateModified":"2025-01-31T10:04:04+00:00","description":"Wellness workshops: Explore wellness workshops and courses on the Emerald Coast: yoga, relaxation, and much more!","breadcrumb":{"@id":"https:\/\/www.dinardemeraudetourisme.com\/en\/to-see-and-do\/culture\/workshops\/wellness-workshops\/#breadcrumb"},"inLanguage":"en-US","potentialAction":[{"@type":"ReadAction","target":["https:\/\/www.dinardemeraudetourisme.com\/en\/to-see-and-do\/culture\/workshops\/wellness-workshops\/"]}]},{"@type":"ImageObject","inLanguage":"en-US","@id":"https:\/\/www.dinardemeraudetourisme.com\/en\/to-see-and-do\/culture\/workshops\/wellness-workshops\/#primaryimage","url":"https:\/\/www.dinardemeraudetourisme.com\/app\/uploads\/2024\/05\/namasta-yoga.jpg","contentUrl":"https:\/\/www.dinardemeraudetourisme.com\/app\/uploads\/2024\/05\/namasta-yoga.jpg","width":760,"height":507,"caption":"Namasta Yoga."},{"@type":"WebSite","@id":"https:\/\/www.dinardemeraudetourisme.com\/en\/#website","url":"https:\/\/www.dinardemeraudetourisme.com\/en\/","name":"Dinard \u00c9meraude Tourisme","description":"","potentialAction":[{"@type":"SearchAction","target":{"@type":"EntryPoint","urlTemplate":"https:\/\/www.dinardemeraudetourisme.com\/en\/?s={search_term_string}"},"query-input":{"@type":"PropertyValueSpecification","valueRequired":true,"valueName":"search_term_string"}}],"inLanguage":"en-US"}]}},"_links":{"self":[{"href":"https:\/\/www.dinardemeraudetourisme.com\/en\/wp-json\/wp\/v2\/pages\/10310","targetHints":{"allow":["GET"]}}],"collection":[{"href":"https:\/\/www.dinardemeraudetourisme.com\/en\/wp-json\/wp\/v2\/pages"}],"about":[{"href":"https:\/\/www.dinardemeraudetourisme.com\/en\/wp-json\/wp\/v2\/types\/page"}],"author":[{"embeddable":true,"href":"https:\/\/www.dinardemeraudetourisme.com\/en\/wp-json\/wp\/v2\/users\/1"}],"replies":[{"embeddable":true,"href":"https:\/\/www.dinardemeraudetourisme.com\/en\/wp-json\/wp\/v2\/comments?post=10310"}],"version-history":[{"count":4,"href":"https:\/\/www.dinardemeraudetourisme.com\/en\/wp-json\/wp\/v2\/pages\/10310\/revisions"}],"predecessor-version":[{"id":12043,"href":"https:\/\/www.dinardemeraudetourisme.com\/en\/wp-json\/wp\/v2\/pages\/10310\/revisions\/12043"}],"up":[{"embeddable":true,"href":"https:\/\/www.dinardemeraudetourisme.com\/en\/wp-json\/wp\/v2\/pages\/10299"}],"wp:featuredmedia":[{"embeddable":true,"href":"https:\/\/www.dinardemeraudetourisme.com\/en\/wp-json\/wp\/v2\/media\/5780"}],"wp:attachment":[{"href":"https:\/\/www.dinardemeraudetourisme.com\/en\/wp-json\/wp\/v2\/media?parent=10310"}],"curies":[{"name":"wp","href":"https:\/\/api.w.org\/{rel}","templated":true}]}}