{"id":10262,"date":"2024-04-10T15:21:04","date_gmt":"2024-04-10T13:21:04","guid":{"rendered":"https:\/\/www.dinardemeraudetourisme.com\/sejourner\/pratique\/notre-office\/"},"modified":"2026-02-14T15:32:37","modified_gmt":"2026-02-14T14:32:37","slug":"our-office","status":"publish","type":"page","link":"https:\/\/www.dinardemeraudetourisme.com\/en\/prepare-your-stay\/practical\/our-office\/","title":{"rendered":"Our office"},"content":{"rendered":"\n<h2 class=\"wp-block-heading has-text-align-center\" style=\"padding-top:var(--wp--preset--spacing--50);padding-bottom:var(--wp--preset--spacing--50)\">Welcome to our Tourist Office<\/h2>\n\n\n\n<p>Welcome to the official website of the Dinard Emerald Coast Tourist Office. First, allow us to introduce our dedicated team, made up of passionate professionals, always ready to assist you. Each team member brings their unique expertise to make your visit unforgettable. Whether it\u2019s for personalised advice or practical information, they are here to help.<\/p>\n\n\n<section class=\"acf cards-grid align wp-block-acf-cards-grid\" id=\"block_9e8b67ebcf38d33a3b548c85e0ef47e7\">\n\t<div class=\"container\">\n\t\t\t\t\t\t\t\t\t\t\t<div class=\"cards even-grid\">\n\t\t\t\t\t\t\t\t\t\t\t\t<div class=\"card swiper-slide hover-active\">\n\t\t\t\t\t\t\t\t\t\t\t\t\t<div class=\"background-image\">\n\t\t\t\t\t\t\t\t<picture>\n\t\t\t\t\t\t\t\t\t<source type=\"image\/webp\" srcset=\"https:\/\/www.dinardemeraudetourisme.com\/app\/uploads\/2024\/04\/equie-office-tourisme-1024x683.webp, https:\/\/www.dinardemeraudetourisme.com\/app\/uploads\/2024\/04\/equie-office-tourisme-1024x683@2x.webp 2x\" media=\"(max-width: 425px)\">\n\t\t\t\t\t\t\t\t\t<source type=\"image\/jpeg\" srcset=\"https:\/\/www.dinardemeraudetourisme.com\/app\/uploads\/2024\/04\/equie-office-tourisme-1024x683.jpg, https:\/\/www.dinardemeraudetourisme.com\/app\/uploads\/2024\/04\/equie-office-tourisme-1024x683@2x.jpg 2x\" media=\"(max-width: 425px)\">\n\t\t\t\t\t\t\t\t\t<source type=\"image\/webp\" srcset=\"https:\/\/www.dinardemeraudetourisme.com\/app\/uploads\/2024\/04\/equie-office-tourisme-1024x683.webp, https:\/\/www.dinardemeraudetourisme.com\/app\/uploads\/2024\/04\/equie-office-tourisme-1024x683@2x.webp 2x\">\n\t\t\t\t\t\t\t\t\t<source type=\"image\/jpeg\" srcset=\"https:\/\/www.dinardemeraudetourisme.com\/app\/uploads\/2024\/04\/equie-office-tourisme-1024x683.jpg, https:\/\/www.dinardemeraudetourisme.com\/app\/uploads\/2024\/04\/equie-office-tourisme-1024x683@2x.jpg 2x\" media=\"(min-width: 426px)\">\n\t\t\t\t\t\t\t\t\t<img fetchpriority=\"high\" decoding=\"async\" loading=\"eager\" src=\"https:\/\/www.dinardemeraudetourisme.com\/app\/uploads\/2024\/04\/equie-office-tourisme-1024x683.jpg\" alt=\"Equipe Office Tourisme\" width=\"360\" height=\"600\"\/>\n\t\t\t\t\t\t\t\t<\/picture>\n\t\t\t\t\t\t\t<\/div>\n\t\t\t\t\t\t\t\t\t\t\t\t<div class=\"content\">\n\t\t\t\t\t\t\t<div class=\"inner\">\n\t\t\t\t\t\t\t\t\t\t\t\t\t\t\t\t\t\t\t\t\t\t\t\t\t<h5 class=\"titre\">A top team!<\/h5>\n\t\t\t\t\t\t\t\t\t\t\t\t\t\t\t\t\t\t\t\t\t\t\t\t\t\t\t\t\t\t\t\t\t<span class=\"btn-arrow\">Discover<\/span>\n\t\t\t\t\t\t\t\t\t\t\t\t\t\t\t<\/div>\n\t\t\t\t\t\t<\/div>\n\t\t\t\t\t\t\t\t\t\t\t\t\t<a href=\"https:\/\/www.dinardemeraudetourisme.com\/en\/prepare-your-stay\/practical\/our-office\/a-top-team\/\" target=\"_blank\" class=\"lien\">DiscoverA top team!<\/a>\n\t\t\t\t\t\t\t\t\t\t\t<\/div>\n\t\t\t\t\t\t\t\t\t<div class=\"card swiper-slide hover-active\">\n\t\t\t\t\t\t\t\t\t\t\t\t\t<div class=\"background-image\">\n\t\t\t\t\t\t\t\t<picture>\n\t\t\t\t\t\t\t\t\t<source type=\"image\/webp\" srcset=\"https:\/\/www.dinardemeraudetourisme.com\/app\/uploads\/2024\/05\/176-sensation-bretagne-dinard-hotel-eden-le-gallic-studio-jezequel-2023-683x1024.webp, https:\/\/www.dinardemeraudetourisme.com\/app\/uploads\/2024\/05\/176-sensation-bretagne-dinard-hotel-eden-le-gallic-studio-jezequel-2023-683x1024@2x.webp 2x\" media=\"(max-width: 425px)\">\n\t\t\t\t\t\t\t\t\t<source type=\"image\/jpeg\" srcset=\"https:\/\/www.dinardemeraudetourisme.com\/app\/uploads\/2024\/05\/176-sensation-bretagne-dinard-hotel-eden-le-gallic-studio-jezequel-2023-683x1024.jpg, https:\/\/www.dinardemeraudetourisme.com\/app\/uploads\/2024\/05\/176-sensation-bretagne-dinard-hotel-eden-le-gallic-studio-jezequel-2023-683x1024@2x.jpg 2x\" media=\"(max-width: 425px)\">\n\t\t\t\t\t\t\t\t\t<source type=\"image\/webp\" srcset=\"https:\/\/www.dinardemeraudetourisme.com\/app\/uploads\/2024\/05\/176-sensation-bretagne-dinard-hotel-eden-le-gallic-studio-jezequel-2023-683x1024.webp, https:\/\/www.dinardemeraudetourisme.com\/app\/uploads\/2024\/05\/176-sensation-bretagne-dinard-hotel-eden-le-gallic-studio-jezequel-2023-683x1024@2x.webp 2x\">\n\t\t\t\t\t\t\t\t\t<source type=\"image\/jpeg\" srcset=\"https:\/\/www.dinardemeraudetourisme.com\/app\/uploads\/2024\/05\/176-sensation-bretagne-dinard-hotel-eden-le-gallic-studio-jezequel-2023-683x1024.jpg, https:\/\/www.dinardemeraudetourisme.com\/app\/uploads\/2024\/05\/176-sensation-bretagne-dinard-hotel-eden-le-gallic-studio-jezequel-2023-683x1024@2x.jpg 2x\" media=\"(min-width: 426px)\">\n\t\t\t\t\t\t\t\t\t<img decoding=\"async\" loading=\"eager\" src=\"https:\/\/www.dinardemeraudetourisme.com\/app\/uploads\/2024\/05\/176-sensation-bretagne-dinard-hotel-eden-le-gallic-studio-jezequel-2023-683x1024.jpg\" alt=\"Le Gallic Studio Jezequel 2023\" width=\"360\" height=\"600\"\/>\n\t\t\t\t\t\t\t\t<\/picture>\n\t\t\t\t\t\t\t<\/div>\n\t\t\t\t\t\t\t\t\t\t\t\t<div class=\"content\">\n\t\t\t\t\t\t\t<div class=\"inner\">\n\t\t\t\t\t\t\t\t\t\t\t\t\t\t\t\t\t\t\t\t\t\t\t\t\t<h5 class=\"titre\">Our visitor centres<\/h5>\n\t\t\t\t\t\t\t\t\t\t\t\t\t\t\t\t\t\t\t\t\t\t\t\t\t\t\t\t\t\t\t\t\t<span class=\"btn-arrow\">Discover<\/span>\n\t\t\t\t\t\t\t\t\t\t\t\t\t\t\t<\/div>\n\t\t\t\t\t\t<\/div>\n\t\t\t\t\t\t\t\t\t\t\t\t\t<a href=\"https:\/\/www.dinardemeraudetourisme.com\/en\/prepare-your-stay\/practical\/our-office\/opening-hours\/\" target=\"_blank\" class=\"lien\">DiscoverOur visitor centres<\/a>\n\t\t\t\t\t\t\t\t\t\t\t<\/div>\n\t\t\t\t\t\t\t\t\t<div class=\"card swiper-slide hover-active\">\n\t\t\t\t\t\t\t\t\t\t\t\t\t<div class=\"background-image\">\n\t\t\t\t\t\t\t\t<picture>\n\t\t\t\t\t\t\t\t\t<source type=\"image\/webp\" srcset=\"https:\/\/www.dinardemeraudetourisme.com\/app\/uploads\/2024\/04\/vente-clients-office.webp, https:\/\/www.dinardemeraudetourisme.com\/app\/uploads\/2024\/04\/vente-clients-office@2x.webp 2x\" media=\"(max-width: 425px)\">\n\t\t\t\t\t\t\t\t\t<source type=\"image\/jpeg\" srcset=\"https:\/\/www.dinardemeraudetourisme.com\/app\/uploads\/2024\/04\/vente-clients-office.jpg, https:\/\/www.dinardemeraudetourisme.com\/app\/uploads\/2024\/04\/vente-clients-office@2x.jpg 2x\" media=\"(max-width: 425px)\">\n\t\t\t\t\t\t\t\t\t<source type=\"image\/webp\" srcset=\"https:\/\/www.dinardemeraudetourisme.com\/app\/uploads\/2024\/04\/vente-clients-office.webp, https:\/\/www.dinardemeraudetourisme.com\/app\/uploads\/2024\/04\/vente-clients-office@2x.webp 2x\">\n\t\t\t\t\t\t\t\t\t<source type=\"image\/jpeg\" srcset=\"https:\/\/www.dinardemeraudetourisme.com\/app\/uploads\/2024\/04\/vente-clients-office.jpg, https:\/\/www.dinardemeraudetourisme.com\/app\/uploads\/2024\/04\/vente-clients-office@2x.jpg 2x\" media=\"(min-width: 426px)\">\n\t\t\t\t\t\t\t\t\t<img decoding=\"async\" loading=\"eager\" src=\"https:\/\/www.dinardemeraudetourisme.com\/app\/uploads\/2024\/04\/vente-clients-office.jpg\" alt=\"\" width=\"360\" height=\"600\"\/>\n\t\t\t\t\t\t\t\t<\/picture>\n\t\t\t\t\t\t\t<\/div>\n\t\t\t\t\t\t\t\t\t\t\t\t<div class=\"content\">\n\t\t\t\t\t\t\t<div class=\"inner\">\n\t\t\t\t\t\t\t\t\t\t\t\t\t\t\t\t\t\t\t\t\t\t\t\t\t<h5 class=\"titre\">Quality services<\/h5>\n\t\t\t\t\t\t\t\t\t\t\t\t\t\t\t\t\t\t\t\t\t\t\t\t\t\t\t\t\t\t\t\t\t<span class=\"btn-arrow\">Discover<\/span>\n\t\t\t\t\t\t\t\t\t\t\t\t\t\t\t<\/div>\n\t\t\t\t\t\t<\/div>\n\t\t\t\t\t\t\t\t\t\t\t\t\t<a href=\"https:\/\/www.dinardemeraudetourisme.com\/en\/prepare-your-stay\/practical\/our-office\/quality-services\/\" target=\"_blank\" class=\"lien\">DiscoverQuality services<\/a>\n\t\t\t\t\t\t\t\t\t\t\t<\/div>\n\t\t\t\t\t\t\t\t\t<div class=\"card swiper-slide hover-active\">\n\t\t\t\t\t\t\t\t\t\t\t\t\t<div class=\"background-image\">\n\t\t\t\t\t\t\t\t<picture>\n\t\t\t\t\t\t\t\t\t<source type=\"image\/webp\" srcset=\"https:\/\/www.dinardemeraudetourisme.com\/app\/uploads\/2024\/04\/dinard-pointe-de-la-vicomte-683x1024.webp, https:\/\/www.dinardemeraudetourisme.com\/app\/uploads\/2024\/04\/dinard-pointe-de-la-vicomte-683x1024@2x.webp 2x\" media=\"(max-width: 425px)\">\n\t\t\t\t\t\t\t\t\t<source type=\"image\/jpeg\" srcset=\"https:\/\/www.dinardemeraudetourisme.com\/app\/uploads\/2024\/04\/dinard-pointe-de-la-vicomte-683x1024.jpg, https:\/\/www.dinardemeraudetourisme.com\/app\/uploads\/2024\/04\/dinard-pointe-de-la-vicomte-683x1024@2x.jpg 2x\" media=\"(max-width: 425px)\">\n\t\t\t\t\t\t\t\t\t<source type=\"image\/webp\" srcset=\"https:\/\/www.dinardemeraudetourisme.com\/app\/uploads\/2024\/04\/dinard-pointe-de-la-vicomte-683x1024.webp, https:\/\/www.dinardemeraudetourisme.com\/app\/uploads\/2024\/04\/dinard-pointe-de-la-vicomte-683x1024@2x.webp 2x\">\n\t\t\t\t\t\t\t\t\t<source type=\"image\/jpeg\" srcset=\"https:\/\/www.dinardemeraudetourisme.com\/app\/uploads\/2024\/04\/dinard-pointe-de-la-vicomte-683x1024.jpg, https:\/\/www.dinardemeraudetourisme.com\/app\/uploads\/2024\/04\/dinard-pointe-de-la-vicomte-683x1024@2x.jpg 2x\" media=\"(min-width: 426px)\">\n\t\t\t\t\t\t\t\t\t<img decoding=\"async\" loading=\"eager\" src=\"https:\/\/www.dinardemeraudetourisme.com\/app\/uploads\/2024\/04\/dinard-pointe-de-la-vicomte-683x1024.jpg\" alt=\"\" width=\"360\" height=\"600\"\/>\n\t\t\t\t\t\t\t\t<\/picture>\n\t\t\t\t\t\t\t<\/div>\n\t\t\t\t\t\t\t\t\t\t\t\t<div class=\"content\">\n\t\t\t\t\t\t\t<div class=\"inner\">\n\t\t\t\t\t\t\t\t\t\t\t\t\t\t\t\t\t\t\t\t\t\t\t\t\t<h5 class=\"titre\">1 minute to share your feedback!<\/h5>\n\t\t\t\t\t\t\t\t\t\t\t\t\t\t\t\t\t\t\t\t\t\t\t\t\t\t\t\t\t\t\t\t\t<span class=\"btn-arrow\">Discover<\/span>\n\t\t\t\t\t\t\t\t\t\t\t\t\t\t\t<\/div>\n\t\t\t\t\t\t<\/div>\n\t\t\t\t\t\t\t\t\t\t\t\t\t<a href=\"https:\/\/docs.google.com\/forms\/d\/e\/1FAIpQLSd9KvAbGdNpGjxP6dyGnfPJ0G1Qe_wneRX8VR3h7lvxZubhkQ\/viewform\" target=\"_blank\" class=\"lien\">Discover1 minute to share your feedback!<\/a>\n\t\t\t\t\t\t\t\t\t\t\t<\/div>\n\t\t\t\t\t\t\t<\/div>\n\t\t\t<\/div>\n<\/section>\n\n\n<p>Our 4 branches are located at strategic points within the resorts. They provide easy access and a pleasant environment for all visitors. These spaces are designed to offer all the information you need for your stay. What&#8217;s more, you&#8217;ll also find brochures and guides available free of charge, containing maps and activity suggestions.<\/p>\n\n\n\n<p>Beyond simply welcoming you, our office is committed to providing a quality service \u2013 a commitment recognised by the &#8216;Qualit\u00e9 Tourisme&#8217; label. This label ensures that the services provided meet high standards and guarantees the continuous improvement of our tourist reception and services.<\/p>\n\n\n\n<p><\/p>\n","protected":false},"excerpt":{"rendered":"<p>Dinard &#8211; Saint-Lunaire &#8211; Saint-Briac-sur-Mer &#8211; Lancieux &#8211; La Richardais &#8211; Pleurtuit &#8211; Le Minihic-sur-Rance &#8211; Tr\u00e9m\u00e9reuc<\/p>\n","protected":false},"author":1,"featured_media":2825,"parent":10260,"menu_order":0,"comment_status":"closed","ping_status":"closed","template":"template-header-large.php","meta":{"_acf_changed":false,"footnotes":""},"class_list":["post-10262","page","type-page","status-publish","has-post-thumbnail","hentry"],"acf":[],"yoast_head":"<!-- This site is optimized with the Yoast SEO plugin v27.1.1 - https:\/\/yoast.com\/product\/yoast-seo-wordpress\/ -->\n<title>Our office - Dinard \u00c9meraude Tourisme<\/title>\n<meta name=\"description\" content=\"Tourist office of Dinard C\u00f4te d&#039;\u00c9meraude: meet our team, our visitor centres and our job and internship offers.\" \/>\n<meta name=\"robots\" content=\"index, follow, max-snippet:-1, max-image-preview:large, max-video-preview:-1\" \/>\n<link rel=\"canonical\" href=\"https:\/\/www.dinardemeraudetourisme.com\/en\/prepare-your-stay\/practical\/our-office\/\" \/>\n<meta property=\"og:locale\" content=\"en_US\" \/>\n<meta property=\"og:type\" content=\"article\" \/>\n<meta property=\"og:title\" content=\"Our office - Dinard \u00c9meraude Tourisme\" \/>\n<meta property=\"og:description\" content=\"Tourist office of Dinard C\u00f4te d&#039;\u00c9meraude: meet our team, our visitor centres and our job and internship offers.\" \/>\n<meta property=\"og:url\" content=\"https:\/\/www.dinardemeraudetourisme.com\/en\/prepare-your-stay\/practical\/our-office\/\" \/>\n<meta property=\"og:site_name\" content=\"Dinard \u00c9meraude Tourisme\" \/>\n<meta property=\"article:modified_time\" content=\"2026-02-14T14:32:37+00:00\" \/>\n<meta property=\"og:image\" content=\"https:\/\/www.dinardemeraudetourisme.com\/app\/uploads\/2024\/04\/20.01.2022-plage-des-briantais-lancieux-1733x1300-1.webp\" \/>\n\t<meta property=\"og:image:width\" content=\"1733\" \/>\n\t<meta property=\"og:image:height\" content=\"1300\" \/>\n\t<meta property=\"og:image:type\" content=\"image\/webp\" \/>\n<meta name=\"twitter:card\" content=\"summary_large_image\" \/>\n<meta name=\"twitter:label1\" content=\"Est. reading time\" \/>\n\t<meta name=\"twitter:data1\" content=\"1 minute\" \/>\n<script type=\"application\/ld+json\" class=\"yoast-schema-graph\">{\"@context\":\"https:\/\/schema.org\",\"@graph\":[{\"@type\":\"WebPage\",\"@id\":\"https:\/\/www.dinardemeraudetourisme.com\/en\/prepare-your-stay\/practical\/our-office\/\",\"url\":\"https:\/\/www.dinardemeraudetourisme.com\/en\/prepare-your-stay\/practical\/our-office\/\",\"name\":\"Our office - Dinard \u00c9meraude Tourisme\",\"isPartOf\":{\"@id\":\"https:\/\/www.dinardemeraudetourisme.com\/en\/#website\"},\"primaryImageOfPage\":{\"@id\":\"https:\/\/www.dinardemeraudetourisme.com\/en\/prepare-your-stay\/practical\/our-office\/#primaryimage\"},\"image\":{\"@id\":\"https:\/\/www.dinardemeraudetourisme.com\/en\/prepare-your-stay\/practical\/our-office\/#primaryimage\"},\"thumbnailUrl\":\"https:\/\/www.dinardemeraudetourisme.com\/app\/uploads\/2024\/04\/20.01.2022-plage-des-briantais-lancieux-1733x1300-1.webp\",\"datePublished\":\"2024-04-10T13:21:04+00:00\",\"dateModified\":\"2026-02-14T14:32:37+00:00\",\"description\":\"Tourist office of Dinard C\u00f4te d'\u00c9meraude: meet our team, our visitor centres and our job and internship offers.\",\"breadcrumb\":{\"@id\":\"https:\/\/www.dinardemeraudetourisme.com\/en\/prepare-your-stay\/practical\/our-office\/#breadcrumb\"},\"inLanguage\":\"en-US\",\"potentialAction\":[{\"@type\":\"ReadAction\",\"target\":[\"https:\/\/www.dinardemeraudetourisme.com\/en\/prepare-your-stay\/practical\/our-office\/\"]}]},{\"@type\":\"ImageObject\",\"inLanguage\":\"en-US\",\"@id\":\"https:\/\/www.dinardemeraudetourisme.com\/en\/prepare-your-stay\/practical\/our-office\/#primaryimage\",\"url\":\"https:\/\/www.dinardemeraudetourisme.com\/app\/uploads\/2024\/04\/20.01.2022-plage-des-briantais-lancieux-1733x1300-1.webp\",\"contentUrl\":\"https:\/\/www.dinardemeraudetourisme.com\/app\/uploads\/2024\/04\/20.01.2022-plage-des-briantais-lancieux-1733x1300-1.webp\",\"width\":1733,\"height\":1300,\"caption\":\"La Plage Des Briantais \u00e0 Lancieux, au coeur de l'espace naturel du Tertre Corlieu. Un lieu id\u00e9al pour admirer la faune et la flore de Bretagne.\"},{\"@type\":\"WebSite\",\"@id\":\"https:\/\/www.dinardemeraudetourisme.com\/en\/#website\",\"url\":\"https:\/\/www.dinardemeraudetourisme.com\/en\/\",\"name\":\"Dinard \u00c9meraude Tourisme\",\"description\":\"\",\"potentialAction\":[{\"@type\":\"SearchAction\",\"target\":{\"@type\":\"EntryPoint\",\"urlTemplate\":\"https:\/\/www.dinardemeraudetourisme.com\/en\/?s={search_term_string}\"},\"query-input\":{\"@type\":\"PropertyValueSpecification\",\"valueRequired\":true,\"valueName\":\"search_term_string\"}}],\"inLanguage\":\"en-US\"}]}<\/script>\n<!-- \/ Yoast SEO plugin. -->","yoast_head_json":{"title":"Our office - Dinard \u00c9meraude Tourisme","description":"Tourist office of Dinard C\u00f4te d'\u00c9meraude: meet our team, our visitor centres and our job and internship offers.","robots":{"index":"index","follow":"follow","max-snippet":"max-snippet:-1","max-image-preview":"max-image-preview:large","max-video-preview":"max-video-preview:-1"},"canonical":"https:\/\/www.dinardemeraudetourisme.com\/en\/prepare-your-stay\/practical\/our-office\/","og_locale":"en_US","og_type":"article","og_title":"Our office - Dinard \u00c9meraude Tourisme","og_description":"Tourist office of Dinard C\u00f4te d'\u00c9meraude: meet our team, our visitor centres and our job and internship offers.","og_url":"https:\/\/www.dinardemeraudetourisme.com\/en\/prepare-your-stay\/practical\/our-office\/","og_site_name":"Dinard \u00c9meraude Tourisme","article_modified_time":"2026-02-14T14:32:37+00:00","og_image":[{"width":1733,"height":1300,"url":"https:\/\/www.dinardemeraudetourisme.com\/app\/uploads\/2024\/04\/20.01.2022-plage-des-briantais-lancieux-1733x1300-1.webp","type":"image\/webp"}],"twitter_card":"summary_large_image","twitter_misc":{"Est. reading time":"1 minute"},"schema":{"@context":"https:\/\/schema.org","@graph":[{"@type":"WebPage","@id":"https:\/\/www.dinardemeraudetourisme.com\/en\/prepare-your-stay\/practical\/our-office\/","url":"https:\/\/www.dinardemeraudetourisme.com\/en\/prepare-your-stay\/practical\/our-office\/","name":"Our office - Dinard \u00c9meraude Tourisme","isPartOf":{"@id":"https:\/\/www.dinardemeraudetourisme.com\/en\/#website"},"primaryImageOfPage":{"@id":"https:\/\/www.dinardemeraudetourisme.com\/en\/prepare-your-stay\/practical\/our-office\/#primaryimage"},"image":{"@id":"https:\/\/www.dinardemeraudetourisme.com\/en\/prepare-your-stay\/practical\/our-office\/#primaryimage"},"thumbnailUrl":"https:\/\/www.dinardemeraudetourisme.com\/app\/uploads\/2024\/04\/20.01.2022-plage-des-briantais-lancieux-1733x1300-1.webp","datePublished":"2024-04-10T13:21:04+00:00","dateModified":"2026-02-14T14:32:37+00:00","description":"Tourist office of Dinard C\u00f4te d'\u00c9meraude: meet our team, our visitor centres and our job and internship offers.","breadcrumb":{"@id":"https:\/\/www.dinardemeraudetourisme.com\/en\/prepare-your-stay\/practical\/our-office\/#breadcrumb"},"inLanguage":"en-US","potentialAction":[{"@type":"ReadAction","target":["https:\/\/www.dinardemeraudetourisme.com\/en\/prepare-your-stay\/practical\/our-office\/"]}]},{"@type":"ImageObject","inLanguage":"en-US","@id":"https:\/\/www.dinardemeraudetourisme.com\/en\/prepare-your-stay\/practical\/our-office\/#primaryimage","url":"https:\/\/www.dinardemeraudetourisme.com\/app\/uploads\/2024\/04\/20.01.2022-plage-des-briantais-lancieux-1733x1300-1.webp","contentUrl":"https:\/\/www.dinardemeraudetourisme.com\/app\/uploads\/2024\/04\/20.01.2022-plage-des-briantais-lancieux-1733x1300-1.webp","width":1733,"height":1300,"caption":"La Plage Des Briantais \u00e0 Lancieux, au coeur de l'espace naturel du Tertre Corlieu. Un lieu id\u00e9al pour admirer la faune et la flore de Bretagne."},{"@type":"WebSite","@id":"https:\/\/www.dinardemeraudetourisme.com\/en\/#website","url":"https:\/\/www.dinardemeraudetourisme.com\/en\/","name":"Dinard \u00c9meraude Tourisme","description":"","potentialAction":[{"@type":"SearchAction","target":{"@type":"EntryPoint","urlTemplate":"https:\/\/www.dinardemeraudetourisme.com\/en\/?s={search_term_string}"},"query-input":{"@type":"PropertyValueSpecification","valueRequired":true,"valueName":"search_term_string"}}],"inLanguage":"en-US"}]}},"_links":{"self":[{"href":"https:\/\/www.dinardemeraudetourisme.com\/en\/wp-json\/wp\/v2\/pages\/10262","targetHints":{"allow":["GET"]}}],"collection":[{"href":"https:\/\/www.dinardemeraudetourisme.com\/en\/wp-json\/wp\/v2\/pages"}],"about":[{"href":"https:\/\/www.dinardemeraudetourisme.com\/en\/wp-json\/wp\/v2\/types\/page"}],"author":[{"embeddable":true,"href":"https:\/\/www.dinardemeraudetourisme.com\/en\/wp-json\/wp\/v2\/users\/1"}],"replies":[{"embeddable":true,"href":"https:\/\/www.dinardemeraudetourisme.com\/en\/wp-json\/wp\/v2\/comments?post=10262"}],"version-history":[{"count":9,"href":"https:\/\/www.dinardemeraudetourisme.com\/en\/wp-json\/wp\/v2\/pages\/10262\/revisions"}],"predecessor-version":[{"id":20362,"href":"https:\/\/www.dinardemeraudetourisme.com\/en\/wp-json\/wp\/v2\/pages\/10262\/revisions\/20362"}],"up":[{"embeddable":true,"href":"https:\/\/www.dinardemeraudetourisme.com\/en\/wp-json\/wp\/v2\/pages\/10260"}],"wp:featuredmedia":[{"embeddable":true,"href":"https:\/\/www.dinardemeraudetourisme.com\/en\/wp-json\/wp\/v2\/media\/2825"}],"wp:attachment":[{"href":"https:\/\/www.dinardemeraudetourisme.com\/en\/wp-json\/wp\/v2\/media?parent=10262"}],"curies":[{"name":"wp","href":"https:\/\/api.w.org\/{rel}","templated":true}]}}