{"id":19813,"date":"2026-01-15T17:56:34","date_gmt":"2026-01-15T16:56:34","guid":{"rendered":"https:\/\/www.dinardemeraudetourisme.com\/?page_id=19813"},"modified":"2026-01-16T09:41:23","modified_gmt":"2026-01-16T08:41:23","slug":"der-ladestationen-fuer-elektrofahrzeuge","status":"publish","type":"page","link":"https:\/\/www.dinardemeraudetourisme.com\/de\/aufenthalt-an-der-cote-demeraude\/praktische-informationen\/der-ladestationen-fuer-elektrofahrzeuge\/","title":{"rendered":"Der Ladestationen f\u00fcr Elektrofahrzeuge"},"content":{"rendered":"\n<p><\/p>\n\n\n\n<p>Sie haben sich f\u00fcr ein Elektrofahrzeug entschieden und m\u00f6chten Ihren Aufenthalt bei uns vorbereiten?<br>Finden Sie Ladestationen und alle n\u00fctzlichen Informationen, die Sie ben\u00f6tigen!<\/p>\n\n\n\n<h2 class=\"wp-block-heading\" style=\"padding-top:var(--wp--preset--spacing--30);padding-right:0;padding-bottom:var(--wp--preset--spacing--30);padding-left:0\"><strong><strong>Map of electric<strong>Karte der Ladestationen f\u00fcr Elektrofahrzeuge<\/strong> vehicle charging stations<\/strong><\/strong><\/h2>\n\n\n\n<p>Auf der untenstehenden Karte finden Sie die Ladestationen f\u00fcr Elektrofahrzeuge in unserer Region.<\/p>\n\n\n\n<iframe loading=\"lazy\" src=\"https:\/\/www.google.com\/maps\/d\/embed?mid=1O3WaSBaylAk6iat3q69fLNONmrnTQOg&#038;ehbc=2E312F&#038;noprof=1\" width=\"640\" height=\"480\"><\/iframe>\n\n\n\n<div class=\"wp-block-buttons is-layout-flex wp-block-buttons-is-layout-flex\">\n<div class=\"wp-block-button\"><a class=\"wp-block-button__link wp-element-button\" href=\"https:\/\/www.dinardemeraudetourisme.com\/app\/uploads\/2026\/01\/tableau_recap_bornes_2026.pdf\" target=\"_blank\" rel=\"noreferrer noopener\">der Ladestationen f\u00fcr Elektrofahrzeuge<\/a><\/div>\n<\/div>\n\n\n\n<h2 class=\"wp-block-heading\" style=\"padding-top:var(--wp--preset--spacing--30);padding-bottom:var(--wp--preset--spacing--30)\"><strong><strong><strong><strong>Wie l\u00e4dt man ein Elektrofahrzeug?<\/strong><\/strong><\/strong><\/strong><\/h2>\n\n\n\n<h3 class=\"wp-block-heading\" style=\"padding-top:var(--wp--preset--spacing--30);padding-bottom:var(--wp--preset--spacing--30)\"><strong><strong><strong>Ladestationen bei Superm\u00e4rkten:<\/strong><\/strong><\/strong><\/h3>\n\n\n\n<p>Mehrere Superm\u00e4rkte und Gesch\u00e4fte in der Region sind mit Ladestationen f\u00fcr Elektrofahrzeuge ausgestattet. Die meisten bieten diesen Service f\u00fcr Kundinnen und Kunden oder f\u00fcr die \u00d6ffentlichkeit an \u2013 kostenpflichtig oder kostenlos. Informationen und Standorte dieser Ladestationen finden Sie auf der obigen Karte. F\u00fcr weitere Ausk\u00fcnfte wenden Sie sich bitte an den Betreiber der jeweiligen Ladestation oder nutzen Sie eine entsprechende App zur Standortsuche (siehe unten).<\/p>\n\n\n\n<p>\u00d6ffentliches Laden kann je nach Betreiber und Ladeleistung pro kWh oder pro Minute abgerechnet werden:<\/p>\n\n\n\n<ul class=\"wp-block-list\">\n<li><strong>Normale \/ beschleunigte Ladestationen<\/strong> (bis ca. 22 kW): langsameres Laden, geeignet f\u00fcr l\u00e4ngere Aufenthalte.<\/li>\n\n\n\n<li><strong>Schnellladestationen<\/strong> (ca. 50 kW) und <strong>Ultraschnellladestationen<\/strong> (\u00fcber 100 kW): erm\u00f6glichen schnelles Laden bei kurzen Stopps.<\/li>\n<\/ul>\n\n\n\n<p>Bei einigen \u00e4lteren Anlagen ist die direkte Zahlung per Bankkarte an der Ladestation m\u00f6glicherweise nicht m\u00f6glich. In diesem Fall ist es sinnvoll, eine Ladekarte oder eine App zu besitzen, um den Ladevorgang zu starten.<\/p>\n\n\n\n<h3 class=\"wp-block-heading\" style=\"padding-top:var(--wp--preset--spacing--30);padding-bottom:var(--wp--preset--spacing--30)\"><strong><strong><strong><strong>Das \u00f6ffentliche Netzwerk Ouest Charge\u00a0:<\/strong><\/strong><\/strong><\/strong><\/h3>\n\n\n\n<p>Ouest Charge ist das \u00f6ffentliche Ladenetz f\u00fcr Elektrofahrzeuge und deckt insbesondere die D\u00e9partements <strong>Ille-et-Vilaine<\/strong> (35), <strong>C\u00f4tes-d\u2019Armor<\/strong> (22), Morbihan (56), Finist\u00e8re (29), Loire-Atlantique (44) sowie weitere D\u00e9partements im Westen Frankreichs ab. Es f\u00f6rdert eine CO\u2082-arme Mobilit\u00e4t und unterst\u00fctzt die Energiewende in der Region.<\/p>\n\n\n\n<p>Mit <strong>einer einzigen Ouest-Charge-Karte<\/strong> erhalten Sie Zugang zu allen Ladestationen des Netzwerks in diesen D\u00e9partements.<\/p>\n\n\n\n<p><strong>Richtpreise:<\/strong> Die Tarife variieren je nach Ladeleistung und je nachdem, ob man Abonnent ist oder nicht.<\/p>\n\n\n\n<p>Ille-et-Vilaine (35)&nbsp;:<\/p>\n\n\n\n<ul class=\"wp-block-list\">\n<li><strong>Normalladestation:<\/strong> 0,40 \u20ac \/ kWh. Nach der 5. Lade\u00adstunde: Zuschlag von +0,20 \u20ac\/Min. zwischen 7:00 und 21:00 Uhr*. + 1 \u20ac f\u00fcr Nicht-Abonnenten (zzgl. m\u00f6glicher Geb\u00fchren externer Betreiber).<\/li>\n\n\n\n<li><strong>Schnellladestation:<\/strong> 0,55 \u20ac \/ kWh. Nach der 1. Lade\u00adstunde: Zuschlag von +0,20 \u20ac\/Min.* + 1 \u20ac f\u00fcr Nicht-Abonnenten (zzgl. m\u00f6glicher Geb\u00fchren externer Betreiber).<\/li>\n\n\n\n<li><strong>Ultraschnellladestation:<\/strong> 0,55 \u20ac \/ kWh. Nach der 1. Lade\u00adstunde: Zuschlag von +0,20 \u20ac\/Min.* + 1 \u20ac f\u00fcr Nicht-Abonnenten (zzgl. m\u00f6glicher Geb\u00fchren externer Betreiber).<\/li>\n<\/ul>\n\n\n\n<p>*Der Zuschlag ist auf 50 \u20ac pro Ladevorgang begrenzt.<\/p>\n\n\n\n<p>C\u00f4tes-d\u2019Armor (22)&nbsp;:<\/p>\n\n\n\n<ul class=\"wp-block-list\">\n<li><strong>Normalladestation:<\/strong> 0,33 \u20ac \/ kWh. Nach der 5. Lade\u00adstunde: Zuschlag von +0,20 \u20ac\/Min. zwischen 7:00 und 21:00 Uhr*. + 1 \u20ac f\u00fcr Nicht-Abonnenten (zzgl. m\u00f6glicher Geb\u00fchren externer Betreiber).<\/li>\n\n\n\n<li><strong>Schnellladestation:<\/strong> 0,44 \u20ac \/ kWh. Nach der 1. Lade\u00adstunde: Zuschlag von +0,20 \u20ac\/Min.* + 1 \u20ac f\u00fcr Nicht-Abonnenten (zzgl. m\u00f6glicher Geb\u00fchren externer Betreiber).<\/li>\n\n\n\n<li><strong>Ultraschnellladestation:<\/strong> 0,55 \u20ac \/ kWh. Nach der 1. Lade\u00adstunde: Zuschlag von +0,20 \u20ac\/Min. zwischen 7:00 und 21:00 Uhr*. + 1 \u20ac f\u00fcr Nicht-Abonnenten (zzgl. m\u00f6glicher Geb\u00fchren externer Betreiber).<\/li>\n<\/ul>\n\n\n\n<p>*Der Zuschlag ist auf 50 \u20ac pro Ladevorgang begrenzt.<\/p>\n\n\n\n<p>Der Tarif umfasst das Laden sowie begleitende Dienstleistungen wie Unterst\u00fctzung, Pannenhilfe und Wartung, Online-\u00dcberwachung des Verbrauchs, Reservierung von Ladepunkten sowie Zugangssysteme (Website, mobile App und Bankkarte). Dieses Angebot erm\u00f6glicht zudem ein schnelleres Laden als zu Hause und erweitert die Reichweite von Nutzerinnen und Nutzern auf Reisen. Es handelt sich um ein erg\u00e4nzendes Ladeangebot zu privaten Ladel\u00f6sungen.<\/p>\n\n\n\n<p>Die Beantragung einer <strong>Ouest-Charge-Karte<\/strong> erfolgt online. <strong>Der Preis f\u00fcr eine neue Karte betr\u00e4gt 10 \u20ac.<\/strong><\/p>\n\n\n\n<h4 class=\"wp-block-heading\" style=\"padding-top:var(--wp--preset--spacing--30);padding-bottom:var(--wp--preset--spacing--30)\"><strong><strong><strong>N\u00fctzliche Kontakte \u2013 Ouest Charge:<\/strong><\/strong><\/strong><\/h4>\n\n\n\n<p>Kundenservice rund um die Uhr erreichbar (24\/7)<br>Telefon: +33 (0)2 57 77 00 06<br>E-Mail: serviceclient@ouest-charge.fr<br>Website: <a href=\"https:\/\/ouestcharge.fr\">https:\/\/ouestcharge.fr<\/a><\/p>\n\n\n\n<h3 class=\"wp-block-heading\" style=\"padding-top:var(--wp--preset--spacing--30);padding-bottom:var(--wp--preset--spacing--30)\"><strong><strong><strong><strong>Weitere Ladenetze:<\/strong><\/strong><\/strong><\/strong><\/h3>\n\n\n\n<p>Neben Ouest Charge bieten auch andere Netzwerke und Betreiber frei zug\u00e4ngliche Ladestationen an, h\u00e4ufig mit Bezahlung direkt an der Station oder \u00fcber App\/Ladekarte: <strong>IZIVIA, Powerdot, Qwello<\/strong> usw.<\/p>\n\n\n\n<h2 class=\"wp-block-heading\" style=\"padding-top:var(--wp--preset--spacing--30);padding-bottom:var(--wp--preset--spacing--30)\"><strong><strong><strong>Ladestationen einfach finden mit Chargemap<\/strong><\/strong><\/strong><\/h2>\n\n\n\n<p>Laden Sie die <strong>Chargemap-App<\/strong> auf Ihr Smartphone herunter, um die n\u00e4chstgelegenen Ladestationen f\u00fcr Elektrofahrzeuge zu finden. Sie k\u00f6nnen au\u00dferdem eine Ladekarte (19,90 \u20ac) bestellen, um Zugang zu zahlreichen Ladepunkten in Ihrer N\u00e4he und in ganz Europa zu erhalten.<br><a href=\"https:\/\/chargemap.com\/fr-fr\/\">https:\/\/chargemap.com\/fr-fr\/<\/a><\/p>\n\n\n\n<div class=\"wp-block-buttons is-layout-flex wp-block-buttons-is-layout-flex\">\n<div class=\"wp-block-button\"><a class=\"wp-block-button__link wp-element-button\" href=\"https:\/\/chargemap.com\/fr-fr\/?gad_source=1&amp;gad_campaignid=18728824775&amp;gbraid=0AAAAADSPv44ffN8jR5xNBpmVKlEXibdM4&amp;gclid=CjwKCAiAvaLLBhBFEiwAYCNTf-jHXnH-EB-4fUPSeVs9m2CRo834dOcOlk8HSTm9aG_lbHtbM0CDCxoCIR4QAvD_BwE\" target=\"_blank\" rel=\"noreferrer noopener\">Jetzt herunterladen<\/a><\/div>\n<\/div>\n\n\n\n<p><\/p>\n","protected":false},"excerpt":{"rendered":"<p>Sie haben sich f\u00fcr ein Elektrofahrzeug entschieden und m\u00f6chten Ihren Aufenthalt bei uns vorbereiten?Finden Sie Ladestationen und alle n\u00fctzlichen Informationen, die Sie ben\u00f6tigen! Map of electricKarte der Ladestationen f\u00fcr Elektrofahrzeuge vehicle charging stations Auf der untenstehenden Karte finden Sie die Ladestationen f\u00fcr Elektrofahrzeuge in unserer Region. Wie l\u00e4dt man ein Elektrofahrzeug? Ladestationen bei Superm\u00e4rkten: Mehrere [&hellip;]<\/p>\n","protected":false},"author":2,"featured_media":8310,"parent":12401,"menu_order":0,"comment_status":"closed","ping_status":"closed","template":"template-header-large.php","meta":{"_acf_changed":false,"footnotes":""},"class_list":["post-19813","page","type-page","status-publish","has-post-thumbnail","hentry"],"acf":[],"yoast_head":"<!-- This site is optimized with the Yoast SEO plugin v27.1.1 - https:\/\/yoast.com\/product\/yoast-seo-wordpress\/ -->\n<title>Der Ladestationen f\u00fcr Elektrofahrzeuge - Dinard \u00c9meraude Tourisme<\/title>\n<meta name=\"description\" content=\"Ladestationen f\u00fcr Elektrofahrzeuge. Finden Sie die Stationen und alle n\u00fctzlichen Informationen, die Sie w\u00e4hrend Ihres Aufenthalts ben\u00f6tigen.\" \/>\n<meta name=\"robots\" content=\"index, follow, max-snippet:-1, max-image-preview:large, max-video-preview:-1\" \/>\n<link rel=\"canonical\" href=\"https:\/\/www.dinardemeraudetourisme.com\/de\/aufenthalt-an-der-cote-demeraude\/praktische-informationen\/der-ladestationen-fuer-elektrofahrzeuge\/\" \/>\n<meta property=\"og:locale\" content=\"de_DE\" \/>\n<meta property=\"og:type\" content=\"article\" \/>\n<meta property=\"og:title\" content=\"Der Ladestationen f\u00fcr Elektrofahrzeuge - Dinard \u00c9meraude Tourisme\" \/>\n<meta property=\"og:description\" content=\"Ladestationen f\u00fcr Elektrofahrzeuge. Finden Sie die Stationen und alle n\u00fctzlichen Informationen, die Sie w\u00e4hrend Ihres Aufenthalts ben\u00f6tigen.\" \/>\n<meta property=\"og:url\" content=\"https:\/\/www.dinardemeraudetourisme.com\/de\/aufenthalt-an-der-cote-demeraude\/praktische-informationen\/der-ladestationen-fuer-elektrofahrzeuge\/\" \/>\n<meta property=\"og:site_name\" content=\"Dinard \u00c9meraude Tourisme\" \/>\n<meta property=\"article:modified_time\" content=\"2026-01-16T08:41:23+00:00\" \/>\n<meta property=\"og:image\" content=\"https:\/\/www.dinardemeraudetourisme.com\/app\/uploads\/2024\/06\/dji_0323.jpg\" \/>\n\t<meta property=\"og:image:width\" content=\"1000\" \/>\n\t<meta property=\"og:image:height\" content=\"666\" \/>\n\t<meta property=\"og:image:type\" content=\"image\/jpeg\" \/>\n<meta name=\"twitter:card\" content=\"summary_large_image\" \/>\n<meta name=\"twitter:label1\" content=\"Gesch\u00e4tzte Lesezeit\" \/>\n\t<meta name=\"twitter:data1\" content=\"4 minutes\" \/>\n<script type=\"application\/ld+json\" class=\"yoast-schema-graph\">{\"@context\":\"https:\/\/schema.org\",\"@graph\":[{\"@type\":\"WebPage\",\"@id\":\"https:\/\/www.dinardemeraudetourisme.com\/de\/aufenthalt-an-der-cote-demeraude\/praktische-informationen\/der-ladestationen-fuer-elektrofahrzeuge\/\",\"url\":\"https:\/\/www.dinardemeraudetourisme.com\/de\/aufenthalt-an-der-cote-demeraude\/praktische-informationen\/der-ladestationen-fuer-elektrofahrzeuge\/\",\"name\":\"Der Ladestationen f\u00fcr Elektrofahrzeuge - Dinard \u00c9meraude Tourisme\",\"isPartOf\":{\"@id\":\"https:\/\/www.dinardemeraudetourisme.com\/de\/#website\"},\"primaryImageOfPage\":{\"@id\":\"https:\/\/www.dinardemeraudetourisme.com\/de\/aufenthalt-an-der-cote-demeraude\/praktische-informationen\/der-ladestationen-fuer-elektrofahrzeuge\/#primaryimage\"},\"image\":{\"@id\":\"https:\/\/www.dinardemeraudetourisme.com\/de\/aufenthalt-an-der-cote-demeraude\/praktische-informationen\/der-ladestationen-fuer-elektrofahrzeuge\/#primaryimage\"},\"thumbnailUrl\":\"https:\/\/www.dinardemeraudetourisme.com\/app\/uploads\/2024\/06\/dji_0323.jpg\",\"datePublished\":\"2026-01-15T16:56:34+00:00\",\"dateModified\":\"2026-01-16T08:41:23+00:00\",\"description\":\"Ladestationen f\u00fcr Elektrofahrzeuge. Finden Sie die Stationen und alle n\u00fctzlichen Informationen, die Sie w\u00e4hrend Ihres Aufenthalts ben\u00f6tigen.\",\"breadcrumb\":{\"@id\":\"https:\/\/www.dinardemeraudetourisme.com\/de\/aufenthalt-an-der-cote-demeraude\/praktische-informationen\/der-ladestationen-fuer-elektrofahrzeuge\/#breadcrumb\"},\"inLanguage\":\"de-DE\",\"potentialAction\":[{\"@type\":\"ReadAction\",\"target\":[\"https:\/\/www.dinardemeraudetourisme.com\/de\/aufenthalt-an-der-cote-demeraude\/praktische-informationen\/der-ladestationen-fuer-elektrofahrzeuge\/\"]}]},{\"@type\":\"ImageObject\",\"inLanguage\":\"de-DE\",\"@id\":\"https:\/\/www.dinardemeraudetourisme.com\/de\/aufenthalt-an-der-cote-demeraude\/praktische-informationen\/der-ladestationen-fuer-elektrofahrzeuge\/#primaryimage\",\"url\":\"https:\/\/www.dinardemeraudetourisme.com\/app\/uploads\/2024\/06\/dji_0323.jpg\",\"contentUrl\":\"https:\/\/www.dinardemeraudetourisme.com\/app\/uploads\/2024\/06\/dji_0323.jpg\",\"width\":1000,\"height\":666,\"caption\":\"Pointe de la Malouine \u00e0 Dinard par Lezbroz\"},{\"@type\":\"WebSite\",\"@id\":\"https:\/\/www.dinardemeraudetourisme.com\/de\/#website\",\"url\":\"https:\/\/www.dinardemeraudetourisme.com\/de\/\",\"name\":\"Dinard \u00c9meraude Tourisme\",\"description\":\"\",\"potentialAction\":[{\"@type\":\"SearchAction\",\"target\":{\"@type\":\"EntryPoint\",\"urlTemplate\":\"https:\/\/www.dinardemeraudetourisme.com\/de\/?s={search_term_string}\"},\"query-input\":{\"@type\":\"PropertyValueSpecification\",\"valueRequired\":true,\"valueName\":\"search_term_string\"}}],\"inLanguage\":\"de-DE\"}]}<\/script>\n<!-- \/ Yoast SEO plugin. -->","yoast_head_json":{"title":"Der Ladestationen f\u00fcr Elektrofahrzeuge - Dinard \u00c9meraude Tourisme","description":"Ladestationen f\u00fcr Elektrofahrzeuge. Finden Sie die Stationen und alle n\u00fctzlichen Informationen, die Sie w\u00e4hrend Ihres Aufenthalts ben\u00f6tigen.","robots":{"index":"index","follow":"follow","max-snippet":"max-snippet:-1","max-image-preview":"max-image-preview:large","max-video-preview":"max-video-preview:-1"},"canonical":"https:\/\/www.dinardemeraudetourisme.com\/de\/aufenthalt-an-der-cote-demeraude\/praktische-informationen\/der-ladestationen-fuer-elektrofahrzeuge\/","og_locale":"de_DE","og_type":"article","og_title":"Der Ladestationen f\u00fcr Elektrofahrzeuge - Dinard \u00c9meraude Tourisme","og_description":"Ladestationen f\u00fcr Elektrofahrzeuge. Finden Sie die Stationen und alle n\u00fctzlichen Informationen, die Sie w\u00e4hrend Ihres Aufenthalts ben\u00f6tigen.","og_url":"https:\/\/www.dinardemeraudetourisme.com\/de\/aufenthalt-an-der-cote-demeraude\/praktische-informationen\/der-ladestationen-fuer-elektrofahrzeuge\/","og_site_name":"Dinard \u00c9meraude Tourisme","article_modified_time":"2026-01-16T08:41:23+00:00","og_image":[{"width":1000,"height":666,"url":"https:\/\/www.dinardemeraudetourisme.com\/app\/uploads\/2024\/06\/dji_0323.jpg","type":"image\/jpeg"}],"twitter_card":"summary_large_image","twitter_misc":{"Gesch\u00e4tzte Lesezeit":"4 minutes"},"schema":{"@context":"https:\/\/schema.org","@graph":[{"@type":"WebPage","@id":"https:\/\/www.dinardemeraudetourisme.com\/de\/aufenthalt-an-der-cote-demeraude\/praktische-informationen\/der-ladestationen-fuer-elektrofahrzeuge\/","url":"https:\/\/www.dinardemeraudetourisme.com\/de\/aufenthalt-an-der-cote-demeraude\/praktische-informationen\/der-ladestationen-fuer-elektrofahrzeuge\/","name":"Der Ladestationen f\u00fcr Elektrofahrzeuge - Dinard \u00c9meraude Tourisme","isPartOf":{"@id":"https:\/\/www.dinardemeraudetourisme.com\/de\/#website"},"primaryImageOfPage":{"@id":"https:\/\/www.dinardemeraudetourisme.com\/de\/aufenthalt-an-der-cote-demeraude\/praktische-informationen\/der-ladestationen-fuer-elektrofahrzeuge\/#primaryimage"},"image":{"@id":"https:\/\/www.dinardemeraudetourisme.com\/de\/aufenthalt-an-der-cote-demeraude\/praktische-informationen\/der-ladestationen-fuer-elektrofahrzeuge\/#primaryimage"},"thumbnailUrl":"https:\/\/www.dinardemeraudetourisme.com\/app\/uploads\/2024\/06\/dji_0323.jpg","datePublished":"2026-01-15T16:56:34+00:00","dateModified":"2026-01-16T08:41:23+00:00","description":"Ladestationen f\u00fcr Elektrofahrzeuge. Finden Sie die Stationen und alle n\u00fctzlichen Informationen, die Sie w\u00e4hrend Ihres Aufenthalts ben\u00f6tigen.","breadcrumb":{"@id":"https:\/\/www.dinardemeraudetourisme.com\/de\/aufenthalt-an-der-cote-demeraude\/praktische-informationen\/der-ladestationen-fuer-elektrofahrzeuge\/#breadcrumb"},"inLanguage":"de-DE","potentialAction":[{"@type":"ReadAction","target":["https:\/\/www.dinardemeraudetourisme.com\/de\/aufenthalt-an-der-cote-demeraude\/praktische-informationen\/der-ladestationen-fuer-elektrofahrzeuge\/"]}]},{"@type":"ImageObject","inLanguage":"de-DE","@id":"https:\/\/www.dinardemeraudetourisme.com\/de\/aufenthalt-an-der-cote-demeraude\/praktische-informationen\/der-ladestationen-fuer-elektrofahrzeuge\/#primaryimage","url":"https:\/\/www.dinardemeraudetourisme.com\/app\/uploads\/2024\/06\/dji_0323.jpg","contentUrl":"https:\/\/www.dinardemeraudetourisme.com\/app\/uploads\/2024\/06\/dji_0323.jpg","width":1000,"height":666,"caption":"Pointe de la Malouine \u00e0 Dinard par Lezbroz"},{"@type":"WebSite","@id":"https:\/\/www.dinardemeraudetourisme.com\/de\/#website","url":"https:\/\/www.dinardemeraudetourisme.com\/de\/","name":"Dinard \u00c9meraude Tourisme","description":"","potentialAction":[{"@type":"SearchAction","target":{"@type":"EntryPoint","urlTemplate":"https:\/\/www.dinardemeraudetourisme.com\/de\/?s={search_term_string}"},"query-input":{"@type":"PropertyValueSpecification","valueRequired":true,"valueName":"search_term_string"}}],"inLanguage":"de-DE"}]}},"_links":{"self":[{"href":"https:\/\/www.dinardemeraudetourisme.com\/de\/wp-json\/wp\/v2\/pages\/19813","targetHints":{"allow":["GET"]}}],"collection":[{"href":"https:\/\/www.dinardemeraudetourisme.com\/de\/wp-json\/wp\/v2\/pages"}],"about":[{"href":"https:\/\/www.dinardemeraudetourisme.com\/de\/wp-json\/wp\/v2\/types\/page"}],"author":[{"embeddable":true,"href":"https:\/\/www.dinardemeraudetourisme.com\/de\/wp-json\/wp\/v2\/users\/2"}],"replies":[{"embeddable":true,"href":"https:\/\/www.dinardemeraudetourisme.com\/de\/wp-json\/wp\/v2\/comments?post=19813"}],"version-history":[{"count":2,"href":"https:\/\/www.dinardemeraudetourisme.com\/de\/wp-json\/wp\/v2\/pages\/19813\/revisions"}],"predecessor-version":[{"id":19815,"href":"https:\/\/www.dinardemeraudetourisme.com\/de\/wp-json\/wp\/v2\/pages\/19813\/revisions\/19815"}],"up":[{"embeddable":true,"href":"https:\/\/www.dinardemeraudetourisme.com\/de\/wp-json\/wp\/v2\/pages\/12401"}],"wp:featuredmedia":[{"embeddable":true,"href":"https:\/\/www.dinardemeraudetourisme.com\/de\/wp-json\/wp\/v2\/media\/8310"}],"wp:attachment":[{"href":"https:\/\/www.dinardemeraudetourisme.com\/de\/wp-json\/wp\/v2\/media?parent=19813"}],"curies":[{"name":"wp","href":"https:\/\/api.w.org\/{rel}","templated":true}]}}