{"id":12439,"date":"2024-04-26T12:55:36","date_gmt":"2024-04-26T10:55:36","guid":{"rendered":"https:\/\/www.dinardemeraudetourisme.com?page_id=12439"},"modified":"2025-01-23T14:08:24","modified_gmt":"2025-01-23T13:08:24","slug":"fotogalerie","status":"publish","type":"page","link":"https:\/\/www.dinardemeraudetourisme.com\/de\/fotogalerie\/","title":{"rendered":"Fotogalerie"},"content":{"rendered":"\n<p>F\u00fcr Reisen im Voraus oder f\u00fcr Ihre Werbematerialien und Berichte \u00fcber Dinard C\u00f4te d&#8217;\u00c9meraude laden wir Sie ein, in unserer Fotobibliothek zu st\u00f6bern! Dinard C\u00f4te d\u2019\u00c9meraude Tourisme bietet Ihnen Zugang zu einer Auswahl lizenzfreier Fotos.<\/p>\n\n\n\n<p><em><strong>Um Ihre Advertorials oder Werbematerialien zu illustrieren, wenden Sie sich bitte an mpaturel@dinardemeraudetourisme.<\/strong>&nbsp;<\/em><\/p>\n\n\n\n<figure class=\"wp-block-gallery has-nested-images columns-default is-cropped wp-block-gallery-1 is-layout-flex wp-block-gallery-is-layout-flex\">\n<figure class=\"wp-block-image size-large\"><img decoding=\"async\" data-id=\"5381\" src=\"https:\/\/www.dinardemeraudetourisme.com\/app\/uploads\/2024\/04\/dinard-coucher-soleil-1024x683.webp\" alt=\"Dinard Coucher Soleil\" class=\"wp-image-5381\"\/><\/figure>\n\n\n\n<figure class=\"wp-block-image size-large\"><img decoding=\"async\" data-id=\"5384\" src=\"https:\/\/www.dinardemeraudetourisme.com\/app\/uploads\/2024\/04\/saint-briac-sur-mer-plage-1024x683.jpg\" alt=\"Saint Briac Sur Mer Plage\" class=\"wp-image-5384\"\/><\/figure>\n\n\n\n<figure class=\"wp-block-image size-large\"><img decoding=\"async\" data-id=\"5387\" src=\"https:\/\/www.dinardemeraudetourisme.com\/app\/uploads\/2024\/04\/saint-briac-sur-mer-coucher-soleil-1024x683.jpg\" alt=\"Saint Briac Sur Mer Coucher Soleil\" class=\"wp-image-5387\"\/><\/figure>\n\n\n\n<figure class=\"wp-block-image size-large\"><img decoding=\"async\" data-id=\"5390\" src=\"https:\/\/www.dinardemeraudetourisme.com\/app\/uploads\/2024\/04\/saint-lunaire-cabines-1024x683.jpg\" alt=\"Saint Lunaire Cabines\" class=\"wp-image-5390\"\/><\/figure>\n\n\n\n<figure class=\"wp-block-image size-large\"><img decoding=\"async\" data-id=\"5393\" src=\"https:\/\/www.dinardemeraudetourisme.com\/app\/uploads\/2024\/04\/dinard-balade-clair-lune-1024x683.jpg\" alt=\"Dinard Balade Clair Lune\" class=\"wp-image-5393\"\/><\/figure>\n\n\n\n<figure class=\"wp-block-image size-large\"><img decoding=\"async\" data-id=\"5396\" src=\"https:\/\/www.dinardemeraudetourisme.com\/app\/uploads\/2024\/04\/saint-briac-sur-mer-port-1024x683.jpg\" alt=\"Saint Briac Sur Mer Port\" class=\"wp-image-5396\"\/><\/figure>\n\n\n\n<figure class=\"wp-block-image size-large\"><img decoding=\"async\" data-id=\"5399\" src=\"https:\/\/www.dinardemeraudetourisme.com\/app\/uploads\/2024\/04\/saint-lunaire-club-voile-1024x683.jpg\" alt=\"Saint Lunaire Club Voile\" class=\"wp-image-5399\"\/><\/figure>\n\n\n\n<figure class=\"wp-block-image size-large\"><img decoding=\"async\" data-id=\"5402\" src=\"https:\/\/www.dinardemeraudetourisme.com\/app\/uploads\/2024\/04\/dinard-plage-ecluse-1024x683.jpg\" alt=\"Dinard Plage Ecluse\" class=\"wp-image-5402\"\/><\/figure>\n\n\n\n<figure class=\"wp-block-image size-large\"><img loading=\"lazy\" decoding=\"async\" width=\"683\" height=\"1024\" data-id=\"5405\" src=\"https:\/\/www.dinardemeraudetourisme.com\/app\/uploads\/2024\/04\/lancieux-moulin-683x1024.jpg\" alt=\"Lancieux Moulin\" class=\"wp-image-5405\" srcset=\"https:\/\/www.dinardemeraudetourisme.com\/app\/uploads\/2024\/04\/lancieux-moulin-683x1024.jpg 683w, https:\/\/www.dinardemeraudetourisme.com\/app\/uploads\/2024\/04\/lancieux-moulin-200x300.jpg 200w, https:\/\/www.dinardemeraudetourisme.com\/app\/uploads\/2024\/04\/lancieux-moulin-768x1152.jpg 768w, https:\/\/www.dinardemeraudetourisme.com\/app\/uploads\/2024\/04\/lancieux-moulin-13x20.jpg 13w, https:\/\/www.dinardemeraudetourisme.com\/app\/uploads\/2024\/04\/lancieux-moulin-33x50.jpg 33w, https:\/\/www.dinardemeraudetourisme.com\/app\/uploads\/2024\/04\/lancieux-moulin-20x30.jpg 20w, https:\/\/www.dinardemeraudetourisme.com\/app\/uploads\/2024\/04\/lancieux-moulin-40x60.jpg 40w, https:\/\/www.dinardemeraudetourisme.com\/app\/uploads\/2024\/04\/lancieux-moulin-53x80.jpg 53w, https:\/\/www.dinardemeraudetourisme.com\/app\/uploads\/2024\/04\/lancieux-moulin-93x140.jpg 93w, https:\/\/www.dinardemeraudetourisme.com\/app\/uploads\/2024\/04\/lancieux-moulin-107x160.jpg 107w, https:\/\/www.dinardemeraudetourisme.com\/app\/uploads\/2024\/04\/lancieux-moulin-213x320.jpg 213w, https:\/\/www.dinardemeraudetourisme.com\/app\/uploads\/2024\/04\/lancieux-moulin-27x40.jpg 27w, https:\/\/www.dinardemeraudetourisme.com\/app\/uploads\/2024\/04\/lancieux-moulin-534x800.jpg 534w, https:\/\/www.dinardemeraudetourisme.com\/app\/uploads\/2024\/04\/lancieux-moulin-800x1200.jpg 800w, https:\/\/www.dinardemeraudetourisme.com\/app\/uploads\/2024\/04\/lancieux-moulin.jpg 867w\" sizes=\"auto, (max-width: 683px) 100vw, 683px\" \/><\/figure>\n\n\n\n<figure class=\"wp-block-image size-large\"><img decoding=\"async\" data-id=\"5408\" src=\"https:\/\/www.dinardemeraudetourisme.com\/app\/uploads\/2024\/04\/le-minihic-sur-rance-jo-1024x683.jpeg\" alt=\"Le Minihic Sur Rance Jo\" class=\"wp-image-5408\"\/><\/figure>\n\n\n\n<figure class=\"wp-block-image size-large\"><img decoding=\"async\" data-id=\"5411\" src=\"https:\/\/www.dinardemeraudetourisme.com\/app\/uploads\/2024\/04\/saint-briac-sur-mer-bateau-1024x683.jpg\" alt=\"Saint Briac Sur Mer Bateau\" class=\"wp-image-5411\"\/><\/figure>\n\n\n\n<figure class=\"wp-block-image size-large\"><img decoding=\"async\" data-id=\"5414\" src=\"https:\/\/www.dinardemeraudetourisme.com\/app\/uploads\/2024\/04\/saint-lunaire-pointe-1024x683.jpg\" alt=\"Saint Lunaire Pointe\" class=\"wp-image-5414\"\/><\/figure>\n\n\n\n<figure class=\"wp-block-image size-large\"><img decoding=\"async\" data-id=\"5417\" src=\"https:\/\/www.dinardemeraudetourisme.com\/app\/uploads\/2024\/04\/dinard-piscine-mer-1024x683.jpg\" alt=\"Dinard Piscine Mer\" class=\"wp-image-5417\"\/><\/figure>\n\n\n\n<figure class=\"wp-block-image size-large\"><img loading=\"lazy\" decoding=\"async\" width=\"1024\" height=\"683\" data-id=\"5420\" src=\"https:\/\/www.dinardemeraudetourisme.com\/app\/uploads\/2024\/04\/lancieux-jo.labbe_-1024x683.jpg\" alt=\"Lancieux Jo.labbe\" class=\"wp-image-5420\" srcset=\"https:\/\/www.dinardemeraudetourisme.com\/app\/uploads\/2024\/04\/lancieux-jo.labbe_-1024x683.jpg 1024w, https:\/\/www.dinardemeraudetourisme.com\/app\/uploads\/2024\/04\/lancieux-jo.labbe_-300x200.jpg 300w, https:\/\/www.dinardemeraudetourisme.com\/app\/uploads\/2024\/04\/lancieux-jo.labbe_-768x512.jpg 768w, https:\/\/www.dinardemeraudetourisme.com\/app\/uploads\/2024\/04\/lancieux-jo.labbe_-1536x1024.jpg 1536w, https:\/\/www.dinardemeraudetourisme.com\/app\/uploads\/2024\/04\/lancieux-jo.labbe_-20x13.jpg 20w, https:\/\/www.dinardemeraudetourisme.com\/app\/uploads\/2024\/04\/lancieux-jo.labbe_-50x33.jpg 50w, https:\/\/www.dinardemeraudetourisme.com\/app\/uploads\/2024\/04\/lancieux-jo.labbe_-45x30.jpg 45w, https:\/\/www.dinardemeraudetourisme.com\/app\/uploads\/2024\/04\/lancieux-jo.labbe_-60x40.jpg 60w, https:\/\/www.dinardemeraudetourisme.com\/app\/uploads\/2024\/04\/lancieux-jo.labbe_-80x53.jpg 80w, https:\/\/www.dinardemeraudetourisme.com\/app\/uploads\/2024\/04\/lancieux-jo.labbe_-110x73.jpg 110w, https:\/\/www.dinardemeraudetourisme.com\/app\/uploads\/2024\/04\/lancieux-jo.labbe_-160x107.jpg 160w, https:\/\/www.dinardemeraudetourisme.com\/app\/uploads\/2024\/04\/lancieux-jo.labbe_-250x167.jpg 250w, https:\/\/www.dinardemeraudetourisme.com\/app\/uploads\/2024\/04\/lancieux-jo.labbe_-1200x800.jpg 1200w, https:\/\/www.dinardemeraudetourisme.com\/app\/uploads\/2024\/04\/lancieux-jo.labbe_-1800x1200.jpg 1800w, https:\/\/www.dinardemeraudetourisme.com\/app\/uploads\/2024\/04\/lancieux-jo.labbe_.jpg 1950w\" sizes=\"auto, (max-width: 1024px) 100vw, 1024px\" \/><\/figure>\n\n\n\n<figure class=\"wp-block-image size-large\"><img decoding=\"async\" data-id=\"5423\" src=\"https:\/\/www.dinardemeraudetourisme.com\/app\/uploads\/2024\/04\/le-minihic-sur-rance-1024x683.webp\" alt=\"Le Minihic Sur Rance\" class=\"wp-image-5423\"\/><\/figure>\n\n\n\n<figure class=\"wp-block-image size-large\"><img decoding=\"async\" data-id=\"5426\" src=\"https:\/\/www.dinardemeraudetourisme.com\/app\/uploads\/2024\/04\/saint-briac-sur-mer-1024x683.jpg\" alt=\"Saint Briac Sur Mer\" class=\"wp-image-5426\"\/><\/figure>\n\n\n\n<figure class=\"wp-block-image size-large\"><img decoding=\"async\" data-id=\"5429\" src=\"https:\/\/www.dinardemeraudetourisme.com\/app\/uploads\/2024\/04\/saint-lunaire-1024x683.jpg\" alt=\"Saint Lunaire\" class=\"wp-image-5429\"\/><\/figure>\n\n\n\n<figure class=\"wp-block-image size-large\"><img loading=\"lazy\" decoding=\"async\" width=\"1024\" height=\"683\" data-id=\"5432\" src=\"https:\/\/www.dinardemeraudetourisme.com\/app\/uploads\/2024\/04\/dinard-plage-principale-1024x683.jpg\" alt=\"Dinard Plage Principale\" class=\"wp-image-5432\" srcset=\"https:\/\/www.dinardemeraudetourisme.com\/app\/uploads\/2024\/04\/dinard-plage-principale-1024x683.jpg 1024w, https:\/\/www.dinardemeraudetourisme.com\/app\/uploads\/2024\/04\/dinard-plage-principale-300x200.jpg 300w, https:\/\/www.dinardemeraudetourisme.com\/app\/uploads\/2024\/04\/dinard-plage-principale-768x512.jpg 768w, https:\/\/www.dinardemeraudetourisme.com\/app\/uploads\/2024\/04\/dinard-plage-principale-1536x1024.jpg 1536w, https:\/\/www.dinardemeraudetourisme.com\/app\/uploads\/2024\/04\/dinard-plage-principale-20x13.jpg 20w, https:\/\/www.dinardemeraudetourisme.com\/app\/uploads\/2024\/04\/dinard-plage-principale-50x33.jpg 50w, https:\/\/www.dinardemeraudetourisme.com\/app\/uploads\/2024\/04\/dinard-plage-principale-45x30.jpg 45w, https:\/\/www.dinardemeraudetourisme.com\/app\/uploads\/2024\/04\/dinard-plage-principale-60x40.jpg 60w, https:\/\/www.dinardemeraudetourisme.com\/app\/uploads\/2024\/04\/dinard-plage-principale-80x53.jpg 80w, https:\/\/www.dinardemeraudetourisme.com\/app\/uploads\/2024\/04\/dinard-plage-principale-110x73.jpg 110w, https:\/\/www.dinardemeraudetourisme.com\/app\/uploads\/2024\/04\/dinard-plage-principale-160x107.jpg 160w, https:\/\/www.dinardemeraudetourisme.com\/app\/uploads\/2024\/04\/dinard-plage-principale-250x167.jpg 250w, https:\/\/www.dinardemeraudetourisme.com\/app\/uploads\/2024\/04\/dinard-plage-principale-1200x800.jpg 1200w, https:\/\/www.dinardemeraudetourisme.com\/app\/uploads\/2024\/04\/dinard-plage-principale-1800x1200.jpg 1800w, https:\/\/www.dinardemeraudetourisme.com\/app\/uploads\/2024\/04\/dinard-plage-principale.jpg 1950w\" sizes=\"auto, (max-width: 1024px) 100vw, 1024px\" \/><\/figure>\n<\/figure>\n","protected":false},"excerpt":{"rendered":"<p>F\u00fcr Reisen im Voraus oder f\u00fcr Ihre Werbematerialien und Berichte \u00fcber Dinard C\u00f4te d&#8217;\u00c9meraude laden wir Sie ein, in unserer Fotobibliothek zu st\u00f6bern! Dinard C\u00f4te d\u2019\u00c9meraude Tourisme bietet Ihnen Zugang zu einer Auswahl lizenzfreier Fotos. Um Ihre Advertorials oder Werbematerialien zu illustrieren, wenden Sie sich bitte an mpaturel@dinardemeraudetourisme.&nbsp;<\/p>\n","protected":false},"author":1,"featured_media":0,"parent":0,"menu_order":0,"comment_status":"closed","ping_status":"closed","template":"template-header-large.php","meta":{"_acf_changed":false,"footnotes":""},"class_list":["post-12439","page","type-page","status-publish","hentry"],"acf":[],"yoast_head":"<!-- This site is optimized with the Yoast SEO plugin v27.1.1 - https:\/\/yoast.com\/product\/yoast-seo-wordpress\/ -->\n<title>Fotogalerie - Dinard \u00c9meraude Tourisme<\/title>\n<meta name=\"robots\" content=\"index, follow, max-snippet:-1, max-image-preview:large, max-video-preview:-1\" \/>\n<link rel=\"canonical\" href=\"https:\/\/www.dinardemeraudetourisme.com\/de\/fotogalerie\/\" \/>\n<meta property=\"og:locale\" content=\"de_DE\" \/>\n<meta property=\"og:type\" content=\"article\" \/>\n<meta property=\"og:title\" content=\"Fotogalerie - Dinard \u00c9meraude Tourisme\" \/>\n<meta property=\"og:description\" content=\"F\u00fcr Reisen im Voraus oder f\u00fcr Ihre Werbematerialien und Berichte \u00fcber Dinard C\u00f4te d&#8217;\u00c9meraude laden wir Sie ein, in unserer Fotobibliothek zu st\u00f6bern! Dinard C\u00f4te d\u2019\u00c9meraude Tourisme bietet Ihnen Zugang zu einer Auswahl lizenzfreier Fotos. Um Ihre Advertorials oder Werbematerialien zu illustrieren, wenden Sie sich bitte an mpaturel@dinardemeraudetourisme.&nbsp;\" \/>\n<meta property=\"og:url\" content=\"https:\/\/www.dinardemeraudetourisme.com\/de\/fotogalerie\/\" \/>\n<meta property=\"og:site_name\" content=\"Dinard \u00c9meraude Tourisme\" \/>\n<meta property=\"article:modified_time\" content=\"2025-01-23T13:08:24+00:00\" \/>\n<meta property=\"og:image\" content=\"https:\/\/www.dinardemeraudetourisme.com\/app\/uploads\/2024\/04\/dinard-coucher-soleil-1024x683.webp\" \/>\n<meta name=\"twitter:card\" content=\"summary_large_image\" \/>\n<meta name=\"twitter:label1\" content=\"Gesch\u00e4tzte Lesezeit\" \/>\n\t<meta name=\"twitter:data1\" content=\"4 minutes\" \/>\n<script type=\"application\/ld+json\" class=\"yoast-schema-graph\">{\"@context\":\"https:\/\/schema.org\",\"@graph\":[{\"@type\":\"WebPage\",\"@id\":\"https:\/\/www.dinardemeraudetourisme.com\/de\/fotogalerie\/\",\"url\":\"https:\/\/www.dinardemeraudetourisme.com\/de\/fotogalerie\/\",\"name\":\"Fotogalerie - Dinard \u00c9meraude Tourisme\",\"isPartOf\":{\"@id\":\"https:\/\/www.dinardemeraudetourisme.com\/de\/#website\"},\"primaryImageOfPage\":{\"@id\":\"https:\/\/www.dinardemeraudetourisme.com\/de\/fotogalerie\/#primaryimage\"},\"image\":{\"@id\":\"https:\/\/www.dinardemeraudetourisme.com\/de\/fotogalerie\/#primaryimage\"},\"thumbnailUrl\":\"https:\/\/www.dinardemeraudetourisme.com\/app\/uploads\/2024\/04\/dinard-coucher-soleil-1024x683.webp\",\"datePublished\":\"2024-04-26T10:55:36+00:00\",\"dateModified\":\"2025-01-23T13:08:24+00:00\",\"breadcrumb\":{\"@id\":\"https:\/\/www.dinardemeraudetourisme.com\/de\/fotogalerie\/#breadcrumb\"},\"inLanguage\":\"de-DE\",\"potentialAction\":[{\"@type\":\"ReadAction\",\"target\":[\"https:\/\/www.dinardemeraudetourisme.com\/de\/fotogalerie\/\"]}]},{\"@type\":\"ImageObject\",\"inLanguage\":\"de-DE\",\"@id\":\"https:\/\/www.dinardemeraudetourisme.com\/de\/fotogalerie\/#primaryimage\",\"url\":\"https:\/\/www.dinardemeraudetourisme.com\/app\/uploads\/2024\/04\/dinard-coucher-soleil-1024x683.webp\",\"contentUrl\":\"https:\/\/www.dinardemeraudetourisme.com\/app\/uploads\/2024\/04\/dinard-coucher-soleil-1024x683.webp\"},{\"@type\":\"BreadcrumbList\",\"@id\":\"https:\/\/www.dinardemeraudetourisme.com\/de\/fotogalerie\/#breadcrumb\",\"itemListElement\":[{\"@type\":\"ListItem\",\"position\":1,\"name\":\"Accueil\",\"item\":\"https:\/\/www.dinardemeraudetourisme.com\/de\/\"},{\"@type\":\"ListItem\",\"position\":2,\"name\":\"Fotogalerie\"}]},{\"@type\":\"WebSite\",\"@id\":\"https:\/\/www.dinardemeraudetourisme.com\/de\/#website\",\"url\":\"https:\/\/www.dinardemeraudetourisme.com\/de\/\",\"name\":\"Dinard \u00c9meraude Tourisme\",\"description\":\"\",\"potentialAction\":[{\"@type\":\"SearchAction\",\"target\":{\"@type\":\"EntryPoint\",\"urlTemplate\":\"https:\/\/www.dinardemeraudetourisme.com\/de\/?s={search_term_string}\"},\"query-input\":{\"@type\":\"PropertyValueSpecification\",\"valueRequired\":true,\"valueName\":\"search_term_string\"}}],\"inLanguage\":\"de-DE\"}]}<\/script>\n<!-- \/ Yoast SEO plugin. -->","yoast_head_json":{"title":"Fotogalerie - Dinard \u00c9meraude Tourisme","robots":{"index":"index","follow":"follow","max-snippet":"max-snippet:-1","max-image-preview":"max-image-preview:large","max-video-preview":"max-video-preview:-1"},"canonical":"https:\/\/www.dinardemeraudetourisme.com\/de\/fotogalerie\/","og_locale":"de_DE","og_type":"article","og_title":"Fotogalerie - Dinard \u00c9meraude Tourisme","og_description":"F\u00fcr Reisen im Voraus oder f\u00fcr Ihre Werbematerialien und Berichte \u00fcber Dinard C\u00f4te d&#8217;\u00c9meraude laden wir Sie ein, in unserer Fotobibliothek zu st\u00f6bern! Dinard C\u00f4te d\u2019\u00c9meraude Tourisme bietet Ihnen Zugang zu einer Auswahl lizenzfreier Fotos. Um Ihre Advertorials oder Werbematerialien zu illustrieren, wenden Sie sich bitte an mpaturel@dinardemeraudetourisme.&nbsp;","og_url":"https:\/\/www.dinardemeraudetourisme.com\/de\/fotogalerie\/","og_site_name":"Dinard \u00c9meraude Tourisme","article_modified_time":"2025-01-23T13:08:24+00:00","og_image":[{"url":"https:\/\/www.dinardemeraudetourisme.com\/app\/uploads\/2024\/04\/dinard-coucher-soleil-1024x683.webp","type":"","width":"","height":""}],"twitter_card":"summary_large_image","twitter_misc":{"Gesch\u00e4tzte Lesezeit":"4 minutes"},"schema":{"@context":"https:\/\/schema.org","@graph":[{"@type":"WebPage","@id":"https:\/\/www.dinardemeraudetourisme.com\/de\/fotogalerie\/","url":"https:\/\/www.dinardemeraudetourisme.com\/de\/fotogalerie\/","name":"Fotogalerie - Dinard \u00c9meraude Tourisme","isPartOf":{"@id":"https:\/\/www.dinardemeraudetourisme.com\/de\/#website"},"primaryImageOfPage":{"@id":"https:\/\/www.dinardemeraudetourisme.com\/de\/fotogalerie\/#primaryimage"},"image":{"@id":"https:\/\/www.dinardemeraudetourisme.com\/de\/fotogalerie\/#primaryimage"},"thumbnailUrl":"https:\/\/www.dinardemeraudetourisme.com\/app\/uploads\/2024\/04\/dinard-coucher-soleil-1024x683.webp","datePublished":"2024-04-26T10:55:36+00:00","dateModified":"2025-01-23T13:08:24+00:00","breadcrumb":{"@id":"https:\/\/www.dinardemeraudetourisme.com\/de\/fotogalerie\/#breadcrumb"},"inLanguage":"de-DE","potentialAction":[{"@type":"ReadAction","target":["https:\/\/www.dinardemeraudetourisme.com\/de\/fotogalerie\/"]}]},{"@type":"ImageObject","inLanguage":"de-DE","@id":"https:\/\/www.dinardemeraudetourisme.com\/de\/fotogalerie\/#primaryimage","url":"https:\/\/www.dinardemeraudetourisme.com\/app\/uploads\/2024\/04\/dinard-coucher-soleil-1024x683.webp","contentUrl":"https:\/\/www.dinardemeraudetourisme.com\/app\/uploads\/2024\/04\/dinard-coucher-soleil-1024x683.webp"},{"@type":"BreadcrumbList","@id":"https:\/\/www.dinardemeraudetourisme.com\/de\/fotogalerie\/#breadcrumb","itemListElement":[{"@type":"ListItem","position":1,"name":"Accueil","item":"https:\/\/www.dinardemeraudetourisme.com\/de\/"},{"@type":"ListItem","position":2,"name":"Fotogalerie"}]},{"@type":"WebSite","@id":"https:\/\/www.dinardemeraudetourisme.com\/de\/#website","url":"https:\/\/www.dinardemeraudetourisme.com\/de\/","name":"Dinard \u00c9meraude Tourisme","description":"","potentialAction":[{"@type":"SearchAction","target":{"@type":"EntryPoint","urlTemplate":"https:\/\/www.dinardemeraudetourisme.com\/de\/?s={search_term_string}"},"query-input":{"@type":"PropertyValueSpecification","valueRequired":true,"valueName":"search_term_string"}}],"inLanguage":"de-DE"}]}},"_links":{"self":[{"href":"https:\/\/www.dinardemeraudetourisme.com\/de\/wp-json\/wp\/v2\/pages\/12439","targetHints":{"allow":["GET"]}}],"collection":[{"href":"https:\/\/www.dinardemeraudetourisme.com\/de\/wp-json\/wp\/v2\/pages"}],"about":[{"href":"https:\/\/www.dinardemeraudetourisme.com\/de\/wp-json\/wp\/v2\/types\/page"}],"author":[{"embeddable":true,"href":"https:\/\/www.dinardemeraudetourisme.com\/de\/wp-json\/wp\/v2\/users\/1"}],"replies":[{"embeddable":true,"href":"https:\/\/www.dinardemeraudetourisme.com\/de\/wp-json\/wp\/v2\/comments?post=12439"}],"version-history":[{"count":2,"href":"https:\/\/www.dinardemeraudetourisme.com\/de\/wp-json\/wp\/v2\/pages\/12439\/revisions"}],"predecessor-version":[{"id":12980,"href":"https:\/\/www.dinardemeraudetourisme.com\/de\/wp-json\/wp\/v2\/pages\/12439\/revisions\/12980"}],"wp:attachment":[{"href":"https:\/\/www.dinardemeraudetourisme.com\/de\/wp-json\/wp\/v2\/media?parent=12439"}],"curies":[{"name":"wp","href":"https:\/\/api.w.org\/{rel}","templated":true}]}}