{"id":12427,"date":"2024-04-10T15:14:13","date_gmt":"2024-04-10T13:14:13","guid":{"rendered":"https:\/\/www.dinardemeraudetourisme.com?page_id=12427"},"modified":"2025-06-13T17:42:22","modified_gmt":"2025-06-13T15:42:22","slug":"parken-an-der-cote-demeraude","status":"publish","type":"page","link":"https:\/\/www.dinardemeraudetourisme.com\/de\/aufenthalt-an-der-cote-demeraude\/praktische-informationen\/parken-an-der-cote-demeraude\/","title":{"rendered":"Parken an der C\u00f4te d&#8217;\u00c9meraude"},"content":{"rendered":"\n<p>Wie parkt man an der Smaragdk\u00fcste?<\/p>\n\n\n\n<p>Sparen Sie Zeit an der Smaragdk\u00fcste bei der Parkplatzsuche! Alle unsere Tipps zum Parken in den Innenst\u00e4dten unserer Region finden Sie auf dieser Seite!<\/p>\n\n\n\n<p>Sind Sie in einem Wohnmobil? Wir sehen uns auf&nbsp;&nbsp;<strong><a href=\"https:\/\/www.dinardemeraudetourisme.com\/de\/aufenthalt-an-der-cote-demeraude\/wo-uebernachten\/wohnmobilstellplaetze-an-der-cote-demeraude\/\" target=\"_blank\" rel=\"noreferrer noopener\">dieser Seite<\/a><\/strong>&nbsp;&nbsp;!<\/p>\n\n\n\n<h2 class=\"wp-block-heading\"><br>\u00c0 Dinard<\/h2>\n\n\n\n<div class=\"wp-block-columns is-layout-flex wp-container-core-columns-is-layout-28f84493 wp-block-columns-is-layout-flex\">\n<div class=\"wp-block-column is-layout-flow wp-block-column-is-layout-flow\" style=\"flex-basis:33.33%\">\n<figure class=\"wp-block-image size-large\"><img loading=\"lazy\" decoding=\"async\" width=\"728\" height=\"1024\" src=\"https:\/\/www.dinardemeraudetourisme.com\/app\/uploads\/2024\/04\/2022_stationnement-728x1024.jpg\" alt=\"Guide du stationnement \u00e0 Dinard 2022.\" class=\"wp-image-814\" srcset=\"https:\/\/www.dinardemeraudetourisme.com\/app\/uploads\/2024\/04\/2022_stationnement-728x1024.jpg 728w, https:\/\/www.dinardemeraudetourisme.com\/app\/uploads\/2024\/04\/2022_stationnement-213x300.jpg 213w, https:\/\/www.dinardemeraudetourisme.com\/app\/uploads\/2024\/04\/2022_stationnement-768x1081.jpg 768w, https:\/\/www.dinardemeraudetourisme.com\/app\/uploads\/2024\/04\/2022_stationnement-1092x1536.jpg 1092w, https:\/\/www.dinardemeraudetourisme.com\/app\/uploads\/2024\/04\/2022_stationnement-1455x2048.jpg 1455w, https:\/\/www.dinardemeraudetourisme.com\/app\/uploads\/2024\/04\/2022_stationnement-14x20.jpg 14w, https:\/\/www.dinardemeraudetourisme.com\/app\/uploads\/2024\/04\/2022_stationnement-36x50.jpg 36w, https:\/\/www.dinardemeraudetourisme.com\/app\/uploads\/2024\/04\/2022_stationnement-21x30.jpg 21w, https:\/\/www.dinardemeraudetourisme.com\/app\/uploads\/2024\/04\/2022_stationnement-43x60.jpg 43w, https:\/\/www.dinardemeraudetourisme.com\/app\/uploads\/2024\/04\/2022_stationnement-57x80.jpg 57w, https:\/\/www.dinardemeraudetourisme.com\/app\/uploads\/2024\/04\/2022_stationnement-99x140.jpg 99w, https:\/\/www.dinardemeraudetourisme.com\/app\/uploads\/2024\/04\/2022_stationnement-114x160.jpg 114w, https:\/\/www.dinardemeraudetourisme.com\/app\/uploads\/2024\/04\/2022_stationnement-227x320.jpg 227w, https:\/\/www.dinardemeraudetourisme.com\/app\/uploads\/2024\/04\/2022_stationnement-28x40.jpg 28w, https:\/\/www.dinardemeraudetourisme.com\/app\/uploads\/2024\/04\/2022_stationnement-569x800.jpg 569w, https:\/\/www.dinardemeraudetourisme.com\/app\/uploads\/2024\/04\/2022_stationnement-853x1200.jpg 853w, https:\/\/www.dinardemeraudetourisme.com\/app\/uploads\/2024\/04\/2022_stationnement.jpg 1626w\" sizes=\"auto, (max-width: 728px) 100vw, 728px\" \/><\/figure>\n<\/div>\n\n\n\n<div class=\"wp-block-column is-layout-flow wp-block-column-is-layout-flow\" style=\"flex-basis:66.66%\">\n<h3 class=\"wp-block-heading\">HOCHSAISON<\/h3>\n\n\n\n<p><em>Vom 1. April bis 30. September 2024<\/em><\/p>\n\n\n\n<p><br><strong>&gt; Stundens\u00e4tze:<\/strong><\/p>\n\n\n\n<p><strong>\u00dcberdachtes Parken<\/strong>&nbsp;&nbsp;(9.00 bis 12.00 Uhr und 14.00 bis 19.00 Uhr, einschlie\u00dflich Sonn- und Feiertagen, au\u00dfer Juli-August von 9.00 bis 19.00 Uhr): 1,80 \u20ac pro Stunde \/ 1 Stunde tags\u00fcber kostenlos \/ begrenzt auf 3 Stunden 30 ( ab 3:45 Uhr (nach Parkgeb\u00fchr 35 \u20ac)<br><strong>Tiefgarage<\/strong>&nbsp;&nbsp;(Mar\u00e9chal Leclerc, Halles, Newquay*): Ganzt\u00e4gig (von 9:00 bis 1,80 \u20ac pro Stunde mit 1 Stunde gratis \/ Nachts (von 19 Uhr bis 9 Uhr) 0,80 \u20ac pro Stunde mit 1 Stunde gratis<br><strong>Parken auf dem Parkplatz Rapha\u00ebl Veil im Juli und August&nbsp;<\/strong>&nbsp;: Tag: 1,80 \u20ac pro Stunde mit 1 Stunde kostenlos \/ Nacht: 0,80 \u20ac pro Stunde, davon 1 Stunde kostenlos \/&nbsp;&nbsp;<strong>Das Parken bleibt von September bis Juni kostenlos.<\/strong><\/p>\n\n\n\n<p><br><strong>&gt; Parkpakete:<\/strong><\/p>\n\n\n\n<p><strong>Alle Parkpl\u00e4tze<\/strong>&nbsp;&nbsp;: Mar\u00e9chal Leclerc, Halles, Newquay*, Rapha\u00ebl Veil (Juli und August): 3 Tage: 40 \u20ac \/ 1 Woche: 70 \u20ac<br><strong>Zugang zu 3 Parkpl\u00e4tzen<\/strong>&nbsp;&nbsp;: Halles, Newquay*, Rapha\u00ebl Veil (Juli und August): 3 Tage: 30 \u20ac \/ 1 Woche: 50 \u20ac<\/p>\n<\/div>\n<\/div>\n\n\n\n<h3 class=\"wp-block-heading\">Sommer-Shuttle<\/h3>\n\n\n\n<p>Der kostenlose Sommer-Shuttle verkehrt vom 10. Juli bis einschlie\u00dflich 24. August 2025. T\u00e4glich von 10:00 bis 23:00 Uhr erreichen Sie die Innenstadt von Dinard in 15 Minuten von den Park-and-Ride-Parkpl\u00e4tzen aus.<\/p>\n\n\n\n<p>Park-and-Ride-Parkpl\u00e4tze: Parkplatz Hermitage und Parkplatz Ville-Billy in La Richardais<\/p>\n\n\n\n<p>Bediente Haltestellen in Dinard: Kirche Notre-Dame und Tourismusb\u00fcro<\/p>\n\n\n\n<p>Abfahrt alle 30 Minuten. Letzte Abfahrt um 23:15 Uhr an der Haltestelle Tourismusb\u00fcro<\/p>\n\n\n\n<p>Der Shuttle ist kostenlos und f\u00fcr alle zug\u00e4nglich. Auch f\u00fcr Personen mit eingeschr\u00e4nkter Mobilit\u00e4t geeignet. Fahrr\u00e4der sind nicht erlaubt.<\/p>\n\n\n\n<h3 class=\"wp-block-heading\"><br>NEBENSAISON<\/h3>\n\n\n\n<p><em>Vom 1. Oktober bis 31. M\u00e4rz.<\/em><\/p>\n\n\n\n<p><br><strong>&gt; Stundens\u00e4tze:<\/strong><\/p>\n\n\n\n<p><strong>\u00dcberkopfparken<\/strong>&nbsp;&nbsp;(von 9.00 bis 12.00 Uhr und von 14.00 bis 19.00 Uhr, an Sonn- und Feiertagen kostenlos): 0,60 \u20ac pro Stunde, davon 1 Stunde kostenlos \/ begrenzt auf 3.30 Uhr (ab 3.45 Uhr geb\u00fchrenpflichtiges Parken 35 \u20ac). )<br><strong>Tiefgarage<\/strong>&nbsp;&nbsp;(Mar\u00e9chal Leclerc, Halles, Newquay*): Tag: 0,60 \u20ac pro Stunde, eine Stunde gratis \/ Nacht : frei<\/p>\n\n\n\n<p><br><strong>&gt; J\u00e4hrliche Parkpakete (Karten m\u00fcssen beim Parking Rights Service abgeholt werden)<\/strong><\/p>\n\n\n\n<p>&gt; Informationen: 02 99 16 43 98<\/p>\n\n\n\n<p><strong>Alle Parkpl\u00e4tze<\/strong>&nbsp;&nbsp;: Mar\u00e9chal Leclerc, Halles, Newquay*, Rapha\u00ebl Veil (Juli und August): 480 \u20ac f\u00fcr Anwohner \/ 240 \u20ac f\u00fcr Gewerbetreibende.<br><strong>Zugang zu 3 Parkpl\u00e4tzen<\/strong>&nbsp;&nbsp;: Halles, Newquay*, Rapha\u00ebl Veil (Juli und August): 240 \u20ac f\u00fcr Einwohner \/ 120 \u20ac f\u00fcr Gewerbetreibende<\/p>\n\n\n\n<p><em>*Parkplatz Newquay: Lieferung Ende 2024, Anfang 2025<\/em><\/p>\n\n\n\n<h3 class=\"wp-block-heading\"><br>Fahrradabstellplatz \u2013 Parkplatz Rapha\u00ebl Veil<\/h3>\n\n\n\n<p>NEU: Auf dem Parkplatz Raphael Veil wurden 6 geschlossene und miteinander verbundene Fahrradboxen installiert.<\/p>\n\n\n\n<p>Vorschriften in BC. Tagessatz 1\u20ac, 5\u20ac pro Woche.<\/p>\n\n\n\n<h2 class=\"wp-block-heading\"><br>In Saint-Briac-sur-Mer<\/h2>\n\n\n\n<p><strong>Parkplan f\u00fcr den Verkehr, nur in der Sommersaison.&nbsp;<\/strong><\/p>\n\n\n\n<p><strong>Innenstadtbereich:<\/strong>&nbsp;&nbsp;Von Samstag, 6. Juli 2024, bis Sonntag, 1. September 2024, ist es t\u00e4glich von 9.00 bis 13.00 Uhr und von 15.00 bis 19.00 Uhr verboten, ein Fahrzeug l\u00e4nger als eine Stunde abzustellen auf folgenden Fahrspuren und Parkpl\u00e4tzen:<\/p>\n\n\n\n<p>\u2013 Parken vor den alten Markthallen<br>\u2013 Parken am Marktplatz (Rathausplatz)<br>\u2013 Parken vor dem Minimarkt \u201eCarrefour Express\u201c (rue du Chemin)<br>\u2013 Rue du Commandant Thoreux (von Nr. 4 bis Nr . 6)<br>\u2013 Rue de la Rathaus<br>\u2013 Rue Emile Bernard<\/p>\n\n\n\n<p><strong>Sektor B\u00e9chet:<\/strong>&nbsp;&nbsp;Von 9 bis 19 Uhr ist das Parken eines Fahrzeugs f\u00fcr mehr als zweieinhalb Stunden auf folgenden Stra\u00dfen und Parkpl\u00e4tzen verboten:<\/p>\n\n\n\n<ul class=\"wp-block-list\">\n<li>Parken gegen\u00fcber dem Hafenb\u00fcro<br>\u2013 Boulevard du B\u00e9chet<br>\u2013 Parken in der Rue de la Salinette (vom Ende des Boulevard du B\u00e9chet bis zum Beginn der Place Louis Delage).<\/li>\n<\/ul>\n\n\n\n<p>F\u00fcr weitere Informationen wenden Sie sich bitte an das&nbsp;&nbsp;<a href=\"https:\/\/www.saintbriac.fr\/\" target=\"_blank\" rel=\"noreferrer noopener\"><strong>Rathaus von Saint-Briac-sur-Mer<\/strong><\/a><\/p>\n\n\n\n<h4 class=\"wp-block-heading\"><br>Parkinformationen f\u00fcr Wanderer<\/h4>\n\n\n\n<p>Die Parkpl\u00e4tze in der N\u00e4he der Str\u00e4nde B\u00e9chet, Petite Salinette und Port Hue verf\u00fcgen \u00fcber begrenzte Parkkapazit\u00e4ten und sind daher sehr schnell ausgebucht. Daher werden Wanderer gebeten, auf den Parkpl\u00e4tzen Pont de Lancieux und Balcon d\u2019\u00c9meraude zu parken.<br><br><\/p>\n\n\n\n<figure class=\"wp-block-image aligncenter size-large\"><img loading=\"lazy\" decoding=\"async\" width=\"1024\" height=\"768\" src=\"https:\/\/www.dinardemeraudetourisme.com\/app\/uploads\/2024\/03\/saint-briac-sur-mer-balcon-demeraude-c-wem-production-1024x768.jpg\" alt=\"Vue a\u00e9rienne du Balcon d'Emeraude \u00e0 Saint-Briac-sur-Mer en Bretagne. Les voiliers sont au mouillage au port de plaisance, situ\u00e9 entre des villas baln\u00e9aires et le Chateau du Nessay. En arri\u00e8re plan, la Manche s'\u00e9tend \u00e0 l'horizon. Une plage concave borde le port de plaisance.\" class=\"wp-image-403\" srcset=\"https:\/\/www.dinardemeraudetourisme.com\/app\/uploads\/2024\/03\/saint-briac-sur-mer-balcon-demeraude-c-wem-production-1024x768.jpg 1024w, https:\/\/www.dinardemeraudetourisme.com\/app\/uploads\/2024\/03\/saint-briac-sur-mer-balcon-demeraude-c-wem-production-300x225.jpg 300w, https:\/\/www.dinardemeraudetourisme.com\/app\/uploads\/2024\/03\/saint-briac-sur-mer-balcon-demeraude-c-wem-production-768x576.jpg 768w, https:\/\/www.dinardemeraudetourisme.com\/app\/uploads\/2024\/03\/saint-briac-sur-mer-balcon-demeraude-c-wem-production-20x15.jpg 20w, https:\/\/www.dinardemeraudetourisme.com\/app\/uploads\/2024\/03\/saint-briac-sur-mer-balcon-demeraude-c-wem-production-50x38.jpg 50w, https:\/\/www.dinardemeraudetourisme.com\/app\/uploads\/2024\/03\/saint-briac-sur-mer-balcon-demeraude-c-wem-production-40x30.jpg 40w, https:\/\/www.dinardemeraudetourisme.com\/app\/uploads\/2024\/03\/saint-briac-sur-mer-balcon-demeraude-c-wem-production-60x45.jpg 60w, https:\/\/www.dinardemeraudetourisme.com\/app\/uploads\/2024\/03\/saint-briac-sur-mer-balcon-demeraude-c-wem-production-80x60.jpg 80w, https:\/\/www.dinardemeraudetourisme.com\/app\/uploads\/2024\/03\/saint-briac-sur-mer-balcon-demeraude-c-wem-production-110x83.jpg 110w, https:\/\/www.dinardemeraudetourisme.com\/app\/uploads\/2024\/03\/saint-briac-sur-mer-balcon-demeraude-c-wem-production-160x120.jpg 160w, https:\/\/www.dinardemeraudetourisme.com\/app\/uploads\/2024\/03\/saint-briac-sur-mer-balcon-demeraude-c-wem-production-250x188.jpg 250w, https:\/\/www.dinardemeraudetourisme.com\/app\/uploads\/2024\/03\/saint-briac-sur-mer-balcon-demeraude-c-wem-production-53x40.jpg 53w, https:\/\/www.dinardemeraudetourisme.com\/app\/uploads\/2024\/03\/saint-briac-sur-mer-balcon-demeraude-c-wem-production-1067x800.jpg 1067w, https:\/\/www.dinardemeraudetourisme.com\/app\/uploads\/2024\/03\/saint-briac-sur-mer-balcon-demeraude-c-wem-production.jpg 1440w\" sizes=\"auto, (max-width: 1024px) 100vw, 1024px\" \/><\/figure>\n\n\n\n<h2 class=\"wp-block-heading\"><br>Gemeinschaft der Gemeinden der Smaragdk\u00fcste<\/h2>\n\n\n\n<p>F\u00fcr andere Gemeinden der Gemeindegemeinschaft C\u00f4te d&#8217;\u00c9meraude ist das Parken kostenlos. Einige&nbsp;&nbsp;<strong>blaue Zonen<\/strong>&nbsp;&nbsp;begrenzen die Parkzeiten zu bestimmten Jahreszeiten. Eine europ\u00e4ische Parkscheibe erhalten Sie im Zeitschriftenhandel oder im Supermarkt in der Rubrik \u201eAutoartikel\u201c. Es ist auch im Rathaus von Saint-Briac-sur-Mer zum Preis von 1 \u20ac erh\u00e4ltlich. (Achtung: Fehlen des Datentr\u00e4gers oder \u00dcberschreitung der begrenzten Zeit = Strafe von 35 \u20ac.)<\/p>\n\n\n\n<h2 class=\"wp-block-heading\"><br>Parken in einem Bus<\/h2>\n\n\n\n<h4 class=\"wp-block-heading\">In Dinard<\/h4>\n\n\n\n<ul class=\"wp-block-list\">\n<li>Rue de l\u2019Isle Cel\u00e9e (3 Standorte)<\/li>\n\n\n\n<li>Rue Gouyon Matignon vor dem College \u201eLe Bocage\u201c au\u00dferhalb der Schulzeit.<\/li>\n<\/ul>\n\n\n\n<h4 class=\"wp-block-heading\"><br>In Saint-Briac-sur-Mer<\/h4>\n\n\n\n<p>Das Parken eines Reisebusses auf dem Parkplatz Pont du Fr\u00e9mur (Wohnmobilparkplatz) ist m\u00f6glich, sofern Sie dies der Stadtpolizei im Voraus mitteilen.<\/p>\n\n\n\n<h4 class=\"wp-block-heading\"><br>In Saint-Lunaire<\/h4>\n\n\n\n<p>Ein Platz auf dem D\u00e9coll\u00e9-Parkplatz.<\/p>\n\n\n\n<h4 class=\"wp-block-heading\"><br>In Lancieux<\/h4>\n\n\n\n<p>Parken auf dem Parkplatz der Kirche m\u00f6glich.<\/p>\n\n\n\n<h2 class=\"wp-block-heading\">Parken mit dem Fahrrad<\/h2>\n\n\n\n<p><strong>Dinard<\/strong><\/p>\n\n\n\n<p>6 sichere Fahrradboxen \u2013 Parkplatz Rapha\u00ebl Veil.<\/p>\n\n\n\n<p class=\"has-bleu-gris-color has-text-color has-link-color wp-elements-0a7e4d5ba4816abf7ef70651439aa19a\"><strong>INFO JUNI 2025: Derzeit au\u00dfer Betrieb.<\/strong><\/p>\n\n\n\n<p>Zug\u00e4nglichkeit 24 Stunden am Tag, 7 Tage die Woche \u2013 M\u00f6glichkeit, Ihre Ausr\u00fcstung auf den Fahrr\u00e4dern zu belassen, unterst\u00fctzte Lagerung des Fahrrads dank der F\u00fchrungsschiene und des Unterlegkeils mit Stopp usw.)<\/p>\n\n\n\n<p>Preise: 1 \u20ac pro Tag und 5 \u20ac pro Woche.<\/p>\n\n\n\n<p>Die Nutzung des Fahrradschlie\u00dffachs k\u00f6nnte nicht einfacher sein:<\/p>\n\n\n\n<ol class=\"wp-block-list\">\n<li>Gehen Sie auf die&nbsp;&nbsp;<a href=\"https:\/\/portail.larucheavelos.fr\/dinard\">Seite zum Abstellen von Fahrr\u00e4dern in Dinard<\/a>&nbsp;, erstellen Sie ein Konto und w\u00e4hlen Sie Ihr Schlie\u00dffach aus, um in Echtzeit die Anzahl der verf\u00fcgbaren Pl\u00e4tze zu erfahren<\/li>\n\n\n\n<li>W\u00e4hlen Sie das Ticket, das Ihren Bed\u00fcrfnissen entspricht<\/li>\n\n\n\n<li>Entriegeln Sie die T\u00fcr des Schlie\u00dffachs mithilfe der Bluetooth-Funktion Ihres Telefons am Terminal links neben der T\u00fcr des Fahrradschuppens (Sie k\u00f6nnen die Box auch mit Ihrer Korrigo-Transportkarte entriegeln, sofern diese mit Ihrem Konto verbunden ist).<\/li>\n\n\n\n<li>Parken Sie Ihr Fahrrad, ohne zu vergessen, es mit einem Vorh\u00e4ngeschloss oder einer Diebstahlsicherung am \u00dcberrollb\u00fcgel zu befestigen<\/li>\n<\/ol>\n\n\n\n<p>Mehr als 600 sichere und kostenlose Stellpl\u00e4tze auf Fahrradst\u00e4ndern gibt es in der Stadt!<\/p>\n\n\n\n<p>Zwei multimodale Bereiche auf unserem Gebiet, in denen Sie Ihr Fahrrad sicher abstellen k\u00f6nnen.<\/p>\n\n\n\n<p><strong>La Richardais \u2013 L&#8217;Hermitage:&nbsp;<\/strong>&nbsp;10 kostenlose Fahrradboxen (verschlie\u00dfbar mit Ihrem Vorh\u00e4ngeschloss oder U-f\u00f6rmigen Schloss) und 4 B\u00f6gen.<\/p>\n\n\n\n<p><strong>La Richardais \u2013 La Ville Billy:&nbsp;<\/strong>&nbsp;Mehrere kostenlose Fahrradboxen.<\/p>\n\n\n\n<p><strong>Tr\u00e9m\u00e9reuc:&nbsp;<\/strong>&nbsp;4 kostenlose Fahrradboxen (verschlossen mit Ihrem Vorh\u00e4ngeschloss oder U-f\u00f6rmigen Schloss)<\/p>\n","protected":false},"excerpt":{"rendered":"<p>Wie parkt man an der Smaragdk\u00fcste? Sparen Sie Zeit an der Smaragdk\u00fcste bei der Parkplatzsuche! Alle unsere Tipps zum Parken in den Innenst\u00e4dten unserer Region finden Sie auf dieser Seite! Sind Sie in einem Wohnmobil? Wir sehen uns auf&nbsp;&nbsp;dieser Seite&nbsp;&nbsp;! \u00c0 Dinard HOCHSAISON Vom 1. April bis 30. September 2024 &gt; Stundens\u00e4tze: \u00dcberdachtes Parken&nbsp;&nbsp;(9.00 bis [&hellip;]<\/p>\n","protected":false},"author":1,"featured_media":982,"parent":12401,"menu_order":0,"comment_status":"closed","ping_status":"closed","template":"template-header-large.php","meta":{"_acf_changed":false,"footnotes":""},"class_list":["post-12427","page","type-page","status-publish","has-post-thumbnail","hentry"],"acf":[],"yoast_head":"<!-- This site is optimized with the Yoast SEO plugin v27.1.1 - https:\/\/yoast.com\/product\/yoast-seo-wordpress\/ -->\n<title>Parken an der C\u00f4te d&#039;\u00c9meraude - Dinard \u00c9meraude Tourisme<\/title>\n<meta name=\"robots\" content=\"index, follow, max-snippet:-1, max-image-preview:large, max-video-preview:-1\" \/>\n<link rel=\"canonical\" href=\"https:\/\/www.dinardemeraudetourisme.com\/de\/aufenthalt-an-der-cote-demeraude\/praktische-informationen\/parken-an-der-cote-demeraude\/\" \/>\n<meta property=\"og:locale\" content=\"de_DE\" \/>\n<meta property=\"og:type\" content=\"article\" \/>\n<meta property=\"og:title\" content=\"Parken an der C\u00f4te d&#039;\u00c9meraude - Dinard \u00c9meraude Tourisme\" \/>\n<meta property=\"og:description\" content=\"Wie parkt man an der Smaragdk\u00fcste? Sparen Sie Zeit an der Smaragdk\u00fcste bei der Parkplatzsuche! Alle unsere Tipps zum Parken in den Innenst\u00e4dten unserer Region finden Sie auf dieser Seite! Sind Sie in einem Wohnmobil? Wir sehen uns auf&nbsp;&nbsp;dieser Seite&nbsp;&nbsp;! \u00c0 Dinard HOCHSAISON Vom 1. April bis 30. September 2024 &gt; Stundens\u00e4tze: \u00dcberdachtes Parken&nbsp;&nbsp;(9.00 bis [&hellip;]\" \/>\n<meta property=\"og:url\" content=\"https:\/\/www.dinardemeraudetourisme.com\/de\/aufenthalt-an-der-cote-demeraude\/praktische-informationen\/parken-an-der-cote-demeraude\/\" \/>\n<meta property=\"og:site_name\" content=\"Dinard \u00c9meraude Tourisme\" \/>\n<meta property=\"article:modified_time\" content=\"2025-06-13T15:42:22+00:00\" \/>\n<meta property=\"og:image\" content=\"https:\/\/www.dinardemeraudetourisme.com\/app\/uploads\/2024\/04\/stationner.webp\" \/>\n\t<meta property=\"og:image:width\" content=\"1350\" \/>\n\t<meta property=\"og:image:height\" content=\"900\" \/>\n\t<meta property=\"og:image:type\" content=\"image\/webp\" \/>\n<meta name=\"twitter:card\" content=\"summary_large_image\" \/>\n<meta name=\"twitter:label1\" content=\"Gesch\u00e4tzte Lesezeit\" \/>\n\t<meta name=\"twitter:data1\" content=\"6 minutes\" \/>\n<script type=\"application\/ld+json\" class=\"yoast-schema-graph\">{\"@context\":\"https:\/\/schema.org\",\"@graph\":[{\"@type\":\"WebPage\",\"@id\":\"https:\/\/www.dinardemeraudetourisme.com\/de\/aufenthalt-an-der-cote-demeraude\/praktische-informationen\/parken-an-der-cote-demeraude\/\",\"url\":\"https:\/\/www.dinardemeraudetourisme.com\/de\/aufenthalt-an-der-cote-demeraude\/praktische-informationen\/parken-an-der-cote-demeraude\/\",\"name\":\"Parken an der C\u00f4te d'\u00c9meraude - Dinard \u00c9meraude Tourisme\",\"isPartOf\":{\"@id\":\"https:\/\/www.dinardemeraudetourisme.com\/de\/#website\"},\"primaryImageOfPage\":{\"@id\":\"https:\/\/www.dinardemeraudetourisme.com\/de\/aufenthalt-an-der-cote-demeraude\/praktische-informationen\/parken-an-der-cote-demeraude\/#primaryimage\"},\"image\":{\"@id\":\"https:\/\/www.dinardemeraudetourisme.com\/de\/aufenthalt-an-der-cote-demeraude\/praktische-informationen\/parken-an-der-cote-demeraude\/#primaryimage\"},\"thumbnailUrl\":\"https:\/\/www.dinardemeraudetourisme.com\/app\/uploads\/2024\/04\/stationner.webp\",\"datePublished\":\"2024-04-10T13:14:13+00:00\",\"dateModified\":\"2025-06-13T15:42:22+00:00\",\"breadcrumb\":{\"@id\":\"https:\/\/www.dinardemeraudetourisme.com\/de\/aufenthalt-an-der-cote-demeraude\/praktische-informationen\/parken-an-der-cote-demeraude\/#breadcrumb\"},\"inLanguage\":\"de-DE\",\"potentialAction\":[{\"@type\":\"ReadAction\",\"target\":[\"https:\/\/www.dinardemeraudetourisme.com\/de\/aufenthalt-an-der-cote-demeraude\/praktische-informationen\/parken-an-der-cote-demeraude\/\"]}]},{\"@type\":\"ImageObject\",\"inLanguage\":\"de-DE\",\"@id\":\"https:\/\/www.dinardemeraudetourisme.com\/de\/aufenthalt-an-der-cote-demeraude\/praktische-informationen\/parken-an-der-cote-demeraude\/#primaryimage\",\"url\":\"https:\/\/www.dinardemeraudetourisme.com\/app\/uploads\/2024\/04\/stationner.webp\",\"contentUrl\":\"https:\/\/www.dinardemeraudetourisme.com\/app\/uploads\/2024\/04\/stationner.webp\",\"width\":1350,\"height\":900},{\"@type\":\"WebSite\",\"@id\":\"https:\/\/www.dinardemeraudetourisme.com\/de\/#website\",\"url\":\"https:\/\/www.dinardemeraudetourisme.com\/de\/\",\"name\":\"Dinard \u00c9meraude Tourisme\",\"description\":\"\",\"potentialAction\":[{\"@type\":\"SearchAction\",\"target\":{\"@type\":\"EntryPoint\",\"urlTemplate\":\"https:\/\/www.dinardemeraudetourisme.com\/de\/?s={search_term_string}\"},\"query-input\":{\"@type\":\"PropertyValueSpecification\",\"valueRequired\":true,\"valueName\":\"search_term_string\"}}],\"inLanguage\":\"de-DE\"}]}<\/script>\n<!-- \/ Yoast SEO plugin. -->","yoast_head_json":{"title":"Parken an der C\u00f4te d'\u00c9meraude - Dinard \u00c9meraude Tourisme","robots":{"index":"index","follow":"follow","max-snippet":"max-snippet:-1","max-image-preview":"max-image-preview:large","max-video-preview":"max-video-preview:-1"},"canonical":"https:\/\/www.dinardemeraudetourisme.com\/de\/aufenthalt-an-der-cote-demeraude\/praktische-informationen\/parken-an-der-cote-demeraude\/","og_locale":"de_DE","og_type":"article","og_title":"Parken an der C\u00f4te d'\u00c9meraude - Dinard \u00c9meraude Tourisme","og_description":"Wie parkt man an der Smaragdk\u00fcste? Sparen Sie Zeit an der Smaragdk\u00fcste bei der Parkplatzsuche! Alle unsere Tipps zum Parken in den Innenst\u00e4dten unserer Region finden Sie auf dieser Seite! Sind Sie in einem Wohnmobil? Wir sehen uns auf&nbsp;&nbsp;dieser Seite&nbsp;&nbsp;! \u00c0 Dinard HOCHSAISON Vom 1. April bis 30. September 2024 &gt; Stundens\u00e4tze: \u00dcberdachtes Parken&nbsp;&nbsp;(9.00 bis [&hellip;]","og_url":"https:\/\/www.dinardemeraudetourisme.com\/de\/aufenthalt-an-der-cote-demeraude\/praktische-informationen\/parken-an-der-cote-demeraude\/","og_site_name":"Dinard \u00c9meraude Tourisme","article_modified_time":"2025-06-13T15:42:22+00:00","og_image":[{"width":1350,"height":900,"url":"https:\/\/www.dinardemeraudetourisme.com\/app\/uploads\/2024\/04\/stationner.webp","type":"image\/webp"}],"twitter_card":"summary_large_image","twitter_misc":{"Gesch\u00e4tzte Lesezeit":"6 minutes"},"schema":{"@context":"https:\/\/schema.org","@graph":[{"@type":"WebPage","@id":"https:\/\/www.dinardemeraudetourisme.com\/de\/aufenthalt-an-der-cote-demeraude\/praktische-informationen\/parken-an-der-cote-demeraude\/","url":"https:\/\/www.dinardemeraudetourisme.com\/de\/aufenthalt-an-der-cote-demeraude\/praktische-informationen\/parken-an-der-cote-demeraude\/","name":"Parken an der C\u00f4te d'\u00c9meraude - Dinard \u00c9meraude Tourisme","isPartOf":{"@id":"https:\/\/www.dinardemeraudetourisme.com\/de\/#website"},"primaryImageOfPage":{"@id":"https:\/\/www.dinardemeraudetourisme.com\/de\/aufenthalt-an-der-cote-demeraude\/praktische-informationen\/parken-an-der-cote-demeraude\/#primaryimage"},"image":{"@id":"https:\/\/www.dinardemeraudetourisme.com\/de\/aufenthalt-an-der-cote-demeraude\/praktische-informationen\/parken-an-der-cote-demeraude\/#primaryimage"},"thumbnailUrl":"https:\/\/www.dinardemeraudetourisme.com\/app\/uploads\/2024\/04\/stationner.webp","datePublished":"2024-04-10T13:14:13+00:00","dateModified":"2025-06-13T15:42:22+00:00","breadcrumb":{"@id":"https:\/\/www.dinardemeraudetourisme.com\/de\/aufenthalt-an-der-cote-demeraude\/praktische-informationen\/parken-an-der-cote-demeraude\/#breadcrumb"},"inLanguage":"de-DE","potentialAction":[{"@type":"ReadAction","target":["https:\/\/www.dinardemeraudetourisme.com\/de\/aufenthalt-an-der-cote-demeraude\/praktische-informationen\/parken-an-der-cote-demeraude\/"]}]},{"@type":"ImageObject","inLanguage":"de-DE","@id":"https:\/\/www.dinardemeraudetourisme.com\/de\/aufenthalt-an-der-cote-demeraude\/praktische-informationen\/parken-an-der-cote-demeraude\/#primaryimage","url":"https:\/\/www.dinardemeraudetourisme.com\/app\/uploads\/2024\/04\/stationner.webp","contentUrl":"https:\/\/www.dinardemeraudetourisme.com\/app\/uploads\/2024\/04\/stationner.webp","width":1350,"height":900},{"@type":"WebSite","@id":"https:\/\/www.dinardemeraudetourisme.com\/de\/#website","url":"https:\/\/www.dinardemeraudetourisme.com\/de\/","name":"Dinard \u00c9meraude Tourisme","description":"","potentialAction":[{"@type":"SearchAction","target":{"@type":"EntryPoint","urlTemplate":"https:\/\/www.dinardemeraudetourisme.com\/de\/?s={search_term_string}"},"query-input":{"@type":"PropertyValueSpecification","valueRequired":true,"valueName":"search_term_string"}}],"inLanguage":"de-DE"}]}},"_links":{"self":[{"href":"https:\/\/www.dinardemeraudetourisme.com\/de\/wp-json\/wp\/v2\/pages\/12427","targetHints":{"allow":["GET"]}}],"collection":[{"href":"https:\/\/www.dinardemeraudetourisme.com\/de\/wp-json\/wp\/v2\/pages"}],"about":[{"href":"https:\/\/www.dinardemeraudetourisme.com\/de\/wp-json\/wp\/v2\/types\/page"}],"author":[{"embeddable":true,"href":"https:\/\/www.dinardemeraudetourisme.com\/de\/wp-json\/wp\/v2\/users\/1"}],"replies":[{"embeddable":true,"href":"https:\/\/www.dinardemeraudetourisme.com\/de\/wp-json\/wp\/v2\/comments?post=12427"}],"version-history":[{"count":6,"href":"https:\/\/www.dinardemeraudetourisme.com\/de\/wp-json\/wp\/v2\/pages\/12427\/revisions"}],"predecessor-version":[{"id":17699,"href":"https:\/\/www.dinardemeraudetourisme.com\/de\/wp-json\/wp\/v2\/pages\/12427\/revisions\/17699"}],"up":[{"embeddable":true,"href":"https:\/\/www.dinardemeraudetourisme.com\/de\/wp-json\/wp\/v2\/pages\/12401"}],"wp:featuredmedia":[{"embeddable":true,"href":"https:\/\/www.dinardemeraudetourisme.com\/de\/wp-json\/wp\/v2\/media\/982"}],"wp:attachment":[{"href":"https:\/\/www.dinardemeraudetourisme.com\/de\/wp-json\/wp\/v2\/media?parent=12427"}],"curies":[{"name":"wp","href":"https:\/\/api.w.org\/{rel}","templated":true}]}}