{"id":12413,"date":"2024-04-10T15:24:46","date_gmt":"2024-04-10T13:24:46","guid":{"rendered":"https:\/\/www.dinardemeraudetourisme.com?page_id=12413"},"modified":"2026-04-15T15:20:05","modified_gmt":"2026-04-15T13:20:05","slug":"unsere-informationsstellen","status":"publish","type":"page","link":"https:\/\/www.dinardemeraudetourisme.com\/de\/aufenthalt-an-der-cote-demeraude\/praktische-informationen\/entdecken-sie-unser-tourismusbuero\/unsere-informationsstellen\/","title":{"rendered":"Unsere Informationsstellen"},"content":{"rendered":"\n<p>Informationspunkte und \u00d6ffnungszeiten.<br>Unsere ganzj\u00e4hrig ge\u00f6ffneten und im Herzen der Gemeinden gelegenen Empfangsbereiche hei\u00dfen Sie w\u00e4hrend Ihres Aufenthalts willkommen. Unser Team steht Ihnen zur Verf\u00fcgung, um Sie bei der Organisation Ihres Urlaubs zu beraten, Ihnen vor Ort zahlreiche Aktivit\u00e4ten anzubieten, Ihnen aber auch dabei zu helfen, das gesamte Natur- und Kulturerbe unserer Region zu entdecken.<\/p>\n\n\n\n<div class=\"wp-block-buttons is-content-justification-center is-layout-flex wp-container-core-buttons-is-layout-e511ce0b wp-block-buttons-is-layout-flex\" style=\"margin-top:var(--wp--preset--spacing--30);margin-bottom:var(--wp--preset--spacing--30)\">\n<div class=\"wp-block-button\"><a class=\"wp-block-button__link wp-element-button\" href=\"https:\/\/www.dinardemeraudetourisme.com\/de\/aufenthalt-an-der-cote-demeraude\/praktische-informationen\/barrierefreiheit\/\" target=\"_blank\" rel=\"noreferrer noopener\">Barrierefreiheit unserer Empfangsbereiche<\/a><\/div>\n<\/div>\n\n\n\n<h3 class=\"wp-block-heading\" style=\"padding-top:var(--wp--preset--spacing--50);padding-bottom:var(--wp--preset--spacing--50)\">Dinard C\u00f4te d&#8217;\u00c9meraude Tourisme<\/h3>\n\n\n\n<div class=\"wp-block-columns are-vertically-aligned-center is-layout-flex wp-container-core-columns-is-layout-38b258e0 wp-block-columns-is-layout-flex\" style=\"padding-top:0px;padding-bottom:30px\">\n<div class=\"wp-block-column is-vertically-aligned-center is-layout-flow wp-block-column-is-layout-flow\" style=\"flex-basis:50%\">\n<iframe loading=\"lazy\" style=\"border: 0;\" src=\"https:\/\/www.google.com\/maps\/embed?pb=!4v1712735981469!6m8!1m7!1sCAoSLEFGMVFpcFAwR2t0Q3NhRTV4QXlhUjVsbE15cW43WXZpcThMck9wVi10RmZ3!2m2!1d48.634308554797!2d-2.0550193873992!3f262.5955810546875!4f0!5f0.7820865974627469\" width=\"100%\" height=\"450\" frameborder=\"0\" allowfullscreen=\"allowfullscreen\"><\/iframe>\n<\/div>\n\n\n\n<div class=\"wp-block-column is-vertically-aligned-center is-layout-flow wp-block-column-is-layout-flow\" style=\"flex-basis:50%\">\n<p><span style=\"color: rgb(56, 57, 56); font-family: Lato, sans-serif; font-size: 16px; white-space-collapse: collapse;\">2, Boulevard F\u00e9art<\/span><br><span style=\"color: rgb(56, 57, 56); font-family: Lato, sans-serif; font-size: 16px; white-space-collapse: collapse;\">35800 Dinard<\/span><br><a style=\"box-sizing: border-box; -webkit-font-smoothing: antialiased; text-rendering: optimizelegibility; text-decoration-line: underline; transition-duration: 0.3s; color: rgb(22, 150, 167); font-weight: bold; font-family: Lato, sans-serif; font-size: 16px; white-space-collapse: collapse;\" href=\"mailto:info@dinardemeraudetourisme.com\">info@dinardemeraudetourisme.com<\/a><\/p>\n\n\n\n<figure class=\"wp-block-image size-full\"><img loading=\"lazy\" decoding=\"async\" width=\"118\" height=\"13\" src=\"https:\/\/www.dinardemeraudetourisme.com\/app\/uploads\/2024\/09\/dinard.webp\" alt=\"Dinard\" class=\"wp-image-9519\" srcset=\"https:\/\/www.dinardemeraudetourisme.com\/app\/uploads\/2024\/09\/dinard.webp 118w, https:\/\/www.dinardemeraudetourisme.com\/app\/uploads\/2024\/09\/dinard-20x2.webp 20w, https:\/\/www.dinardemeraudetourisme.com\/app\/uploads\/2024\/09\/dinard-50x6.webp 50w, https:\/\/www.dinardemeraudetourisme.com\/app\/uploads\/2024\/09\/dinard-60x7.webp 60w, https:\/\/www.dinardemeraudetourisme.com\/app\/uploads\/2024\/09\/dinard-80x9.webp 80w, https:\/\/www.dinardemeraudetourisme.com\/app\/uploads\/2024\/09\/dinard-110x12.webp 110w\" sizes=\"auto, (max-width: 118px) 100vw, 118px\" \/><\/figure>\n\n\n\n<p>Informationspunkte und \u00d6ffnungszeiten.<br>Unsere ganzj\u00e4hrig ge\u00f6ffneten und im Herzen der Gemeinden gelegenen Empfangsbereiche hei\u00dfen Sie w\u00e4hrend Ihres Aufenthalts willkommen. Unser Team steht Ihnen zur Verf\u00fcgung, um Sie bei der Organisation Ihres Urlaubs zu beraten, Ihnen vor Ort zahlreiche Aktivit\u00e4ten anzubieten, Ihnen aber auch dabei zu helfen, das gesamte Natur- und Kulturerbe unserer Region zu entdecken.<\/p>\n<\/div>\n<\/div>\n\n\n\n<h3 class=\"wp-block-heading\">Tourismusinformationsb\u00fcro Saint-Lunaire<\/h3>\n\n\n\n<div class=\"wp-block-columns are-vertically-aligned-center is-layout-flex wp-container-core-columns-is-layout-38b258e0 wp-block-columns-is-layout-flex\" style=\"padding-top:0px;padding-bottom:30px\">\n<div class=\"wp-block-column is-vertically-aligned-center is-layout-flow wp-block-column-is-layout-flow\" style=\"flex-basis:50%\">\n<iframe loading=\"lazy\" src=\"https:\/\/www.google.com\/maps\/embed?pb=!4v1651234253573!6m8!1m7!1sCAoSLEFGMVFpcFBBQTNsUU8zOGthbV9ZbUpwM3ZscEhpNmJPT2pDT052cEZsNm1f!2m2!1d48.636580482031!2d-2.1075232720062!3f357.24521152250156!4f-0.6140757194342541!5f0.7820865974627469\" width=\"100%\" height=\"450\"\"><\/iframe>\n<\/div>\n\n\n\n<div class=\"wp-block-column is-vertically-aligned-center is-layout-flow wp-block-column-is-layout-flow\" style=\"flex-basis:50%\">\n<p>72, Boulevard du G\u00e9n\u00e9ral de Gaulle<br><a href=\"https:\/\/www.dinardemeraudetourisme.com\/de\/erkunden\/8-paradiese-der-emeraude\/entdecken-sie-saint-lunaire\/\">35800 Saint-Lunaire<\/a><br><a href=\"mailto:info@dinardemeraudetourisme.com\">info@dinardemeraudetourisme.com<\/a><\/p>\n\n\n\n<p><strong>Januar \u2013 Februar \u2013 M\u00e4rz \u2013 Oktober \u2013 November \u2013 Dezember<\/strong><br>Au\u00dferhalb der Schulferien:<br>Dienstag bis Donnerstag: 9:30 bis 12:30 Uhr \/ 14:00 bis 18:00 Uhr<\/p>\n\n\n\n<p><strong>April \u2013 Mai \u2013 Juni \u2013 September \u2013 und Schulferien&nbsp;<\/strong>&nbsp;:<br>Dienstag bis Samstag: 9:30 \u2013 12:30 Uhr \/ 14:00 Uhr \u2013 18:00 Uhr<br>Sonntag: 9:30 \u2013 13:30 Uhr Sonntag)<br>Feiertage: 10-13 Uhr \/ 15-18 Uhr<br>Weihnachtsferien: 24. und 31. Dezember: 9:30 \u2013 13:30 Uhr<\/p>\n\n\n\n<p><strong>Juli und August<\/strong>&nbsp;&nbsp;:<br>Jeden Tag: 9:30 &#8211; 12:30 Uhr \/ 14:00 Uhr<br>&#8211; Feiertage: 10:00 &#8211; 15:00 Uhr<\/p>\n\n\n\n<p><strong>Geschlossen<\/strong>&nbsp;&nbsp;: 1. Januar, 1. Mai, 1. November, 11. November, 25. Dezember.<\/p>\n<\/div>\n<\/div>\n\n\n\n<h3 class=\"wp-block-heading\">Touristeninformation Saint-Briac-sur-Mer<\/h3>\n\n\n\n<div class=\"wp-block-columns are-vertically-aligned-center is-layout-flex wp-container-core-columns-is-layout-38b258e0 wp-block-columns-is-layout-flex\" style=\"padding-top:0px;padding-bottom:30px\">\n<div class=\"wp-block-column is-vertically-aligned-center is-layout-flow wp-block-column-is-layout-flow\" style=\"flex-basis:50%\">\n<iframe loading=\"lazy\" style=\"border: 0;\" src=\"https:\/\/www.google.com\/maps\/embed?pb=!4v1651234151953!6m8!1m7!1sCAoSLEFGMVFpcE41ZnRqc1I5aGFEWXJPVEdPUkFWc3l2LTAxQUIwYmZId19HSjhB!2m2!1d48.624295056652!2d-2.1369688380239!3f15.919583565976158!4f-0.4881239951081824!5f0.7820865974627469\" width=\"100%\" height=\"450\" frameborder=\"0\" allowfullscreen=\"allowfullscreen\"><\/iframe>\n<\/div>\n\n\n\n<div class=\"wp-block-column is-vertically-aligned-center is-layout-flow wp-block-column-is-layout-flow\" style=\"flex-basis:50%\">\n<p>49, Grande Rue<br>35800 <a href=\"https:\/\/www.saintbriac.fr\/\">Saint-Briac-sur-Mer<\/a><br><a href=\"mailto:info@dinardemeraudetourisme.com\">info@dinardemeraudetourisme.com<\/a><\/p>\n\n\n\n<p><strong>Januar \u2013 Februar \u2013 M\u00e4rz \u2013 Oktober \u2013 November \u2013 Dezember<\/strong><br>Au\u00dferhalb der Schulferien:<br>Montag, Dienstag, Mittwoch und Freitag: 9:30 \u2013 12:30 Uhr \/ 14:00 Uhr \u2013 18:00 Uhr<\/p>\n\n\n\n<p><strong>April \u2013 Mai \u2013 Juni \u2013 September und Schulferien<\/strong>&nbsp;&nbsp;:<br>Montag bis Samstag: 09:30 \u2013 12:00 Uhr \u2013 18:00 Uhr \u2013 Feiertage<br>: 10:00 \u2013 15:00 Uhr&nbsp;Montag: 9:30 \u2013 13:30 Uhr)<br>Weihnachtsferien: 24. und 31. Dezember: 9:30 \u2013 13:30 Uhr<\/p>\n\n\n\n<p><strong>Juli und August:<\/strong><br>Montag bis Samstag: 9:30 &#8211; 12:30 Uhr \/ 14:00 Uhr &#8211; 18:00 Uhr<br>Sonn- und Feiertage: 9:30 \u2013 13:30 Uhr<\/p>\n\n\n\n<p><strong>Geschlossen<\/strong>&nbsp;&nbsp;: 1. Januar, 1. Mai, 1. November, 11. November, 25. Dezember.<\/p>\n<\/div>\n<\/div>\n\n\n\n<h3 class=\"wp-block-heading\">Tourismusinformationsb\u00fcro Lancieux<\/h3>\n\n\n\n<div class=\"wp-block-columns are-vertically-aligned-center is-layout-flex wp-container-core-columns-is-layout-38b258e0 wp-block-columns-is-layout-flex\" style=\"padding-top:0px;padding-bottom:30px\">\n<div class=\"wp-block-column is-vertically-aligned-center is-layout-flow wp-block-column-is-layout-flow\" style=\"flex-basis:50%\">\n<iframe loading=\"lazy\" style=\"border: 0;\" src=\"https:\/\/www.google.com\/maps\/embed?pb=!4v1651564475017!6m8!1m7!1sCAoSLEFGMVFpcE1wOEhBaUE4R1JUV0d5bi1Cak1HdWItdzEwMnVob2xnLURra1hE!2m2!1d48.605922520955!2d-2.1509583332159!3f346.40462208232685!4f-0.050701770808942115!5f0.7820865974627469\" width=\"100%\" height=\"450\" frameborder=\"0\" allowfullscreen=\"allowfullscreen\"><\/iframe>\n<\/div>\n\n\n\n<div class=\"wp-block-column is-vertically-aligned-center is-layout-flow wp-block-column-is-layout-flow\" style=\"flex-basis:50%\">\n<p>Square Jean Conan<br>22770 Lancieux<br><a href=\"mailto:info@dinardemeraudetourisme.com\">info@dinardemeraudetourisme.com<\/a><\/p>\n\n\n\n<p><strong>Januar \u2013 Februar \u2013 M\u00e4rz \u2013 Oktober \u2013 November \u2013 Dezember<\/strong><br>Au\u00dferhalb der Schulferien:<br>Montag bis Donnerstag: 9:30 \u2013 12:30 Uhr \/ 14:00 Uhr \u2013 18:00 Uhr<\/p>\n\n\n\n<p><strong>April \u2013 Mai \u2013 Juni \u2013 September und Schulferien:<\/strong><br>Dienstag bis Samstag: 9:30 \u2013 12:30 Uhr \/ 14:00 Uhr \u2013 18:00 Uhr<br>Feiertage: 10.00 \u2013 13.00 Uhr \/ 15.00 Uhr \u2013 18.00 Uhr<br>Weihnachtsferien: 24. und 31. Dezember: 9.30 \u2013 13.30 Uhr<\/p>\n\n\n\n<p><strong>Juli und August:<\/strong><br>Montag bis Samstag: 9:30 &#8211; 12:30 Uhr \/ 14:00 Uhr &#8211; 18:00 Uhr<br>Sonn- und Feiertage: 9:30 \u2013 13:30 Uhr<\/p>\n\n\n\n<p><strong>Ge\u00f6ffnet am 20. April (Ostern) von 9:30 bis 13:30 Uhr und am 25. Mai (Meeresfl\u00f6he) von 10:00 bis 13:00 Uhr.<br>Geschlossen<\/strong>&nbsp;&nbsp;: 1. Januar, 1. Mai, 1. November, 11. November, 25. Dezember.<\/p>\n<\/div>\n<\/div>\n\n\n\n<p>Informationspunkte und \u00d6ffnungszeiten.<\/p>\n\n\n\n<div class=\"wp-block-media-text has-media-on-the-right is-stacked-on-mobile\"><div class=\"wp-block-media-text__content\">\n<h3 class=\"wp-block-heading\">Punkt i-mobile<\/h3>\n\n\n\n<p>Finden Sie uns auf dem Weg in Ihren Urlaub<\/p>\n\n\n\n<p>Dieser Informationspunkt, ein vollelektrischer Jumpy Type HG, kreuzt kreuz und quer \u00fcber die Ufer der Rance, um den Besuchern alle unsere Dienstleistungen anzubieten.<\/p>\n<\/div><figure class=\"wp-block-media-text__media\"><img loading=\"lazy\" decoding=\"async\" width=\"1024\" height=\"683\" src=\"https:\/\/www.dinardemeraudetourisme.com\/app\/uploads\/2024\/09\/jumpy-point-i-mobile-2048x1365-1-1024x683.webp\" alt=\"Jumpy Point I Mobile 2048x1365 1\" class=\"wp-image-9524 size-full\" srcset=\"https:\/\/www.dinardemeraudetourisme.com\/app\/uploads\/2024\/09\/jumpy-point-i-mobile-2048x1365-1-1024x683.webp 1024w, https:\/\/www.dinardemeraudetourisme.com\/app\/uploads\/2024\/09\/jumpy-point-i-mobile-2048x1365-1-300x200.webp 300w, https:\/\/www.dinardemeraudetourisme.com\/app\/uploads\/2024\/09\/jumpy-point-i-mobile-2048x1365-1-768x512.webp 768w, https:\/\/www.dinardemeraudetourisme.com\/app\/uploads\/2024\/09\/jumpy-point-i-mobile-2048x1365-1-1536x1024.webp 1536w, https:\/\/www.dinardemeraudetourisme.com\/app\/uploads\/2024\/09\/jumpy-point-i-mobile-2048x1365-1-20x13.webp 20w, https:\/\/www.dinardemeraudetourisme.com\/app\/uploads\/2024\/09\/jumpy-point-i-mobile-2048x1365-1-50x33.webp 50w, https:\/\/www.dinardemeraudetourisme.com\/app\/uploads\/2024\/09\/jumpy-point-i-mobile-2048x1365-1-45x30.webp 45w, https:\/\/www.dinardemeraudetourisme.com\/app\/uploads\/2024\/09\/jumpy-point-i-mobile-2048x1365-1-60x40.webp 60w, https:\/\/www.dinardemeraudetourisme.com\/app\/uploads\/2024\/09\/jumpy-point-i-mobile-2048x1365-1-80x53.webp 80w, https:\/\/www.dinardemeraudetourisme.com\/app\/uploads\/2024\/09\/jumpy-point-i-mobile-2048x1365-1-110x73.webp 110w, https:\/\/www.dinardemeraudetourisme.com\/app\/uploads\/2024\/09\/jumpy-point-i-mobile-2048x1365-1-160x107.webp 160w, https:\/\/www.dinardemeraudetourisme.com\/app\/uploads\/2024\/09\/jumpy-point-i-mobile-2048x1365-1-250x167.webp 250w, https:\/\/www.dinardemeraudetourisme.com\/app\/uploads\/2024\/09\/jumpy-point-i-mobile-2048x1365-1-1200x800.webp 1200w, https:\/\/www.dinardemeraudetourisme.com\/app\/uploads\/2024\/09\/jumpy-point-i-mobile-2048x1365-1-1800x1200.webp 1800w, https:\/\/www.dinardemeraudetourisme.com\/app\/uploads\/2024\/09\/jumpy-point-i-mobile-2048x1365-1.webp 2048w\" sizes=\"auto, (max-width: 1024px) 100vw, 1024px\" \/><\/figure><\/div>\n","protected":false},"excerpt":{"rendered":"<p>Dinard &#8211; Saint-Lunaire &#8211; Saint-Briac-sur-Mer &#8211; Lancieux &#8211; La Richardais &#8211; Pleurtuit &#8211; Le Minihic-sur-Rance &#8211; Tr\u00e9m\u00e9reuc <\/p>\n","protected":false},"author":1,"featured_media":2826,"parent":12403,"menu_order":0,"comment_status":"closed","ping_status":"closed","template":"template-header-large.php","meta":{"_acf_changed":false,"footnotes":""},"class_list":["post-12413","page","type-page","status-publish","has-post-thumbnail","hentry"],"acf":[],"yoast_head":"<!-- This site is optimized with the Yoast SEO plugin v27.1.1 - https:\/\/yoast.com\/product\/yoast-seo-wordpress\/ -->\n<title>Unsere Informationsstellen - Dinard \u00c9meraude Tourisme<\/title>\n<meta name=\"robots\" content=\"index, follow, max-snippet:-1, max-image-preview:large, max-video-preview:-1\" \/>\n<link rel=\"canonical\" href=\"https:\/\/www.dinardemeraudetourisme.com\/de\/aufenthalt-an-der-cote-demeraude\/praktische-informationen\/entdecken-sie-unser-tourismusbuero\/unsere-informationsstellen\/\" \/>\n<meta property=\"og:locale\" content=\"de_DE\" \/>\n<meta property=\"og:type\" content=\"article\" \/>\n<meta property=\"og:title\" content=\"Unsere Informationsstellen - Dinard \u00c9meraude Tourisme\" \/>\n<meta property=\"og:description\" content=\"Dinard - Saint-Lunaire - Saint-Briac-sur-Mer - Lancieux - La Richardais - Pleurtuit - Le Minihic-sur-Rance - Tr\u00e9m\u00e9reuc\" \/>\n<meta property=\"og:url\" content=\"https:\/\/www.dinardemeraudetourisme.com\/de\/aufenthalt-an-der-cote-demeraude\/praktische-informationen\/entdecken-sie-unser-tourismusbuero\/unsere-informationsstellen\/\" \/>\n<meta property=\"og:site_name\" content=\"Dinard \u00c9meraude Tourisme\" \/>\n<meta property=\"article:modified_time\" content=\"2026-04-15T13:20:05+00:00\" \/>\n<meta property=\"og:image\" content=\"https:\/\/www.dinardemeraudetourisme.com\/app\/uploads\/2024\/04\/20.01.2022-plage-des-briantais-lancieux-1733x1300-1.webp\" \/>\n\t<meta property=\"og:image:width\" content=\"1733\" \/>\n\t<meta property=\"og:image:height\" content=\"1300\" \/>\n\t<meta property=\"og:image:type\" content=\"image\/webp\" \/>\n<meta name=\"twitter:card\" content=\"summary_large_image\" \/>\n<meta name=\"twitter:label1\" content=\"Gesch\u00e4tzte Lesezeit\" \/>\n\t<meta name=\"twitter:data1\" content=\"3 minutes\" \/>\n<script type=\"application\/ld+json\" class=\"yoast-schema-graph\">{\"@context\":\"https:\/\/schema.org\",\"@graph\":[{\"@type\":\"WebPage\",\"@id\":\"https:\/\/www.dinardemeraudetourisme.com\/de\/aufenthalt-an-der-cote-demeraude\/praktische-informationen\/entdecken-sie-unser-tourismusbuero\/unsere-informationsstellen\/\",\"url\":\"https:\/\/www.dinardemeraudetourisme.com\/de\/aufenthalt-an-der-cote-demeraude\/praktische-informationen\/entdecken-sie-unser-tourismusbuero\/unsere-informationsstellen\/\",\"name\":\"Unsere Informationsstellen - Dinard \u00c9meraude Tourisme\",\"isPartOf\":{\"@id\":\"https:\/\/www.dinardemeraudetourisme.com\/de\/#website\"},\"primaryImageOfPage\":{\"@id\":\"https:\/\/www.dinardemeraudetourisme.com\/de\/aufenthalt-an-der-cote-demeraude\/praktische-informationen\/entdecken-sie-unser-tourismusbuero\/unsere-informationsstellen\/#primaryimage\"},\"image\":{\"@id\":\"https:\/\/www.dinardemeraudetourisme.com\/de\/aufenthalt-an-der-cote-demeraude\/praktische-informationen\/entdecken-sie-unser-tourismusbuero\/unsere-informationsstellen\/#primaryimage\"},\"thumbnailUrl\":\"https:\/\/www.dinardemeraudetourisme.com\/app\/uploads\/2024\/04\/20.01.2022-plage-des-briantais-lancieux-1733x1300-1.webp\",\"datePublished\":\"2024-04-10T13:24:46+00:00\",\"dateModified\":\"2026-04-15T13:20:05+00:00\",\"breadcrumb\":{\"@id\":\"https:\/\/www.dinardemeraudetourisme.com\/de\/aufenthalt-an-der-cote-demeraude\/praktische-informationen\/entdecken-sie-unser-tourismusbuero\/unsere-informationsstellen\/#breadcrumb\"},\"inLanguage\":\"de-DE\",\"potentialAction\":[{\"@type\":\"ReadAction\",\"target\":[\"https:\/\/www.dinardemeraudetourisme.com\/de\/aufenthalt-an-der-cote-demeraude\/praktische-informationen\/entdecken-sie-unser-tourismusbuero\/unsere-informationsstellen\/\"]}]},{\"@type\":\"ImageObject\",\"inLanguage\":\"de-DE\",\"@id\":\"https:\/\/www.dinardemeraudetourisme.com\/de\/aufenthalt-an-der-cote-demeraude\/praktische-informationen\/entdecken-sie-unser-tourismusbuero\/unsere-informationsstellen\/#primaryimage\",\"url\":\"https:\/\/www.dinardemeraudetourisme.com\/app\/uploads\/2024\/04\/20.01.2022-plage-des-briantais-lancieux-1733x1300-1.webp\",\"contentUrl\":\"https:\/\/www.dinardemeraudetourisme.com\/app\/uploads\/2024\/04\/20.01.2022-plage-des-briantais-lancieux-1733x1300-1.webp\",\"width\":1733,\"height\":1300,\"caption\":\"La Plage Des Briantais \u00e0 Lancieux, au coeur de l'espace naturel du Tertre Corlieu. Un lieu id\u00e9al pour admirer la faune et la flore de Bretagne.\"},{\"@type\":\"WebSite\",\"@id\":\"https:\/\/www.dinardemeraudetourisme.com\/de\/#website\",\"url\":\"https:\/\/www.dinardemeraudetourisme.com\/de\/\",\"name\":\"Dinard \u00c9meraude Tourisme\",\"description\":\"\",\"potentialAction\":[{\"@type\":\"SearchAction\",\"target\":{\"@type\":\"EntryPoint\",\"urlTemplate\":\"https:\/\/www.dinardemeraudetourisme.com\/de\/?s={search_term_string}\"},\"query-input\":{\"@type\":\"PropertyValueSpecification\",\"valueRequired\":true,\"valueName\":\"search_term_string\"}}],\"inLanguage\":\"de-DE\"}]}<\/script>\n<!-- \/ Yoast SEO plugin. -->","yoast_head_json":{"title":"Unsere Informationsstellen - Dinard \u00c9meraude Tourisme","robots":{"index":"index","follow":"follow","max-snippet":"max-snippet:-1","max-image-preview":"max-image-preview:large","max-video-preview":"max-video-preview:-1"},"canonical":"https:\/\/www.dinardemeraudetourisme.com\/de\/aufenthalt-an-der-cote-demeraude\/praktische-informationen\/entdecken-sie-unser-tourismusbuero\/unsere-informationsstellen\/","og_locale":"de_DE","og_type":"article","og_title":"Unsere Informationsstellen - Dinard \u00c9meraude Tourisme","og_description":"Dinard - Saint-Lunaire - Saint-Briac-sur-Mer - Lancieux - La Richardais - Pleurtuit - Le Minihic-sur-Rance - Tr\u00e9m\u00e9reuc","og_url":"https:\/\/www.dinardemeraudetourisme.com\/de\/aufenthalt-an-der-cote-demeraude\/praktische-informationen\/entdecken-sie-unser-tourismusbuero\/unsere-informationsstellen\/","og_site_name":"Dinard \u00c9meraude Tourisme","article_modified_time":"2026-04-15T13:20:05+00:00","og_image":[{"width":1733,"height":1300,"url":"https:\/\/www.dinardemeraudetourisme.com\/app\/uploads\/2024\/04\/20.01.2022-plage-des-briantais-lancieux-1733x1300-1.webp","type":"image\/webp"}],"twitter_card":"summary_large_image","twitter_misc":{"Gesch\u00e4tzte Lesezeit":"3 minutes"},"schema":{"@context":"https:\/\/schema.org","@graph":[{"@type":"WebPage","@id":"https:\/\/www.dinardemeraudetourisme.com\/de\/aufenthalt-an-der-cote-demeraude\/praktische-informationen\/entdecken-sie-unser-tourismusbuero\/unsere-informationsstellen\/","url":"https:\/\/www.dinardemeraudetourisme.com\/de\/aufenthalt-an-der-cote-demeraude\/praktische-informationen\/entdecken-sie-unser-tourismusbuero\/unsere-informationsstellen\/","name":"Unsere Informationsstellen - Dinard \u00c9meraude Tourisme","isPartOf":{"@id":"https:\/\/www.dinardemeraudetourisme.com\/de\/#website"},"primaryImageOfPage":{"@id":"https:\/\/www.dinardemeraudetourisme.com\/de\/aufenthalt-an-der-cote-demeraude\/praktische-informationen\/entdecken-sie-unser-tourismusbuero\/unsere-informationsstellen\/#primaryimage"},"image":{"@id":"https:\/\/www.dinardemeraudetourisme.com\/de\/aufenthalt-an-der-cote-demeraude\/praktische-informationen\/entdecken-sie-unser-tourismusbuero\/unsere-informationsstellen\/#primaryimage"},"thumbnailUrl":"https:\/\/www.dinardemeraudetourisme.com\/app\/uploads\/2024\/04\/20.01.2022-plage-des-briantais-lancieux-1733x1300-1.webp","datePublished":"2024-04-10T13:24:46+00:00","dateModified":"2026-04-15T13:20:05+00:00","breadcrumb":{"@id":"https:\/\/www.dinardemeraudetourisme.com\/de\/aufenthalt-an-der-cote-demeraude\/praktische-informationen\/entdecken-sie-unser-tourismusbuero\/unsere-informationsstellen\/#breadcrumb"},"inLanguage":"de-DE","potentialAction":[{"@type":"ReadAction","target":["https:\/\/www.dinardemeraudetourisme.com\/de\/aufenthalt-an-der-cote-demeraude\/praktische-informationen\/entdecken-sie-unser-tourismusbuero\/unsere-informationsstellen\/"]}]},{"@type":"ImageObject","inLanguage":"de-DE","@id":"https:\/\/www.dinardemeraudetourisme.com\/de\/aufenthalt-an-der-cote-demeraude\/praktische-informationen\/entdecken-sie-unser-tourismusbuero\/unsere-informationsstellen\/#primaryimage","url":"https:\/\/www.dinardemeraudetourisme.com\/app\/uploads\/2024\/04\/20.01.2022-plage-des-briantais-lancieux-1733x1300-1.webp","contentUrl":"https:\/\/www.dinardemeraudetourisme.com\/app\/uploads\/2024\/04\/20.01.2022-plage-des-briantais-lancieux-1733x1300-1.webp","width":1733,"height":1300,"caption":"La Plage Des Briantais \u00e0 Lancieux, au coeur de l'espace naturel du Tertre Corlieu. Un lieu id\u00e9al pour admirer la faune et la flore de Bretagne."},{"@type":"WebSite","@id":"https:\/\/www.dinardemeraudetourisme.com\/de\/#website","url":"https:\/\/www.dinardemeraudetourisme.com\/de\/","name":"Dinard \u00c9meraude Tourisme","description":"","potentialAction":[{"@type":"SearchAction","target":{"@type":"EntryPoint","urlTemplate":"https:\/\/www.dinardemeraudetourisme.com\/de\/?s={search_term_string}"},"query-input":{"@type":"PropertyValueSpecification","valueRequired":true,"valueName":"search_term_string"}}],"inLanguage":"de-DE"}]}},"_links":{"self":[{"href":"https:\/\/www.dinardemeraudetourisme.com\/de\/wp-json\/wp\/v2\/pages\/12413","targetHints":{"allow":["GET"]}}],"collection":[{"href":"https:\/\/www.dinardemeraudetourisme.com\/de\/wp-json\/wp\/v2\/pages"}],"about":[{"href":"https:\/\/www.dinardemeraudetourisme.com\/de\/wp-json\/wp\/v2\/types\/page"}],"author":[{"embeddable":true,"href":"https:\/\/www.dinardemeraudetourisme.com\/de\/wp-json\/wp\/v2\/users\/1"}],"replies":[{"embeddable":true,"href":"https:\/\/www.dinardemeraudetourisme.com\/de\/wp-json\/wp\/v2\/comments?post=12413"}],"version-history":[{"count":7,"href":"https:\/\/www.dinardemeraudetourisme.com\/de\/wp-json\/wp\/v2\/pages\/12413\/revisions"}],"predecessor-version":[{"id":22190,"href":"https:\/\/www.dinardemeraudetourisme.com\/de\/wp-json\/wp\/v2\/pages\/12413\/revisions\/22190"}],"up":[{"embeddable":true,"href":"https:\/\/www.dinardemeraudetourisme.com\/de\/wp-json\/wp\/v2\/pages\/12403"}],"wp:featuredmedia":[{"embeddable":true,"href":"https:\/\/www.dinardemeraudetourisme.com\/de\/wp-json\/wp\/v2\/media\/2826"}],"wp:attachment":[{"href":"https:\/\/www.dinardemeraudetourisme.com\/de\/wp-json\/wp\/v2\/media?parent=12413"}],"curies":[{"name":"wp","href":"https:\/\/api.w.org\/{rel}","templated":true}]}}