{"id":12412,"date":"2024-04-10T15:23:47","date_gmt":"2024-04-10T13:23:47","guid":{"rendered":"https:\/\/www.dinardemeraudetourisme.com?page_id=12412"},"modified":"2025-01-24T15:29:08","modified_gmt":"2025-01-24T14:29:08","slug":"unsere-praktikums-und-stellenangebote","status":"publish","type":"page","link":"https:\/\/www.dinardemeraudetourisme.com\/de\/aufenthalt-an-der-cote-demeraude\/praktische-informationen\/entdecken-sie-unser-tourismusbuero\/unsere-praktikums-und-stellenangebote\/","title":{"rendered":"Unsere Praktikums- und Stellenangebote"},"content":{"rendered":"\n<h2 class=\"wp-block-heading\" style=\"padding-top:var(--wp--preset--spacing--50);padding-bottom:var(--wp--preset--spacing--50)\">Jobs<\/h2>\n\n\n\n<p>Praktikums- und Jobangebote.<br>Willkommen auf der Seite \u201eUnsere Praktikums-\/Stellenangebote\u201c von Dinard C\u00f4te d\u2019\u00c9meraude Tourisme. Unser Tourismusb\u00fcro liegt im Herzen der herrlichen Region der Smaragdk\u00fcste und widmet sich der F\u00f6rderung des Tourismus durch die F\u00f6rderung der kulturellen, nat\u00fcrlichen und historischen Reicht\u00fcmer von Dinard und seiner Umgebung. Wir sind st\u00e4ndig auf der Suche nach Talenten, die sich mit Leidenschaft f\u00fcr die Entwicklung des Tourismus und die Begr\u00fc\u00dfung von Besuchern einsetzen. Ganz gleich, ob Sie ein Student sind, der auf der Suche nach einer bereichernden Erfahrung ist, oder ein Berufst\u00e4tiger, der zu unserer Mission beitragen m\u00f6chte, hier finden Sie alle notwendigen Informationen zu aktuellen Praktikums- und Jobm\u00f6glichkeiten. Lassen Sie mit uns Dinard erstrahlen und bieten Sie unseren Besuchern unvergessliche Erlebnisse!<\/p>\n\n\n\n<h3 class=\"wp-block-heading\" style=\"padding-top:var(--wp--preset--spacing--50);padding-bottom:var(--wp--preset--spacing--50)\">Zur Zeit keine Angebote.<\/h3>\n\n\n\n<div class=\"wp-block-columns is-layout-flex wp-container-core-columns-is-layout-28f84493 wp-block-columns-is-layout-flex\">\n<div class=\"wp-block-column is-layout-flow wp-block-column-is-layout-flow\">\n<figure class=\"wp-block-image size-large\"><img loading=\"lazy\" decoding=\"async\" width=\"1024\" height=\"683\" src=\"https:\/\/www.dinardemeraudetourisme.com\/app\/uploads\/2024\/05\/img_6188-1024x683.webp\" alt=\"Une conseill\u00e8re en s\u00e9jour pr\u00e9sente les produits boutique \u00e0 un visiteur au sein de l'espace boutique de Dinard.\" class=\"wp-image-6135\" srcset=\"https:\/\/www.dinardemeraudetourisme.com\/app\/uploads\/2024\/05\/img_6188-1024x683.webp 1024w, https:\/\/www.dinardemeraudetourisme.com\/app\/uploads\/2024\/05\/img_6188-300x200.webp 300w, https:\/\/www.dinardemeraudetourisme.com\/app\/uploads\/2024\/05\/img_6188-768x512.webp 768w, https:\/\/www.dinardemeraudetourisme.com\/app\/uploads\/2024\/05\/img_6188-1536x1024.webp 1536w, https:\/\/www.dinardemeraudetourisme.com\/app\/uploads\/2024\/05\/img_6188-20x13.webp 20w, https:\/\/www.dinardemeraudetourisme.com\/app\/uploads\/2024\/05\/img_6188-50x33.webp 50w, https:\/\/www.dinardemeraudetourisme.com\/app\/uploads\/2024\/05\/img_6188-45x30.webp 45w, https:\/\/www.dinardemeraudetourisme.com\/app\/uploads\/2024\/05\/img_6188-60x40.webp 60w, https:\/\/www.dinardemeraudetourisme.com\/app\/uploads\/2024\/05\/img_6188-80x53.webp 80w, https:\/\/www.dinardemeraudetourisme.com\/app\/uploads\/2024\/05\/img_6188-110x73.webp 110w, https:\/\/www.dinardemeraudetourisme.com\/app\/uploads\/2024\/05\/img_6188-160x107.webp 160w, https:\/\/www.dinardemeraudetourisme.com\/app\/uploads\/2024\/05\/img_6188-250x167.webp 250w, https:\/\/www.dinardemeraudetourisme.com\/app\/uploads\/2024\/05\/img_6188-1200x800.webp 1200w, https:\/\/www.dinardemeraudetourisme.com\/app\/uploads\/2024\/05\/img_6188-1800x1200.webp 1800w, https:\/\/www.dinardemeraudetourisme.com\/app\/uploads\/2024\/05\/img_6188.webp 2048w\" sizes=\"auto, (max-width: 1024px) 100vw, 1024px\" \/><\/figure>\n<\/div>\n\n\n\n<div class=\"wp-block-column is-layout-flow wp-block-column-is-layout-flow\">\n<figure class=\"wp-block-image size-large\"><img loading=\"lazy\" decoding=\"async\" width=\"1024\" height=\"683\" src=\"https:\/\/www.dinardemeraudetourisme.com\/app\/uploads\/2024\/05\/img_5345-1950x1300-1-1024x683.webp\" alt=\"Une conseill\u00e8re en s\u00e9jour pr\u00e9sente l'offre touristiques \u00e0 un touriste. elle est dans le bureau d'information tourisme de Lancieux\" class=\"wp-image-6118\" srcset=\"https:\/\/www.dinardemeraudetourisme.com\/app\/uploads\/2024\/05\/img_5345-1950x1300-1-1024x683.webp 1024w, https:\/\/www.dinardemeraudetourisme.com\/app\/uploads\/2024\/05\/img_5345-1950x1300-1-300x200.webp 300w, https:\/\/www.dinardemeraudetourisme.com\/app\/uploads\/2024\/05\/img_5345-1950x1300-1-768x512.webp 768w, https:\/\/www.dinardemeraudetourisme.com\/app\/uploads\/2024\/05\/img_5345-1950x1300-1-1536x1024.webp 1536w, https:\/\/www.dinardemeraudetourisme.com\/app\/uploads\/2024\/05\/img_5345-1950x1300-1-20x13.webp 20w, https:\/\/www.dinardemeraudetourisme.com\/app\/uploads\/2024\/05\/img_5345-1950x1300-1-50x33.webp 50w, https:\/\/www.dinardemeraudetourisme.com\/app\/uploads\/2024\/05\/img_5345-1950x1300-1-45x30.webp 45w, https:\/\/www.dinardemeraudetourisme.com\/app\/uploads\/2024\/05\/img_5345-1950x1300-1-60x40.webp 60w, https:\/\/www.dinardemeraudetourisme.com\/app\/uploads\/2024\/05\/img_5345-1950x1300-1-80x53.webp 80w, https:\/\/www.dinardemeraudetourisme.com\/app\/uploads\/2024\/05\/img_5345-1950x1300-1-110x73.webp 110w, https:\/\/www.dinardemeraudetourisme.com\/app\/uploads\/2024\/05\/img_5345-1950x1300-1-160x107.webp 160w, https:\/\/www.dinardemeraudetourisme.com\/app\/uploads\/2024\/05\/img_5345-1950x1300-1-250x167.webp 250w, https:\/\/www.dinardemeraudetourisme.com\/app\/uploads\/2024\/05\/img_5345-1950x1300-1-1200x800.webp 1200w, https:\/\/www.dinardemeraudetourisme.com\/app\/uploads\/2024\/05\/img_5345-1950x1300-1-1800x1200.webp 1800w, https:\/\/www.dinardemeraudetourisme.com\/app\/uploads\/2024\/05\/img_5345-1950x1300-1.webp 1950w\" sizes=\"auto, (max-width: 1024px) 100vw, 1024px\" \/><\/figure>\n<\/div>\n\n\n\n<div class=\"wp-block-column is-layout-flow wp-block-column-is-layout-flow\">\n<figure class=\"wp-block-image size-large\"><img loading=\"lazy\" decoding=\"async\" width=\"1024\" height=\"720\" src=\"https:\/\/www.dinardemeraudetourisme.com\/app\/uploads\/2024\/05\/2h9a5507-1024x720.jpg\" alt=\"Salle de s\u00e9minaires \u00e0 EMERIA pour l'assembl\u00e9e g\u00e9n\u00e9rale de Dinard C\u00f4te d'\u00c9meraude Tourisme. intervention de Marie Guerin directrice\" class=\"wp-image-6932\" srcset=\"https:\/\/www.dinardemeraudetourisme.com\/app\/uploads\/2024\/05\/2h9a5507-1024x720.jpg 1024w, https:\/\/www.dinardemeraudetourisme.com\/app\/uploads\/2024\/05\/2h9a5507-300x211.jpg 300w, https:\/\/www.dinardemeraudetourisme.com\/app\/uploads\/2024\/05\/2h9a5507-768x540.jpg 768w, https:\/\/www.dinardemeraudetourisme.com\/app\/uploads\/2024\/05\/2h9a5507-1536x1080.jpg 1536w, https:\/\/www.dinardemeraudetourisme.com\/app\/uploads\/2024\/05\/2h9a5507-20x14.jpg 20w, https:\/\/www.dinardemeraudetourisme.com\/app\/uploads\/2024\/05\/2h9a5507-50x35.jpg 50w, https:\/\/www.dinardemeraudetourisme.com\/app\/uploads\/2024\/05\/2h9a5507-43x30.jpg 43w, https:\/\/www.dinardemeraudetourisme.com\/app\/uploads\/2024\/05\/2h9a5507-60x42.jpg 60w, https:\/\/www.dinardemeraudetourisme.com\/app\/uploads\/2024\/05\/2h9a5507-80x56.jpg 80w, https:\/\/www.dinardemeraudetourisme.com\/app\/uploads\/2024\/05\/2h9a5507-110x77.jpg 110w, https:\/\/www.dinardemeraudetourisme.com\/app\/uploads\/2024\/05\/2h9a5507-160x113.jpg 160w, https:\/\/www.dinardemeraudetourisme.com\/app\/uploads\/2024\/05\/2h9a5507-250x176.jpg 250w, https:\/\/www.dinardemeraudetourisme.com\/app\/uploads\/2024\/05\/2h9a5507-57x40.jpg 57w, https:\/\/www.dinardemeraudetourisme.com\/app\/uploads\/2024\/05\/2h9a5507-1138x800.jpg 1138w, https:\/\/www.dinardemeraudetourisme.com\/app\/uploads\/2024\/05\/2h9a5507-1707x1200.jpg 1707w, https:\/\/www.dinardemeraudetourisme.com\/app\/uploads\/2024\/05\/2h9a5507.jpg 2048w\" sizes=\"auto, (max-width: 1024px) 100vw, 1024px\" \/><\/figure>\n<\/div>\n<\/div>\n","protected":false},"excerpt":{"rendered":"<p>Dinard &#8211; Saint-Lunaire &#8211; Saint-Briac-sur-Mer &#8211; Lancieux &#8211; La Richardais &#8211; Pleurtuit &#8211; Le Minihic-sur-Rance &#8211; Tr\u00e9m\u00e9reuc<\/p>\n","protected":false},"author":1,"featured_media":0,"parent":12403,"menu_order":0,"comment_status":"closed","ping_status":"closed","template":"","meta":{"_acf_changed":false,"footnotes":""},"class_list":["post-12412","page","type-page","status-publish","hentry"],"acf":[],"yoast_head":"<!-- This site is optimized with the Yoast SEO plugin v27.1.1 - https:\/\/yoast.com\/product\/yoast-seo-wordpress\/ -->\n<title>Unsere Praktikums- und Stellenangebote - Dinard \u00c9meraude Tourisme<\/title>\n<meta name=\"robots\" content=\"index, follow, max-snippet:-1, max-image-preview:large, max-video-preview:-1\" \/>\n<link rel=\"canonical\" href=\"https:\/\/www.dinardemeraudetourisme.com\/de\/aufenthalt-an-der-cote-demeraude\/praktische-informationen\/entdecken-sie-unser-tourismusbuero\/unsere-praktikums-und-stellenangebote\/\" \/>\n<meta property=\"og:locale\" content=\"de_DE\" \/>\n<meta property=\"og:type\" content=\"article\" \/>\n<meta property=\"og:title\" content=\"Unsere Praktikums- und Stellenangebote - Dinard \u00c9meraude Tourisme\" \/>\n<meta property=\"og:description\" content=\"Dinard - Saint-Lunaire - Saint-Briac-sur-Mer - Lancieux - La Richardais - Pleurtuit - Le Minihic-sur-Rance - Tr\u00e9m\u00e9reuc\" \/>\n<meta property=\"og:url\" content=\"https:\/\/www.dinardemeraudetourisme.com\/de\/aufenthalt-an-der-cote-demeraude\/praktische-informationen\/entdecken-sie-unser-tourismusbuero\/unsere-praktikums-und-stellenangebote\/\" \/>\n<meta property=\"og:site_name\" content=\"Dinard \u00c9meraude Tourisme\" \/>\n<meta property=\"article:modified_time\" content=\"2025-01-24T14:29:08+00:00\" \/>\n<meta property=\"og:image\" content=\"https:\/\/www.dinardemeraudetourisme.com\/app\/uploads\/2024\/05\/img_6188.webp\" \/>\n\t<meta property=\"og:image:width\" content=\"2048\" \/>\n\t<meta property=\"og:image:height\" content=\"1365\" \/>\n\t<meta property=\"og:image:type\" content=\"image\/webp\" \/>\n<meta name=\"twitter:card\" content=\"summary_large_image\" \/>\n<script type=\"application\/ld+json\" class=\"yoast-schema-graph\">{\"@context\":\"https:\/\/schema.org\",\"@graph\":[{\"@type\":\"WebPage\",\"@id\":\"https:\/\/www.dinardemeraudetourisme.com\/de\/aufenthalt-an-der-cote-demeraude\/praktische-informationen\/entdecken-sie-unser-tourismusbuero\/unsere-praktikums-und-stellenangebote\/\",\"url\":\"https:\/\/www.dinardemeraudetourisme.com\/de\/aufenthalt-an-der-cote-demeraude\/praktische-informationen\/entdecken-sie-unser-tourismusbuero\/unsere-praktikums-und-stellenangebote\/\",\"name\":\"Unsere Praktikums- und Stellenangebote - Dinard \u00c9meraude Tourisme\",\"isPartOf\":{\"@id\":\"https:\/\/www.dinardemeraudetourisme.com\/de\/#website\"},\"primaryImageOfPage\":{\"@id\":\"https:\/\/www.dinardemeraudetourisme.com\/de\/aufenthalt-an-der-cote-demeraude\/praktische-informationen\/entdecken-sie-unser-tourismusbuero\/unsere-praktikums-und-stellenangebote\/#primaryimage\"},\"image\":{\"@id\":\"https:\/\/www.dinardemeraudetourisme.com\/de\/aufenthalt-an-der-cote-demeraude\/praktische-informationen\/entdecken-sie-unser-tourismusbuero\/unsere-praktikums-und-stellenangebote\/#primaryimage\"},\"thumbnailUrl\":\"https:\/\/www.dinardemeraudetourisme.com\/app\/uploads\/2024\/05\/img_6188-1024x683.webp\",\"datePublished\":\"2024-04-10T13:23:47+00:00\",\"dateModified\":\"2025-01-24T14:29:08+00:00\",\"breadcrumb\":{\"@id\":\"https:\/\/www.dinardemeraudetourisme.com\/de\/aufenthalt-an-der-cote-demeraude\/praktische-informationen\/entdecken-sie-unser-tourismusbuero\/unsere-praktikums-und-stellenangebote\/#breadcrumb\"},\"inLanguage\":\"de-DE\",\"potentialAction\":[{\"@type\":\"ReadAction\",\"target\":[\"https:\/\/www.dinardemeraudetourisme.com\/de\/aufenthalt-an-der-cote-demeraude\/praktische-informationen\/entdecken-sie-unser-tourismusbuero\/unsere-praktikums-und-stellenangebote\/\"]}]},{\"@type\":\"ImageObject\",\"inLanguage\":\"de-DE\",\"@id\":\"https:\/\/www.dinardemeraudetourisme.com\/de\/aufenthalt-an-der-cote-demeraude\/praktische-informationen\/entdecken-sie-unser-tourismusbuero\/unsere-praktikums-und-stellenangebote\/#primaryimage\",\"url\":\"https:\/\/www.dinardemeraudetourisme.com\/app\/uploads\/2024\/05\/img_6188-1024x683.webp\",\"contentUrl\":\"https:\/\/www.dinardemeraudetourisme.com\/app\/uploads\/2024\/05\/img_6188-1024x683.webp\"},{\"@type\":\"WebSite\",\"@id\":\"https:\/\/www.dinardemeraudetourisme.com\/de\/#website\",\"url\":\"https:\/\/www.dinardemeraudetourisme.com\/de\/\",\"name\":\"Dinard \u00c9meraude Tourisme\",\"description\":\"\",\"potentialAction\":[{\"@type\":\"SearchAction\",\"target\":{\"@type\":\"EntryPoint\",\"urlTemplate\":\"https:\/\/www.dinardemeraudetourisme.com\/de\/?s={search_term_string}\"},\"query-input\":{\"@type\":\"PropertyValueSpecification\",\"valueRequired\":true,\"valueName\":\"search_term_string\"}}],\"inLanguage\":\"de-DE\"}]}<\/script>\n<!-- \/ Yoast SEO plugin. -->","yoast_head_json":{"title":"Unsere Praktikums- und Stellenangebote - Dinard \u00c9meraude Tourisme","robots":{"index":"index","follow":"follow","max-snippet":"max-snippet:-1","max-image-preview":"max-image-preview:large","max-video-preview":"max-video-preview:-1"},"canonical":"https:\/\/www.dinardemeraudetourisme.com\/de\/aufenthalt-an-der-cote-demeraude\/praktische-informationen\/entdecken-sie-unser-tourismusbuero\/unsere-praktikums-und-stellenangebote\/","og_locale":"de_DE","og_type":"article","og_title":"Unsere Praktikums- und Stellenangebote - Dinard \u00c9meraude Tourisme","og_description":"Dinard - Saint-Lunaire - Saint-Briac-sur-Mer - Lancieux - La Richardais - Pleurtuit - Le Minihic-sur-Rance - Tr\u00e9m\u00e9reuc","og_url":"https:\/\/www.dinardemeraudetourisme.com\/de\/aufenthalt-an-der-cote-demeraude\/praktische-informationen\/entdecken-sie-unser-tourismusbuero\/unsere-praktikums-und-stellenangebote\/","og_site_name":"Dinard \u00c9meraude Tourisme","article_modified_time":"2025-01-24T14:29:08+00:00","og_image":[{"width":2048,"height":1365,"url":"https:\/\/www.dinardemeraudetourisme.com\/app\/uploads\/2024\/05\/img_6188.webp","type":"image\/webp"}],"twitter_card":"summary_large_image","schema":{"@context":"https:\/\/schema.org","@graph":[{"@type":"WebPage","@id":"https:\/\/www.dinardemeraudetourisme.com\/de\/aufenthalt-an-der-cote-demeraude\/praktische-informationen\/entdecken-sie-unser-tourismusbuero\/unsere-praktikums-und-stellenangebote\/","url":"https:\/\/www.dinardemeraudetourisme.com\/de\/aufenthalt-an-der-cote-demeraude\/praktische-informationen\/entdecken-sie-unser-tourismusbuero\/unsere-praktikums-und-stellenangebote\/","name":"Unsere Praktikums- und Stellenangebote - Dinard \u00c9meraude Tourisme","isPartOf":{"@id":"https:\/\/www.dinardemeraudetourisme.com\/de\/#website"},"primaryImageOfPage":{"@id":"https:\/\/www.dinardemeraudetourisme.com\/de\/aufenthalt-an-der-cote-demeraude\/praktische-informationen\/entdecken-sie-unser-tourismusbuero\/unsere-praktikums-und-stellenangebote\/#primaryimage"},"image":{"@id":"https:\/\/www.dinardemeraudetourisme.com\/de\/aufenthalt-an-der-cote-demeraude\/praktische-informationen\/entdecken-sie-unser-tourismusbuero\/unsere-praktikums-und-stellenangebote\/#primaryimage"},"thumbnailUrl":"https:\/\/www.dinardemeraudetourisme.com\/app\/uploads\/2024\/05\/img_6188-1024x683.webp","datePublished":"2024-04-10T13:23:47+00:00","dateModified":"2025-01-24T14:29:08+00:00","breadcrumb":{"@id":"https:\/\/www.dinardemeraudetourisme.com\/de\/aufenthalt-an-der-cote-demeraude\/praktische-informationen\/entdecken-sie-unser-tourismusbuero\/unsere-praktikums-und-stellenangebote\/#breadcrumb"},"inLanguage":"de-DE","potentialAction":[{"@type":"ReadAction","target":["https:\/\/www.dinardemeraudetourisme.com\/de\/aufenthalt-an-der-cote-demeraude\/praktische-informationen\/entdecken-sie-unser-tourismusbuero\/unsere-praktikums-und-stellenangebote\/"]}]},{"@type":"ImageObject","inLanguage":"de-DE","@id":"https:\/\/www.dinardemeraudetourisme.com\/de\/aufenthalt-an-der-cote-demeraude\/praktische-informationen\/entdecken-sie-unser-tourismusbuero\/unsere-praktikums-und-stellenangebote\/#primaryimage","url":"https:\/\/www.dinardemeraudetourisme.com\/app\/uploads\/2024\/05\/img_6188-1024x683.webp","contentUrl":"https:\/\/www.dinardemeraudetourisme.com\/app\/uploads\/2024\/05\/img_6188-1024x683.webp"},{"@type":"WebSite","@id":"https:\/\/www.dinardemeraudetourisme.com\/de\/#website","url":"https:\/\/www.dinardemeraudetourisme.com\/de\/","name":"Dinard \u00c9meraude Tourisme","description":"","potentialAction":[{"@type":"SearchAction","target":{"@type":"EntryPoint","urlTemplate":"https:\/\/www.dinardemeraudetourisme.com\/de\/?s={search_term_string}"},"query-input":{"@type":"PropertyValueSpecification","valueRequired":true,"valueName":"search_term_string"}}],"inLanguage":"de-DE"}]}},"_links":{"self":[{"href":"https:\/\/www.dinardemeraudetourisme.com\/de\/wp-json\/wp\/v2\/pages\/12412","targetHints":{"allow":["GET"]}}],"collection":[{"href":"https:\/\/www.dinardemeraudetourisme.com\/de\/wp-json\/wp\/v2\/pages"}],"about":[{"href":"https:\/\/www.dinardemeraudetourisme.com\/de\/wp-json\/wp\/v2\/types\/page"}],"author":[{"embeddable":true,"href":"https:\/\/www.dinardemeraudetourisme.com\/de\/wp-json\/wp\/v2\/users\/1"}],"replies":[{"embeddable":true,"href":"https:\/\/www.dinardemeraudetourisme.com\/de\/wp-json\/wp\/v2\/comments?post=12412"}],"version-history":[{"count":4,"href":"https:\/\/www.dinardemeraudetourisme.com\/de\/wp-json\/wp\/v2\/pages\/12412\/revisions"}],"predecessor-version":[{"id":13124,"href":"https:\/\/www.dinardemeraudetourisme.com\/de\/wp-json\/wp\/v2\/pages\/12412\/revisions\/13124"}],"up":[{"embeddable":true,"href":"https:\/\/www.dinardemeraudetourisme.com\/de\/wp-json\/wp\/v2\/pages\/12403"}],"wp:attachment":[{"href":"https:\/\/www.dinardemeraudetourisme.com\/de\/wp-json\/wp\/v2\/media?parent=12412"}],"curies":[{"name":"wp","href":"https:\/\/api.w.org\/{rel}","templated":true}]}}