{"id":12364,"date":"2024-04-10T15:05:50","date_gmt":"2024-04-10T13:05:50","guid":{"rendered":"https:\/\/www.dinardemeraudetourisme.com?page_id=12364"},"modified":"2025-02-05T09:34:39","modified_gmt":"2025-02-05T08:34:39","slug":"aufenthalt-an-der-cote-demeraude","status":"publish","type":"page","link":"https:\/\/www.dinardemeraudetourisme.com\/de\/aufenthalt-an-der-cote-demeraude\/","title":{"rendered":"Aufenthalt an der C\u00f4te d&#8217;\u00c9meraude"},"content":{"rendered":"\n<p>SEin Aufenthalt an der Smaragdk\u00fcste bietet dank der vielf\u00e4ltigen Unterk\u00fcnfte und Gourmetrestaurants ein unvergessliches Erlebnis.<\/p>\n\n\n\n<p>W\u00e4hlen Sie in&nbsp;<strong><a href=\"https:\/\/www.dinardemeraudetourisme.com\/de\/erkunden\/8-paradiese-der-emeraude\/\" target=\"_blank\" rel=\"noreferrer noopener\">Dinard C\u00f4te d&#8217;\u00c9meraude<\/a><\/strong>&nbsp;zwischen charmanten Hotels, einladenden G\u00e4stezimmern und komfortablen Ferienwohnungen. Genie\u00dfen Sie von Ihrem Balkon aus den atemberaubenden Meerblick.<\/p>\n\n\n\n<p>Das gastronomische Angebot ist zahlreich und lecker. Probieren Sie frische Meeresfr\u00fcchte und bretonische Spezialit\u00e4ten in lokalen Restaurants. Die traditionellen Cr\u00eaperien erfreuen Jung und Alt mit ihren leckeren Pfannkuchen.<\/p>\n\n\n\n<p>F\u00fcr Ihren Urlaub&nbsp;<strong><a href=\"https:\/\/www.bretagne-reisen.de\/\" target=\"_blank\" rel=\"noreferrer noopener\">in der Bretagne<\/a><\/strong>&nbsp;stehen Ihnen mehrere L\u00f6sungen zur Verf\u00fcgung. Befolgen Sie unsere Ratschl\u00e4ge, um sicher an Ihrem Ziel anzukommen.<\/p>\n\n\n\n<p>Erkunden Sie dort die feinen Sandstr\u00e4nde, K\u00fcstenwege und charmanten bretonischen D\u00f6rfer. Lassen Sie sich f\u00fcr einen gelungenen Aufenthalt von der Sch\u00f6nheit und Gastfreundschaft dieser einzigartigen Region verf\u00fchren. Ein Aufenthalt an der&nbsp;<strong><a href=\"https:\/\/www.dinardemeraudetourisme.com\/de\/erkunden\/8-paradiese-der-emeraude\/\" target=\"_blank\" rel=\"noreferrer noopener\">Smaragdk\u00fcste<\/a><\/strong>&nbsp;verspricht einen unvergesslichen Urlaub.<\/p>\n\n\n<section class=\"acf cards-grid align wp-block-acf-cards-grid\" id=\"block_1677189c4b5025ffc96d89c7c9262810\">\n\t<div class=\"container\">\n\t\t\t\t\t\t\t\t\t\t\t<div class=\"cards odd-grid\">\n\t\t\t\t\t\t\t\t\t\t\t\t<div class=\"card swiper-slide hover-active\">\n\t\t\t\t\t\t\t\t\t\t\t\t\t<div class=\"background-image\">\n\t\t\t\t\t\t\t\t<picture>\n\t\t\t\t\t\t\t\t\t<source type=\"image\/webp\" srcset=\"https:\/\/www.dinardemeraudetourisme.com\/app\/uploads\/2024\/05\/126-sensation-bretagne-dinard-creperie-du-roy-studio-jezequel-2023-1024x683.webp, https:\/\/www.dinardemeraudetourisme.com\/app\/uploads\/2024\/05\/126-sensation-bretagne-dinard-creperie-du-roy-studio-jezequel-2023-1024x683@2x.webp 2x\" media=\"(max-width: 425px)\">\n\t\t\t\t\t\t\t\t\t<source type=\"image\/jpeg\" srcset=\"https:\/\/www.dinardemeraudetourisme.com\/app\/uploads\/2024\/05\/126-sensation-bretagne-dinard-creperie-du-roy-studio-jezequel-2023-1024x683.jpg, https:\/\/www.dinardemeraudetourisme.com\/app\/uploads\/2024\/05\/126-sensation-bretagne-dinard-creperie-du-roy-studio-jezequel-2023-1024x683@2x.jpg 2x\" media=\"(max-width: 425px)\">\n\t\t\t\t\t\t\t\t\t<source type=\"image\/webp\" srcset=\"https:\/\/www.dinardemeraudetourisme.com\/app\/uploads\/2024\/05\/126-sensation-bretagne-dinard-creperie-du-roy-studio-jezequel-2023-1024x683.webp, https:\/\/www.dinardemeraudetourisme.com\/app\/uploads\/2024\/05\/126-sensation-bretagne-dinard-creperie-du-roy-studio-jezequel-2023-1024x683@2x.webp 2x\">\n\t\t\t\t\t\t\t\t\t<source type=\"image\/jpeg\" srcset=\"https:\/\/www.dinardemeraudetourisme.com\/app\/uploads\/2024\/05\/126-sensation-bretagne-dinard-creperie-du-roy-studio-jezequel-2023-1024x683.jpg, https:\/\/www.dinardemeraudetourisme.com\/app\/uploads\/2024\/05\/126-sensation-bretagne-dinard-creperie-du-roy-studio-jezequel-2023-1024x683@2x.jpg 2x\" media=\"(min-width: 426px)\">\n\t\t\t\t\t\t\t\t\t<img fetchpriority=\"high\" decoding=\"async\" loading=\"eager\" src=\"https:\/\/www.dinardemeraudetourisme.com\/app\/uploads\/2024\/05\/126-sensation-bretagne-dinard-creperie-du-roy-studio-jezequel-2023-1024x683.jpg\" alt=\"Un ma\u00eetre cr\u00eapier cuisine une galette de sarrasin. la photo zoom sur ses mains.\" width=\"360\" height=\"600\"\/>\n\t\t\t\t\t\t\t\t<\/picture>\n\t\t\t\t\t\t\t<\/div>\n\t\t\t\t\t\t\t\t\t\t\t\t<div class=\"content\">\n\t\t\t\t\t\t\t<div class=\"inner\">\n\t\t\t\t\t\t\t\t\t\t\t\t\t\t\t\t\t\t\t\t\t\t\t\t\t<h5 class=\"titre\"> Wo essen?<\/h5>\n\t\t\t\t\t\t\t\t\t\t\t\t\t\t\t\t\t\t\t\t\t\t\t\t\t<div class=\"contenu\">Freundlich, trendig oder schick, die von uns angebotenen Restaurants werden Ihre aktuellen W\u00fcnsche erf\u00fcllen.<\/div>\n\t\t\t\t\t\t\t\t\t\t\t\t\t\t\t\t\t\t\t\t\t\t\t\t\t<span class=\"btn-arrow\">Entdecken<\/span>\n\t\t\t\t\t\t\t\t\t\t\t\t\t\t\t<\/div>\n\t\t\t\t\t\t<\/div>\n\t\t\t\t\t\t\t\t\t\t\t\t\t<a href=\"https:\/\/www.dinardemeraudetourisme.com\/de\/aufenthalt-an-der-cote-demeraude\/wo-essen\/\" target=\"\" class=\"lien\">Entdecken Wo essen?<\/a>\n\t\t\t\t\t\t\t\t\t\t\t<\/div>\n\t\t\t\t\t\t\t\t\t<div class=\"card swiper-slide hover-active\">\n\t\t\t\t\t\t\t\t\t\t\t\t\t<div class=\"background-image\">\n\t\t\t\t\t\t\t\t<picture>\n\t\t\t\t\t\t\t\t\t<source type=\"image\/webp\" srcset=\"https:\/\/www.dinardemeraudetourisme.com\/app\/uploads\/2025\/02\/gites-cabanes-boem-pleurtuit-photo-french-wanderers-scaled-1-1-1024x683.webp, https:\/\/www.dinardemeraudetourisme.com\/app\/uploads\/2025\/02\/gites-cabanes-boem-pleurtuit-photo-french-wanderers-scaled-1-1-1024x683@2x.webp 2x\" media=\"(max-width: 425px)\">\n\t\t\t\t\t\t\t\t\t<source type=\"image\/jpeg\" srcset=\"https:\/\/www.dinardemeraudetourisme.com\/app\/uploads\/2025\/02\/gites-cabanes-boem-pleurtuit-photo-french-wanderers-scaled-1-1-1024x683.jpg, https:\/\/www.dinardemeraudetourisme.com\/app\/uploads\/2025\/02\/gites-cabanes-boem-pleurtuit-photo-french-wanderers-scaled-1-1-1024x683@2x.jpg 2x\" media=\"(max-width: 425px)\">\n\t\t\t\t\t\t\t\t\t<source type=\"image\/webp\" srcset=\"https:\/\/www.dinardemeraudetourisme.com\/app\/uploads\/2025\/02\/gites-cabanes-boem-pleurtuit-photo-french-wanderers-scaled-1-1-1024x683.webp, https:\/\/www.dinardemeraudetourisme.com\/app\/uploads\/2025\/02\/gites-cabanes-boem-pleurtuit-photo-french-wanderers-scaled-1-1-1024x683@2x.webp 2x\">\n\t\t\t\t\t\t\t\t\t<source type=\"image\/jpeg\" srcset=\"https:\/\/www.dinardemeraudetourisme.com\/app\/uploads\/2025\/02\/gites-cabanes-boem-pleurtuit-photo-french-wanderers-scaled-1-1-1024x683.jpg, https:\/\/www.dinardemeraudetourisme.com\/app\/uploads\/2025\/02\/gites-cabanes-boem-pleurtuit-photo-french-wanderers-scaled-1-1-1024x683@2x.jpg 2x\" media=\"(min-width: 426px)\">\n\t\t\t\t\t\t\t\t\t<img decoding=\"async\" loading=\"eager\" src=\"https:\/\/www.dinardemeraudetourisme.com\/app\/uploads\/2025\/02\/gites-cabanes-boem-pleurtuit-photo-french-wanderers-scaled-1-1-1024x683.jpg\" alt=\"Gites Cabanes Boem Pleurtuit Photo French Wanderers Scaled 1\" width=\"360\" height=\"600\"\/>\n\t\t\t\t\t\t\t\t<\/picture>\n\t\t\t\t\t\t\t<\/div>\n\t\t\t\t\t\t\t\t\t\t\t\t<div class=\"content\">\n\t\t\t\t\t\t\t<div class=\"inner\">\n\t\t\t\t\t\t\t\t\t\t\t\t\t\t\t\t\t\t\t\t\t\t\t\t\t<h5 class=\"titre\"> Wo schlafen?<\/h5>\n\t\t\t\t\t\t\t\t\t\t\t\t\t\t\t\t\t\t\t\t\t\t\t\t\t<div class=\"contenu\">F\u00fcr Ihren Aufenthalt in der Bretagne \u00f6ffnen Ihnen die Unterk\u00fcnfte in Dinard C\u00f4te d&#8217;\u00c9meraude ihre T\u00fcren.<\/div>\n\t\t\t\t\t\t\t\t\t\t\t\t\t\t\t\t\t\t\t\t\t\t\t\t\t<span class=\"btn-arrow\">Entdecken<\/span>\n\t\t\t\t\t\t\t\t\t\t\t\t\t\t\t<\/div>\n\t\t\t\t\t\t<\/div>\n\t\t\t\t\t\t\t\t\t\t\t\t\t<a href=\"https:\/\/www.dinardemeraudetourisme.com\/de\/aufenthalt-an-der-cote-demeraude\/wo-uebernachten\/\" target=\"\" class=\"lien\">Entdecken Wo schlafen?<\/a>\n\t\t\t\t\t\t\t\t\t\t\t<\/div>\n\t\t\t\t\t\t\t\t\t<div class=\"card swiper-slide hover-active\">\n\t\t\t\t\t\t\t\t\t\t\t\t\t<div class=\"background-image\">\n\t\t\t\t\t\t\t\t<picture>\n\t\t\t\t\t\t\t\t\t<source type=\"image\/webp\" srcset=\"https:\/\/www.dinardemeraudetourisme.com\/app\/uploads\/2024\/04\/accueil-conseil-vente.webp, https:\/\/www.dinardemeraudetourisme.com\/app\/uploads\/2024\/04\/accueil-conseil-vente@2x.webp 2x\" media=\"(max-width: 425px)\">\n\t\t\t\t\t\t\t\t\t<source type=\"image\/jpeg\" srcset=\"https:\/\/www.dinardemeraudetourisme.com\/app\/uploads\/2024\/04\/accueil-conseil-vente.jpg, https:\/\/www.dinardemeraudetourisme.com\/app\/uploads\/2024\/04\/accueil-conseil-vente@2x.jpg 2x\" media=\"(max-width: 425px)\">\n\t\t\t\t\t\t\t\t\t<source type=\"image\/webp\" srcset=\"https:\/\/www.dinardemeraudetourisme.com\/app\/uploads\/2024\/04\/accueil-conseil-vente.webp, https:\/\/www.dinardemeraudetourisme.com\/app\/uploads\/2024\/04\/accueil-conseil-vente@2x.webp 2x\">\n\t\t\t\t\t\t\t\t\t<source type=\"image\/jpeg\" srcset=\"https:\/\/www.dinardemeraudetourisme.com\/app\/uploads\/2024\/04\/accueil-conseil-vente.jpg, https:\/\/www.dinardemeraudetourisme.com\/app\/uploads\/2024\/04\/accueil-conseil-vente@2x.jpg 2x\" media=\"(min-width: 426px)\">\n\t\t\t\t\t\t\t\t\t<img decoding=\"async\" loading=\"eager\" src=\"https:\/\/www.dinardemeraudetourisme.com\/app\/uploads\/2024\/04\/accueil-conseil-vente.jpg\" alt=\"\u00c0\" width=\"360\" height=\"600\"\/>\n\t\t\t\t\t\t\t\t<\/picture>\n\t\t\t\t\t\t\t<\/div>\n\t\t\t\t\t\t\t\t\t\t\t\t<div class=\"content\">\n\t\t\t\t\t\t\t<div class=\"inner\">\n\t\t\t\t\t\t\t\t\t\t\t\t\t\t\t\t\t\t\t\t\t\t\t\t\t<h5 class=\"titre\"> Praktisch<\/h5>\n\t\t\t\t\t\t\t\t\t\t\t\t\t\t\t\t\t\t\t\t\t\t\t\t\t<div class=\"contenu\">Wir unterst\u00fctzen und begleiten Sie bei der Organisation Ihres Urlaubs!<\/div>\n\t\t\t\t\t\t\t\t\t\t\t\t\t\t\t\t\t\t\t\t\t\t\t\t\t<span class=\"btn-arrow\">Entdecken<\/span>\n\t\t\t\t\t\t\t\t\t\t\t\t\t\t\t<\/div>\n\t\t\t\t\t\t<\/div>\n\t\t\t\t\t\t\t\t\t\t\t\t\t<a href=\"https:\/\/www.dinardemeraudetourisme.com\/de\/aufenthalt-an-der-cote-demeraude\/praktische-informationen\/\" target=\"\" class=\"lien\">Entdecken Praktisch<\/a>\n\t\t\t\t\t\t\t\t\t\t\t<\/div>\n\t\t\t\t\t\t\t<\/div>\n\t\t\t<\/div>\n<\/section>\n\n\n<h2 class=\"wp-block-heading\">Gute Gr\u00fcnde, in der Bretagne Urlaub zu machen<\/h2>\n\n\n\n<ol class=\"wp-block-list\">\n<li><strong>Atemberaubende Landschaften<\/strong>&nbsp;. Die Bretagne bietet eine Vielfalt atemberaubender Landschaften: steile Klippen, feine Sandstr\u00e4nde, gr\u00fcne W\u00e4lder und charmante K\u00fcstend\u00f6rfer. Jede Ecke dieser Region verspricht Ihnen spektakul\u00e4re Ausblicke und unber\u00fchrte Natur.<\/li>\n\n\n\n<li><strong>Das reiche kulturelle und historische Erbe<\/strong>&nbsp;. Erkunden Sie Burgen, Festungen, Megalithen und historische St\u00e4dte. Die Bretagne ist auch f\u00fcr ihre keltischen Traditionen und lebhaften Kulturfestivals bekannt.<\/li>\n\n\n\n<li><strong>Gastronomie<\/strong>&nbsp;. G\u00f6nnen Sie sich bretonische Spezialit\u00e4ten wie Cr\u00eapes und Galettes, frische Meeresfr\u00fcchte, Kouign-Amann und Apfelwein. Die lokalen M\u00e4rkte und Restaurants der Gegend sind Sch\u00e4tze f\u00fcr Feinschmecker.<\/li>\n\n\n\n<li><strong>Aktivit\u00e4ten mitten in der Natur<\/strong>&nbsp;. Outdoor-Enthusiasten kommen in der Bretagne auf ihre Kosten. Wandern Sie entlang des Z\u00f6llnerwegs (GR34), betreiben Sie Wassersport, radeln Sie oder reiten Sie an den Str\u00e4nden.<\/li>\n\n\n\n<li><strong>Die Bretonen<\/strong>&nbsp;. Die Bretonen sind f\u00fcr ihre Gastfreundschaft und Freundlichkeit bekannt. Sie werden sich dort immer willkommen f\u00fchlen.<\/li>\n<\/ol>\n","protected":false},"excerpt":{"rendered":"<p>SEin Aufenthalt an der Smaragdk\u00fcste bietet dank der vielf\u00e4ltigen Unterk\u00fcnfte und Gourmetrestaurants ein unvergessliches Erlebnis. W\u00e4hlen Sie in&nbsp;Dinard C\u00f4te d&#8217;\u00c9meraude&nbsp;zwischen charmanten Hotels, einladenden G\u00e4stezimmern und komfortablen Ferienwohnungen. Genie\u00dfen Sie von Ihrem Balkon aus den atemberaubenden Meerblick. Das gastronomische Angebot ist zahlreich und lecker. Probieren Sie frische Meeresfr\u00fcchte und bretonische Spezialit\u00e4ten in lokalen Restaurants. Die traditionellen [&hellip;]<\/p>\n","protected":false},"author":1,"featured_media":1973,"parent":0,"menu_order":0,"comment_status":"closed","ping_status":"closed","template":"template-header-large.php","meta":{"_acf_changed":false,"footnotes":""},"class_list":["post-12364","page","type-page","status-publish","has-post-thumbnail","hentry"],"acf":[],"yoast_head":"<!-- This site is optimized with the Yoast SEO plugin v27.1.1 - https:\/\/yoast.com\/product\/yoast-seo-wordpress\/ -->\n<title>Aufenthalt an der C\u00f4te d&#039;\u00c9meraude - Dinard \u00c9meraude Tourisme<\/title>\n<meta name=\"robots\" content=\"index, follow, max-snippet:-1, max-image-preview:large, max-video-preview:-1\" \/>\n<link rel=\"canonical\" href=\"https:\/\/www.dinardemeraudetourisme.com\/de\/aufenthalt-an-der-cote-demeraude\/\" \/>\n<meta property=\"og:locale\" content=\"de_DE\" \/>\n<meta property=\"og:type\" content=\"article\" \/>\n<meta property=\"og:title\" content=\"Aufenthalt an der C\u00f4te d&#039;\u00c9meraude - Dinard \u00c9meraude Tourisme\" \/>\n<meta property=\"og:description\" content=\"SEin Aufenthalt an der Smaragdk\u00fcste bietet dank der vielf\u00e4ltigen Unterk\u00fcnfte und Gourmetrestaurants ein unvergessliches Erlebnis. W\u00e4hlen Sie in&nbsp;Dinard C\u00f4te d&#8217;\u00c9meraude&nbsp;zwischen charmanten Hotels, einladenden G\u00e4stezimmern und komfortablen Ferienwohnungen. Genie\u00dfen Sie von Ihrem Balkon aus den atemberaubenden Meerblick. Das gastronomische Angebot ist zahlreich und lecker. Probieren Sie frische Meeresfr\u00fcchte und bretonische Spezialit\u00e4ten in lokalen Restaurants. Die traditionellen [&hellip;]\" \/>\n<meta property=\"og:url\" content=\"https:\/\/www.dinardemeraudetourisme.com\/de\/aufenthalt-an-der-cote-demeraude\/\" \/>\n<meta property=\"og:site_name\" content=\"Dinard \u00c9meraude Tourisme\" \/>\n<meta property=\"article:modified_time\" content=\"2025-02-05T08:34:39+00:00\" \/>\n<meta property=\"og:image\" content=\"https:\/\/www.dinardemeraudetourisme.com\/app\/uploads\/2024\/04\/1m7a1190dinard-1950x1300-1.webp\" \/>\n\t<meta property=\"og:image:width\" content=\"1950\" \/>\n\t<meta property=\"og:image:height\" content=\"1300\" \/>\n\t<meta property=\"og:image:type\" content=\"image\/webp\" \/>\n<meta name=\"twitter:card\" content=\"summary_large_image\" \/>\n<meta name=\"twitter:label1\" content=\"Gesch\u00e4tzte Lesezeit\" \/>\n\t<meta name=\"twitter:data1\" content=\"2 minutes\" \/>\n<script type=\"application\/ld+json\" class=\"yoast-schema-graph\">{\"@context\":\"https:\/\/schema.org\",\"@graph\":[{\"@type\":\"WebPage\",\"@id\":\"https:\/\/www.dinardemeraudetourisme.com\/de\/aufenthalt-an-der-cote-demeraude\/\",\"url\":\"https:\/\/www.dinardemeraudetourisme.com\/de\/aufenthalt-an-der-cote-demeraude\/\",\"name\":\"Aufenthalt an der C\u00f4te d'\u00c9meraude - Dinard \u00c9meraude Tourisme\",\"isPartOf\":{\"@id\":\"https:\/\/www.dinardemeraudetourisme.com\/de\/#website\"},\"primaryImageOfPage\":{\"@id\":\"https:\/\/www.dinardemeraudetourisme.com\/de\/aufenthalt-an-der-cote-demeraude\/#primaryimage\"},\"image\":{\"@id\":\"https:\/\/www.dinardemeraudetourisme.com\/de\/aufenthalt-an-der-cote-demeraude\/#primaryimage\"},\"thumbnailUrl\":\"https:\/\/www.dinardemeraudetourisme.com\/app\/uploads\/2024\/04\/1m7a1190dinard-1950x1300-1.webp\",\"datePublished\":\"2024-04-10T13:05:50+00:00\",\"dateModified\":\"2025-02-05T08:34:39+00:00\",\"breadcrumb\":{\"@id\":\"https:\/\/www.dinardemeraudetourisme.com\/de\/aufenthalt-an-der-cote-demeraude\/#breadcrumb\"},\"inLanguage\":\"de-DE\",\"potentialAction\":[{\"@type\":\"ReadAction\",\"target\":[\"https:\/\/www.dinardemeraudetourisme.com\/de\/aufenthalt-an-der-cote-demeraude\/\"]}]},{\"@type\":\"ImageObject\",\"inLanguage\":\"de-DE\",\"@id\":\"https:\/\/www.dinardemeraudetourisme.com\/de\/aufenthalt-an-der-cote-demeraude\/#primaryimage\",\"url\":\"https:\/\/www.dinardemeraudetourisme.com\/app\/uploads\/2024\/04\/1m7a1190dinard-1950x1300-1.webp\",\"contentUrl\":\"https:\/\/www.dinardemeraudetourisme.com\/app\/uploads\/2024\/04\/1m7a1190dinard-1950x1300-1.webp\",\"width\":1950,\"height\":1300,\"caption\":\"Une petite fille pointe du doigt la plage de la Grande Salinette \u00e0 Saint-Briac. En arri\u00e8re-plan, on aper\u00e7oit l'h\u00f4tel du Nessay, baign\u00e9 par la lumi\u00e8re du soleil.\"},{\"@type\":\"BreadcrumbList\",\"@id\":\"https:\/\/www.dinardemeraudetourisme.com\/de\/aufenthalt-an-der-cote-demeraude\/#breadcrumb\",\"itemListElement\":[{\"@type\":\"ListItem\",\"position\":1,\"name\":\"Accueil\",\"item\":\"https:\/\/www.dinardemeraudetourisme.com\/de\/\"},{\"@type\":\"ListItem\",\"position\":2,\"name\":\"Aufenthalt an der C\u00f4te d&#8217;\u00c9meraude\"}]},{\"@type\":\"WebSite\",\"@id\":\"https:\/\/www.dinardemeraudetourisme.com\/de\/#website\",\"url\":\"https:\/\/www.dinardemeraudetourisme.com\/de\/\",\"name\":\"Dinard \u00c9meraude Tourisme\",\"description\":\"\",\"potentialAction\":[{\"@type\":\"SearchAction\",\"target\":{\"@type\":\"EntryPoint\",\"urlTemplate\":\"https:\/\/www.dinardemeraudetourisme.com\/de\/?s={search_term_string}\"},\"query-input\":{\"@type\":\"PropertyValueSpecification\",\"valueRequired\":true,\"valueName\":\"search_term_string\"}}],\"inLanguage\":\"de-DE\"}]}<\/script>\n<!-- \/ Yoast SEO plugin. -->","yoast_head_json":{"title":"Aufenthalt an der C\u00f4te d'\u00c9meraude - Dinard \u00c9meraude Tourisme","robots":{"index":"index","follow":"follow","max-snippet":"max-snippet:-1","max-image-preview":"max-image-preview:large","max-video-preview":"max-video-preview:-1"},"canonical":"https:\/\/www.dinardemeraudetourisme.com\/de\/aufenthalt-an-der-cote-demeraude\/","og_locale":"de_DE","og_type":"article","og_title":"Aufenthalt an der C\u00f4te d'\u00c9meraude - Dinard \u00c9meraude Tourisme","og_description":"SEin Aufenthalt an der Smaragdk\u00fcste bietet dank der vielf\u00e4ltigen Unterk\u00fcnfte und Gourmetrestaurants ein unvergessliches Erlebnis. W\u00e4hlen Sie in&nbsp;Dinard C\u00f4te d&#8217;\u00c9meraude&nbsp;zwischen charmanten Hotels, einladenden G\u00e4stezimmern und komfortablen Ferienwohnungen. Genie\u00dfen Sie von Ihrem Balkon aus den atemberaubenden Meerblick. Das gastronomische Angebot ist zahlreich und lecker. Probieren Sie frische Meeresfr\u00fcchte und bretonische Spezialit\u00e4ten in lokalen Restaurants. Die traditionellen [&hellip;]","og_url":"https:\/\/www.dinardemeraudetourisme.com\/de\/aufenthalt-an-der-cote-demeraude\/","og_site_name":"Dinard \u00c9meraude Tourisme","article_modified_time":"2025-02-05T08:34:39+00:00","og_image":[{"width":1950,"height":1300,"url":"https:\/\/www.dinardemeraudetourisme.com\/app\/uploads\/2024\/04\/1m7a1190dinard-1950x1300-1.webp","type":"image\/webp"}],"twitter_card":"summary_large_image","twitter_misc":{"Gesch\u00e4tzte Lesezeit":"2 minutes"},"schema":{"@context":"https:\/\/schema.org","@graph":[{"@type":"WebPage","@id":"https:\/\/www.dinardemeraudetourisme.com\/de\/aufenthalt-an-der-cote-demeraude\/","url":"https:\/\/www.dinardemeraudetourisme.com\/de\/aufenthalt-an-der-cote-demeraude\/","name":"Aufenthalt an der C\u00f4te d'\u00c9meraude - Dinard \u00c9meraude Tourisme","isPartOf":{"@id":"https:\/\/www.dinardemeraudetourisme.com\/de\/#website"},"primaryImageOfPage":{"@id":"https:\/\/www.dinardemeraudetourisme.com\/de\/aufenthalt-an-der-cote-demeraude\/#primaryimage"},"image":{"@id":"https:\/\/www.dinardemeraudetourisme.com\/de\/aufenthalt-an-der-cote-demeraude\/#primaryimage"},"thumbnailUrl":"https:\/\/www.dinardemeraudetourisme.com\/app\/uploads\/2024\/04\/1m7a1190dinard-1950x1300-1.webp","datePublished":"2024-04-10T13:05:50+00:00","dateModified":"2025-02-05T08:34:39+00:00","breadcrumb":{"@id":"https:\/\/www.dinardemeraudetourisme.com\/de\/aufenthalt-an-der-cote-demeraude\/#breadcrumb"},"inLanguage":"de-DE","potentialAction":[{"@type":"ReadAction","target":["https:\/\/www.dinardemeraudetourisme.com\/de\/aufenthalt-an-der-cote-demeraude\/"]}]},{"@type":"ImageObject","inLanguage":"de-DE","@id":"https:\/\/www.dinardemeraudetourisme.com\/de\/aufenthalt-an-der-cote-demeraude\/#primaryimage","url":"https:\/\/www.dinardemeraudetourisme.com\/app\/uploads\/2024\/04\/1m7a1190dinard-1950x1300-1.webp","contentUrl":"https:\/\/www.dinardemeraudetourisme.com\/app\/uploads\/2024\/04\/1m7a1190dinard-1950x1300-1.webp","width":1950,"height":1300,"caption":"Une petite fille pointe du doigt la plage de la Grande Salinette \u00e0 Saint-Briac. En arri\u00e8re-plan, on aper\u00e7oit l'h\u00f4tel du Nessay, baign\u00e9 par la lumi\u00e8re du soleil."},{"@type":"BreadcrumbList","@id":"https:\/\/www.dinardemeraudetourisme.com\/de\/aufenthalt-an-der-cote-demeraude\/#breadcrumb","itemListElement":[{"@type":"ListItem","position":1,"name":"Accueil","item":"https:\/\/www.dinardemeraudetourisme.com\/de\/"},{"@type":"ListItem","position":2,"name":"Aufenthalt an der C\u00f4te d&#8217;\u00c9meraude"}]},{"@type":"WebSite","@id":"https:\/\/www.dinardemeraudetourisme.com\/de\/#website","url":"https:\/\/www.dinardemeraudetourisme.com\/de\/","name":"Dinard \u00c9meraude Tourisme","description":"","potentialAction":[{"@type":"SearchAction","target":{"@type":"EntryPoint","urlTemplate":"https:\/\/www.dinardemeraudetourisme.com\/de\/?s={search_term_string}"},"query-input":{"@type":"PropertyValueSpecification","valueRequired":true,"valueName":"search_term_string"}}],"inLanguage":"de-DE"}]}},"_links":{"self":[{"href":"https:\/\/www.dinardemeraudetourisme.com\/de\/wp-json\/wp\/v2\/pages\/12364","targetHints":{"allow":["GET"]}}],"collection":[{"href":"https:\/\/www.dinardemeraudetourisme.com\/de\/wp-json\/wp\/v2\/pages"}],"about":[{"href":"https:\/\/www.dinardemeraudetourisme.com\/de\/wp-json\/wp\/v2\/types\/page"}],"author":[{"embeddable":true,"href":"https:\/\/www.dinardemeraudetourisme.com\/de\/wp-json\/wp\/v2\/users\/1"}],"replies":[{"embeddable":true,"href":"https:\/\/www.dinardemeraudetourisme.com\/de\/wp-json\/wp\/v2\/comments?post=12364"}],"version-history":[{"count":7,"href":"https:\/\/www.dinardemeraudetourisme.com\/de\/wp-json\/wp\/v2\/pages\/12364\/revisions"}],"predecessor-version":[{"id":14092,"href":"https:\/\/www.dinardemeraudetourisme.com\/de\/wp-json\/wp\/v2\/pages\/12364\/revisions\/14092"}],"wp:featuredmedia":[{"embeddable":true,"href":"https:\/\/www.dinardemeraudetourisme.com\/de\/wp-json\/wp\/v2\/media\/1973"}],"wp:attachment":[{"href":"https:\/\/www.dinardemeraudetourisme.com\/de\/wp-json\/wp\/v2\/media?parent=12364"}],"curies":[{"name":"wp","href":"https:\/\/api.w.org\/{rel}","templated":true}]}}