{"id":12332,"date":"2024-04-18T10:32:37","date_gmt":"2024-04-18T08:32:37","guid":{"rendered":"https:\/\/www.dinardemeraudetourisme.com?page_id=12332"},"modified":"2025-01-15T12:25:28","modified_gmt":"2025-01-15T11:25:28","slug":"die-lokalen-bretonischen-koestlichkeiten-probieren","status":"publish","type":"page","link":"https:\/\/www.dinardemeraudetourisme.com\/de\/erkunden\/die-lokalen-bretonischen-koestlichkeiten-probieren\/","title":{"rendered":"Die lokalen bretonischen K\u00f6stlichkeiten probieren"},"content":{"rendered":"\n<h2 class=\"wp-block-heading\">Reisen geht auch durch den Magen!<\/h2>\n\n\n\n<p>Genie\u00dfen Sie w\u00e4hrend Ihres Urlaubs die bretonischen Aromen! Entdecken Sie die lokalen und saisonalen Produkte, die unsere Region so bekannt machen. Wir verraten Ihnen all unsere Geheimnisse f\u00fcr ein gelungenes Rezept \u2013 zusammen mit der kulinarischen Abenteurerin \u201eLa Baroudeuse Culinaire\u201c! Sie zeigt uns, wie man ein einfaches und leckeres Rezept mit k\u00f6stlichen lokalen Zutaten zubereitet \u2013 ideal auch zum Nachkochen mit Kindern!<\/p>\n\n\n\n<h2 class=\"wp-block-heading\"><br>Begegnung mit Maud, der &#8220;Baroudeuse Culinaire&#8221;<\/h2>\n\n\n\n<div class=\"wp-block-columns is-layout-flex wp-container-core-columns-is-layout-28f84493 wp-block-columns-is-layout-flex\">\n<div class=\"wp-block-column is-layout-flow wp-block-column-is-layout-flow\" style=\"flex-basis:33.33%\">\n<figure class=\"wp-block-image alignright size-full\"><img loading=\"lazy\" decoding=\"async\" width=\"167\" height=\"250\" src=\"https:\/\/www.dinardemeraudetourisme.com\/app\/uploads\/2024\/04\/photo-baroudeuse-167x250-1.webp\" alt=\"Baroudeuse culinaire, bloggeuse culinaire et yoga sur la c\u00f4te d'\u00c9meraude. Maud a cr\u00e9\u00e9 une recette locale bretonne pour l'office de tourisme de Dinard C\u00f4te d'\u00c9meraude\" class=\"wp-image-2809\" srcset=\"https:\/\/www.dinardemeraudetourisme.com\/app\/uploads\/2024\/04\/photo-baroudeuse-167x250-1.webp 167w, https:\/\/www.dinardemeraudetourisme.com\/app\/uploads\/2024\/04\/photo-baroudeuse-167x250-1-13x20.webp 13w, https:\/\/www.dinardemeraudetourisme.com\/app\/uploads\/2024\/04\/photo-baroudeuse-167x250-1-33x50.webp 33w, https:\/\/www.dinardemeraudetourisme.com\/app\/uploads\/2024\/04\/photo-baroudeuse-167x250-1-20x30.webp 20w, https:\/\/www.dinardemeraudetourisme.com\/app\/uploads\/2024\/04\/photo-baroudeuse-167x250-1-40x60.webp 40w, https:\/\/www.dinardemeraudetourisme.com\/app\/uploads\/2024\/04\/photo-baroudeuse-167x250-1-53x80.webp 53w, https:\/\/www.dinardemeraudetourisme.com\/app\/uploads\/2024\/04\/photo-baroudeuse-167x250-1-94x140.webp 94w, https:\/\/www.dinardemeraudetourisme.com\/app\/uploads\/2024\/04\/photo-baroudeuse-167x250-1-107x160.webp 107w, https:\/\/www.dinardemeraudetourisme.com\/app\/uploads\/2024\/04\/photo-baroudeuse-167x250-1-27x40.webp 27w\" sizes=\"auto, (max-width: 167px) 100vw, 167px\" \/><\/figure>\n<\/div>\n\n\n\n<div class=\"wp-block-column is-layout-flow wp-block-column-is-layout-flow\" style=\"flex-basis:66.66%\">\n<p>Maud, la<strong>&nbsp;Baroudeuse Culinaire<\/strong>, une femme pleine vie, Cheffe, yogi et blogueuse !<\/p>\n\n\n\n<p>Maud, die Baroudeuse Culinaire, ist eine Frau voller Energie: K\u00f6chin, Yogi und Bloggerin!<\/p>\n\n\n\n<p>Mit einem bewussten und neugierigen Blick schaut sie auf die Bretonen, die sich f\u00fcr positive L\u00f6sungen f\u00fcr unsere Gesundheit und unsere Teller einsetzen.<\/p>\n\n\n\n<p>Ihre <a href=\"https:\/\/baroudeuseculinaire.fr\/\">Website<\/a> und ihr <a href=\"https:\/\/www.instagram.com\/baroudeuseculinaire\/\">Instagram<\/a>-Konto sind zu Plattformen des Austauschs geworden: mit guten Adressen, Selfie-Rezepten, Reisetipps und umweltfreundlichen Ideen.<\/p>\n<\/div>\n<\/div>\n\n\n\n<h2 class=\"wp-block-heading\"><br>Ihr Rezept<\/h2>\n\n\n\n<p><strong>SAMOUSSAS AUS BUCHWEIZENGALETTE MIT SPINAT, LAUCH UND BRETONISCHEM TOMME<\/strong><\/p>\n\n\n\n<p>\u00dcberraschen Sie Ihre G\u00e4ste mit einer Neuinterpretation der traditionellen Buchweizengalette in Form von Samoussas. Die Galettes (oder Buchweizencr\u00eapes, je nach Region in der Bretagne) geh\u00f6ren zu den beliebtesten lokalen K\u00f6stlichkeiten!<br>Hier wird die F\u00fcllung vegetarisch zubereitet, doch dieses Rezept passt auch wunderbar zu Meeresfr\u00fcchten.<\/p>\n\n\n\n<figure class=\"wp-block-image aligncenter size-large\"><img loading=\"lazy\" decoding=\"async\" width=\"1024\" height=\"683\" src=\"https:\/\/www.dinardemeraudetourisme.com\/app\/uploads\/2024\/04\/img_0315-1950x1300-1-1024x683.webp\" alt=\"Samoussa de galette de bl\u00e9 noir. Une recette cr\u00e9\u00e9e par la Baroudeuse culinaire avec des produits locaux de Bretagne de printemps.\" class=\"wp-image-2211\" srcset=\"https:\/\/www.dinardemeraudetourisme.com\/app\/uploads\/2024\/04\/img_0315-1950x1300-1-1024x683.webp 1024w, https:\/\/www.dinardemeraudetourisme.com\/app\/uploads\/2024\/04\/img_0315-1950x1300-1-300x200.webp 300w, https:\/\/www.dinardemeraudetourisme.com\/app\/uploads\/2024\/04\/img_0315-1950x1300-1-768x512.webp 768w, https:\/\/www.dinardemeraudetourisme.com\/app\/uploads\/2024\/04\/img_0315-1950x1300-1-1536x1024.webp 1536w, https:\/\/www.dinardemeraudetourisme.com\/app\/uploads\/2024\/04\/img_0315-1950x1300-1-20x13.webp 20w, https:\/\/www.dinardemeraudetourisme.com\/app\/uploads\/2024\/04\/img_0315-1950x1300-1-50x33.webp 50w, https:\/\/www.dinardemeraudetourisme.com\/app\/uploads\/2024\/04\/img_0315-1950x1300-1-45x30.webp 45w, https:\/\/www.dinardemeraudetourisme.com\/app\/uploads\/2024\/04\/img_0315-1950x1300-1-60x40.webp 60w, https:\/\/www.dinardemeraudetourisme.com\/app\/uploads\/2024\/04\/img_0315-1950x1300-1-80x53.webp 80w, https:\/\/www.dinardemeraudetourisme.com\/app\/uploads\/2024\/04\/img_0315-1950x1300-1-110x73.webp 110w, https:\/\/www.dinardemeraudetourisme.com\/app\/uploads\/2024\/04\/img_0315-1950x1300-1-160x107.webp 160w, https:\/\/www.dinardemeraudetourisme.com\/app\/uploads\/2024\/04\/img_0315-1950x1300-1-250x167.webp 250w, https:\/\/www.dinardemeraudetourisme.com\/app\/uploads\/2024\/04\/img_0315-1950x1300-1-1200x800.webp 1200w, https:\/\/www.dinardemeraudetourisme.com\/app\/uploads\/2024\/04\/img_0315-1950x1300-1-1800x1200.webp 1800w, https:\/\/www.dinardemeraudetourisme.com\/app\/uploads\/2024\/04\/img_0315-1950x1300-1.webp 1950w\" sizes=\"auto, (max-width: 1024px) 100vw, 1024px\" \/><\/figure>\n\n\n\n<div class=\"wp-block-columns is-layout-flex wp-container-core-columns-is-layout-28f84493 wp-block-columns-is-layout-flex\">\n<div class=\"wp-block-column is-layout-flow wp-block-column-is-layout-flow\">\n<h4 class=\"wp-block-heading\">Zutaten f\u00fcr 8 gro\u00dfe Samoussas<\/h4>\n\n\n\n<ul class=\"wp-block-list\">\n<li>4 Buchweizengalettes<\/li>\n\n\n\n<li>1 Lauch<\/li>\n\n\n\n<li>1 Schalotte<\/li>\n\n\n\n<li>500 g frischer Spinat<\/li>\n\n\n\n<li>2 Champignons<\/li>\n\n\n\n<li>100 g bretonischer Tomme<\/li>\n\n\n\n<li>einige Zweige frische Petersilie<\/li>\n\n\n\n<li>1 Prise Currypulver<\/li>\n\n\n\n<li>gesalzene Butter<\/li>\n\n\n\n<li>Salz \/ Pfeffer<\/li>\n<\/ul>\n<\/div>\n\n\n\n<div class=\"wp-block-column is-layout-flow wp-block-column-is-layout-flow\">\n<h4 class=\"wp-block-heading\">Zubereitung<\/h4>\n\n\n\n<p><strong>1. Gem\u00fcse vorbereiten<\/strong><br>Lauch und Schalotte fein hacken. Champignons in Scheiben schneiden.<\/p>\n\n\n\n<p><strong>2. Gem\u00fcse and\u00fcnsten<\/strong><br>Lauch, Schalotte und Champignons in einer gro\u00dfz\u00fcgigen Menge Butter anschwitzen, bis sie weich sind. Mit Curry, Salz und Pfeffer w\u00fcrzen. Umr\u00fchren und beiseite stellen.<\/p>\n\n\n\n<p><strong>3. K\u00e4se vorbereiten<\/strong><br>Den K\u00e4se in St\u00fccke schneiden.<\/p>\n\n\n\n<p><strong>4. Samoussas formen<\/strong><br>Achten Sie darauf, die Samoussas nicht zu stark zu f\u00fcllen, damit sie sich leicht schlie\u00dfen lassen.<\/p>\n\n\n\n<p>5. Verschlie\u00dfen Sie die Samoussas gut und braten Sie sie mit etwas gesalzener Butter in der Pfanne goldbraun.<\/p>\n\n\n\n<p>6. Schneiden Sie die Galettes in zwei Halbkreise.<\/p>\n\n\n\n<p>7. Geben Sie einen Teel\u00f6ffel der F\u00fcllung und ein St\u00fcck K\u00e4se in eine Ecke jedes Halbkreises.<\/p>\n\n\n\n<p>8. Falten Sie die Galettes dreieckig, um die typische Samoussas-Form zu erhalten.<\/p>\n\n\n\n<p><br>Guten Appetit! \/ <strong>Bon app\u00e9tit !<\/strong><\/p>\n<\/div>\n<\/div>\n\n\n\n<h2 class=\"wp-block-heading\"><br>In Bildern<\/h2>\n\n\n\n<p>Entdecken Sie dieses Rezept, zubereitet in einer magischen Kulisse in Lancieux!<\/p>\n\n\n\n<figure class=\"wp-block-embed is-type-video is-provider-youtube wp-block-embed-youtube wp-embed-aspect-16-9 wp-has-aspect-ratio\"><div class=\"wp-block-embed__wrapper\">\n<iframe loading=\"lazy\" title=\"RECETTE LOCALE - La Baroudeuse Culinaire \u00e0 Dinard C\u00f4te d&#039;\u00c9meraude\" width=\"500\" height=\"281\" src=\"https:\/\/www.youtube.com\/embed\/Sq_i1PEXNzk?feature=oembed\" frameborder=\"0\" allow=\"accelerometer; autoplay; clipboard-write; encrypted-media; gyroscope; picture-in-picture; web-share\" referrerpolicy=\"strict-origin-when-cross-origin\" allowfullscreen><\/iframe>\n<\/div><\/figure>\n\n\n\n<h2 class=\"wp-block-heading\"><\/h2>\n","protected":false},"excerpt":{"rendered":"<p>Reisen geht auch durch den Magen! Genie\u00dfen Sie w\u00e4hrend Ihres Urlaubs die bretonischen Aromen! Entdecken Sie die lokalen und saisonalen Produkte, die unsere Region so bekannt machen. Wir verraten Ihnen all unsere Geheimnisse f\u00fcr ein gelungenes Rezept \u2013 zusammen mit der kulinarischen Abenteurerin \u201eLa Baroudeuse Culinaire\u201c! Sie zeigt uns, wie man ein einfaches und leckeres [&hellip;]<\/p>\n","protected":false},"author":1,"featured_media":2213,"parent":11994,"menu_order":21,"comment_status":"closed","ping_status":"closed","template":"template-header-large.php","meta":{"_acf_changed":false,"footnotes":""},"class_list":["post-12332","page","type-page","status-publish","has-post-thumbnail","hentry"],"acf":[],"yoast_head":"<!-- This site is optimized with the Yoast SEO plugin v27.1.1 - https:\/\/yoast.com\/product\/yoast-seo-wordpress\/ -->\n<title>Die lokalen bretonischen K\u00f6stlichkeiten probieren - Dinard \u00c9meraude Tourisme<\/title>\n<meta name=\"description\" content=\"Die lokalen bretonischen K\u00f6stlichkeiten probieren. Genie\u00dfen Sie w\u00e4hrend Ihres Urlaubs die bretonischen Aromen!\" \/>\n<meta name=\"robots\" content=\"index, follow, max-snippet:-1, max-image-preview:large, max-video-preview:-1\" \/>\n<link rel=\"canonical\" href=\"https:\/\/www.dinardemeraudetourisme.com\/de\/erkunden\/die-lokalen-bretonischen-koestlichkeiten-probieren\/\" \/>\n<meta property=\"og:locale\" content=\"de_DE\" \/>\n<meta property=\"og:type\" content=\"article\" \/>\n<meta property=\"og:title\" content=\"Die lokalen bretonischen K\u00f6stlichkeiten probieren - Dinard \u00c9meraude Tourisme\" \/>\n<meta property=\"og:description\" content=\"Die lokalen bretonischen K\u00f6stlichkeiten probieren. Genie\u00dfen Sie w\u00e4hrend Ihres Urlaubs die bretonischen Aromen!\" \/>\n<meta property=\"og:url\" content=\"https:\/\/www.dinardemeraudetourisme.com\/de\/erkunden\/die-lokalen-bretonischen-koestlichkeiten-probieren\/\" \/>\n<meta property=\"og:site_name\" content=\"Dinard \u00c9meraude Tourisme\" \/>\n<meta property=\"article:modified_time\" content=\"2025-01-15T11:25:28+00:00\" \/>\n<meta property=\"og:image\" content=\"https:\/\/www.dinardemeraudetourisme.com\/app\/uploads\/2024\/04\/img_0315-1950x1300-1.webp\" \/>\n\t<meta property=\"og:image:width\" content=\"1950\" \/>\n\t<meta property=\"og:image:height\" content=\"1300\" \/>\n\t<meta property=\"og:image:type\" content=\"image\/webp\" \/>\n<meta name=\"twitter:card\" content=\"summary_large_image\" \/>\n<meta name=\"twitter:label1\" content=\"Gesch\u00e4tzte Lesezeit\" \/>\n\t<meta name=\"twitter:data1\" content=\"3 minutes\" \/>\n<script type=\"application\/ld+json\" class=\"yoast-schema-graph\">{\"@context\":\"https:\/\/schema.org\",\"@graph\":[{\"@type\":\"WebPage\",\"@id\":\"https:\/\/www.dinardemeraudetourisme.com\/de\/erkunden\/die-lokalen-bretonischen-koestlichkeiten-probieren\/\",\"url\":\"https:\/\/www.dinardemeraudetourisme.com\/de\/erkunden\/die-lokalen-bretonischen-koestlichkeiten-probieren\/\",\"name\":\"Die lokalen bretonischen K\u00f6stlichkeiten probieren - Dinard \u00c9meraude Tourisme\",\"isPartOf\":{\"@id\":\"https:\/\/www.dinardemeraudetourisme.com\/de\/#website\"},\"primaryImageOfPage\":{\"@id\":\"https:\/\/www.dinardemeraudetourisme.com\/de\/erkunden\/die-lokalen-bretonischen-koestlichkeiten-probieren\/#primaryimage\"},\"image\":{\"@id\":\"https:\/\/www.dinardemeraudetourisme.com\/de\/erkunden\/die-lokalen-bretonischen-koestlichkeiten-probieren\/#primaryimage\"},\"thumbnailUrl\":\"https:\/\/www.dinardemeraudetourisme.com\/app\/uploads\/2024\/04\/img_0315-1950x1300-1.webp\",\"datePublished\":\"2024-04-18T08:32:37+00:00\",\"dateModified\":\"2025-01-15T11:25:28+00:00\",\"description\":\"Die lokalen bretonischen K\u00f6stlichkeiten probieren. Genie\u00dfen Sie w\u00e4hrend Ihres Urlaubs die bretonischen Aromen!\",\"breadcrumb\":{\"@id\":\"https:\/\/www.dinardemeraudetourisme.com\/de\/erkunden\/die-lokalen-bretonischen-koestlichkeiten-probieren\/#breadcrumb\"},\"inLanguage\":\"de-DE\",\"potentialAction\":[{\"@type\":\"ReadAction\",\"target\":[\"https:\/\/www.dinardemeraudetourisme.com\/de\/erkunden\/die-lokalen-bretonischen-koestlichkeiten-probieren\/\"]}]},{\"@type\":\"ImageObject\",\"inLanguage\":\"de-DE\",\"@id\":\"https:\/\/www.dinardemeraudetourisme.com\/de\/erkunden\/die-lokalen-bretonischen-koestlichkeiten-probieren\/#primaryimage\",\"url\":\"https:\/\/www.dinardemeraudetourisme.com\/app\/uploads\/2024\/04\/img_0315-1950x1300-1.webp\",\"contentUrl\":\"https:\/\/www.dinardemeraudetourisme.com\/app\/uploads\/2024\/04\/img_0315-1950x1300-1.webp\",\"width\":1950,\"height\":1300,\"caption\":\"Samoussa de galette de bl\u00e9 noir. Une recette cr\u00e9\u00e9e par la Baroudeuse culinaire avec des produits locaux de Bretagne de printemps.\"},{\"@type\":\"WebSite\",\"@id\":\"https:\/\/www.dinardemeraudetourisme.com\/de\/#website\",\"url\":\"https:\/\/www.dinardemeraudetourisme.com\/de\/\",\"name\":\"Dinard \u00c9meraude Tourisme\",\"description\":\"\",\"potentialAction\":[{\"@type\":\"SearchAction\",\"target\":{\"@type\":\"EntryPoint\",\"urlTemplate\":\"https:\/\/www.dinardemeraudetourisme.com\/de\/?s={search_term_string}\"},\"query-input\":{\"@type\":\"PropertyValueSpecification\",\"valueRequired\":true,\"valueName\":\"search_term_string\"}}],\"inLanguage\":\"de-DE\"}]}<\/script>\n<!-- \/ Yoast SEO plugin. -->","yoast_head_json":{"title":"Die lokalen bretonischen K\u00f6stlichkeiten probieren - Dinard \u00c9meraude Tourisme","description":"Die lokalen bretonischen K\u00f6stlichkeiten probieren. Genie\u00dfen Sie w\u00e4hrend Ihres Urlaubs die bretonischen Aromen!","robots":{"index":"index","follow":"follow","max-snippet":"max-snippet:-1","max-image-preview":"max-image-preview:large","max-video-preview":"max-video-preview:-1"},"canonical":"https:\/\/www.dinardemeraudetourisme.com\/de\/erkunden\/die-lokalen-bretonischen-koestlichkeiten-probieren\/","og_locale":"de_DE","og_type":"article","og_title":"Die lokalen bretonischen K\u00f6stlichkeiten probieren - Dinard \u00c9meraude Tourisme","og_description":"Die lokalen bretonischen K\u00f6stlichkeiten probieren. Genie\u00dfen Sie w\u00e4hrend Ihres Urlaubs die bretonischen Aromen!","og_url":"https:\/\/www.dinardemeraudetourisme.com\/de\/erkunden\/die-lokalen-bretonischen-koestlichkeiten-probieren\/","og_site_name":"Dinard \u00c9meraude Tourisme","article_modified_time":"2025-01-15T11:25:28+00:00","og_image":[{"width":1950,"height":1300,"url":"https:\/\/www.dinardemeraudetourisme.com\/app\/uploads\/2024\/04\/img_0315-1950x1300-1.webp","type":"image\/webp"}],"twitter_card":"summary_large_image","twitter_misc":{"Gesch\u00e4tzte Lesezeit":"3 minutes"},"schema":{"@context":"https:\/\/schema.org","@graph":[{"@type":"WebPage","@id":"https:\/\/www.dinardemeraudetourisme.com\/de\/erkunden\/die-lokalen-bretonischen-koestlichkeiten-probieren\/","url":"https:\/\/www.dinardemeraudetourisme.com\/de\/erkunden\/die-lokalen-bretonischen-koestlichkeiten-probieren\/","name":"Die lokalen bretonischen K\u00f6stlichkeiten probieren - Dinard \u00c9meraude Tourisme","isPartOf":{"@id":"https:\/\/www.dinardemeraudetourisme.com\/de\/#website"},"primaryImageOfPage":{"@id":"https:\/\/www.dinardemeraudetourisme.com\/de\/erkunden\/die-lokalen-bretonischen-koestlichkeiten-probieren\/#primaryimage"},"image":{"@id":"https:\/\/www.dinardemeraudetourisme.com\/de\/erkunden\/die-lokalen-bretonischen-koestlichkeiten-probieren\/#primaryimage"},"thumbnailUrl":"https:\/\/www.dinardemeraudetourisme.com\/app\/uploads\/2024\/04\/img_0315-1950x1300-1.webp","datePublished":"2024-04-18T08:32:37+00:00","dateModified":"2025-01-15T11:25:28+00:00","description":"Die lokalen bretonischen K\u00f6stlichkeiten probieren. Genie\u00dfen Sie w\u00e4hrend Ihres Urlaubs die bretonischen Aromen!","breadcrumb":{"@id":"https:\/\/www.dinardemeraudetourisme.com\/de\/erkunden\/die-lokalen-bretonischen-koestlichkeiten-probieren\/#breadcrumb"},"inLanguage":"de-DE","potentialAction":[{"@type":"ReadAction","target":["https:\/\/www.dinardemeraudetourisme.com\/de\/erkunden\/die-lokalen-bretonischen-koestlichkeiten-probieren\/"]}]},{"@type":"ImageObject","inLanguage":"de-DE","@id":"https:\/\/www.dinardemeraudetourisme.com\/de\/erkunden\/die-lokalen-bretonischen-koestlichkeiten-probieren\/#primaryimage","url":"https:\/\/www.dinardemeraudetourisme.com\/app\/uploads\/2024\/04\/img_0315-1950x1300-1.webp","contentUrl":"https:\/\/www.dinardemeraudetourisme.com\/app\/uploads\/2024\/04\/img_0315-1950x1300-1.webp","width":1950,"height":1300,"caption":"Samoussa de galette de bl\u00e9 noir. Une recette cr\u00e9\u00e9e par la Baroudeuse culinaire avec des produits locaux de Bretagne de printemps."},{"@type":"WebSite","@id":"https:\/\/www.dinardemeraudetourisme.com\/de\/#website","url":"https:\/\/www.dinardemeraudetourisme.com\/de\/","name":"Dinard \u00c9meraude Tourisme","description":"","potentialAction":[{"@type":"SearchAction","target":{"@type":"EntryPoint","urlTemplate":"https:\/\/www.dinardemeraudetourisme.com\/de\/?s={search_term_string}"},"query-input":{"@type":"PropertyValueSpecification","valueRequired":true,"valueName":"search_term_string"}}],"inLanguage":"de-DE"}]}},"_links":{"self":[{"href":"https:\/\/www.dinardemeraudetourisme.com\/de\/wp-json\/wp\/v2\/pages\/12332","targetHints":{"allow":["GET"]}}],"collection":[{"href":"https:\/\/www.dinardemeraudetourisme.com\/de\/wp-json\/wp\/v2\/pages"}],"about":[{"href":"https:\/\/www.dinardemeraudetourisme.com\/de\/wp-json\/wp\/v2\/types\/page"}],"author":[{"embeddable":true,"href":"https:\/\/www.dinardemeraudetourisme.com\/de\/wp-json\/wp\/v2\/users\/1"}],"replies":[{"embeddable":true,"href":"https:\/\/www.dinardemeraudetourisme.com\/de\/wp-json\/wp\/v2\/comments?post=12332"}],"version-history":[{"count":2,"href":"https:\/\/www.dinardemeraudetourisme.com\/de\/wp-json\/wp\/v2\/pages\/12332\/revisions"}],"predecessor-version":[{"id":12479,"href":"https:\/\/www.dinardemeraudetourisme.com\/de\/wp-json\/wp\/v2\/pages\/12332\/revisions\/12479"}],"up":[{"embeddable":true,"href":"https:\/\/www.dinardemeraudetourisme.com\/de\/wp-json\/wp\/v2\/pages\/11994"}],"wp:featuredmedia":[{"embeddable":true,"href":"https:\/\/www.dinardemeraudetourisme.com\/de\/wp-json\/wp\/v2\/media\/2213"}],"wp:attachment":[{"href":"https:\/\/www.dinardemeraudetourisme.com\/de\/wp-json\/wp\/v2\/media?parent=12332"}],"curies":[{"name":"wp","href":"https:\/\/api.w.org\/{rel}","templated":true}]}}