{"id":12267,"date":"2024-04-18T13:42:43","date_gmt":"2024-04-18T11:42:43","guid":{"rendered":"https:\/\/www.dinardemeraudetourisme.com?page_id=12267"},"modified":"2026-02-02T12:31:34","modified_gmt":"2026-02-02T11:31:34","slug":"ausgehen","status":"publish","type":"page","link":"https:\/\/www.dinardemeraudetourisme.com\/de\/sehenswertes-und-aktivitaeten\/ausgehen\/","title":{"rendered":"Ausgehen"},"content":{"rendered":"\n<p>Nutzen Sie die Sommersaison, um abends auszugehen! Feuerwerke erhellen den Nachthimmel und sorgen f\u00fcr ein atemberaubendes visuelles Spektakel. In Kinos werden internationale und unabh\u00e4ngige Filme gezeigt, w\u00e4hrend Konzerte und Veranstaltungss\u00e4le lokale und internationale K\u00fcnstler zu unvergesslichen Auftritten einladen.&nbsp;<\/p>\n\n\n\n<p>Tauchen Sie ein in das kulturelle Leben der&nbsp;<strong><a href=\"https:\/\/www.dinardemeraudetourisme.com\/de\/erkunden\/8-paradiese-der-emeraude\/\" target=\"_blank\" rel=\"noreferrer noopener\">Smaragdk\u00fcste<\/a><\/strong>&nbsp;und lassen Sie sich von ihren vielen k\u00fcnstlerischen und musikalischen Sch\u00e4tzen mitrei\u00dfen.<\/p>\n\n\n<section class=\"acf cards-grid align wp-block-acf-cards-grid\" id=\"block_277afc9ca83156653306fdbf4ac324e8\">\n\t<div class=\"container\">\n\t\t\t\t\t\t\t\t\t\t\t<div class=\"cards six-cards\">\n\t\t\t\t\t\t\t\t\t\t\t\t<div class=\"card swiper-slide hover-active\">\n\t\t\t\t\t\t\t\t\t\t\t\t\t<div class=\"background-image\">\n\t\t\t\t\t\t\t\t<picture>\n\t\t\t\t\t\t\t\t\t<source type=\"image\/webp\" srcset=\"https:\/\/www.dinardemeraudetourisme.com\/app\/uploads\/2024\/03\/le-dome-by-camping-port-blanc-dinard-cfrancois-rouzel.webp, https:\/\/www.dinardemeraudetourisme.com\/app\/uploads\/2024\/03\/le-dome-by-camping-port-blanc-dinard-cfrancois-rouzel@2x.webp 2x\" media=\"(max-width: 425px)\">\n\t\t\t\t\t\t\t\t\t<source type=\"image\/jpeg\" srcset=\"https:\/\/www.dinardemeraudetourisme.com\/app\/uploads\/2024\/03\/le-dome-by-camping-port-blanc-dinard-cfrancois-rouzel.jpg, https:\/\/www.dinardemeraudetourisme.com\/app\/uploads\/2024\/03\/le-dome-by-camping-port-blanc-dinard-cfrancois-rouzel@2x.jpg 2x\" media=\"(max-width: 425px)\">\n\t\t\t\t\t\t\t\t\t<source type=\"image\/webp\" srcset=\"https:\/\/www.dinardemeraudetourisme.com\/app\/uploads\/2024\/03\/le-dome-by-camping-port-blanc-dinard-cfrancois-rouzel.webp, https:\/\/www.dinardemeraudetourisme.com\/app\/uploads\/2024\/03\/le-dome-by-camping-port-blanc-dinard-cfrancois-rouzel@2x.webp 2x\">\n\t\t\t\t\t\t\t\t\t<source type=\"image\/jpeg\" srcset=\"https:\/\/www.dinardemeraudetourisme.com\/app\/uploads\/2024\/03\/le-dome-by-camping-port-blanc-dinard-cfrancois-rouzel.jpg, https:\/\/www.dinardemeraudetourisme.com\/app\/uploads\/2024\/03\/le-dome-by-camping-port-blanc-dinard-cfrancois-rouzel@2x.jpg 2x\" media=\"(min-width: 426px)\">\n\t\t\t\t\t\t\t\t\t<img fetchpriority=\"high\" decoding=\"async\" loading=\"eager\" src=\"https:\/\/www.dinardemeraudetourisme.com\/app\/uploads\/2024\/03\/le-dome-by-camping-port-blanc-dinard-cfrancois-rouzel.jpg\" alt=\"\" width=\"360\" height=\"600\"\/>\n\t\t\t\t\t\t\t\t<\/picture>\n\t\t\t\t\t\t\t<\/div>\n\t\t\t\t\t\t\t\t\t\t\t\t<div class=\"content\">\n\t\t\t\t\t\t\t<div class=\"inner\">\n\t\t\t\t\t\t\t\t\t\t\t\t\t\t\t\t\t\t\t\t\t\t\t\t\t<h5 class=\"titre\"> Bars und Kneipen<\/h5>\n\t\t\t\t\t\t\t\t\t\t\t\t\t\t\t\t\t\t\t\t\t\t\t\t\t<div class=\"contenu\">Die Caf\u00e9s, Bars und Pubs der Smaragdk\u00fcste laden Sie ein, eine angenehme Zeit mit Familie oder Freunden zu verbringen.<\/div>\n\t\t\t\t\t\t\t\t\t\t\t\t\t\t\t\t\t\t\t\t\t\t\t\t\t<span class=\"btn-arrow\">Entdecken<\/span>\n\t\t\t\t\t\t\t\t\t\t\t\t\t\t\t<\/div>\n\t\t\t\t\t\t<\/div>\n\t\t\t\t\t\t\t\t\t\t\t\t\t<a href=\"https:\/\/www.dinardemeraudetourisme.com\/de\/sehenswertes-und-aktivitaeten\/ausgehen\/bars-und-pubs\/\" target=\"\" class=\"lien\">Entdecken Bars und Kneipen<\/a>\n\t\t\t\t\t\t\t\t\t\t\t<\/div>\n\t\t\t\t\t\t\t\t\t<div class=\"card swiper-slide hover-active\">\n\t\t\t\t\t\t\t\t\t\t\t\t\t<div class=\"background-image\">\n\t\t\t\t\t\t\t\t<picture>\n\t\t\t\t\t\t\t\t\t<source type=\"image\/webp\" srcset=\"https:\/\/www.dinardemeraudetourisme.com\/app\/uploads\/2024\/04\/casino-agroupe-barriere-1024x682.webp, https:\/\/www.dinardemeraudetourisme.com\/app\/uploads\/2024\/04\/casino-agroupe-barriere-1024x682@2x.webp 2x\" media=\"(max-width: 425px)\">\n\t\t\t\t\t\t\t\t\t<source type=\"image\/jpeg\" srcset=\"https:\/\/www.dinardemeraudetourisme.com\/app\/uploads\/2024\/04\/casino-agroupe-barriere-1024x682.jpg, https:\/\/www.dinardemeraudetourisme.com\/app\/uploads\/2024\/04\/casino-agroupe-barriere-1024x682@2x.jpg 2x\" media=\"(max-width: 425px)\">\n\t\t\t\t\t\t\t\t\t<source type=\"image\/webp\" srcset=\"https:\/\/www.dinardemeraudetourisme.com\/app\/uploads\/2024\/04\/casino-agroupe-barriere-1024x682.webp, https:\/\/www.dinardemeraudetourisme.com\/app\/uploads\/2024\/04\/casino-agroupe-barriere-1024x682@2x.webp 2x\">\n\t\t\t\t\t\t\t\t\t<source type=\"image\/jpeg\" srcset=\"https:\/\/www.dinardemeraudetourisme.com\/app\/uploads\/2024\/04\/casino-agroupe-barriere-1024x682.jpg, https:\/\/www.dinardemeraudetourisme.com\/app\/uploads\/2024\/04\/casino-agroupe-barriere-1024x682@2x.jpg 2x\" media=\"(min-width: 426px)\">\n\t\t\t\t\t\t\t\t\t<img decoding=\"async\" loading=\"eager\" src=\"https:\/\/www.dinardemeraudetourisme.com\/app\/uploads\/2024\/04\/casino-agroupe-barriere-1024x682.jpg\" alt=\"Casino Barri\u00e8re de Dinard. Un \u00e9tablissement vue sur mer ouvert toute l'ann\u00e9e. Profitez-en pour vous restaurer \u00e0 restaurant l'Appel du Large.\" width=\"360\" height=\"600\"\/>\n\t\t\t\t\t\t\t\t<\/picture>\n\t\t\t\t\t\t\t<\/div>\n\t\t\t\t\t\t\t\t\t\t\t\t<div class=\"content\">\n\t\t\t\t\t\t\t<div class=\"inner\">\n\t\t\t\t\t\t\t\t\t\t\t\t\t\t\t\t\t\t\t\t\t\t\t\t\t<h5 class=\"titre\">Kasino<\/h5>\n\t\t\t\t\t\t\t\t\t\t\t\t\t\t\t\t\t\t\t\t\t\t\t\t\t<div class=\"contenu\">Das Casino hei\u00dft Sie in seinem pr\u00e4chtigen Geb\u00e4ude mit gro\u00dfen Erkerfenstern von einem Ende zum anderen sowie einem Spielzimmer, einer&#8230;<\/div>\n\t\t\t\t\t\t\t\t\t\t\t\t\t\t\t\t\t\t\t\t\t\t\t\t\t<span class=\"btn-arrow\">Entdecken<\/span>\n\t\t\t\t\t\t\t\t\t\t\t\t\t\t\t<\/div>\n\t\t\t\t\t\t<\/div>\n\t\t\t\t\t\t\t\t\t\t\t\t\t<a href=\"https:\/\/www.dinardemeraudetourisme.com\/de\/sehenswertes-und-aktivitaeten\/ausgehen\/casino\/\" target=\"\" class=\"lien\">EntdeckenKasino<\/a>\n\t\t\t\t\t\t\t\t\t\t\t<\/div>\n\t\t\t\t\t\t\t\t\t<div class=\"card swiper-slide hover-active\">\n\t\t\t\t\t\t\t\t\t\t\t\t\t<div class=\"background-image\">\n\t\t\t\t\t\t\t\t<picture>\n\t\t\t\t\t\t\t\t\t<source type=\"image\/webp\" srcset=\"https:\/\/www.dinardemeraudetourisme.com\/app\/uploads\/2024\/05\/multicolored-fireworks-exploding-sky-night-1024x683.webp, https:\/\/www.dinardemeraudetourisme.com\/app\/uploads\/2024\/05\/multicolored-fireworks-exploding-sky-night-1024x683@2x.webp 2x\" media=\"(max-width: 425px)\">\n\t\t\t\t\t\t\t\t\t<source type=\"image\/jpeg\" srcset=\"https:\/\/www.dinardemeraudetourisme.com\/app\/uploads\/2024\/05\/multicolored-fireworks-exploding-sky-night-1024x683.jpg, https:\/\/www.dinardemeraudetourisme.com\/app\/uploads\/2024\/05\/multicolored-fireworks-exploding-sky-night-1024x683@2x.jpg 2x\" media=\"(max-width: 425px)\">\n\t\t\t\t\t\t\t\t\t<source type=\"image\/webp\" srcset=\"https:\/\/www.dinardemeraudetourisme.com\/app\/uploads\/2024\/05\/multicolored-fireworks-exploding-sky-night-1024x683.webp, https:\/\/www.dinardemeraudetourisme.com\/app\/uploads\/2024\/05\/multicolored-fireworks-exploding-sky-night-1024x683@2x.webp 2x\">\n\t\t\t\t\t\t\t\t\t<source type=\"image\/jpeg\" srcset=\"https:\/\/www.dinardemeraudetourisme.com\/app\/uploads\/2024\/05\/multicolored-fireworks-exploding-sky-night-1024x683.jpg, https:\/\/www.dinardemeraudetourisme.com\/app\/uploads\/2024\/05\/multicolored-fireworks-exploding-sky-night-1024x683@2x.jpg 2x\" media=\"(min-width: 426px)\">\n\t\t\t\t\t\t\t\t\t<img decoding=\"async\" loading=\"eager\" src=\"https:\/\/www.dinardemeraudetourisme.com\/app\/uploads\/2024\/05\/multicolored-fireworks-exploding-sky-night-1024x683.jpg\" alt=\"Photo d'un feu d'artifice tr\u00e8s color\u00e9 dans le ciel bien noir\" width=\"360\" height=\"600\"\/>\n\t\t\t\t\t\t\t\t<\/picture>\n\t\t\t\t\t\t\t<\/div>\n\t\t\t\t\t\t\t\t\t\t\t\t<div class=\"content\">\n\t\t\t\t\t\t\t<div class=\"inner\">\n\t\t\t\t\t\t\t\t\t\t\t\t\t\t\t\t\t\t\t\t\t\t\t\t\t<h5 class=\"titre\"> Feuerwerk<\/h5>\n\t\t\t\t\t\t\t\t\t\t\t\t\t\t\t\t\t\t\t\t\t\t\t\t\t<div class=\"contenu\">Die Gemeinden von Dinard C\u00f4te d&#8217;\u00c9meraude nehmen das Feuerwerk ernst und greifen auf die besten Pyrotechniker zur\u00fcck, um Ihnen die&#8230;<\/div>\n\t\t\t\t\t\t\t\t\t\t\t\t\t\t\t\t\t\t\t\t\t\t\t\t\t<span class=\"btn-arrow\">Entdecken<\/span>\n\t\t\t\t\t\t\t\t\t\t\t\t\t\t\t<\/div>\n\t\t\t\t\t\t<\/div>\n\t\t\t\t\t\t\t\t\t\t\t\t\t<a href=\"https:\/\/www.dinardemeraudetourisme.com\/de\/sehenswertes-und-aktivitaeten\/ausgehen\/feuerwerke-an-der-smaragdkueste\/\" target=\"_blank\" class=\"lien\">Entdecken Feuerwerk<\/a>\n\t\t\t\t\t\t\t\t\t\t\t<\/div>\n\t\t\t\t\t\t\t\t\t<div class=\"card swiper-slide hover-active\">\n\t\t\t\t\t\t\t\t\t\t\t\t\t<div class=\"background-image\">\n\t\t\t\t\t\t\t\t<picture>\n\t\t\t\t\t\t\t\t\t<source type=\"image\/webp\" srcset=\"https:\/\/www.dinardemeraudetourisme.com\/app\/uploads\/2024\/04\/salles-de-spectacle-aarstyy-1024x683.webp, https:\/\/www.dinardemeraudetourisme.com\/app\/uploads\/2024\/04\/salles-de-spectacle-aarstyy-1024x683@2x.webp 2x\" media=\"(max-width: 425px)\">\n\t\t\t\t\t\t\t\t\t<source type=\"image\/jpeg\" srcset=\"https:\/\/www.dinardemeraudetourisme.com\/app\/uploads\/2024\/04\/salles-de-spectacle-aarstyy-1024x683.jpg, https:\/\/www.dinardemeraudetourisme.com\/app\/uploads\/2024\/04\/salles-de-spectacle-aarstyy-1024x683@2x.jpg 2x\" media=\"(max-width: 425px)\">\n\t\t\t\t\t\t\t\t\t<source type=\"image\/webp\" srcset=\"https:\/\/www.dinardemeraudetourisme.com\/app\/uploads\/2024\/04\/salles-de-spectacle-aarstyy-1024x683.webp, https:\/\/www.dinardemeraudetourisme.com\/app\/uploads\/2024\/04\/salles-de-spectacle-aarstyy-1024x683@2x.webp 2x\">\n\t\t\t\t\t\t\t\t\t<source type=\"image\/jpeg\" srcset=\"https:\/\/www.dinardemeraudetourisme.com\/app\/uploads\/2024\/04\/salles-de-spectacle-aarstyy-1024x683.jpg, https:\/\/www.dinardemeraudetourisme.com\/app\/uploads\/2024\/04\/salles-de-spectacle-aarstyy-1024x683@2x.jpg 2x\" media=\"(min-width: 426px)\">\n\t\t\t\t\t\t\t\t\t<img decoding=\"async\" loading=\"eager\" src=\"https:\/\/www.dinardemeraudetourisme.com\/app\/uploads\/2024\/04\/salles-de-spectacle-aarstyy-1024x683.jpg\" alt=\"A voir, \u00e0 faire \u00e0 Dinard C\u00f4te d'Emeraude. Salles De Spectacle Aarstyy\" width=\"360\" height=\"600\"\/>\n\t\t\t\t\t\t\t\t<\/picture>\n\t\t\t\t\t\t\t<\/div>\n\t\t\t\t\t\t\t\t\t\t\t\t<div class=\"content\">\n\t\t\t\t\t\t\t<div class=\"inner\">\n\t\t\t\t\t\t\t\t\t\t\t\t\t\t\t\t\t\t\t\t\t\t\t\t\t<h5 class=\"titre\">Veranstaltungshallen<\/h5>\n\t\t\t\t\t\t\t\t\t\t\t\t\t\t\t\t\t\t\t\t\t\t\t\t\t<div class=\"contenu\">Das ganze Jahr \u00fcber werden zahlreiche Shows, Konzerte und Theaterst\u00fccke angeboten.<\/div>\n\t\t\t\t\t\t\t\t\t\t\t\t\t\t\t\t\t\t\t\t\t\t\t\t\t<span class=\"btn-arrow\">Entdecken<\/span>\n\t\t\t\t\t\t\t\t\t\t\t\t\t\t\t<\/div>\n\t\t\t\t\t\t<\/div>\n\t\t\t\t\t\t\t\t\t\t\t\t\t<a href=\"https:\/\/www.dinardemeraudetourisme.com\/de\/sehenswertes-und-aktivitaeten\/ausgehen\/veranstaltungsraeume\/\" target=\"_blank\" class=\"lien\">EntdeckenVeranstaltungshallen<\/a>\n\t\t\t\t\t\t\t\t\t\t\t<\/div>\n\t\t\t\t\t\t\t\t\t<div class=\"card swiper-slide hover-active\">\n\t\t\t\t\t\t\t\t\t\t\t\t\t<div class=\"background-image\">\n\t\t\t\t\t\t\t\t<picture>\n\t\t\t\t\t\t\t\t\t<source type=\"image\/webp\" srcset=\"https:\/\/www.dinardemeraudetourisme.com\/app\/uploads\/2024\/04\/emeraude-cinema-333x250-1.webp, https:\/\/www.dinardemeraudetourisme.com\/app\/uploads\/2024\/04\/emeraude-cinema-333x250-1@2x.webp 2x\" media=\"(max-width: 425px)\">\n\t\t\t\t\t\t\t\t\t<source type=\"image\/jpeg\" srcset=\"https:\/\/www.dinardemeraudetourisme.com\/app\/uploads\/2024\/04\/emeraude-cinema-333x250-1.jpg, https:\/\/www.dinardemeraudetourisme.com\/app\/uploads\/2024\/04\/emeraude-cinema-333x250-1@2x.jpg 2x\" media=\"(max-width: 425px)\">\n\t\t\t\t\t\t\t\t\t<source type=\"image\/webp\" srcset=\"https:\/\/www.dinardemeraudetourisme.com\/app\/uploads\/2024\/04\/emeraude-cinema-333x250-1.webp, https:\/\/www.dinardemeraudetourisme.com\/app\/uploads\/2024\/04\/emeraude-cinema-333x250-1@2x.webp 2x\">\n\t\t\t\t\t\t\t\t\t<source type=\"image\/jpeg\" srcset=\"https:\/\/www.dinardemeraudetourisme.com\/app\/uploads\/2024\/04\/emeraude-cinema-333x250-1.jpg, https:\/\/www.dinardemeraudetourisme.com\/app\/uploads\/2024\/04\/emeraude-cinema-333x250-1@2x.jpg 2x\" media=\"(min-width: 426px)\">\n\t\t\t\t\t\t\t\t\t<img decoding=\"async\" loading=\"eager\" src=\"https:\/\/www.dinardemeraudetourisme.com\/app\/uploads\/2024\/04\/emeraude-cinema-333x250-1.jpg\" alt=\"\u00c9meraude Cin\u00e9ma \u00e0 Dinard. Cin\u00e9ma d'art et d'essai dans le centre ville de Dinard.\nCette salle accueille le festival du Film britannique et le festival du cin\u00e9ma allemand.\" width=\"360\" height=\"600\"\/>\n\t\t\t\t\t\t\t\t<\/picture>\n\t\t\t\t\t\t\t<\/div>\n\t\t\t\t\t\t\t\t\t\t\t\t<div class=\"content\">\n\t\t\t\t\t\t\t<div class=\"inner\">\n\t\t\t\t\t\t\t\t\t\t\t\t\t\t\t\t\t\t\t\t\t\t\t\t\t<h5 class=\"titre\">Kinos<\/h5>\n\t\t\t\t\t\t\t\t\t\t\t\t\t\t\t\t\t\t\t\t\t\t\t\t\t<div class=\"contenu\">Die Kinos der Costa Smeralda liegen oft im Herzen von St\u00e4dten und nur einen Steinwurf von den Str\u00e4nden entfernt und&#8230;<\/div>\n\t\t\t\t\t\t\t\t\t\t\t\t\t\t\t\t\t\t\t\t\t\t\t\t\t<span class=\"btn-arrow\">Entdecken<\/span>\n\t\t\t\t\t\t\t\t\t\t\t\t\t\t\t<\/div>\n\t\t\t\t\t\t<\/div>\n\t\t\t\t\t\t\t\t\t\t\t\t\t<a href=\"https:\/\/www.dinardemeraudetourisme.com\/de\/sehenswertes-und-aktivitaeten\/ausgehen\/kinos\/\" target=\"\" class=\"lien\">EntdeckenKinos<\/a>\n\t\t\t\t\t\t\t\t\t\t\t<\/div>\n\t\t\t\t\t\t\t\t\t<div class=\"card swiper-slide hover-active\">\n\t\t\t\t\t\t\t\t\t\t\t\t\t<div class=\"background-image\">\n\t\t\t\t\t\t\t\t<picture>\n\t\t\t\t\t\t\t\t\t<source type=\"image\/webp\" srcset=\"https:\/\/www.dinardemeraudetourisme.com\/app\/uploads\/2024\/04\/accueil-office-presentation-plaquette-1024x683.webp, https:\/\/www.dinardemeraudetourisme.com\/app\/uploads\/2024\/04\/accueil-office-presentation-plaquette-1024x683@2x.webp 2x\" media=\"(max-width: 425px)\">\n\t\t\t\t\t\t\t\t\t<source type=\"image\/jpeg\" srcset=\"https:\/\/www.dinardemeraudetourisme.com\/app\/uploads\/2024\/04\/accueil-office-presentation-plaquette-1024x683.jpg, https:\/\/www.dinardemeraudetourisme.com\/app\/uploads\/2024\/04\/accueil-office-presentation-plaquette-1024x683@2x.jpg 2x\" media=\"(max-width: 425px)\">\n\t\t\t\t\t\t\t\t\t<source type=\"image\/webp\" srcset=\"https:\/\/www.dinardemeraudetourisme.com\/app\/uploads\/2024\/04\/accueil-office-presentation-plaquette-1024x683.webp, https:\/\/www.dinardemeraudetourisme.com\/app\/uploads\/2024\/04\/accueil-office-presentation-plaquette-1024x683@2x.webp 2x\">\n\t\t\t\t\t\t\t\t\t<source type=\"image\/jpeg\" srcset=\"https:\/\/www.dinardemeraudetourisme.com\/app\/uploads\/2024\/04\/accueil-office-presentation-plaquette-1024x683.jpg, https:\/\/www.dinardemeraudetourisme.com\/app\/uploads\/2024\/04\/accueil-office-presentation-plaquette-1024x683@2x.jpg 2x\" media=\"(min-width: 426px)\">\n\t\t\t\t\t\t\t\t\t<img decoding=\"async\" loading=\"eager\" src=\"https:\/\/www.dinardemeraudetourisme.com\/app\/uploads\/2024\/04\/accueil-office-presentation-plaquette-1024x683.jpg\" alt=\"\" width=\"360\" height=\"600\"\/>\n\t\t\t\t\t\t\t\t<\/picture>\n\t\t\t\t\t\t\t<\/div>\n\t\t\t\t\t\t\t\t\t\t\t\t<div class=\"content\">\n\t\t\t\t\t\t\t<div class=\"inner\">\n\t\t\t\t\t\t\t\t\t\t\t\t\t\t\t\t\t\t\t\t\t\t\t\t\t<h5 class=\"titre\">Buchung<\/h5>\n\t\t\t\t\t\t\t\t\t\t\t\t\t\t\t\t\t\t\t\t\t\t\t\t\t<div class=\"contenu\">Organisieren Sie Ihre kulturellen Ausfl\u00fcge und buchen Sie sie hier! Shows, Konzerte, F\u00fchrungen: Profitieren Sie von den Tarifen von Dinard&#8230;<\/div>\n\t\t\t\t\t\t\t\t\t\t\t\t\t\t\t\t\t\t\t\t\t\t\t\t\t<span class=\"btn-arrow\">Entdecken<\/span>\n\t\t\t\t\t\t\t\t\t\t\t\t\t\t\t<\/div>\n\t\t\t\t\t\t<\/div>\n\t\t\t\t\t\t\t\t\t\t\t\t\t<a href=\"https:\/\/billetterie.dinardemeraudetourisme.com\/\" target=\"_blank\" class=\"lien\">EntdeckenBuchung<\/a>\n\t\t\t\t\t\t\t\t\t\t\t<\/div>\n\t\t\t\t\t\t\t<\/div>\n\t\t\t<\/div>\n<\/section>\n\n\n<p>In Dinard an der Smaragdk\u00fcste erwarten Sie zahlreiche Unterhaltungsm\u00f6glichkeiten f\u00fcr Ihre Ausfl\u00fcge.<\/p>\n\n\n\n<p>Erstens die Bars und Pubs, die eine abwechslungsreiche Atmosph\u00e4re bieten, um Cocktails zu schl\u00fcrfen oder lokale Weine zu probieren. Anschlie\u00dfend k\u00f6nnen Sie bei Open-Air-Konzerten oder in intimen R\u00e4umen Live-Musik genie\u00dfen.<\/p>\n\n\n\n<p>Regelm\u00e4\u00dfig erhellen Feuerwerke den Sommerhimmel und sorgen f\u00fcr atemberaubende visuelle Spektakel.<\/p>\n\n\n\n<p>Dar\u00fcber hinaus bietet das Casino Dinard Spieleabende und Theater- oder Musikshows sowie spannende Konferenzen an.<\/p>\n\n\n\n<p>F\u00fcr diejenigen, die das Kino bevorzugen, zeigen mehrere Kinos die neuesten Blockbuster und Arthouse-Filme.<\/p>\n\n\n\n<p>Dar\u00fcber hinaus k\u00f6nnen Sie an einer speziellen Kasse Sitzpl\u00e4tze f\u00fcr lokale Shows, Theater, Tanz oder Comedy reservieren und so ein vielf\u00e4ltiges kulturelles Angebot genie\u00dfen. Wenn Sie abends ausgehen m\u00f6chten, sei es eine stimmungsvolle Party, ein spannendes Spielerlebnis oder ein entspannender Filmeabend &#8211; Dinard an der C\u00f4te d&#8217;\u00c9meraude verf\u00fcgt \u00fcber eine abwechslungsreiche Palette an Unterhaltungsangeboten f\u00fcr jeden Geschmack und jedes Alter<\/p>\n\n\n\n<p><\/p>\n","protected":false},"excerpt":{"rendered":"<p>Entdecken Sie den kulturellen Reichtum der Smaragdk\u00fcste bei einer Vielzahl von M\u00f6glichkeiten zum Ausgehen.<\/p>\n","protected":false},"author":1,"featured_media":2523,"parent":10130,"menu_order":9,"comment_status":"closed","ping_status":"closed","template":"template-header-large.php","meta":{"_acf_changed":false,"footnotes":""},"class_list":["post-12267","page","type-page","status-publish","has-post-thumbnail","hentry"],"acf":[],"yoast_head":"<!-- This site is optimized with the Yoast SEO plugin v27.1.1 - https:\/\/yoast.com\/product\/yoast-seo-wordpress\/ -->\n<title>Ausgehen - Dinard \u00c9meraude Tourisme<\/title>\n<meta name=\"robots\" content=\"index, follow, max-snippet:-1, max-image-preview:large, max-video-preview:-1\" \/>\n<link rel=\"canonical\" href=\"https:\/\/www.dinardemeraudetourisme.com\/de\/sehenswertes-und-aktivitaeten\/ausgehen\/\" \/>\n<meta property=\"og:locale\" content=\"de_DE\" \/>\n<meta property=\"og:type\" content=\"article\" \/>\n<meta property=\"og:title\" content=\"Ausgehen - Dinard \u00c9meraude Tourisme\" \/>\n<meta property=\"og:description\" content=\"Entdecken Sie den kulturellen Reichtum der Smaragdk\u00fcste bei einer Vielzahl von M\u00f6glichkeiten zum Ausgehen.\" \/>\n<meta property=\"og:url\" content=\"https:\/\/www.dinardemeraudetourisme.com\/de\/sehenswertes-und-aktivitaeten\/ausgehen\/\" \/>\n<meta property=\"og:site_name\" content=\"Dinard \u00c9meraude Tourisme\" \/>\n<meta property=\"article:modified_time\" content=\"2026-02-02T11:31:34+00:00\" \/>\n<meta property=\"og:image\" content=\"https:\/\/www.dinardemeraudetourisme.com\/app\/uploads\/2024\/04\/salles-de-spectacle-aarstyy.webp\" \/>\n\t<meta property=\"og:image:width\" content=\"1350\" \/>\n\t<meta property=\"og:image:height\" content=\"900\" \/>\n\t<meta property=\"og:image:type\" content=\"image\/webp\" \/>\n<meta name=\"twitter:card\" content=\"summary_large_image\" \/>\n<meta name=\"twitter:label1\" content=\"Gesch\u00e4tzte Lesezeit\" \/>\n\t<meta name=\"twitter:data1\" content=\"2 minutes\" \/>\n<script type=\"application\/ld+json\" class=\"yoast-schema-graph\">{\"@context\":\"https:\/\/schema.org\",\"@graph\":[{\"@type\":\"WebPage\",\"@id\":\"https:\/\/www.dinardemeraudetourisme.com\/de\/sehenswertes-und-aktivitaeten\/ausgehen\/\",\"url\":\"https:\/\/www.dinardemeraudetourisme.com\/de\/sehenswertes-und-aktivitaeten\/ausgehen\/\",\"name\":\"Ausgehen - Dinard \u00c9meraude Tourisme\",\"isPartOf\":{\"@id\":\"https:\/\/www.dinardemeraudetourisme.com\/de\/#website\"},\"primaryImageOfPage\":{\"@id\":\"https:\/\/www.dinardemeraudetourisme.com\/de\/sehenswertes-und-aktivitaeten\/ausgehen\/#primaryimage\"},\"image\":{\"@id\":\"https:\/\/www.dinardemeraudetourisme.com\/de\/sehenswertes-und-aktivitaeten\/ausgehen\/#primaryimage\"},\"thumbnailUrl\":\"https:\/\/www.dinardemeraudetourisme.com\/app\/uploads\/2024\/04\/salles-de-spectacle-aarstyy.webp\",\"datePublished\":\"2024-04-18T11:42:43+00:00\",\"dateModified\":\"2026-02-02T11:31:34+00:00\",\"breadcrumb\":{\"@id\":\"https:\/\/www.dinardemeraudetourisme.com\/de\/sehenswertes-und-aktivitaeten\/ausgehen\/#breadcrumb\"},\"inLanguage\":\"de-DE\",\"potentialAction\":[{\"@type\":\"ReadAction\",\"target\":[\"https:\/\/www.dinardemeraudetourisme.com\/de\/sehenswertes-und-aktivitaeten\/ausgehen\/\"]}]},{\"@type\":\"ImageObject\",\"inLanguage\":\"de-DE\",\"@id\":\"https:\/\/www.dinardemeraudetourisme.com\/de\/sehenswertes-und-aktivitaeten\/ausgehen\/#primaryimage\",\"url\":\"https:\/\/www.dinardemeraudetourisme.com\/app\/uploads\/2024\/04\/salles-de-spectacle-aarstyy.webp\",\"contentUrl\":\"https:\/\/www.dinardemeraudetourisme.com\/app\/uploads\/2024\/04\/salles-de-spectacle-aarstyy.webp\",\"width\":1350,\"height\":900,\"caption\":\"A voir, \u00e0 faire \u00e0 Dinard C\u00f4te d'Emeraude. Salles De Spectacle Aarstyy\"},{\"@type\":\"WebSite\",\"@id\":\"https:\/\/www.dinardemeraudetourisme.com\/de\/#website\",\"url\":\"https:\/\/www.dinardemeraudetourisme.com\/de\/\",\"name\":\"Dinard \u00c9meraude Tourisme\",\"description\":\"\",\"potentialAction\":[{\"@type\":\"SearchAction\",\"target\":{\"@type\":\"EntryPoint\",\"urlTemplate\":\"https:\/\/www.dinardemeraudetourisme.com\/de\/?s={search_term_string}\"},\"query-input\":{\"@type\":\"PropertyValueSpecification\",\"valueRequired\":true,\"valueName\":\"search_term_string\"}}],\"inLanguage\":\"de-DE\"}]}<\/script>\n<!-- \/ Yoast SEO plugin. -->","yoast_head_json":{"title":"Ausgehen - Dinard \u00c9meraude Tourisme","robots":{"index":"index","follow":"follow","max-snippet":"max-snippet:-1","max-image-preview":"max-image-preview:large","max-video-preview":"max-video-preview:-1"},"canonical":"https:\/\/www.dinardemeraudetourisme.com\/de\/sehenswertes-und-aktivitaeten\/ausgehen\/","og_locale":"de_DE","og_type":"article","og_title":"Ausgehen - Dinard \u00c9meraude Tourisme","og_description":"Entdecken Sie den kulturellen Reichtum der Smaragdk\u00fcste bei einer Vielzahl von M\u00f6glichkeiten zum Ausgehen.","og_url":"https:\/\/www.dinardemeraudetourisme.com\/de\/sehenswertes-und-aktivitaeten\/ausgehen\/","og_site_name":"Dinard \u00c9meraude Tourisme","article_modified_time":"2026-02-02T11:31:34+00:00","og_image":[{"width":1350,"height":900,"url":"https:\/\/www.dinardemeraudetourisme.com\/app\/uploads\/2024\/04\/salles-de-spectacle-aarstyy.webp","type":"image\/webp"}],"twitter_card":"summary_large_image","twitter_misc":{"Gesch\u00e4tzte Lesezeit":"2 minutes"},"schema":{"@context":"https:\/\/schema.org","@graph":[{"@type":"WebPage","@id":"https:\/\/www.dinardemeraudetourisme.com\/de\/sehenswertes-und-aktivitaeten\/ausgehen\/","url":"https:\/\/www.dinardemeraudetourisme.com\/de\/sehenswertes-und-aktivitaeten\/ausgehen\/","name":"Ausgehen - Dinard \u00c9meraude Tourisme","isPartOf":{"@id":"https:\/\/www.dinardemeraudetourisme.com\/de\/#website"},"primaryImageOfPage":{"@id":"https:\/\/www.dinardemeraudetourisme.com\/de\/sehenswertes-und-aktivitaeten\/ausgehen\/#primaryimage"},"image":{"@id":"https:\/\/www.dinardemeraudetourisme.com\/de\/sehenswertes-und-aktivitaeten\/ausgehen\/#primaryimage"},"thumbnailUrl":"https:\/\/www.dinardemeraudetourisme.com\/app\/uploads\/2024\/04\/salles-de-spectacle-aarstyy.webp","datePublished":"2024-04-18T11:42:43+00:00","dateModified":"2026-02-02T11:31:34+00:00","breadcrumb":{"@id":"https:\/\/www.dinardemeraudetourisme.com\/de\/sehenswertes-und-aktivitaeten\/ausgehen\/#breadcrumb"},"inLanguage":"de-DE","potentialAction":[{"@type":"ReadAction","target":["https:\/\/www.dinardemeraudetourisme.com\/de\/sehenswertes-und-aktivitaeten\/ausgehen\/"]}]},{"@type":"ImageObject","inLanguage":"de-DE","@id":"https:\/\/www.dinardemeraudetourisme.com\/de\/sehenswertes-und-aktivitaeten\/ausgehen\/#primaryimage","url":"https:\/\/www.dinardemeraudetourisme.com\/app\/uploads\/2024\/04\/salles-de-spectacle-aarstyy.webp","contentUrl":"https:\/\/www.dinardemeraudetourisme.com\/app\/uploads\/2024\/04\/salles-de-spectacle-aarstyy.webp","width":1350,"height":900,"caption":"A voir, \u00e0 faire \u00e0 Dinard C\u00f4te d'Emeraude. Salles De Spectacle Aarstyy"},{"@type":"WebSite","@id":"https:\/\/www.dinardemeraudetourisme.com\/de\/#website","url":"https:\/\/www.dinardemeraudetourisme.com\/de\/","name":"Dinard \u00c9meraude Tourisme","description":"","potentialAction":[{"@type":"SearchAction","target":{"@type":"EntryPoint","urlTemplate":"https:\/\/www.dinardemeraudetourisme.com\/de\/?s={search_term_string}"},"query-input":{"@type":"PropertyValueSpecification","valueRequired":true,"valueName":"search_term_string"}}],"inLanguage":"de-DE"}]}},"_links":{"self":[{"href":"https:\/\/www.dinardemeraudetourisme.com\/de\/wp-json\/wp\/v2\/pages\/12267","targetHints":{"allow":["GET"]}}],"collection":[{"href":"https:\/\/www.dinardemeraudetourisme.com\/de\/wp-json\/wp\/v2\/pages"}],"about":[{"href":"https:\/\/www.dinardemeraudetourisme.com\/de\/wp-json\/wp\/v2\/types\/page"}],"author":[{"embeddable":true,"href":"https:\/\/www.dinardemeraudetourisme.com\/de\/wp-json\/wp\/v2\/users\/1"}],"replies":[{"embeddable":true,"href":"https:\/\/www.dinardemeraudetourisme.com\/de\/wp-json\/wp\/v2\/comments?post=12267"}],"version-history":[{"count":15,"href":"https:\/\/www.dinardemeraudetourisme.com\/de\/wp-json\/wp\/v2\/pages\/12267\/revisions"}],"predecessor-version":[{"id":20481,"href":"https:\/\/www.dinardemeraudetourisme.com\/de\/wp-json\/wp\/v2\/pages\/12267\/revisions\/20481"}],"up":[{"embeddable":true,"href":"https:\/\/www.dinardemeraudetourisme.com\/de\/wp-json\/wp\/v2\/pages\/10130"}],"wp:featuredmedia":[{"embeddable":true,"href":"https:\/\/www.dinardemeraudetourisme.com\/de\/wp-json\/wp\/v2\/media\/2523"}],"wp:attachment":[{"href":"https:\/\/www.dinardemeraudetourisme.com\/de\/wp-json\/wp\/v2\/media?parent=12267"}],"curies":[{"name":"wp","href":"https:\/\/api.w.org\/{rel}","templated":true}]}}