{"id":12260,"date":"2024-04-24T13:16:28","date_gmt":"2024-04-24T11:16:28","guid":{"rendered":"https:\/\/www.dinardemeraudetourisme.com?page_id=12260"},"modified":"2025-01-27T12:33:55","modified_gmt":"2025-01-27T11:33:55","slug":"markt-von-lancieux","status":"publish","type":"page","link":"https:\/\/www.dinardemeraudetourisme.com\/de\/sehenswertes-und-aktivitaeten\/maerkte-und-flohmaerkte\/markt-von-lancieux\/","title":{"rendered":"Markt von Lancieux"},"content":{"rendered":"\n<p><strong><a href=\"https:\/\/www.dinardemeraudetourisme.com\/de\/erkunden\/8-paradiese-der-emeraude\/entdecken-sie-lancieux\/\" target=\"_blank\" rel=\"noreferrer noopener\">Der Lancieux<\/a><\/strong>\u00a0-Markt findet das ganze Jahr \u00fcber dienstags statt.<\/p>\n\n\n\n<h2 class=\"wp-block-heading\">Wochenmarkt<\/h2>\n\n\n\n<p>Suchen Sie Gem\u00fcse von lokalen Produzenten in&nbsp;<strong><a href=\"https:\/\/www.dinardemeraudetourisme.com\/de\/explorer\/8-paradis-demeraude\/lancieux-discrete-et-charmante\/\" target=\"_blank\" rel=\"noreferrer noopener\">Lancieux<\/a><\/strong>&nbsp;? Wir empfehlen Ihnen, auf den Wochenmarkt der Stadt zu gehen, um Gem\u00fcse, Fleisch, Fisch, aber auch andere Non-Food-Produkte wie Kleidung, Schuhe oder Haushaltsgegenst\u00e4nde zu kaufen&#8230;<\/p>\n\n\n\n<p>Ben\u00f6tigen Sie spezifische Informationen \u00fcber den Markt? Kontaktieren Sie&nbsp;<strong><a href=\"https:\/\/www.mairie-lancieux.fr\/\" target=\"_blank\" rel=\"noreferrer noopener\">das Rathaus von Lancieux<\/a><\/strong>&nbsp;.<\/p>\n\n\n\n<h4 class=\"wp-block-heading\"><br>Praktisch<\/h4>\n\n\n\n<p>Der Lancieux-Markt findet das ganze Jahr \u00fcber dienstags vormittags in der Rue du Poncel statt. Im Sommer w\u00e4chst es und erstreckt sich bis zur Kirche von Lancieux.<\/p>\n\n\n\n<div class=\"wp-block-columns is-layout-flex wp-container-core-columns-is-layout-28f84493 wp-block-columns-is-layout-flex\">\n<div class=\"wp-block-column is-layout-flow wp-block-column-is-layout-flow\">\n<figure class=\"wp-block-image size-large\"><img loading=\"lazy\" decoding=\"async\" width=\"1024\" height=\"678\" src=\"https:\/\/www.dinardemeraudetourisme.com\/app\/uploads\/2024\/04\/marche-brocante-4-1024x678.webp\" alt=\"March\u00e9s et brocantes de la C\u00f4te d'\u00c9meraude. Une personne tient dans ses mains des fraises rouges.\" class=\"wp-image-3760\" srcset=\"https:\/\/www.dinardemeraudetourisme.com\/app\/uploads\/2024\/04\/marche-brocante-4-1024x678.webp 1024w, https:\/\/www.dinardemeraudetourisme.com\/app\/uploads\/2024\/04\/marche-brocante-4-300x199.webp 300w, https:\/\/www.dinardemeraudetourisme.com\/app\/uploads\/2024\/04\/marche-brocante-4-768x508.webp 768w, https:\/\/www.dinardemeraudetourisme.com\/app\/uploads\/2024\/04\/marche-brocante-4-20x13.webp 20w, https:\/\/www.dinardemeraudetourisme.com\/app\/uploads\/2024\/04\/marche-brocante-4-50x33.webp 50w, https:\/\/www.dinardemeraudetourisme.com\/app\/uploads\/2024\/04\/marche-brocante-4-45x30.webp 45w, https:\/\/www.dinardemeraudetourisme.com\/app\/uploads\/2024\/04\/marche-brocante-4-60x40.webp 60w, https:\/\/www.dinardemeraudetourisme.com\/app\/uploads\/2024\/04\/marche-brocante-4-80x53.webp 80w, https:\/\/www.dinardemeraudetourisme.com\/app\/uploads\/2024\/04\/marche-brocante-4-110x73.webp 110w, https:\/\/www.dinardemeraudetourisme.com\/app\/uploads\/2024\/04\/marche-brocante-4-160x106.webp 160w, https:\/\/www.dinardemeraudetourisme.com\/app\/uploads\/2024\/04\/marche-brocante-4-250x165.webp 250w, https:\/\/www.dinardemeraudetourisme.com\/app\/uploads\/2024\/04\/marche-brocante-4-1208x800.webp 1208w, https:\/\/www.dinardemeraudetourisme.com\/app\/uploads\/2024\/04\/marche-brocante-4.webp 1355w\" sizes=\"auto, (max-width: 1024px) 100vw, 1024px\" \/><\/figure>\n<\/div>\n\n\n\n<div class=\"wp-block-column is-layout-flow wp-block-column-is-layout-flow\">\n<figure class=\"wp-block-image size-large\"><img loading=\"lazy\" decoding=\"async\" width=\"1024\" height=\"627\" src=\"https:\/\/www.dinardemeraudetourisme.com\/app\/uploads\/2024\/04\/lancieux-le-vieux-clocher-c-charlotte-longepe-17-1024x627.jpg\" alt=\"Lancieux Le Vieux Clocher, vestige de l'ancienne \u00e9glise. Aujourd'hui, on le d\u00e9couvre gr\u00e2ce aux visites guid\u00e9es (c) Charlotte Long\u00e9p\u00e9\" class=\"wp-image-3340\" srcset=\"https:\/\/www.dinardemeraudetourisme.com\/app\/uploads\/2024\/04\/lancieux-le-vieux-clocher-c-charlotte-longepe-17-1024x627.jpg 1024w, https:\/\/www.dinardemeraudetourisme.com\/app\/uploads\/2024\/04\/lancieux-le-vieux-clocher-c-charlotte-longepe-17-300x184.jpg 300w, https:\/\/www.dinardemeraudetourisme.com\/app\/uploads\/2024\/04\/lancieux-le-vieux-clocher-c-charlotte-longepe-17-768x470.jpg 768w, https:\/\/www.dinardemeraudetourisme.com\/app\/uploads\/2024\/04\/lancieux-le-vieux-clocher-c-charlotte-longepe-17-1536x940.jpg 1536w, https:\/\/www.dinardemeraudetourisme.com\/app\/uploads\/2024\/04\/lancieux-le-vieux-clocher-c-charlotte-longepe-17-20x12.jpg 20w, https:\/\/www.dinardemeraudetourisme.com\/app\/uploads\/2024\/04\/lancieux-le-vieux-clocher-c-charlotte-longepe-17-50x30.jpg 50w, https:\/\/www.dinardemeraudetourisme.com\/app\/uploads\/2024\/04\/lancieux-le-vieux-clocher-c-charlotte-longepe-17-60x37.jpg 60w, https:\/\/www.dinardemeraudetourisme.com\/app\/uploads\/2024\/04\/lancieux-le-vieux-clocher-c-charlotte-longepe-17-80x49.jpg 80w, https:\/\/www.dinardemeraudetourisme.com\/app\/uploads\/2024\/04\/lancieux-le-vieux-clocher-c-charlotte-longepe-17-110x67.jpg 110w, https:\/\/www.dinardemeraudetourisme.com\/app\/uploads\/2024\/04\/lancieux-le-vieux-clocher-c-charlotte-longepe-17-160x98.jpg 160w, https:\/\/www.dinardemeraudetourisme.com\/app\/uploads\/2024\/04\/lancieux-le-vieux-clocher-c-charlotte-longepe-17-250x153.jpg 250w, https:\/\/www.dinardemeraudetourisme.com\/app\/uploads\/2024\/04\/lancieux-le-vieux-clocher-c-charlotte-longepe-17-65x40.jpg 65w, https:\/\/www.dinardemeraudetourisme.com\/app\/uploads\/2024\/04\/lancieux-le-vieux-clocher-c-charlotte-longepe-17-1307x800.jpg 1307w, https:\/\/www.dinardemeraudetourisme.com\/app\/uploads\/2024\/04\/lancieux-le-vieux-clocher-c-charlotte-longepe-17.jpg 1776w\" sizes=\"auto, (max-width: 1024px) 100vw, 1024px\" \/><\/figure>\n<\/div>\n<\/div>\n\n\n\n<h2 class=\"wp-block-heading\"><br>Andere M\u00e4rkte an der Smaragdk\u00fcste<\/h2>\n\n\n\n<h4 class=\"wp-block-heading\">Montag<\/h4>\n\n\n\n<ul class=\"wp-block-list\">\n<li>Saint-Briac-sur-Mer (im Juli-August)<\/li>\n<\/ul>\n\n\n\n<h4 class=\"wp-block-heading\">Dienstag<\/h4>\n\n\n\n<ul class=\"wp-block-list\">\n<li>Dinard<\/li>\n<\/ul>\n\n\n\n<h4 class=\"wp-block-heading\">Mittwoch<\/h4>\n\n\n\n<ul class=\"wp-block-list\">\n<li>La Richardais<\/li>\n\n\n\n<li>Dinard \u2013 Saint-\u00c9nogat (im Juli-August)<\/li>\n<\/ul>\n\n\n\n<h4 class=\"wp-block-heading\">Donnerstag<\/h4>\n\n\n\n<ul class=\"wp-block-list\">\n<li>Dinard<\/li>\n<\/ul>\n\n\n\n<h4 class=\"wp-block-heading\">Freitag<\/h4>\n\n\n\n<ul class=\"wp-block-list\">\n<li>Saint-Briac-sur-Mer<\/li>\n\n\n\n<li>Pleurtuit<\/li>\n<\/ul>\n\n\n\n<h4 class=\"wp-block-heading\">Samstag<\/h4>\n\n\n\n<ul class=\"wp-block-list\">\n<li>Dinard<\/li>\n<\/ul>\n\n\n\n<h4 class=\"wp-block-heading\">Sonntag<\/h4>\n\n\n\n<ul class=\"wp-block-list\">\n<li>Saint-Lunaire<\/li>\n\n\n\n<li>Pleurtuit<\/li>\n<\/ul>\n","protected":false},"excerpt":{"rendered":"<p>Der Lancieux\u00a0-Markt findet das ganze Jahr \u00fcber dienstags statt. Wochenmarkt Suchen Sie Gem\u00fcse von lokalen Produzenten in&nbsp;Lancieux&nbsp;? Wir empfehlen Ihnen, auf den Wochenmarkt der Stadt zu gehen, um Gem\u00fcse, Fleisch, Fisch, aber auch andere Non-Food-Produkte wie Kleidung, Schuhe oder Haushaltsgegenst\u00e4nde zu kaufen&#8230; Ben\u00f6tigen Sie spezifische Informationen \u00fcber den Markt? Kontaktieren Sie&nbsp;das Rathaus von Lancieux&nbsp;. Praktisch [&hellip;]<\/p>\n","protected":false},"author":1,"featured_media":3762,"parent":12196,"menu_order":0,"comment_status":"closed","ping_status":"closed","template":"template-header-large.php","meta":{"_acf_changed":false,"footnotes":""},"class_list":["post-12260","page","type-page","status-publish","has-post-thumbnail","hentry"],"acf":[],"yoast_head":"<!-- This site is optimized with the Yoast SEO plugin v27.5 - https:\/\/yoast.com\/product\/yoast-seo-wordpress\/ -->\n<title>Markt von Lancieux - Dinard \u00c9meraude Tourisme<\/title>\n<meta name=\"robots\" content=\"index, follow, max-snippet:-1, max-image-preview:large, max-video-preview:-1\" \/>\n<link rel=\"canonical\" href=\"https:\/\/www.dinardemeraudetourisme.com\/de\/sehenswertes-und-aktivitaeten\/maerkte-und-flohmaerkte\/markt-von-lancieux\/\" \/>\n<meta property=\"og:locale\" content=\"de_DE\" \/>\n<meta property=\"og:type\" content=\"article\" \/>\n<meta property=\"og:title\" content=\"Markt von Lancieux - Dinard \u00c9meraude Tourisme\" \/>\n<meta property=\"og:description\" content=\"Der Lancieux\u00a0-Markt findet das ganze Jahr \u00fcber dienstags statt. Wochenmarkt Suchen Sie Gem\u00fcse von lokalen Produzenten in&nbsp;Lancieux&nbsp;? Wir empfehlen Ihnen, auf den Wochenmarkt der Stadt zu gehen, um Gem\u00fcse, Fleisch, Fisch, aber auch andere Non-Food-Produkte wie Kleidung, Schuhe oder Haushaltsgegenst\u00e4nde zu kaufen&#8230; Ben\u00f6tigen Sie spezifische Informationen \u00fcber den Markt? Kontaktieren Sie&nbsp;das Rathaus von Lancieux&nbsp;. Praktisch [&hellip;]\" \/>\n<meta property=\"og:url\" content=\"https:\/\/www.dinardemeraudetourisme.com\/de\/sehenswertes-und-aktivitaeten\/maerkte-und-flohmaerkte\/markt-von-lancieux\/\" \/>\n<meta property=\"og:site_name\" content=\"Dinard \u00c9meraude Tourisme\" \/>\n<meta property=\"article:modified_time\" content=\"2025-01-27T11:33:55+00:00\" \/>\n<meta property=\"og:image\" content=\"https:\/\/www.dinardemeraudetourisme.com\/app\/uploads\/2024\/04\/marche-brocante-4.webp\" \/>\n\t<meta property=\"og:image:width\" content=\"1355\" \/>\n\t<meta property=\"og:image:height\" content=\"897\" \/>\n\t<meta property=\"og:image:type\" content=\"image\/webp\" \/>\n<meta name=\"twitter:card\" content=\"summary_large_image\" \/>\n<meta name=\"twitter:label1\" content=\"Gesch\u00e4tzte Lesezeit\" \/>\n\t<meta name=\"twitter:data1\" content=\"2 minutes\" \/>\n<script type=\"application\/ld+json\" class=\"yoast-schema-graph\">{\"@context\":\"https:\\\/\\\/schema.org\",\"@graph\":[{\"@type\":\"WebPage\",\"@id\":\"https:\\\/\\\/www.dinardemeraudetourisme.com\\\/de\\\/sehenswertes-und-aktivitaeten\\\/maerkte-und-flohmaerkte\\\/markt-von-lancieux\\\/\",\"url\":\"https:\\\/\\\/www.dinardemeraudetourisme.com\\\/de\\\/sehenswertes-und-aktivitaeten\\\/maerkte-und-flohmaerkte\\\/markt-von-lancieux\\\/\",\"name\":\"Markt von Lancieux - Dinard \u00c9meraude Tourisme\",\"isPartOf\":{\"@id\":\"https:\\\/\\\/www.dinardemeraudetourisme.com\\\/de\\\/#website\"},\"primaryImageOfPage\":{\"@id\":\"https:\\\/\\\/www.dinardemeraudetourisme.com\\\/de\\\/sehenswertes-und-aktivitaeten\\\/maerkte-und-flohmaerkte\\\/markt-von-lancieux\\\/#primaryimage\"},\"image\":{\"@id\":\"https:\\\/\\\/www.dinardemeraudetourisme.com\\\/de\\\/sehenswertes-und-aktivitaeten\\\/maerkte-und-flohmaerkte\\\/markt-von-lancieux\\\/#primaryimage\"},\"thumbnailUrl\":\"https:\\\/\\\/www.dinardemeraudetourisme.com\\\/app\\\/uploads\\\/2024\\\/04\\\/marche-brocante-4.webp\",\"datePublished\":\"2024-04-24T11:16:28+00:00\",\"dateModified\":\"2025-01-27T11:33:55+00:00\",\"breadcrumb\":{\"@id\":\"https:\\\/\\\/www.dinardemeraudetourisme.com\\\/de\\\/sehenswertes-und-aktivitaeten\\\/maerkte-und-flohmaerkte\\\/markt-von-lancieux\\\/#breadcrumb\"},\"inLanguage\":\"de-DE\",\"potentialAction\":[{\"@type\":\"ReadAction\",\"target\":[\"https:\\\/\\\/www.dinardemeraudetourisme.com\\\/de\\\/sehenswertes-und-aktivitaeten\\\/maerkte-und-flohmaerkte\\\/markt-von-lancieux\\\/\"]}]},{\"@type\":\"ImageObject\",\"inLanguage\":\"de-DE\",\"@id\":\"https:\\\/\\\/www.dinardemeraudetourisme.com\\\/de\\\/sehenswertes-und-aktivitaeten\\\/maerkte-und-flohmaerkte\\\/markt-von-lancieux\\\/#primaryimage\",\"url\":\"https:\\\/\\\/www.dinardemeraudetourisme.com\\\/app\\\/uploads\\\/2024\\\/04\\\/marche-brocante-4.webp\",\"contentUrl\":\"https:\\\/\\\/www.dinardemeraudetourisme.com\\\/app\\\/uploads\\\/2024\\\/04\\\/marche-brocante-4.webp\",\"width\":1355,\"height\":897,\"caption\":\"March\u00e9s et brocantes de la C\u00f4te d'\u00c9meraude. Une personne tient dans ses mains des fraises rouges.\"},{\"@type\":\"WebSite\",\"@id\":\"https:\\\/\\\/www.dinardemeraudetourisme.com\\\/de\\\/#website\",\"url\":\"https:\\\/\\\/www.dinardemeraudetourisme.com\\\/de\\\/\",\"name\":\"Dinard \u00c9meraude Tourisme\",\"description\":\"\",\"potentialAction\":[{\"@type\":\"SearchAction\",\"target\":{\"@type\":\"EntryPoint\",\"urlTemplate\":\"https:\\\/\\\/www.dinardemeraudetourisme.com\\\/de\\\/?s={search_term_string}\"},\"query-input\":{\"@type\":\"PropertyValueSpecification\",\"valueRequired\":true,\"valueName\":\"search_term_string\"}}],\"inLanguage\":\"de-DE\"}]}<\/script>\n<!-- \/ Yoast SEO plugin. -->","yoast_head_json":{"title":"Markt von Lancieux - Dinard \u00c9meraude Tourisme","robots":{"index":"index","follow":"follow","max-snippet":"max-snippet:-1","max-image-preview":"max-image-preview:large","max-video-preview":"max-video-preview:-1"},"canonical":"https:\/\/www.dinardemeraudetourisme.com\/de\/sehenswertes-und-aktivitaeten\/maerkte-und-flohmaerkte\/markt-von-lancieux\/","og_locale":"de_DE","og_type":"article","og_title":"Markt von Lancieux - Dinard \u00c9meraude Tourisme","og_description":"Der Lancieux\u00a0-Markt findet das ganze Jahr \u00fcber dienstags statt. Wochenmarkt Suchen Sie Gem\u00fcse von lokalen Produzenten in&nbsp;Lancieux&nbsp;? Wir empfehlen Ihnen, auf den Wochenmarkt der Stadt zu gehen, um Gem\u00fcse, Fleisch, Fisch, aber auch andere Non-Food-Produkte wie Kleidung, Schuhe oder Haushaltsgegenst\u00e4nde zu kaufen&#8230; Ben\u00f6tigen Sie spezifische Informationen \u00fcber den Markt? Kontaktieren Sie&nbsp;das Rathaus von Lancieux&nbsp;. Praktisch [&hellip;]","og_url":"https:\/\/www.dinardemeraudetourisme.com\/de\/sehenswertes-und-aktivitaeten\/maerkte-und-flohmaerkte\/markt-von-lancieux\/","og_site_name":"Dinard \u00c9meraude Tourisme","article_modified_time":"2025-01-27T11:33:55+00:00","og_image":[{"width":1355,"height":897,"url":"https:\/\/www.dinardemeraudetourisme.com\/app\/uploads\/2024\/04\/marche-brocante-4.webp","type":"image\/webp"}],"twitter_card":"summary_large_image","twitter_misc":{"Gesch\u00e4tzte Lesezeit":"2 minutes"},"schema":{"@context":"https:\/\/schema.org","@graph":[{"@type":"WebPage","@id":"https:\/\/www.dinardemeraudetourisme.com\/de\/sehenswertes-und-aktivitaeten\/maerkte-und-flohmaerkte\/markt-von-lancieux\/","url":"https:\/\/www.dinardemeraudetourisme.com\/de\/sehenswertes-und-aktivitaeten\/maerkte-und-flohmaerkte\/markt-von-lancieux\/","name":"Markt von Lancieux - Dinard \u00c9meraude Tourisme","isPartOf":{"@id":"https:\/\/www.dinardemeraudetourisme.com\/de\/#website"},"primaryImageOfPage":{"@id":"https:\/\/www.dinardemeraudetourisme.com\/de\/sehenswertes-und-aktivitaeten\/maerkte-und-flohmaerkte\/markt-von-lancieux\/#primaryimage"},"image":{"@id":"https:\/\/www.dinardemeraudetourisme.com\/de\/sehenswertes-und-aktivitaeten\/maerkte-und-flohmaerkte\/markt-von-lancieux\/#primaryimage"},"thumbnailUrl":"https:\/\/www.dinardemeraudetourisme.com\/app\/uploads\/2024\/04\/marche-brocante-4.webp","datePublished":"2024-04-24T11:16:28+00:00","dateModified":"2025-01-27T11:33:55+00:00","breadcrumb":{"@id":"https:\/\/www.dinardemeraudetourisme.com\/de\/sehenswertes-und-aktivitaeten\/maerkte-und-flohmaerkte\/markt-von-lancieux\/#breadcrumb"},"inLanguage":"de-DE","potentialAction":[{"@type":"ReadAction","target":["https:\/\/www.dinardemeraudetourisme.com\/de\/sehenswertes-und-aktivitaeten\/maerkte-und-flohmaerkte\/markt-von-lancieux\/"]}]},{"@type":"ImageObject","inLanguage":"de-DE","@id":"https:\/\/www.dinardemeraudetourisme.com\/de\/sehenswertes-und-aktivitaeten\/maerkte-und-flohmaerkte\/markt-von-lancieux\/#primaryimage","url":"https:\/\/www.dinardemeraudetourisme.com\/app\/uploads\/2024\/04\/marche-brocante-4.webp","contentUrl":"https:\/\/www.dinardemeraudetourisme.com\/app\/uploads\/2024\/04\/marche-brocante-4.webp","width":1355,"height":897,"caption":"March\u00e9s et brocantes de la C\u00f4te d'\u00c9meraude. Une personne tient dans ses mains des fraises rouges."},{"@type":"WebSite","@id":"https:\/\/www.dinardemeraudetourisme.com\/de\/#website","url":"https:\/\/www.dinardemeraudetourisme.com\/de\/","name":"Dinard \u00c9meraude Tourisme","description":"","potentialAction":[{"@type":"SearchAction","target":{"@type":"EntryPoint","urlTemplate":"https:\/\/www.dinardemeraudetourisme.com\/de\/?s={search_term_string}"},"query-input":{"@type":"PropertyValueSpecification","valueRequired":true,"valueName":"search_term_string"}}],"inLanguage":"de-DE"}]}},"_links":{"self":[{"href":"https:\/\/www.dinardemeraudetourisme.com\/de\/wp-json\/wp\/v2\/pages\/12260","targetHints":{"allow":["GET"]}}],"collection":[{"href":"https:\/\/www.dinardemeraudetourisme.com\/de\/wp-json\/wp\/v2\/pages"}],"about":[{"href":"https:\/\/www.dinardemeraudetourisme.com\/de\/wp-json\/wp\/v2\/types\/page"}],"author":[{"embeddable":true,"href":"https:\/\/www.dinardemeraudetourisme.com\/de\/wp-json\/wp\/v2\/users\/1"}],"replies":[{"embeddable":true,"href":"https:\/\/www.dinardemeraudetourisme.com\/de\/wp-json\/wp\/v2\/comments?post=12260"}],"version-history":[{"count":5,"href":"https:\/\/www.dinardemeraudetourisme.com\/de\/wp-json\/wp\/v2\/pages\/12260\/revisions"}],"predecessor-version":[{"id":13382,"href":"https:\/\/www.dinardemeraudetourisme.com\/de\/wp-json\/wp\/v2\/pages\/12260\/revisions\/13382"}],"up":[{"embeddable":true,"href":"https:\/\/www.dinardemeraudetourisme.com\/de\/wp-json\/wp\/v2\/pages\/12196"}],"wp:featuredmedia":[{"embeddable":true,"href":"https:\/\/www.dinardemeraudetourisme.com\/de\/wp-json\/wp\/v2\/media\/3762"}],"wp:attachment":[{"href":"https:\/\/www.dinardemeraudetourisme.com\/de\/wp-json\/wp\/v2\/media?parent=12260"}],"curies":[{"name":"wp","href":"https:\/\/api.w.org\/{rel}","templated":true}]}}