{"id":12259,"date":"2024-04-24T13:15:40","date_gmt":"2024-04-24T11:15:40","guid":{"rendered":"https:\/\/www.dinardemeraudetourisme.com?page_id=12259"},"modified":"2025-01-27T12:18:48","modified_gmt":"2025-01-27T11:18:48","slug":"nachtmaerkte-der-smaragdkueste","status":"publish","type":"page","link":"https:\/\/www.dinardemeraudetourisme.com\/de\/sehenswertes-und-aktivitaeten\/maerkte-und-flohmaerkte\/nachtmaerkte-der-smaragdkueste\/","title":{"rendered":"Nachtm\u00e4rkte der Smaragdk\u00fcste"},"content":{"rendered":"\n<p>Tauchen Sie ein in die Magie der Nachtm\u00e4rkte der\u00a0<strong><a href=\"https:\/\/www.dinardemeraudetourisme.com\/de\/erkunden\/8-paradiese-der-emeraude\/\">Smaragdk\u00fcste<\/a><\/strong>\u00a0, wo die Atmosph\u00e4re zur goldenen Stunde lebendig wird. Schlendern Sie durch die beleuchteten St\u00e4nde und probieren Sie lokale Gerichte und gastronomische K\u00f6stlichkeiten in einer freundlichen und festlichen Atmosph\u00e4re. Lassen Sie sich von der Musik und den Stra\u00dfenauff\u00fchrungen verzaubern, die diese M\u00e4rkte pr\u00e4gen.<\/p>\n\n\n\n<p>Schlendern Sie zwischen den Kunsthandwerksst\u00e4nden umher und entdecken Sie einzigartige Kreationen und Souvenirs, die Sie mit nach Hause nehmen k\u00f6nnen. Genie\u00dfen Sie die Authentizit\u00e4t und W\u00e4rme dieser Nachtm\u00e4rkte, auf denen sich Aromen, Begegnungen und Entdeckungen in einer unvergesslichen Sommeratmosph\u00e4re vereinen.<\/p>\n\n\n\n<h2 class=\"wp-block-heading\" style=\"padding-top:var(--wp--preset--spacing--50);padding-bottom:var(--wp--preset--spacing--50)\"><br>Nachtm\u00e4rkte in Saint-Lunaire<\/h2>\n\n\n\n<p>Weitere Informationen zu den Nachtm\u00e4rkten von\u00a0<strong><a href=\"https:\/\/www.dinardemeraudetourisme.com\/de\/erkunden\/8-paradiese-der-emeraude\/entdecken-sie-saint-lunaire\/\" target=\"_blank\" rel=\"noreferrer noopener\">Saint-Lunaire<\/a><\/strong>\u00a0: Kontaktieren Sie das\u00a0<strong><a href=\"https:\/\/www.saint-lunaire.fr\/\" target=\"_blank\" rel=\"noreferrer noopener\">Rathaus von Saint-Lunaire<\/a><\/strong>\u00a0.<\/p>\n\n\n\n<h3 class=\"wp-block-heading\" style=\"padding-top:var(--wp--preset--spacing--50);padding-bottom:var(--wp--preset--spacing--50)\">Der Gourmetmarkt<\/h3>\n\n\n\n<p>Der Gourmetmarkt findet im&nbsp;<strong>Juli und August<\/strong>&nbsp;hinter der&nbsp;<strong>Tourist-Information<\/strong>&nbsp;statt ! Treffen Sie&nbsp;<strong>ab 17 Uhr<\/strong>&nbsp;rund zwanzig Produzenten, die gerne ihren Beruf teilen und mit Ihnen Kindheitserinnerungen Revue passieren lassen, die von einem charakteristischen Geruch oder Geschmack herr\u00fchren. Also, kommen Sie und treffen Sie sie!<\/p>\n\n\n\n<p>Mit unter anderem&#8230; Jules und seine Kabeljau-Accras, La Fabrique und seine ber\u00fchmten Kekse, Les Vergers de Labay, Wurstpfannkuchen, Ferme des 4 Vents und seine Schafsk\u00e4sesorten, Joghurt, Flans und sein ber\u00fchmter Feta, lokales Bier, Wein, Apfel Saft, Apfelwein, Calvados, Gem\u00fcse, Seeteufelterrinen, Blauer Hummer, Krabben, Jakobsmuscheln von Marion, Gem\u00fcse Bio, kleine rote Fr\u00fcchte, Marmeladen, Fisch und Schalentiere, Lorbeerschnecken, Muscheln und Schalentiere, Oliven \u2026<\/p>\n\n\n\n<p>Sie k\u00f6nnen auch die Tische und St\u00fchle nutzen, an denen sich alle zusammensetzen und diese Produkte mit Freunden oder der Familie probieren k\u00f6nnen, w\u00e4hrend sie einen der sch\u00f6nsten Ausblicke auf die Smaragdk\u00fcste genie\u00dfen &#8230; Und vor allem gibt es jeden Mittwoch eine \u00dcberraschung: Musik , Jonglieren, Clown\u2026<\/p>\n\n\n\n<p>Gl\u00fcck&#8230; Aber der Gourmetmarkt von Saint Lu&#8217; verkauft das nicht, er verschenkt es!<\/p>\n\n\n\n<p><br><strong>Der Gourmet-Markt von Saint Lunaire m\u00f6chte verantwortungsvoller vorgehen. Es setzt sich daf\u00fcr ein, Abfall zu reduzieren.<\/strong><\/p>\n\n\n\n<ul class=\"wp-block-list\">\n<li><strong>Jeder Besucher, der zur Verkostung kommt, bringt sein Besteck (Teller, Messer, Gabel, kleiner L\u00f6ffel und Glas) mit.<\/strong><\/li>\n\n\n\n<li><strong>Geben Sie f\u00fcr jeden Kauf von unverpacktem Ziegenk\u00e4se die entsprechende Schachtel mit.<\/strong><\/li>\n\n\n\n<li><strong>Stellen Sie f\u00fcr jedes unverpackt gekaufte Produkt Kartons bereit.<\/strong><\/li>\n<\/ul>\n\n\n\n<p><strong>Vor Ort finden Sie eine Sortierstelle f\u00fcr Glas und Verpackungen\/Papier.<\/strong><\/p>\n","protected":false},"excerpt":{"rendered":"<p>Tauchen Sie ein in die Magie der Nachtm\u00e4rkte der\u00a0Smaragdk\u00fcste\u00a0, wo die Atmosph\u00e4re zur goldenen Stunde lebendig wird. Schlendern Sie durch die beleuchteten St\u00e4nde und probieren Sie lokale Gerichte und gastronomische K\u00f6stlichkeiten in einer freundlichen und festlichen Atmosph\u00e4re. Lassen Sie sich von der Musik und den Stra\u00dfenauff\u00fchrungen verzaubern, die diese M\u00e4rkte pr\u00e4gen. Schlendern Sie zwischen den [&hellip;]<\/p>\n","protected":false},"author":1,"featured_media":1735,"parent":12196,"menu_order":0,"comment_status":"closed","ping_status":"closed","template":"template-header-large.php","meta":{"_acf_changed":false,"footnotes":""},"class_list":["post-12259","page","type-page","status-publish","has-post-thumbnail","hentry"],"acf":[],"yoast_head":"<!-- This site is optimized with the Yoast SEO plugin v27.5 - https:\/\/yoast.com\/product\/yoast-seo-wordpress\/ -->\n<title>Nachtm\u00e4rkte der Smaragdk\u00fcste - Dinard \u00c9meraude Tourisme<\/title>\n<meta name=\"robots\" content=\"index, follow, max-snippet:-1, max-image-preview:large, max-video-preview:-1\" \/>\n<link rel=\"canonical\" href=\"https:\/\/www.dinardemeraudetourisme.com\/de\/sehenswertes-und-aktivitaeten\/maerkte-und-flohmaerkte\/nachtmaerkte-der-smaragdkueste\/\" \/>\n<meta property=\"og:locale\" content=\"de_DE\" \/>\n<meta property=\"og:type\" content=\"article\" \/>\n<meta property=\"og:title\" content=\"Nachtm\u00e4rkte der Smaragdk\u00fcste - Dinard \u00c9meraude Tourisme\" \/>\n<meta property=\"og:description\" content=\"Tauchen Sie ein in die Magie der Nachtm\u00e4rkte der\u00a0Smaragdk\u00fcste\u00a0, wo die Atmosph\u00e4re zur goldenen Stunde lebendig wird. Schlendern Sie durch die beleuchteten St\u00e4nde und probieren Sie lokale Gerichte und gastronomische K\u00f6stlichkeiten in einer freundlichen und festlichen Atmosph\u00e4re. Lassen Sie sich von der Musik und den Stra\u00dfenauff\u00fchrungen verzaubern, die diese M\u00e4rkte pr\u00e4gen. Schlendern Sie zwischen den [&hellip;]\" \/>\n<meta property=\"og:url\" content=\"https:\/\/www.dinardemeraudetourisme.com\/de\/sehenswertes-und-aktivitaeten\/maerkte-und-flohmaerkte\/nachtmaerkte-der-smaragdkueste\/\" \/>\n<meta property=\"og:site_name\" content=\"Dinard \u00c9meraude Tourisme\" \/>\n<meta property=\"article:modified_time\" content=\"2025-01-27T11:18:48+00:00\" \/>\n<meta property=\"og:image\" content=\"https:\/\/www.dinardemeraudetourisme.com\/app\/uploads\/2024\/04\/marche-brocante-6.webp\" \/>\n\t<meta property=\"og:image:width\" content=\"1350\" \/>\n\t<meta property=\"og:image:height\" content=\"900\" \/>\n\t<meta property=\"og:image:type\" content=\"image\/webp\" \/>\n<meta name=\"twitter:card\" content=\"summary_large_image\" \/>\n<meta name=\"twitter:label1\" content=\"Gesch\u00e4tzte Lesezeit\" \/>\n\t<meta name=\"twitter:data1\" content=\"2 minutes\" \/>\n<script type=\"application\/ld+json\" class=\"yoast-schema-graph\">{\"@context\":\"https:\\\/\\\/schema.org\",\"@graph\":[{\"@type\":\"WebPage\",\"@id\":\"https:\\\/\\\/www.dinardemeraudetourisme.com\\\/de\\\/sehenswertes-und-aktivitaeten\\\/maerkte-und-flohmaerkte\\\/nachtmaerkte-der-smaragdkueste\\\/\",\"url\":\"https:\\\/\\\/www.dinardemeraudetourisme.com\\\/de\\\/sehenswertes-und-aktivitaeten\\\/maerkte-und-flohmaerkte\\\/nachtmaerkte-der-smaragdkueste\\\/\",\"name\":\"Nachtm\u00e4rkte der Smaragdk\u00fcste - Dinard \u00c9meraude Tourisme\",\"isPartOf\":{\"@id\":\"https:\\\/\\\/www.dinardemeraudetourisme.com\\\/de\\\/#website\"},\"primaryImageOfPage\":{\"@id\":\"https:\\\/\\\/www.dinardemeraudetourisme.com\\\/de\\\/sehenswertes-und-aktivitaeten\\\/maerkte-und-flohmaerkte\\\/nachtmaerkte-der-smaragdkueste\\\/#primaryimage\"},\"image\":{\"@id\":\"https:\\\/\\\/www.dinardemeraudetourisme.com\\\/de\\\/sehenswertes-und-aktivitaeten\\\/maerkte-und-flohmaerkte\\\/nachtmaerkte-der-smaragdkueste\\\/#primaryimage\"},\"thumbnailUrl\":\"https:\\\/\\\/www.dinardemeraudetourisme.com\\\/app\\\/uploads\\\/2024\\\/04\\\/marche-brocante-6.webp\",\"datePublished\":\"2024-04-24T11:15:40+00:00\",\"dateModified\":\"2025-01-27T11:18:48+00:00\",\"breadcrumb\":{\"@id\":\"https:\\\/\\\/www.dinardemeraudetourisme.com\\\/de\\\/sehenswertes-und-aktivitaeten\\\/maerkte-und-flohmaerkte\\\/nachtmaerkte-der-smaragdkueste\\\/#breadcrumb\"},\"inLanguage\":\"de-DE\",\"potentialAction\":[{\"@type\":\"ReadAction\",\"target\":[\"https:\\\/\\\/www.dinardemeraudetourisme.com\\\/de\\\/sehenswertes-und-aktivitaeten\\\/maerkte-und-flohmaerkte\\\/nachtmaerkte-der-smaragdkueste\\\/\"]}]},{\"@type\":\"ImageObject\",\"inLanguage\":\"de-DE\",\"@id\":\"https:\\\/\\\/www.dinardemeraudetourisme.com\\\/de\\\/sehenswertes-und-aktivitaeten\\\/maerkte-und-flohmaerkte\\\/nachtmaerkte-der-smaragdkueste\\\/#primaryimage\",\"url\":\"https:\\\/\\\/www.dinardemeraudetourisme.com\\\/app\\\/uploads\\\/2024\\\/04\\\/marche-brocante-6.webp\",\"contentUrl\":\"https:\\\/\\\/www.dinardemeraudetourisme.com\\\/app\\\/uploads\\\/2024\\\/04\\\/marche-brocante-6.webp\",\"width\":1350,\"height\":900,\"caption\":\"March\u00e9s et Brocantes de la C\u00f4te d\"},{\"@type\":\"WebSite\",\"@id\":\"https:\\\/\\\/www.dinardemeraudetourisme.com\\\/de\\\/#website\",\"url\":\"https:\\\/\\\/www.dinardemeraudetourisme.com\\\/de\\\/\",\"name\":\"Dinard \u00c9meraude Tourisme\",\"description\":\"\",\"potentialAction\":[{\"@type\":\"SearchAction\",\"target\":{\"@type\":\"EntryPoint\",\"urlTemplate\":\"https:\\\/\\\/www.dinardemeraudetourisme.com\\\/de\\\/?s={search_term_string}\"},\"query-input\":{\"@type\":\"PropertyValueSpecification\",\"valueRequired\":true,\"valueName\":\"search_term_string\"}}],\"inLanguage\":\"de-DE\"}]}<\/script>\n<!-- \/ Yoast SEO plugin. -->","yoast_head_json":{"title":"Nachtm\u00e4rkte der Smaragdk\u00fcste - Dinard \u00c9meraude Tourisme","robots":{"index":"index","follow":"follow","max-snippet":"max-snippet:-1","max-image-preview":"max-image-preview:large","max-video-preview":"max-video-preview:-1"},"canonical":"https:\/\/www.dinardemeraudetourisme.com\/de\/sehenswertes-und-aktivitaeten\/maerkte-und-flohmaerkte\/nachtmaerkte-der-smaragdkueste\/","og_locale":"de_DE","og_type":"article","og_title":"Nachtm\u00e4rkte der Smaragdk\u00fcste - Dinard \u00c9meraude Tourisme","og_description":"Tauchen Sie ein in die Magie der Nachtm\u00e4rkte der\u00a0Smaragdk\u00fcste\u00a0, wo die Atmosph\u00e4re zur goldenen Stunde lebendig wird. Schlendern Sie durch die beleuchteten St\u00e4nde und probieren Sie lokale Gerichte und gastronomische K\u00f6stlichkeiten in einer freundlichen und festlichen Atmosph\u00e4re. Lassen Sie sich von der Musik und den Stra\u00dfenauff\u00fchrungen verzaubern, die diese M\u00e4rkte pr\u00e4gen. Schlendern Sie zwischen den [&hellip;]","og_url":"https:\/\/www.dinardemeraudetourisme.com\/de\/sehenswertes-und-aktivitaeten\/maerkte-und-flohmaerkte\/nachtmaerkte-der-smaragdkueste\/","og_site_name":"Dinard \u00c9meraude Tourisme","article_modified_time":"2025-01-27T11:18:48+00:00","og_image":[{"width":1350,"height":900,"url":"https:\/\/www.dinardemeraudetourisme.com\/app\/uploads\/2024\/04\/marche-brocante-6.webp","type":"image\/webp"}],"twitter_card":"summary_large_image","twitter_misc":{"Gesch\u00e4tzte Lesezeit":"2 minutes"},"schema":{"@context":"https:\/\/schema.org","@graph":[{"@type":"WebPage","@id":"https:\/\/www.dinardemeraudetourisme.com\/de\/sehenswertes-und-aktivitaeten\/maerkte-und-flohmaerkte\/nachtmaerkte-der-smaragdkueste\/","url":"https:\/\/www.dinardemeraudetourisme.com\/de\/sehenswertes-und-aktivitaeten\/maerkte-und-flohmaerkte\/nachtmaerkte-der-smaragdkueste\/","name":"Nachtm\u00e4rkte der Smaragdk\u00fcste - Dinard \u00c9meraude Tourisme","isPartOf":{"@id":"https:\/\/www.dinardemeraudetourisme.com\/de\/#website"},"primaryImageOfPage":{"@id":"https:\/\/www.dinardemeraudetourisme.com\/de\/sehenswertes-und-aktivitaeten\/maerkte-und-flohmaerkte\/nachtmaerkte-der-smaragdkueste\/#primaryimage"},"image":{"@id":"https:\/\/www.dinardemeraudetourisme.com\/de\/sehenswertes-und-aktivitaeten\/maerkte-und-flohmaerkte\/nachtmaerkte-der-smaragdkueste\/#primaryimage"},"thumbnailUrl":"https:\/\/www.dinardemeraudetourisme.com\/app\/uploads\/2024\/04\/marche-brocante-6.webp","datePublished":"2024-04-24T11:15:40+00:00","dateModified":"2025-01-27T11:18:48+00:00","breadcrumb":{"@id":"https:\/\/www.dinardemeraudetourisme.com\/de\/sehenswertes-und-aktivitaeten\/maerkte-und-flohmaerkte\/nachtmaerkte-der-smaragdkueste\/#breadcrumb"},"inLanguage":"de-DE","potentialAction":[{"@type":"ReadAction","target":["https:\/\/www.dinardemeraudetourisme.com\/de\/sehenswertes-und-aktivitaeten\/maerkte-und-flohmaerkte\/nachtmaerkte-der-smaragdkueste\/"]}]},{"@type":"ImageObject","inLanguage":"de-DE","@id":"https:\/\/www.dinardemeraudetourisme.com\/de\/sehenswertes-und-aktivitaeten\/maerkte-und-flohmaerkte\/nachtmaerkte-der-smaragdkueste\/#primaryimage","url":"https:\/\/www.dinardemeraudetourisme.com\/app\/uploads\/2024\/04\/marche-brocante-6.webp","contentUrl":"https:\/\/www.dinardemeraudetourisme.com\/app\/uploads\/2024\/04\/marche-brocante-6.webp","width":1350,"height":900,"caption":"March\u00e9s et Brocantes de la C\u00f4te d"},{"@type":"WebSite","@id":"https:\/\/www.dinardemeraudetourisme.com\/de\/#website","url":"https:\/\/www.dinardemeraudetourisme.com\/de\/","name":"Dinard \u00c9meraude Tourisme","description":"","potentialAction":[{"@type":"SearchAction","target":{"@type":"EntryPoint","urlTemplate":"https:\/\/www.dinardemeraudetourisme.com\/de\/?s={search_term_string}"},"query-input":{"@type":"PropertyValueSpecification","valueRequired":true,"valueName":"search_term_string"}}],"inLanguage":"de-DE"}]}},"_links":{"self":[{"href":"https:\/\/www.dinardemeraudetourisme.com\/de\/wp-json\/wp\/v2\/pages\/12259","targetHints":{"allow":["GET"]}}],"collection":[{"href":"https:\/\/www.dinardemeraudetourisme.com\/de\/wp-json\/wp\/v2\/pages"}],"about":[{"href":"https:\/\/www.dinardemeraudetourisme.com\/de\/wp-json\/wp\/v2\/types\/page"}],"author":[{"embeddable":true,"href":"https:\/\/www.dinardemeraudetourisme.com\/de\/wp-json\/wp\/v2\/users\/1"}],"replies":[{"embeddable":true,"href":"https:\/\/www.dinardemeraudetourisme.com\/de\/wp-json\/wp\/v2\/comments?post=12259"}],"version-history":[{"count":7,"href":"https:\/\/www.dinardemeraudetourisme.com\/de\/wp-json\/wp\/v2\/pages\/12259\/revisions"}],"predecessor-version":[{"id":13378,"href":"https:\/\/www.dinardemeraudetourisme.com\/de\/wp-json\/wp\/v2\/pages\/12259\/revisions\/13378"}],"up":[{"embeddable":true,"href":"https:\/\/www.dinardemeraudetourisme.com\/de\/wp-json\/wp\/v2\/pages\/12196"}],"wp:featuredmedia":[{"embeddable":true,"href":"https:\/\/www.dinardemeraudetourisme.com\/de\/wp-json\/wp\/v2\/media\/1735"}],"wp:attachment":[{"href":"https:\/\/www.dinardemeraudetourisme.com\/de\/wp-json\/wp\/v2\/media?parent=12259"}],"curies":[{"name":"wp","href":"https:\/\/api.w.org\/{rel}","templated":true}]}}