{"id":12258,"date":"2024-04-24T13:14:55","date_gmt":"2024-04-24T11:14:55","guid":{"rendered":"https:\/\/www.dinardemeraudetourisme.com?page_id=12258"},"modified":"2025-01-31T11:14:21","modified_gmt":"2025-01-31T10:14:21","slug":"designermaerkte","status":"publish","type":"page","link":"https:\/\/www.dinardemeraudetourisme.com\/de\/sehenswertes-und-aktivitaeten\/maerkte-und-flohmaerkte\/designermaerkte\/","title":{"rendered":"Designerm\u00e4rkte"},"content":{"rendered":"\n<h2 class=\"wp-block-heading has-text-align-center\">M\u00e4rkte und Kreation und Kunsthandwerk<\/h2>\n\n\n\n<p>Willkommen in der pulsierenden Welt der Designerm\u00e4rkte an der Smaragdk\u00fcste! Tauchen Sie ein in das Herz dieser Region voller Tradition und Kreativit\u00e4t, in der Handwerker und K\u00fcnstler zusammenkommen, um ihre Leidenschaft und ihr Talent zu teilen. Entdecken Sie diese M\u00e4rkte, einzigartige Orte, an denen Authentizit\u00e4t und Originalit\u00e4t im Vordergrund stehen. Lassen Sie sich von der Vielfalt der lokalen Kreationen und dem Know-how \u00fcberraschen, die jeden Markt zu einem unvergesslichen Erlebnis machen.<\/p>\n\n\n\n<h3 class=\"wp-block-heading\"><br>Kreativmarkt in Dinard<\/h3>\n\n\n\n<p><strong>Kunsthandwerk wird in&nbsp;<a href=\"https:\/\/www.dinardemeraudetourisme.com\/de\/erkunden\/8-paradiese-der-emeraude\/entdecken-sie-dinard\/\" target=\"_blank\" rel=\"noreferrer noopener\">Dinard<\/a>&nbsp;jeden Sommer mit dem March\u00e9 Dinardais de la Cr\u00e9ation hervorgehoben.<\/strong><\/p>\n\n\n\n<p>Im Jahr 2024 findet die 23. Ausgabe am Sonntag, 14. Juli, auf der Esplanade des Halles in <a href=\"https:\/\/www.dinardemeraudetourisme.com\/de\/erkunden\/8-paradiese-der-emeraude\/entdecken-sie-dinard\/\"><strong>Dinard<\/strong>&nbsp;<\/a>statt&nbsp;.<\/p>\n\n\n\n<p><strong>Mehr als hundert Aussteller aus der Region pr\u00e4sentieren ihre einzigartigen Kreationen<\/strong>&nbsp;&nbsp;: Schmuck, Keramik, Textilien, Zero-Waste-Accessoires, Kinderbekleidung, Fotos, Gem\u00e4lde, Gem\u00e4lde, Skulpturen, Stickereien, dekorative Regale, Plakatgestaltung, Taschen, Kleinlederwaren, Natur Verpackungen, T\u00f6pferwaren, Strickwaren, handgefertigte Seifen, Kosmetika, Pappe, Beleuchtung, Perlen, Kinderb\u00fccher, Autor und Verleger usw.<\/p>\n\n\n\n<div class=\"wp-block-columns is-layout-flex wp-container-core-columns-is-layout-20bb992b wp-block-columns-is-layout-flex\" style=\"margin-top:0;margin-bottom:0;padding-top:0;padding-right:0;padding-bottom:0;padding-left:0\">\n<div class=\"wp-block-column is-layout-flow wp-block-column-is-layout-flow\">\n<figure class=\"wp-block-image aligncenter size-large\"><img loading=\"lazy\" decoding=\"async\" width=\"1024\" height=\"768\" src=\"https:\/\/www.dinardemeraudetourisme.com\/app\/uploads\/2024\/05\/marche-dinardais-de-la-creation-credit-ville-de-dinard-1024x768.jpg\" alt=\"Des tableaux sont expos\u00e9s au March\u00e9 Dinardais De La Cr\u00e9ation organis\u00e9 sur l'esplanade de la Halle \u00e0 Dinard. Visitez les march\u00e9s de cr\u00e9ateurs de la C\u00f4te d'\u00c9meraude. Cr\u00e9dit Ville De Dinard\" class=\"wp-image-6715\" srcset=\"https:\/\/www.dinardemeraudetourisme.com\/app\/uploads\/2024\/05\/marche-dinardais-de-la-creation-credit-ville-de-dinard-1024x768.jpg 1024w, https:\/\/www.dinardemeraudetourisme.com\/app\/uploads\/2024\/05\/marche-dinardais-de-la-creation-credit-ville-de-dinard-300x225.jpg 300w, https:\/\/www.dinardemeraudetourisme.com\/app\/uploads\/2024\/05\/marche-dinardais-de-la-creation-credit-ville-de-dinard-768x576.jpg 768w, https:\/\/www.dinardemeraudetourisme.com\/app\/uploads\/2024\/05\/marche-dinardais-de-la-creation-credit-ville-de-dinard-1536x1152.jpg 1536w, https:\/\/www.dinardemeraudetourisme.com\/app\/uploads\/2024\/05\/marche-dinardais-de-la-creation-credit-ville-de-dinard-2048x1536.jpg 2048w, https:\/\/www.dinardemeraudetourisme.com\/app\/uploads\/2024\/05\/marche-dinardais-de-la-creation-credit-ville-de-dinard-20x15.jpg 20w, https:\/\/www.dinardemeraudetourisme.com\/app\/uploads\/2024\/05\/marche-dinardais-de-la-creation-credit-ville-de-dinard-50x38.jpg 50w, https:\/\/www.dinardemeraudetourisme.com\/app\/uploads\/2024\/05\/marche-dinardais-de-la-creation-credit-ville-de-dinard-40x30.jpg 40w, https:\/\/www.dinardemeraudetourisme.com\/app\/uploads\/2024\/05\/marche-dinardais-de-la-creation-credit-ville-de-dinard-60x45.jpg 60w, https:\/\/www.dinardemeraudetourisme.com\/app\/uploads\/2024\/05\/marche-dinardais-de-la-creation-credit-ville-de-dinard-80x60.jpg 80w, https:\/\/www.dinardemeraudetourisme.com\/app\/uploads\/2024\/05\/marche-dinardais-de-la-creation-credit-ville-de-dinard-110x83.jpg 110w, https:\/\/www.dinardemeraudetourisme.com\/app\/uploads\/2024\/05\/marche-dinardais-de-la-creation-credit-ville-de-dinard-160x120.jpg 160w, https:\/\/www.dinardemeraudetourisme.com\/app\/uploads\/2024\/05\/marche-dinardais-de-la-creation-credit-ville-de-dinard-250x188.jpg 250w, https:\/\/www.dinardemeraudetourisme.com\/app\/uploads\/2024\/05\/marche-dinardais-de-la-creation-credit-ville-de-dinard-53x40.jpg 53w, https:\/\/www.dinardemeraudetourisme.com\/app\/uploads\/2024\/05\/marche-dinardais-de-la-creation-credit-ville-de-dinard-1067x800.jpg 1067w, https:\/\/www.dinardemeraudetourisme.com\/app\/uploads\/2024\/05\/marche-dinardais-de-la-creation-credit-ville-de-dinard-1600x1200.jpg 1600w\" sizes=\"auto, (max-width: 1024px) 100vw, 1024px\" \/><\/figure>\n<\/div>\n<\/div>\n\n\n\n<h4 class=\"wp-block-heading\"><br>Praktisch<\/h4>\n\n\n\n<ul class=\"wp-block-list\">\n<li>Designerm\u00e4rkte am&nbsp;<strong>Sonntag, 14. Juli 2024<\/strong>&nbsp;von 10 bis 19 Uhr.<\/li>\n\n\n\n<li>Esplanade des Halles in&nbsp;<strong><a href=\"https:\/\/www.dinardemeraudetourisme.com\/de\/erkunden\/8-paradiese-der-emeraude\/entdecken-sie-dinard\/\" target=\"_blank\" rel=\"noreferrer noopener\">Dinard<\/a><\/strong><\/li>\n\n\n\n<li>Freier Zugang<\/li>\n<\/ul>\n\n\n\n<p>Weitere Informationen:&nbsp;<strong><a href=\"https:\/\/www.ville-dinard.fr\/\" target=\"_blank\" rel=\"noreferrer noopener\">Rathaus von Dinard<\/a><\/strong><\/p>\n\n\n\n<h2 class=\"wp-block-heading\"><br>Andere M\u00e4rkte<\/h2>\n\n\n\n<p>Entdecken Sie die Spannung der M\u00e4rkte und Flohm\u00e4rkte, indem Sie unseren&nbsp;<strong><a href=\"https:\/\/www.dinardemeraudetourisme.com\/de\/sehenswertes-und-aktivitaeten\/maerkte-und-flohmaerkte\/\" target=\"_blank\" rel=\"noreferrer noopener\">ausf\u00fchrlichen Artikel<\/a><\/strong>&nbsp;lesen .<\/p>\n\n\n\n<p>Tauchen Sie an der herrlichen Smaragdk\u00fcste in die farbenfrohe und vielseitige Welt dieser unverzichtbaren Veranstaltungen ein. Finden Sie verborgene Sch\u00e4tze, leckere lokale Produkte und einzigartige Souvenirs in der gesch\u00e4ftigen Atmosph\u00e4re dieser malerischen M\u00e4rkte.<\/p>\n\n\n\n<p>Egal, ob Sie Flohm\u00e4rkte lieben oder auf der Suche nach handwerklichen Produkten sind, lesen Sie\u00a0<strong><a href=\"https:\/\/www.dinardemeraudetourisme.com\/de\/sehenswertes-und-aktivitaeten\/maerkte-und-flohmaerkte\/troedelmarkt-flohmarkt-und-antiquitaetenmarkt\/\" target=\"_blank\" rel=\"noreferrer noopener\">unseren Artikel<\/a><\/strong>\u00a0mit den Veranstaltungen, die Sie f\u00fcr ein unvergessliches Erlebnis w\u00e4hrend Ihres Aufenthalts an der Nordk\u00fcste der Bretagne nicht verpassen sollten.<\/p>\n","protected":false},"excerpt":{"rendered":"<p>M\u00e4rkte und Kreation und Kunsthandwerk Willkommen in der pulsierenden Welt der Designerm\u00e4rkte an der Smaragdk\u00fcste! Tauchen Sie ein in das Herz dieser Region voller Tradition und Kreativit\u00e4t, in der Handwerker und K\u00fcnstler zusammenkommen, um ihre Leidenschaft und ihr Talent zu teilen. Entdecken Sie diese M\u00e4rkte, einzigartige Orte, an denen Authentizit\u00e4t und Originalit\u00e4t im Vordergrund stehen. [&hellip;]<\/p>\n","protected":false},"author":1,"featured_media":6717,"parent":12196,"menu_order":0,"comment_status":"closed","ping_status":"closed","template":"template-header-large.php","meta":{"_acf_changed":false,"footnotes":""},"class_list":["post-12258","page","type-page","status-publish","has-post-thumbnail","hentry"],"acf":[],"yoast_head":"<!-- This site is optimized with the Yoast SEO plugin v27.5 - https:\/\/yoast.com\/product\/yoast-seo-wordpress\/ -->\n<title>Designerm\u00e4rkte - Dinard \u00c9meraude Tourisme<\/title>\n<meta name=\"robots\" content=\"index, follow, max-snippet:-1, max-image-preview:large, max-video-preview:-1\" \/>\n<link rel=\"canonical\" href=\"https:\/\/www.dinardemeraudetourisme.com\/de\/sehenswertes-und-aktivitaeten\/maerkte-und-flohmaerkte\/designermaerkte\/\" \/>\n<meta property=\"og:locale\" content=\"de_DE\" \/>\n<meta property=\"og:type\" content=\"article\" \/>\n<meta property=\"og:title\" content=\"Designerm\u00e4rkte - Dinard \u00c9meraude Tourisme\" \/>\n<meta property=\"og:description\" content=\"M\u00e4rkte und Kreation und Kunsthandwerk Willkommen in der pulsierenden Welt der Designerm\u00e4rkte an der Smaragdk\u00fcste! Tauchen Sie ein in das Herz dieser Region voller Tradition und Kreativit\u00e4t, in der Handwerker und K\u00fcnstler zusammenkommen, um ihre Leidenschaft und ihr Talent zu teilen. Entdecken Sie diese M\u00e4rkte, einzigartige Orte, an denen Authentizit\u00e4t und Originalit\u00e4t im Vordergrund stehen. [&hellip;]\" \/>\n<meta property=\"og:url\" content=\"https:\/\/www.dinardemeraudetourisme.com\/de\/sehenswertes-und-aktivitaeten\/maerkte-und-flohmaerkte\/designermaerkte\/\" \/>\n<meta property=\"og:site_name\" content=\"Dinard \u00c9meraude Tourisme\" \/>\n<meta property=\"article:modified_time\" content=\"2025-01-31T10:14:21+00:00\" \/>\n<meta property=\"og:image\" content=\"https:\/\/www.dinardemeraudetourisme.com\/app\/uploads\/2024\/05\/marche-dinardais-de-la-creation-credit-ville-de-dinard.jpg\" \/>\n\t<meta property=\"og:image:width\" content=\"2560\" \/>\n\t<meta property=\"og:image:height\" content=\"1920\" \/>\n\t<meta property=\"og:image:type\" content=\"image\/jpeg\" \/>\n<meta name=\"twitter:card\" content=\"summary_large_image\" \/>\n<meta name=\"twitter:label1\" content=\"Gesch\u00e4tzte Lesezeit\" \/>\n\t<meta name=\"twitter:data1\" content=\"2 minutes\" \/>\n<script type=\"application\/ld+json\" class=\"yoast-schema-graph\">{\"@context\":\"https:\\\/\\\/schema.org\",\"@graph\":[{\"@type\":\"WebPage\",\"@id\":\"https:\\\/\\\/www.dinardemeraudetourisme.com\\\/de\\\/sehenswertes-und-aktivitaeten\\\/maerkte-und-flohmaerkte\\\/designermaerkte\\\/\",\"url\":\"https:\\\/\\\/www.dinardemeraudetourisme.com\\\/de\\\/sehenswertes-und-aktivitaeten\\\/maerkte-und-flohmaerkte\\\/designermaerkte\\\/\",\"name\":\"Designerm\u00e4rkte - Dinard \u00c9meraude Tourisme\",\"isPartOf\":{\"@id\":\"https:\\\/\\\/www.dinardemeraudetourisme.com\\\/de\\\/#website\"},\"primaryImageOfPage\":{\"@id\":\"https:\\\/\\\/www.dinardemeraudetourisme.com\\\/de\\\/sehenswertes-und-aktivitaeten\\\/maerkte-und-flohmaerkte\\\/designermaerkte\\\/#primaryimage\"},\"image\":{\"@id\":\"https:\\\/\\\/www.dinardemeraudetourisme.com\\\/de\\\/sehenswertes-und-aktivitaeten\\\/maerkte-und-flohmaerkte\\\/designermaerkte\\\/#primaryimage\"},\"thumbnailUrl\":\"https:\\\/\\\/www.dinardemeraudetourisme.com\\\/app\\\/uploads\\\/2024\\\/05\\\/marche-dinardais-de-la-creation-credit-ville-de-dinard.jpg\",\"datePublished\":\"2024-04-24T11:14:55+00:00\",\"dateModified\":\"2025-01-31T10:14:21+00:00\",\"breadcrumb\":{\"@id\":\"https:\\\/\\\/www.dinardemeraudetourisme.com\\\/de\\\/sehenswertes-und-aktivitaeten\\\/maerkte-und-flohmaerkte\\\/designermaerkte\\\/#breadcrumb\"},\"inLanguage\":\"de-DE\",\"potentialAction\":[{\"@type\":\"ReadAction\",\"target\":[\"https:\\\/\\\/www.dinardemeraudetourisme.com\\\/de\\\/sehenswertes-und-aktivitaeten\\\/maerkte-und-flohmaerkte\\\/designermaerkte\\\/\"]}]},{\"@type\":\"ImageObject\",\"inLanguage\":\"de-DE\",\"@id\":\"https:\\\/\\\/www.dinardemeraudetourisme.com\\\/de\\\/sehenswertes-und-aktivitaeten\\\/maerkte-und-flohmaerkte\\\/designermaerkte\\\/#primaryimage\",\"url\":\"https:\\\/\\\/www.dinardemeraudetourisme.com\\\/app\\\/uploads\\\/2024\\\/05\\\/marche-dinardais-de-la-creation-credit-ville-de-dinard.jpg\",\"contentUrl\":\"https:\\\/\\\/www.dinardemeraudetourisme.com\\\/app\\\/uploads\\\/2024\\\/05\\\/marche-dinardais-de-la-creation-credit-ville-de-dinard.jpg\",\"width\":2560,\"height\":1920,\"caption\":\"March\u00e9 Dinardais De La Cr\u00e9ation organis\u00e9 sur l'esplanade de la Halle \u00e0 Dinard. Cr\u00e9dit Ville De Dinard\"},{\"@type\":\"WebSite\",\"@id\":\"https:\\\/\\\/www.dinardemeraudetourisme.com\\\/de\\\/#website\",\"url\":\"https:\\\/\\\/www.dinardemeraudetourisme.com\\\/de\\\/\",\"name\":\"Dinard \u00c9meraude Tourisme\",\"description\":\"\",\"potentialAction\":[{\"@type\":\"SearchAction\",\"target\":{\"@type\":\"EntryPoint\",\"urlTemplate\":\"https:\\\/\\\/www.dinardemeraudetourisme.com\\\/de\\\/?s={search_term_string}\"},\"query-input\":{\"@type\":\"PropertyValueSpecification\",\"valueRequired\":true,\"valueName\":\"search_term_string\"}}],\"inLanguage\":\"de-DE\"}]}<\/script>\n<!-- \/ Yoast SEO plugin. -->","yoast_head_json":{"title":"Designerm\u00e4rkte - Dinard \u00c9meraude Tourisme","robots":{"index":"index","follow":"follow","max-snippet":"max-snippet:-1","max-image-preview":"max-image-preview:large","max-video-preview":"max-video-preview:-1"},"canonical":"https:\/\/www.dinardemeraudetourisme.com\/de\/sehenswertes-und-aktivitaeten\/maerkte-und-flohmaerkte\/designermaerkte\/","og_locale":"de_DE","og_type":"article","og_title":"Designerm\u00e4rkte - Dinard \u00c9meraude Tourisme","og_description":"M\u00e4rkte und Kreation und Kunsthandwerk Willkommen in der pulsierenden Welt der Designerm\u00e4rkte an der Smaragdk\u00fcste! Tauchen Sie ein in das Herz dieser Region voller Tradition und Kreativit\u00e4t, in der Handwerker und K\u00fcnstler zusammenkommen, um ihre Leidenschaft und ihr Talent zu teilen. Entdecken Sie diese M\u00e4rkte, einzigartige Orte, an denen Authentizit\u00e4t und Originalit\u00e4t im Vordergrund stehen. [&hellip;]","og_url":"https:\/\/www.dinardemeraudetourisme.com\/de\/sehenswertes-und-aktivitaeten\/maerkte-und-flohmaerkte\/designermaerkte\/","og_site_name":"Dinard \u00c9meraude Tourisme","article_modified_time":"2025-01-31T10:14:21+00:00","og_image":[{"width":2560,"height":1920,"url":"https:\/\/www.dinardemeraudetourisme.com\/app\/uploads\/2024\/05\/marche-dinardais-de-la-creation-credit-ville-de-dinard.jpg","type":"image\/jpeg"}],"twitter_card":"summary_large_image","twitter_misc":{"Gesch\u00e4tzte Lesezeit":"2 minutes"},"schema":{"@context":"https:\/\/schema.org","@graph":[{"@type":"WebPage","@id":"https:\/\/www.dinardemeraudetourisme.com\/de\/sehenswertes-und-aktivitaeten\/maerkte-und-flohmaerkte\/designermaerkte\/","url":"https:\/\/www.dinardemeraudetourisme.com\/de\/sehenswertes-und-aktivitaeten\/maerkte-und-flohmaerkte\/designermaerkte\/","name":"Designerm\u00e4rkte - Dinard \u00c9meraude Tourisme","isPartOf":{"@id":"https:\/\/www.dinardemeraudetourisme.com\/de\/#website"},"primaryImageOfPage":{"@id":"https:\/\/www.dinardemeraudetourisme.com\/de\/sehenswertes-und-aktivitaeten\/maerkte-und-flohmaerkte\/designermaerkte\/#primaryimage"},"image":{"@id":"https:\/\/www.dinardemeraudetourisme.com\/de\/sehenswertes-und-aktivitaeten\/maerkte-und-flohmaerkte\/designermaerkte\/#primaryimage"},"thumbnailUrl":"https:\/\/www.dinardemeraudetourisme.com\/app\/uploads\/2024\/05\/marche-dinardais-de-la-creation-credit-ville-de-dinard.jpg","datePublished":"2024-04-24T11:14:55+00:00","dateModified":"2025-01-31T10:14:21+00:00","breadcrumb":{"@id":"https:\/\/www.dinardemeraudetourisme.com\/de\/sehenswertes-und-aktivitaeten\/maerkte-und-flohmaerkte\/designermaerkte\/#breadcrumb"},"inLanguage":"de-DE","potentialAction":[{"@type":"ReadAction","target":["https:\/\/www.dinardemeraudetourisme.com\/de\/sehenswertes-und-aktivitaeten\/maerkte-und-flohmaerkte\/designermaerkte\/"]}]},{"@type":"ImageObject","inLanguage":"de-DE","@id":"https:\/\/www.dinardemeraudetourisme.com\/de\/sehenswertes-und-aktivitaeten\/maerkte-und-flohmaerkte\/designermaerkte\/#primaryimage","url":"https:\/\/www.dinardemeraudetourisme.com\/app\/uploads\/2024\/05\/marche-dinardais-de-la-creation-credit-ville-de-dinard.jpg","contentUrl":"https:\/\/www.dinardemeraudetourisme.com\/app\/uploads\/2024\/05\/marche-dinardais-de-la-creation-credit-ville-de-dinard.jpg","width":2560,"height":1920,"caption":"March\u00e9 Dinardais De La Cr\u00e9ation organis\u00e9 sur l'esplanade de la Halle \u00e0 Dinard. Cr\u00e9dit Ville De Dinard"},{"@type":"WebSite","@id":"https:\/\/www.dinardemeraudetourisme.com\/de\/#website","url":"https:\/\/www.dinardemeraudetourisme.com\/de\/","name":"Dinard \u00c9meraude Tourisme","description":"","potentialAction":[{"@type":"SearchAction","target":{"@type":"EntryPoint","urlTemplate":"https:\/\/www.dinardemeraudetourisme.com\/de\/?s={search_term_string}"},"query-input":{"@type":"PropertyValueSpecification","valueRequired":true,"valueName":"search_term_string"}}],"inLanguage":"de-DE"}]}},"_links":{"self":[{"href":"https:\/\/www.dinardemeraudetourisme.com\/de\/wp-json\/wp\/v2\/pages\/12258","targetHints":{"allow":["GET"]}}],"collection":[{"href":"https:\/\/www.dinardemeraudetourisme.com\/de\/wp-json\/wp\/v2\/pages"}],"about":[{"href":"https:\/\/www.dinardemeraudetourisme.com\/de\/wp-json\/wp\/v2\/types\/page"}],"author":[{"embeddable":true,"href":"https:\/\/www.dinardemeraudetourisme.com\/de\/wp-json\/wp\/v2\/users\/1"}],"replies":[{"embeddable":true,"href":"https:\/\/www.dinardemeraudetourisme.com\/de\/wp-json\/wp\/v2\/comments?post=12258"}],"version-history":[{"count":9,"href":"https:\/\/www.dinardemeraudetourisme.com\/de\/wp-json\/wp\/v2\/pages\/12258\/revisions"}],"predecessor-version":[{"id":13781,"href":"https:\/\/www.dinardemeraudetourisme.com\/de\/wp-json\/wp\/v2\/pages\/12258\/revisions\/13781"}],"up":[{"embeddable":true,"href":"https:\/\/www.dinardemeraudetourisme.com\/de\/wp-json\/wp\/v2\/pages\/12196"}],"wp:featuredmedia":[{"embeddable":true,"href":"https:\/\/www.dinardemeraudetourisme.com\/de\/wp-json\/wp\/v2\/media\/6717"}],"wp:attachment":[{"href":"https:\/\/www.dinardemeraudetourisme.com\/de\/wp-json\/wp\/v2\/media?parent=12258"}],"curies":[{"name":"wp","href":"https:\/\/api.w.org\/{rel}","templated":true}]}}