{"id":12249,"date":"2024-04-24T13:11:51","date_gmt":"2024-04-24T11:11:51","guid":{"rendered":"https:\/\/www.dinardemeraudetourisme.com?page_id=12249"},"modified":"2025-01-27T10:27:14","modified_gmt":"2025-01-27T09:27:14","slug":"sportkurse","status":"publish","type":"page","link":"https:\/\/www.dinardemeraudetourisme.com\/de\/sehenswertes-und-aktivitaeten\/kultur-und-freizeit\/workshops\/sportkurse\/","title":{"rendered":"Sportkurse"},"content":{"rendered":"\n<p>Die Smaragdk\u00fcste im Norden der Bretagne ist ein idealer Ort f\u00fcr Sportkurse. Seine Str\u00e4nde, Klippen und Wanderwege bieten eine au\u00dfergew\u00f6hnliche nat\u00fcrliche Umgebung. Die Teilnehmer k\u00f6nnen verschiedene&nbsp;<strong><a href=\"https:\/\/www.dinardemeraudetourisme.com\/de\/sehenswertes-und-aktivitaeten\/kultur-und-freizeit\/workshops\/wassersportkurse\/\" target=\"_blank\" rel=\"noreferrer noopener\">Wassersportarten<\/a><\/strong>&nbsp;ausprobieren. Auch sportliche Aktivit\u00e4ten wie Golfen erfreuen sich gro\u00dfer Beliebtheit. Mit diesen Kursen k\u00f6nnen Sie Ihre F\u00e4higkeiten verbessern und gleichzeitig die bretonische Landschaft genie\u00dfen. Sie sind f\u00fcr alle Niveaus zug\u00e4nglich und vereinen Sport, Entspannung und Entdeckung.<br><\/p>\n\n\n\n<h2 class=\"wp-block-heading\"><br>Golfpl\u00e4tze<\/h2>\n\n\n\n<p>Drei Golfpl\u00e4tze hei\u00dfen Sie willkommen:&nbsp;&nbsp;<a href=\"https:\/\/www.dinardemeraudetourisme.com\/de\/fiche\/dinard-golf-lecons-et-stages-5FS000DG\/\" target=\"_blank\" rel=\"noreferrer noopener\"><strong>Dinard Golf<\/strong><\/a>&nbsp;&nbsp;in Saint-Briac-sur-Mer, der&nbsp;<strong><a href=\"https:\/\/www.dinardemeraudetourisme.com\/de\/fiche\/golf-de-tremereuc-20L00040\/\" target=\"_blank\" rel=\"noreferrer noopener\">Golf de Tr\u00e9m\u00e9reuc<\/a><\/strong>&nbsp;&nbsp;und&nbsp;<strong><a href=\"https:\/\/www.dinardemeraudetourisme.com\/de\/fiche\/gaea-golf-de-lancieux-20HA66X1\/\" target=\"_blank\" rel=\"noreferrer noopener\">GAEA Golf de Lancieux<\/a><\/strong>&nbsp;.&nbsp;Das ganze Jahr \u00fcber bieten Lehrer Kurse und Privatstunden f\u00fcr alle Niveaus an.<strong>&nbsp;<a href=\"https:\/\/www.dinardemeraudetourisme.com\/fiche\/golf-de-tremereuc-20L00040\/\" target=\"_blank\" rel=\"noreferrer noopener\"><\/a>&nbsp;<a href=\"https:\/\/www.dinardemeraudetourisme.com\/fiche\/gaea-golf-de-lancieux-20HA66X1\/\" target=\"_blank\" rel=\"noreferrer noopener\"><\/a><\/strong><\/p>\n\n\n\n<p>Der&nbsp;&nbsp;<strong><a href=\"https:\/\/www.dinardemeraudetourisme.com\/de\/fiche\/dinard-golf-lecons-et-stages-5FS000DG\/\" target=\"_blank\" rel=\"noreferrer noopener\">Dinard Golf<\/a><\/strong>&nbsp;&nbsp;in Saint-Briac-sur-Mer bietet:<\/p>\n\n\n\n<ul class=\"wp-block-list\">\n<li>Juniorkurse (7-14 Jahre) w\u00e4hrend aller Schulferien<\/li>\n\n\n\n<li>Kurse f\u00fcr Erwachsene: Einf\u00fchrung und Verbesserung<\/li>\n\n\n\n<li>Ausr\u00fcstung, B\u00e4lle und Zugang zum Golf sind vorhanden<\/li>\n<\/ul>\n\n\n\n<p>Der&nbsp;&nbsp;<a href=\"https:\/\/www.dinardemeraudetourisme.com\/de\/fiche\/golf-de-tremereuc-20L00040\/\" target=\"_blank\" rel=\"noreferrer noopener\"><strong>Golf de Tr\u00e9m\u00e9reuc<\/strong>&nbsp;<\/a>&nbsp;bietet:<\/p>\n\n\n\n<ul class=\"wp-block-list\">\n<li>Kinderkurse: 4 Lektionen \u00e0 1,5 Stunden \u2013 Gruppen maximal 7 Personen<\/li>\n\n\n\n<li>Erwachsenenkurse: 4 Lektionen \u00e0 2 Stunden \u2013 maximal 5 Personen<\/li>\n<\/ul>\n\n\n\n<p><a href=\"https:\/\/www.dinardemeraudetourisme.com\/de\/fiche\/gaea-golf-de-lancieux-20HA66X1\/\" target=\"_blank\" rel=\"noreferrer noopener\"><strong>GAEA Golf de Lancieux<\/strong><\/a>&nbsp;&nbsp;bietet w\u00e4hrend der Schulferien:<\/p>\n\n\n\n<ul class=\"wp-block-list\">\n<li>Kinderkurse (6 bis 13 Jahre): 1h30 Unterrichtsstunden von Montag bis Freitag<\/li>\n\n\n\n<li>Jugendkurse (14 bis 18 Jahre): 1,5-st\u00fcndiger Kurs von Montag bis Freitag<\/li>\n\n\n\n<li>Erwachsenenkurse (ab 18 Jahren): 2-st\u00fcndiger Unterricht von Montag bis Freitag<\/li>\n<\/ul>\n\n\n\n<figure class=\"wp-block-image aligncenter size-full\"><img loading=\"lazy\" decoding=\"async\" width=\"604\" height=\"374\" src=\"https:\/\/www.dinardemeraudetourisme.com\/app\/uploads\/2024\/04\/golf-gaea-lancieux-golfeurs-vue-mer.webp\" alt=\"A voir, \u00e0 faire \u00e0 Lancieux : des golfeurs font une partie sur le parcours de GAEA Golf de Lancieux, magnifique green avec vue mer sur la C\u00f4te d'\u00c9meraude.\" class=\"wp-image-1987\" srcset=\"https:\/\/www.dinardemeraudetourisme.com\/app\/uploads\/2024\/04\/golf-gaea-lancieux-golfeurs-vue-mer.webp 604w, https:\/\/www.dinardemeraudetourisme.com\/app\/uploads\/2024\/04\/golf-gaea-lancieux-golfeurs-vue-mer-300x186.webp 300w, https:\/\/www.dinardemeraudetourisme.com\/app\/uploads\/2024\/04\/golf-gaea-lancieux-golfeurs-vue-mer-20x12.webp 20w, https:\/\/www.dinardemeraudetourisme.com\/app\/uploads\/2024\/04\/golf-gaea-lancieux-golfeurs-vue-mer-50x31.webp 50w, https:\/\/www.dinardemeraudetourisme.com\/app\/uploads\/2024\/04\/golf-gaea-lancieux-golfeurs-vue-mer-48x30.webp 48w, https:\/\/www.dinardemeraudetourisme.com\/app\/uploads\/2024\/04\/golf-gaea-lancieux-golfeurs-vue-mer-60x37.webp 60w, https:\/\/www.dinardemeraudetourisme.com\/app\/uploads\/2024\/04\/golf-gaea-lancieux-golfeurs-vue-mer-80x50.webp 80w, https:\/\/www.dinardemeraudetourisme.com\/app\/uploads\/2024\/04\/golf-gaea-lancieux-golfeurs-vue-mer-110x68.webp 110w, https:\/\/www.dinardemeraudetourisme.com\/app\/uploads\/2024\/04\/golf-gaea-lancieux-golfeurs-vue-mer-160x99.webp 160w, https:\/\/www.dinardemeraudetourisme.com\/app\/uploads\/2024\/04\/golf-gaea-lancieux-golfeurs-vue-mer-250x155.webp 250w, https:\/\/www.dinardemeraudetourisme.com\/app\/uploads\/2024\/04\/golf-gaea-lancieux-golfeurs-vue-mer-65x40.webp 65w\" sizes=\"auto, (max-width: 604px) 100vw, 604px\" \/><\/figure>\n\n\n\n<h2 class=\"wp-block-heading\"><br>Finden Sie unsere anderen Kurse!<\/h2>\n\n\n\n<p>Es sind nicht nur Sportkurse! Finden Sie viele weitere Themen:<\/p>\n\n\n\n<ul class=\"wp-block-list\">\n<li><a href=\"https:\/\/www.dinardemeraudetourisme.com\/de\/sehenswertes-und-aktivitaeten\/kultur-und-freizeit\/workshops\/workshops-fuer-kreative-freizeitgestaltung\/\">Kreative Freizeitkurse<\/a><\/li>\n\n\n\n<li><a href=\"https:\/\/www.dinardemeraudetourisme.com\/de\/sehenswertes-und-aktivitaeten\/kultur-und-freizeit\/workshops\/kulturelle-workshops\/\">Kulturkurse<\/a><\/li>\n\n\n\n<li><a href=\"https:\/\/www.dinardemeraudetourisme.com\/de\/sehenswertes-und-aktivitaeten\/kultur-und-freizeit\/workshops\/wellness-kurse\/\">Kurse zum Thema Wohlbefinden<\/a><\/li>\n\n\n\n<li><a href=\"https:\/\/www.dinardemeraudetourisme.com\/de\/sehenswertes-und-aktivitaeten\/kultur-und-freizeit\/workshops\/wassersportkurse\/\">Nautische Kurse<\/a><\/li>\n<\/ul>\n\n\n\n<p><\/p>\n","protected":false},"excerpt":{"rendered":"<p>Nutzen Sie die herrliche Umgebung, die die Smaragdk\u00fcste bietet, um Fu\u00dfball, Tennis, Golf und viele andere sportliche Aktivit\u00e4ten auszu\u00fcben. Die \u00f6rtlichen Sporteinrichtungen bieten im Sommer und im Rest des Jahres zahlreiche Kurse an.<\/p>\n","protected":false},"author":1,"featured_media":1989,"parent":12029,"menu_order":0,"comment_status":"closed","ping_status":"closed","template":"template-header-large.php","meta":{"_acf_changed":false,"footnotes":""},"class_list":["post-12249","page","type-page","status-publish","has-post-thumbnail","hentry"],"acf":[],"yoast_head":"<!-- This site is optimized with the Yoast SEO plugin v27.1.1 - https:\/\/yoast.com\/product\/yoast-seo-wordpress\/ -->\n<title>Sportkurse - Dinard \u00c9meraude Tourisme<\/title>\n<meta name=\"robots\" content=\"index, follow, max-snippet:-1, max-image-preview:large, max-video-preview:-1\" \/>\n<link rel=\"canonical\" href=\"https:\/\/www.dinardemeraudetourisme.com\/de\/sehenswertes-und-aktivitaeten\/kultur-und-freizeit\/workshops\/sportkurse\/\" \/>\n<meta property=\"og:locale\" content=\"de_DE\" \/>\n<meta property=\"og:type\" content=\"article\" \/>\n<meta property=\"og:title\" content=\"Sportkurse - Dinard \u00c9meraude Tourisme\" \/>\n<meta property=\"og:description\" content=\"Nutzen Sie die herrliche Umgebung, die die Smaragdk\u00fcste bietet, um Fu\u00dfball, Tennis, Golf und viele andere sportliche Aktivit\u00e4ten auszu\u00fcben. Die \u00f6rtlichen Sporteinrichtungen bieten im Sommer und im Rest des Jahres zahlreiche Kurse an.\" \/>\n<meta property=\"og:url\" content=\"https:\/\/www.dinardemeraudetourisme.com\/de\/sehenswertes-und-aktivitaeten\/kultur-und-freizeit\/workshops\/sportkurse\/\" \/>\n<meta property=\"og:site_name\" content=\"Dinard \u00c9meraude Tourisme\" \/>\n<meta property=\"article:modified_time\" content=\"2025-01-27T09:27:14+00:00\" \/>\n<meta property=\"og:image\" content=\"https:\/\/www.dinardemeraudetourisme.com\/app\/uploads\/2024\/04\/golf-gaea-lancieux-golfeurs-vue-mer.webp\" \/>\n\t<meta property=\"og:image:width\" content=\"604\" \/>\n\t<meta property=\"og:image:height\" content=\"374\" \/>\n\t<meta property=\"og:image:type\" content=\"image\/webp\" \/>\n<meta name=\"twitter:card\" content=\"summary_large_image\" \/>\n<meta name=\"twitter:label1\" content=\"Gesch\u00e4tzte Lesezeit\" \/>\n\t<meta name=\"twitter:data1\" content=\"2 minutes\" \/>\n<script type=\"application\/ld+json\" class=\"yoast-schema-graph\">{\"@context\":\"https:\/\/schema.org\",\"@graph\":[{\"@type\":\"WebPage\",\"@id\":\"https:\/\/www.dinardemeraudetourisme.com\/de\/sehenswertes-und-aktivitaeten\/kultur-und-freizeit\/workshops\/sportkurse\/\",\"url\":\"https:\/\/www.dinardemeraudetourisme.com\/de\/sehenswertes-und-aktivitaeten\/kultur-und-freizeit\/workshops\/sportkurse\/\",\"name\":\"Sportkurse - Dinard \u00c9meraude Tourisme\",\"isPartOf\":{\"@id\":\"https:\/\/www.dinardemeraudetourisme.com\/de\/#website\"},\"primaryImageOfPage\":{\"@id\":\"https:\/\/www.dinardemeraudetourisme.com\/de\/sehenswertes-und-aktivitaeten\/kultur-und-freizeit\/workshops\/sportkurse\/#primaryimage\"},\"image\":{\"@id\":\"https:\/\/www.dinardemeraudetourisme.com\/de\/sehenswertes-und-aktivitaeten\/kultur-und-freizeit\/workshops\/sportkurse\/#primaryimage\"},\"thumbnailUrl\":\"https:\/\/www.dinardemeraudetourisme.com\/app\/uploads\/2024\/04\/golf-gaea-lancieux-golfeurs-vue-mer.webp\",\"datePublished\":\"2024-04-24T11:11:51+00:00\",\"dateModified\":\"2025-01-27T09:27:14+00:00\",\"breadcrumb\":{\"@id\":\"https:\/\/www.dinardemeraudetourisme.com\/de\/sehenswertes-und-aktivitaeten\/kultur-und-freizeit\/workshops\/sportkurse\/#breadcrumb\"},\"inLanguage\":\"de-DE\",\"potentialAction\":[{\"@type\":\"ReadAction\",\"target\":[\"https:\/\/www.dinardemeraudetourisme.com\/de\/sehenswertes-und-aktivitaeten\/kultur-und-freizeit\/workshops\/sportkurse\/\"]}]},{\"@type\":\"ImageObject\",\"inLanguage\":\"de-DE\",\"@id\":\"https:\/\/www.dinardemeraudetourisme.com\/de\/sehenswertes-und-aktivitaeten\/kultur-und-freizeit\/workshops\/sportkurse\/#primaryimage\",\"url\":\"https:\/\/www.dinardemeraudetourisme.com\/app\/uploads\/2024\/04\/golf-gaea-lancieux-golfeurs-vue-mer.webp\",\"contentUrl\":\"https:\/\/www.dinardemeraudetourisme.com\/app\/uploads\/2024\/04\/golf-gaea-lancieux-golfeurs-vue-mer.webp\",\"width\":604,\"height\":374,\"caption\":\"Des golfeurs font une partie sur le parcours de GAEA Golf de Lancieux, magnifique green avec vue mer sur la C\u00f4te d'\u00c9meraude.\"},{\"@type\":\"WebSite\",\"@id\":\"https:\/\/www.dinardemeraudetourisme.com\/de\/#website\",\"url\":\"https:\/\/www.dinardemeraudetourisme.com\/de\/\",\"name\":\"Dinard \u00c9meraude Tourisme\",\"description\":\"\",\"potentialAction\":[{\"@type\":\"SearchAction\",\"target\":{\"@type\":\"EntryPoint\",\"urlTemplate\":\"https:\/\/www.dinardemeraudetourisme.com\/de\/?s={search_term_string}\"},\"query-input\":{\"@type\":\"PropertyValueSpecification\",\"valueRequired\":true,\"valueName\":\"search_term_string\"}}],\"inLanguage\":\"de-DE\"}]}<\/script>\n<!-- \/ Yoast SEO plugin. -->","yoast_head_json":{"title":"Sportkurse - Dinard \u00c9meraude Tourisme","robots":{"index":"index","follow":"follow","max-snippet":"max-snippet:-1","max-image-preview":"max-image-preview:large","max-video-preview":"max-video-preview:-1"},"canonical":"https:\/\/www.dinardemeraudetourisme.com\/de\/sehenswertes-und-aktivitaeten\/kultur-und-freizeit\/workshops\/sportkurse\/","og_locale":"de_DE","og_type":"article","og_title":"Sportkurse - Dinard \u00c9meraude Tourisme","og_description":"Nutzen Sie die herrliche Umgebung, die die Smaragdk\u00fcste bietet, um Fu\u00dfball, Tennis, Golf und viele andere sportliche Aktivit\u00e4ten auszu\u00fcben. Die \u00f6rtlichen Sporteinrichtungen bieten im Sommer und im Rest des Jahres zahlreiche Kurse an.","og_url":"https:\/\/www.dinardemeraudetourisme.com\/de\/sehenswertes-und-aktivitaeten\/kultur-und-freizeit\/workshops\/sportkurse\/","og_site_name":"Dinard \u00c9meraude Tourisme","article_modified_time":"2025-01-27T09:27:14+00:00","og_image":[{"width":604,"height":374,"url":"https:\/\/www.dinardemeraudetourisme.com\/app\/uploads\/2024\/04\/golf-gaea-lancieux-golfeurs-vue-mer.webp","type":"image\/webp"}],"twitter_card":"summary_large_image","twitter_misc":{"Gesch\u00e4tzte Lesezeit":"2 minutes"},"schema":{"@context":"https:\/\/schema.org","@graph":[{"@type":"WebPage","@id":"https:\/\/www.dinardemeraudetourisme.com\/de\/sehenswertes-und-aktivitaeten\/kultur-und-freizeit\/workshops\/sportkurse\/","url":"https:\/\/www.dinardemeraudetourisme.com\/de\/sehenswertes-und-aktivitaeten\/kultur-und-freizeit\/workshops\/sportkurse\/","name":"Sportkurse - Dinard \u00c9meraude Tourisme","isPartOf":{"@id":"https:\/\/www.dinardemeraudetourisme.com\/de\/#website"},"primaryImageOfPage":{"@id":"https:\/\/www.dinardemeraudetourisme.com\/de\/sehenswertes-und-aktivitaeten\/kultur-und-freizeit\/workshops\/sportkurse\/#primaryimage"},"image":{"@id":"https:\/\/www.dinardemeraudetourisme.com\/de\/sehenswertes-und-aktivitaeten\/kultur-und-freizeit\/workshops\/sportkurse\/#primaryimage"},"thumbnailUrl":"https:\/\/www.dinardemeraudetourisme.com\/app\/uploads\/2024\/04\/golf-gaea-lancieux-golfeurs-vue-mer.webp","datePublished":"2024-04-24T11:11:51+00:00","dateModified":"2025-01-27T09:27:14+00:00","breadcrumb":{"@id":"https:\/\/www.dinardemeraudetourisme.com\/de\/sehenswertes-und-aktivitaeten\/kultur-und-freizeit\/workshops\/sportkurse\/#breadcrumb"},"inLanguage":"de-DE","potentialAction":[{"@type":"ReadAction","target":["https:\/\/www.dinardemeraudetourisme.com\/de\/sehenswertes-und-aktivitaeten\/kultur-und-freizeit\/workshops\/sportkurse\/"]}]},{"@type":"ImageObject","inLanguage":"de-DE","@id":"https:\/\/www.dinardemeraudetourisme.com\/de\/sehenswertes-und-aktivitaeten\/kultur-und-freizeit\/workshops\/sportkurse\/#primaryimage","url":"https:\/\/www.dinardemeraudetourisme.com\/app\/uploads\/2024\/04\/golf-gaea-lancieux-golfeurs-vue-mer.webp","contentUrl":"https:\/\/www.dinardemeraudetourisme.com\/app\/uploads\/2024\/04\/golf-gaea-lancieux-golfeurs-vue-mer.webp","width":604,"height":374,"caption":"Des golfeurs font une partie sur le parcours de GAEA Golf de Lancieux, magnifique green avec vue mer sur la C\u00f4te d'\u00c9meraude."},{"@type":"WebSite","@id":"https:\/\/www.dinardemeraudetourisme.com\/de\/#website","url":"https:\/\/www.dinardemeraudetourisme.com\/de\/","name":"Dinard \u00c9meraude Tourisme","description":"","potentialAction":[{"@type":"SearchAction","target":{"@type":"EntryPoint","urlTemplate":"https:\/\/www.dinardemeraudetourisme.com\/de\/?s={search_term_string}"},"query-input":{"@type":"PropertyValueSpecification","valueRequired":true,"valueName":"search_term_string"}}],"inLanguage":"de-DE"}]}},"_links":{"self":[{"href":"https:\/\/www.dinardemeraudetourisme.com\/de\/wp-json\/wp\/v2\/pages\/12249","targetHints":{"allow":["GET"]}}],"collection":[{"href":"https:\/\/www.dinardemeraudetourisme.com\/de\/wp-json\/wp\/v2\/pages"}],"about":[{"href":"https:\/\/www.dinardemeraudetourisme.com\/de\/wp-json\/wp\/v2\/types\/page"}],"author":[{"embeddable":true,"href":"https:\/\/www.dinardemeraudetourisme.com\/de\/wp-json\/wp\/v2\/users\/1"}],"replies":[{"embeddable":true,"href":"https:\/\/www.dinardemeraudetourisme.com\/de\/wp-json\/wp\/v2\/comments?post=12249"}],"version-history":[{"count":14,"href":"https:\/\/www.dinardemeraudetourisme.com\/de\/wp-json\/wp\/v2\/pages\/12249\/revisions"}],"predecessor-version":[{"id":13331,"href":"https:\/\/www.dinardemeraudetourisme.com\/de\/wp-json\/wp\/v2\/pages\/12249\/revisions\/13331"}],"up":[{"embeddable":true,"href":"https:\/\/www.dinardemeraudetourisme.com\/de\/wp-json\/wp\/v2\/pages\/12029"}],"wp:featuredmedia":[{"embeddable":true,"href":"https:\/\/www.dinardemeraudetourisme.com\/de\/wp-json\/wp\/v2\/media\/1989"}],"wp:attachment":[{"href":"https:\/\/www.dinardemeraudetourisme.com\/de\/wp-json\/wp\/v2\/media?parent=12249"}],"curies":[{"name":"wp","href":"https:\/\/api.w.org\/{rel}","templated":true}]}}