{"id":12248,"date":"2024-04-24T13:11:19","date_gmt":"2024-04-24T11:11:19","guid":{"rendered":"https:\/\/www.dinardemeraudetourisme.com?page_id=12248"},"modified":"2025-01-31T10:47:32","modified_gmt":"2025-01-31T09:47:32","slug":"wassersportkurse","status":"publish","type":"page","link":"https:\/\/www.dinardemeraudetourisme.com\/de\/sehenswertes-und-aktivitaeten\/kultur-und-freizeit\/workshops\/wassersportkurse\/","title":{"rendered":"Wassersportkurse"},"content":{"rendered":"\n<p>Die Smaragdk\u00fcste im Norden der Bretagne ist ein beliebtes Ziel f\u00fcr Wassersportkurse. Das klare Wasser und die g\u00fcnstigen Winde bieten ideale Bedingungen zum Segeln, Surfen, Katamaranfahren, Kajakfahren und Paddeln. Egal, ob Sie Anf\u00e4nger oder Fortgeschrittener sind, diese Kurse erm\u00f6glichen es Ihnen, vollst\u00e4ndig in die Aus\u00fcbung des Wassersports einzutauchen. Unter der Aufsicht von Profis bieten sie ein einzigartiges Sporterlebnis und entdecken gleichzeitig die nat\u00fcrliche Sch\u00f6nheit der bretonischen K\u00fcste.<\/p>\n\n\n\n<h2 class=\"wp-block-heading\"><br>Segelschulen<\/h2>\n\n\n\n<p>Kinder k\u00f6nnen ihren Urlaub nutzen, um in einer unserer vielen Segelschulen eine nautische Aktivit\u00e4t auszuprobieren. Auch Erwachsene kommen nicht zu kurz: Nach vorheriger Reservierung sind auch Privatstunden f\u00fcr alle Altersgruppen m\u00f6glich.<\/p>\n\n\n\n<h3 class=\"wp-block-heading\"><br>In Saint-Lunaire<\/h3>\n\n\n\n<h4 class=\"wp-block-heading\"><strong><strong>Yachtclub Saint-Lunaire<\/strong><\/strong><\/h4>\n\n\n\n<ul class=\"wp-block-list\">\n<li>Optimist: ab 7 Jahren<\/li>\n\n\n\n<li>Katamaran: ab 10 Jahren: Hobie T1, ab 15 Jahren: Hobie Cat 15, ab 16 Jahren: Hobie Cat 16<\/li>\n\n\n\n<li>Windsurfen: ab 10 Jahren<\/li>\n<\/ul>\n\n\n\n<p>Buchen Sie einen w\u00f6chentlichen Kurs f\u00fcr Ihre Kinder w\u00e4hrend der Oster-, Sommer- und Allerheiligen-Schulferien unter:&nbsp;&nbsp;<strong><a href=\"https:\/\/www.ycsl.net\/\" target=\"_blank\" rel=\"noreferrer noopener\">www.ycsl.net<\/a>&nbsp;.<\/strong><\/p>\n\n\n\n<h3 class=\"wp-block-heading\"><br>In Dinard<\/h3>\n\n\n\n<h4 class=\"wp-block-heading\"><strong>Dinard Nautique<\/strong><\/h4>\n\n\n\n<p><strong>Dinard Nautique<\/strong><\/p>\n\n\n\n<p>An der Promenade Clair de Lune finden Sie bei&nbsp;<strong><a href=\"https:\/\/www.dinardemeraudetourisme.com\/de\/fiche\/dinard-nautique-5FS0007T\/\" target=\"_blank\" rel=\"noreferrer noopener\">Dinard Nautique<\/a><\/strong>&nbsp;&nbsp;f\u00fcr Wasserkurse f\u00fcr Ihre Kinder w\u00e4hrend der Ferien.<strong>&nbsp;<a href=\"https:\/\/www.dinardemeraudetourisme.com\/fiche\/dinard-nautique-5FS0007T\/\" target=\"_blank\" rel=\"noreferrer noopener\"><\/a><\/strong><\/p>\n\n\n\n<ul class=\"wp-block-list\">\n<li>Optimist: 6 bis 8 Jahre alt<\/li>\n\n\n\n<li>Seekajakfahren: ab 8 Jahren<\/li>\n\n\n\n<li>Katamaran: ab 8 Jahren<\/li>\n\n\n\n<li>Stand Up Paddle: ab 12 Jahren<\/li>\n\n\n\n<li>Kajakpolo: ab 12 Jahren<\/li>\n<\/ul>\n\n\n\n<p><strong><a href=\"https:\/\/www.dinard-nautique.com\/\" target=\"_blank\" rel=\"noreferrer noopener\">Weitere Informationen<\/a>&nbsp;.<\/strong><\/p>\n\n\n\n<h4 class=\"wp-block-heading\"><br><strong><strong>Wishbone-Club<\/strong><\/strong><\/h4>\n\n\n\n<p>Am Strand von \u00c9cluse, in der N\u00e4he des Meerwasserschwimmbads, k\u00f6nnen Sie Ihren Kindern im\u00a0\u00a0<a href=\"https:\/\/www.dinardemeraudetourisme.com\/de\/fiche\/centre-nautique-wishbone-club-dinard-5FS0007D\/\" target=\"_blank\" rel=\"noreferrer noopener\"><strong>Wishbone Club<\/strong><\/a>\u00a0Wassersport n\u00e4herbringen .<\/p>\n\n\n\n<ul class=\"wp-block-list\">\n<li>Katamaran: Junior (8\u201311 Jahre) und Teenager (12\u201315 Jahre)<\/li>\n\n\n\n<li>Windsurfen: ab 10 Jahren<\/li>\n<\/ul>\n\n\n\n<p><strong><a href=\"https:\/\/www.wishbone-club-dinard.com\/\" target=\"_blank\" rel=\"noreferrer noopener\">Weitere Informationen<\/a>&nbsp;.<\/strong><\/p>\n\n\n\n<h3 class=\"wp-block-heading\">Im La Richardais<\/h3>\n\n\n\n<h4 class=\"wp-block-heading\"><strong><strong>Wassersportzentrum La Richardais<\/strong><\/strong><\/h4>\n\n\n\n<p>Das CNR bietet:<\/p>\n\n\n\n<ul class=\"wp-block-list\">\n<li><strong>Segelkurse<\/strong><\/li>\n<\/ul>\n\n\n\n<p>tags\u00fcber von 9:30 bis 16:00 Uhr f\u00fcr Kinder ab 8 Jahren.<br>Im Beiboot und Kajak-Paddel, je nach Wetterlage und Wunsch!!<br>Ab 160,50 \u20ac f\u00fcr 2 Tage<\/p>\n\n\n\n<ul class=\"wp-block-list\">\n<li><strong>Ruderkurs f\u00fcr Anf\u00e4nger<\/strong><\/li>\n<\/ul>\n\n\n\n<p>Ab 14 Jahren f\u00fcr 2 Vormittage von 10 bis 12 Uhr \u2013 68 \u20ac<\/p>\n\n\n\n<ul class=\"wp-block-list\">\n<li><strong>Kajak- und Paddelverleih&nbsp;<\/strong>&nbsp;nach vorheriger Reservierung nur w\u00e4hrend der Schulferien in unserer Region<\/li>\n<\/ul>\n\n\n\n<p>Alles bei Flut, um das Wasser optimal zu nutzen!!<\/p>\n\n\n\n<p>20 \u20ac Erm\u00e4\u00dfigung f\u00fcr online gebuchte Kurse<\/p>\n\n\n\n<p><strong>Anmeldungen auf der Website&nbsp;&nbsp;<a href=\"http:\/\/www.ycsl.net\/\">www.ycsl.net<\/a><\/strong><\/p>\n\n\n\n<p><strong>Kontakt CNR 02.99.88.51.57&nbsp;&nbsp;<a href=\"mailto:-cnr35@wanadoo.fr\">\u2013 cnr35@wanadoo.fr<\/a><\/strong><\/p>\n\n\n\n<figure class=\"wp-block-image aligncenter size-large\"><img loading=\"lazy\" decoding=\"async\" width=\"1024\" height=\"615\" src=\"https:\/\/www.dinardemeraudetourisme.com\/app\/uploads\/2024\/04\/cnr-stages-voile-1024x615.webp\" alt=\"Centre Nautique de la Richardais. Inscrivez-vous et vos enfants \u00e0 des stages d\u00e9couverte de la voile. Les centres nautiques de la C\u00f4te d'Emeraude vous accueille aux vacances scolaires.\" class=\"wp-image-2356\" srcset=\"https:\/\/www.dinardemeraudetourisme.com\/app\/uploads\/2024\/04\/cnr-stages-voile-1024x615.webp 1024w, https:\/\/www.dinardemeraudetourisme.com\/app\/uploads\/2024\/04\/cnr-stages-voile-300x180.webp 300w, https:\/\/www.dinardemeraudetourisme.com\/app\/uploads\/2024\/04\/cnr-stages-voile-768x461.webp 768w, https:\/\/www.dinardemeraudetourisme.com\/app\/uploads\/2024\/04\/cnr-stages-voile-20x12.webp 20w, https:\/\/www.dinardemeraudetourisme.com\/app\/uploads\/2024\/04\/cnr-stages-voile-50x30.webp 50w, https:\/\/www.dinardemeraudetourisme.com\/app\/uploads\/2024\/04\/cnr-stages-voile-60x36.webp 60w, https:\/\/www.dinardemeraudetourisme.com\/app\/uploads\/2024\/04\/cnr-stages-voile-80x48.webp 80w, https:\/\/www.dinardemeraudetourisme.com\/app\/uploads\/2024\/04\/cnr-stages-voile-110x66.webp 110w, https:\/\/www.dinardemeraudetourisme.com\/app\/uploads\/2024\/04\/cnr-stages-voile-160x96.webp 160w, https:\/\/www.dinardemeraudetourisme.com\/app\/uploads\/2024\/04\/cnr-stages-voile-250x150.webp 250w, https:\/\/www.dinardemeraudetourisme.com\/app\/uploads\/2024\/04\/cnr-stages-voile-67x40.webp 67w, https:\/\/www.dinardemeraudetourisme.com\/app\/uploads\/2024\/04\/cnr-stages-voile-1333x800.webp 1333w, https:\/\/www.dinardemeraudetourisme.com\/app\/uploads\/2024\/04\/cnr-stages-voile.webp 1471w\" sizes=\"auto, (max-width: 1024px) 100vw, 1024px\" \/><\/figure>\n\n\n\n<h3 class=\"wp-block-heading\"><br>In Lancieux<\/h3>\n\n\n\n<h4 class=\"wp-block-heading\"><strong>C<\/strong><strong>Nautischer Club Lancieux<\/strong><\/h4>\n\n\n\n<p>Die CNL ist eine Kitesurf-, Windsurf-, Katamaran-, Strandsegel-, Kajak- und Schlauchbootschule.<\/p>\n\n\n\n<ul class=\"wp-block-list\">\n<li>Optimist: ab 7 Jahren<\/li>\n\n\n\n<li>Windsurfen: ab 7 Jahren<\/li>\n\n\n\n<li>Beiboot: ab 10 Jahren<\/li>\n\n\n\n<li>Katamaran: ab 10 Jahren<\/li>\n\n\n\n<li>Windsurfen: ab 10 Jahren<\/li>\n<\/ul>\n\n\n\n<p><a href=\"https:\/\/www.dinardemeraudetourisme.com\/de\/fiche\/club-nautique-de-lancieux-20E39BHY\/\" target=\"_blank\" rel=\"noreferrer noopener\"><strong>Erfahren Sie mehr<\/strong><\/a><\/p>\n\n\n\n<p><\/p>\n\n\n\n<h2 class=\"wp-block-heading\"><br>Surfen<\/h2>\n\n\n\n<p>W\u00f6chentlicher Surfkurs (5 Sitzungen \u00e0 1h30) w\u00e4hrend der Oster-, Sommer- und Allerheiligenferien.<br>Zwei Surfschulen hei\u00dfen Sie willkommen: \u00c9meraude Surf School und Surf Harmony<\/p>\n\n\n\n<p><strong>Praktische Informationen:<\/strong><\/p>\n\n\n\n<p>Surfschule&nbsp;&nbsp;<strong><a href=\"https:\/\/www.dinardemeraudetourisme.com\/de\/fiche\/emeraude-surf-school-5V51R7BU\/\" target=\"_blank\" rel=\"noreferrer noopener\">\u00c9meraude<\/a>&nbsp;:<\/strong><\/p>\n\n\n\n<ul class=\"wp-block-list\">\n<li>Tarif: 150 \u20ac<\/li>\n\n\n\n<li>Standort: Longchamp Beach, Saint-Lunaire-Seite<\/li>\n<\/ul>\n\n\n\n<p><a href=\"https:\/\/www.dinardemeraudetourisme.com\/de\/fiche\/surf-harmony-5FS000DI\/\" target=\"_blank\" rel=\"noreferrer noopener\"><strong>Surf Harmony<\/strong><\/a>&nbsp;Schule&nbsp;&nbsp;&nbsp;:<\/p>\n\n\n\n<ul class=\"wp-block-list\">\n<li>Tarif: 160 \u20ac<\/li>\n\n\n\n<li>Standort: Strand von Longchamp, Seite Saint-Briac-sur-Mer<\/li>\n<\/ul>\n\n\n\n<h2 class=\"wp-block-heading\"><br>Wingfoil-Kurs<\/h2>\n\n\n\n<p>Tr\u00e4umen Sie davon, Wingfoil auszuprobieren?<\/p>\n\n\n\n<p>Entdecken Sie das neue w\u00f6chentliche E-Foil- und Wingfoil-Kursangebot von\u00a0\u00a0<a href=\"https:\/\/www.dinardemeraudetourisme.com\/de\/fiche\/chill-in-rance-2V52CP1L\" target=\"_blank\" rel=\"noreferrer noopener\">Chill in Rance<\/a>\u00a0. Die ideale Kombination, um sich Schritt f\u00fcr Schritt im Wingfoiling selbstst\u00e4ndig zu machen.<\/p>\n\n\n\n<p><strong>5-t\u00e4giger Kurs von Dienstag bis Samstag<\/strong>&nbsp;&nbsp;:<\/p>\n\n\n\n<p>\u2192 2 E-Foil-Lektionen an der Slipanlage von Plou\u00ebr-sur-Rance<\/p>\n\n\n\n<p>\u2192 3 Wingfoil-Lektionen in Saint-Suliac<\/p>\n\n\n\n<p><strong>Preis<\/strong>&nbsp;&nbsp;: 550 \u20ac \/ Person. \u00dcben Sie unter Aufsicht im Einzelunterricht oder durch 2 Personen.<\/p>\n\n\n\n<p><strong>Anmeldungen<\/strong>&nbsp;&nbsp;bei&nbsp;&nbsp;<a href=\"https:\/\/chill-in-rance.com\/reservation\/?re-product-id=248704\" target=\"_blank\" rel=\"noreferrer noopener\"><strong>Chill in Rance<\/strong><\/a>&nbsp;.<\/p>\n\n\n\n<h2 class=\"wp-block-heading\"><br>Finden Sie unsere anderen Kurse!<\/h2>\n\n\n\n<ul class=\"wp-block-list\">\n<li><a href=\"https:\/\/www.dinardemeraudetourisme.com\/de\/sehenswertes-und-aktivitaeten\/kultur-und-freizeit\/workshops\/workshops-fuer-kreative-freizeitgestaltung\/\">Kreative Freizeitkurse<\/a><\/li>\n\n\n\n<li><a href=\"https:\/\/www.dinardemeraudetourisme.com\/de\/sehenswertes-und-aktivitaeten\/kultur-und-freizeit\/workshops\/kulturelle-workshops\/\">Kulturkurse<\/a><\/li>\n\n\n\n<li><a href=\"https:\/\/www.dinardemeraudetourisme.com\/de\/sehenswertes-und-aktivitaeten\/kultur-und-freizeit\/workshops\/wellness-kurse\/\">Kurse zum Thema Wohlbefinden<\/a><\/li>\n\n\n\n<li><a href=\"https:\/\/www.dinardemeraudetourisme.com\/de\/sehenswertes-und-aktivitaeten\/kultur-und-freizeit\/workshops\/sportkurse\/\">Sportkurse<\/a><\/li>\n<\/ul>\n\n\n\n<p><\/p>\n","protected":false},"excerpt":{"rendered":"<p>Probieren Sie w\u00e4hrend Ihres Aufenthalts in Dinard C\u00f4te d\u2019\u00c9meraude eine Wassersportaktivit\u00e4t aus.<\/p>\n","protected":false},"author":1,"featured_media":5349,"parent":12029,"menu_order":0,"comment_status":"closed","ping_status":"closed","template":"template-header-large.php","meta":{"_acf_changed":false,"footnotes":""},"class_list":["post-12248","page","type-page","status-publish","has-post-thumbnail","hentry"],"acf":[],"yoast_head":"<!-- This site is optimized with the Yoast SEO plugin v27.1.1 - https:\/\/yoast.com\/product\/yoast-seo-wordpress\/ -->\n<title>Wassersportkurse - Dinard \u00c9meraude Tourisme<\/title>\n<meta name=\"robots\" content=\"index, follow, max-snippet:-1, max-image-preview:large, max-video-preview:-1\" \/>\n<link rel=\"canonical\" href=\"https:\/\/www.dinardemeraudetourisme.com\/de\/sehenswertes-und-aktivitaeten\/kultur-und-freizeit\/workshops\/wassersportkurse\/\" \/>\n<meta property=\"og:locale\" content=\"de_DE\" \/>\n<meta property=\"og:type\" content=\"article\" \/>\n<meta property=\"og:title\" content=\"Wassersportkurse - Dinard \u00c9meraude Tourisme\" \/>\n<meta property=\"og:description\" content=\"Probieren Sie w\u00e4hrend Ihres Aufenthalts in Dinard C\u00f4te d\u2019\u00c9meraude eine Wassersportaktivit\u00e4t aus.\" \/>\n<meta property=\"og:url\" content=\"https:\/\/www.dinardemeraudetourisme.com\/de\/sehenswertes-und-aktivitaeten\/kultur-und-freizeit\/workshops\/wassersportkurse\/\" \/>\n<meta property=\"og:site_name\" content=\"Dinard \u00c9meraude Tourisme\" \/>\n<meta property=\"article:modified_time\" content=\"2025-01-31T09:47:32+00:00\" \/>\n<meta property=\"og:image\" content=\"https:\/\/www.dinardemeraudetourisme.com\/app\/uploads\/2024\/04\/sensation-bretagne-dinard-sport-nautique-studio-jezequel-2023.jpg\" \/>\n\t<meta property=\"og:image:width\" content=\"1920\" \/>\n\t<meta property=\"og:image:height\" content=\"1280\" \/>\n\t<meta property=\"og:image:type\" content=\"image\/jpeg\" \/>\n<meta name=\"twitter:card\" content=\"summary_large_image\" \/>\n<meta name=\"twitter:label1\" content=\"Gesch\u00e4tzte Lesezeit\" \/>\n\t<meta name=\"twitter:data1\" content=\"3 minutes\" \/>\n<script type=\"application\/ld+json\" class=\"yoast-schema-graph\">{\"@context\":\"https:\/\/schema.org\",\"@graph\":[{\"@type\":\"WebPage\",\"@id\":\"https:\/\/www.dinardemeraudetourisme.com\/de\/sehenswertes-und-aktivitaeten\/kultur-und-freizeit\/workshops\/wassersportkurse\/\",\"url\":\"https:\/\/www.dinardemeraudetourisme.com\/de\/sehenswertes-und-aktivitaeten\/kultur-und-freizeit\/workshops\/wassersportkurse\/\",\"name\":\"Wassersportkurse - Dinard \u00c9meraude Tourisme\",\"isPartOf\":{\"@id\":\"https:\/\/www.dinardemeraudetourisme.com\/de\/#website\"},\"primaryImageOfPage\":{\"@id\":\"https:\/\/www.dinardemeraudetourisme.com\/de\/sehenswertes-und-aktivitaeten\/kultur-und-freizeit\/workshops\/wassersportkurse\/#primaryimage\"},\"image\":{\"@id\":\"https:\/\/www.dinardemeraudetourisme.com\/de\/sehenswertes-und-aktivitaeten\/kultur-und-freizeit\/workshops\/wassersportkurse\/#primaryimage\"},\"thumbnailUrl\":\"https:\/\/www.dinardemeraudetourisme.com\/app\/uploads\/2024\/04\/sensation-bretagne-dinard-sport-nautique-studio-jezequel-2023.jpg\",\"datePublished\":\"2024-04-24T11:11:19+00:00\",\"dateModified\":\"2025-01-31T09:47:32+00:00\",\"breadcrumb\":{\"@id\":\"https:\/\/www.dinardemeraudetourisme.com\/de\/sehenswertes-und-aktivitaeten\/kultur-und-freizeit\/workshops\/wassersportkurse\/#breadcrumb\"},\"inLanguage\":\"de-DE\",\"potentialAction\":[{\"@type\":\"ReadAction\",\"target\":[\"https:\/\/www.dinardemeraudetourisme.com\/de\/sehenswertes-und-aktivitaeten\/kultur-und-freizeit\/workshops\/wassersportkurse\/\"]}]},{\"@type\":\"ImageObject\",\"inLanguage\":\"de-DE\",\"@id\":\"https:\/\/www.dinardemeraudetourisme.com\/de\/sehenswertes-und-aktivitaeten\/kultur-und-freizeit\/workshops\/wassersportkurse\/#primaryimage\",\"url\":\"https:\/\/www.dinardemeraudetourisme.com\/app\/uploads\/2024\/04\/sensation-bretagne-dinard-sport-nautique-studio-jezequel-2023.jpg\",\"contentUrl\":\"https:\/\/www.dinardemeraudetourisme.com\/app\/uploads\/2024\/04\/sensation-bretagne-dinard-sport-nautique-studio-jezequel-2023.jpg\",\"width\":1920,\"height\":1280,\"caption\":\"Une famille tient la barre d'un voilier dans la baie de Dinard. La C\u00f4te d'\u00c9meraude est un terrain de jeu parfait pour les amateurs d'activit\u00e9s nautiques en Bretagne.\"},{\"@type\":\"WebSite\",\"@id\":\"https:\/\/www.dinardemeraudetourisme.com\/de\/#website\",\"url\":\"https:\/\/www.dinardemeraudetourisme.com\/de\/\",\"name\":\"Dinard \u00c9meraude Tourisme\",\"description\":\"\",\"potentialAction\":[{\"@type\":\"SearchAction\",\"target\":{\"@type\":\"EntryPoint\",\"urlTemplate\":\"https:\/\/www.dinardemeraudetourisme.com\/de\/?s={search_term_string}\"},\"query-input\":{\"@type\":\"PropertyValueSpecification\",\"valueRequired\":true,\"valueName\":\"search_term_string\"}}],\"inLanguage\":\"de-DE\"}]}<\/script>\n<!-- \/ Yoast SEO plugin. -->","yoast_head_json":{"title":"Wassersportkurse - Dinard \u00c9meraude Tourisme","robots":{"index":"index","follow":"follow","max-snippet":"max-snippet:-1","max-image-preview":"max-image-preview:large","max-video-preview":"max-video-preview:-1"},"canonical":"https:\/\/www.dinardemeraudetourisme.com\/de\/sehenswertes-und-aktivitaeten\/kultur-und-freizeit\/workshops\/wassersportkurse\/","og_locale":"de_DE","og_type":"article","og_title":"Wassersportkurse - Dinard \u00c9meraude Tourisme","og_description":"Probieren Sie w\u00e4hrend Ihres Aufenthalts in Dinard C\u00f4te d\u2019\u00c9meraude eine Wassersportaktivit\u00e4t aus.","og_url":"https:\/\/www.dinardemeraudetourisme.com\/de\/sehenswertes-und-aktivitaeten\/kultur-und-freizeit\/workshops\/wassersportkurse\/","og_site_name":"Dinard \u00c9meraude Tourisme","article_modified_time":"2025-01-31T09:47:32+00:00","og_image":[{"width":1920,"height":1280,"url":"https:\/\/www.dinardemeraudetourisme.com\/app\/uploads\/2024\/04\/sensation-bretagne-dinard-sport-nautique-studio-jezequel-2023.jpg","type":"image\/jpeg"}],"twitter_card":"summary_large_image","twitter_misc":{"Gesch\u00e4tzte Lesezeit":"3 minutes"},"schema":{"@context":"https:\/\/schema.org","@graph":[{"@type":"WebPage","@id":"https:\/\/www.dinardemeraudetourisme.com\/de\/sehenswertes-und-aktivitaeten\/kultur-und-freizeit\/workshops\/wassersportkurse\/","url":"https:\/\/www.dinardemeraudetourisme.com\/de\/sehenswertes-und-aktivitaeten\/kultur-und-freizeit\/workshops\/wassersportkurse\/","name":"Wassersportkurse - Dinard \u00c9meraude Tourisme","isPartOf":{"@id":"https:\/\/www.dinardemeraudetourisme.com\/de\/#website"},"primaryImageOfPage":{"@id":"https:\/\/www.dinardemeraudetourisme.com\/de\/sehenswertes-und-aktivitaeten\/kultur-und-freizeit\/workshops\/wassersportkurse\/#primaryimage"},"image":{"@id":"https:\/\/www.dinardemeraudetourisme.com\/de\/sehenswertes-und-aktivitaeten\/kultur-und-freizeit\/workshops\/wassersportkurse\/#primaryimage"},"thumbnailUrl":"https:\/\/www.dinardemeraudetourisme.com\/app\/uploads\/2024\/04\/sensation-bretagne-dinard-sport-nautique-studio-jezequel-2023.jpg","datePublished":"2024-04-24T11:11:19+00:00","dateModified":"2025-01-31T09:47:32+00:00","breadcrumb":{"@id":"https:\/\/www.dinardemeraudetourisme.com\/de\/sehenswertes-und-aktivitaeten\/kultur-und-freizeit\/workshops\/wassersportkurse\/#breadcrumb"},"inLanguage":"de-DE","potentialAction":[{"@type":"ReadAction","target":["https:\/\/www.dinardemeraudetourisme.com\/de\/sehenswertes-und-aktivitaeten\/kultur-und-freizeit\/workshops\/wassersportkurse\/"]}]},{"@type":"ImageObject","inLanguage":"de-DE","@id":"https:\/\/www.dinardemeraudetourisme.com\/de\/sehenswertes-und-aktivitaeten\/kultur-und-freizeit\/workshops\/wassersportkurse\/#primaryimage","url":"https:\/\/www.dinardemeraudetourisme.com\/app\/uploads\/2024\/04\/sensation-bretagne-dinard-sport-nautique-studio-jezequel-2023.jpg","contentUrl":"https:\/\/www.dinardemeraudetourisme.com\/app\/uploads\/2024\/04\/sensation-bretagne-dinard-sport-nautique-studio-jezequel-2023.jpg","width":1920,"height":1280,"caption":"Une famille tient la barre d'un voilier dans la baie de Dinard. La C\u00f4te d'\u00c9meraude est un terrain de jeu parfait pour les amateurs d'activit\u00e9s nautiques en Bretagne."},{"@type":"WebSite","@id":"https:\/\/www.dinardemeraudetourisme.com\/de\/#website","url":"https:\/\/www.dinardemeraudetourisme.com\/de\/","name":"Dinard \u00c9meraude Tourisme","description":"","potentialAction":[{"@type":"SearchAction","target":{"@type":"EntryPoint","urlTemplate":"https:\/\/www.dinardemeraudetourisme.com\/de\/?s={search_term_string}"},"query-input":{"@type":"PropertyValueSpecification","valueRequired":true,"valueName":"search_term_string"}}],"inLanguage":"de-DE"}]}},"_links":{"self":[{"href":"https:\/\/www.dinardemeraudetourisme.com\/de\/wp-json\/wp\/v2\/pages\/12248","targetHints":{"allow":["GET"]}}],"collection":[{"href":"https:\/\/www.dinardemeraudetourisme.com\/de\/wp-json\/wp\/v2\/pages"}],"about":[{"href":"https:\/\/www.dinardemeraudetourisme.com\/de\/wp-json\/wp\/v2\/types\/page"}],"author":[{"embeddable":true,"href":"https:\/\/www.dinardemeraudetourisme.com\/de\/wp-json\/wp\/v2\/users\/1"}],"replies":[{"embeddable":true,"href":"https:\/\/www.dinardemeraudetourisme.com\/de\/wp-json\/wp\/v2\/comments?post=12248"}],"version-history":[{"count":12,"href":"https:\/\/www.dinardemeraudetourisme.com\/de\/wp-json\/wp\/v2\/pages\/12248\/revisions"}],"predecessor-version":[{"id":13761,"href":"https:\/\/www.dinardemeraudetourisme.com\/de\/wp-json\/wp\/v2\/pages\/12248\/revisions\/13761"}],"up":[{"embeddable":true,"href":"https:\/\/www.dinardemeraudetourisme.com\/de\/wp-json\/wp\/v2\/pages\/12029"}],"wp:featuredmedia":[{"embeddable":true,"href":"https:\/\/www.dinardemeraudetourisme.com\/de\/wp-json\/wp\/v2\/media\/5349"}],"wp:attachment":[{"href":"https:\/\/www.dinardemeraudetourisme.com\/de\/wp-json\/wp\/v2\/media?parent=12248"}],"curies":[{"name":"wp","href":"https:\/\/api.w.org\/{rel}","templated":true}]}}