{"id":12239,"date":"2024-04-24T13:10:52","date_gmt":"2024-04-24T11:10:52","guid":{"rendered":"https:\/\/www.dinardemeraudetourisme.com?page_id=12239"},"modified":"2025-01-31T10:42:37","modified_gmt":"2025-01-31T09:42:37","slug":"workshops-fuer-kreative-freizeitgestaltung","status":"publish","type":"page","link":"https:\/\/www.dinardemeraudetourisme.com\/de\/sehenswertes-und-aktivitaeten\/kultur-und-freizeit\/workshops\/workshops-fuer-kreative-freizeitgestaltung\/","title":{"rendered":"Workshops f\u00fcr kreative Freizeitgestaltung"},"content":{"rendered":"\n<p>Besuchen Sie w\u00e4hrend Ihres Urlaubs an der Smaragdk\u00fcste im Norden der Bretagne einen kreativen Freizeitkurs. In einer inspirierenden Umgebung k\u00f6nnen die Teilnehmer etwas \u00fcber Modellieren und T\u00f6pfern lernen oder an kreativen Workshops teilnehmen, die speziell f\u00fcr Kinder konzipiert sind. Diese Aktivit\u00e4ten erm\u00f6glichen es Ihnen, Ihre Fantasie zu entwickeln und verschiedene k\u00fcnstlerische Techniken zu erkunden. Unter der Leitung lokaler Kunsthandwerker und K\u00fcnstler bieten diese Kurse einen Moment der Entspannung und f\u00f6rdern gleichzeitig die Kreativit\u00e4t. Sie sind f\u00fcr Jung und Alt zug\u00e4nglich und stellen eine originelle M\u00f6glichkeit dar, bretonische Handwerkskunst zu entdecken.<\/p>\n\n\n\n<h2 class=\"wp-block-heading\"><br>Keramik<\/h2>\n\n\n\n<p>Kurse nach Voranmeldung. 6 Stunden Unterricht \u00fcber 1 bis 5 Tage.<br>Informationen und Reservierungen bei&nbsp;&nbsp;<a href=\"https:\/\/www.dinardemeraudetourisme.com\/de\/fiche\/la-poterie-de-sandra-and-co-2V51QA50\/\" target=\"_blank\" rel=\"noreferrer noopener\"><strong>La Poterie de Sandra<\/strong><\/a>&nbsp;.<\/p>\n\n\n\n<p><strong>Praktische Informationen:<\/strong><\/p>\n\n\n\n<ul class=\"wp-block-list\">\n<li>Preise: Filmen 93 \u20ac\/Tag und Modeln 78 \u20ac\/Tag<\/li>\n\n\n\n<li>Ort: Werkstatt in Corseul<\/li>\n<\/ul>\n\n\n\n<figure class=\"wp-block-image aligncenter size-full\"><img loading=\"lazy\" decoding=\"async\" width=\"960\" height=\"720\" src=\"https:\/\/www.dinardemeraudetourisme.com\/app\/uploads\/2024\/05\/poterie-de-sandra-corseul.jpg\" alt=\"La poterie de Sandra \u00e0 Corseul. Sandra lors d'un atelier poterie de tournage et \u00e9maillage. Cet atelier est l'un des stages de loisirs cr\u00e9atifs de la C\u00f4te d'\u00c9meraude.\" class=\"wp-image-5776\" srcset=\"https:\/\/www.dinardemeraudetourisme.com\/app\/uploads\/2024\/05\/poterie-de-sandra-corseul.jpg 960w, https:\/\/www.dinardemeraudetourisme.com\/app\/uploads\/2024\/05\/poterie-de-sandra-corseul-300x225.jpg 300w, https:\/\/www.dinardemeraudetourisme.com\/app\/uploads\/2024\/05\/poterie-de-sandra-corseul-768x576.jpg 768w, https:\/\/www.dinardemeraudetourisme.com\/app\/uploads\/2024\/05\/poterie-de-sandra-corseul-20x15.jpg 20w, https:\/\/www.dinardemeraudetourisme.com\/app\/uploads\/2024\/05\/poterie-de-sandra-corseul-50x38.jpg 50w, https:\/\/www.dinardemeraudetourisme.com\/app\/uploads\/2024\/05\/poterie-de-sandra-corseul-40x30.jpg 40w, https:\/\/www.dinardemeraudetourisme.com\/app\/uploads\/2024\/05\/poterie-de-sandra-corseul-60x45.jpg 60w, https:\/\/www.dinardemeraudetourisme.com\/app\/uploads\/2024\/05\/poterie-de-sandra-corseul-80x60.jpg 80w, https:\/\/www.dinardemeraudetourisme.com\/app\/uploads\/2024\/05\/poterie-de-sandra-corseul-110x83.jpg 110w, https:\/\/www.dinardemeraudetourisme.com\/app\/uploads\/2024\/05\/poterie-de-sandra-corseul-160x120.jpg 160w, https:\/\/www.dinardemeraudetourisme.com\/app\/uploads\/2024\/05\/poterie-de-sandra-corseul-250x188.jpg 250w, https:\/\/www.dinardemeraudetourisme.com\/app\/uploads\/2024\/05\/poterie-de-sandra-corseul-53x40.jpg 53w\" sizes=\"auto, (max-width: 960px) 100vw, 960px\" \/><\/figure>\n\n\n\n<h2 class=\"wp-block-heading\"><br>Praktika in Vermittlungs- und Gravurwerkst\u00e4tten<\/h2>\n\n\n\n<div class=\"wp-block-columns is-layout-flex wp-container-core-columns-is-layout-28f84493 wp-block-columns-is-layout-flex\">\n<div class=\"wp-block-column is-layout-flow wp-block-column-is-layout-flow\" style=\"flex-basis:33.33%\">\n<figure class=\"wp-block-image size-large\"><img loading=\"lazy\" decoding=\"async\" width=\"768\" height=\"1024\" src=\"https:\/\/www.dinardemeraudetourisme.com\/app\/uploads\/2024\/04\/atelier-gravure-dinard-stage-scaled-1-768x1024.webp\" alt=\"Oeuvre r\u00e9alis\u00e9e dans le cadre d'un Stage de gravure \u00e0 Dinard.\" class=\"wp-image-4033\" srcset=\"https:\/\/www.dinardemeraudetourisme.com\/app\/uploads\/2024\/04\/atelier-gravure-dinard-stage-scaled-1-768x1024.webp 768w, https:\/\/www.dinardemeraudetourisme.com\/app\/uploads\/2024\/04\/atelier-gravure-dinard-stage-scaled-1-225x300.webp 225w, https:\/\/www.dinardemeraudetourisme.com\/app\/uploads\/2024\/04\/atelier-gravure-dinard-stage-scaled-1-1152x1536.webp 1152w, https:\/\/www.dinardemeraudetourisme.com\/app\/uploads\/2024\/04\/atelier-gravure-dinard-stage-scaled-1-1536x2048.webp 1536w, https:\/\/www.dinardemeraudetourisme.com\/app\/uploads\/2024\/04\/atelier-gravure-dinard-stage-scaled-1-15x20.webp 15w, https:\/\/www.dinardemeraudetourisme.com\/app\/uploads\/2024\/04\/atelier-gravure-dinard-stage-scaled-1-38x50.webp 38w, https:\/\/www.dinardemeraudetourisme.com\/app\/uploads\/2024\/04\/atelier-gravure-dinard-stage-scaled-1-23x30.webp 23w, https:\/\/www.dinardemeraudetourisme.com\/app\/uploads\/2024\/04\/atelier-gravure-dinard-stage-scaled-1-45x60.webp 45w, https:\/\/www.dinardemeraudetourisme.com\/app\/uploads\/2024\/04\/atelier-gravure-dinard-stage-scaled-1-60x80.webp 60w, https:\/\/www.dinardemeraudetourisme.com\/app\/uploads\/2024\/04\/atelier-gravure-dinard-stage-scaled-1-105x140.webp 105w, https:\/\/www.dinardemeraudetourisme.com\/app\/uploads\/2024\/04\/atelier-gravure-dinard-stage-scaled-1-120x160.webp 120w, https:\/\/www.dinardemeraudetourisme.com\/app\/uploads\/2024\/04\/atelier-gravure-dinard-stage-scaled-1-240x320.webp 240w, https:\/\/www.dinardemeraudetourisme.com\/app\/uploads\/2024\/04\/atelier-gravure-dinard-stage-scaled-1-30x40.webp 30w, https:\/\/www.dinardemeraudetourisme.com\/app\/uploads\/2024\/04\/atelier-gravure-dinard-stage-scaled-1-300x400.webp 300w, https:\/\/www.dinardemeraudetourisme.com\/app\/uploads\/2024\/04\/atelier-gravure-dinard-stage-scaled-1-600x800.webp 600w, https:\/\/www.dinardemeraudetourisme.com\/app\/uploads\/2024\/04\/atelier-gravure-dinard-stage-scaled-1-900x1200.webp 900w, https:\/\/www.dinardemeraudetourisme.com\/app\/uploads\/2024\/04\/atelier-gravure-dinard-stage-scaled-1.webp 1920w\" sizes=\"auto, (max-width: 768px) 100vw, 768px\" \/><\/figure>\n<\/div>\n\n\n\n<div class=\"wp-block-column is-layout-flow wp-block-column-is-layout-flow\" style=\"flex-basis:66.66%\">\n<p>Erstellen Sie im Rahmen der k\u00fcnstlerischen Vermittlung Ihre Tafel (Materialien: Ton, Gips, Seidenpapier, Algen usw.) und erkunden Sie die verschiedenen Phasen des kreativen Prozesses, von der Intuition\/Inspiration bis zur Kreation.<br>Diese Kurse werden das ganze Jahr \u00fcber organisiert.<br>Informationen und Anmeldungen bei&nbsp;&nbsp;<a href=\"https:\/\/www.escapades.info\/\" target=\"_blank\" rel=\"noreferrer noopener\">V\u00e9ronique Brossette<\/a>&nbsp;&nbsp;unter 06 80 58 51 07.<\/p>\n\n\n\n<p><strong>Praktische Informationen<\/strong>&nbsp;&nbsp;:<\/p>\n\n\n\n<ul class=\"wp-block-list\">\n<li>Ort: Werkstatt in Dinard<\/li>\n\n\n\n<li>Preise: 4 Sitzungen: 120 \u20ac \/ Individuelle Kreativit\u00e4ts-Workshop-Sitzung: 40 \u20ac \/ Einf\u00fchrungs-Gravur-Sitzung: 50 \u20ac \/ 10 Sitzungen: 300 \u20ac<\/li>\n<\/ul>\n<\/div>\n<\/div>\n\n\n\n<h2 class=\"wp-block-heading\"><br>Junge Sprossen des Busches<\/h2>\n\n\n\n<p>Aber was w\u00fcrde ich bei Jeunes Pousses de la Brousse machen, wenn ich nebenan am Strand ein Sonnenbad nehmen k\u00f6nnte? Die Werkstatt Jeunes Pousses de la Brousse mit Sitz in Dinard bietet kreative und unterhaltsame Aktivit\u00e4ten, die von der Natur inspiriert sind.<\/p>\n\n\n\n<p>Die Werkstatt bietet 2-t\u00e4gige Kurse w\u00e4hrend der Schulferien und 2-st\u00fcndige* Workshops das ganze Jahr \u00fcber und in den Ferien an.<\/p>\n\n\n\n<p>W\u00e4hrend der Schulferien samstags geschlossen. Montag bis Freitag ge\u00f6ffnet<\/p>\n\n\n\n<p><strong>Informationen und Anmeldung:<\/strong><\/p>\n\n\n\n<ul class=\"wp-block-list\">\n<li>contact@lesjeunespoussesdelabrousse.fr<\/li>\n\n\n\n<li>06 28 04 40 77<\/li>\n<\/ul>\n\n\n\n<p><strong><a href=\"https:\/\/www.dinardemeraudetourisme.com\/de\/fiche\/jeunes-pousses-de-la-brousse-5V52F6GR\/\" target=\"_blank\" rel=\"noreferrer noopener\">Weitere Informationen<\/a><\/strong><\/p>\n\n\n\n<figure class=\"wp-block-image aligncenter size-large\"><img loading=\"lazy\" decoding=\"async\" width=\"1024\" height=\"768\" src=\"https:\/\/www.dinardemeraudetourisme.com\/app\/uploads\/2024\/04\/stage-dinard-jeunes-pousses-de-la-brousse-muguet-pop-art-1024x768.webp\" alt=\"Stages de loisirs cr\u00e9atifs \u00e0 Dinard avec les Jeunes Pousses De La Brousse. Les enfants r\u00e9alisent une oeuvre d'art et peuvent repartir avec.\" class=\"wp-image-4038\" srcset=\"https:\/\/www.dinardemeraudetourisme.com\/app\/uploads\/2024\/04\/stage-dinard-jeunes-pousses-de-la-brousse-muguet-pop-art-1024x768.webp 1024w, https:\/\/www.dinardemeraudetourisme.com\/app\/uploads\/2024\/04\/stage-dinard-jeunes-pousses-de-la-brousse-muguet-pop-art-300x225.webp 300w, https:\/\/www.dinardemeraudetourisme.com\/app\/uploads\/2024\/04\/stage-dinard-jeunes-pousses-de-la-brousse-muguet-pop-art-768x576.webp 768w, https:\/\/www.dinardemeraudetourisme.com\/app\/uploads\/2024\/04\/stage-dinard-jeunes-pousses-de-la-brousse-muguet-pop-art-1536x1152.webp 1536w, https:\/\/www.dinardemeraudetourisme.com\/app\/uploads\/2024\/04\/stage-dinard-jeunes-pousses-de-la-brousse-muguet-pop-art-20x15.webp 20w, https:\/\/www.dinardemeraudetourisme.com\/app\/uploads\/2024\/04\/stage-dinard-jeunes-pousses-de-la-brousse-muguet-pop-art-50x38.webp 50w, https:\/\/www.dinardemeraudetourisme.com\/app\/uploads\/2024\/04\/stage-dinard-jeunes-pousses-de-la-brousse-muguet-pop-art-40x30.webp 40w, https:\/\/www.dinardemeraudetourisme.com\/app\/uploads\/2024\/04\/stage-dinard-jeunes-pousses-de-la-brousse-muguet-pop-art-60x45.webp 60w, https:\/\/www.dinardemeraudetourisme.com\/app\/uploads\/2024\/04\/stage-dinard-jeunes-pousses-de-la-brousse-muguet-pop-art-80x60.webp 80w, https:\/\/www.dinardemeraudetourisme.com\/app\/uploads\/2024\/04\/stage-dinard-jeunes-pousses-de-la-brousse-muguet-pop-art-110x83.webp 110w, https:\/\/www.dinardemeraudetourisme.com\/app\/uploads\/2024\/04\/stage-dinard-jeunes-pousses-de-la-brousse-muguet-pop-art-160x120.webp 160w, https:\/\/www.dinardemeraudetourisme.com\/app\/uploads\/2024\/04\/stage-dinard-jeunes-pousses-de-la-brousse-muguet-pop-art-250x188.webp 250w, https:\/\/www.dinardemeraudetourisme.com\/app\/uploads\/2024\/04\/stage-dinard-jeunes-pousses-de-la-brousse-muguet-pop-art-53x40.webp 53w, https:\/\/www.dinardemeraudetourisme.com\/app\/uploads\/2024\/04\/stage-dinard-jeunes-pousses-de-la-brousse-muguet-pop-art-1067x800.webp 1067w, https:\/\/www.dinardemeraudetourisme.com\/app\/uploads\/2024\/04\/stage-dinard-jeunes-pousses-de-la-brousse-muguet-pop-art-1600x1200.webp 1600w, https:\/\/www.dinardemeraudetourisme.com\/app\/uploads\/2024\/04\/stage-dinard-jeunes-pousses-de-la-brousse-muguet-pop-art.webp 2048w\" sizes=\"auto, (max-width: 1024px) 100vw, 1024px\" \/><\/figure>\n\n\n\n<h2 class=\"wp-block-heading\">Modellierungsworkshops<\/h2>\n\n\n\n<h3 class=\"wp-block-heading\">Atelier Just J\u00e4ckin<\/h3>\n\n\n\n<p>Anne Jaeckin, renommierte K\u00fcnstlerin, bietet von Juni bis Oktober Modellierungsworkshops an.<\/p>\n\n\n\n<p><strong>Praktische Informationen:<\/strong><\/p>\n\n\n\n<ul class=\"wp-block-list\">\n<li>\u00d6ffnungszeiten: 9:30 bis 12:30 Uhr.<\/li>\n\n\n\n<li>Kurspreis: 280 \u20ac<\/li>\n\n\n\n<li>Die Anzahl der Pl\u00e4tze ist auf 10 Personen begrenzt<\/li>\n\n\n\n<li>Informationen: justjaeckin@me.com \/ 06 34 23 70 04<\/li>\n<\/ul>\n\n\n\n<p><a href=\"https:\/\/www.dinardemeraudetourisme.com\/de\/fiche\/atelier-just-jaeckin-5V52DZ4F\/\" target=\"_blank\" rel=\"noreferrer noopener\"><strong>Weitere Informationen.<\/strong><\/a><\/p>\n\n\n\n<h2 class=\"wp-block-heading\"><br>Finden Sie unsere anderen Kurse!<\/h2>\n\n\n\n<ul class=\"wp-block-list\">\n<li><a href=\"https:\/\/www.dinardemeraudetourisme.com\/de\/fiche\/namasta-yoga-5V52B4V0\/\">Nautische Kurse<\/a><\/li>\n\n\n\n<li><a href=\"https:\/\/www.dinardemeraudetourisme.com\/de\/sehenswertes-und-aktivitaeten\/kultur-und-freizeit\/workshops\/kulturelle-workshops\/\">Kulturkurse<\/a><\/li>\n\n\n\n<li><a href=\"https:\/\/www.dinardemeraudetourisme.com\/de\/sehenswertes-und-aktivitaeten\/kultur-und-freizeit\/workshops\/wellness-kurse\/\">Kurse zum Thema Wohlbefinden<\/a><\/li>\n\n\n\n<li><a href=\"https:\/\/www.dinardemeraudetourisme.com\/de\/sehenswertes-und-aktivitaeten\/kultur-und-freizeit\/workshops\/sportkurse\/\">Sportkurse<\/a><\/li>\n<\/ul>\n\n\n\n<p><\/p>\n","protected":false},"excerpt":{"rendered":"<p>Lassen Sie Ihrer Fantasie freien Lauf und lernen Sie, wundersch\u00f6ne Kunstobjekte zu schaffen!<\/p>\n","protected":false},"author":1,"featured_media":5778,"parent":12029,"menu_order":0,"comment_status":"closed","ping_status":"closed","template":"template-header-large.php","meta":{"_acf_changed":false,"footnotes":""},"class_list":["post-12239","page","type-page","status-publish","has-post-thumbnail","hentry"],"acf":[],"yoast_head":"<!-- This site is optimized with the Yoast SEO plugin v27.1.1 - https:\/\/yoast.com\/product\/yoast-seo-wordpress\/ -->\n<title>Workshops f\u00fcr kreative Freizeitgestaltung - Dinard \u00c9meraude Tourisme<\/title>\n<meta name=\"robots\" content=\"index, follow, max-snippet:-1, max-image-preview:large, max-video-preview:-1\" \/>\n<link rel=\"canonical\" href=\"https:\/\/www.dinardemeraudetourisme.com\/de\/sehenswertes-und-aktivitaeten\/kultur-und-freizeit\/workshops\/workshops-fuer-kreative-freizeitgestaltung\/\" \/>\n<meta property=\"og:locale\" content=\"de_DE\" \/>\n<meta property=\"og:type\" content=\"article\" \/>\n<meta property=\"og:title\" content=\"Workshops f\u00fcr kreative Freizeitgestaltung - Dinard \u00c9meraude Tourisme\" \/>\n<meta property=\"og:description\" content=\"Lassen Sie Ihrer Fantasie freien Lauf und lernen Sie, wundersch\u00f6ne Kunstobjekte zu schaffen!\" \/>\n<meta property=\"og:url\" content=\"https:\/\/www.dinardemeraudetourisme.com\/de\/sehenswertes-und-aktivitaeten\/kultur-und-freizeit\/workshops\/workshops-fuer-kreative-freizeitgestaltung\/\" \/>\n<meta property=\"og:site_name\" content=\"Dinard \u00c9meraude Tourisme\" \/>\n<meta property=\"article:modified_time\" content=\"2025-01-31T09:42:37+00:00\" \/>\n<meta property=\"og:image\" content=\"https:\/\/www.dinardemeraudetourisme.com\/app\/uploads\/2024\/05\/poterie-de-sandra-corseul.jpg\" \/>\n\t<meta property=\"og:image:width\" content=\"960\" \/>\n\t<meta property=\"og:image:height\" content=\"720\" \/>\n\t<meta property=\"og:image:type\" content=\"image\/jpeg\" \/>\n<meta name=\"twitter:card\" content=\"summary_large_image\" \/>\n<meta name=\"twitter:label1\" content=\"Gesch\u00e4tzte Lesezeit\" \/>\n\t<meta name=\"twitter:data1\" content=\"3 minutes\" \/>\n<script type=\"application\/ld+json\" class=\"yoast-schema-graph\">{\"@context\":\"https:\/\/schema.org\",\"@graph\":[{\"@type\":\"WebPage\",\"@id\":\"https:\/\/www.dinardemeraudetourisme.com\/de\/sehenswertes-und-aktivitaeten\/kultur-und-freizeit\/workshops\/workshops-fuer-kreative-freizeitgestaltung\/\",\"url\":\"https:\/\/www.dinardemeraudetourisme.com\/de\/sehenswertes-und-aktivitaeten\/kultur-und-freizeit\/workshops\/workshops-fuer-kreative-freizeitgestaltung\/\",\"name\":\"Workshops f\u00fcr kreative Freizeitgestaltung - Dinard \u00c9meraude Tourisme\",\"isPartOf\":{\"@id\":\"https:\/\/www.dinardemeraudetourisme.com\/de\/#website\"},\"primaryImageOfPage\":{\"@id\":\"https:\/\/www.dinardemeraudetourisme.com\/de\/sehenswertes-und-aktivitaeten\/kultur-und-freizeit\/workshops\/workshops-fuer-kreative-freizeitgestaltung\/#primaryimage\"},\"image\":{\"@id\":\"https:\/\/www.dinardemeraudetourisme.com\/de\/sehenswertes-und-aktivitaeten\/kultur-und-freizeit\/workshops\/workshops-fuer-kreative-freizeitgestaltung\/#primaryimage\"},\"thumbnailUrl\":\"https:\/\/www.dinardemeraudetourisme.com\/app\/uploads\/2024\/05\/poterie-de-sandra-corseul.jpg\",\"datePublished\":\"2024-04-24T11:10:52+00:00\",\"dateModified\":\"2025-01-31T09:42:37+00:00\",\"breadcrumb\":{\"@id\":\"https:\/\/www.dinardemeraudetourisme.com\/de\/sehenswertes-und-aktivitaeten\/kultur-und-freizeit\/workshops\/workshops-fuer-kreative-freizeitgestaltung\/#breadcrumb\"},\"inLanguage\":\"de-DE\",\"potentialAction\":[{\"@type\":\"ReadAction\",\"target\":[\"https:\/\/www.dinardemeraudetourisme.com\/de\/sehenswertes-und-aktivitaeten\/kultur-und-freizeit\/workshops\/workshops-fuer-kreative-freizeitgestaltung\/\"]}]},{\"@type\":\"ImageObject\",\"inLanguage\":\"de-DE\",\"@id\":\"https:\/\/www.dinardemeraudetourisme.com\/de\/sehenswertes-und-aktivitaeten\/kultur-und-freizeit\/workshops\/workshops-fuer-kreative-freizeitgestaltung\/#primaryimage\",\"url\":\"https:\/\/www.dinardemeraudetourisme.com\/app\/uploads\/2024\/05\/poterie-de-sandra-corseul.jpg\",\"contentUrl\":\"https:\/\/www.dinardemeraudetourisme.com\/app\/uploads\/2024\/05\/poterie-de-sandra-corseul.jpg\",\"width\":960,\"height\":720,\"caption\":\"La poterie de Sandra\"},{\"@type\":\"WebSite\",\"@id\":\"https:\/\/www.dinardemeraudetourisme.com\/de\/#website\",\"url\":\"https:\/\/www.dinardemeraudetourisme.com\/de\/\",\"name\":\"Dinard \u00c9meraude Tourisme\",\"description\":\"\",\"potentialAction\":[{\"@type\":\"SearchAction\",\"target\":{\"@type\":\"EntryPoint\",\"urlTemplate\":\"https:\/\/www.dinardemeraudetourisme.com\/de\/?s={search_term_string}\"},\"query-input\":{\"@type\":\"PropertyValueSpecification\",\"valueRequired\":true,\"valueName\":\"search_term_string\"}}],\"inLanguage\":\"de-DE\"}]}<\/script>\n<!-- \/ Yoast SEO plugin. -->","yoast_head_json":{"title":"Workshops f\u00fcr kreative Freizeitgestaltung - Dinard \u00c9meraude Tourisme","robots":{"index":"index","follow":"follow","max-snippet":"max-snippet:-1","max-image-preview":"max-image-preview:large","max-video-preview":"max-video-preview:-1"},"canonical":"https:\/\/www.dinardemeraudetourisme.com\/de\/sehenswertes-und-aktivitaeten\/kultur-und-freizeit\/workshops\/workshops-fuer-kreative-freizeitgestaltung\/","og_locale":"de_DE","og_type":"article","og_title":"Workshops f\u00fcr kreative Freizeitgestaltung - Dinard \u00c9meraude Tourisme","og_description":"Lassen Sie Ihrer Fantasie freien Lauf und lernen Sie, wundersch\u00f6ne Kunstobjekte zu schaffen!","og_url":"https:\/\/www.dinardemeraudetourisme.com\/de\/sehenswertes-und-aktivitaeten\/kultur-und-freizeit\/workshops\/workshops-fuer-kreative-freizeitgestaltung\/","og_site_name":"Dinard \u00c9meraude Tourisme","article_modified_time":"2025-01-31T09:42:37+00:00","og_image":[{"width":960,"height":720,"url":"https:\/\/www.dinardemeraudetourisme.com\/app\/uploads\/2024\/05\/poterie-de-sandra-corseul.jpg","type":"image\/jpeg"}],"twitter_card":"summary_large_image","twitter_misc":{"Gesch\u00e4tzte Lesezeit":"3 minutes"},"schema":{"@context":"https:\/\/schema.org","@graph":[{"@type":"WebPage","@id":"https:\/\/www.dinardemeraudetourisme.com\/de\/sehenswertes-und-aktivitaeten\/kultur-und-freizeit\/workshops\/workshops-fuer-kreative-freizeitgestaltung\/","url":"https:\/\/www.dinardemeraudetourisme.com\/de\/sehenswertes-und-aktivitaeten\/kultur-und-freizeit\/workshops\/workshops-fuer-kreative-freizeitgestaltung\/","name":"Workshops f\u00fcr kreative Freizeitgestaltung - Dinard \u00c9meraude Tourisme","isPartOf":{"@id":"https:\/\/www.dinardemeraudetourisme.com\/de\/#website"},"primaryImageOfPage":{"@id":"https:\/\/www.dinardemeraudetourisme.com\/de\/sehenswertes-und-aktivitaeten\/kultur-und-freizeit\/workshops\/workshops-fuer-kreative-freizeitgestaltung\/#primaryimage"},"image":{"@id":"https:\/\/www.dinardemeraudetourisme.com\/de\/sehenswertes-und-aktivitaeten\/kultur-und-freizeit\/workshops\/workshops-fuer-kreative-freizeitgestaltung\/#primaryimage"},"thumbnailUrl":"https:\/\/www.dinardemeraudetourisme.com\/app\/uploads\/2024\/05\/poterie-de-sandra-corseul.jpg","datePublished":"2024-04-24T11:10:52+00:00","dateModified":"2025-01-31T09:42:37+00:00","breadcrumb":{"@id":"https:\/\/www.dinardemeraudetourisme.com\/de\/sehenswertes-und-aktivitaeten\/kultur-und-freizeit\/workshops\/workshops-fuer-kreative-freizeitgestaltung\/#breadcrumb"},"inLanguage":"de-DE","potentialAction":[{"@type":"ReadAction","target":["https:\/\/www.dinardemeraudetourisme.com\/de\/sehenswertes-und-aktivitaeten\/kultur-und-freizeit\/workshops\/workshops-fuer-kreative-freizeitgestaltung\/"]}]},{"@type":"ImageObject","inLanguage":"de-DE","@id":"https:\/\/www.dinardemeraudetourisme.com\/de\/sehenswertes-und-aktivitaeten\/kultur-und-freizeit\/workshops\/workshops-fuer-kreative-freizeitgestaltung\/#primaryimage","url":"https:\/\/www.dinardemeraudetourisme.com\/app\/uploads\/2024\/05\/poterie-de-sandra-corseul.jpg","contentUrl":"https:\/\/www.dinardemeraudetourisme.com\/app\/uploads\/2024\/05\/poterie-de-sandra-corseul.jpg","width":960,"height":720,"caption":"La poterie de Sandra"},{"@type":"WebSite","@id":"https:\/\/www.dinardemeraudetourisme.com\/de\/#website","url":"https:\/\/www.dinardemeraudetourisme.com\/de\/","name":"Dinard \u00c9meraude Tourisme","description":"","potentialAction":[{"@type":"SearchAction","target":{"@type":"EntryPoint","urlTemplate":"https:\/\/www.dinardemeraudetourisme.com\/de\/?s={search_term_string}"},"query-input":{"@type":"PropertyValueSpecification","valueRequired":true,"valueName":"search_term_string"}}],"inLanguage":"de-DE"}]}},"_links":{"self":[{"href":"https:\/\/www.dinardemeraudetourisme.com\/de\/wp-json\/wp\/v2\/pages\/12239","targetHints":{"allow":["GET"]}}],"collection":[{"href":"https:\/\/www.dinardemeraudetourisme.com\/de\/wp-json\/wp\/v2\/pages"}],"about":[{"href":"https:\/\/www.dinardemeraudetourisme.com\/de\/wp-json\/wp\/v2\/types\/page"}],"author":[{"embeddable":true,"href":"https:\/\/www.dinardemeraudetourisme.com\/de\/wp-json\/wp\/v2\/users\/1"}],"replies":[{"embeddable":true,"href":"https:\/\/www.dinardemeraudetourisme.com\/de\/wp-json\/wp\/v2\/comments?post=12239"}],"version-history":[{"count":7,"href":"https:\/\/www.dinardemeraudetourisme.com\/de\/wp-json\/wp\/v2\/pages\/12239\/revisions"}],"predecessor-version":[{"id":13759,"href":"https:\/\/www.dinardemeraudetourisme.com\/de\/wp-json\/wp\/v2\/pages\/12239\/revisions\/13759"}],"up":[{"embeddable":true,"href":"https:\/\/www.dinardemeraudetourisme.com\/de\/wp-json\/wp\/v2\/pages\/12029"}],"wp:featuredmedia":[{"embeddable":true,"href":"https:\/\/www.dinardemeraudetourisme.com\/de\/wp-json\/wp\/v2\/media\/5778"}],"wp:attachment":[{"href":"https:\/\/www.dinardemeraudetourisme.com\/de\/wp-json\/wp\/v2\/media?parent=12239"}],"curies":[{"name":"wp","href":"https:\/\/api.w.org\/{rel}","templated":true}]}}