{"id":12238,"date":"2024-04-24T13:10:29","date_gmt":"2024-04-24T11:10:29","guid":{"rendered":"https:\/\/www.dinardemeraudetourisme.com?page_id=12238"},"modified":"2025-01-27T09:42:56","modified_gmt":"2025-01-27T08:42:56","slug":"kulturelle-workshops","status":"publish","type":"page","link":"https:\/\/www.dinardemeraudetourisme.com\/de\/sehenswertes-und-aktivitaeten\/kultur-und-freizeit\/workshops\/kulturelle-workshops\/","title":{"rendered":"Kulturelle Workshops"},"content":{"rendered":"\n<p><strong>Finden Sie unsere anderen Kurse!<\/strong><\/p>\n\n\n\n<h2 class=\"wp-block-heading\">Meine franz\u00f6sische Woche<\/h2>\n\n\n\n<p><strong>Lernen Sie Franz\u00f6sisch oder verbessern Sie Ihre Franz\u00f6sischkenntnisse w\u00e4hrend einer au\u00dfergew\u00f6hnlichen Woche.<\/strong><\/p>\n\n\n\n<p>Unser immersiver Franz\u00f6sischkurs, der bei uns zu Hause organisiert wird, erm\u00f6glicht es den Sch\u00fclern, vollst\u00e4ndig in die franz\u00f6sische Sprache einzutauchen. Der Kurs findet in Lancieux an der Smaragdk\u00fcste in der Bretagne im Westen Frankreichs statt.<\/p>\n\n\n\n<p>Die Sch\u00fcler sprechen zu Hause Franz\u00f6sisch und den Rest des Tages widmen sie Kultur- und Outdoor-Aktivit\u00e4ten am Meer, auch auf Franz\u00f6sisch. Wir geben Ihnen die M\u00f6glichkeit, Franz\u00f6sisch sowohl formell als auch durch die Teilnahme an unserem Alltag und anderen Aktivit\u00e4ten in unserer wundersch\u00f6nen Region zu lernen. Im \u201eAll-in-One\u201c-Programm erhalten Sie mindestens 30 Stunden Franz\u00f6sischunterricht. Der Unterricht findet in realen Alltagssituationen statt.<\/p>\n\n\n\n<p>Das Immersionsprogramm MY FRENCH WEEK stellt eine echte Innovation im Sprachunterricht und im Sprachlernprozess dar. Es ist mittlerweile allgemein anerkannt, dass erfahrungsorientiertes Lernen viel effektiver und lohnender ist als traditionelles Lernen im Klassenzimmer. Wir \u00f6ffnen unsere T\u00fcren nur f\u00fcr eine kleine Anzahl von Personen, um sicherzustellen, dass wir uns voll und ganz auf Ihr Lernerlebnis konzentrieren. Ein exklusives Erlebnis.<\/p>\n\n\n\n<p>Die Gruppe besteht aus maximal sechs Personen. Einige Wochen sind f\u00fcr Jugendliche (\u00fcber 14 Jahre) und andere f\u00fcr Erwachsene (\u00fcber 18 Jahre) reserviert. Die Teilnehmer kommen aus der ganzen Welt. Bei MY FRENCH WEEK tauchen Sie in ein internationales Umfeld mit unterschiedlichen Nationalit\u00e4ten und Kulturen ein.<\/p>\n\n\n\n<p>W\u00e4hrend Ihres Aufenthaltes entwickeln Sie Ihr kritisches Denken, zeigen Teamgeist und gewinnen Selbstvertrauen in Ihren Gespr\u00e4chen auf Franz\u00f6sisch, w\u00e4hrend Sie verschiedene Themen rund um die Welt, die Umwelt, verschiedene Kulturen und das Meer erkunden, unser MY FRENCH WEEK-Konzept l\u00e4dt Sie ein, an einer Vielzahl von Aktivit\u00e4ten teilzunehmen, die unsere dynamische Stadt bietet (Segeln, Kitesurfen, Keramik, Reiten, Yoga usw.). Eine Gelegenheit, neue Leute kennenzulernen, w\u00e4hrend Sie eine neue Aktivit\u00e4t aus\u00fcben oder sich in Ihrer Lieblingsbesch\u00e4ftigung hervortun.<\/p>\n\n\n\n<p>Entdecken Sie mit uns auch Sch\u00e4tze unserer Region wie Saint-Malo, Mont Saint-Michel, Dinan, Cap Fr\u00e9hel oder den ber\u00fchmten Wanderweg GR34.<\/p>\n\n\n\n<p><strong>Unser Franz\u00f6sischkurs, der in unserem Familienhaus stattfindet, ist f\u00fcr Sch\u00fcler gedacht, die ganz in die franz\u00f6sische Sprache eintauchen m\u00f6chten.<\/strong><br><strong>Der Kurs findet in Lancieux an der S\u00e9meraude-K\u00fcste (Bretagne, Frankreich) statt.<\/strong><\/p>\n\n\n\n<p><strong>Die G\u00e4ste werden zu Hause Franz\u00f6sisch sprechen und den Rest des Tages auch auf Franz\u00f6sisch kulturelle und Outdoor-Aktivit\u00e4ten am Meer genie\u00dfen. Wir geben Ihnen die M\u00f6glichkeit, Franz\u00f6sisch sowohl formell zu lernen als auch durch das Teilen unseres t\u00e4glichen Franz\u00f6sisch-Alltags und durch andere Aktivit\u00e4ten in unserer wunderbaren Region zu lernen. Im \u201eAll-in-One\u201c-Programm erhalten Sie mindestens 30 Stunden Franz\u00f6sischunterricht. Der Unterricht findet in echten Alltagssituationen statt.<\/strong><\/p>\n\n\n\n<p><strong>Das Immersionsprogramm von MY FRENCH WEEK stellt eine echte Innovation in der Sprachausbildung und im Sprachlernprozess dar. Es ist mittlerweile allgemein anerkannt, dass erfahrungsbasiertes Lernen viel effizienter und lohnender ist als traditionelles Lernen im Klassenzimmer. Wir \u00f6ffnen unsere T\u00fcren nur f\u00fcr sehr wenige Menschen, um sicherzustellen, dass Sie sich voll und ganz Ihrem Lernerlebnis widmen k\u00f6nnen. Es ist wirklich exklusiv.<\/strong><\/p>\n\n\n\n<p><strong>Die maximale Gruppengr\u00f6\u00dfe betr\u00e4gt sechs Personen. Einige Wochen sind f\u00fcr Teenager (\u00fcber 14) und andere f\u00fcr Erwachsene (\u00fcber 18) reserviert. Die Teilnehmer kommen aus der ganzen Welt. Bei MY FRENCH WEEK tauchen Sie in ein internationales Umfeld (verschiedene Nationalit\u00e4ten und Kulturen) ein.<\/strong><\/p>\n\n\n\n<p><strong>W\u00e4hrend Ihres Aufenthaltes entwickeln Sie Ihr kritisches Denkverm\u00f6gen, zeigen Teamf\u00e4higkeit und gewinnen an Selbstvertrauen in Gespr\u00e4chen auf Franz\u00f6sisch, w\u00e4hrend Sie verschiedene Themen im Zusammenhang mit der Welt, der Umwelt, unterschiedlichen Kulturen usw. erkunden. Direkt am Strand gelegen, l\u00e4dt Sie unser Konzept MY FRENCH WEEK dazu ein, an den zahlreichen Aktivit\u00e4ten teilzunehmen, die unsere lebhafte Stadt bietet (Segeln, Kitesurfen, Keramik, Reiten, Yoga \u2026). Dies ist eine Gelegenheit, neue Leute kennenzulernen, w\u00e4hrend Sie einer neuen Aktivit\u00e4t nachgehen oder in Ihrer Lieblingsaktivit\u00e4t brillieren.<\/strong><\/p>\n\n\n\n<p><strong>Entdecken Sie mit uns Sch\u00e4tze wie Saint-Malo, Mont Saint-Michel, Dinan, Cap Fr\u00e9hel oder den ber\u00fchmten Wanderweg GR34.<\/strong><\/p>\n\n\n\n<ul class=\"wp-block-list\">\n<li><a href=\"https:\/\/www.dinardemeraudetourisme.com\/de\/sehenswertes-und-aktivitaeten\/kultur-und-freizeit\/workshops\/workshops-fuer-kreative-freizeitgestaltung\/\">Kreative Freizeitkurse<\/a><\/li>\n\n\n\n<li><a href=\"https:\/\/www.dinardemeraudetourisme.com\/de\/sehenswertes-und-aktivitaeten\/kultur-und-freizeit\/workshops\/wassersportkurse\/\">Nautische Kurse<\/a><\/li>\n\n\n\n<li><a href=\"https:\/\/www.dinardemeraudetourisme.com\/de\/sehenswertes-und-aktivitaeten\/kultur-und-freizeit\/workshops\/wellness-kurse\/\">Kurse zum Thema Wohlbefinden<\/a><\/li>\n\n\n\n<li><a href=\"https:\/\/www.dinardemeraudetourisme.com\/de\/sehenswertes-und-aktivitaeten\/kultur-und-freizeit\/workshops\/sportkurse\/\">Sportkurse<\/a><\/li>\n<\/ul>\n\n\n\n<p><\/p>\n","protected":false},"excerpt":{"rendered":"<p>Theater, Fotografie usw. Kultur gibt es in Dinard C\u00f4te d\u2019\u00c9meraude in all ihren Formen!<\/p>\n","protected":false},"author":1,"featured_media":4205,"parent":12029,"menu_order":0,"comment_status":"closed","ping_status":"closed","template":"template-header-large.php","meta":{"_acf_changed":false,"footnotes":""},"class_list":["post-12238","page","type-page","status-publish","has-post-thumbnail","hentry"],"acf":[],"yoast_head":"<!-- This site is optimized with the Yoast SEO plugin v27.1.1 - https:\/\/yoast.com\/product\/yoast-seo-wordpress\/ -->\n<title>Kulturelle Workshops - Dinard \u00c9meraude Tourisme<\/title>\n<meta name=\"robots\" content=\"index, follow, max-snippet:-1, max-image-preview:large, max-video-preview:-1\" \/>\n<link rel=\"canonical\" href=\"https:\/\/www.dinardemeraudetourisme.com\/de\/sehenswertes-und-aktivitaeten\/kultur-und-freizeit\/workshops\/kulturelle-workshops\/\" \/>\n<meta property=\"og:locale\" content=\"de_DE\" \/>\n<meta property=\"og:type\" content=\"article\" \/>\n<meta property=\"og:title\" content=\"Kulturelle Workshops - Dinard \u00c9meraude Tourisme\" \/>\n<meta property=\"og:description\" content=\"Theater, Fotografie usw. Kultur gibt es in Dinard C\u00f4te d\u2019\u00c9meraude in all ihren Formen!\" \/>\n<meta property=\"og:url\" content=\"https:\/\/www.dinardemeraudetourisme.com\/de\/sehenswertes-und-aktivitaeten\/kultur-und-freizeit\/workshops\/kulturelle-workshops\/\" \/>\n<meta property=\"og:site_name\" content=\"Dinard \u00c9meraude Tourisme\" \/>\n<meta property=\"article:modified_time\" content=\"2025-01-27T08:42:56+00:00\" \/>\n<meta property=\"og:image\" content=\"https:\/\/www.dinardemeraudetourisme.com\/app\/uploads\/2024\/04\/piano-a-noel.webp\" \/>\n\t<meta property=\"og:image:width\" content=\"867\" \/>\n\t<meta property=\"og:image:height\" content=\"1300\" \/>\n\t<meta property=\"og:image:type\" content=\"image\/webp\" \/>\n<meta name=\"twitter:card\" content=\"summary_large_image\" \/>\n<meta name=\"twitter:label1\" content=\"Gesch\u00e4tzte Lesezeit\" \/>\n\t<meta name=\"twitter:data1\" content=\"4 minutes\" \/>\n<script type=\"application\/ld+json\" class=\"yoast-schema-graph\">{\"@context\":\"https:\/\/schema.org\",\"@graph\":[{\"@type\":\"WebPage\",\"@id\":\"https:\/\/www.dinardemeraudetourisme.com\/de\/sehenswertes-und-aktivitaeten\/kultur-und-freizeit\/workshops\/kulturelle-workshops\/\",\"url\":\"https:\/\/www.dinardemeraudetourisme.com\/de\/sehenswertes-und-aktivitaeten\/kultur-und-freizeit\/workshops\/kulturelle-workshops\/\",\"name\":\"Kulturelle Workshops - Dinard \u00c9meraude Tourisme\",\"isPartOf\":{\"@id\":\"https:\/\/www.dinardemeraudetourisme.com\/de\/#website\"},\"primaryImageOfPage\":{\"@id\":\"https:\/\/www.dinardemeraudetourisme.com\/de\/sehenswertes-und-aktivitaeten\/kultur-und-freizeit\/workshops\/kulturelle-workshops\/#primaryimage\"},\"image\":{\"@id\":\"https:\/\/www.dinardemeraudetourisme.com\/de\/sehenswertes-und-aktivitaeten\/kultur-und-freizeit\/workshops\/kulturelle-workshops\/#primaryimage\"},\"thumbnailUrl\":\"https:\/\/www.dinardemeraudetourisme.com\/app\/uploads\/2024\/04\/piano-a-noel.webp\",\"datePublished\":\"2024-04-24T11:10:29+00:00\",\"dateModified\":\"2025-01-27T08:42:56+00:00\",\"breadcrumb\":{\"@id\":\"https:\/\/www.dinardemeraudetourisme.com\/de\/sehenswertes-und-aktivitaeten\/kultur-und-freizeit\/workshops\/kulturelle-workshops\/#breadcrumb\"},\"inLanguage\":\"de-DE\",\"potentialAction\":[{\"@type\":\"ReadAction\",\"target\":[\"https:\/\/www.dinardemeraudetourisme.com\/de\/sehenswertes-und-aktivitaeten\/kultur-und-freizeit\/workshops\/kulturelle-workshops\/\"]}]},{\"@type\":\"ImageObject\",\"inLanguage\":\"de-DE\",\"@id\":\"https:\/\/www.dinardemeraudetourisme.com\/de\/sehenswertes-und-aktivitaeten\/kultur-und-freizeit\/workshops\/kulturelle-workshops\/#primaryimage\",\"url\":\"https:\/\/www.dinardemeraudetourisme.com\/app\/uploads\/2024\/04\/piano-a-noel.webp\",\"contentUrl\":\"https:\/\/www.dinardemeraudetourisme.com\/app\/uploads\/2024\/04\/piano-a-noel.webp\",\"width\":867,\"height\":1300,\"caption\":\"Un enfant est assis \u00e0 un piano et joue avec l'aide d'un adulte dont on ne voit que les bras.\"},{\"@type\":\"WebSite\",\"@id\":\"https:\/\/www.dinardemeraudetourisme.com\/de\/#website\",\"url\":\"https:\/\/www.dinardemeraudetourisme.com\/de\/\",\"name\":\"Dinard \u00c9meraude Tourisme\",\"description\":\"\",\"potentialAction\":[{\"@type\":\"SearchAction\",\"target\":{\"@type\":\"EntryPoint\",\"urlTemplate\":\"https:\/\/www.dinardemeraudetourisme.com\/de\/?s={search_term_string}\"},\"query-input\":{\"@type\":\"PropertyValueSpecification\",\"valueRequired\":true,\"valueName\":\"search_term_string\"}}],\"inLanguage\":\"de-DE\"}]}<\/script>\n<!-- \/ Yoast SEO plugin. -->","yoast_head_json":{"title":"Kulturelle Workshops - Dinard \u00c9meraude Tourisme","robots":{"index":"index","follow":"follow","max-snippet":"max-snippet:-1","max-image-preview":"max-image-preview:large","max-video-preview":"max-video-preview:-1"},"canonical":"https:\/\/www.dinardemeraudetourisme.com\/de\/sehenswertes-und-aktivitaeten\/kultur-und-freizeit\/workshops\/kulturelle-workshops\/","og_locale":"de_DE","og_type":"article","og_title":"Kulturelle Workshops - Dinard \u00c9meraude Tourisme","og_description":"Theater, Fotografie usw. Kultur gibt es in Dinard C\u00f4te d\u2019\u00c9meraude in all ihren Formen!","og_url":"https:\/\/www.dinardemeraudetourisme.com\/de\/sehenswertes-und-aktivitaeten\/kultur-und-freizeit\/workshops\/kulturelle-workshops\/","og_site_name":"Dinard \u00c9meraude Tourisme","article_modified_time":"2025-01-27T08:42:56+00:00","og_image":[{"width":867,"height":1300,"url":"https:\/\/www.dinardemeraudetourisme.com\/app\/uploads\/2024\/04\/piano-a-noel.webp","type":"image\/webp"}],"twitter_card":"summary_large_image","twitter_misc":{"Gesch\u00e4tzte Lesezeit":"4 minutes"},"schema":{"@context":"https:\/\/schema.org","@graph":[{"@type":"WebPage","@id":"https:\/\/www.dinardemeraudetourisme.com\/de\/sehenswertes-und-aktivitaeten\/kultur-und-freizeit\/workshops\/kulturelle-workshops\/","url":"https:\/\/www.dinardemeraudetourisme.com\/de\/sehenswertes-und-aktivitaeten\/kultur-und-freizeit\/workshops\/kulturelle-workshops\/","name":"Kulturelle Workshops - Dinard \u00c9meraude Tourisme","isPartOf":{"@id":"https:\/\/www.dinardemeraudetourisme.com\/de\/#website"},"primaryImageOfPage":{"@id":"https:\/\/www.dinardemeraudetourisme.com\/de\/sehenswertes-und-aktivitaeten\/kultur-und-freizeit\/workshops\/kulturelle-workshops\/#primaryimage"},"image":{"@id":"https:\/\/www.dinardemeraudetourisme.com\/de\/sehenswertes-und-aktivitaeten\/kultur-und-freizeit\/workshops\/kulturelle-workshops\/#primaryimage"},"thumbnailUrl":"https:\/\/www.dinardemeraudetourisme.com\/app\/uploads\/2024\/04\/piano-a-noel.webp","datePublished":"2024-04-24T11:10:29+00:00","dateModified":"2025-01-27T08:42:56+00:00","breadcrumb":{"@id":"https:\/\/www.dinardemeraudetourisme.com\/de\/sehenswertes-und-aktivitaeten\/kultur-und-freizeit\/workshops\/kulturelle-workshops\/#breadcrumb"},"inLanguage":"de-DE","potentialAction":[{"@type":"ReadAction","target":["https:\/\/www.dinardemeraudetourisme.com\/de\/sehenswertes-und-aktivitaeten\/kultur-und-freizeit\/workshops\/kulturelle-workshops\/"]}]},{"@type":"ImageObject","inLanguage":"de-DE","@id":"https:\/\/www.dinardemeraudetourisme.com\/de\/sehenswertes-und-aktivitaeten\/kultur-und-freizeit\/workshops\/kulturelle-workshops\/#primaryimage","url":"https:\/\/www.dinardemeraudetourisme.com\/app\/uploads\/2024\/04\/piano-a-noel.webp","contentUrl":"https:\/\/www.dinardemeraudetourisme.com\/app\/uploads\/2024\/04\/piano-a-noel.webp","width":867,"height":1300,"caption":"Un enfant est assis \u00e0 un piano et joue avec l'aide d'un adulte dont on ne voit que les bras."},{"@type":"WebSite","@id":"https:\/\/www.dinardemeraudetourisme.com\/de\/#website","url":"https:\/\/www.dinardemeraudetourisme.com\/de\/","name":"Dinard \u00c9meraude Tourisme","description":"","potentialAction":[{"@type":"SearchAction","target":{"@type":"EntryPoint","urlTemplate":"https:\/\/www.dinardemeraudetourisme.com\/de\/?s={search_term_string}"},"query-input":{"@type":"PropertyValueSpecification","valueRequired":true,"valueName":"search_term_string"}}],"inLanguage":"de-DE"}]}},"_links":{"self":[{"href":"https:\/\/www.dinardemeraudetourisme.com\/de\/wp-json\/wp\/v2\/pages\/12238","targetHints":{"allow":["GET"]}}],"collection":[{"href":"https:\/\/www.dinardemeraudetourisme.com\/de\/wp-json\/wp\/v2\/pages"}],"about":[{"href":"https:\/\/www.dinardemeraudetourisme.com\/de\/wp-json\/wp\/v2\/types\/page"}],"author":[{"embeddable":true,"href":"https:\/\/www.dinardemeraudetourisme.com\/de\/wp-json\/wp\/v2\/users\/1"}],"replies":[{"embeddable":true,"href":"https:\/\/www.dinardemeraudetourisme.com\/de\/wp-json\/wp\/v2\/comments?post=12238"}],"version-history":[{"count":11,"href":"https:\/\/www.dinardemeraudetourisme.com\/de\/wp-json\/wp\/v2\/pages\/12238\/revisions"}],"predecessor-version":[{"id":13315,"href":"https:\/\/www.dinardemeraudetourisme.com\/de\/wp-json\/wp\/v2\/pages\/12238\/revisions\/13315"}],"up":[{"embeddable":true,"href":"https:\/\/www.dinardemeraudetourisme.com\/de\/wp-json\/wp\/v2\/pages\/12029"}],"wp:featuredmedia":[{"embeddable":true,"href":"https:\/\/www.dinardemeraudetourisme.com\/de\/wp-json\/wp\/v2\/media\/4205"}],"wp:attachment":[{"href":"https:\/\/www.dinardemeraudetourisme.com\/de\/wp-json\/wp\/v2\/media?parent=12238"}],"curies":[{"name":"wp","href":"https:\/\/api.w.org\/{rel}","templated":true}]}}