{"id":12237,"date":"2024-04-24T13:10:07","date_gmt":"2024-04-24T11:10:07","guid":{"rendered":"https:\/\/www.dinardemeraudetourisme.com?page_id=12237"},"modified":"2025-01-31T10:38:12","modified_gmt":"2025-01-31T09:38:12","slug":"wellness-kurse","status":"publish","type":"page","link":"https:\/\/www.dinardemeraudetourisme.com\/de\/sehenswertes-und-aktivitaeten\/kultur-und-freizeit\/workshops\/wellness-kurse\/","title":{"rendered":"Wellness-Kurse"},"content":{"rendered":"\n<p>Die Smaragdk\u00fcste im Norden der Bretagne ist ein ideales Ziel f\u00fcr Yogakurse und Kurse. Mitten in der Natur k\u00f6nnen die Teilnehmer wieder zu sich selbst finden und gleichzeitig die Ruhe des Ortes genie\u00dfen. Ob am Meer oder an einsamen Str\u00e4nden, die Sitzungen bieten eine beruhigende Atmosph\u00e4re, um Yoga zu praktizieren, die Flexibilit\u00e4t zu verbessern und Stress abzubauen. Diese Kurse sind f\u00fcr alle Niveaus geeignet und werden von qualifizierten Lehrern betreut. Sie vereinen k\u00f6rperliches und geistiges Wohlbefinden in einer au\u00dfergew\u00f6hnlichen Umgebung.<\/p>\n\n\n\n<h2 class=\"wp-block-heading\"><br>Yoga<\/h2>\n\n\n\n<h3 class=\"wp-block-heading\">Faum\u00e9a \u2013 Stand-up-Paddle und Yoga<\/h3>\n\n\n\n<p>Wochenend-Paddel- und Yogakurs: 2 Tage und 3 Aktivit\u00e4ten<\/p>\n\n\n\n<p>Paddel- und Yogakurs: 3 Tage und 5 Aktivit\u00e4ten<\/p>\n\n\n\n<p><a href=\"https:\/\/www.dinardemeraudetourisme.com\/de\/fiche\/faumea-stand-up-paddle-yoga-5V51SWJE\/\" target=\"_blank\" rel=\"noreferrer noopener\"><strong>Weitere Informationen.<\/strong><\/a><br><\/p>\n\n\n\n<h3 class=\"wp-block-heading\"><br>Namaste Yoga<\/h3>\n\n\n\n<p><strong>F\u00fcr eine sonnige und entspannende Yogapraxis<\/strong><\/p>\n\n\n\n<p>Vinyasa Yoga (aktiv), Yin Yoga (sanft) und Meditation Nastasia, Yoga Alliance International zertifizierte Yogalehrerin (mehr als 3 Jahre<br>internationale Erfahrung), bietet Gruppensitzungen am Strand oder Einzelsitzungen bei Ihnen zu Hause oder drau\u00dfen an.<br>Zug\u00e4nglich f\u00fcr alle Niveaus, auf Franz\u00f6sisch oder Englisch.<\/p>\n\n\n\n<p><strong>Tarif<\/strong>&nbsp;&nbsp;:<\/p>\n\n\n\n<ul class=\"wp-block-list\">\n<li>Yoga-Kurs 1 Stunde: jeweils 15 \u20ac \/ 5 Unterrichtsstunden 70 \u20ac \/ 10 Unterrichtsstunden 120 \u20ac<\/li>\n\n\n\n<li>Meditation und Atmung (35 Minuten): jeweils 12 \u20ac \/ 5 Unterrichtsstunden: 50 \u20ac \/ 10 Unterrichtsstunden: 100 \u20ac<\/li>\n\n\n\n<li>Workshop 5-10 Personen maximal 2 Stunden: 30 \u20ac<\/li>\n\n\n\n<li>Individuelle Privatstunde: 50\u20ac + 10\u20ac pro weitere Person<\/li>\n<\/ul>\n\n\n\n<p>Um am Kurs teilzunehmen, buchen Sie bitte sp\u00e4testens am Vortag:<\/p>\n\n\n\n<ul class=\"wp-block-list\">\n<li>Tel.: +33 (0)6 61 76 38 48<\/li>\n\n\n\n<li>Per E-Mail: namastayoga@outlook.com<\/li>\n\n\n\n<li>Oder direkt auf meiner Website www.namasta-yoga.com<\/li>\n<\/ul>\n\n\n\n<p><strong><a href=\"https:\/\/www.dinardemeraudetourisme.com\/de\/fiche\/namasta-yoga-5V52B4V0\/\">Weitere\u00a0Informationen<\/a><\/strong><\/p>\n\n\n\n<figure class=\"wp-block-image aligncenter size-full\"><img loading=\"lazy\" decoding=\"async\" width=\"760\" height=\"507\" src=\"https:\/\/www.dinardemeraudetourisme.com\/app\/uploads\/2024\/05\/namasta-yoga.jpg\" alt=\"Namasta Yoga. Pour une pratique de Yoga ensoleill\u00e9e et relaxante. Yoga Vinyasa, Yin Yoga et m\u00e9ditation. Nastasia, propose des s\u00e9ances sur la plage de Dinard et des stages bien-\u00eatre.\" class=\"wp-image-5779\" srcset=\"https:\/\/www.dinardemeraudetourisme.com\/app\/uploads\/2024\/05\/namasta-yoga.jpg 760w, https:\/\/www.dinardemeraudetourisme.com\/app\/uploads\/2024\/05\/namasta-yoga-300x200.jpg 300w, https:\/\/www.dinardemeraudetourisme.com\/app\/uploads\/2024\/05\/namasta-yoga-20x13.jpg 20w, https:\/\/www.dinardemeraudetourisme.com\/app\/uploads\/2024\/05\/namasta-yoga-50x33.jpg 50w, https:\/\/www.dinardemeraudetourisme.com\/app\/uploads\/2024\/05\/namasta-yoga-45x30.jpg 45w, https:\/\/www.dinardemeraudetourisme.com\/app\/uploads\/2024\/05\/namasta-yoga-60x40.jpg 60w, https:\/\/www.dinardemeraudetourisme.com\/app\/uploads\/2024\/05\/namasta-yoga-80x53.jpg 80w, https:\/\/www.dinardemeraudetourisme.com\/app\/uploads\/2024\/05\/namasta-yoga-110x73.jpg 110w, https:\/\/www.dinardemeraudetourisme.com\/app\/uploads\/2024\/05\/namasta-yoga-160x107.jpg 160w, https:\/\/www.dinardemeraudetourisme.com\/app\/uploads\/2024\/05\/namasta-yoga-250x167.jpg 250w\" sizes=\"auto, (max-width: 760px) 100vw, 760px\" \/><\/figure>\n\n\n\n<h2 class=\"wp-block-heading\"><br>Finden Sie unsere anderen Kurse!<\/h2>\n\n\n\n<ul class=\"wp-block-list\">\n<li><a href=\"https:\/\/www.dinardemeraudetourisme.com\/de\/sehenswertes-und-aktivitaeten\/kultur-und-freizeit\/workshops\/workshops-fuer-kreative-freizeitgestaltung\/\">Kreative Freizeitkurse<\/a><\/li>\n\n\n\n<li><a href=\"https:\/\/www.dinardemeraudetourisme.com\/de\/sehenswertes-und-aktivitaeten\/kultur-und-freizeit\/workshops\/kulturelle-workshops\/\">Kulturkurse<\/a><\/li>\n\n\n\n<li><a href=\"https:\/\/www.dinardemeraudetourisme.com\/de\/sehenswertes-und-aktivitaeten\/kultur-und-freizeit\/workshops\/wassersportkurse\/\">Nautische Kurse<\/a><\/li>\n\n\n\n<li><a href=\"https:\/\/www.dinardemeraudetourisme.com\/de\/sehenswertes-und-aktivitaeten\/kultur-und-freizeit\/workshops\/sportkurse\/\">Sportkurse<\/a><\/li>\n<\/ul>\n\n\n\n<p><\/p>\n","protected":false},"excerpt":{"rendered":"<p>Atmen Sie durch&#8230; Sie befinden sich an der Smaragdk\u00fcste von Dinard! Yoga, Qi Gong oder Sophrologie: Verbringen Sie einen erholsamen Urlaub in der Bretagne.<\/p>\n","protected":false},"author":1,"featured_media":5781,"parent":12029,"menu_order":0,"comment_status":"closed","ping_status":"closed","template":"template-header-large.php","meta":{"_acf_changed":false,"footnotes":""},"class_list":["post-12237","page","type-page","status-publish","has-post-thumbnail","hentry"],"acf":[],"yoast_head":"<!-- This site is optimized with the Yoast SEO plugin v27.1.1 - https:\/\/yoast.com\/product\/yoast-seo-wordpress\/ -->\n<title>Wellness-Kurse - Dinard \u00c9meraude Tourisme<\/title>\n<meta name=\"robots\" content=\"index, follow, max-snippet:-1, max-image-preview:large, max-video-preview:-1\" \/>\n<link rel=\"canonical\" href=\"https:\/\/www.dinardemeraudetourisme.com\/de\/sehenswertes-und-aktivitaeten\/kultur-und-freizeit\/workshops\/wellness-kurse\/\" \/>\n<meta property=\"og:locale\" content=\"de_DE\" \/>\n<meta property=\"og:type\" content=\"article\" \/>\n<meta property=\"og:title\" content=\"Wellness-Kurse - Dinard \u00c9meraude Tourisme\" \/>\n<meta property=\"og:description\" content=\"Atmen Sie durch... Sie befinden sich an der Smaragdk\u00fcste von Dinard! Yoga, Qi Gong oder Sophrologie: Verbringen Sie einen erholsamen Urlaub in der Bretagne.\" \/>\n<meta property=\"og:url\" content=\"https:\/\/www.dinardemeraudetourisme.com\/de\/sehenswertes-und-aktivitaeten\/kultur-und-freizeit\/workshops\/wellness-kurse\/\" \/>\n<meta property=\"og:site_name\" content=\"Dinard \u00c9meraude Tourisme\" \/>\n<meta property=\"article:modified_time\" content=\"2025-01-31T09:38:12+00:00\" \/>\n<meta property=\"og:image\" content=\"https:\/\/www.dinardemeraudetourisme.com\/app\/uploads\/2024\/05\/namasta-yoga.jpg\" \/>\n\t<meta property=\"og:image:width\" content=\"760\" \/>\n\t<meta property=\"og:image:height\" content=\"507\" \/>\n\t<meta property=\"og:image:type\" content=\"image\/jpeg\" \/>\n<meta name=\"twitter:card\" content=\"summary_large_image\" \/>\n<meta name=\"twitter:label1\" content=\"Gesch\u00e4tzte Lesezeit\" \/>\n\t<meta name=\"twitter:data1\" content=\"2 minutes\" \/>\n<script type=\"application\/ld+json\" class=\"yoast-schema-graph\">{\"@context\":\"https:\/\/schema.org\",\"@graph\":[{\"@type\":\"WebPage\",\"@id\":\"https:\/\/www.dinardemeraudetourisme.com\/de\/sehenswertes-und-aktivitaeten\/kultur-und-freizeit\/workshops\/wellness-kurse\/\",\"url\":\"https:\/\/www.dinardemeraudetourisme.com\/de\/sehenswertes-und-aktivitaeten\/kultur-und-freizeit\/workshops\/wellness-kurse\/\",\"name\":\"Wellness-Kurse - Dinard \u00c9meraude Tourisme\",\"isPartOf\":{\"@id\":\"https:\/\/www.dinardemeraudetourisme.com\/de\/#website\"},\"primaryImageOfPage\":{\"@id\":\"https:\/\/www.dinardemeraudetourisme.com\/de\/sehenswertes-und-aktivitaeten\/kultur-und-freizeit\/workshops\/wellness-kurse\/#primaryimage\"},\"image\":{\"@id\":\"https:\/\/www.dinardemeraudetourisme.com\/de\/sehenswertes-und-aktivitaeten\/kultur-und-freizeit\/workshops\/wellness-kurse\/#primaryimage\"},\"thumbnailUrl\":\"https:\/\/www.dinardemeraudetourisme.com\/app\/uploads\/2024\/05\/namasta-yoga.jpg\",\"datePublished\":\"2024-04-24T11:10:07+00:00\",\"dateModified\":\"2025-01-31T09:38:12+00:00\",\"breadcrumb\":{\"@id\":\"https:\/\/www.dinardemeraudetourisme.com\/de\/sehenswertes-und-aktivitaeten\/kultur-und-freizeit\/workshops\/wellness-kurse\/#breadcrumb\"},\"inLanguage\":\"de-DE\",\"potentialAction\":[{\"@type\":\"ReadAction\",\"target\":[\"https:\/\/www.dinardemeraudetourisme.com\/de\/sehenswertes-und-aktivitaeten\/kultur-und-freizeit\/workshops\/wellness-kurse\/\"]}]},{\"@type\":\"ImageObject\",\"inLanguage\":\"de-DE\",\"@id\":\"https:\/\/www.dinardemeraudetourisme.com\/de\/sehenswertes-und-aktivitaeten\/kultur-und-freizeit\/workshops\/wellness-kurse\/#primaryimage\",\"url\":\"https:\/\/www.dinardemeraudetourisme.com\/app\/uploads\/2024\/05\/namasta-yoga.jpg\",\"contentUrl\":\"https:\/\/www.dinardemeraudetourisme.com\/app\/uploads\/2024\/05\/namasta-yoga.jpg\",\"width\":760,\"height\":507,\"caption\":\"Namasta Yoga.\"},{\"@type\":\"WebSite\",\"@id\":\"https:\/\/www.dinardemeraudetourisme.com\/de\/#website\",\"url\":\"https:\/\/www.dinardemeraudetourisme.com\/de\/\",\"name\":\"Dinard \u00c9meraude Tourisme\",\"description\":\"\",\"potentialAction\":[{\"@type\":\"SearchAction\",\"target\":{\"@type\":\"EntryPoint\",\"urlTemplate\":\"https:\/\/www.dinardemeraudetourisme.com\/de\/?s={search_term_string}\"},\"query-input\":{\"@type\":\"PropertyValueSpecification\",\"valueRequired\":true,\"valueName\":\"search_term_string\"}}],\"inLanguage\":\"de-DE\"}]}<\/script>\n<!-- \/ Yoast SEO plugin. -->","yoast_head_json":{"title":"Wellness-Kurse - Dinard \u00c9meraude Tourisme","robots":{"index":"index","follow":"follow","max-snippet":"max-snippet:-1","max-image-preview":"max-image-preview:large","max-video-preview":"max-video-preview:-1"},"canonical":"https:\/\/www.dinardemeraudetourisme.com\/de\/sehenswertes-und-aktivitaeten\/kultur-und-freizeit\/workshops\/wellness-kurse\/","og_locale":"de_DE","og_type":"article","og_title":"Wellness-Kurse - Dinard \u00c9meraude Tourisme","og_description":"Atmen Sie durch... Sie befinden sich an der Smaragdk\u00fcste von Dinard! Yoga, Qi Gong oder Sophrologie: Verbringen Sie einen erholsamen Urlaub in der Bretagne.","og_url":"https:\/\/www.dinardemeraudetourisme.com\/de\/sehenswertes-und-aktivitaeten\/kultur-und-freizeit\/workshops\/wellness-kurse\/","og_site_name":"Dinard \u00c9meraude Tourisme","article_modified_time":"2025-01-31T09:38:12+00:00","og_image":[{"width":760,"height":507,"url":"https:\/\/www.dinardemeraudetourisme.com\/app\/uploads\/2024\/05\/namasta-yoga.jpg","type":"image\/jpeg"}],"twitter_card":"summary_large_image","twitter_misc":{"Gesch\u00e4tzte Lesezeit":"2 minutes"},"schema":{"@context":"https:\/\/schema.org","@graph":[{"@type":"WebPage","@id":"https:\/\/www.dinardemeraudetourisme.com\/de\/sehenswertes-und-aktivitaeten\/kultur-und-freizeit\/workshops\/wellness-kurse\/","url":"https:\/\/www.dinardemeraudetourisme.com\/de\/sehenswertes-und-aktivitaeten\/kultur-und-freizeit\/workshops\/wellness-kurse\/","name":"Wellness-Kurse - Dinard \u00c9meraude Tourisme","isPartOf":{"@id":"https:\/\/www.dinardemeraudetourisme.com\/de\/#website"},"primaryImageOfPage":{"@id":"https:\/\/www.dinardemeraudetourisme.com\/de\/sehenswertes-und-aktivitaeten\/kultur-und-freizeit\/workshops\/wellness-kurse\/#primaryimage"},"image":{"@id":"https:\/\/www.dinardemeraudetourisme.com\/de\/sehenswertes-und-aktivitaeten\/kultur-und-freizeit\/workshops\/wellness-kurse\/#primaryimage"},"thumbnailUrl":"https:\/\/www.dinardemeraudetourisme.com\/app\/uploads\/2024\/05\/namasta-yoga.jpg","datePublished":"2024-04-24T11:10:07+00:00","dateModified":"2025-01-31T09:38:12+00:00","breadcrumb":{"@id":"https:\/\/www.dinardemeraudetourisme.com\/de\/sehenswertes-und-aktivitaeten\/kultur-und-freizeit\/workshops\/wellness-kurse\/#breadcrumb"},"inLanguage":"de-DE","potentialAction":[{"@type":"ReadAction","target":["https:\/\/www.dinardemeraudetourisme.com\/de\/sehenswertes-und-aktivitaeten\/kultur-und-freizeit\/workshops\/wellness-kurse\/"]}]},{"@type":"ImageObject","inLanguage":"de-DE","@id":"https:\/\/www.dinardemeraudetourisme.com\/de\/sehenswertes-und-aktivitaeten\/kultur-und-freizeit\/workshops\/wellness-kurse\/#primaryimage","url":"https:\/\/www.dinardemeraudetourisme.com\/app\/uploads\/2024\/05\/namasta-yoga.jpg","contentUrl":"https:\/\/www.dinardemeraudetourisme.com\/app\/uploads\/2024\/05\/namasta-yoga.jpg","width":760,"height":507,"caption":"Namasta Yoga."},{"@type":"WebSite","@id":"https:\/\/www.dinardemeraudetourisme.com\/de\/#website","url":"https:\/\/www.dinardemeraudetourisme.com\/de\/","name":"Dinard \u00c9meraude Tourisme","description":"","potentialAction":[{"@type":"SearchAction","target":{"@type":"EntryPoint","urlTemplate":"https:\/\/www.dinardemeraudetourisme.com\/de\/?s={search_term_string}"},"query-input":{"@type":"PropertyValueSpecification","valueRequired":true,"valueName":"search_term_string"}}],"inLanguage":"de-DE"}]}},"_links":{"self":[{"href":"https:\/\/www.dinardemeraudetourisme.com\/de\/wp-json\/wp\/v2\/pages\/12237","targetHints":{"allow":["GET"]}}],"collection":[{"href":"https:\/\/www.dinardemeraudetourisme.com\/de\/wp-json\/wp\/v2\/pages"}],"about":[{"href":"https:\/\/www.dinardemeraudetourisme.com\/de\/wp-json\/wp\/v2\/types\/page"}],"author":[{"embeddable":true,"href":"https:\/\/www.dinardemeraudetourisme.com\/de\/wp-json\/wp\/v2\/users\/1"}],"replies":[{"embeddable":true,"href":"https:\/\/www.dinardemeraudetourisme.com\/de\/wp-json\/wp\/v2\/comments?post=12237"}],"version-history":[{"count":12,"href":"https:\/\/www.dinardemeraudetourisme.com\/de\/wp-json\/wp\/v2\/pages\/12237\/revisions"}],"predecessor-version":[{"id":13757,"href":"https:\/\/www.dinardemeraudetourisme.com\/de\/wp-json\/wp\/v2\/pages\/12237\/revisions\/13757"}],"up":[{"embeddable":true,"href":"https:\/\/www.dinardemeraudetourisme.com\/de\/wp-json\/wp\/v2\/pages\/12029"}],"wp:featuredmedia":[{"embeddable":true,"href":"https:\/\/www.dinardemeraudetourisme.com\/de\/wp-json\/wp\/v2\/media\/5781"}],"wp:attachment":[{"href":"https:\/\/www.dinardemeraudetourisme.com\/de\/wp-json\/wp\/v2\/media?parent=12237"}],"curies":[{"name":"wp","href":"https:\/\/api.w.org\/{rel}","templated":true}]}}