{"id":12227,"date":"2024-04-18T13:45:17","date_gmt":"2024-04-18T11:45:17","guid":{"rendered":"https:\/\/www.dinardemeraudetourisme.com?page_id=12227"},"modified":"2026-02-02T12:24:36","modified_gmt":"2026-02-02T11:24:36","slug":"shopping-und-dienstleistungen","status":"publish","type":"page","link":"https:\/\/www.dinardemeraudetourisme.com\/de\/sehenswertes-und-aktivitaeten\/shopping-und-dienstleistungen\/","title":{"rendered":"Shopping und Dienstleistungen"},"content":{"rendered":"\n<p><strong><strong>Shopping und Dienstleistungen an der Smaragdk\u00fcste.<\/strong><\/strong><\/p>\n\n\n\n<p>Entdecken Sie die verborgenen Sch\u00e4tze der&nbsp;<strong><a href=\"https:\/\/www.dinardemeraudetourisme.com\/de\/erkunden\/8-paradiese-der-emeraude\/\" target=\"_blank\" rel=\"noreferrer noopener\">Smaragdk\u00fcste<\/a><\/strong>&nbsp;durch ihre unabh\u00e4ngigen Boutiquen, hochwertigen Dienstleistungen und talentierten Kunsthandwerker.&nbsp;<\/p>\n\n\n\n<p>Entdecken Sie eine Vielzahl von Gesch\u00e4ften mit einzigartigen lokalen Produkten, Feinkostgesch\u00e4ften und Gesch\u00e4ften f\u00fcr hochwertige Kleidung.\u00a0<\/p>\n\n\n\n<p>Treffen Sie auch leidenschaftliche Kunsthandwerker, die das traditionelle Know-how der Region pr\u00e4sentieren.&nbsp;<\/p>\n\n\n\n<p>Tauchen Sie ein in die warme und einladende Atmosph\u00e4re der&nbsp;<a href=\"https:\/\/www.cote-emeraude.fr\/\" target=\"_blank\" rel=\"noreferrer noopener\">Gesch\u00e4fte der Smaragdk\u00fcste,<\/a>&nbsp;wo jeder Fund eine Einladung ist, den Reichtum und die Vielfalt unserer Region zu entdecken.<\/p>\n\n\n<section class=\"acf cards-grid align wp-block-acf-cards-grid\" id=\"block_df9d6790d4bb4c749486c4226c1da220\">\n\t<div class=\"container\">\n\t\t\t\t\t\t\t\t\t\t\t<div class=\"cards four-col\">\n\t\t\t\t\t\t\t\t\t\t\t\t<div class=\"card swiper-slide hover-active\">\n\t\t\t\t\t\t\t\t\t\t\t\t\t<div class=\"background-image\">\n\t\t\t\t\t\t\t\t<picture>\n\t\t\t\t\t\t\t\t\t<source type=\"image\/webp\" srcset=\"https:\/\/www.dinardemeraudetourisme.com\/app\/uploads\/2024\/04\/marches-de-la-cote-demeraude-.lamoureux-5-scaled-867x1300-1-683x1024.webp, https:\/\/www.dinardemeraudetourisme.com\/app\/uploads\/2024\/04\/marches-de-la-cote-demeraude-.lamoureux-5-scaled-867x1300-1-683x1024@2x.webp 2x\" media=\"(max-width: 425px)\">\n\t\t\t\t\t\t\t\t\t<source type=\"image\/jpeg\" srcset=\"https:\/\/www.dinardemeraudetourisme.com\/app\/uploads\/2024\/04\/marches-de-la-cote-demeraude-.lamoureux-5-scaled-867x1300-1-683x1024.jpg, https:\/\/www.dinardemeraudetourisme.com\/app\/uploads\/2024\/04\/marches-de-la-cote-demeraude-.lamoureux-5-scaled-867x1300-1-683x1024@2x.jpg 2x\" media=\"(max-width: 425px)\">\n\t\t\t\t\t\t\t\t\t<source type=\"image\/webp\" srcset=\"https:\/\/www.dinardemeraudetourisme.com\/app\/uploads\/2024\/04\/marches-de-la-cote-demeraude-.lamoureux-5-scaled-867x1300-1-683x1024.webp, https:\/\/www.dinardemeraudetourisme.com\/app\/uploads\/2024\/04\/marches-de-la-cote-demeraude-.lamoureux-5-scaled-867x1300-1-683x1024@2x.webp 2x\">\n\t\t\t\t\t\t\t\t\t<source type=\"image\/jpeg\" srcset=\"https:\/\/www.dinardemeraudetourisme.com\/app\/uploads\/2024\/04\/marches-de-la-cote-demeraude-.lamoureux-5-scaled-867x1300-1-683x1024.jpg, https:\/\/www.dinardemeraudetourisme.com\/app\/uploads\/2024\/04\/marches-de-la-cote-demeraude-.lamoureux-5-scaled-867x1300-1-683x1024@2x.jpg 2x\" media=\"(min-width: 426px)\">\n\t\t\t\t\t\t\t\t\t<img fetchpriority=\"high\" decoding=\"async\" loading=\"eager\" src=\"https:\/\/www.dinardemeraudetourisme.com\/app\/uploads\/2024\/04\/marches-de-la-cote-demeraude-.lamoureux-5-scaled-867x1300-1-683x1024.jpg\" alt=\"Fruits de mer en vente sur les March\u00e9s De La Cote Demeraude.\" width=\"360\" height=\"600\"\/>\n\t\t\t\t\t\t\t\t<\/picture>\n\t\t\t\t\t\t\t<\/div>\n\t\t\t\t\t\t\t\t\t\t\t\t<div class=\"content\">\n\t\t\t\t\t\t\t<div class=\"inner\">\n\t\t\t\t\t\t\t\t\t\t\t\t\t\t\t\t\t\t\t\t\t\t\t\t\t<h5 class=\"titre\">Aromen<\/h5>\n\t\t\t\t\t\t\t\t\t\t\t\t\t\t\t\t\t\t\t\t\t\t\t\t\t\t\t\t\t\t\t\t\t<span class=\"btn-arrow\">Entdecken<\/span>\n\t\t\t\t\t\t\t\t\t\t\t\t\t\t\t<\/div>\n\t\t\t\t\t\t<\/div>\n\t\t\t\t\t\t\t\t\t\t\t\t\t<a href=\"https:\/\/www.dinardemeraudetourisme.com\/de\/sehenswertes-und-aktivitaeten\/shopping-und-dienstleistungen\/geschmackserlebnisse\/\" target=\"\" class=\"lien\">EntdeckenAromen<\/a>\n\t\t\t\t\t\t\t\t\t\t\t<\/div>\n\t\t\t\t\t\t\t\t\t<div class=\"card swiper-slide hover-active\">\n\t\t\t\t\t\t\t\t\t\t\t\t\t<div class=\"background-image\">\n\t\t\t\t\t\t\t\t<picture>\n\t\t\t\t\t\t\t\t\t<source type=\"image\/webp\" srcset=\"https:\/\/www.dinardemeraudetourisme.com\/app\/uploads\/2024\/04\/centre-ville-de-saint-lunaire-renaud-photographie-683x1024.webp, https:\/\/www.dinardemeraudetourisme.com\/app\/uploads\/2024\/04\/centre-ville-de-saint-lunaire-renaud-photographie-683x1024@2x.webp 2x\" media=\"(max-width: 425px)\">\n\t\t\t\t\t\t\t\t\t<source type=\"image\/jpeg\" srcset=\"https:\/\/www.dinardemeraudetourisme.com\/app\/uploads\/2024\/04\/centre-ville-de-saint-lunaire-renaud-photographie-683x1024.jpg, https:\/\/www.dinardemeraudetourisme.com\/app\/uploads\/2024\/04\/centre-ville-de-saint-lunaire-renaud-photographie-683x1024@2x.jpg 2x\" media=\"(max-width: 425px)\">\n\t\t\t\t\t\t\t\t\t<source type=\"image\/webp\" srcset=\"https:\/\/www.dinardemeraudetourisme.com\/app\/uploads\/2024\/04\/centre-ville-de-saint-lunaire-renaud-photographie-683x1024.webp, https:\/\/www.dinardemeraudetourisme.com\/app\/uploads\/2024\/04\/centre-ville-de-saint-lunaire-renaud-photographie-683x1024@2x.webp 2x\">\n\t\t\t\t\t\t\t\t\t<source type=\"image\/jpeg\" srcset=\"https:\/\/www.dinardemeraudetourisme.com\/app\/uploads\/2024\/04\/centre-ville-de-saint-lunaire-renaud-photographie-683x1024.jpg, https:\/\/www.dinardemeraudetourisme.com\/app\/uploads\/2024\/04\/centre-ville-de-saint-lunaire-renaud-photographie-683x1024@2x.jpg 2x\" media=\"(min-width: 426px)\">\n\t\t\t\t\t\t\t\t\t<img decoding=\"async\" loading=\"eager\" src=\"https:\/\/www.dinardemeraudetourisme.com\/app\/uploads\/2024\/04\/centre-ville-de-saint-lunaire-renaud-photographie-683x1024.jpg\" alt=\"Un couple se prom\u00e8ne dans le Centre Ville De Saint Lunaire. Un lieu de rencontre au coeur de la station baln\u00e9aire avec des boutiques ind\u00e9pendantes et des commerces de proximit\u00e9.\" width=\"360\" height=\"600\"\/>\n\t\t\t\t\t\t\t\t<\/picture>\n\t\t\t\t\t\t\t<\/div>\n\t\t\t\t\t\t\t\t\t\t\t\t<div class=\"content\">\n\t\t\t\t\t\t\t<div class=\"inner\">\n\t\t\t\t\t\t\t\t\t\t\t\t\t\t\t\t\t\t\t\t\t\t\t\t\t<h5 class=\"titre\">Gesch\u00e4fte<\/h5>\n\t\t\t\t\t\t\t\t\t\t\t\t\t\t\t\t\t\t\t\t\t\t\t\t\t\t\t\t\t\t\t\t\t<span class=\"btn-arrow\">Entdecken<\/span>\n\t\t\t\t\t\t\t\t\t\t\t\t\t\t\t<\/div>\n\t\t\t\t\t\t<\/div>\n\t\t\t\t\t\t\t\t\t\t\t\t\t<a href=\"https:\/\/www.dinardemeraudetourisme.com\/de\/sehenswertes-und-aktivitaeten\/shopping-und-dienstleistungen\/geschaefte\/\" target=\"\" class=\"lien\">EntdeckenGesch\u00e4fte<\/a>\n\t\t\t\t\t\t\t\t\t\t\t<\/div>\n\t\t\t\t\t\t\t\t\t<div class=\"card swiper-slide hover-active\">\n\t\t\t\t\t\t\t\t\t\t\t\t\t<div class=\"background-image\">\n\t\t\t\t\t\t\t\t<picture>\n\t\t\t\t\t\t\t\t\t<source type=\"image\/webp\" srcset=\"https:\/\/www.dinardemeraudetourisme.com\/app\/uploads\/2024\/05\/rossini-maison-de-vente-aux-encheres.webp, https:\/\/www.dinardemeraudetourisme.com\/app\/uploads\/2024\/05\/rossini-maison-de-vente-aux-encheres@2x.webp 2x\" media=\"(max-width: 425px)\">\n\t\t\t\t\t\t\t\t\t<source type=\"image\/jpeg\" srcset=\"https:\/\/www.dinardemeraudetourisme.com\/app\/uploads\/2024\/05\/rossini-maison-de-vente-aux-encheres.jpg, https:\/\/www.dinardemeraudetourisme.com\/app\/uploads\/2024\/05\/rossini-maison-de-vente-aux-encheres@2x.jpg 2x\" media=\"(max-width: 425px)\">\n\t\t\t\t\t\t\t\t\t<source type=\"image\/webp\" srcset=\"https:\/\/www.dinardemeraudetourisme.com\/app\/uploads\/2024\/05\/rossini-maison-de-vente-aux-encheres.webp, https:\/\/www.dinardemeraudetourisme.com\/app\/uploads\/2024\/05\/rossini-maison-de-vente-aux-encheres@2x.webp 2x\">\n\t\t\t\t\t\t\t\t\t<source type=\"image\/jpeg\" srcset=\"https:\/\/www.dinardemeraudetourisme.com\/app\/uploads\/2024\/05\/rossini-maison-de-vente-aux-encheres.jpg, https:\/\/www.dinardemeraudetourisme.com\/app\/uploads\/2024\/05\/rossini-maison-de-vente-aux-encheres@2x.jpg 2x\" media=\"(min-width: 426px)\">\n\t\t\t\t\t\t\t\t\t<img decoding=\"async\" loading=\"eager\" src=\"https:\/\/www.dinardemeraudetourisme.com\/app\/uploads\/2024\/05\/rossini-maison-de-vente-aux-encheres.jpg\" alt=\"Rossini Maison De Vente Aux Ench\u00e8res \u00e0 Dinard. Un homme examine un bijou dans le but de l'estimer.\" width=\"360\" height=\"600\"\/>\n\t\t\t\t\t\t\t\t<\/picture>\n\t\t\t\t\t\t\t<\/div>\n\t\t\t\t\t\t\t\t\t\t\t\t<div class=\"content\">\n\t\t\t\t\t\t\t<div class=\"inner\">\n\t\t\t\t\t\t\t\t\t\t\t\t\t\t\t\t\t\t\t\t\t\t\t\t\t<h5 class=\"titre\">Dienstleistungen<\/h5>\n\t\t\t\t\t\t\t\t\t\t\t\t\t\t\t\t\t\t\t\t\t\t\t\t\t\t\t\t\t\t\t\t\t<span class=\"btn-arrow\">Entdecken<\/span>\n\t\t\t\t\t\t\t\t\t\t\t\t\t\t\t<\/div>\n\t\t\t\t\t\t<\/div>\n\t\t\t\t\t\t\t\t\t\t\t\t\t<a href=\"https:\/\/www.dinardemeraudetourisme.com\/de\/sehenswertes-und-aktivitaeten\/shopping-und-dienstleistungen\/dienstleistungen\/\" target=\"\" class=\"lien\">EntdeckenDienstleistungen<\/a>\n\t\t\t\t\t\t\t\t\t\t\t<\/div>\n\t\t\t\t\t\t\t\t\t<div class=\"card swiper-slide hover-active\">\n\t\t\t\t\t\t\t\t\t\t\t\t\t<div class=\"background-image\">\n\t\t\t\t\t\t\t\t<picture>\n\t\t\t\t\t\t\t\t\t<source type=\"image\/webp\" srcset=\"https:\/\/www.dinardemeraudetourisme.com\/app\/uploads\/2024\/05\/anne-sophie-renault-creations-en-metal-683x1024.webp, https:\/\/www.dinardemeraudetourisme.com\/app\/uploads\/2024\/05\/anne-sophie-renault-creations-en-metal-683x1024@2x.webp 2x\" media=\"(max-width: 425px)\">\n\t\t\t\t\t\t\t\t\t<source type=\"image\/jpeg\" srcset=\"https:\/\/www.dinardemeraudetourisme.com\/app\/uploads\/2024\/05\/anne-sophie-renault-creations-en-metal-683x1024.jpg, https:\/\/www.dinardemeraudetourisme.com\/app\/uploads\/2024\/05\/anne-sophie-renault-creations-en-metal-683x1024@2x.jpg 2x\" media=\"(max-width: 425px)\">\n\t\t\t\t\t\t\t\t\t<source type=\"image\/webp\" srcset=\"https:\/\/www.dinardemeraudetourisme.com\/app\/uploads\/2024\/05\/anne-sophie-renault-creations-en-metal-683x1024.webp, https:\/\/www.dinardemeraudetourisme.com\/app\/uploads\/2024\/05\/anne-sophie-renault-creations-en-metal-683x1024@2x.webp 2x\">\n\t\t\t\t\t\t\t\t\t<source type=\"image\/jpeg\" srcset=\"https:\/\/www.dinardemeraudetourisme.com\/app\/uploads\/2024\/05\/anne-sophie-renault-creations-en-metal-683x1024.jpg, https:\/\/www.dinardemeraudetourisme.com\/app\/uploads\/2024\/05\/anne-sophie-renault-creations-en-metal-683x1024@2x.jpg 2x\" media=\"(min-width: 426px)\">\n\t\t\t\t\t\t\t\t\t<img decoding=\"async\" loading=\"eager\" src=\"https:\/\/www.dinardemeraudetourisme.com\/app\/uploads\/2024\/05\/anne-sophie-renault-creations-en-metal-683x1024.jpg\" alt=\"Anne Sophie Renault cr\u00e9e dans son atelier de Dinard des sculptures et  En M\u00e9tal\" width=\"360\" height=\"600\"\/>\n\t\t\t\t\t\t\t\t<\/picture>\n\t\t\t\t\t\t\t<\/div>\n\t\t\t\t\t\t\t\t\t\t\t\t<div class=\"content\">\n\t\t\t\t\t\t\t<div class=\"inner\">\n\t\t\t\t\t\t\t\t\t\t\t\t\t\t\t\t\t\t\t\t\t\t\t\t\t<h5 class=\"titre\"> Handwerker<\/h5>\n\t\t\t\t\t\t\t\t\t\t\t\t\t\t\t\t\t\t\t\t\t\t\t\t\t\t\t\t\t\t\t\t\t<span class=\"btn-arrow\">Entdecken<\/span>\n\t\t\t\t\t\t\t\t\t\t\t\t\t\t\t<\/div>\n\t\t\t\t\t\t<\/div>\n\t\t\t\t\t\t\t\t\t\t\t\t\t<a href=\"https:\/\/www.dinardemeraudetourisme.com\/de\/sehenswertes-und-aktivitaeten\/shopping-und-dienstleistungen\/handwerker\/\" target=\"\" class=\"lien\">Entdecken Handwerker<\/a>\n\t\t\t\t\t\t\t\t\t\t\t<\/div>\n\t\t\t\t\t\t\t<\/div>\n\t\t\t<\/div>\n<\/section>\n\n\n<p>Die Boutiquen der Smaragdk\u00fcste bieten einzigartige und hochwertige Artikel. Dort finden Sie Kleidung, Schmuck und Kunstgegenst\u00e4nde. Dar\u00fcber hinaus bieten Lebensmittelgesch\u00e4fte hochwertige lokale Produkte an. B\u00e4ckereien, K\u00e4sereien, Schokoladen- und Fischgesch\u00e4fte erfreuen die Feinschmecker.<\/p>\n\n\n\n<p>Dar\u00fcber hinaus erleichtern verschiedene Dienstleistungen den Alltag der Bewohner und Besucher.\u00a0Die Conciergerie bietet pers\u00f6nliche Unterst\u00fctzung. Taxis garantieren eine schnelle und bequeme Fahrten. Ebenso erm\u00f6glicht Ihnen das Mieten von Fahrr\u00e4dern, die Erkundung der Region auf \u00f6kologische Weise.<\/p>\n\n\n\n<p>Dar\u00fcber hinaus bewahren lokale Handwerker wie T\u00f6pfer und Tischler das traditionelle Know-how. Diese Aktivit\u00e4ten tragen zur Authentizit\u00e4t und zum Charme der Smaragdk\u00fcste bei. Ein Besuch dieser Region verspricht reiche und abwechslungsreiche Entdeckungen.<\/p>\n","protected":false},"excerpt":{"rendered":"<p>Shopping und Dienstleistungen an der Smaragdk\u00fcste. Entdecken Sie die verborgenen Sch\u00e4tze der&nbsp;Smaragdk\u00fcste&nbsp;durch ihre unabh\u00e4ngigen Boutiquen, hochwertigen Dienstleistungen und talentierten Kunsthandwerker.&nbsp; Entdecken Sie eine Vielzahl von Gesch\u00e4ften mit einzigartigen lokalen Produkten, Feinkostgesch\u00e4ften und Gesch\u00e4ften f\u00fcr hochwertige Kleidung.\u00a0 Treffen Sie auch leidenschaftliche Kunsthandwerker, die das traditionelle Know-how der Region pr\u00e4sentieren.&nbsp; Tauchen Sie ein in die warme und [&hellip;]<\/p>\n","protected":false},"author":1,"featured_media":3727,"parent":10130,"menu_order":11,"comment_status":"closed","ping_status":"closed","template":"template-header-large.php","meta":{"_acf_changed":false,"footnotes":""},"class_list":["post-12227","page","type-page","status-publish","has-post-thumbnail","hentry"],"acf":[],"yoast_head":"<!-- This site is optimized with the Yoast SEO plugin v27.1.1 - https:\/\/yoast.com\/product\/yoast-seo-wordpress\/ -->\n<title>Shopping und Dienstleistungen - Dinard \u00c9meraude Tourisme<\/title>\n<meta name=\"description\" content=\"Shopping und Dienstleistungen\" \/>\n<meta name=\"robots\" content=\"index, follow, max-snippet:-1, max-image-preview:large, max-video-preview:-1\" \/>\n<link rel=\"canonical\" href=\"https:\/\/www.dinardemeraudetourisme.com\/de\/sehenswertes-und-aktivitaeten\/shopping-und-dienstleistungen\/\" \/>\n<meta property=\"og:locale\" content=\"de_DE\" \/>\n<meta property=\"og:type\" content=\"article\" \/>\n<meta property=\"og:title\" content=\"Shopping und Dienstleistungen - Dinard \u00c9meraude Tourisme\" \/>\n<meta property=\"og:description\" content=\"Shopping und Dienstleistungen\" \/>\n<meta property=\"og:url\" content=\"https:\/\/www.dinardemeraudetourisme.com\/de\/sehenswertes-und-aktivitaeten\/shopping-und-dienstleistungen\/\" \/>\n<meta property=\"og:site_name\" content=\"Dinard \u00c9meraude Tourisme\" \/>\n<meta property=\"article:modified_time\" content=\"2026-02-02T11:24:36+00:00\" \/>\n<meta property=\"og:image\" content=\"https:\/\/www.dinardemeraudetourisme.com\/app\/uploads\/2024\/04\/chouette-il-pleut-faire-du-shopping-alamoureux-scaled-1.webp\" \/>\n\t<meta property=\"og:image:width\" content=\"2560\" \/>\n\t<meta property=\"og:image:height\" content=\"1707\" \/>\n\t<meta property=\"og:image:type\" content=\"image\/webp\" \/>\n<meta name=\"twitter:card\" content=\"summary_large_image\" \/>\n<meta name=\"twitter:label1\" content=\"Gesch\u00e4tzte Lesezeit\" \/>\n\t<meta name=\"twitter:data1\" content=\"2 minutes\" \/>\n<script type=\"application\/ld+json\" class=\"yoast-schema-graph\">{\"@context\":\"https:\/\/schema.org\",\"@graph\":[{\"@type\":\"WebPage\",\"@id\":\"https:\/\/www.dinardemeraudetourisme.com\/de\/sehenswertes-und-aktivitaeten\/shopping-und-dienstleistungen\/\",\"url\":\"https:\/\/www.dinardemeraudetourisme.com\/de\/sehenswertes-und-aktivitaeten\/shopping-und-dienstleistungen\/\",\"name\":\"Shopping und Dienstleistungen - Dinard \u00c9meraude Tourisme\",\"isPartOf\":{\"@id\":\"https:\/\/www.dinardemeraudetourisme.com\/de\/#website\"},\"primaryImageOfPage\":{\"@id\":\"https:\/\/www.dinardemeraudetourisme.com\/de\/sehenswertes-und-aktivitaeten\/shopping-und-dienstleistungen\/#primaryimage\"},\"image\":{\"@id\":\"https:\/\/www.dinardemeraudetourisme.com\/de\/sehenswertes-und-aktivitaeten\/shopping-und-dienstleistungen\/#primaryimage\"},\"thumbnailUrl\":\"https:\/\/www.dinardemeraudetourisme.com\/app\/uploads\/2024\/04\/chouette-il-pleut-faire-du-shopping-alamoureux-scaled-1.webp\",\"datePublished\":\"2024-04-18T11:45:17+00:00\",\"dateModified\":\"2026-02-02T11:24:36+00:00\",\"description\":\"Shopping und Dienstleistungen\",\"breadcrumb\":{\"@id\":\"https:\/\/www.dinardemeraudetourisme.com\/de\/sehenswertes-und-aktivitaeten\/shopping-und-dienstleistungen\/#breadcrumb\"},\"inLanguage\":\"de-DE\",\"potentialAction\":[{\"@type\":\"ReadAction\",\"target\":[\"https:\/\/www.dinardemeraudetourisme.com\/de\/sehenswertes-und-aktivitaeten\/shopping-und-dienstleistungen\/\"]}]},{\"@type\":\"ImageObject\",\"inLanguage\":\"de-DE\",\"@id\":\"https:\/\/www.dinardemeraudetourisme.com\/de\/sehenswertes-und-aktivitaeten\/shopping-und-dienstleistungen\/#primaryimage\",\"url\":\"https:\/\/www.dinardemeraudetourisme.com\/app\/uploads\/2024\/04\/chouette-il-pleut-faire-du-shopping-alamoureux-scaled-1.webp\",\"contentUrl\":\"https:\/\/www.dinardemeraudetourisme.com\/app\/uploads\/2024\/04\/chouette-il-pleut-faire-du-shopping-alamoureux-scaled-1.webp\",\"width\":2560,\"height\":1707,\"caption\":\"Vitrine d'une galerie d'art \u00e0 Dinard. Renomm\u00e9e pour ses artistes, Dinard et ses galeries ouvrent leurs portes aux visiteurs. Les nombreuses boutiques de Dinard en font \u00e9galement une destination shopping reconnue dans la r\u00e9gion.\"},{\"@type\":\"WebSite\",\"@id\":\"https:\/\/www.dinardemeraudetourisme.com\/de\/#website\",\"url\":\"https:\/\/www.dinardemeraudetourisme.com\/de\/\",\"name\":\"Dinard \u00c9meraude Tourisme\",\"description\":\"\",\"potentialAction\":[{\"@type\":\"SearchAction\",\"target\":{\"@type\":\"EntryPoint\",\"urlTemplate\":\"https:\/\/www.dinardemeraudetourisme.com\/de\/?s={search_term_string}\"},\"query-input\":{\"@type\":\"PropertyValueSpecification\",\"valueRequired\":true,\"valueName\":\"search_term_string\"}}],\"inLanguage\":\"de-DE\"}]}<\/script>\n<!-- \/ Yoast SEO plugin. -->","yoast_head_json":{"title":"Shopping und Dienstleistungen - Dinard \u00c9meraude Tourisme","description":"Shopping und Dienstleistungen","robots":{"index":"index","follow":"follow","max-snippet":"max-snippet:-1","max-image-preview":"max-image-preview:large","max-video-preview":"max-video-preview:-1"},"canonical":"https:\/\/www.dinardemeraudetourisme.com\/de\/sehenswertes-und-aktivitaeten\/shopping-und-dienstleistungen\/","og_locale":"de_DE","og_type":"article","og_title":"Shopping und Dienstleistungen - Dinard \u00c9meraude Tourisme","og_description":"Shopping und Dienstleistungen","og_url":"https:\/\/www.dinardemeraudetourisme.com\/de\/sehenswertes-und-aktivitaeten\/shopping-und-dienstleistungen\/","og_site_name":"Dinard \u00c9meraude Tourisme","article_modified_time":"2026-02-02T11:24:36+00:00","og_image":[{"width":2560,"height":1707,"url":"https:\/\/www.dinardemeraudetourisme.com\/app\/uploads\/2024\/04\/chouette-il-pleut-faire-du-shopping-alamoureux-scaled-1.webp","type":"image\/webp"}],"twitter_card":"summary_large_image","twitter_misc":{"Gesch\u00e4tzte Lesezeit":"2 minutes"},"schema":{"@context":"https:\/\/schema.org","@graph":[{"@type":"WebPage","@id":"https:\/\/www.dinardemeraudetourisme.com\/de\/sehenswertes-und-aktivitaeten\/shopping-und-dienstleistungen\/","url":"https:\/\/www.dinardemeraudetourisme.com\/de\/sehenswertes-und-aktivitaeten\/shopping-und-dienstleistungen\/","name":"Shopping und Dienstleistungen - Dinard \u00c9meraude Tourisme","isPartOf":{"@id":"https:\/\/www.dinardemeraudetourisme.com\/de\/#website"},"primaryImageOfPage":{"@id":"https:\/\/www.dinardemeraudetourisme.com\/de\/sehenswertes-und-aktivitaeten\/shopping-und-dienstleistungen\/#primaryimage"},"image":{"@id":"https:\/\/www.dinardemeraudetourisme.com\/de\/sehenswertes-und-aktivitaeten\/shopping-und-dienstleistungen\/#primaryimage"},"thumbnailUrl":"https:\/\/www.dinardemeraudetourisme.com\/app\/uploads\/2024\/04\/chouette-il-pleut-faire-du-shopping-alamoureux-scaled-1.webp","datePublished":"2024-04-18T11:45:17+00:00","dateModified":"2026-02-02T11:24:36+00:00","description":"Shopping und Dienstleistungen","breadcrumb":{"@id":"https:\/\/www.dinardemeraudetourisme.com\/de\/sehenswertes-und-aktivitaeten\/shopping-und-dienstleistungen\/#breadcrumb"},"inLanguage":"de-DE","potentialAction":[{"@type":"ReadAction","target":["https:\/\/www.dinardemeraudetourisme.com\/de\/sehenswertes-und-aktivitaeten\/shopping-und-dienstleistungen\/"]}]},{"@type":"ImageObject","inLanguage":"de-DE","@id":"https:\/\/www.dinardemeraudetourisme.com\/de\/sehenswertes-und-aktivitaeten\/shopping-und-dienstleistungen\/#primaryimage","url":"https:\/\/www.dinardemeraudetourisme.com\/app\/uploads\/2024\/04\/chouette-il-pleut-faire-du-shopping-alamoureux-scaled-1.webp","contentUrl":"https:\/\/www.dinardemeraudetourisme.com\/app\/uploads\/2024\/04\/chouette-il-pleut-faire-du-shopping-alamoureux-scaled-1.webp","width":2560,"height":1707,"caption":"Vitrine d'une galerie d'art \u00e0 Dinard. Renomm\u00e9e pour ses artistes, Dinard et ses galeries ouvrent leurs portes aux visiteurs. Les nombreuses boutiques de Dinard en font \u00e9galement une destination shopping reconnue dans la r\u00e9gion."},{"@type":"WebSite","@id":"https:\/\/www.dinardemeraudetourisme.com\/de\/#website","url":"https:\/\/www.dinardemeraudetourisme.com\/de\/","name":"Dinard \u00c9meraude Tourisme","description":"","potentialAction":[{"@type":"SearchAction","target":{"@type":"EntryPoint","urlTemplate":"https:\/\/www.dinardemeraudetourisme.com\/de\/?s={search_term_string}"},"query-input":{"@type":"PropertyValueSpecification","valueRequired":true,"valueName":"search_term_string"}}],"inLanguage":"de-DE"}]}},"_links":{"self":[{"href":"https:\/\/www.dinardemeraudetourisme.com\/de\/wp-json\/wp\/v2\/pages\/12227","targetHints":{"allow":["GET"]}}],"collection":[{"href":"https:\/\/www.dinardemeraudetourisme.com\/de\/wp-json\/wp\/v2\/pages"}],"about":[{"href":"https:\/\/www.dinardemeraudetourisme.com\/de\/wp-json\/wp\/v2\/types\/page"}],"author":[{"embeddable":true,"href":"https:\/\/www.dinardemeraudetourisme.com\/de\/wp-json\/wp\/v2\/users\/1"}],"replies":[{"embeddable":true,"href":"https:\/\/www.dinardemeraudetourisme.com\/de\/wp-json\/wp\/v2\/comments?post=12227"}],"version-history":[{"count":13,"href":"https:\/\/www.dinardemeraudetourisme.com\/de\/wp-json\/wp\/v2\/pages\/12227\/revisions"}],"predecessor-version":[{"id":20459,"href":"https:\/\/www.dinardemeraudetourisme.com\/de\/wp-json\/wp\/v2\/pages\/12227\/revisions\/20459"}],"up":[{"embeddable":true,"href":"https:\/\/www.dinardemeraudetourisme.com\/de\/wp-json\/wp\/v2\/pages\/10130"}],"wp:featuredmedia":[{"embeddable":true,"href":"https:\/\/www.dinardemeraudetourisme.com\/de\/wp-json\/wp\/v2\/media\/3727"}],"wp:attachment":[{"href":"https:\/\/www.dinardemeraudetourisme.com\/de\/wp-json\/wp\/v2\/media?parent=12227"}],"curies":[{"name":"wp","href":"https:\/\/api.w.org\/{rel}","templated":true}]}}