{"id":12206,"date":"2024-04-24T13:17:52","date_gmt":"2024-04-24T11:17:52","guid":{"rendered":"https:\/\/www.dinardemeraudetourisme.com?page_id=12206"},"modified":"2025-01-27T13:33:03","modified_gmt":"2025-01-27T12:33:03","slug":"markt-von-saint-briac-sur-mer","status":"publish","type":"page","link":"https:\/\/www.dinardemeraudetourisme.com\/de\/sehenswertes-und-aktivitaeten\/maerkte-und-flohmaerkte\/markt-von-saint-briac-sur-mer\/","title":{"rendered":"Markt von Saint-Briac-sur-mer"},"content":{"rendered":"\n<p>Die M\u00e4rkte von Saint-Briac-sur-Mer finden das ganze Jahr \u00fcber freitags und im Sommer montags statt.<\/p>\n\n\n\n<h2 class=\"wp-block-heading\"><br>St\u00e4ndiger Markt von Saint-Briac-sur-Mer<\/h2>\n\n\n\n<p>Dieser Markt findet das ganze Jahr \u00fcber jeden&nbsp;&nbsp;<strong>Freitagmorgen<\/strong>&nbsp;&nbsp;auf dem&nbsp;&nbsp;<strong>Marktplatz<\/strong>&nbsp;statt .<\/p>\n\n\n\n<p>Dort finden Sie etwa 30 St\u00e4nde voller lokaler Produkte, darunter etwa zehn Lebensmittel und etwa zwanzig verschiedene Artikel, wie zum Beispiel Kleidung. Entdecken Sie auf diesem Markt unter freiem Himmel klassische Lebensmittel (Fisch, Meeresfr\u00fcchte, Obst, Gem\u00fcse usw.), aber auch typisch bretonische Aromen, die Ihnen wie gesalzenes Butterkaramell das Wasser im Mund zusammenlaufen lassen und sich perfekt als Begleitung zu einem Nachmittagssnack nach einem Sightseeing-Besuch eignen.<\/p>\n\n\n\n<h4 class=\"wp-block-heading\"><br>Praktisch<\/h4>\n\n\n\n<p>Jeden&nbsp;<strong>Freitagmorgen<\/strong>&nbsp;von 8.00 bis 12.00 Uhr&nbsp;&nbsp;auf dem&nbsp;&nbsp;<strong>Marktplatz<\/strong>&nbsp;&nbsp;in der&nbsp;&nbsp;<strong>Innenstadt .<\/strong><\/p>\n\n\n\n<h2 class=\"wp-block-heading\"><br>Saisonmarkt von Saint-Briac-sur-Mer<\/h2>\n\n\n\n<p>Machen Sie im Juli und August einen Spaziergang \u00fcber den saisonalen Markt von\u00a0\u00a0<a href=\"https:\/\/www.dinardemeraudetourisme.com\/de\/erkunden\/8-paradiese-der-emeraude\/saint-briac-sur-mer-verfuehrerisch-und-inspirierend\/\" target=\"_blank\" rel=\"noreferrer noopener\"><strong>Saint-Briac-sur-Mer<\/strong><\/a><strong>\u00a0, der jeden Montagmorgen<\/strong>\u00a0\u00a0von 8.00 bis 13.00 Uhr\u00a0\u00a0<strong>von der Grande Rue bis zum Boulevard de la Houle<\/strong>\u00a0\u00a0stattfindet.\u00a0\u00a0Dort warten bis zu 80 St\u00e4nde mit lokalen Food- und Non-Food-Produkten auf Ihren Besuch. Machen Sie sich auf den Weg, um unsere bretonische Gastronomie zu entdecken und g\u00f6nnen Sie sich Kunst- und Handwerksartikel, darunter sicherlich auch ein Urlaubssouvenir, das Sie mit nach Hause nehmen k\u00f6nnen.<\/p>\n\n\n\n<h4 class=\"wp-block-heading\"><br>Praktisch<\/h4>\n\n\n\n<p>Montagmorgen, nur im Juli und August: Grande Rue gegen\u00fcber der Touristeninformation, von 8.00 bis 13.00 Uhr.<\/p>\n\n\n\n<p><br>Ben\u00f6tigen Sie spezifische Informationen zu den M\u00e4rkten von Saint-Briac-sur-Mer? Kontaktieren Sie das&nbsp;&nbsp;<strong><a href=\"https:\/\/www.saintbriac.fr\/marches\/\" target=\"_blank\" rel=\"noreferrer noopener\">Rathaus von Saint-Briac<\/a><\/strong>&nbsp;.<br><br><\/p>\n\n\n\n<figure class=\"wp-block-image aligncenter size-full\"><img loading=\"lazy\" decoding=\"async\" width=\"768\" height=\"576\" src=\"https:\/\/www.dinardemeraudetourisme.com\/app\/uploads\/2024\/04\/afranck-hamel-saint-briac-web-768x1150-1-edited.jpg\" alt=\"Les venelles de Saint-Briac-sur-Mer, ces petites ruelles pav\u00e9es au coeur du bourg. Ce quartier, ancien village de marins, s'articule autour de l'\u00e9glise paroissiale et forme un ensemble architectural typique du littoral nord breton.\" class=\"wp-image-1259\" srcset=\"https:\/\/www.dinardemeraudetourisme.com\/app\/uploads\/2024\/04\/afranck-hamel-saint-briac-web-768x1150-1-edited.jpg 768w, https:\/\/www.dinardemeraudetourisme.com\/app\/uploads\/2024\/04\/afranck-hamel-saint-briac-web-768x1150-1-edited-300x225.jpg 300w, https:\/\/www.dinardemeraudetourisme.com\/app\/uploads\/2024\/04\/afranck-hamel-saint-briac-web-768x1150-1-edited-20x15.jpg 20w, https:\/\/www.dinardemeraudetourisme.com\/app\/uploads\/2024\/04\/afranck-hamel-saint-briac-web-768x1150-1-edited-50x38.jpg 50w, https:\/\/www.dinardemeraudetourisme.com\/app\/uploads\/2024\/04\/afranck-hamel-saint-briac-web-768x1150-1-edited-40x30.jpg 40w, https:\/\/www.dinardemeraudetourisme.com\/app\/uploads\/2024\/04\/afranck-hamel-saint-briac-web-768x1150-1-edited-60x45.jpg 60w, https:\/\/www.dinardemeraudetourisme.com\/app\/uploads\/2024\/04\/afranck-hamel-saint-briac-web-768x1150-1-edited-80x60.jpg 80w, https:\/\/www.dinardemeraudetourisme.com\/app\/uploads\/2024\/04\/afranck-hamel-saint-briac-web-768x1150-1-edited-110x83.jpg 110w, https:\/\/www.dinardemeraudetourisme.com\/app\/uploads\/2024\/04\/afranck-hamel-saint-briac-web-768x1150-1-edited-160x120.jpg 160w, https:\/\/www.dinardemeraudetourisme.com\/app\/uploads\/2024\/04\/afranck-hamel-saint-briac-web-768x1150-1-edited-250x188.jpg 250w, https:\/\/www.dinardemeraudetourisme.com\/app\/uploads\/2024\/04\/afranck-hamel-saint-briac-web-768x1150-1-edited-53x40.jpg 53w\" sizes=\"auto, (max-width: 768px) 100vw, 768px\" \/><\/figure>\n\n\n\n<h2 class=\"wp-block-heading\">Andere M\u00e4rkte an der Smaragdk\u00fcste<\/h2>\n\n\n\n<h4 class=\"wp-block-heading\">Dienstag<\/h4>\n\n\n\n<ul class=\"wp-block-list\">\n<li>Dinard<\/li>\n\n\n\n<li>Launchy<\/li>\n<\/ul>\n\n\n\n<h4 class=\"wp-block-heading\">Mittwoch<\/h4>\n\n\n\n<ul class=\"wp-block-list\">\n<li>Dinard \u2013 Saint-\u00c9nogat (im Juli-August)<\/li>\n\n\n\n<li>La Richardais<\/li>\n<\/ul>\n\n\n\n<h4 class=\"wp-block-heading\">Donnerstag<\/h4>\n\n\n\n<ul class=\"wp-block-list\">\n<li>Dinard<\/li>\n<\/ul>\n\n\n\n<h4 class=\"wp-block-heading\">Freitag<\/h4>\n\n\n\n<ul class=\"wp-block-list\">\n<li>Pleurtuit<\/li>\n<\/ul>\n\n\n\n<h4 class=\"wp-block-heading\">Samstag<\/h4>\n\n\n\n<ul class=\"wp-block-list\">\n<li>Dinard<\/li>\n<\/ul>\n\n\n\n<h4 class=\"wp-block-heading\">Sonntag<\/h4>\n\n\n\n<ul class=\"wp-block-list\">\n<li>Saint-Lunaire<\/li>\n\n\n\n<li>Pleurtuit<\/li>\n<\/ul>\n","protected":false},"excerpt":{"rendered":"<p>Die M\u00e4rkte von Saint-Briac-sur-Mer finden das ganze Jahr \u00fcber freitags und im Sommer montags statt. St\u00e4ndiger Markt von Saint-Briac-sur-Mer Dieser Markt findet das ganze Jahr \u00fcber jeden&nbsp;&nbsp;Freitagmorgen&nbsp;&nbsp;auf dem&nbsp;&nbsp;Marktplatz&nbsp;statt . Dort finden Sie etwa 30 St\u00e4nde voller lokaler Produkte, darunter etwa zehn Lebensmittel und etwa zwanzig verschiedene Artikel, wie zum Beispiel Kleidung. Entdecken Sie auf diesem [&hellip;]<\/p>\n","protected":false},"author":1,"featured_media":2849,"parent":12196,"menu_order":0,"comment_status":"closed","ping_status":"closed","template":"template-header-large.php","meta":{"_acf_changed":false,"footnotes":""},"class_list":["post-12206","page","type-page","status-publish","has-post-thumbnail","hentry"],"acf":[],"yoast_head":"<!-- This site is optimized with the Yoast SEO plugin v27.5 - https:\/\/yoast.com\/product\/yoast-seo-wordpress\/ -->\n<title>Markt von Saint-Briac-sur-mer - Dinard \u00c9meraude Tourisme<\/title>\n<meta name=\"robots\" content=\"index, follow, max-snippet:-1, max-image-preview:large, max-video-preview:-1\" \/>\n<link rel=\"canonical\" href=\"https:\/\/www.dinardemeraudetourisme.com\/de\/sehenswertes-und-aktivitaeten\/maerkte-und-flohmaerkte\/markt-von-saint-briac-sur-mer\/\" \/>\n<meta property=\"og:locale\" content=\"de_DE\" \/>\n<meta property=\"og:type\" content=\"article\" \/>\n<meta property=\"og:title\" content=\"Markt von Saint-Briac-sur-mer - Dinard \u00c9meraude Tourisme\" \/>\n<meta property=\"og:description\" content=\"Die M\u00e4rkte von Saint-Briac-sur-Mer finden das ganze Jahr \u00fcber freitags und im Sommer montags statt. St\u00e4ndiger Markt von Saint-Briac-sur-Mer Dieser Markt findet das ganze Jahr \u00fcber jeden&nbsp;&nbsp;Freitagmorgen&nbsp;&nbsp;auf dem&nbsp;&nbsp;Marktplatz&nbsp;statt . Dort finden Sie etwa 30 St\u00e4nde voller lokaler Produkte, darunter etwa zehn Lebensmittel und etwa zwanzig verschiedene Artikel, wie zum Beispiel Kleidung. Entdecken Sie auf diesem [&hellip;]\" \/>\n<meta property=\"og:url\" content=\"https:\/\/www.dinardemeraudetourisme.com\/de\/sehenswertes-und-aktivitaeten\/maerkte-und-flohmaerkte\/markt-von-saint-briac-sur-mer\/\" \/>\n<meta property=\"og:site_name\" content=\"Dinard \u00c9meraude Tourisme\" \/>\n<meta property=\"article:modified_time\" content=\"2025-01-27T12:33:03+00:00\" \/>\n<meta property=\"og:image\" content=\"https:\/\/www.dinardemeraudetourisme.com\/app\/uploads\/2024\/04\/marches-de-la-cote-demeraude-.lamoureux-4-scaled-866x1300-1.webp\" \/>\n\t<meta property=\"og:image:width\" content=\"866\" \/>\n\t<meta property=\"og:image:height\" content=\"1300\" \/>\n\t<meta property=\"og:image:type\" content=\"image\/webp\" \/>\n<meta name=\"twitter:card\" content=\"summary_large_image\" \/>\n<meta name=\"twitter:label1\" content=\"Gesch\u00e4tzte Lesezeit\" \/>\n\t<meta name=\"twitter:data1\" content=\"2 minutes\" \/>\n<script type=\"application\/ld+json\" class=\"yoast-schema-graph\">{\"@context\":\"https:\\\/\\\/schema.org\",\"@graph\":[{\"@type\":\"WebPage\",\"@id\":\"https:\\\/\\\/www.dinardemeraudetourisme.com\\\/de\\\/sehenswertes-und-aktivitaeten\\\/maerkte-und-flohmaerkte\\\/markt-von-saint-briac-sur-mer\\\/\",\"url\":\"https:\\\/\\\/www.dinardemeraudetourisme.com\\\/de\\\/sehenswertes-und-aktivitaeten\\\/maerkte-und-flohmaerkte\\\/markt-von-saint-briac-sur-mer\\\/\",\"name\":\"Markt von Saint-Briac-sur-mer - Dinard \u00c9meraude Tourisme\",\"isPartOf\":{\"@id\":\"https:\\\/\\\/www.dinardemeraudetourisme.com\\\/de\\\/#website\"},\"primaryImageOfPage\":{\"@id\":\"https:\\\/\\\/www.dinardemeraudetourisme.com\\\/de\\\/sehenswertes-und-aktivitaeten\\\/maerkte-und-flohmaerkte\\\/markt-von-saint-briac-sur-mer\\\/#primaryimage\"},\"image\":{\"@id\":\"https:\\\/\\\/www.dinardemeraudetourisme.com\\\/de\\\/sehenswertes-und-aktivitaeten\\\/maerkte-und-flohmaerkte\\\/markt-von-saint-briac-sur-mer\\\/#primaryimage\"},\"thumbnailUrl\":\"https:\\\/\\\/www.dinardemeraudetourisme.com\\\/app\\\/uploads\\\/2024\\\/04\\\/marches-de-la-cote-demeraude-.lamoureux-4-scaled-866x1300-1.webp\",\"datePublished\":\"2024-04-24T11:17:52+00:00\",\"dateModified\":\"2025-01-27T12:33:03+00:00\",\"breadcrumb\":{\"@id\":\"https:\\\/\\\/www.dinardemeraudetourisme.com\\\/de\\\/sehenswertes-und-aktivitaeten\\\/maerkte-und-flohmaerkte\\\/markt-von-saint-briac-sur-mer\\\/#breadcrumb\"},\"inLanguage\":\"de-DE\",\"potentialAction\":[{\"@type\":\"ReadAction\",\"target\":[\"https:\\\/\\\/www.dinardemeraudetourisme.com\\\/de\\\/sehenswertes-und-aktivitaeten\\\/maerkte-und-flohmaerkte\\\/markt-von-saint-briac-sur-mer\\\/\"]}]},{\"@type\":\"ImageObject\",\"inLanguage\":\"de-DE\",\"@id\":\"https:\\\/\\\/www.dinardemeraudetourisme.com\\\/de\\\/sehenswertes-und-aktivitaeten\\\/maerkte-und-flohmaerkte\\\/markt-von-saint-briac-sur-mer\\\/#primaryimage\",\"url\":\"https:\\\/\\\/www.dinardemeraudetourisme.com\\\/app\\\/uploads\\\/2024\\\/04\\\/marches-de-la-cote-demeraude-.lamoureux-4-scaled-866x1300-1.webp\",\"contentUrl\":\"https:\\\/\\\/www.dinardemeraudetourisme.com\\\/app\\\/uploads\\\/2024\\\/04\\\/marches-de-la-cote-demeraude-.lamoureux-4-scaled-866x1300-1.webp\",\"width\":866,\"height\":1300,\"caption\":\"March\u00e9s de la C\u00f4te d'\u00c9meraude. Etals de fruits et l\u00e9gumes frais et locaux pour d\u00e9guster les sp\u00e9cialit\u00e9s locales pendant un s\u00e9jour en Bretagne.\"},{\"@type\":\"WebSite\",\"@id\":\"https:\\\/\\\/www.dinardemeraudetourisme.com\\\/de\\\/#website\",\"url\":\"https:\\\/\\\/www.dinardemeraudetourisme.com\\\/de\\\/\",\"name\":\"Dinard \u00c9meraude Tourisme\",\"description\":\"\",\"potentialAction\":[{\"@type\":\"SearchAction\",\"target\":{\"@type\":\"EntryPoint\",\"urlTemplate\":\"https:\\\/\\\/www.dinardemeraudetourisme.com\\\/de\\\/?s={search_term_string}\"},\"query-input\":{\"@type\":\"PropertyValueSpecification\",\"valueRequired\":true,\"valueName\":\"search_term_string\"}}],\"inLanguage\":\"de-DE\"}]}<\/script>\n<!-- \/ Yoast SEO plugin. -->","yoast_head_json":{"title":"Markt von Saint-Briac-sur-mer - Dinard \u00c9meraude Tourisme","robots":{"index":"index","follow":"follow","max-snippet":"max-snippet:-1","max-image-preview":"max-image-preview:large","max-video-preview":"max-video-preview:-1"},"canonical":"https:\/\/www.dinardemeraudetourisme.com\/de\/sehenswertes-und-aktivitaeten\/maerkte-und-flohmaerkte\/markt-von-saint-briac-sur-mer\/","og_locale":"de_DE","og_type":"article","og_title":"Markt von Saint-Briac-sur-mer - Dinard \u00c9meraude Tourisme","og_description":"Die M\u00e4rkte von Saint-Briac-sur-Mer finden das ganze Jahr \u00fcber freitags und im Sommer montags statt. St\u00e4ndiger Markt von Saint-Briac-sur-Mer Dieser Markt findet das ganze Jahr \u00fcber jeden&nbsp;&nbsp;Freitagmorgen&nbsp;&nbsp;auf dem&nbsp;&nbsp;Marktplatz&nbsp;statt . Dort finden Sie etwa 30 St\u00e4nde voller lokaler Produkte, darunter etwa zehn Lebensmittel und etwa zwanzig verschiedene Artikel, wie zum Beispiel Kleidung. Entdecken Sie auf diesem [&hellip;]","og_url":"https:\/\/www.dinardemeraudetourisme.com\/de\/sehenswertes-und-aktivitaeten\/maerkte-und-flohmaerkte\/markt-von-saint-briac-sur-mer\/","og_site_name":"Dinard \u00c9meraude Tourisme","article_modified_time":"2025-01-27T12:33:03+00:00","og_image":[{"width":866,"height":1300,"url":"https:\/\/www.dinardemeraudetourisme.com\/app\/uploads\/2024\/04\/marches-de-la-cote-demeraude-.lamoureux-4-scaled-866x1300-1.webp","type":"image\/webp"}],"twitter_card":"summary_large_image","twitter_misc":{"Gesch\u00e4tzte Lesezeit":"2 minutes"},"schema":{"@context":"https:\/\/schema.org","@graph":[{"@type":"WebPage","@id":"https:\/\/www.dinardemeraudetourisme.com\/de\/sehenswertes-und-aktivitaeten\/maerkte-und-flohmaerkte\/markt-von-saint-briac-sur-mer\/","url":"https:\/\/www.dinardemeraudetourisme.com\/de\/sehenswertes-und-aktivitaeten\/maerkte-und-flohmaerkte\/markt-von-saint-briac-sur-mer\/","name":"Markt von Saint-Briac-sur-mer - Dinard \u00c9meraude Tourisme","isPartOf":{"@id":"https:\/\/www.dinardemeraudetourisme.com\/de\/#website"},"primaryImageOfPage":{"@id":"https:\/\/www.dinardemeraudetourisme.com\/de\/sehenswertes-und-aktivitaeten\/maerkte-und-flohmaerkte\/markt-von-saint-briac-sur-mer\/#primaryimage"},"image":{"@id":"https:\/\/www.dinardemeraudetourisme.com\/de\/sehenswertes-und-aktivitaeten\/maerkte-und-flohmaerkte\/markt-von-saint-briac-sur-mer\/#primaryimage"},"thumbnailUrl":"https:\/\/www.dinardemeraudetourisme.com\/app\/uploads\/2024\/04\/marches-de-la-cote-demeraude-.lamoureux-4-scaled-866x1300-1.webp","datePublished":"2024-04-24T11:17:52+00:00","dateModified":"2025-01-27T12:33:03+00:00","breadcrumb":{"@id":"https:\/\/www.dinardemeraudetourisme.com\/de\/sehenswertes-und-aktivitaeten\/maerkte-und-flohmaerkte\/markt-von-saint-briac-sur-mer\/#breadcrumb"},"inLanguage":"de-DE","potentialAction":[{"@type":"ReadAction","target":["https:\/\/www.dinardemeraudetourisme.com\/de\/sehenswertes-und-aktivitaeten\/maerkte-und-flohmaerkte\/markt-von-saint-briac-sur-mer\/"]}]},{"@type":"ImageObject","inLanguage":"de-DE","@id":"https:\/\/www.dinardemeraudetourisme.com\/de\/sehenswertes-und-aktivitaeten\/maerkte-und-flohmaerkte\/markt-von-saint-briac-sur-mer\/#primaryimage","url":"https:\/\/www.dinardemeraudetourisme.com\/app\/uploads\/2024\/04\/marches-de-la-cote-demeraude-.lamoureux-4-scaled-866x1300-1.webp","contentUrl":"https:\/\/www.dinardemeraudetourisme.com\/app\/uploads\/2024\/04\/marches-de-la-cote-demeraude-.lamoureux-4-scaled-866x1300-1.webp","width":866,"height":1300,"caption":"March\u00e9s de la C\u00f4te d'\u00c9meraude. Etals de fruits et l\u00e9gumes frais et locaux pour d\u00e9guster les sp\u00e9cialit\u00e9s locales pendant un s\u00e9jour en Bretagne."},{"@type":"WebSite","@id":"https:\/\/www.dinardemeraudetourisme.com\/de\/#website","url":"https:\/\/www.dinardemeraudetourisme.com\/de\/","name":"Dinard \u00c9meraude Tourisme","description":"","potentialAction":[{"@type":"SearchAction","target":{"@type":"EntryPoint","urlTemplate":"https:\/\/www.dinardemeraudetourisme.com\/de\/?s={search_term_string}"},"query-input":{"@type":"PropertyValueSpecification","valueRequired":true,"valueName":"search_term_string"}}],"inLanguage":"de-DE"}]}},"_links":{"self":[{"href":"https:\/\/www.dinardemeraudetourisme.com\/de\/wp-json\/wp\/v2\/pages\/12206","targetHints":{"allow":["GET"]}}],"collection":[{"href":"https:\/\/www.dinardemeraudetourisme.com\/de\/wp-json\/wp\/v2\/pages"}],"about":[{"href":"https:\/\/www.dinardemeraudetourisme.com\/de\/wp-json\/wp\/v2\/types\/page"}],"author":[{"embeddable":true,"href":"https:\/\/www.dinardemeraudetourisme.com\/de\/wp-json\/wp\/v2\/users\/1"}],"replies":[{"embeddable":true,"href":"https:\/\/www.dinardemeraudetourisme.com\/de\/wp-json\/wp\/v2\/comments?post=12206"}],"version-history":[{"count":5,"href":"https:\/\/www.dinardemeraudetourisme.com\/de\/wp-json\/wp\/v2\/pages\/12206\/revisions"}],"predecessor-version":[{"id":13386,"href":"https:\/\/www.dinardemeraudetourisme.com\/de\/wp-json\/wp\/v2\/pages\/12206\/revisions\/13386"}],"up":[{"embeddable":true,"href":"https:\/\/www.dinardemeraudetourisme.com\/de\/wp-json\/wp\/v2\/pages\/12196"}],"wp:featuredmedia":[{"embeddable":true,"href":"https:\/\/www.dinardemeraudetourisme.com\/de\/wp-json\/wp\/v2\/media\/2849"}],"wp:attachment":[{"href":"https:\/\/www.dinardemeraudetourisme.com\/de\/wp-json\/wp\/v2\/media?parent=12206"}],"curies":[{"name":"wp","href":"https:\/\/api.w.org\/{rel}","templated":true}]}}