{"id":12202,"date":"2024-04-24T13:16:05","date_gmt":"2024-04-24T11:16:05","guid":{"rendered":"https:\/\/www.dinardemeraudetourisme.com?page_id=12202"},"modified":"2025-06-19T14:41:16","modified_gmt":"2025-06-19T12:41:16","slug":"markt-von-la-richardais","status":"publish","type":"page","link":"https:\/\/www.dinardemeraudetourisme.com\/de\/sehenswertes-und-aktivitaeten\/maerkte-und-flohmaerkte\/markt-von-la-richardais\/","title":{"rendered":"Markt von La Richardais"},"content":{"rendered":"\n<p>Auf dem Kirchplatz findet jeden Mittwoch der Markt&nbsp;<strong><a href=\"https:\/\/www.dinardemeraudetourisme.com\/de\/erkunden\/8-paradiese-der-emeraude\/entdecken-sie-la-richardais\/\" target=\"_blank\" rel=\"noreferrer noopener\">La Richardais<\/a><\/strong>&nbsp;statt .<\/p>\n\n\n\n<h2 class=\"wp-block-heading\"><br>Wochenmarkt<\/h2>\n\n\n\n<p>Eine der gro\u00dfen Freuden des Urlaubs ist der Markt. Dies ist die ideale Gelegenheit zum Bummeln, Entdecken, Kennenlernen und Vorr\u00e4ten.<br>Im&nbsp;&nbsp;<a href=\"http:\/\/www.ville-larichardais.fr\/\" target=\"_blank\" rel=\"noreferrer noopener\"><strong>La Richardais<\/strong><\/a>&nbsp;ist es das ganze Jahr \u00fcber Mittwochmorgen, Place de l&#8217;\u00e9glise. Die St\u00e4nde sind voll mit regionalen Produkten, Symbolen der Lebenskunst unserer Region.<\/p>\n\n\n\n<h4 class=\"wp-block-heading\"><br>Praktisch<\/h4>\n\n\n\n<p>Der Markt&nbsp;&nbsp;<br><a href=\"https:\/\/www.dinardemeraudetourisme.com\/de\/erkunden\/8-paradiese-der-emeraude\/entdecken-sie-la-richardais\/\" target=\"_blank\" rel=\"noreferrer noopener\"><strong>La Richardais<\/strong><\/a><strong> findet jeden Mittwoch<\/strong>&nbsp;von 8.00 bis 12.30 Uhr auf&nbsp;<strong>der Place de l&#8217;\u00c9glise<\/strong>&nbsp;statt&nbsp;<br>.<br><\/p>\n\n\n\n<div class=\"wp-block-columns is-layout-flex wp-container-core-columns-is-layout-28f84493 wp-block-columns-is-layout-flex\">\n<div class=\"wp-block-column is-layout-flow wp-block-column-is-layout-flow\" style=\"flex-basis:33.33%\">\n<figure class=\"wp-block-image size-full\"><img loading=\"lazy\" decoding=\"async\" width=\"700\" height=\"875\" src=\"https:\/\/www.dinardemeraudetourisme.com\/app\/uploads\/2024\/04\/marche-brocante-10.webp\" alt=\"Les march\u00e9s et brocantes de la C\u00f4te d'\u00c9meraude. Stand de fruits et l\u00e9gumes. Une personne se sert en raisins noirs sur le march\u00e9.\" class=\"wp-image-3766\" srcset=\"https:\/\/www.dinardemeraudetourisme.com\/app\/uploads\/2024\/04\/marche-brocante-10.webp 700w, https:\/\/www.dinardemeraudetourisme.com\/app\/uploads\/2024\/04\/marche-brocante-10-240x300.webp 240w, https:\/\/www.dinardemeraudetourisme.com\/app\/uploads\/2024\/04\/marche-brocante-10-16x20.webp 16w, https:\/\/www.dinardemeraudetourisme.com\/app\/uploads\/2024\/04\/marche-brocante-10-40x50.webp 40w, https:\/\/www.dinardemeraudetourisme.com\/app\/uploads\/2024\/04\/marche-brocante-10-24x30.webp 24w, https:\/\/www.dinardemeraudetourisme.com\/app\/uploads\/2024\/04\/marche-brocante-10-48x60.webp 48w, https:\/\/www.dinardemeraudetourisme.com\/app\/uploads\/2024\/04\/marche-brocante-10-64x80.webp 64w, https:\/\/www.dinardemeraudetourisme.com\/app\/uploads\/2024\/04\/marche-brocante-10-110x138.webp 110w, https:\/\/www.dinardemeraudetourisme.com\/app\/uploads\/2024\/04\/marche-brocante-10-128x160.webp 128w, https:\/\/www.dinardemeraudetourisme.com\/app\/uploads\/2024\/04\/marche-brocante-10-250x313.webp 250w, https:\/\/www.dinardemeraudetourisme.com\/app\/uploads\/2024\/04\/marche-brocante-10-32x40.webp 32w, https:\/\/www.dinardemeraudetourisme.com\/app\/uploads\/2024\/04\/marche-brocante-10-640x800.webp 640w\" sizes=\"auto, (max-width: 700px) 100vw, 700px\" \/><\/figure>\n<\/div>\n\n\n\n<div class=\"wp-block-column is-layout-flow wp-block-column-is-layout-flow\" style=\"flex-basis:66.66%\">\n<figure class=\"wp-block-image size-large is-resized\"><img loading=\"lazy\" decoding=\"async\" width=\"1024\" height=\"682\" src=\"https:\/\/www.dinardemeraudetourisme.com\/app\/uploads\/2024\/04\/la-richardais-credit-lezbroz-1024x682.jpg\" alt=\"Le port de La Richardais est au coeur du village. Le centre nautique permet de d\u00e9couvrir l'estuaire de la Rance en kayak, en aviron ou en paddle.\" class=\"wp-image-3378\" style=\"width:611px;height:auto\" srcset=\"https:\/\/www.dinardemeraudetourisme.com\/app\/uploads\/2024\/04\/la-richardais-credit-lezbroz-1024x682.jpg 1024w, https:\/\/www.dinardemeraudetourisme.com\/app\/uploads\/2024\/04\/la-richardais-credit-lezbroz-300x200.jpg 300w, https:\/\/www.dinardemeraudetourisme.com\/app\/uploads\/2024\/04\/la-richardais-credit-lezbroz-768x512.jpg 768w, https:\/\/www.dinardemeraudetourisme.com\/app\/uploads\/2024\/04\/la-richardais-credit-lezbroz-1536x1023.jpg 1536w, https:\/\/www.dinardemeraudetourisme.com\/app\/uploads\/2024\/04\/la-richardais-credit-lezbroz-2048x1364.jpg 2048w, https:\/\/www.dinardemeraudetourisme.com\/app\/uploads\/2024\/04\/la-richardais-credit-lezbroz-20x13.jpg 20w, https:\/\/www.dinardemeraudetourisme.com\/app\/uploads\/2024\/04\/la-richardais-credit-lezbroz-50x33.jpg 50w, https:\/\/www.dinardemeraudetourisme.com\/app\/uploads\/2024\/04\/la-richardais-credit-lezbroz-45x30.jpg 45w, https:\/\/www.dinardemeraudetourisme.com\/app\/uploads\/2024\/04\/la-richardais-credit-lezbroz-60x40.jpg 60w, https:\/\/www.dinardemeraudetourisme.com\/app\/uploads\/2024\/04\/la-richardais-credit-lezbroz-80x53.jpg 80w, https:\/\/www.dinardemeraudetourisme.com\/app\/uploads\/2024\/04\/la-richardais-credit-lezbroz-110x73.jpg 110w, https:\/\/www.dinardemeraudetourisme.com\/app\/uploads\/2024\/04\/la-richardais-credit-lezbroz-160x107.jpg 160w, https:\/\/www.dinardemeraudetourisme.com\/app\/uploads\/2024\/04\/la-richardais-credit-lezbroz-250x167.jpg 250w, https:\/\/www.dinardemeraudetourisme.com\/app\/uploads\/2024\/04\/la-richardais-credit-lezbroz-1201x800.jpg 1201w, https:\/\/www.dinardemeraudetourisme.com\/app\/uploads\/2024\/04\/la-richardais-credit-lezbroz-1801x1200.jpg 1801w\" sizes=\"auto, (max-width: 1024px) 100vw, 1024px\" \/><\/figure>\n<\/div>\n<\/div>\n\n\n\n<h2 class=\"wp-block-heading\">Zum Markt in La Richardais kommen<\/h2>\n\n\n\n<h3 class=\"wp-block-heading\">Ohne Auto anreisen<\/h3>\n\n\n\n<p>Um zum Markt in La Richardais zu gelangen, nehmen Sie die <strong>Linie 516<\/strong> des <strong>BreizhGo<\/strong>-Netzes ab <strong>Saint-Malo<\/strong>, <strong>Dinard<\/strong>, <strong>Saint-Lunaire<\/strong> oder <strong>Saint-Briac-sur-Mer<\/strong> und steigen Sie an der Haltestelle <strong>\u201eCentre\u201c<\/strong> aus.<br><strong><a href=\"https:\/\/www.dinardemeraudetourisme.com\/de\/aufenthalt-an-der-cote-demeraude\/praktische-informationen\/oeffentliche-verkehrsmittel-an-der-cote-demeraude\/\" target=\"_blank\" rel=\"noreferrer noopener\">Fahrpl\u00e4ne einsehen.<\/a><\/strong><\/p>\n\n\n\n<p>Mit dem Fahrrad folgen Sie dem ausgebauten Radweg ab <strong>Dinard<\/strong> und dem Viertel <strong>Gougeonnais<\/strong>.<\/p>\n\n\n\n<h2 class=\"wp-block-heading\"><br>Andere M\u00e4rkte an der Smaragdk\u00fcste<\/h2>\n\n\n\n<h4 class=\"wp-block-heading\">Montag<\/h4>\n\n\n\n<ul class=\"wp-block-list\">\n<li>Saint-Briac-sur-Mer (im Juli-August)<\/li>\n<\/ul>\n\n\n\n<h4 class=\"wp-block-heading\">Dienstag<\/h4>\n\n\n\n<ul class=\"wp-block-list\">\n<li>Dinard<\/li>\n\n\n\n<li>Launchy<\/li>\n<\/ul>\n\n\n\n<h4 class=\"wp-block-heading\">Mittwoch<\/h4>\n\n\n\n<ul class=\"wp-block-list\">\n<li>Dinard \u2013 Saint-\u00c9nogat (im Juli-August)<\/li>\n<\/ul>\n\n\n\n<h4 class=\"wp-block-heading\">Donnerstag<\/h4>\n\n\n\n<ul class=\"wp-block-list\">\n<li>Dinard<\/li>\n<\/ul>\n\n\n\n<h4 class=\"wp-block-heading\">Freitag<\/h4>\n\n\n\n<ul class=\"wp-block-list\">\n<li>Saint-Briac-sur-Mer<\/li>\n\n\n\n<li>Pleurtuit<\/li>\n<\/ul>\n\n\n\n<h4 class=\"wp-block-heading\">Samstag<\/h4>\n\n\n\n<ul class=\"wp-block-list\">\n<li>Dinard<\/li>\n<\/ul>\n\n\n\n<h4 class=\"wp-block-heading\">Sonntag<\/h4>\n\n\n\n<ul class=\"wp-block-list\">\n<li>Saint-Lunaire<\/li>\n\n\n\n<li>Pleurtuit<\/li>\n<\/ul>\n","protected":false},"excerpt":{"rendered":"<p>Auf dem Kirchplatz findet jeden Mittwoch der Markt&nbsp;La Richardais&nbsp;statt . Wochenmarkt Eine der gro\u00dfen Freuden des Urlaubs ist der Markt. Dies ist die ideale Gelegenheit zum Bummeln, Entdecken, Kennenlernen und Vorr\u00e4ten.Im&nbsp;&nbsp;La Richardais&nbsp;ist es das ganze Jahr \u00fcber Mittwochmorgen, Place de l&#8217;\u00e9glise. Die St\u00e4nde sind voll mit regionalen Produkten, Symbolen der Lebenskunst unserer Region. Praktisch Der [&hellip;]<\/p>\n","protected":false},"author":1,"featured_media":3768,"parent":12196,"menu_order":0,"comment_status":"closed","ping_status":"closed","template":"template-header-large.php","meta":{"_acf_changed":false,"footnotes":""},"class_list":["post-12202","page","type-page","status-publish","has-post-thumbnail","hentry"],"acf":[],"yoast_head":"<!-- This site is optimized with the Yoast SEO plugin v27.1.1 - https:\/\/yoast.com\/product\/yoast-seo-wordpress\/ -->\n<title>Markt von La Richardais - Dinard \u00c9meraude Tourisme<\/title>\n<meta name=\"robots\" content=\"index, follow, max-snippet:-1, max-image-preview:large, max-video-preview:-1\" \/>\n<link rel=\"canonical\" href=\"https:\/\/www.dinardemeraudetourisme.com\/de\/sehenswertes-und-aktivitaeten\/maerkte-und-flohmaerkte\/markt-von-la-richardais\/\" \/>\n<meta property=\"og:locale\" content=\"de_DE\" \/>\n<meta property=\"og:type\" content=\"article\" \/>\n<meta property=\"og:title\" content=\"Markt von La Richardais - Dinard \u00c9meraude Tourisme\" \/>\n<meta property=\"og:description\" content=\"Auf dem Kirchplatz findet jeden Mittwoch der Markt&nbsp;La Richardais&nbsp;statt . Wochenmarkt Eine der gro\u00dfen Freuden des Urlaubs ist der Markt. Dies ist die ideale Gelegenheit zum Bummeln, Entdecken, Kennenlernen und Vorr\u00e4ten.Im&nbsp;&nbsp;La Richardais&nbsp;ist es das ganze Jahr \u00fcber Mittwochmorgen, Place de l&#8217;\u00e9glise. Die St\u00e4nde sind voll mit regionalen Produkten, Symbolen der Lebenskunst unserer Region. Praktisch Der [&hellip;]\" \/>\n<meta property=\"og:url\" content=\"https:\/\/www.dinardemeraudetourisme.com\/de\/sehenswertes-und-aktivitaeten\/maerkte-und-flohmaerkte\/markt-von-la-richardais\/\" \/>\n<meta property=\"og:site_name\" content=\"Dinard \u00c9meraude Tourisme\" \/>\n<meta property=\"article:modified_time\" content=\"2025-06-19T12:41:16+00:00\" \/>\n<meta property=\"og:image\" content=\"https:\/\/www.dinardemeraudetourisme.com\/app\/uploads\/2024\/04\/marche-brocante-10.webp\" \/>\n\t<meta property=\"og:image:width\" content=\"700\" \/>\n\t<meta property=\"og:image:height\" content=\"875\" \/>\n\t<meta property=\"og:image:type\" content=\"image\/webp\" \/>\n<meta name=\"twitter:card\" content=\"summary_large_image\" \/>\n<meta name=\"twitter:label1\" content=\"Gesch\u00e4tzte Lesezeit\" \/>\n\t<meta name=\"twitter:data1\" content=\"2 minutes\" \/>\n<script type=\"application\/ld+json\" class=\"yoast-schema-graph\">{\"@context\":\"https:\/\/schema.org\",\"@graph\":[{\"@type\":\"WebPage\",\"@id\":\"https:\/\/www.dinardemeraudetourisme.com\/de\/sehenswertes-und-aktivitaeten\/maerkte-und-flohmaerkte\/markt-von-la-richardais\/\",\"url\":\"https:\/\/www.dinardemeraudetourisme.com\/de\/sehenswertes-und-aktivitaeten\/maerkte-und-flohmaerkte\/markt-von-la-richardais\/\",\"name\":\"Markt von La Richardais - Dinard \u00c9meraude Tourisme\",\"isPartOf\":{\"@id\":\"https:\/\/www.dinardemeraudetourisme.com\/de\/#website\"},\"primaryImageOfPage\":{\"@id\":\"https:\/\/www.dinardemeraudetourisme.com\/de\/sehenswertes-und-aktivitaeten\/maerkte-und-flohmaerkte\/markt-von-la-richardais\/#primaryimage\"},\"image\":{\"@id\":\"https:\/\/www.dinardemeraudetourisme.com\/de\/sehenswertes-und-aktivitaeten\/maerkte-und-flohmaerkte\/markt-von-la-richardais\/#primaryimage\"},\"thumbnailUrl\":\"https:\/\/www.dinardemeraudetourisme.com\/app\/uploads\/2024\/04\/marche-brocante-10.webp\",\"datePublished\":\"2024-04-24T11:16:05+00:00\",\"dateModified\":\"2025-06-19T12:41:16+00:00\",\"breadcrumb\":{\"@id\":\"https:\/\/www.dinardemeraudetourisme.com\/de\/sehenswertes-und-aktivitaeten\/maerkte-und-flohmaerkte\/markt-von-la-richardais\/#breadcrumb\"},\"inLanguage\":\"de-DE\",\"potentialAction\":[{\"@type\":\"ReadAction\",\"target\":[\"https:\/\/www.dinardemeraudetourisme.com\/de\/sehenswertes-und-aktivitaeten\/maerkte-und-flohmaerkte\/markt-von-la-richardais\/\"]}]},{\"@type\":\"ImageObject\",\"inLanguage\":\"de-DE\",\"@id\":\"https:\/\/www.dinardemeraudetourisme.com\/de\/sehenswertes-und-aktivitaeten\/maerkte-und-flohmaerkte\/markt-von-la-richardais\/#primaryimage\",\"url\":\"https:\/\/www.dinardemeraudetourisme.com\/app\/uploads\/2024\/04\/marche-brocante-10.webp\",\"contentUrl\":\"https:\/\/www.dinardemeraudetourisme.com\/app\/uploads\/2024\/04\/marche-brocante-10.webp\",\"width\":700,\"height\":875,\"caption\":\"Les march\u00e9s et brocantes de la C\u00f4te d'\u00c9meraude. Strans\"},{\"@type\":\"WebSite\",\"@id\":\"https:\/\/www.dinardemeraudetourisme.com\/de\/#website\",\"url\":\"https:\/\/www.dinardemeraudetourisme.com\/de\/\",\"name\":\"Dinard \u00c9meraude Tourisme\",\"description\":\"\",\"potentialAction\":[{\"@type\":\"SearchAction\",\"target\":{\"@type\":\"EntryPoint\",\"urlTemplate\":\"https:\/\/www.dinardemeraudetourisme.com\/de\/?s={search_term_string}\"},\"query-input\":{\"@type\":\"PropertyValueSpecification\",\"valueRequired\":true,\"valueName\":\"search_term_string\"}}],\"inLanguage\":\"de-DE\"}]}<\/script>\n<!-- \/ Yoast SEO plugin. -->","yoast_head_json":{"title":"Markt von La Richardais - Dinard \u00c9meraude Tourisme","robots":{"index":"index","follow":"follow","max-snippet":"max-snippet:-1","max-image-preview":"max-image-preview:large","max-video-preview":"max-video-preview:-1"},"canonical":"https:\/\/www.dinardemeraudetourisme.com\/de\/sehenswertes-und-aktivitaeten\/maerkte-und-flohmaerkte\/markt-von-la-richardais\/","og_locale":"de_DE","og_type":"article","og_title":"Markt von La Richardais - Dinard \u00c9meraude Tourisme","og_description":"Auf dem Kirchplatz findet jeden Mittwoch der Markt&nbsp;La Richardais&nbsp;statt . Wochenmarkt Eine der gro\u00dfen Freuden des Urlaubs ist der Markt. Dies ist die ideale Gelegenheit zum Bummeln, Entdecken, Kennenlernen und Vorr\u00e4ten.Im&nbsp;&nbsp;La Richardais&nbsp;ist es das ganze Jahr \u00fcber Mittwochmorgen, Place de l&#8217;\u00e9glise. Die St\u00e4nde sind voll mit regionalen Produkten, Symbolen der Lebenskunst unserer Region. Praktisch Der [&hellip;]","og_url":"https:\/\/www.dinardemeraudetourisme.com\/de\/sehenswertes-und-aktivitaeten\/maerkte-und-flohmaerkte\/markt-von-la-richardais\/","og_site_name":"Dinard \u00c9meraude Tourisme","article_modified_time":"2025-06-19T12:41:16+00:00","og_image":[{"width":700,"height":875,"url":"https:\/\/www.dinardemeraudetourisme.com\/app\/uploads\/2024\/04\/marche-brocante-10.webp","type":"image\/webp"}],"twitter_card":"summary_large_image","twitter_misc":{"Gesch\u00e4tzte Lesezeit":"2 minutes"},"schema":{"@context":"https:\/\/schema.org","@graph":[{"@type":"WebPage","@id":"https:\/\/www.dinardemeraudetourisme.com\/de\/sehenswertes-und-aktivitaeten\/maerkte-und-flohmaerkte\/markt-von-la-richardais\/","url":"https:\/\/www.dinardemeraudetourisme.com\/de\/sehenswertes-und-aktivitaeten\/maerkte-und-flohmaerkte\/markt-von-la-richardais\/","name":"Markt von La Richardais - Dinard \u00c9meraude Tourisme","isPartOf":{"@id":"https:\/\/www.dinardemeraudetourisme.com\/de\/#website"},"primaryImageOfPage":{"@id":"https:\/\/www.dinardemeraudetourisme.com\/de\/sehenswertes-und-aktivitaeten\/maerkte-und-flohmaerkte\/markt-von-la-richardais\/#primaryimage"},"image":{"@id":"https:\/\/www.dinardemeraudetourisme.com\/de\/sehenswertes-und-aktivitaeten\/maerkte-und-flohmaerkte\/markt-von-la-richardais\/#primaryimage"},"thumbnailUrl":"https:\/\/www.dinardemeraudetourisme.com\/app\/uploads\/2024\/04\/marche-brocante-10.webp","datePublished":"2024-04-24T11:16:05+00:00","dateModified":"2025-06-19T12:41:16+00:00","breadcrumb":{"@id":"https:\/\/www.dinardemeraudetourisme.com\/de\/sehenswertes-und-aktivitaeten\/maerkte-und-flohmaerkte\/markt-von-la-richardais\/#breadcrumb"},"inLanguage":"de-DE","potentialAction":[{"@type":"ReadAction","target":["https:\/\/www.dinardemeraudetourisme.com\/de\/sehenswertes-und-aktivitaeten\/maerkte-und-flohmaerkte\/markt-von-la-richardais\/"]}]},{"@type":"ImageObject","inLanguage":"de-DE","@id":"https:\/\/www.dinardemeraudetourisme.com\/de\/sehenswertes-und-aktivitaeten\/maerkte-und-flohmaerkte\/markt-von-la-richardais\/#primaryimage","url":"https:\/\/www.dinardemeraudetourisme.com\/app\/uploads\/2024\/04\/marche-brocante-10.webp","contentUrl":"https:\/\/www.dinardemeraudetourisme.com\/app\/uploads\/2024\/04\/marche-brocante-10.webp","width":700,"height":875,"caption":"Les march\u00e9s et brocantes de la C\u00f4te d'\u00c9meraude. Strans"},{"@type":"WebSite","@id":"https:\/\/www.dinardemeraudetourisme.com\/de\/#website","url":"https:\/\/www.dinardemeraudetourisme.com\/de\/","name":"Dinard \u00c9meraude Tourisme","description":"","potentialAction":[{"@type":"SearchAction","target":{"@type":"EntryPoint","urlTemplate":"https:\/\/www.dinardemeraudetourisme.com\/de\/?s={search_term_string}"},"query-input":{"@type":"PropertyValueSpecification","valueRequired":true,"valueName":"search_term_string"}}],"inLanguage":"de-DE"}]}},"_links":{"self":[{"href":"https:\/\/www.dinardemeraudetourisme.com\/de\/wp-json\/wp\/v2\/pages\/12202","targetHints":{"allow":["GET"]}}],"collection":[{"href":"https:\/\/www.dinardemeraudetourisme.com\/de\/wp-json\/wp\/v2\/pages"}],"about":[{"href":"https:\/\/www.dinardemeraudetourisme.com\/de\/wp-json\/wp\/v2\/types\/page"}],"author":[{"embeddable":true,"href":"https:\/\/www.dinardemeraudetourisme.com\/de\/wp-json\/wp\/v2\/users\/1"}],"replies":[{"embeddable":true,"href":"https:\/\/www.dinardemeraudetourisme.com\/de\/wp-json\/wp\/v2\/comments?post=12202"}],"version-history":[{"count":7,"href":"https:\/\/www.dinardemeraudetourisme.com\/de\/wp-json\/wp\/v2\/pages\/12202\/revisions"}],"predecessor-version":[{"id":17830,"href":"https:\/\/www.dinardemeraudetourisme.com\/de\/wp-json\/wp\/v2\/pages\/12202\/revisions\/17830"}],"up":[{"embeddable":true,"href":"https:\/\/www.dinardemeraudetourisme.com\/de\/wp-json\/wp\/v2\/pages\/12196"}],"wp:featuredmedia":[{"embeddable":true,"href":"https:\/\/www.dinardemeraudetourisme.com\/de\/wp-json\/wp\/v2\/media\/3768"}],"wp:attachment":[{"href":"https:\/\/www.dinardemeraudetourisme.com\/de\/wp-json\/wp\/v2\/media?parent=12202"}],"curies":[{"name":"wp","href":"https:\/\/api.w.org\/{rel}","templated":true}]}}