{"id":12200,"date":"2024-04-24T13:17:00","date_gmt":"2024-04-24T11:17:00","guid":{"rendered":"https:\/\/www.dinardemeraudetourisme.com?page_id=12200"},"modified":"2025-06-19T14:15:28","modified_gmt":"2025-06-19T12:15:28","slug":"maerkte-in-dinard","status":"publish","type":"page","link":"https:\/\/www.dinardemeraudetourisme.com\/de\/sehenswertes-und-aktivitaeten\/maerkte-und-flohmaerkte\/maerkte-in-dinard\/","title":{"rendered":"M\u00e4rkte in Dinard"},"content":{"rendered":"\n<p>Die Dinard-M\u00e4rkte geh\u00f6ren zu den bekanntesten in der Region! Machen Sie w\u00e4hrend Ihres Urlaubs einen Ausflug dorthin!<\/p>\n\n\n\n<h2 class=\"wp-block-heading\"><br>Esplanade de la Halle<\/h2>\n\n\n\n<p>Entdecken Sie den Markt&nbsp;&nbsp;<a href=\"https:\/\/www.dinardemeraudetourisme.com\/de\/erkunden\/8-paradiese-der-emeraude\/entdecken-sie-dinard\/\" target=\"_blank\" rel=\"noreferrer noopener\"><strong>von Dinard<\/strong><\/a>&nbsp;, einen der gr\u00f6\u00dften in der Region. Au\u00dferdem ist es das ganze Jahr \u00fcber ge\u00f6ffnet!<\/p>\n\n\n\n<p>Der Markt findet das ganze Jahr \u00fcber jeden Dienstag-, Donnerstag- und Samstagmorgen auf der Esplanade des Halles am Place Rocha\u00efd statt, wo sich in der Saison fast 300 H\u00e4ndler versammeln. Die Hallen sind jeden Morgen von 7:30 bis 13:30 Uhr mit 18 H\u00e4ndlern ge\u00f6ffnet (au\u00dferhalb der Saison sind sie montags geschlossen).<\/p>\n\n\n\n<h4 class=\"wp-block-heading\"><br>Praktisch<\/h4>\n\n\n\n<p><strong>Les Halles de la Concorde \u2013 Gro\u00dfer Markt rund um die Halles de La Concorde:<\/strong><\/p>\n\n\n\n<ul class=\"wp-block-list\">\n<li>Vom 1. Januar bis 31. Dezember: dienstags und donnerstags von 9.00 bis 12.30 Uhr und samstags von 9.00 bis 13.00 Uhr.<\/li>\n\n\n\n<li>Vom 1. Juli bis 31. August: dienstags, donnerstags und samstags von 8:30 bis 14:00 Uhr.<\/li>\n<\/ul>\n\n\n\n<p>In der N\u00e4he des Marktes stehen 500 Parkpl\u00e4tze zur Verf\u00fcgung (Rapha\u00ebl Veil Parking \/ Tiefgarage Les Halles).ha\u00ebl Veil \/ Parking souterrain des Halles).<\/p>\n\n\n\n<h2 class=\"wp-block-heading\"><br>Saint-\u00c9nogat, Place du Calvaire<\/h2>\n\n\n\n<p>Mit Freude finden wir den kleinen Sommermarkt von Saint-\u00c9nogat: Lebensmittel, Kunsthandwerk, Schmuck und K\u00fcnstler, die in der kleinen Stadt zum Vergn\u00fcgen aller organisiert werden. Das Herz von Saint-Enogat wird jeden Mittwochmorgen mit einem Sommermarkt am Place du Calvaire zum Leben erweckt. Entdecken Sie es im Juli und August.<\/p>\n\n\n\n<h4 class=\"wp-block-heading\"><br>Praktisch<\/h4>\n\n\n\n<p><strong>Saint-Enogat, Place du Calvaire:<\/strong><\/p>\n\n\n\n<p>Im Juli und August: mittwochs von 8.00 bis 12.30 Uhr \u2013 Rue de Saint-Lunaire<\/p>\n\n\n\n<p><br>M\u00f6chten Sie genaue Informationen \u00fcber die Dinard-M\u00e4rkte erhalten? Kontaktieren Sie den&nbsp;<strong><a href=\"https:\/\/www.ville-dinard.fr\/les-halles-et-le-marche-2\/\" target=\"_blank\" rel=\"noreferrer noopener\">Parkrechtsdienst<\/a><\/strong>&nbsp;des&nbsp;<strong><a href=\"https:\/\/www.ville-dinard.fr\/\" target=\"_blank\" rel=\"noreferrer noopener\">Rathauses von Dinard .<\/a><\/strong><br><\/p>\n\n\n\n<figure class=\"wp-block-image aligncenter size-large\"><img loading=\"lazy\" decoding=\"async\" width=\"1024\" height=\"683\" src=\"https:\/\/www.dinardemeraudetourisme.com\/app\/uploads\/2024\/04\/marches-de-dinard-.lamoureux-4-scaled-1950x1300-1-1024x683.jpg\" alt=\"March\u00e9 de Dinard. Toute l'ann\u00e9e, l'esplanade de la Halle \u00e0 Dinard accueille le march\u00e9 les mardis, jeudis et samedis. Le march\u00e9 de Dinard est l'un des plus renomm\u00e9s de la C\u00f4te d'\u00c9meraude.\" class=\"wp-image-2828\" srcset=\"https:\/\/www.dinardemeraudetourisme.com\/app\/uploads\/2024\/04\/marches-de-dinard-.lamoureux-4-scaled-1950x1300-1-1024x683.jpg 1024w, https:\/\/www.dinardemeraudetourisme.com\/app\/uploads\/2024\/04\/marches-de-dinard-.lamoureux-4-scaled-1950x1300-1-300x200.jpg 300w, https:\/\/www.dinardemeraudetourisme.com\/app\/uploads\/2024\/04\/marches-de-dinard-.lamoureux-4-scaled-1950x1300-1-768x512.jpg 768w, https:\/\/www.dinardemeraudetourisme.com\/app\/uploads\/2024\/04\/marches-de-dinard-.lamoureux-4-scaled-1950x1300-1-1536x1024.jpg 1536w, https:\/\/www.dinardemeraudetourisme.com\/app\/uploads\/2024\/04\/marches-de-dinard-.lamoureux-4-scaled-1950x1300-1-20x13.jpg 20w, https:\/\/www.dinardemeraudetourisme.com\/app\/uploads\/2024\/04\/marches-de-dinard-.lamoureux-4-scaled-1950x1300-1-50x33.jpg 50w, https:\/\/www.dinardemeraudetourisme.com\/app\/uploads\/2024\/04\/marches-de-dinard-.lamoureux-4-scaled-1950x1300-1-45x30.jpg 45w, https:\/\/www.dinardemeraudetourisme.com\/app\/uploads\/2024\/04\/marches-de-dinard-.lamoureux-4-scaled-1950x1300-1-60x40.jpg 60w, https:\/\/www.dinardemeraudetourisme.com\/app\/uploads\/2024\/04\/marches-de-dinard-.lamoureux-4-scaled-1950x1300-1-80x53.jpg 80w, https:\/\/www.dinardemeraudetourisme.com\/app\/uploads\/2024\/04\/marches-de-dinard-.lamoureux-4-scaled-1950x1300-1-110x73.jpg 110w, https:\/\/www.dinardemeraudetourisme.com\/app\/uploads\/2024\/04\/marches-de-dinard-.lamoureux-4-scaled-1950x1300-1-160x107.jpg 160w, https:\/\/www.dinardemeraudetourisme.com\/app\/uploads\/2024\/04\/marches-de-dinard-.lamoureux-4-scaled-1950x1300-1-250x167.jpg 250w, https:\/\/www.dinardemeraudetourisme.com\/app\/uploads\/2024\/04\/marches-de-dinard-.lamoureux-4-scaled-1950x1300-1-1200x800.jpg 1200w, https:\/\/www.dinardemeraudetourisme.com\/app\/uploads\/2024\/04\/marches-de-dinard-.lamoureux-4-scaled-1950x1300-1-1800x1200.jpg 1800w, https:\/\/www.dinardemeraudetourisme.com\/app\/uploads\/2024\/04\/marches-de-dinard-.lamoureux-4-scaled-1950x1300-1.jpg 1950w\" sizes=\"auto, (max-width: 1024px) 100vw, 1024px\" \/><\/figure>\n\n\n\n<h2 class=\"wp-block-heading\"><br>Wie kommt man zum Markt in Dinard?<\/h2>\n\n\n\n<h3 class=\"wp-block-heading\">Ohne Auto anreisen<\/h3>\n\n\n\n<p>Der Markt von Dinard ist mit dem Bus \u00fcber das BreizhGo-Netz erreichbar:<\/p>\n\n\n\n<ul class=\"wp-block-list\">\n<li>Ab <strong>Saint-Malo<\/strong> mit der Linie 516: Haltestellen <em>M\u00e9diath\u00e8que<\/em> oder <em>Office de Tourisme<\/em><\/li>\n\n\n\n<li>Ab <strong>Saint-Lunaire<\/strong> und <strong>Saint-Briac-sur-Mer<\/strong> mit der Linie 516: Haltestelle <em>M\u00e9diath\u00e8que<\/em><\/li>\n\n\n\n<li>Ab <strong>Rennes<\/strong>, <strong>Dinan<\/strong>, <strong>Tr\u00e9m\u00e9reuc<\/strong> und <strong>Pleurtuit<\/strong> mit der Linie 507: Haltestellen <em>M\u00e9diath\u00e8que<\/em> oder <em>Office de Tourisme<\/em><\/li>\n<\/ul>\n\n\n\n<p>Sie k\u00f6nnen auch mit dem Fahrrad zum Markt in Dinard fahren \u2013 eine Beschilderung f\u00fchrt Sie ab dem gr\u00fcnen Radweg (voie verte) zum Markt. Au\u00dferdem stehen sichere Fahrradboxen auf dem Parkplatz <em>Rue Rapha\u00ebl Veil<\/em> (100 Meter entfernt) zur Verf\u00fcgung.<\/p>\n\n\n\n<h3 class=\"wp-block-heading\"><br>Wo kann man parken?<\/h3>\n\n\n\n<p>Zwei Parkpl\u00e4tze befinden sich direkt neben der <strong>Esplanade des Halles<\/strong> mit insgesamt 500 Stellpl\u00e4tzen:<\/p>\n\n\n\n<ul class=\"wp-block-list\">\n<li><strong>Parkplatz Rapha\u00ebl Veil<\/strong> (kostenlos von September bis Juni)<\/li>\n\n\n\n<li><strong>Tiefgarage Halles<\/strong> (geb\u00fchrenpflichtig)<\/li>\n<\/ul>\n\n\n\n<h2 class=\"wp-block-heading\"><br>Andere M\u00e4rkte an der Smaragdk\u00fcste<\/h2>\n\n\n\n<h4 class=\"wp-block-heading\">Montag<\/h4>\n\n\n\n<ul class=\"wp-block-list\">\n<li>Saint-Briac-sur-Mer (im Juli-August)<\/li>\n<\/ul>\n\n\n\n<h4 class=\"wp-block-heading\">Dienstag<\/h4>\n\n\n\n<ul class=\"wp-block-list\">\n<li>Launchy<\/li>\n<\/ul>\n\n\n\n<h4 class=\"wp-block-heading\">Mittwoch<\/h4>\n\n\n\n<ul class=\"wp-block-list\">\n<li>La Richardais<\/li>\n<\/ul>\n\n\n\n<h4 class=\"wp-block-heading\">Freitag<\/h4>\n\n\n\n<ul class=\"wp-block-list\">\n<li>Saint-Briac-sur-Mer<\/li>\n\n\n\n<li>Pleurtuit<\/li>\n<\/ul>\n\n\n\n<h4 class=\"wp-block-heading\">Sonntag<\/h4>\n\n\n\n<ul class=\"wp-block-list\">\n<li>Saint-Lunaire<\/li>\n\n\n\n<li>Pleurtuit<\/li>\n<\/ul>\n","protected":false},"excerpt":{"rendered":"<p>Die Dinard-M\u00e4rkte geh\u00f6ren zu den bekanntesten in der Region! Machen Sie w\u00e4hrend Ihres Urlaubs einen Ausflug dorthin! Esplanade de la Halle Entdecken Sie den Markt&nbsp;&nbsp;von Dinard&nbsp;, einen der gr\u00f6\u00dften in der Region. Au\u00dferdem ist es das ganze Jahr \u00fcber ge\u00f6ffnet! Der Markt findet das ganze Jahr \u00fcber jeden Dienstag-, Donnerstag- und Samstagmorgen auf der Esplanade [&hellip;]<\/p>\n","protected":false},"author":1,"featured_media":1917,"parent":12196,"menu_order":0,"comment_status":"closed","ping_status":"closed","template":"template-header-large.php","meta":{"_acf_changed":false,"footnotes":""},"class_list":["post-12200","page","type-page","status-publish","has-post-thumbnail","hentry"],"acf":[],"yoast_head":"<!-- This site is optimized with the Yoast SEO plugin v27.1.1 - https:\/\/yoast.com\/product\/yoast-seo-wordpress\/ -->\n<title>M\u00e4rkte in Dinard - Dinard \u00c9meraude Tourisme<\/title>\n<meta name=\"robots\" content=\"index, follow, max-snippet:-1, max-image-preview:large, max-video-preview:-1\" \/>\n<link rel=\"canonical\" href=\"https:\/\/www.dinardemeraudetourisme.com\/de\/sehenswertes-und-aktivitaeten\/maerkte-und-flohmaerkte\/maerkte-in-dinard\/\" \/>\n<meta property=\"og:locale\" content=\"de_DE\" \/>\n<meta property=\"og:type\" content=\"article\" \/>\n<meta property=\"og:title\" content=\"M\u00e4rkte in Dinard - Dinard \u00c9meraude Tourisme\" \/>\n<meta property=\"og:description\" content=\"Die Dinard-M\u00e4rkte geh\u00f6ren zu den bekanntesten in der Region! Machen Sie w\u00e4hrend Ihres Urlaubs einen Ausflug dorthin! Esplanade de la Halle Entdecken Sie den Markt&nbsp;&nbsp;von Dinard&nbsp;, einen der gr\u00f6\u00dften in der Region. Au\u00dferdem ist es das ganze Jahr \u00fcber ge\u00f6ffnet! Der Markt findet das ganze Jahr \u00fcber jeden Dienstag-, Donnerstag- und Samstagmorgen auf der Esplanade [&hellip;]\" \/>\n<meta property=\"og:url\" content=\"https:\/\/www.dinardemeraudetourisme.com\/de\/sehenswertes-und-aktivitaeten\/maerkte-und-flohmaerkte\/maerkte-in-dinard\/\" \/>\n<meta property=\"og:site_name\" content=\"Dinard \u00c9meraude Tourisme\" \/>\n<meta property=\"article:modified_time\" content=\"2025-06-19T12:15:28+00:00\" \/>\n<meta property=\"og:image\" content=\"https:\/\/www.dinardemeraudetourisme.com\/app\/uploads\/2024\/04\/marches-de-dinard-.lamoureux-3-scaled-1950x1300-1.jpg\" \/>\n\t<meta property=\"og:image:width\" content=\"1950\" \/>\n\t<meta property=\"og:image:height\" content=\"1300\" \/>\n\t<meta property=\"og:image:type\" content=\"image\/jpeg\" \/>\n<meta name=\"twitter:card\" content=\"summary_large_image\" \/>\n<meta name=\"twitter:label1\" content=\"Gesch\u00e4tzte Lesezeit\" \/>\n\t<meta name=\"twitter:data1\" content=\"3 minutes\" \/>\n<script type=\"application\/ld+json\" class=\"yoast-schema-graph\">{\"@context\":\"https:\/\/schema.org\",\"@graph\":[{\"@type\":\"WebPage\",\"@id\":\"https:\/\/www.dinardemeraudetourisme.com\/de\/sehenswertes-und-aktivitaeten\/maerkte-und-flohmaerkte\/maerkte-in-dinard\/\",\"url\":\"https:\/\/www.dinardemeraudetourisme.com\/de\/sehenswertes-und-aktivitaeten\/maerkte-und-flohmaerkte\/maerkte-in-dinard\/\",\"name\":\"M\u00e4rkte in Dinard - Dinard \u00c9meraude Tourisme\",\"isPartOf\":{\"@id\":\"https:\/\/www.dinardemeraudetourisme.com\/de\/#website\"},\"primaryImageOfPage\":{\"@id\":\"https:\/\/www.dinardemeraudetourisme.com\/de\/sehenswertes-und-aktivitaeten\/maerkte-und-flohmaerkte\/maerkte-in-dinard\/#primaryimage\"},\"image\":{\"@id\":\"https:\/\/www.dinardemeraudetourisme.com\/de\/sehenswertes-und-aktivitaeten\/maerkte-und-flohmaerkte\/maerkte-in-dinard\/#primaryimage\"},\"thumbnailUrl\":\"https:\/\/www.dinardemeraudetourisme.com\/app\/uploads\/2024\/04\/marches-de-dinard-.lamoureux-3-scaled-1950x1300-1.jpg\",\"datePublished\":\"2024-04-24T11:17:00+00:00\",\"dateModified\":\"2025-06-19T12:15:28+00:00\",\"breadcrumb\":{\"@id\":\"https:\/\/www.dinardemeraudetourisme.com\/de\/sehenswertes-und-aktivitaeten\/maerkte-und-flohmaerkte\/maerkte-in-dinard\/#breadcrumb\"},\"inLanguage\":\"de-DE\",\"potentialAction\":[{\"@type\":\"ReadAction\",\"target\":[\"https:\/\/www.dinardemeraudetourisme.com\/de\/sehenswertes-und-aktivitaeten\/maerkte-und-flohmaerkte\/maerkte-in-dinard\/\"]}]},{\"@type\":\"ImageObject\",\"inLanguage\":\"de-DE\",\"@id\":\"https:\/\/www.dinardemeraudetourisme.com\/de\/sehenswertes-und-aktivitaeten\/maerkte-und-flohmaerkte\/maerkte-in-dinard\/#primaryimage\",\"url\":\"https:\/\/www.dinardemeraudetourisme.com\/app\/uploads\/2024\/04\/marches-de-dinard-.lamoureux-3-scaled-1950x1300-1.jpg\",\"contentUrl\":\"https:\/\/www.dinardemeraudetourisme.com\/app\/uploads\/2024\/04\/marches-de-dinard-.lamoureux-3-scaled-1950x1300-1.jpg\",\"width\":1950,\"height\":1300,\"caption\":\"All\u00e9e du march\u00e9 de Dinard. Des passants font leurs emplettes sous le soleil au march\u00e9 de Dinard. L'un des plus grands de la C\u00f4te d'\u00c9meraude, il a lieu le mardi, le jeudi et le samedi.\"},{\"@type\":\"WebSite\",\"@id\":\"https:\/\/www.dinardemeraudetourisme.com\/de\/#website\",\"url\":\"https:\/\/www.dinardemeraudetourisme.com\/de\/\",\"name\":\"Dinard \u00c9meraude Tourisme\",\"description\":\"\",\"potentialAction\":[{\"@type\":\"SearchAction\",\"target\":{\"@type\":\"EntryPoint\",\"urlTemplate\":\"https:\/\/www.dinardemeraudetourisme.com\/de\/?s={search_term_string}\"},\"query-input\":{\"@type\":\"PropertyValueSpecification\",\"valueRequired\":true,\"valueName\":\"search_term_string\"}}],\"inLanguage\":\"de-DE\"}]}<\/script>\n<!-- \/ Yoast SEO plugin. -->","yoast_head_json":{"title":"M\u00e4rkte in Dinard - Dinard \u00c9meraude Tourisme","robots":{"index":"index","follow":"follow","max-snippet":"max-snippet:-1","max-image-preview":"max-image-preview:large","max-video-preview":"max-video-preview:-1"},"canonical":"https:\/\/www.dinardemeraudetourisme.com\/de\/sehenswertes-und-aktivitaeten\/maerkte-und-flohmaerkte\/maerkte-in-dinard\/","og_locale":"de_DE","og_type":"article","og_title":"M\u00e4rkte in Dinard - Dinard \u00c9meraude Tourisme","og_description":"Die Dinard-M\u00e4rkte geh\u00f6ren zu den bekanntesten in der Region! Machen Sie w\u00e4hrend Ihres Urlaubs einen Ausflug dorthin! Esplanade de la Halle Entdecken Sie den Markt&nbsp;&nbsp;von Dinard&nbsp;, einen der gr\u00f6\u00dften in der Region. Au\u00dferdem ist es das ganze Jahr \u00fcber ge\u00f6ffnet! Der Markt findet das ganze Jahr \u00fcber jeden Dienstag-, Donnerstag- und Samstagmorgen auf der Esplanade [&hellip;]","og_url":"https:\/\/www.dinardemeraudetourisme.com\/de\/sehenswertes-und-aktivitaeten\/maerkte-und-flohmaerkte\/maerkte-in-dinard\/","og_site_name":"Dinard \u00c9meraude Tourisme","article_modified_time":"2025-06-19T12:15:28+00:00","og_image":[{"width":1950,"height":1300,"url":"https:\/\/www.dinardemeraudetourisme.com\/app\/uploads\/2024\/04\/marches-de-dinard-.lamoureux-3-scaled-1950x1300-1.jpg","type":"image\/jpeg"}],"twitter_card":"summary_large_image","twitter_misc":{"Gesch\u00e4tzte Lesezeit":"3 minutes"},"schema":{"@context":"https:\/\/schema.org","@graph":[{"@type":"WebPage","@id":"https:\/\/www.dinardemeraudetourisme.com\/de\/sehenswertes-und-aktivitaeten\/maerkte-und-flohmaerkte\/maerkte-in-dinard\/","url":"https:\/\/www.dinardemeraudetourisme.com\/de\/sehenswertes-und-aktivitaeten\/maerkte-und-flohmaerkte\/maerkte-in-dinard\/","name":"M\u00e4rkte in Dinard - Dinard \u00c9meraude Tourisme","isPartOf":{"@id":"https:\/\/www.dinardemeraudetourisme.com\/de\/#website"},"primaryImageOfPage":{"@id":"https:\/\/www.dinardemeraudetourisme.com\/de\/sehenswertes-und-aktivitaeten\/maerkte-und-flohmaerkte\/maerkte-in-dinard\/#primaryimage"},"image":{"@id":"https:\/\/www.dinardemeraudetourisme.com\/de\/sehenswertes-und-aktivitaeten\/maerkte-und-flohmaerkte\/maerkte-in-dinard\/#primaryimage"},"thumbnailUrl":"https:\/\/www.dinardemeraudetourisme.com\/app\/uploads\/2024\/04\/marches-de-dinard-.lamoureux-3-scaled-1950x1300-1.jpg","datePublished":"2024-04-24T11:17:00+00:00","dateModified":"2025-06-19T12:15:28+00:00","breadcrumb":{"@id":"https:\/\/www.dinardemeraudetourisme.com\/de\/sehenswertes-und-aktivitaeten\/maerkte-und-flohmaerkte\/maerkte-in-dinard\/#breadcrumb"},"inLanguage":"de-DE","potentialAction":[{"@type":"ReadAction","target":["https:\/\/www.dinardemeraudetourisme.com\/de\/sehenswertes-und-aktivitaeten\/maerkte-und-flohmaerkte\/maerkte-in-dinard\/"]}]},{"@type":"ImageObject","inLanguage":"de-DE","@id":"https:\/\/www.dinardemeraudetourisme.com\/de\/sehenswertes-und-aktivitaeten\/maerkte-und-flohmaerkte\/maerkte-in-dinard\/#primaryimage","url":"https:\/\/www.dinardemeraudetourisme.com\/app\/uploads\/2024\/04\/marches-de-dinard-.lamoureux-3-scaled-1950x1300-1.jpg","contentUrl":"https:\/\/www.dinardemeraudetourisme.com\/app\/uploads\/2024\/04\/marches-de-dinard-.lamoureux-3-scaled-1950x1300-1.jpg","width":1950,"height":1300,"caption":"All\u00e9e du march\u00e9 de Dinard. Des passants font leurs emplettes sous le soleil au march\u00e9 de Dinard. L'un des plus grands de la C\u00f4te d'\u00c9meraude, il a lieu le mardi, le jeudi et le samedi."},{"@type":"WebSite","@id":"https:\/\/www.dinardemeraudetourisme.com\/de\/#website","url":"https:\/\/www.dinardemeraudetourisme.com\/de\/","name":"Dinard \u00c9meraude Tourisme","description":"","potentialAction":[{"@type":"SearchAction","target":{"@type":"EntryPoint","urlTemplate":"https:\/\/www.dinardemeraudetourisme.com\/de\/?s={search_term_string}"},"query-input":{"@type":"PropertyValueSpecification","valueRequired":true,"valueName":"search_term_string"}}],"inLanguage":"de-DE"}]}},"_links":{"self":[{"href":"https:\/\/www.dinardemeraudetourisme.com\/de\/wp-json\/wp\/v2\/pages\/12200","targetHints":{"allow":["GET"]}}],"collection":[{"href":"https:\/\/www.dinardemeraudetourisme.com\/de\/wp-json\/wp\/v2\/pages"}],"about":[{"href":"https:\/\/www.dinardemeraudetourisme.com\/de\/wp-json\/wp\/v2\/types\/page"}],"author":[{"embeddable":true,"href":"https:\/\/www.dinardemeraudetourisme.com\/de\/wp-json\/wp\/v2\/users\/1"}],"replies":[{"embeddable":true,"href":"https:\/\/www.dinardemeraudetourisme.com\/de\/wp-json\/wp\/v2\/comments?post=12200"}],"version-history":[{"count":6,"href":"https:\/\/www.dinardemeraudetourisme.com\/de\/wp-json\/wp\/v2\/pages\/12200\/revisions"}],"predecessor-version":[{"id":17825,"href":"https:\/\/www.dinardemeraudetourisme.com\/de\/wp-json\/wp\/v2\/pages\/12200\/revisions\/17825"}],"up":[{"embeddable":true,"href":"https:\/\/www.dinardemeraudetourisme.com\/de\/wp-json\/wp\/v2\/pages\/12196"}],"wp:featuredmedia":[{"embeddable":true,"href":"https:\/\/www.dinardemeraudetourisme.com\/de\/wp-json\/wp\/v2\/media\/1917"}],"wp:attachment":[{"href":"https:\/\/www.dinardemeraudetourisme.com\/de\/wp-json\/wp\/v2\/media?parent=12200"}],"curies":[{"name":"wp","href":"https:\/\/api.w.org\/{rel}","templated":true}]}}