{"id":12029,"date":"2024-04-24T13:09:43","date_gmt":"2024-04-24T11:09:43","guid":{"rendered":"https:\/\/www.dinardemeraudetourisme.com?page_id=12029"},"modified":"2025-01-26T17:34:39","modified_gmt":"2025-01-26T16:34:39","slug":"workshops","status":"publish","type":"page","link":"https:\/\/www.dinardemeraudetourisme.com\/de\/sehenswertes-und-aktivitaeten\/kultur-und-freizeit\/workshops\/","title":{"rendered":"Workshops"},"content":{"rendered":"\n<p>Nutzen Sie Ihren Urlaub, um mit unseren Workshops eine neue Aktivit\u00e4t auszuprobieren oder zu meistern! Segeln, Basteln, Wellness \u2013 Sie haben die Wahl!<\/p>\n\n\n\n<p>G\u00f6nnen Sie Ihren Kindern einen einw\u00f6chigen Segel-Workshop in&nbsp;<a href=\"https:\/\/www.dinardemeraudetourisme.com\/de\/erkunden\/8-paradiese-der-emeraude\/entdecken-sie-saint-lunaire\/\">Saint-Lunaire<\/a>&nbsp;und schaffen Sie unvergessliche Erinnerungen f\u00fcrs Leben. Entdecken Sie Keramik und Mosaike in&nbsp;<a href=\"https:\/\/www.dinardemeraudetourisme.com\/de\/erkunden\/8-paradiese-der-emeraude\/entdecken-sie-lancieux\/\">Lancieux<\/a>&nbsp;und lassen Sie Ihrer Kreativit\u00e4t freien Lauf. Und nutzen Sie Ihren Urlaub zum Entspannen und Abschalten bei Yoga oder Sophrologie in der atemberaubenden Umgebung der Smaragdk\u00fcste.<\/p>\n\n\n\n<p>Nachfolgend finden Sie unsere Auswahl.<\/p>\n\n\n<section class=\"acf cards-grid align wp-block-acf-cards-grid\" id=\"block_05158bcfc7311d7b20fa62d02c68b6c8\">\n\t<div class=\"container\">\n\t\t\t\t\t\t\t\t\t\t\t<div class=\"cards odd-grid\">\n\t\t\t\t\t\t\t\t\t\t\t\t<div class=\"card swiper-slide hover-active\">\n\t\t\t\t\t\t\t\t\t\t\t\t\t<div class=\"background-image\">\n\t\t\t\t\t\t\t\t<picture>\n\t\t\t\t\t\t\t\t\t<source type=\"image\/webp\" srcset=\"https:\/\/www.dinardemeraudetourisme.com\/app\/uploads\/2024\/04\/sensation-bretagne-dinard-sport-nautique-studio-jezequel-2023-1024x683.webp, https:\/\/www.dinardemeraudetourisme.com\/app\/uploads\/2024\/04\/sensation-bretagne-dinard-sport-nautique-studio-jezequel-2023-1024x683@2x.webp 2x\" media=\"(max-width: 425px)\">\n\t\t\t\t\t\t\t\t\t<source type=\"image\/jpeg\" srcset=\"https:\/\/www.dinardemeraudetourisme.com\/app\/uploads\/2024\/04\/sensation-bretagne-dinard-sport-nautique-studio-jezequel-2023-1024x683.jpg, https:\/\/www.dinardemeraudetourisme.com\/app\/uploads\/2024\/04\/sensation-bretagne-dinard-sport-nautique-studio-jezequel-2023-1024x683@2x.jpg 2x\" media=\"(max-width: 425px)\">\n\t\t\t\t\t\t\t\t\t<source type=\"image\/webp\" srcset=\"https:\/\/www.dinardemeraudetourisme.com\/app\/uploads\/2024\/04\/sensation-bretagne-dinard-sport-nautique-studio-jezequel-2023-1024x683.webp, https:\/\/www.dinardemeraudetourisme.com\/app\/uploads\/2024\/04\/sensation-bretagne-dinard-sport-nautique-studio-jezequel-2023-1024x683@2x.webp 2x\">\n\t\t\t\t\t\t\t\t\t<source type=\"image\/jpeg\" srcset=\"https:\/\/www.dinardemeraudetourisme.com\/app\/uploads\/2024\/04\/sensation-bretagne-dinard-sport-nautique-studio-jezequel-2023-1024x683.jpg, https:\/\/www.dinardemeraudetourisme.com\/app\/uploads\/2024\/04\/sensation-bretagne-dinard-sport-nautique-studio-jezequel-2023-1024x683@2x.jpg 2x\" media=\"(min-width: 426px)\">\n\t\t\t\t\t\t\t\t\t<img fetchpriority=\"high\" decoding=\"async\" loading=\"eager\" src=\"https:\/\/www.dinardemeraudetourisme.com\/app\/uploads\/2024\/04\/sensation-bretagne-dinard-sport-nautique-studio-jezequel-2023-1024x683.jpg\" alt=\"Une famille tient la barre d'un voilier dans la baie de Dinard. La C\u00f4te d'\u00c9meraude est un terrain de jeu parfait pour les amateurs d'activit\u00e9s nautiques en Bretagne.\" width=\"360\" height=\"600\"\/>\n\t\t\t\t\t\t\t\t<\/picture>\n\t\t\t\t\t\t\t<\/div>\n\t\t\t\t\t\t\t\t\t\t\t\t<div class=\"content\">\n\t\t\t\t\t\t\t<div class=\"inner\">\n\t\t\t\t\t\t\t\t\t\t\t\t\t\t\t\t\t\t\t\t\t\t\t\t\t<h5 class=\"titre\">Wasserbasierter Workshop<\/h5>\n\t\t\t\t\t\t\t\t\t\t\t\t\t\t\t\t\t\t\t\t\t\t\t\t\t\t\t\t\t\t\t\t\t<span class=\"btn-arrow\">Entdecken<\/span>\n\t\t\t\t\t\t\t\t\t\t\t\t\t\t\t<\/div>\n\t\t\t\t\t\t<\/div>\n\t\t\t\t\t\t\t\t\t\t\t\t\t<a href=\"https:\/\/www.dinardemeraudetourisme.com\/de\/sehenswertes-und-aktivitaeten\/kultur-und-freizeit\/workshops\/wassersportkurse\/\" target=\"\" class=\"lien\">EntdeckenWasserbasierter Workshop<\/a>\n\t\t\t\t\t\t\t\t\t\t\t<\/div>\n\t\t\t\t\t\t\t\t\t<div class=\"card swiper-slide hover-active\">\n\t\t\t\t\t\t\t\t\t\t\t\t\t<div class=\"background-image\">\n\t\t\t\t\t\t\t\t<picture>\n\t\t\t\t\t\t\t\t\t<source type=\"image\/webp\" srcset=\"https:\/\/www.dinardemeraudetourisme.com\/app\/uploads\/2024\/05\/poterie-de-sandra-corseul.webp, https:\/\/www.dinardemeraudetourisme.com\/app\/uploads\/2024\/05\/poterie-de-sandra-corseul@2x.webp 2x\" media=\"(max-width: 425px)\">\n\t\t\t\t\t\t\t\t\t<source type=\"image\/jpeg\" srcset=\"https:\/\/www.dinardemeraudetourisme.com\/app\/uploads\/2024\/05\/poterie-de-sandra-corseul.jpg, https:\/\/www.dinardemeraudetourisme.com\/app\/uploads\/2024\/05\/poterie-de-sandra-corseul@2x.jpg 2x\" media=\"(max-width: 425px)\">\n\t\t\t\t\t\t\t\t\t<source type=\"image\/webp\" srcset=\"https:\/\/www.dinardemeraudetourisme.com\/app\/uploads\/2024\/05\/poterie-de-sandra-corseul.webp, https:\/\/www.dinardemeraudetourisme.com\/app\/uploads\/2024\/05\/poterie-de-sandra-corseul@2x.webp 2x\">\n\t\t\t\t\t\t\t\t\t<source type=\"image\/jpeg\" srcset=\"https:\/\/www.dinardemeraudetourisme.com\/app\/uploads\/2024\/05\/poterie-de-sandra-corseul.jpg, https:\/\/www.dinardemeraudetourisme.com\/app\/uploads\/2024\/05\/poterie-de-sandra-corseul@2x.jpg 2x\" media=\"(min-width: 426px)\">\n\t\t\t\t\t\t\t\t\t<img decoding=\"async\" loading=\"eager\" src=\"https:\/\/www.dinardemeraudetourisme.com\/app\/uploads\/2024\/05\/poterie-de-sandra-corseul.jpg\" alt=\"La poterie de Sandra\" width=\"360\" height=\"600\"\/>\n\t\t\t\t\t\t\t\t<\/picture>\n\t\t\t\t\t\t\t<\/div>\n\t\t\t\t\t\t\t\t\t\t\t\t<div class=\"content\">\n\t\t\t\t\t\t\t<div class=\"inner\">\n\t\t\t\t\t\t\t\t\t\t\t\t\t\t\t\t\t\t\t\t\t\t\t\t\t<h5 class=\"titre\">Workshops f\u00fcr kreative Freizeitgestaltung<\/h5>\n\t\t\t\t\t\t\t\t\t\t\t\t\t\t\t\t\t\t\t\t\t\t\t\t\t\t\t\t\t\t\t\t\t<span class=\"btn-arrow\">Entdecken<\/span>\n\t\t\t\t\t\t\t\t\t\t\t\t\t\t\t<\/div>\n\t\t\t\t\t\t<\/div>\n\t\t\t\t\t\t\t\t\t\t\t\t\t<a href=\"https:\/\/www.dinardemeraudetourisme.com\/de\/sehenswertes-und-aktivitaeten\/kultur-und-freizeit\/workshops\/workshops-fuer-kreative-freizeitgestaltung\/\" target=\"\" class=\"lien\">EntdeckenWorkshops f\u00fcr kreative Freizeitgestaltung<\/a>\n\t\t\t\t\t\t\t\t\t\t\t<\/div>\n\t\t\t\t\t\t\t\t\t<div class=\"card swiper-slide hover-active\">\n\t\t\t\t\t\t\t\t\t\t\t\t\t<div class=\"background-image\">\n\t\t\t\t\t\t\t\t<picture>\n\t\t\t\t\t\t\t\t\t<source type=\"image\/webp\" srcset=\"https:\/\/www.dinardemeraudetourisme.com\/app\/uploads\/2024\/04\/piano-a-noel-683x1024.webp, https:\/\/www.dinardemeraudetourisme.com\/app\/uploads\/2024\/04\/piano-a-noel-683x1024@2x.webp 2x\" media=\"(max-width: 425px)\">\n\t\t\t\t\t\t\t\t\t<source type=\"image\/jpeg\" srcset=\"https:\/\/www.dinardemeraudetourisme.com\/app\/uploads\/2024\/04\/piano-a-noel-683x1024.jpg, https:\/\/www.dinardemeraudetourisme.com\/app\/uploads\/2024\/04\/piano-a-noel-683x1024@2x.jpg 2x\" media=\"(max-width: 425px)\">\n\t\t\t\t\t\t\t\t\t<source type=\"image\/webp\" srcset=\"https:\/\/www.dinardemeraudetourisme.com\/app\/uploads\/2024\/04\/piano-a-noel-683x1024.webp, https:\/\/www.dinardemeraudetourisme.com\/app\/uploads\/2024\/04\/piano-a-noel-683x1024@2x.webp 2x\">\n\t\t\t\t\t\t\t\t\t<source type=\"image\/jpeg\" srcset=\"https:\/\/www.dinardemeraudetourisme.com\/app\/uploads\/2024\/04\/piano-a-noel-683x1024.jpg, https:\/\/www.dinardemeraudetourisme.com\/app\/uploads\/2024\/04\/piano-a-noel-683x1024@2x.jpg 2x\" media=\"(min-width: 426px)\">\n\t\t\t\t\t\t\t\t\t<img decoding=\"async\" loading=\"eager\" src=\"https:\/\/www.dinardemeraudetourisme.com\/app\/uploads\/2024\/04\/piano-a-noel-683x1024.jpg\" alt=\"Un enfant est assis \u00e0 un piano et joue avec l'aide d'un adulte dont on ne voit que les bras.\" width=\"360\" height=\"600\"\/>\n\t\t\t\t\t\t\t\t<\/picture>\n\t\t\t\t\t\t\t<\/div>\n\t\t\t\t\t\t\t\t\t\t\t\t<div class=\"content\">\n\t\t\t\t\t\t\t<div class=\"inner\">\n\t\t\t\t\t\t\t\t\t\t\t\t\t\t\t\t\t\t\t\t\t\t\t\t\t<h5 class=\"titre\">Kulturelle Workshops<\/h5>\n\t\t\t\t\t\t\t\t\t\t\t\t\t\t\t\t\t\t\t\t\t\t\t\t\t\t\t\t\t\t\t\t\t<span class=\"btn-arrow\">Entdecken<\/span>\n\t\t\t\t\t\t\t\t\t\t\t\t\t\t\t<\/div>\n\t\t\t\t\t\t<\/div>\n\t\t\t\t\t\t\t\t\t\t\t\t\t<a href=\"https:\/\/www.dinardemeraudetourisme.com\/de\/sehenswertes-und-aktivitaeten\/kultur-und-freizeit\/workshops\/kulturelle-workshops\/\" target=\"\" class=\"lien\">EntdeckenKulturelle Workshops<\/a>\n\t\t\t\t\t\t\t\t\t\t\t<\/div>\n\t\t\t\t\t\t\t\t\t<div class=\"card swiper-slide hover-active\">\n\t\t\t\t\t\t\t\t\t\t\t\t\t<div class=\"background-image\">\n\t\t\t\t\t\t\t\t<picture>\n\t\t\t\t\t\t\t\t\t<source type=\"image\/webp\" srcset=\"https:\/\/www.dinardemeraudetourisme.com\/app\/uploads\/2024\/05\/namasta-yoga.webp, https:\/\/www.dinardemeraudetourisme.com\/app\/uploads\/2024\/05\/namasta-yoga@2x.webp 2x\" media=\"(max-width: 425px)\">\n\t\t\t\t\t\t\t\t\t<source type=\"image\/jpeg\" srcset=\"https:\/\/www.dinardemeraudetourisme.com\/app\/uploads\/2024\/05\/namasta-yoga.jpg, https:\/\/www.dinardemeraudetourisme.com\/app\/uploads\/2024\/05\/namasta-yoga@2x.jpg 2x\" media=\"(max-width: 425px)\">\n\t\t\t\t\t\t\t\t\t<source type=\"image\/webp\" srcset=\"https:\/\/www.dinardemeraudetourisme.com\/app\/uploads\/2024\/05\/namasta-yoga.webp, https:\/\/www.dinardemeraudetourisme.com\/app\/uploads\/2024\/05\/namasta-yoga@2x.webp 2x\">\n\t\t\t\t\t\t\t\t\t<source type=\"image\/jpeg\" srcset=\"https:\/\/www.dinardemeraudetourisme.com\/app\/uploads\/2024\/05\/namasta-yoga.jpg, https:\/\/www.dinardemeraudetourisme.com\/app\/uploads\/2024\/05\/namasta-yoga@2x.jpg 2x\" media=\"(min-width: 426px)\">\n\t\t\t\t\t\t\t\t\t<img decoding=\"async\" loading=\"eager\" src=\"https:\/\/www.dinardemeraudetourisme.com\/app\/uploads\/2024\/05\/namasta-yoga.jpg\" alt=\"Namasta Yoga.\" width=\"360\" height=\"600\"\/>\n\t\t\t\t\t\t\t\t<\/picture>\n\t\t\t\t\t\t\t<\/div>\n\t\t\t\t\t\t\t\t\t\t\t\t<div class=\"content\">\n\t\t\t\t\t\t\t<div class=\"inner\">\n\t\t\t\t\t\t\t\t\t\t\t\t\t\t\t\t\t\t\t\t\t\t\t\t\t<h5 class=\"titre\">Wellness-Kurse<\/h5>\n\t\t\t\t\t\t\t\t\t\t\t\t\t\t\t\t\t\t\t\t\t\t\t\t\t\t\t\t\t\t\t\t\t<span class=\"btn-arrow\">Entdecken<\/span>\n\t\t\t\t\t\t\t\t\t\t\t\t\t\t\t<\/div>\n\t\t\t\t\t\t<\/div>\n\t\t\t\t\t\t\t\t\t\t\t\t\t<a href=\"https:\/\/www.dinardemeraudetourisme.com\/de\/sehenswertes-und-aktivitaeten\/kultur-und-freizeit\/workshops\/wellness-kurse\/\" target=\"\" class=\"lien\">EntdeckenWellness-Kurse<\/a>\n\t\t\t\t\t\t\t\t\t\t\t<\/div>\n\t\t\t\t\t\t\t\t\t<div class=\"card swiper-slide hover-active\">\n\t\t\t\t\t\t\t\t\t\t\t\t\t<div class=\"background-image\">\n\t\t\t\t\t\t\t\t<picture>\n\t\t\t\t\t\t\t\t\t<source type=\"image\/webp\" srcset=\"https:\/\/www.dinardemeraudetourisme.com\/app\/uploads\/2024\/04\/golf-gaea-lancieux-golfeurs-vue-mer.webp, https:\/\/www.dinardemeraudetourisme.com\/app\/uploads\/2024\/04\/golf-gaea-lancieux-golfeurs-vue-mer@2x.webp 2x\" media=\"(max-width: 425px)\">\n\t\t\t\t\t\t\t\t\t<source type=\"image\/jpeg\" srcset=\"https:\/\/www.dinardemeraudetourisme.com\/app\/uploads\/2024\/04\/golf-gaea-lancieux-golfeurs-vue-mer.jpg, https:\/\/www.dinardemeraudetourisme.com\/app\/uploads\/2024\/04\/golf-gaea-lancieux-golfeurs-vue-mer@2x.jpg 2x\" media=\"(max-width: 425px)\">\n\t\t\t\t\t\t\t\t\t<source type=\"image\/webp\" srcset=\"https:\/\/www.dinardemeraudetourisme.com\/app\/uploads\/2024\/04\/golf-gaea-lancieux-golfeurs-vue-mer.webp, https:\/\/www.dinardemeraudetourisme.com\/app\/uploads\/2024\/04\/golf-gaea-lancieux-golfeurs-vue-mer@2x.webp 2x\">\n\t\t\t\t\t\t\t\t\t<source type=\"image\/jpeg\" srcset=\"https:\/\/www.dinardemeraudetourisme.com\/app\/uploads\/2024\/04\/golf-gaea-lancieux-golfeurs-vue-mer.jpg, https:\/\/www.dinardemeraudetourisme.com\/app\/uploads\/2024\/04\/golf-gaea-lancieux-golfeurs-vue-mer@2x.jpg 2x\" media=\"(min-width: 426px)\">\n\t\t\t\t\t\t\t\t\t<img decoding=\"async\" loading=\"eager\" src=\"https:\/\/www.dinardemeraudetourisme.com\/app\/uploads\/2024\/04\/golf-gaea-lancieux-golfeurs-vue-mer.jpg\" alt=\"Des golfeurs font une partie sur le parcours de GAEA Golf de Lancieux, magnifique green avec vue mer sur la C\u00f4te d'\u00c9meraude.\" width=\"360\" height=\"600\"\/>\n\t\t\t\t\t\t\t\t<\/picture>\n\t\t\t\t\t\t\t<\/div>\n\t\t\t\t\t\t\t\t\t\t\t\t<div class=\"content\">\n\t\t\t\t\t\t\t<div class=\"inner\">\n\t\t\t\t\t\t\t\t\t\t\t\t\t\t\t\t\t\t\t\t\t\t\t\t\t<h5 class=\"titre\">Sportkurse<\/h5>\n\t\t\t\t\t\t\t\t\t\t\t\t\t\t\t\t\t\t\t\t\t\t\t\t\t\t\t\t\t\t\t\t\t<span class=\"btn-arrow\">Entdecken<\/span>\n\t\t\t\t\t\t\t\t\t\t\t\t\t\t\t<\/div>\n\t\t\t\t\t\t<\/div>\n\t\t\t\t\t\t\t\t\t\t\t\t\t<a href=\"https:\/\/www.dinardemeraudetourisme.com\/de\/sehenswertes-und-aktivitaeten\/kultur-und-freizeit\/workshops\/sportkurse\/\" target=\"\" class=\"lien\">EntdeckenSportkurse<\/a>\n\t\t\t\t\t\t\t\t\t\t\t<\/div>\n\t\t\t\t\t\t\t<\/div>\n\t\t\t<\/div>\n<\/section>\n\n\n<p>An der Smaragdk\u00fcste erwartet Sie ein breites Angebot an nautischen, sportlichen, kulturellen und Wellness-Workshops.<\/p>\n\n\n\n<p>Erstens bieten die nautischen Workshops Segel- und Surfunterricht und erm\u00f6glichen so ein vollst\u00e4ndiges Eintauchen in die Meereswelt. Zweitens decken die Sportworkshops eine breite Palette von Aktivit\u00e4ten wie Golf, Tennis und Reiten ab.<\/p>\n\n\n\n<p>Dar\u00fcber hinaus bieten die Kulturworkshops Kreativsitzungen an, bei denen die Teilnehmer ihrem Erfindungsreichtum freien Lauf lassen k\u00f6nnen.<\/p>\n\n\n\n<p>Die Yoga-Workshops bieten ein Wellness- und Entspannungserlebnis am Meer. Kombinieren Sie k\u00f6rperliche \u00dcbungen mit Meditation f\u00fcr ein harmonisches Gleichgewicht von K\u00f6rper und Geist.<\/p>\n\n\n\n<p>Dar\u00fcber hinaus werden diese Workshops von qualifizierten Fachleuten geleitet, wodurch qualitativ hochwertiges Lernen in einer sicheren und einladenden Umgebung gew\u00e4hrleistet wird. Kurz gesagt, ob Sie sich f\u00fcr Wassersport, Wellness oder kulturelle Entdeckungen begeistern, die Fachleute der Emerald Coast bieten ein lohnendes und unvergessliches Erlebnis f\u00fcr alle Niveaus und Interessen.<\/p>\n\n\n\n<p><\/p>\n","protected":false},"excerpt":{"rendered":"<p>Nutzen Sie Ihren Urlaub, um mit unseren Workshops eine neue Aktivit\u00e4t auszuprobieren oder zu meistern! Segeln, Basteln, Wellness \u2013 Sie haben die Wahl! G\u00f6nnen Sie Ihren Kindern einen einw\u00f6chigen Segel-Workshop in&nbsp;Saint-Lunaire&nbsp;und schaffen Sie unvergessliche Erinnerungen f\u00fcrs Leben. Entdecken Sie Keramik und Mosaike in&nbsp;Lancieux&nbsp;und lassen Sie Ihrer Kreativit\u00e4t freien Lauf. Und nutzen Sie Ihren Urlaub zum [&hellip;]<\/p>\n","protected":false},"author":1,"featured_media":3548,"parent":12023,"menu_order":0,"comment_status":"closed","ping_status":"closed","template":"template-header-large.php","meta":{"_acf_changed":false,"footnotes":""},"class_list":["post-12029","page","type-page","status-publish","has-post-thumbnail","hentry"],"acf":[],"yoast_head":"<!-- This site is optimized with the Yoast SEO plugin v27.1.1 - https:\/\/yoast.com\/product\/yoast-seo-wordpress\/ -->\n<title>Workshops - Dinard \u00c9meraude Tourisme<\/title>\n<meta name=\"robots\" content=\"index, follow, max-snippet:-1, max-image-preview:large, max-video-preview:-1\" \/>\n<link rel=\"canonical\" href=\"https:\/\/www.dinardemeraudetourisme.com\/de\/sehenswertes-und-aktivitaeten\/kultur-und-freizeit\/workshops\/\" \/>\n<meta property=\"og:locale\" content=\"de_DE\" \/>\n<meta property=\"og:type\" content=\"article\" \/>\n<meta property=\"og:title\" content=\"Workshops - Dinard \u00c9meraude Tourisme\" \/>\n<meta property=\"og:description\" content=\"Nutzen Sie Ihren Urlaub, um mit unseren Workshops eine neue Aktivit\u00e4t auszuprobieren oder zu meistern! Segeln, Basteln, Wellness \u2013 Sie haben die Wahl! G\u00f6nnen Sie Ihren Kindern einen einw\u00f6chigen Segel-Workshop in&nbsp;Saint-Lunaire&nbsp;und schaffen Sie unvergessliche Erinnerungen f\u00fcrs Leben. Entdecken Sie Keramik und Mosaike in&nbsp;Lancieux&nbsp;und lassen Sie Ihrer Kreativit\u00e4t freien Lauf. Und nutzen Sie Ihren Urlaub zum [&hellip;]\" \/>\n<meta property=\"og:url\" content=\"https:\/\/www.dinardemeraudetourisme.com\/de\/sehenswertes-und-aktivitaeten\/kultur-und-freizeit\/workshops\/\" \/>\n<meta property=\"og:site_name\" content=\"Dinard \u00c9meraude Tourisme\" \/>\n<meta property=\"article:modified_time\" content=\"2025-01-26T16:34:39+00:00\" \/>\n<meta property=\"og:image\" content=\"https:\/\/www.dinardemeraudetourisme.com\/app\/uploads\/2024\/04\/nautisme-p.-contin-scaled.jpg\" \/>\n\t<meta property=\"og:image:width\" content=\"2560\" \/>\n\t<meta property=\"og:image:height\" content=\"1707\" \/>\n\t<meta property=\"og:image:type\" content=\"image\/jpeg\" \/>\n<meta name=\"twitter:card\" content=\"summary_large_image\" \/>\n<meta name=\"twitter:label1\" content=\"Gesch\u00e4tzte Lesezeit\" \/>\n\t<meta name=\"twitter:data1\" content=\"2 minutes\" \/>\n<script type=\"application\/ld+json\" class=\"yoast-schema-graph\">{\"@context\":\"https:\/\/schema.org\",\"@graph\":[{\"@type\":\"WebPage\",\"@id\":\"https:\/\/www.dinardemeraudetourisme.com\/de\/sehenswertes-und-aktivitaeten\/kultur-und-freizeit\/workshops\/\",\"url\":\"https:\/\/www.dinardemeraudetourisme.com\/de\/sehenswertes-und-aktivitaeten\/kultur-und-freizeit\/workshops\/\",\"name\":\"Workshops - Dinard \u00c9meraude Tourisme\",\"isPartOf\":{\"@id\":\"https:\/\/www.dinardemeraudetourisme.com\/de\/#website\"},\"primaryImageOfPage\":{\"@id\":\"https:\/\/www.dinardemeraudetourisme.com\/de\/sehenswertes-und-aktivitaeten\/kultur-und-freizeit\/workshops\/#primaryimage\"},\"image\":{\"@id\":\"https:\/\/www.dinardemeraudetourisme.com\/de\/sehenswertes-und-aktivitaeten\/kultur-und-freizeit\/workshops\/#primaryimage\"},\"thumbnailUrl\":\"https:\/\/www.dinardemeraudetourisme.com\/app\/uploads\/2024\/04\/nautisme-p.-contin-scaled.jpg\",\"datePublished\":\"2024-04-24T11:09:43+00:00\",\"dateModified\":\"2025-01-26T16:34:39+00:00\",\"breadcrumb\":{\"@id\":\"https:\/\/www.dinardemeraudetourisme.com\/de\/sehenswertes-und-aktivitaeten\/kultur-und-freizeit\/workshops\/#breadcrumb\"},\"inLanguage\":\"de-DE\",\"potentialAction\":[{\"@type\":\"ReadAction\",\"target\":[\"https:\/\/www.dinardemeraudetourisme.com\/de\/sehenswertes-und-aktivitaeten\/kultur-und-freizeit\/workshops\/\"]}]},{\"@type\":\"ImageObject\",\"inLanguage\":\"de-DE\",\"@id\":\"https:\/\/www.dinardemeraudetourisme.com\/de\/sehenswertes-und-aktivitaeten\/kultur-und-freizeit\/workshops\/#primaryimage\",\"url\":\"https:\/\/www.dinardemeraudetourisme.com\/app\/uploads\/2024\/04\/nautisme-p.-contin-scaled.jpg\",\"contentUrl\":\"https:\/\/www.dinardemeraudetourisme.com\/app\/uploads\/2024\/04\/nautisme-p.-contin-scaled.jpg\",\"width\":2560,\"height\":1707,\"caption\":\"Optimist -Torbole\"},{\"@type\":\"WebSite\",\"@id\":\"https:\/\/www.dinardemeraudetourisme.com\/de\/#website\",\"url\":\"https:\/\/www.dinardemeraudetourisme.com\/de\/\",\"name\":\"Dinard \u00c9meraude Tourisme\",\"description\":\"\",\"potentialAction\":[{\"@type\":\"SearchAction\",\"target\":{\"@type\":\"EntryPoint\",\"urlTemplate\":\"https:\/\/www.dinardemeraudetourisme.com\/de\/?s={search_term_string}\"},\"query-input\":{\"@type\":\"PropertyValueSpecification\",\"valueRequired\":true,\"valueName\":\"search_term_string\"}}],\"inLanguage\":\"de-DE\"}]}<\/script>\n<!-- \/ Yoast SEO plugin. -->","yoast_head_json":{"title":"Workshops - Dinard \u00c9meraude Tourisme","robots":{"index":"index","follow":"follow","max-snippet":"max-snippet:-1","max-image-preview":"max-image-preview:large","max-video-preview":"max-video-preview:-1"},"canonical":"https:\/\/www.dinardemeraudetourisme.com\/de\/sehenswertes-und-aktivitaeten\/kultur-und-freizeit\/workshops\/","og_locale":"de_DE","og_type":"article","og_title":"Workshops - Dinard \u00c9meraude Tourisme","og_description":"Nutzen Sie Ihren Urlaub, um mit unseren Workshops eine neue Aktivit\u00e4t auszuprobieren oder zu meistern! Segeln, Basteln, Wellness \u2013 Sie haben die Wahl! G\u00f6nnen Sie Ihren Kindern einen einw\u00f6chigen Segel-Workshop in&nbsp;Saint-Lunaire&nbsp;und schaffen Sie unvergessliche Erinnerungen f\u00fcrs Leben. Entdecken Sie Keramik und Mosaike in&nbsp;Lancieux&nbsp;und lassen Sie Ihrer Kreativit\u00e4t freien Lauf. Und nutzen Sie Ihren Urlaub zum [&hellip;]","og_url":"https:\/\/www.dinardemeraudetourisme.com\/de\/sehenswertes-und-aktivitaeten\/kultur-und-freizeit\/workshops\/","og_site_name":"Dinard \u00c9meraude Tourisme","article_modified_time":"2025-01-26T16:34:39+00:00","og_image":[{"width":2560,"height":1707,"url":"https:\/\/www.dinardemeraudetourisme.com\/app\/uploads\/2024\/04\/nautisme-p.-contin-scaled.jpg","type":"image\/jpeg"}],"twitter_card":"summary_large_image","twitter_misc":{"Gesch\u00e4tzte Lesezeit":"2 minutes"},"schema":{"@context":"https:\/\/schema.org","@graph":[{"@type":"WebPage","@id":"https:\/\/www.dinardemeraudetourisme.com\/de\/sehenswertes-und-aktivitaeten\/kultur-und-freizeit\/workshops\/","url":"https:\/\/www.dinardemeraudetourisme.com\/de\/sehenswertes-und-aktivitaeten\/kultur-und-freizeit\/workshops\/","name":"Workshops - Dinard \u00c9meraude Tourisme","isPartOf":{"@id":"https:\/\/www.dinardemeraudetourisme.com\/de\/#website"},"primaryImageOfPage":{"@id":"https:\/\/www.dinardemeraudetourisme.com\/de\/sehenswertes-und-aktivitaeten\/kultur-und-freizeit\/workshops\/#primaryimage"},"image":{"@id":"https:\/\/www.dinardemeraudetourisme.com\/de\/sehenswertes-und-aktivitaeten\/kultur-und-freizeit\/workshops\/#primaryimage"},"thumbnailUrl":"https:\/\/www.dinardemeraudetourisme.com\/app\/uploads\/2024\/04\/nautisme-p.-contin-scaled.jpg","datePublished":"2024-04-24T11:09:43+00:00","dateModified":"2025-01-26T16:34:39+00:00","breadcrumb":{"@id":"https:\/\/www.dinardemeraudetourisme.com\/de\/sehenswertes-und-aktivitaeten\/kultur-und-freizeit\/workshops\/#breadcrumb"},"inLanguage":"de-DE","potentialAction":[{"@type":"ReadAction","target":["https:\/\/www.dinardemeraudetourisme.com\/de\/sehenswertes-und-aktivitaeten\/kultur-und-freizeit\/workshops\/"]}]},{"@type":"ImageObject","inLanguage":"de-DE","@id":"https:\/\/www.dinardemeraudetourisme.com\/de\/sehenswertes-und-aktivitaeten\/kultur-und-freizeit\/workshops\/#primaryimage","url":"https:\/\/www.dinardemeraudetourisme.com\/app\/uploads\/2024\/04\/nautisme-p.-contin-scaled.jpg","contentUrl":"https:\/\/www.dinardemeraudetourisme.com\/app\/uploads\/2024\/04\/nautisme-p.-contin-scaled.jpg","width":2560,"height":1707,"caption":"Optimist -Torbole"},{"@type":"WebSite","@id":"https:\/\/www.dinardemeraudetourisme.com\/de\/#website","url":"https:\/\/www.dinardemeraudetourisme.com\/de\/","name":"Dinard \u00c9meraude Tourisme","description":"","potentialAction":[{"@type":"SearchAction","target":{"@type":"EntryPoint","urlTemplate":"https:\/\/www.dinardemeraudetourisme.com\/de\/?s={search_term_string}"},"query-input":{"@type":"PropertyValueSpecification","valueRequired":true,"valueName":"search_term_string"}}],"inLanguage":"de-DE"}]}},"_links":{"self":[{"href":"https:\/\/www.dinardemeraudetourisme.com\/de\/wp-json\/wp\/v2\/pages\/12029","targetHints":{"allow":["GET"]}}],"collection":[{"href":"https:\/\/www.dinardemeraudetourisme.com\/de\/wp-json\/wp\/v2\/pages"}],"about":[{"href":"https:\/\/www.dinardemeraudetourisme.com\/de\/wp-json\/wp\/v2\/types\/page"}],"author":[{"embeddable":true,"href":"https:\/\/www.dinardemeraudetourisme.com\/de\/wp-json\/wp\/v2\/users\/1"}],"replies":[{"embeddable":true,"href":"https:\/\/www.dinardemeraudetourisme.com\/de\/wp-json\/wp\/v2\/comments?post=12029"}],"version-history":[{"count":13,"href":"https:\/\/www.dinardemeraudetourisme.com\/de\/wp-json\/wp\/v2\/pages\/12029\/revisions"}],"predecessor-version":[{"id":13237,"href":"https:\/\/www.dinardemeraudetourisme.com\/de\/wp-json\/wp\/v2\/pages\/12029\/revisions\/13237"}],"up":[{"embeddable":true,"href":"https:\/\/www.dinardemeraudetourisme.com\/de\/wp-json\/wp\/v2\/pages\/12023"}],"wp:featuredmedia":[{"embeddable":true,"href":"https:\/\/www.dinardemeraudetourisme.com\/de\/wp-json\/wp\/v2\/media\/3548"}],"wp:attachment":[{"href":"https:\/\/www.dinardemeraudetourisme.com\/de\/wp-json\/wp\/v2\/media?parent=12029"}],"curies":[{"name":"wp","href":"https:\/\/api.w.org\/{rel}","templated":true}]}}