{"id":11975,"date":"2024-02-27T15:49:37","date_gmt":"2024-02-27T14:49:37","guid":{"rendered":"https:\/\/www.dinardemeraudetourisme.com?page_id=11975"},"modified":"2025-01-24T15:36:54","modified_gmt":"2025-01-24T14:36:54","slug":"datenschutzerklaerung","status":"publish","type":"page","link":"https:\/\/www.dinardemeraudetourisme.com\/de\/datenschutzerklaerung\/","title":{"rendered":"Datenschutzerkl\u00e4rung"},"content":{"rendered":"\n<ol class=\"wp-block-list\">\n<li>Wir legen gro\u00dfen Wert auf den Schutz Ihrer personenbezogenen Daten. Diese Datenschutzrichtlinie beschreibt, wie wir die pers\u00f6nlichen Daten von Besuchern und Kunden von Dinard \u00c9meraude Tourisme sammeln, verwenden, speichern und sch\u00fctzen.<\/li>\n\n\n\n<li><strong>Datenerfassung<\/strong><br>Wir erfassen verschiedene Informationen, um unsere Dienste zu verbessern, darunter:<\/li>\n<\/ol>\n\n\n\n<ul class=\"wp-block-list\">\n<li><strong>Pers\u00f6nliche Daten<\/strong>&nbsp;: wie Name, E-Mail-Adresse, Telefonnummer und andere Kontaktinformationen.<\/li>\n\n\n\n<li><strong>Technische Daten<\/strong>&nbsp;: einschlie\u00dflich IP-Adressen, Standortdaten, Browserinformationen und das verwendete Ger\u00e4t.<\/li>\n<\/ul>\n\n\n\n<ol class=\"wp-block-list\">\n<li><strong>Verwendung der Daten<\/strong><br>Die gesammelten Informationen werden f\u00fcr folgende Zwecke verwendet:<\/li>\n<\/ol>\n\n\n\n<ul class=\"wp-block-list\">\n<li>Erbringung von Tourismus- und Informationsdienstleistungen.<\/li>\n\n\n\n<li>Verbessern Sie unsere Dienste und personalisieren Sie das Benutzererlebnis.<\/li>\n\n\n\n<li>Senden Sie Updates, Werbeangebote oder andere relevante Informationen.<\/li>\n<\/ul>\n\n\n\n<ol class=\"wp-block-list\">\n<li><strong>Datenweitergabe<\/strong><br>Wir verkaufen Ihre pers\u00f6nlichen Daten nicht an Dritte. Unter folgenden Umst\u00e4nden k\u00f6nnen wir jedoch bestimmte Informationen an Partner oder Dienstleister weitergeben:<\/li>\n<\/ol>\n\n\n\n<ul class=\"wp-block-list\">\n<li>Wenn es zur Bereitstellung der angeforderten Dienste erforderlich ist.<\/li>\n\n\n\n<li>Zur Einhaltung gesetzlicher oder beh\u00f6rdlicher Verpflichtungen.<\/li>\n<\/ul>\n\n\n\n<ol class=\"wp-block-list\">\n<li><strong>Datenspeicherung und Sicherheit<\/strong><br>Ihre Daten werden sicher und mit geeigneten Sicherheitsma\u00dfnahmen gespeichert, um unbefugten Zugriff, Verlust oder Offenlegung zu verhindern.<\/li>\n\n\n\n<li><strong>Benutzerrechte<\/strong><br>Sie haben das Recht:<\/li>\n<\/ol>\n\n\n\n<ul class=\"wp-block-list\">\n<li>Greifen Sie auf Ihre pers\u00f6nlichen Daten zu.<\/li>\n\n\n\n<li>Fordern Sie die Berichtigung oder L\u00f6schung Ihrer Daten an.<\/li>\n\n\n\n<li>Widersprechen Sie ihrer Verwendung f\u00fcr bestimmte Zwecke.<\/li>\n<\/ul>\n\n\n\n<ol class=\"wp-block-list\">\n<li><strong>Richtlinien\u00e4nderungen<\/strong><br>Wir behalten uns das Recht vor, diese Richtlinie jederzeit zu aktualisieren. \u00c4nderungen werden auf unserer Website bekannt gegeben und das Aktualisierungsdatum mitgeteilt.<\/li>\n\n\n\n<li><strong>Kontakt<\/strong><br>Bei Fragen oder W\u00fcnschen zu dieser Datenschutzrichtlinie kontaktieren Sie uns bitte unter:<br>E-Mail: [Ihre E-Mail]<br>Telefon: [Ihre Telefonnummer]<\/li>\n<\/ol>\n\n\n\n<p><\/p>\n","protected":false},"excerpt":{"rendered":"","protected":false},"author":1,"featured_media":0,"parent":0,"menu_order":0,"comment_status":"closed","ping_status":"open","template":"","meta":{"_acf_changed":false,"footnotes":""},"class_list":["post-11975","page","type-page","status-publish","hentry"],"acf":[],"yoast_head":"<!-- This site is optimized with the Yoast SEO plugin v27.5 - https:\/\/yoast.com\/product\/yoast-seo-wordpress\/ -->\n<title>Datenschutzerkl\u00e4rung - Dinard \u00c9meraude Tourisme<\/title>\n<meta name=\"robots\" content=\"index, follow, max-snippet:-1, max-image-preview:large, max-video-preview:-1\" \/>\n<link rel=\"canonical\" href=\"https:\/\/www.dinardemeraudetourisme.com\/de\/datenschutzerklaerung\/\" \/>\n<meta property=\"og:locale\" content=\"de_DE\" \/>\n<meta property=\"og:type\" content=\"article\" \/>\n<meta property=\"og:title\" content=\"Datenschutzerkl\u00e4rung - Dinard \u00c9meraude Tourisme\" \/>\n<meta property=\"og:url\" content=\"https:\/\/www.dinardemeraudetourisme.com\/de\/datenschutzerklaerung\/\" \/>\n<meta property=\"og:site_name\" content=\"Dinard \u00c9meraude Tourisme\" \/>\n<meta property=\"article:modified_time\" content=\"2025-01-24T14:36:54+00:00\" \/>\n<meta name=\"twitter:card\" content=\"summary_large_image\" \/>\n<meta name=\"twitter:label1\" content=\"Gesch\u00e4tzte Lesezeit\" \/>\n\t<meta name=\"twitter:data1\" content=\"2 minutes\" \/>\n<script type=\"application\/ld+json\" class=\"yoast-schema-graph\">{\"@context\":\"https:\\\/\\\/schema.org\",\"@graph\":[{\"@type\":\"WebPage\",\"@id\":\"https:\\\/\\\/www.dinardemeraudetourisme.com\\\/de\\\/datenschutzerklaerung\\\/\",\"url\":\"https:\\\/\\\/www.dinardemeraudetourisme.com\\\/de\\\/datenschutzerklaerung\\\/\",\"name\":\"Datenschutzerkl\u00e4rung - Dinard \u00c9meraude Tourisme\",\"isPartOf\":{\"@id\":\"https:\\\/\\\/www.dinardemeraudetourisme.com\\\/de\\\/#website\"},\"datePublished\":\"2024-02-27T14:49:37+00:00\",\"dateModified\":\"2025-01-24T14:36:54+00:00\",\"breadcrumb\":{\"@id\":\"https:\\\/\\\/www.dinardemeraudetourisme.com\\\/de\\\/datenschutzerklaerung\\\/#breadcrumb\"},\"inLanguage\":\"de-DE\",\"potentialAction\":[{\"@type\":\"ReadAction\",\"target\":[\"https:\\\/\\\/www.dinardemeraudetourisme.com\\\/de\\\/datenschutzerklaerung\\\/\"]}]},{\"@type\":\"BreadcrumbList\",\"@id\":\"https:\\\/\\\/www.dinardemeraudetourisme.com\\\/de\\\/datenschutzerklaerung\\\/#breadcrumb\",\"itemListElement\":[{\"@type\":\"ListItem\",\"position\":1,\"name\":\"Accueil\",\"item\":\"https:\\\/\\\/www.dinardemeraudetourisme.com\\\/de\\\/\"},{\"@type\":\"ListItem\",\"position\":2,\"name\":\"Datenschutzerkl\u00e4rung\"}]},{\"@type\":\"WebSite\",\"@id\":\"https:\\\/\\\/www.dinardemeraudetourisme.com\\\/de\\\/#website\",\"url\":\"https:\\\/\\\/www.dinardemeraudetourisme.com\\\/de\\\/\",\"name\":\"Dinard \u00c9meraude Tourisme\",\"description\":\"\",\"potentialAction\":[{\"@type\":\"SearchAction\",\"target\":{\"@type\":\"EntryPoint\",\"urlTemplate\":\"https:\\\/\\\/www.dinardemeraudetourisme.com\\\/de\\\/?s={search_term_string}\"},\"query-input\":{\"@type\":\"PropertyValueSpecification\",\"valueRequired\":true,\"valueName\":\"search_term_string\"}}],\"inLanguage\":\"de-DE\"}]}<\/script>\n<!-- \/ Yoast SEO plugin. -->","yoast_head_json":{"title":"Datenschutzerkl\u00e4rung - Dinard \u00c9meraude Tourisme","robots":{"index":"index","follow":"follow","max-snippet":"max-snippet:-1","max-image-preview":"max-image-preview:large","max-video-preview":"max-video-preview:-1"},"canonical":"https:\/\/www.dinardemeraudetourisme.com\/de\/datenschutzerklaerung\/","og_locale":"de_DE","og_type":"article","og_title":"Datenschutzerkl\u00e4rung - Dinard \u00c9meraude Tourisme","og_url":"https:\/\/www.dinardemeraudetourisme.com\/de\/datenschutzerklaerung\/","og_site_name":"Dinard \u00c9meraude Tourisme","article_modified_time":"2025-01-24T14:36:54+00:00","twitter_card":"summary_large_image","twitter_misc":{"Gesch\u00e4tzte Lesezeit":"2 minutes"},"schema":{"@context":"https:\/\/schema.org","@graph":[{"@type":"WebPage","@id":"https:\/\/www.dinardemeraudetourisme.com\/de\/datenschutzerklaerung\/","url":"https:\/\/www.dinardemeraudetourisme.com\/de\/datenschutzerklaerung\/","name":"Datenschutzerkl\u00e4rung - Dinard \u00c9meraude Tourisme","isPartOf":{"@id":"https:\/\/www.dinardemeraudetourisme.com\/de\/#website"},"datePublished":"2024-02-27T14:49:37+00:00","dateModified":"2025-01-24T14:36:54+00:00","breadcrumb":{"@id":"https:\/\/www.dinardemeraudetourisme.com\/de\/datenschutzerklaerung\/#breadcrumb"},"inLanguage":"de-DE","potentialAction":[{"@type":"ReadAction","target":["https:\/\/www.dinardemeraudetourisme.com\/de\/datenschutzerklaerung\/"]}]},{"@type":"BreadcrumbList","@id":"https:\/\/www.dinardemeraudetourisme.com\/de\/datenschutzerklaerung\/#breadcrumb","itemListElement":[{"@type":"ListItem","position":1,"name":"Accueil","item":"https:\/\/www.dinardemeraudetourisme.com\/de\/"},{"@type":"ListItem","position":2,"name":"Datenschutzerkl\u00e4rung"}]},{"@type":"WebSite","@id":"https:\/\/www.dinardemeraudetourisme.com\/de\/#website","url":"https:\/\/www.dinardemeraudetourisme.com\/de\/","name":"Dinard \u00c9meraude Tourisme","description":"","potentialAction":[{"@type":"SearchAction","target":{"@type":"EntryPoint","urlTemplate":"https:\/\/www.dinardemeraudetourisme.com\/de\/?s={search_term_string}"},"query-input":{"@type":"PropertyValueSpecification","valueRequired":true,"valueName":"search_term_string"}}],"inLanguage":"de-DE"}]}},"_links":{"self":[{"href":"https:\/\/www.dinardemeraudetourisme.com\/de\/wp-json\/wp\/v2\/pages\/11975","targetHints":{"allow":["GET"]}}],"collection":[{"href":"https:\/\/www.dinardemeraudetourisme.com\/de\/wp-json\/wp\/v2\/pages"}],"about":[{"href":"https:\/\/www.dinardemeraudetourisme.com\/de\/wp-json\/wp\/v2\/types\/page"}],"author":[{"embeddable":true,"href":"https:\/\/www.dinardemeraudetourisme.com\/de\/wp-json\/wp\/v2\/users\/1"}],"replies":[{"embeddable":true,"href":"https:\/\/www.dinardemeraudetourisme.com\/de\/wp-json\/wp\/v2\/comments?post=11975"}],"version-history":[{"count":4,"href":"https:\/\/www.dinardemeraudetourisme.com\/de\/wp-json\/wp\/v2\/pages\/11975\/revisions"}],"predecessor-version":[{"id":13132,"href":"https:\/\/www.dinardemeraudetourisme.com\/de\/wp-json\/wp\/v2\/pages\/11975\/revisions\/13132"}],"wp:attachment":[{"href":"https:\/\/www.dinardemeraudetourisme.com\/de\/wp-json\/wp\/v2\/media?parent=11975"}],"curies":[{"name":"wp","href":"https:\/\/api.w.org\/{rel}","templated":true}]}}