{"id":11965,"date":"2024-04-24T10:55:28","date_gmt":"2024-04-24T08:55:28","guid":{"rendered":"https:\/\/www.dinardemeraudetourisme.com?page_id=11965"},"modified":"2025-02-10T16:35:02","modified_gmt":"2025-02-10T15:35:02","slug":"kontakt","status":"publish","type":"page","link":"https:\/\/www.dinardemeraudetourisme.com\/de\/kontakt\/","title":{"rendered":"Kontaktieren Sie uns"},"content":{"rendered":"<section class=\"acf contact align wp-block-acf-contact\" id=\"block_0f20427eda2e919320a33e8f2aa78cc3\">\n\t<div class=\"container container_medium\">\n\t\t<aside>\n\t\t\t\t\t\t\t<div class=\"offices_de_tourisme\">\n\n\t\t\t\t\t<div class=\"offices-slider swiper swiper-slides\" data-slider=\"offices-slider\">\n\t\t\t\t\t\t<div class=\"swiper-wrapper\">\n\t\t\t\t\t\t\t\t\t\t\t\t\t\t\t<div class=\"office-item swiper-slide\">\n\t\t\t\t\t\t\t\t\t<span class=\"commune\">Dinard<\/span>\n\t\t\t\t\t\t\t\t\t<div class=\"adresse\">\n\t\t\t\t\t\t\t\t\t\t2, Boulevard F\u00e9art<br \/>\r\n35800 Dinard\n\t\t\t\t\t\t\t\t\t<\/div>\n\t\t\t\t\t\t\t\t\t<div class=\"telephone\">\n\t\t\t\t\t\t\t\t\t\t<a href=\"tel:0821235500\" class=\"telephone-link\">0821235500<\/a>\n\t\t\t\t\t\t\t\t\t<\/div>\n\t\t\t\t\t\t\t\t<\/div>\n\t\t\t\t\t\t\t\t\t\t\t\t\t\t\t<div class=\"office-item swiper-slide\">\n\t\t\t\t\t\t\t\t\t<span class=\"commune\">Saint-Lunaire<\/span>\n\t\t\t\t\t\t\t\t\t<div class=\"adresse\">\n\t\t\t\t\t\t\t\t\t\t72, Bd du G\u00e9n\u00e9ral de Gaulle<br \/>\r\n35800 Saint-Lunaire\n\t\t\t\t\t\t\t\t\t<\/div>\n\t\t\t\t\t\t\t\t\t<div class=\"telephone\">\n\t\t\t\t\t\t\t\t\t\t<a href=\"tel:0821235500\" class=\"telephone-link\">0821235500<\/a>\n\t\t\t\t\t\t\t\t\t<\/div>\n\t\t\t\t\t\t\t\t<\/div>\n\t\t\t\t\t\t\t\t\t\t\t\t\t\t\t<div class=\"office-item swiper-slide\">\n\t\t\t\t\t\t\t\t\t<span class=\"commune\">Lancieux<\/span>\n\t\t\t\t\t\t\t\t\t<div class=\"adresse\">\n\t\t\t\t\t\t\t\t\t\tSquare Jean Conan<br \/>\r\n22770 LANCIEUX<br \/>\r\n(ouvert d\u2019avril \u00e0 octobre)\n\t\t\t\t\t\t\t\t\t<\/div>\n\t\t\t\t\t\t\t\t\t<div class=\"telephone\">\n\t\t\t\t\t\t\t\t\t\t<a href=\"tel:0821235500\" class=\"telephone-link\">0821235500<\/a>\n\t\t\t\t\t\t\t\t\t<\/div>\n\t\t\t\t\t\t\t\t<\/div>\n\t\t\t\t\t\t\t\t\t\t\t\t\t\t\t<div class=\"office-item swiper-slide\">\n\t\t\t\t\t\t\t\t\t<span class=\"commune\">Saint-Briac-Sur-Mer<\/span>\n\t\t\t\t\t\t\t\t\t<div class=\"adresse\">\n\t\t\t\t\t\t\t\t\t\t49, Grande Rue<br \/>\r\n35800 Saint-Briac-Sur-Mer\n\t\t\t\t\t\t\t\t\t<\/div>\n\t\t\t\t\t\t\t\t\t<div class=\"telephone\">\n\t\t\t\t\t\t\t\t\t\t<a href=\"tel:0821235500\" class=\"telephone-link\">0821235500<\/a>\n\t\t\t\t\t\t\t\t\t<\/div>\n\t\t\t\t\t\t\t\t<\/div>\n\t\t\t\t\t\t\t\t\t\t\t\t\t<\/div>\n\t\t\t\t\t\t<div class=\"swiper-pagination-wrapper\">\n\t\t\t\t\t\t\t<div class=\"swiper-pagination\"><\/div>\n\t\t\t\t\t\t<\/div>\n\t\t\t\t\t<\/div>\n\n\t\t\t\t\t<div class=\"offices-grid\">\n\t\t\t\t\t\t\t\t\t\t\t\t\t<div class=\"office-item\">\n\t\t\t\t\t\t\t\t<span class=\"commune dinard\">\n\t\t\t\t\t\t\t\t\t\t\t\t\t\t\t\t\t\t\t<span class=\"icon icon-dinard\">\n\t\t\t\t\t\t\t\t\t\t\t<picture>\n\t\t\t\t\t\t\t\t\t\t\t\t<img decoding=\"async\" loading=\"eager\" src=\"https:\/\/www.dinardemeraudetourisme.com\/app\/uploads\/2024\/11\/dinard.svg\" alt=\"\" width=\"30\" height=\"30\"\/>\n\t\t\t\t\t\t\t\t\t\t\t<\/picture>\n\t\t\t\t\t\t\t\t\t\t<\/span>\n\t\t\t\t\t\t\t\t\t\n\t\t\t\t\t\t\t\t\tDinard\n\t\t\t\t\t\t\t\t<\/span>\n\t\t\t\t\t\t\t\t<div class=\"adresse\">\n\t\t\t\t\t\t\t\t\t2, Boulevard F\u00e9art<br \/>\r\n35800 Dinard\n\t\t\t\t\t\t\t\t<\/div>\n\t\t\t\t\t\t\t\t<div class=\"telephone\">\n\t\t\t\t\t\t\t\t\t<a href=\"tel:0821235500\" class=\"telephone-link\">0821235500<\/a>\n\t\t\t\t\t\t\t\t<\/div>\n\t\t\t\t\t\t\t<\/div>\n\t\t\t\t\t\t\t\t\t\t\t\t\t<div class=\"office-item\">\n\t\t\t\t\t\t\t\t<span class=\"commune saint-lunaire\">\n\t\t\t\t\t\t\t\t\t\t\t\t\t\t\t\t\t\t\t<span class=\"icon icon-saint-lunaire\">\n\t\t\t\t\t\t\t\t\t\t\t<picture>\n\t\t\t\t\t\t\t\t\t\t\t\t<img decoding=\"async\" loading=\"eager\" src=\"https:\/\/www.dinardemeraudetourisme.com\/app\/uploads\/2024\/11\/saint-lunaire.svg\" alt=\"\" width=\"30\" height=\"30\"\/>\n\t\t\t\t\t\t\t\t\t\t\t<\/picture>\n\t\t\t\t\t\t\t\t\t\t<\/span>\n\t\t\t\t\t\t\t\t\t\n\t\t\t\t\t\t\t\t\tSaint-Lunaire\n\t\t\t\t\t\t\t\t<\/span>\n\t\t\t\t\t\t\t\t<div class=\"adresse\">\n\t\t\t\t\t\t\t\t\t72, Bd du G\u00e9n\u00e9ral de Gaulle<br \/>\r\n35800 Saint-Lunaire\n\t\t\t\t\t\t\t\t<\/div>\n\t\t\t\t\t\t\t\t<div class=\"telephone\">\n\t\t\t\t\t\t\t\t\t<a href=\"tel:0821235500\" class=\"telephone-link\">0821235500<\/a>\n\t\t\t\t\t\t\t\t<\/div>\n\t\t\t\t\t\t\t<\/div>\n\t\t\t\t\t\t\t\t\t\t\t\t\t<div class=\"office-item\">\n\t\t\t\t\t\t\t\t<span class=\"commune lancieux\">\n\t\t\t\t\t\t\t\t\t\t\t\t\t\t\t\t\t\t\t<span class=\"icon icon-lancieux\">\n\t\t\t\t\t\t\t\t\t\t\t<picture>\n\t\t\t\t\t\t\t\t\t\t\t\t<img decoding=\"async\" loading=\"eager\" src=\"https:\/\/www.dinardemeraudetourisme.com\/app\/uploads\/2024\/11\/lancieux.svg\" alt=\"\" width=\"30\" height=\"30\"\/>\n\t\t\t\t\t\t\t\t\t\t\t<\/picture>\n\t\t\t\t\t\t\t\t\t\t<\/span>\n\t\t\t\t\t\t\t\t\t\n\t\t\t\t\t\t\t\t\tLancieux\n\t\t\t\t\t\t\t\t<\/span>\n\t\t\t\t\t\t\t\t<div class=\"adresse\">\n\t\t\t\t\t\t\t\t\tSquare Jean Conan<br \/>\r\n22770 LANCIEUX<br \/>\r\n(ouvert d\u2019avril \u00e0 octobre)\n\t\t\t\t\t\t\t\t<\/div>\n\t\t\t\t\t\t\t\t<div class=\"telephone\">\n\t\t\t\t\t\t\t\t\t<a href=\"tel:0821235500\" class=\"telephone-link\">0821235500<\/a>\n\t\t\t\t\t\t\t\t<\/div>\n\t\t\t\t\t\t\t<\/div>\n\t\t\t\t\t\t\t\t\t\t\t\t\t<div class=\"office-item\">\n\t\t\t\t\t\t\t\t<span class=\"commune saint-briac-sur-mer\">\n\t\t\t\t\t\t\t\t\t\t\t\t\t\t\t\t\t\t\t<span class=\"icon icon-saint-briac-sur-mer\">\n\t\t\t\t\t\t\t\t\t\t\t<picture>\n\t\t\t\t\t\t\t\t\t\t\t\t<img decoding=\"async\" loading=\"eager\" src=\"https:\/\/www.dinardemeraudetourisme.com\/app\/uploads\/2024\/11\/saint-briac-sur-met.svg\" alt=\"\" width=\"30\" height=\"30\"\/>\n\t\t\t\t\t\t\t\t\t\t\t<\/picture>\n\t\t\t\t\t\t\t\t\t\t<\/span>\n\t\t\t\t\t\t\t\t\t\n\t\t\t\t\t\t\t\t\tSaint-Briac-Sur-Mer\n\t\t\t\t\t\t\t\t<\/span>\n\t\t\t\t\t\t\t\t<div class=\"adresse\">\n\t\t\t\t\t\t\t\t\t49, Grande Rue<br \/>\r\n35800 Saint-Briac-Sur-Mer\n\t\t\t\t\t\t\t\t<\/div>\n\t\t\t\t\t\t\t\t<div class=\"telephone\">\n\t\t\t\t\t\t\t\t\t<a href=\"tel:0821235500\" class=\"telephone-link\">0821235500<\/a>\n\t\t\t\t\t\t\t\t<\/div>\n\t\t\t\t\t\t\t<\/div>\n\t\t\t\t\t\t\t\t\t\t\t<\/div>\n\t\t\t\t\t\n\t\t\t\t<\/div>\n\t\t\t\t\n\t\t<\/aside>\n\n\t\t<div class=\"formulaire-wrapper\">\n\t\t\t\t\t\t\t<form action=\"\" method=\"post\" id=\"frm-contact_form_global\" data-action=\"form_contact_global\" data-recaptcha=\"6Ld009wZAAAAAIdyPPH6p5p1Yi4vxCjfYZW6lKdI\">\n\t\t\t\t\t<td><input type=\"hidden\" name=\"page_from\" value=\"https:\/\/www.dinardemeraudetourisme.com\/de\/wp-json\/wp\/v2\/pages\/11965\"><\/td>\n\t\t\t\t\t\t\t\t\t\t<div class=\"formulaire\">\n\t\t\t\t\t\t\t\t\t\t\t\t<div class=\"intro\">\n\t\t\t\t\t\t\t<strong class=\"heading-six\">Senden Sie uns Ihre Anfrage :<\/strong>\n\t\t\t\t\t\t<\/div>\n\n\t\t\t\t\t\t<fieldset class=\"fieldset-coordonnees\">\n\t\t\t\t\t\t\t<legend class=\"fieldset-legend\">Vos coordonn\u00e9es<\/legend>\n\t\t\t\t\t\t\t<div class=\"surname-name two-colonnes\">\n\t\t\t\t\t\t\t\t<div class=\"surname form-input\">\n\t\t\t\t\t\t\t\t\t<td><input type=\"text\" name=\"lastname\" autocomplete=\"family-name\" placeholder=\"Nachname*\" aria-label=\"Nachname*\" id=\"frm-contact_form_global-lastname\" required data-nette-rules='[{\"op\":\":filled\",\"msg\":\"Bitte geben Sie Ihren Nachnamen an\"}]' class=\"text\"><\/td>\n\t\t\t\t\t\t\t\t<\/div>\n\t\t\t\t\t\t\t\t<div class=\"name form-input\">\n\t\t\t\t\t\t\t\t\t<td><input type=\"text\" name=\"firstname\" autocomplete=\"given-name\" placeholder=\"Vorname*\" aria-label=\"Vorname*\" id=\"frm-contact_form_global-firstname\" required data-nette-rules='[{\"op\":\":filled\",\"msg\":\"Bitte geben Sie Ihren Vornamen an\"}]' class=\"text\"><\/td>\n\t\t\t\t\t\t\t\t<\/div>\n\t\t\t\t\t\t\t<\/div>\n\n\t\t\t\t\t\t\t<div class=\"email-phone two-colonnes\">\n\t\t\t\t\t\t\t\t<div class=\"email form-input\">\n\t\t\t\t\t\t\t\t\t<td><input type=\"email\" name=\"email\" autocomplete=\"email\" placeholder=\"E-Mail-Adresse*\" aria-label=\"E-Mail-Adresse*\" id=\"frm-contact_form_global-email\" required data-nette-rules='[{\"op\":\":filled\",\"msg\":\"Bitte geben Sie Ihre E-Mail-Adresse an\"},{\"op\":\":email\",\"msg\":\"Please enter a valid email address.\"}]' class=\"text\"><\/td>\n\t\t\t\t\t\t\t\t<\/div>\n\t\t\t\t\t\t\t\t<div class=\"phone form-input\">\n\t\t\t\t\t\t\t\t\t<td><input type=\"tel\" name=\"phone\" pattern=\"[0-9]{10}\" autocomplete=\"tel\" placeholder=\"Telefonnummer*\" aria-label=\"Telefonnummer*\" id=\"frm-contact_form_global-phone\" required data-nette-rules='[{\"op\":\":filled\",\"msg\":\"Bitte geben Sie Ihre Telefonnummer an\"},{\"op\":\":pattern\",\"msg\":\"invalid value\",\"arg\":\"[0-9]{10}\"}]'><\/td>\n\t\t\t\t\t\t\t\t<\/div>\n\t\t\t\t\t\t\t<\/div>\n\n\t\t\t\t\t\t\t<div class=\"adress-postal-city two-colonnes\">\n\t\t\t\t\t\t\t\t<div class=\"address form-input\">\n\t\t\t\t\t\t\t\t\t<td><input type=\"text\" name=\"address\" autocomplete=\"street-address\" placeholder=\"Adresse\" aria-label=\"Adresse\" id=\"frm-contact_form_global-address\" class=\"text\"><\/td>\n\t\t\t\t\t\t\t\t<\/div>\n\t\t\t\t\t\t\t\t<div class=\"postal-city two-colonnes\">\n\t\t\t\t\t\t\t\t\t<div class=\"postal-code form-input\">\n\t\t\t\t\t\t\t\t\t\t<td><input type=\"text\" name=\"postal_code\" autocomplete=\"postal-code\" placeholder=\"Postleitzahl\" aria-label=\"Postleitzahl\" id=\"frm-contact_form_global-postal_code\" class=\"text\"><\/td>\n\t\t\t\t\t\t\t\t\t<\/div>\n\t\t\t\t\t\t\t\t\t<div class=\"city form-input\">\n\t\t\t\t\t\t\t\t\t\t<td><input type=\"text\" name=\"city\" autocomplete=\"address-level2\" placeholder=\"Stadt\" aria-label=\"Stadt\" id=\"frm-contact_form_global-city\" class=\"text\"><\/td>\n\t\t\t\t\t\t\t\t\t<\/div>\n\t\t\t\t\t\t\t\t<\/div>\n\t\t\t\t\t\t\t<\/div>\n\t\t\t\t\t\t<\/fieldset>\n\n\t\t\t\t\t\t<fieldset class=\"fieldset-objet\">\n\t\t\t\t\t\t\t<legend class=\"fieldset-legend\">Betreff Ihrer Anfrage<\/legend>\n\t\t\t\t\t\t\t<div class=\"subject form-input\">\n\t\t\t\t\t\t\t\t<td><select name=\"subject\" placeholder=\"Ihr Thema\" aria-label=\"Betreff*\" id=\"frm-contact_form_global-subject\"><option value=\"\">Betreff Ihrer Anfrage<\/option><option value=\"Demande de renseignements \u00e0 l'office de tourisme de Dinard\">Anfrage f\u00fcr Informationen beim Tourismusb\u00fcro von Dinard<\/option><option value=\"Demande de renseignements \u00e0 l'office de tourisme de Saint-Lunaire\">Anfrage f\u00fcr Informationen beim Tourismusb\u00fcro von Saint-Lunaire<\/option><option value=\"Demande de renseignements \u00e0 l'office de tourisme de Lancieux\">Anfrage f\u00fcr Informationen beim Tourismusb\u00fcro von Lancieux<\/option><option value=\"Demande de renseignements \u00e0 l'office de tourisme de Saint-Briac-Sur-Mer\">Anfrage f\u00fcr Informationen beim Tourismusb\u00fcro von Saint-Briac-Sur-Mer<\/option><option value=\"Autre\">Andere<\/option><\/select><\/td>\n\t\t\t\t\t\t\t<\/div>\n\t\t\t\t\t\t<\/fieldset>\n\n\t\t\t\t\t\t<fieldset class=\"fieldset-message\">\n\t\t\t\t\t\t\t<legend class=\"fieldset-legend\">Ihre Nachricht<\/legend>\n\t\t\t\t\t\t\t<div class=\"message form-input\">\n\t\t\t\t\t\t\t\t<td><textarea name=\"message\" placeholder=\"Ihre Nachricht\" aria-label=\"Ihre Nachricht*\" id=\"frm-contact_form_global-message\"><\/textarea><\/td>\n\t\t\t\t\t\t\t<\/div>\n\t\t\t\t\t\t<\/fieldset>\n\n\t\t\t\t\t\t<div class=\"rgpd\">\n\t\t\t\t\t\t\t<td><label for=\"rgpd-consent\"><input type=\"checkbox\" name=\"rgpd\" id=\"rgpd-consent\" required data-nette-rules='[{\"op\":\":filled\",\"msg\":\"Bitte dieses K\u00e4stchen ankreuzen\"}]'>Ich akzeptiere, dass meine pers\u00f6nlichen Daten von Dinard C\u00f4te d&#8217;\u00c9meraude Tourisme im Rahmen meiner Anfrage verwendet werden.*<\/label><\/td>\n\t\t\t\t\t\t\t<th><\/th>\n\t\t\t\t\t\t<\/div>\n\n\t\t\t\t\t\t<div class=\"send\">\n\t\t\t\t\t\t\t<td><button type=\"submit\" name=\"send\" class=\"btn button-primary button-primary-small button-primary-3  g-recaptcha\" data-sitekey=\"6Ld009wZAAAAAIdyPPH6p5p1Yi4vxCjfYZW6lKdI\" data-callback=\"onSubmit\" data-action=\"contact_page\">Meine Anfrage senden <\/button><\/td>\n\t\t\t\t\t\t\t<div class=\"return\"><\/div>\n\t\t\t\t\t\t<\/div>\n\t\t\t\t\t<\/div>\n\t\t\t\t<input type=\"hidden\" name=\"_form_\" value=\"contact_form_global\">\n<\/form>\n\n\t\t\t\n\t\t<\/div>\n\n\t<\/div>\n<\/section>\n\n<script>\n\tfunction onSubmit(token) {\n\t\tdocument.getElementById(\"frm-contact_form_global\").submit()\n\t}\n<\/script>\n\n\n<h6 class=\"wp-block-heading\">Wir unterst\u00fctzen Sie und begleiten Sie bei der Organisation Ihres Urlaubs!<\/h6>\n\n\n\n<p>Kontaktieren Sie uns, um alle praktischen und wesentlichen Informationen f\u00fcr den reibungslosen Ablauf Ihres Aufenthalts oder Ihres Besuchs an der Smaragdk\u00fcste zu erhalten:<\/p>\n\n\n\n<ul class=\"wp-block-list\">\n<li>Informationen zu \u00f6ffentlichen Verkehrsmitteln<\/li>\n\n\n\n<li>M\u00f6glichkeiten, sich in der Stadt fortzubewegen<\/li>\n\n\n\n<li>Alle Informationen zur Barrierefreiheit<\/li>\n\n\n\n<li>Die Demonstrationen<\/li>\n\n\n\n<li>Die Kasse<\/li>\n\n\n\n<li>Die Spazierg\u00e4nge<\/li>\n<\/ul>\n\n\n\n<p>Entdecken Sie hier die Adressen der verschiedenen Empfangsstellen der Tourismusb\u00fcros, treffen Sie unser Expertenteam und reisen Sie mit den Dokumenten ab, die Sie f\u00fcr einen gelungenen Urlaub ben\u00f6tigen!<\/p>\n\n\n\n<p>Du bist nicht da? Kontaktieren Sie uns telefonisch unter&nbsp;<strong>0.821.235.500 (0,12\u20ac\/Min.).<\/strong><\/p>\n","protected":false},"excerpt":{"rendered":"<p>Egal, ob Sie Fragen zu Ihrer n\u00e4chsten Reise haben, zus\u00e4tzliche Informationen zu unseren Dienstleistungen ben\u00f6tigen oder Ihre Gedanken mitteilen m\u00f6chten, unser Team hilft Ihnen gerne weiter. Nutzen Sie das Kontaktformular, um uns eine kurze Nachricht zu senden; Wir sind bestrebt, umgehend auf alle Ihre Anfragen zu reagieren. Sie k\u00f6nnen uns auch telefonisch erreichen oder uns direkt in unseren 4 B\u00fcros besuchen, um eine pers\u00f6nliche Betreuung zu erhalten.<\/p>\n","protected":false},"author":1,"featured_media":0,"parent":0,"menu_order":0,"comment_status":"closed","ping_status":"closed","template":"","meta":{"_acf_changed":false,"footnotes":""},"class_list":["post-11965","page","type-page","status-publish","hentry"],"acf":[],"yoast_head":"<!-- This site is optimized with the Yoast SEO plugin v27.1.1 - https:\/\/yoast.com\/product\/yoast-seo-wordpress\/ -->\n<title>Kontaktieren Sie uns - Dinard \u00c9meraude Tourisme<\/title>\n<meta name=\"robots\" content=\"index, follow, max-snippet:-1, max-image-preview:large, max-video-preview:-1\" \/>\n<link rel=\"canonical\" href=\"https:\/\/www.dinardemeraudetourisme.com\/de\/kontakt\/\" \/>\n<meta property=\"og:locale\" content=\"de_DE\" \/>\n<meta property=\"og:type\" content=\"article\" \/>\n<meta property=\"og:title\" content=\"Kontaktieren Sie uns - Dinard \u00c9meraude Tourisme\" \/>\n<meta property=\"og:description\" content=\"Egal, ob Sie Fragen zu Ihrer n\u00e4chsten Reise haben, zus\u00e4tzliche Informationen zu unseren Dienstleistungen ben\u00f6tigen oder Ihre Gedanken mitteilen m\u00f6chten, unser Team hilft Ihnen gerne weiter. Nutzen Sie das Kontaktformular, um uns eine kurze Nachricht zu senden; Wir sind bestrebt, umgehend auf alle Ihre Anfragen zu reagieren. Sie k\u00f6nnen uns auch telefonisch erreichen oder uns direkt in unseren 4 B\u00fcros besuchen, um eine pers\u00f6nliche Betreuung zu erhalten.\" \/>\n<meta property=\"og:url\" content=\"https:\/\/www.dinardemeraudetourisme.com\/de\/kontakt\/\" \/>\n<meta property=\"og:site_name\" content=\"Dinard \u00c9meraude Tourisme\" \/>\n<meta property=\"article:modified_time\" content=\"2025-02-10T15:35:02+00:00\" \/>\n<meta name=\"twitter:card\" content=\"summary_large_image\" \/>\n<meta name=\"twitter:label1\" content=\"Gesch\u00e4tzte Lesezeit\" \/>\n\t<meta name=\"twitter:data1\" content=\"1 minute\" \/>\n<script type=\"application\/ld+json\" class=\"yoast-schema-graph\">{\"@context\":\"https:\/\/schema.org\",\"@graph\":[{\"@type\":\"WebPage\",\"@id\":\"https:\/\/www.dinardemeraudetourisme.com\/de\/kontakt\/\",\"url\":\"https:\/\/www.dinardemeraudetourisme.com\/de\/kontakt\/\",\"name\":\"Kontaktieren Sie uns - Dinard \u00c9meraude Tourisme\",\"isPartOf\":{\"@id\":\"https:\/\/www.dinardemeraudetourisme.com\/de\/#website\"},\"datePublished\":\"2024-04-24T08:55:28+00:00\",\"dateModified\":\"2025-02-10T15:35:02+00:00\",\"breadcrumb\":{\"@id\":\"https:\/\/www.dinardemeraudetourisme.com\/de\/kontakt\/#breadcrumb\"},\"inLanguage\":\"de-DE\",\"potentialAction\":[{\"@type\":\"ReadAction\",\"target\":[\"https:\/\/www.dinardemeraudetourisme.com\/de\/kontakt\/\"]}]},{\"@type\":\"BreadcrumbList\",\"@id\":\"https:\/\/www.dinardemeraudetourisme.com\/de\/kontakt\/#breadcrumb\",\"itemListElement\":[{\"@type\":\"ListItem\",\"position\":1,\"name\":\"Accueil\",\"item\":\"https:\/\/www.dinardemeraudetourisme.com\/de\/\"},{\"@type\":\"ListItem\",\"position\":2,\"name\":\"Kontaktieren Sie uns\"}]},{\"@type\":\"WebSite\",\"@id\":\"https:\/\/www.dinardemeraudetourisme.com\/de\/#website\",\"url\":\"https:\/\/www.dinardemeraudetourisme.com\/de\/\",\"name\":\"Dinard \u00c9meraude Tourisme\",\"description\":\"\",\"potentialAction\":[{\"@type\":\"SearchAction\",\"target\":{\"@type\":\"EntryPoint\",\"urlTemplate\":\"https:\/\/www.dinardemeraudetourisme.com\/de\/?s={search_term_string}\"},\"query-input\":{\"@type\":\"PropertyValueSpecification\",\"valueRequired\":true,\"valueName\":\"search_term_string\"}}],\"inLanguage\":\"de-DE\"}]}<\/script>\n<!-- \/ Yoast SEO plugin. -->","yoast_head_json":{"title":"Kontaktieren Sie uns - Dinard \u00c9meraude Tourisme","robots":{"index":"index","follow":"follow","max-snippet":"max-snippet:-1","max-image-preview":"max-image-preview:large","max-video-preview":"max-video-preview:-1"},"canonical":"https:\/\/www.dinardemeraudetourisme.com\/de\/kontakt\/","og_locale":"de_DE","og_type":"article","og_title":"Kontaktieren Sie uns - Dinard \u00c9meraude Tourisme","og_description":"Egal, ob Sie Fragen zu Ihrer n\u00e4chsten Reise haben, zus\u00e4tzliche Informationen zu unseren Dienstleistungen ben\u00f6tigen oder Ihre Gedanken mitteilen m\u00f6chten, unser Team hilft Ihnen gerne weiter. Nutzen Sie das Kontaktformular, um uns eine kurze Nachricht zu senden; Wir sind bestrebt, umgehend auf alle Ihre Anfragen zu reagieren. Sie k\u00f6nnen uns auch telefonisch erreichen oder uns direkt in unseren 4 B\u00fcros besuchen, um eine pers\u00f6nliche Betreuung zu erhalten.","og_url":"https:\/\/www.dinardemeraudetourisme.com\/de\/kontakt\/","og_site_name":"Dinard \u00c9meraude Tourisme","article_modified_time":"2025-02-10T15:35:02+00:00","twitter_card":"summary_large_image","twitter_misc":{"Gesch\u00e4tzte Lesezeit":"1 minute"},"schema":{"@context":"https:\/\/schema.org","@graph":[{"@type":"WebPage","@id":"https:\/\/www.dinardemeraudetourisme.com\/de\/kontakt\/","url":"https:\/\/www.dinardemeraudetourisme.com\/de\/kontakt\/","name":"Kontaktieren Sie uns - Dinard \u00c9meraude Tourisme","isPartOf":{"@id":"https:\/\/www.dinardemeraudetourisme.com\/de\/#website"},"datePublished":"2024-04-24T08:55:28+00:00","dateModified":"2025-02-10T15:35:02+00:00","breadcrumb":{"@id":"https:\/\/www.dinardemeraudetourisme.com\/de\/kontakt\/#breadcrumb"},"inLanguage":"de-DE","potentialAction":[{"@type":"ReadAction","target":["https:\/\/www.dinardemeraudetourisme.com\/de\/kontakt\/"]}]},{"@type":"BreadcrumbList","@id":"https:\/\/www.dinardemeraudetourisme.com\/de\/kontakt\/#breadcrumb","itemListElement":[{"@type":"ListItem","position":1,"name":"Accueil","item":"https:\/\/www.dinardemeraudetourisme.com\/de\/"},{"@type":"ListItem","position":2,"name":"Kontaktieren Sie uns"}]},{"@type":"WebSite","@id":"https:\/\/www.dinardemeraudetourisme.com\/de\/#website","url":"https:\/\/www.dinardemeraudetourisme.com\/de\/","name":"Dinard \u00c9meraude Tourisme","description":"","potentialAction":[{"@type":"SearchAction","target":{"@type":"EntryPoint","urlTemplate":"https:\/\/www.dinardemeraudetourisme.com\/de\/?s={search_term_string}"},"query-input":{"@type":"PropertyValueSpecification","valueRequired":true,"valueName":"search_term_string"}}],"inLanguage":"de-DE"}]}},"_links":{"self":[{"href":"https:\/\/www.dinardemeraudetourisme.com\/de\/wp-json\/wp\/v2\/pages\/11965","targetHints":{"allow":["GET"]}}],"collection":[{"href":"https:\/\/www.dinardemeraudetourisme.com\/de\/wp-json\/wp\/v2\/pages"}],"about":[{"href":"https:\/\/www.dinardemeraudetourisme.com\/de\/wp-json\/wp\/v2\/types\/page"}],"author":[{"embeddable":true,"href":"https:\/\/www.dinardemeraudetourisme.com\/de\/wp-json\/wp\/v2\/users\/1"}],"replies":[{"embeddable":true,"href":"https:\/\/www.dinardemeraudetourisme.com\/de\/wp-json\/wp\/v2\/comments?post=11965"}],"version-history":[{"count":5,"href":"https:\/\/www.dinardemeraudetourisme.com\/de\/wp-json\/wp\/v2\/pages\/11965\/revisions"}],"predecessor-version":[{"id":15959,"href":"https:\/\/www.dinardemeraudetourisme.com\/de\/wp-json\/wp\/v2\/pages\/11965\/revisions\/15959"}],"wp:attachment":[{"href":"https:\/\/www.dinardemeraudetourisme.com\/de\/wp-json\/wp\/v2\/media?parent=11965"}],"curies":[{"name":"wp","href":"https:\/\/api.w.org\/{rel}","templated":true}]}}