{"id":10334,"date":"2024-04-25T16:11:42","date_gmt":"2024-04-25T14:11:42","guid":{"rendered":"https:\/\/www.dinardemeraudetourisme.com?page_id=10334"},"modified":"2024-10-17T14:59:26","modified_gmt":"2024-10-17T12:59:26","slug":"das-gezeitenkraftwerk-von-la-richardais","status":"publish","type":"page","link":"https:\/\/www.dinardemeraudetourisme.com\/de\/die-highlights\/das-gezeitenkraftwerk-von-la-richardais\/","title":{"rendered":"Das Gezeitenkraftwerk von La Richardais"},"content":{"rendered":"\n<h2 class=\"wp-block-heading has-text-align-center\" style=\"padding-top:var(--wp--preset--spacing--50);padding-bottom:var(--wp--preset--spacing--50)\">Im Rhythmus der Gezeiten im Gezeitenkraftwerk von La Richardais<\/h2>\n\n\n\n<p>Die Highlights von La Richardais.<br>Tauchen Sie ein in die innovative Ingenieurskunst des Gezeitenkraftwerks von La Richardais, wo die Kraft der bretonischen Gezeiten genutzt und in erneuerbare Energie umgewandelt wird. Schon bei Ihrer Ankunft werden Sie von der Gr\u00f6\u00dfe dieser wegweisenden Anlage beeindruckt sein, die wie ein Denkmal menschlicher Ingeniosit\u00e4t angesichts der nat\u00fcrlichen Kraft des Meeres emporragt. W\u00e4hrend Ihrer Besichtigung erfahren Sie, wie dieses Kraftwerk die steigenden und fallenden Gezeiten zur Stromerzeugung nutzt \u2013 eine technische Meisterleistung, die auf verst\u00e4ndliche und fesselnde Weise erkl\u00e4rt wird. Jede Informationstafel und jede Station der Tour vertieft Ihr Verst\u00e4ndnis der Gezeitenkraft, einem herausragenden Beispiel f\u00fcr nachhaltige Energie in Aktion.<\/p>\n\n\n\n<h3 class=\"wp-block-heading\" style=\"padding-top:var(--wp--preset--spacing--50);padding-bottom:var(--wp--preset--spacing--50)\">Elektrizit\u00e4t durch die Kraft der Gezeiten<\/h3>\n\n\n\n<p>Die Bewohner der Rance-Ufer haben die Gezeitenkraft schon seit langer Zeit genutzt. Einige alte Gezeitenm\u00fchlen sind noch zu sehen, auch wenn sie nicht mehr in Betrieb sind. Einige wurden restauriert, wie zum Beispiel die <strong>Moulin du Prat<\/strong>, die f\u00fcr die \u00d6ffentlichkeit zug\u00e4nglich ist. Das Gezeitenkraftwerk der Rance basiert auf dem Modell dieser alten Gezeitenm\u00fchlen, und das Projekt entstand Ende des 19. Jahrhunderts. Heute produziert es t\u00e4glich so viel Strom wie der j\u00e4hrliche Verbrauch des Ballungsraums von Rennes.<\/p>\n\n\n\n<div class=\"wp-block-columns is-layout-flex wp-container-core-columns-is-layout-28f84493 wp-block-columns-is-layout-flex\">\n<div class=\"wp-block-column is-layout-flow wp-block-column-is-layout-flow\">\n<figure class=\"wp-block-image size-large\"><img loading=\"lazy\" decoding=\"async\" width=\"683\" height=\"1024\" src=\"https:\/\/www.dinardemeraudetourisme.com\/app\/uploads\/2024\/04\/173-ot-dinard-pointe-de-cancaval-studio-jezequel-2023-683x1024.jpg\" alt=\"L'usine mar\u00e9motrice de la Rance vue de la Pointe De Cancaval \u00e0 Pleurtuit. L'espace Odyss\u00e9lec permet de visiter et comprendre le fonctionnement de ce fleuron industriel fran\u00e7ais implant\u00e9 en Bretagne.\" class=\"wp-image-3386\" style=\"aspect-ratio:4\/3;object-fit:cover\" srcset=\"https:\/\/www.dinardemeraudetourisme.com\/app\/uploads\/2024\/04\/173-ot-dinard-pointe-de-cancaval-studio-jezequel-2023-683x1024.jpg 683w, https:\/\/www.dinardemeraudetourisme.com\/app\/uploads\/2024\/04\/173-ot-dinard-pointe-de-cancaval-studio-jezequel-2023-200x300.jpg 200w, https:\/\/www.dinardemeraudetourisme.com\/app\/uploads\/2024\/04\/173-ot-dinard-pointe-de-cancaval-studio-jezequel-2023-768x1152.jpg 768w, https:\/\/www.dinardemeraudetourisme.com\/app\/uploads\/2024\/04\/173-ot-dinard-pointe-de-cancaval-studio-jezequel-2023-1024x1536.jpg 1024w, https:\/\/www.dinardemeraudetourisme.com\/app\/uploads\/2024\/04\/173-ot-dinard-pointe-de-cancaval-studio-jezequel-2023-13x20.jpg 13w, https:\/\/www.dinardemeraudetourisme.com\/app\/uploads\/2024\/04\/173-ot-dinard-pointe-de-cancaval-studio-jezequel-2023-33x50.jpg 33w, https:\/\/www.dinardemeraudetourisme.com\/app\/uploads\/2024\/04\/173-ot-dinard-pointe-de-cancaval-studio-jezequel-2023-20x30.jpg 20w, https:\/\/www.dinardemeraudetourisme.com\/app\/uploads\/2024\/04\/173-ot-dinard-pointe-de-cancaval-studio-jezequel-2023-40x60.jpg 40w, https:\/\/www.dinardemeraudetourisme.com\/app\/uploads\/2024\/04\/173-ot-dinard-pointe-de-cancaval-studio-jezequel-2023-53x80.jpg 53w, https:\/\/www.dinardemeraudetourisme.com\/app\/uploads\/2024\/04\/173-ot-dinard-pointe-de-cancaval-studio-jezequel-2023-93x140.jpg 93w, https:\/\/www.dinardemeraudetourisme.com\/app\/uploads\/2024\/04\/173-ot-dinard-pointe-de-cancaval-studio-jezequel-2023-107x160.jpg 107w, https:\/\/www.dinardemeraudetourisme.com\/app\/uploads\/2024\/04\/173-ot-dinard-pointe-de-cancaval-studio-jezequel-2023-213x320.jpg 213w, https:\/\/www.dinardemeraudetourisme.com\/app\/uploads\/2024\/04\/173-ot-dinard-pointe-de-cancaval-studio-jezequel-2023-27x40.jpg 27w, https:\/\/www.dinardemeraudetourisme.com\/app\/uploads\/2024\/04\/173-ot-dinard-pointe-de-cancaval-studio-jezequel-2023-533x800.jpg 533w, https:\/\/www.dinardemeraudetourisme.com\/app\/uploads\/2024\/04\/173-ot-dinard-pointe-de-cancaval-studio-jezequel-2023-800x1200.jpg 800w, https:\/\/www.dinardemeraudetourisme.com\/app\/uploads\/2024\/04\/173-ot-dinard-pointe-de-cancaval-studio-jezequel-2023.jpg 1280w\" sizes=\"auto, (max-width: 683px) 100vw, 683px\" \/><\/figure>\n<\/div>\n\n\n\n<div class=\"wp-block-column is-layout-flow wp-block-column-is-layout-flow\">\n<figure class=\"wp-block-image size-large\"><img decoding=\"async\" src=\"https:\/\/www.dinardemeraudetourisme.com\/app\/uploads\/2024\/04\/images-aeriennes-barrage-de-la-rance-1024x680.webp\" alt=\"Images Aeriennes Barrage De La Rance\" class=\"wp-image-4699\" style=\"aspect-ratio:4\/3;object-fit:cover\"\/><\/figure>\n<\/div>\n<\/div>\n\n\n\n<h3 class=\"wp-block-heading\" style=\"padding-top:var(--wp--preset--spacing--50);padding-bottom:var(--wp--preset--spacing--50)\"><strong>Eintrittspunkt in das M\u00fcndungsgebiet der Rance<\/strong><\/h3>\n\n\n\n<p><strong>Die Sehensw\u00fcrdigkeiten von La Richardais.<\/strong><br>Auf der einen Seite des Damms liegt das Meer, auf der anderen die Rance \u2013 beide bieten atemberaubende Aussichten! Auf der Meerseite zeichnen sich die Villen von Dinard an der Pointe de la Vicomt\u00e9 im Westen ab, w\u00e4hrend man im Osten Saint-Malo und seinen Tour Solidor im Viertel Saint-Servan sieht. \u00dcberqueren Sie den Damm auf dem Fu\u00dfweg, um die beiden Gemeinden \u00fcber den K\u00fcstenpfad zu verbinden.<\/p>\n\n\n\n<p><strong>Wussten Sie schon? <\/strong>J\u00e4hrlich passieren 20.000 Boote die Schleuse.<\/p>\n\n\n\n<p>Auf der Rance-Seite erkennt man die Pointe de Cancaval auf der linken Uferseite mit den dahinterliegenden Werften von Minihic-sur-Rance. Auf der rechten Seite liegt der Fischereihafen von Saint-Suliac mit seinen charmanten Steinh\u00e4usern. Wenn Sie das \u00c4stuar weiter hinauffahren, erreichen Sie den Hafen der mittelalterlichen Stadt Dinan.<\/p>\n\n\n\n<h3 class=\"wp-block-heading\" style=\"padding-top:var(--wp--preset--spacing--50);padding-bottom:var(--wp--preset--spacing--50)\">Ein einzigartiges Bauwerk in Frankreich zu besichtigen<\/h3>\n\n\n\n<p>In den 1960er Jahren gebaut, war das Gezeitenkraftwerk von La Rance das erste seiner Art weltweit. Au\u00dferdem bietet der Raum Odyss\u00e9lec einen interaktiven Entdeckungspfad mit Blick in die Maschinenhalle und gef\u00fchrte Touren, um die Funktionsweise des Kraftwerks zu verstehen. Die Besuche sind kostenlos.<\/p>\n\n\n\n<h3 class=\"wp-block-heading\" style=\"padding-top:var(--wp--preset--spacing--50);padding-bottom:var(--wp--preset--spacing--50)\">Praktisch!<\/h3>\n\n\n\n<p>Aufgrund der erh\u00f6hten Sicherheitsma\u00dfnahmen im Rahmen des Plans Vigipirate und der h\u00f6chsten Alarmstufe (Terroralarm) m\u00fcssen alle gef\u00fchrten Touren und Aktivit\u00e4ten im Voraus gebucht werden. Der Zugang zum EDF Odyss\u00e9lec-Raum ist nicht mehr frei zug\u00e4nglich. Wir danken Ihnen f\u00fcr Ihr Verst\u00e4ndnis.<\/p>\n\n\n\n<p>\u00d6ffentliche F\u00fchrungen: 11 Uhr, 14:30 Uhr und 16:30 Uhr.<br><a href=\"https:\/\/www.edf.fr\/sites\/groupe\/files\/2024-03\/20240328_Calendrier%20ouverture%202024_%20Espace%20EDF%20Odyss%C3%A9lec_La%20Rance.pdf\">Den Veranstaltungskalender finden Sie online <\/a><\/p>\n\n\n\n<div class=\"wp-block-buttons is-layout-flex wp-block-buttons-is-layout-flex\">\n<div class=\"wp-block-button\"><a class=\"wp-block-button__link wp-element-button\" href=\"https:\/\/www.edf.fr\/usine-maremotrice-rance\/visiter\" target=\"_blank\" rel=\"noreferrer noopener\">Eine F\u00fchrung reservieren<\/a><\/div>\n<\/div>\n","protected":false},"excerpt":{"rendered":"<p>Im Rhythmus der Gezeiten im Gezeitenkraftwerk von La Richardais Die Highlights von La Richardais.Tauchen Sie ein in die innovative Ingenieurskunst des Gezeitenkraftwerks von La Richardais, wo die Kraft der bretonischen Gezeiten genutzt und in erneuerbare Energie umgewandelt wird. Schon bei Ihrer Ankunft werden Sie von der Gr\u00f6\u00dfe dieser wegweisenden Anlage beeindruckt sein, die wie ein [&hellip;]<\/p>\n","protected":false},"author":2,"featured_media":3403,"parent":10300,"menu_order":0,"comment_status":"closed","ping_status":"closed","template":"template-header-large.php","meta":{"_acf_changed":false,"footnotes":""},"class_list":["post-10334","page","type-page","status-publish","has-post-thumbnail","hentry"],"acf":[],"yoast_head":"<!-- This site is optimized with the Yoast SEO plugin v27.1.1 - https:\/\/yoast.com\/product\/yoast-seo-wordpress\/ -->\n<title>Das Gezeitenkraftwerk von La Richardais - Dinard \u00c9meraude Tourisme<\/title>\n<meta name=\"description\" content=\"Die Highlights von La Richardais\" \/>\n<meta name=\"robots\" content=\"index, follow, max-snippet:-1, max-image-preview:large, max-video-preview:-1\" \/>\n<link rel=\"canonical\" href=\"https:\/\/www.dinardemeraudetourisme.com\/de\/die-highlights\/das-gezeitenkraftwerk-von-la-richardais\/\" \/>\n<meta property=\"og:locale\" content=\"de_DE\" \/>\n<meta property=\"og:type\" content=\"article\" \/>\n<meta property=\"og:title\" content=\"Das Gezeitenkraftwerk von La Richardais - Dinard \u00c9meraude Tourisme\" \/>\n<meta property=\"og:description\" content=\"Die Highlights von La Richardais\" \/>\n<meta property=\"og:url\" content=\"https:\/\/www.dinardemeraudetourisme.com\/de\/die-highlights\/das-gezeitenkraftwerk-von-la-richardais\/\" \/>\n<meta property=\"og:site_name\" content=\"Dinard \u00c9meraude Tourisme\" \/>\n<meta property=\"article:modified_time\" content=\"2024-10-17T12:59:26+00:00\" \/>\n<meta property=\"og:image\" content=\"https:\/\/www.dinardemeraudetourisme.com\/app\/uploads\/2024\/04\/anse-des-grandes-rivieres-la-richardais-credit-lezbroz-scaled.jpg\" \/>\n\t<meta property=\"og:image:width\" content=\"2560\" \/>\n\t<meta property=\"og:image:height\" content=\"1706\" \/>\n\t<meta property=\"og:image:type\" content=\"image\/jpeg\" \/>\n<meta name=\"twitter:card\" content=\"summary_large_image\" \/>\n<meta name=\"twitter:label1\" content=\"Gesch\u00e4tzte Lesezeit\" \/>\n\t<meta name=\"twitter:data1\" content=\"3 minutes\" \/>\n<script type=\"application\/ld+json\" class=\"yoast-schema-graph\">{\"@context\":\"https:\/\/schema.org\",\"@graph\":[{\"@type\":\"WebPage\",\"@id\":\"https:\/\/www.dinardemeraudetourisme.com\/de\/die-highlights\/das-gezeitenkraftwerk-von-la-richardais\/\",\"url\":\"https:\/\/www.dinardemeraudetourisme.com\/de\/die-highlights\/das-gezeitenkraftwerk-von-la-richardais\/\",\"name\":\"Das Gezeitenkraftwerk von La Richardais - Dinard \u00c9meraude Tourisme\",\"isPartOf\":{\"@id\":\"https:\/\/www.dinardemeraudetourisme.com\/de\/#website\"},\"primaryImageOfPage\":{\"@id\":\"https:\/\/www.dinardemeraudetourisme.com\/de\/die-highlights\/das-gezeitenkraftwerk-von-la-richardais\/#primaryimage\"},\"image\":{\"@id\":\"https:\/\/www.dinardemeraudetourisme.com\/de\/die-highlights\/das-gezeitenkraftwerk-von-la-richardais\/#primaryimage\"},\"thumbnailUrl\":\"https:\/\/www.dinardemeraudetourisme.com\/app\/uploads\/2024\/04\/anse-des-grandes-rivieres-la-richardais-credit-lezbroz-scaled.jpg\",\"datePublished\":\"2024-04-25T14:11:42+00:00\",\"dateModified\":\"2024-10-17T12:59:26+00:00\",\"description\":\"Die Highlights von La Richardais\",\"breadcrumb\":{\"@id\":\"https:\/\/www.dinardemeraudetourisme.com\/de\/die-highlights\/das-gezeitenkraftwerk-von-la-richardais\/#breadcrumb\"},\"inLanguage\":\"de-DE\",\"potentialAction\":[{\"@type\":\"ReadAction\",\"target\":[\"https:\/\/www.dinardemeraudetourisme.com\/de\/die-highlights\/das-gezeitenkraftwerk-von-la-richardais\/\"]}]},{\"@type\":\"ImageObject\",\"inLanguage\":\"de-DE\",\"@id\":\"https:\/\/www.dinardemeraudetourisme.com\/de\/die-highlights\/das-gezeitenkraftwerk-von-la-richardais\/#primaryimage\",\"url\":\"https:\/\/www.dinardemeraudetourisme.com\/app\/uploads\/2024\/04\/anse-des-grandes-rivieres-la-richardais-credit-lezbroz-scaled.jpg\",\"contentUrl\":\"https:\/\/www.dinardemeraudetourisme.com\/app\/uploads\/2024\/04\/anse-des-grandes-rivieres-la-richardais-credit-lezbroz-scaled.jpg\",\"width\":2560,\"height\":1706,\"caption\":\"Anse Des Grandes Rivi\u00e8res La Richardais vue du ciel. Un endroit paisible \u00e0 d\u00e9couvrir sur les bords de la Rance.\"},{\"@type\":\"WebSite\",\"@id\":\"https:\/\/www.dinardemeraudetourisme.com\/de\/#website\",\"url\":\"https:\/\/www.dinardemeraudetourisme.com\/de\/\",\"name\":\"Dinard \u00c9meraude Tourisme\",\"description\":\"\",\"potentialAction\":[{\"@type\":\"SearchAction\",\"target\":{\"@type\":\"EntryPoint\",\"urlTemplate\":\"https:\/\/www.dinardemeraudetourisme.com\/de\/?s={search_term_string}\"},\"query-input\":{\"@type\":\"PropertyValueSpecification\",\"valueRequired\":true,\"valueName\":\"search_term_string\"}}],\"inLanguage\":\"de-DE\"}]}<\/script>\n<!-- \/ Yoast SEO plugin. -->","yoast_head_json":{"title":"Das Gezeitenkraftwerk von La Richardais - Dinard \u00c9meraude Tourisme","description":"Die Highlights von La Richardais","robots":{"index":"index","follow":"follow","max-snippet":"max-snippet:-1","max-image-preview":"max-image-preview:large","max-video-preview":"max-video-preview:-1"},"canonical":"https:\/\/www.dinardemeraudetourisme.com\/de\/die-highlights\/das-gezeitenkraftwerk-von-la-richardais\/","og_locale":"de_DE","og_type":"article","og_title":"Das Gezeitenkraftwerk von La Richardais - Dinard \u00c9meraude Tourisme","og_description":"Die Highlights von La Richardais","og_url":"https:\/\/www.dinardemeraudetourisme.com\/de\/die-highlights\/das-gezeitenkraftwerk-von-la-richardais\/","og_site_name":"Dinard \u00c9meraude Tourisme","article_modified_time":"2024-10-17T12:59:26+00:00","og_image":[{"width":2560,"height":1706,"url":"https:\/\/www.dinardemeraudetourisme.com\/app\/uploads\/2024\/04\/anse-des-grandes-rivieres-la-richardais-credit-lezbroz-scaled.jpg","type":"image\/jpeg"}],"twitter_card":"summary_large_image","twitter_misc":{"Gesch\u00e4tzte Lesezeit":"3 minutes"},"schema":{"@context":"https:\/\/schema.org","@graph":[{"@type":"WebPage","@id":"https:\/\/www.dinardemeraudetourisme.com\/de\/die-highlights\/das-gezeitenkraftwerk-von-la-richardais\/","url":"https:\/\/www.dinardemeraudetourisme.com\/de\/die-highlights\/das-gezeitenkraftwerk-von-la-richardais\/","name":"Das Gezeitenkraftwerk von La Richardais - Dinard \u00c9meraude Tourisme","isPartOf":{"@id":"https:\/\/www.dinardemeraudetourisme.com\/de\/#website"},"primaryImageOfPage":{"@id":"https:\/\/www.dinardemeraudetourisme.com\/de\/die-highlights\/das-gezeitenkraftwerk-von-la-richardais\/#primaryimage"},"image":{"@id":"https:\/\/www.dinardemeraudetourisme.com\/de\/die-highlights\/das-gezeitenkraftwerk-von-la-richardais\/#primaryimage"},"thumbnailUrl":"https:\/\/www.dinardemeraudetourisme.com\/app\/uploads\/2024\/04\/anse-des-grandes-rivieres-la-richardais-credit-lezbroz-scaled.jpg","datePublished":"2024-04-25T14:11:42+00:00","dateModified":"2024-10-17T12:59:26+00:00","description":"Die Highlights von La Richardais","breadcrumb":{"@id":"https:\/\/www.dinardemeraudetourisme.com\/de\/die-highlights\/das-gezeitenkraftwerk-von-la-richardais\/#breadcrumb"},"inLanguage":"de-DE","potentialAction":[{"@type":"ReadAction","target":["https:\/\/www.dinardemeraudetourisme.com\/de\/die-highlights\/das-gezeitenkraftwerk-von-la-richardais\/"]}]},{"@type":"ImageObject","inLanguage":"de-DE","@id":"https:\/\/www.dinardemeraudetourisme.com\/de\/die-highlights\/das-gezeitenkraftwerk-von-la-richardais\/#primaryimage","url":"https:\/\/www.dinardemeraudetourisme.com\/app\/uploads\/2024\/04\/anse-des-grandes-rivieres-la-richardais-credit-lezbroz-scaled.jpg","contentUrl":"https:\/\/www.dinardemeraudetourisme.com\/app\/uploads\/2024\/04\/anse-des-grandes-rivieres-la-richardais-credit-lezbroz-scaled.jpg","width":2560,"height":1706,"caption":"Anse Des Grandes Rivi\u00e8res La Richardais vue du ciel. Un endroit paisible \u00e0 d\u00e9couvrir sur les bords de la Rance."},{"@type":"WebSite","@id":"https:\/\/www.dinardemeraudetourisme.com\/de\/#website","url":"https:\/\/www.dinardemeraudetourisme.com\/de\/","name":"Dinard \u00c9meraude Tourisme","description":"","potentialAction":[{"@type":"SearchAction","target":{"@type":"EntryPoint","urlTemplate":"https:\/\/www.dinardemeraudetourisme.com\/de\/?s={search_term_string}"},"query-input":{"@type":"PropertyValueSpecification","valueRequired":true,"valueName":"search_term_string"}}],"inLanguage":"de-DE"}]}},"_links":{"self":[{"href":"https:\/\/www.dinardemeraudetourisme.com\/de\/wp-json\/wp\/v2\/pages\/10334","targetHints":{"allow":["GET"]}}],"collection":[{"href":"https:\/\/www.dinardemeraudetourisme.com\/de\/wp-json\/wp\/v2\/pages"}],"about":[{"href":"https:\/\/www.dinardemeraudetourisme.com\/de\/wp-json\/wp\/v2\/types\/page"}],"author":[{"embeddable":true,"href":"https:\/\/www.dinardemeraudetourisme.com\/de\/wp-json\/wp\/v2\/users\/2"}],"replies":[{"embeddable":true,"href":"https:\/\/www.dinardemeraudetourisme.com\/de\/wp-json\/wp\/v2\/comments?post=10334"}],"version-history":[{"count":1,"href":"https:\/\/www.dinardemeraudetourisme.com\/de\/wp-json\/wp\/v2\/pages\/10334\/revisions"}],"predecessor-version":[{"id":10335,"href":"https:\/\/www.dinardemeraudetourisme.com\/de\/wp-json\/wp\/v2\/pages\/10334\/revisions\/10335"}],"up":[{"embeddable":true,"href":"https:\/\/www.dinardemeraudetourisme.com\/de\/wp-json\/wp\/v2\/pages\/10300"}],"wp:featuredmedia":[{"embeddable":true,"href":"https:\/\/www.dinardemeraudetourisme.com\/de\/wp-json\/wp\/v2\/media\/3403"}],"wp:attachment":[{"href":"https:\/\/www.dinardemeraudetourisme.com\/de\/wp-json\/wp\/v2\/media?parent=10334"}],"curies":[{"name":"wp","href":"https:\/\/api.w.org\/{rel}","templated":true}]}}