{"id":10331,"date":"2024-04-25T16:11:23","date_gmt":"2024-04-25T14:11:23","guid":{"rendered":"https:\/\/www.dinardemeraudetourisme.com?page_id=10331"},"modified":"2025-01-14T10:46:00","modified_gmt":"2025-01-14T09:46:00","slug":"die-pointe-de-cancaval-in-pleurtuit","status":"publish","type":"page","link":"https:\/\/www.dinardemeraudetourisme.com\/de\/die-highlights\/die-pointe-de-cancaval-in-pleurtuit\/","title":{"rendered":"Die Pointe de Cancaval in Pleurtuit"},"content":{"rendered":"\n<h2 class=\"wp-block-heading has-text-align-center\" style=\"padding-top:var(--wp--preset--spacing--50);padding-bottom:var(--wp--preset--spacing--50)\">Idyllische Wanderung an <strong>der Pointe de Cancaval in Pleurtuit<\/strong><\/h2>\n\n\n\n<p>Die Highlights von Pleurtuit.<br>Beginnen Sie Ihr Abenteuer an der Pointe de Cancaval, einem versteckten Schatz von Pleurtuit, wo der Charme der Bretagne sich mit jedem Schritt offenbart. Bei Ihrer Ankunft breitet sich die Pracht der K\u00fcstenlandschaften vor Ihnen aus und verspricht ein au\u00dfergew\u00f6hnliches Wandererlebnis. W\u00e4hrend Sie den Weg entlang gehen, werden Sie von der Vielfalt der einheimischen Flora umgeben. Der Duft des Meeres vermischt sich mit den Aromen der Wildblumen und schafft ein olfaktorisches Bild, das so reich ist wie die visuellen Panoramen. Jede Kurve des Weges bietet einen neuen atemberaubenden Blick auf die Rance und l\u00e4dt ein, innezuhalten und diesen Moment mit Ihrem Herzen und Ihrer Kamera festzuhalten.<\/p>\n\n\n\n<p>Wenn Sie Ihren Weg fortsetzen, entdecken Sie au\u00dfergew\u00f6hnliche Aussichtspunkte, von denen aus man die Ufer der Rance beobachten kann. Diese bevorzugten Orte sind perfekt f\u00fcr diejenigen, die eine Verbindung zur Natur suchen und einen Moment der Ruhe abseits des t\u00e4glichen Trubels finden m\u00f6chten.<\/p>\n\n\n\n<h3 class=\"wp-block-heading\" style=\"padding-top:var(--wp--preset--spacing--50);padding-bottom:var(--wp--preset--spacing--50)\">Ein gesch\u00fctzter Naturort abseits des Trubels<\/h3>\n\n\n\n<p>Die Highlights von Pleurtuit.<br>Auf der Suche nach weniger frequentierten Wanderwegen? Fahren Sie zur Pointe de Cancaval in der Gemeinde Pleurtuit entlang der Rance. Wenn Sie dem K\u00fcstenweg GR34C\u00ae vom ruhigen Weiler Cancaval folgen, k\u00f6nnen Sie in aller Ruhe die sch\u00f6nen Ausblicke auf die M\u00fcndung der Rance genie\u00dfen.<\/p>\n\n\n\n<p>Gehen Sie entlang dieser vollst\u00e4ndig bewaldeten, felsigen Spitze, die von kleinen Buchten ges\u00e4umt ist, die zum Eintauchen einladen. Die Seepinien, die sich im t\u00fcrkisfarbenen Wasser spiegeln, verleihen ihr mediterranen Flair. Ein echter Tapetenwechsel!<\/p>\n\n\n\n<div class=\"wp-block-columns is-layout-flex wp-container-core-columns-is-layout-28f84493 wp-block-columns-is-layout-flex\">\n<div class=\"wp-block-column is-layout-flow wp-block-column-is-layout-flow\">\n<figure class=\"wp-block-image size-large\"><img loading=\"lazy\" decoding=\"async\" width=\"1024\" height=\"683\" src=\"https:\/\/www.dinardemeraudetourisme.com\/app\/uploads\/2024\/04\/pleurtuit-dinardemeraudetourisme-1024x683.webp\" alt=\"Ponton de la cale de Montmarin \u00e0 Pleurtuit. Une femme assise sur le ponton observe le coucher de soleil avec ses nuances de bleu et de rose. Elle porte un cir\u00e9 jaune. \" class=\"wp-image-1443\" srcset=\"https:\/\/www.dinardemeraudetourisme.com\/app\/uploads\/2024\/04\/pleurtuit-dinardemeraudetourisme-1024x683.webp 1024w, https:\/\/www.dinardemeraudetourisme.com\/app\/uploads\/2024\/04\/pleurtuit-dinardemeraudetourisme-300x200.webp 300w, https:\/\/www.dinardemeraudetourisme.com\/app\/uploads\/2024\/04\/pleurtuit-dinardemeraudetourisme-768x512.webp 768w, https:\/\/www.dinardemeraudetourisme.com\/app\/uploads\/2024\/04\/pleurtuit-dinardemeraudetourisme-1536x1024.webp 1536w, https:\/\/www.dinardemeraudetourisme.com\/app\/uploads\/2024\/04\/pleurtuit-dinardemeraudetourisme-20x13.webp 20w, https:\/\/www.dinardemeraudetourisme.com\/app\/uploads\/2024\/04\/pleurtuit-dinardemeraudetourisme-50x33.webp 50w, https:\/\/www.dinardemeraudetourisme.com\/app\/uploads\/2024\/04\/pleurtuit-dinardemeraudetourisme-45x30.webp 45w, https:\/\/www.dinardemeraudetourisme.com\/app\/uploads\/2024\/04\/pleurtuit-dinardemeraudetourisme-60x40.webp 60w, https:\/\/www.dinardemeraudetourisme.com\/app\/uploads\/2024\/04\/pleurtuit-dinardemeraudetourisme-80x53.webp 80w, https:\/\/www.dinardemeraudetourisme.com\/app\/uploads\/2024\/04\/pleurtuit-dinardemeraudetourisme-110x73.webp 110w, https:\/\/www.dinardemeraudetourisme.com\/app\/uploads\/2024\/04\/pleurtuit-dinardemeraudetourisme-160x107.webp 160w, https:\/\/www.dinardemeraudetourisme.com\/app\/uploads\/2024\/04\/pleurtuit-dinardemeraudetourisme-250x167.webp 250w, https:\/\/www.dinardemeraudetourisme.com\/app\/uploads\/2024\/04\/pleurtuit-dinardemeraudetourisme-1200x800.webp 1200w, https:\/\/www.dinardemeraudetourisme.com\/app\/uploads\/2024\/04\/pleurtuit-dinardemeraudetourisme-1800x1200.webp 1800w, https:\/\/www.dinardemeraudetourisme.com\/app\/uploads\/2024\/04\/pleurtuit-dinardemeraudetourisme.webp 2048w\" sizes=\"auto, (max-width: 1024px) 100vw, 1024px\" \/><\/figure>\n<\/div>\n\n\n\n<div class=\"wp-block-column is-layout-flow wp-block-column-is-layout-flow\">\n<figure class=\"wp-block-image size-full\"><img loading=\"lazy\" decoding=\"async\" width=\"1000\" height=\"666\" src=\"https:\/\/www.dinardemeraudetourisme.com\/app\/uploads\/2024\/04\/cancaval-a-pleurtuit-par-niclofilm-web.webp\" alt=\"Vue a\u00e9rienne de la Pointe de Cancaval A Pleurtuit Par Niclofilm Web Les incontournables de Pleurtuit\" class=\"wp-image-1447\" srcset=\"https:\/\/www.dinardemeraudetourisme.com\/app\/uploads\/2024\/04\/cancaval-a-pleurtuit-par-niclofilm-web.webp 1000w, https:\/\/www.dinardemeraudetourisme.com\/app\/uploads\/2024\/04\/cancaval-a-pleurtuit-par-niclofilm-web-300x200.webp 300w, https:\/\/www.dinardemeraudetourisme.com\/app\/uploads\/2024\/04\/cancaval-a-pleurtuit-par-niclofilm-web-768x511.webp 768w, https:\/\/www.dinardemeraudetourisme.com\/app\/uploads\/2024\/04\/cancaval-a-pleurtuit-par-niclofilm-web-20x13.webp 20w, https:\/\/www.dinardemeraudetourisme.com\/app\/uploads\/2024\/04\/cancaval-a-pleurtuit-par-niclofilm-web-50x33.webp 50w, https:\/\/www.dinardemeraudetourisme.com\/app\/uploads\/2024\/04\/cancaval-a-pleurtuit-par-niclofilm-web-45x30.webp 45w, https:\/\/www.dinardemeraudetourisme.com\/app\/uploads\/2024\/04\/cancaval-a-pleurtuit-par-niclofilm-web-60x40.webp 60w, https:\/\/www.dinardemeraudetourisme.com\/app\/uploads\/2024\/04\/cancaval-a-pleurtuit-par-niclofilm-web-80x53.webp 80w, https:\/\/www.dinardemeraudetourisme.com\/app\/uploads\/2024\/04\/cancaval-a-pleurtuit-par-niclofilm-web-110x73.webp 110w, https:\/\/www.dinardemeraudetourisme.com\/app\/uploads\/2024\/04\/cancaval-a-pleurtuit-par-niclofilm-web-160x107.webp 160w, https:\/\/www.dinardemeraudetourisme.com\/app\/uploads\/2024\/04\/cancaval-a-pleurtuit-par-niclofilm-web-250x167.webp 250w\" sizes=\"auto, (max-width: 1000px) 100vw, 1000px\" \/><\/figure>\n<\/div>\n<\/div>\n\n\n\n<h3 class=\"wp-block-heading\" style=\"padding-top:var(--wp--preset--spacing--50);padding-bottom:var(--wp--preset--spacing--50)\">Eine maritime Tradition<\/h3>\n\n\n\n<p>Durch ihre vorgelagerte Position an der Rance diente sie als nat\u00fcrliche Verteidigung zum Schutz der weiter flussaufw\u00e4rts gelegenen H\u00e4fen. Die Rance, einer der gr\u00f6\u00dften \u00c4stuare (Abers) der Bretagne, ist ein au\u00dfergew\u00f6hnlicher Ort, an dem sich Salz- und S\u00fc\u00dfwasser vermischen. Die Pointe de Cancaval, wie auch andere Gemeinden entlang der Rance, hat eine tief verwurzelte maritime Tradition, wie die alten Werften der Malouini\u00e8re du Montmarin bezeugen.<\/p>\n\n\n\n<h3 class=\"wp-block-heading\" style=\"padding-top:var(--wp--preset--spacing--50);padding-bottom:var(--wp--preset--spacing--50)\">Au\u00dfergew\u00f6hnliche Aussichtspunkte<\/h3>\n\n\n\n<p>Von der Pointe de Cancaval aus k\u00f6nnen Sie sich an der beeindruckenden Aussicht auf das Rance-Sperrwerk erfreuen, ein einzigartiges Gezeitenkraftwerk in Frankreich, das Strom aus der Kraft der Gezeiten erzeugt. Das Sperrwerk der Rance kann kostenlos besichtigt werden \u2013 ein Besuch lohnt sich also! Auch das Panorama auf das rechte Ufer der Rance ist atemberaubend! Verpassen Sie nicht die Pointe de la Passag\u00e8re, hinter der sich ein geheimnisvoller Schiffsfriedhof verbirgt.<\/p>\n\n\n\n<div class=\"wp-block-columns is-layout-flex wp-container-core-columns-is-layout-28f84493 wp-block-columns-is-layout-flex\">\n<div class=\"wp-block-column is-layout-flow wp-block-column-is-layout-flow\">\n<figure class=\"wp-block-image size-large\"><img loading=\"lazy\" decoding=\"async\" width=\"1024\" height=\"683\" src=\"https:\/\/www.dinardemeraudetourisme.com\/app\/uploads\/2024\/04\/180-ot-dinard-pointe-de-cancaval-studio-jezequel-2023-1024x683.jpg\" alt=\"La Pointe De Cancaval \u00e0 Pleurtuit, un espace naturel prot\u00e9g\u00e9 \u00e0 d\u00e9couvrir lors d'une randonn\u00e9e. Une panorama imprenable sur l'estuaire de la Rance s'offre aux promeneurs.\nLes incontournables de Pleurtuit\" class=\"wp-image-3415\" srcset=\"https:\/\/www.dinardemeraudetourisme.com\/app\/uploads\/2024\/04\/180-ot-dinard-pointe-de-cancaval-studio-jezequel-2023-1024x683.jpg 1024w, https:\/\/www.dinardemeraudetourisme.com\/app\/uploads\/2024\/04\/180-ot-dinard-pointe-de-cancaval-studio-jezequel-2023-300x200.jpg 300w, https:\/\/www.dinardemeraudetourisme.com\/app\/uploads\/2024\/04\/180-ot-dinard-pointe-de-cancaval-studio-jezequel-2023-768x512.jpg 768w, https:\/\/www.dinardemeraudetourisme.com\/app\/uploads\/2024\/04\/180-ot-dinard-pointe-de-cancaval-studio-jezequel-2023-1536x1024.jpg 1536w, https:\/\/www.dinardemeraudetourisme.com\/app\/uploads\/2024\/04\/180-ot-dinard-pointe-de-cancaval-studio-jezequel-2023-20x13.jpg 20w, https:\/\/www.dinardemeraudetourisme.com\/app\/uploads\/2024\/04\/180-ot-dinard-pointe-de-cancaval-studio-jezequel-2023-50x33.jpg 50w, https:\/\/www.dinardemeraudetourisme.com\/app\/uploads\/2024\/04\/180-ot-dinard-pointe-de-cancaval-studio-jezequel-2023-45x30.jpg 45w, https:\/\/www.dinardemeraudetourisme.com\/app\/uploads\/2024\/04\/180-ot-dinard-pointe-de-cancaval-studio-jezequel-2023-60x40.jpg 60w, https:\/\/www.dinardemeraudetourisme.com\/app\/uploads\/2024\/04\/180-ot-dinard-pointe-de-cancaval-studio-jezequel-2023-80x53.jpg 80w, https:\/\/www.dinardemeraudetourisme.com\/app\/uploads\/2024\/04\/180-ot-dinard-pointe-de-cancaval-studio-jezequel-2023-110x73.jpg 110w, https:\/\/www.dinardemeraudetourisme.com\/app\/uploads\/2024\/04\/180-ot-dinard-pointe-de-cancaval-studio-jezequel-2023-160x107.jpg 160w, https:\/\/www.dinardemeraudetourisme.com\/app\/uploads\/2024\/04\/180-ot-dinard-pointe-de-cancaval-studio-jezequel-2023-250x167.jpg 250w, https:\/\/www.dinardemeraudetourisme.com\/app\/uploads\/2024\/04\/180-ot-dinard-pointe-de-cancaval-studio-jezequel-2023-1200x800.jpg 1200w, https:\/\/www.dinardemeraudetourisme.com\/app\/uploads\/2024\/04\/180-ot-dinard-pointe-de-cancaval-studio-jezequel-2023-1800x1200.jpg 1800w, https:\/\/www.dinardemeraudetourisme.com\/app\/uploads\/2024\/04\/180-ot-dinard-pointe-de-cancaval-studio-jezequel-2023.jpg 1920w\" sizes=\"auto, (max-width: 1024px) 100vw, 1024px\" \/><\/figure>\n<\/div>\n\n\n\n<div class=\"wp-block-column is-layout-flow wp-block-column-is-layout-flow\">\n<figure class=\"wp-block-image size-large\"><img loading=\"lazy\" decoding=\"async\" width=\"1024\" height=\"683\" src=\"https:\/\/www.dinardemeraudetourisme.com\/app\/uploads\/2024\/04\/pleurtuit-en-hiver-cale-de-jouvente-french-wanderers-1-2048x1365-1-1024x683.webp\" alt=\"Pleurtuit En Hiver : panorama sur la Cale De Jouvente, lieu intimiste sur les bords de Rance. Rendez-vous pour un pique-nique ou une balade en bateau. Les incontournables de Pleurtuit\" class=\"wp-image-705\" srcset=\"https:\/\/www.dinardemeraudetourisme.com\/app\/uploads\/2024\/04\/pleurtuit-en-hiver-cale-de-jouvente-french-wanderers-1-2048x1365-1-1024x683.webp 1024w, https:\/\/www.dinardemeraudetourisme.com\/app\/uploads\/2024\/04\/pleurtuit-en-hiver-cale-de-jouvente-french-wanderers-1-2048x1365-1-300x200.webp 300w, https:\/\/www.dinardemeraudetourisme.com\/app\/uploads\/2024\/04\/pleurtuit-en-hiver-cale-de-jouvente-french-wanderers-1-2048x1365-1-768x512.webp 768w, https:\/\/www.dinardemeraudetourisme.com\/app\/uploads\/2024\/04\/pleurtuit-en-hiver-cale-de-jouvente-french-wanderers-1-2048x1365-1-1536x1024.webp 1536w, https:\/\/www.dinardemeraudetourisme.com\/app\/uploads\/2024\/04\/pleurtuit-en-hiver-cale-de-jouvente-french-wanderers-1-2048x1365-1-20x13.webp 20w, https:\/\/www.dinardemeraudetourisme.com\/app\/uploads\/2024\/04\/pleurtuit-en-hiver-cale-de-jouvente-french-wanderers-1-2048x1365-1-50x33.webp 50w, https:\/\/www.dinardemeraudetourisme.com\/app\/uploads\/2024\/04\/pleurtuit-en-hiver-cale-de-jouvente-french-wanderers-1-2048x1365-1-45x30.webp 45w, https:\/\/www.dinardemeraudetourisme.com\/app\/uploads\/2024\/04\/pleurtuit-en-hiver-cale-de-jouvente-french-wanderers-1-2048x1365-1-60x40.webp 60w, https:\/\/www.dinardemeraudetourisme.com\/app\/uploads\/2024\/04\/pleurtuit-en-hiver-cale-de-jouvente-french-wanderers-1-2048x1365-1-80x53.webp 80w, https:\/\/www.dinardemeraudetourisme.com\/app\/uploads\/2024\/04\/pleurtuit-en-hiver-cale-de-jouvente-french-wanderers-1-2048x1365-1-110x73.webp 110w, https:\/\/www.dinardemeraudetourisme.com\/app\/uploads\/2024\/04\/pleurtuit-en-hiver-cale-de-jouvente-french-wanderers-1-2048x1365-1-160x107.webp 160w, https:\/\/www.dinardemeraudetourisme.com\/app\/uploads\/2024\/04\/pleurtuit-en-hiver-cale-de-jouvente-french-wanderers-1-2048x1365-1-250x167.webp 250w, https:\/\/www.dinardemeraudetourisme.com\/app\/uploads\/2024\/04\/pleurtuit-en-hiver-cale-de-jouvente-french-wanderers-1-2048x1365-1-1200x800.webp 1200w, https:\/\/www.dinardemeraudetourisme.com\/app\/uploads\/2024\/04\/pleurtuit-en-hiver-cale-de-jouvente-french-wanderers-1-2048x1365-1-1800x1200.webp 1800w, https:\/\/www.dinardemeraudetourisme.com\/app\/uploads\/2024\/04\/pleurtuit-en-hiver-cale-de-jouvente-french-wanderers-1-2048x1365-1.webp 2048w\" sizes=\"auto, (max-width: 1024px) 100vw, 1024px\" \/><\/figure>\n<\/div>\n<\/div>\n\n\n\n<h3 class=\"wp-block-heading\" style=\"padding-top:var(--wp--preset--spacing--50);padding-bottom:var(--wp--preset--spacing--50)\">Praktisch!<\/h3>\n\n\n\n<p>Die Highlights von Pleurtuit.<br>Gef\u00fchrte Tour: <strong>PLEURTUIT \u2013 CANCAVAL &amp; SEINE GESCHICHTE<\/strong>.<br>Begeben Sie sich auf eine Wanderung zur Pointe de Cancaval und folgen Sie dem Guide. W\u00e4hrend Ihrer Tour entdecken Sie den historischen Reichtum dieser so gut erhaltenen Landschaft.<\/p>\n\n\n\n<ul class=\"wp-block-list\">\n<li><strong>Dauer:<\/strong> 1 Std. 30 Min.<\/li>\n\n\n\n<li><strong>Start:<\/strong> Parkplatz an der Pointe de Cancaval, les Baum\u00e9es de Cancaval, 35730 Pleurtuit.<\/li>\n\n\n\n<li><strong><a href=\"https:\/\/billetterie.dinardemeraudetourisme.com\/\">ZUR ONLINE-TICKETBUCHUNG<\/a><\/strong><\/li>\n<\/ul>\n","protected":false},"excerpt":{"rendered":"<p>\u00c0 la recherche de sentiers p\u00e9destres moins fr\u00e9quent\u00e9s\u00a0? Direction la Pointe de Cancaval, sur la commune de\u00a0Pleurtuit,\u00a0le long de la Rance. En suivant le sentier c\u00f4tier GR34C\u00ae depuis le tranquille hameau de Cancaval, vous pourrez admirer les beaux points de vue sur l\u2019estuaire de la Rance en toute qui\u00e9tude.<\/p>\n","protected":false},"author":2,"featured_media":3412,"parent":10300,"menu_order":0,"comment_status":"closed","ping_status":"closed","template":"template-header-large.php","meta":{"_acf_changed":false,"footnotes":""},"class_list":["post-10331","page","type-page","status-publish","has-post-thumbnail","hentry"],"acf":[],"yoast_head":"<!-- This site is optimized with the Yoast SEO plugin v27.6 - https:\/\/yoast.com\/product\/yoast-seo-wordpress\/ -->\n<title>Die Pointe de Cancaval in Pleurtuit - Dinard \u00c9meraude Tourisme<\/title>\n<meta name=\"description\" content=\"Die Highlights von Pleurtuit\" \/>\n<meta name=\"robots\" content=\"index, follow, max-snippet:-1, max-image-preview:large, max-video-preview:-1\" \/>\n<link rel=\"canonical\" href=\"https:\/\/www.dinardemeraudetourisme.com\/de\/die-highlights\/die-pointe-de-cancaval-in-pleurtuit\/\" \/>\n<meta property=\"og:locale\" content=\"de_DE\" \/>\n<meta property=\"og:type\" content=\"article\" \/>\n<meta property=\"og:title\" content=\"Die Pointe de Cancaval in Pleurtuit - Dinard \u00c9meraude Tourisme\" \/>\n<meta property=\"og:description\" content=\"Die Highlights von Pleurtuit\" \/>\n<meta property=\"og:url\" content=\"https:\/\/www.dinardemeraudetourisme.com\/de\/die-highlights\/die-pointe-de-cancaval-in-pleurtuit\/\" \/>\n<meta property=\"og:site_name\" content=\"Dinard \u00c9meraude Tourisme\" \/>\n<meta property=\"article:modified_time\" content=\"2025-01-14T09:46:00+00:00\" \/>\n<meta property=\"og:image\" content=\"https:\/\/www.dinardemeraudetourisme.com\/app\/uploads\/2024\/04\/pleurtuit-en-hiver-cale-de-jouvente-french-wanderers-1-2048x1365-1.webp\" \/>\n\t<meta property=\"og:image:width\" content=\"2048\" \/>\n\t<meta property=\"og:image:height\" content=\"1365\" \/>\n\t<meta property=\"og:image:type\" content=\"image\/webp\" \/>\n<meta name=\"twitter:card\" content=\"summary_large_image\" \/>\n<meta name=\"twitter:label1\" content=\"Gesch\u00e4tzte Lesezeit\" \/>\n\t<meta name=\"twitter:data1\" content=\"4 minutes\" \/>\n<script type=\"application\/ld+json\" class=\"yoast-schema-graph\">{\"@context\":\"https:\\\/\\\/schema.org\",\"@graph\":[{\"@type\":\"WebPage\",\"@id\":\"https:\\\/\\\/www.dinardemeraudetourisme.com\\\/de\\\/die-highlights\\\/die-pointe-de-cancaval-in-pleurtuit\\\/\",\"url\":\"https:\\\/\\\/www.dinardemeraudetourisme.com\\\/de\\\/die-highlights\\\/die-pointe-de-cancaval-in-pleurtuit\\\/\",\"name\":\"Die Pointe de Cancaval in Pleurtuit - Dinard \u00c9meraude Tourisme\",\"isPartOf\":{\"@id\":\"https:\\\/\\\/www.dinardemeraudetourisme.com\\\/de\\\/#website\"},\"primaryImageOfPage\":{\"@id\":\"https:\\\/\\\/www.dinardemeraudetourisme.com\\\/de\\\/die-highlights\\\/die-pointe-de-cancaval-in-pleurtuit\\\/#primaryimage\"},\"image\":{\"@id\":\"https:\\\/\\\/www.dinardemeraudetourisme.com\\\/de\\\/die-highlights\\\/die-pointe-de-cancaval-in-pleurtuit\\\/#primaryimage\"},\"thumbnailUrl\":\"https:\\\/\\\/www.dinardemeraudetourisme.com\\\/app\\\/uploads\\\/2024\\\/04\\\/pleurtuit-en-hiver-cale-de-jouvente-french-wanderers-1-2048x1365-1.webp\",\"datePublished\":\"2024-04-25T14:11:23+00:00\",\"dateModified\":\"2025-01-14T09:46:00+00:00\",\"description\":\"Die Highlights von Pleurtuit\",\"breadcrumb\":{\"@id\":\"https:\\\/\\\/www.dinardemeraudetourisme.com\\\/de\\\/die-highlights\\\/die-pointe-de-cancaval-in-pleurtuit\\\/#breadcrumb\"},\"inLanguage\":\"de-DE\",\"potentialAction\":[{\"@type\":\"ReadAction\",\"target\":[\"https:\\\/\\\/www.dinardemeraudetourisme.com\\\/de\\\/die-highlights\\\/die-pointe-de-cancaval-in-pleurtuit\\\/\"]}]},{\"@type\":\"ImageObject\",\"inLanguage\":\"de-DE\",\"@id\":\"https:\\\/\\\/www.dinardemeraudetourisme.com\\\/de\\\/die-highlights\\\/die-pointe-de-cancaval-in-pleurtuit\\\/#primaryimage\",\"url\":\"https:\\\/\\\/www.dinardemeraudetourisme.com\\\/app\\\/uploads\\\/2024\\\/04\\\/pleurtuit-en-hiver-cale-de-jouvente-french-wanderers-1-2048x1365-1.webp\",\"contentUrl\":\"https:\\\/\\\/www.dinardemeraudetourisme.com\\\/app\\\/uploads\\\/2024\\\/04\\\/pleurtuit-en-hiver-cale-de-jouvente-french-wanderers-1-2048x1365-1.webp\",\"width\":2048,\"height\":1365,\"caption\":\"Pleurtuit En Hiver : panorama sur la Cale De Jouvente, lieu intimiste sur les bords de Rance. Rendez-vous pour un pique-nique ou une balade en bateau.\"},{\"@type\":\"WebSite\",\"@id\":\"https:\\\/\\\/www.dinardemeraudetourisme.com\\\/de\\\/#website\",\"url\":\"https:\\\/\\\/www.dinardemeraudetourisme.com\\\/de\\\/\",\"name\":\"Dinard \u00c9meraude Tourisme\",\"description\":\"\",\"potentialAction\":[{\"@type\":\"SearchAction\",\"target\":{\"@type\":\"EntryPoint\",\"urlTemplate\":\"https:\\\/\\\/www.dinardemeraudetourisme.com\\\/de\\\/?s={search_term_string}\"},\"query-input\":{\"@type\":\"PropertyValueSpecification\",\"valueRequired\":true,\"valueName\":\"search_term_string\"}}],\"inLanguage\":\"de-DE\"}]}<\/script>\n<!-- \/ Yoast SEO plugin. -->","yoast_head_json":{"title":"Die Pointe de Cancaval in Pleurtuit - Dinard \u00c9meraude Tourisme","description":"Die Highlights von Pleurtuit","robots":{"index":"index","follow":"follow","max-snippet":"max-snippet:-1","max-image-preview":"max-image-preview:large","max-video-preview":"max-video-preview:-1"},"canonical":"https:\/\/www.dinardemeraudetourisme.com\/de\/die-highlights\/die-pointe-de-cancaval-in-pleurtuit\/","og_locale":"de_DE","og_type":"article","og_title":"Die Pointe de Cancaval in Pleurtuit - Dinard \u00c9meraude Tourisme","og_description":"Die Highlights von Pleurtuit","og_url":"https:\/\/www.dinardemeraudetourisme.com\/de\/die-highlights\/die-pointe-de-cancaval-in-pleurtuit\/","og_site_name":"Dinard \u00c9meraude Tourisme","article_modified_time":"2025-01-14T09:46:00+00:00","og_image":[{"width":2048,"height":1365,"url":"https:\/\/www.dinardemeraudetourisme.com\/app\/uploads\/2024\/04\/pleurtuit-en-hiver-cale-de-jouvente-french-wanderers-1-2048x1365-1.webp","type":"image\/webp"}],"twitter_card":"summary_large_image","twitter_misc":{"Gesch\u00e4tzte Lesezeit":"4 minutes"},"schema":{"@context":"https:\/\/schema.org","@graph":[{"@type":"WebPage","@id":"https:\/\/www.dinardemeraudetourisme.com\/de\/die-highlights\/die-pointe-de-cancaval-in-pleurtuit\/","url":"https:\/\/www.dinardemeraudetourisme.com\/de\/die-highlights\/die-pointe-de-cancaval-in-pleurtuit\/","name":"Die Pointe de Cancaval in Pleurtuit - Dinard \u00c9meraude Tourisme","isPartOf":{"@id":"https:\/\/www.dinardemeraudetourisme.com\/de\/#website"},"primaryImageOfPage":{"@id":"https:\/\/www.dinardemeraudetourisme.com\/de\/die-highlights\/die-pointe-de-cancaval-in-pleurtuit\/#primaryimage"},"image":{"@id":"https:\/\/www.dinardemeraudetourisme.com\/de\/die-highlights\/die-pointe-de-cancaval-in-pleurtuit\/#primaryimage"},"thumbnailUrl":"https:\/\/www.dinardemeraudetourisme.com\/app\/uploads\/2024\/04\/pleurtuit-en-hiver-cale-de-jouvente-french-wanderers-1-2048x1365-1.webp","datePublished":"2024-04-25T14:11:23+00:00","dateModified":"2025-01-14T09:46:00+00:00","description":"Die Highlights von Pleurtuit","breadcrumb":{"@id":"https:\/\/www.dinardemeraudetourisme.com\/de\/die-highlights\/die-pointe-de-cancaval-in-pleurtuit\/#breadcrumb"},"inLanguage":"de-DE","potentialAction":[{"@type":"ReadAction","target":["https:\/\/www.dinardemeraudetourisme.com\/de\/die-highlights\/die-pointe-de-cancaval-in-pleurtuit\/"]}]},{"@type":"ImageObject","inLanguage":"de-DE","@id":"https:\/\/www.dinardemeraudetourisme.com\/de\/die-highlights\/die-pointe-de-cancaval-in-pleurtuit\/#primaryimage","url":"https:\/\/www.dinardemeraudetourisme.com\/app\/uploads\/2024\/04\/pleurtuit-en-hiver-cale-de-jouvente-french-wanderers-1-2048x1365-1.webp","contentUrl":"https:\/\/www.dinardemeraudetourisme.com\/app\/uploads\/2024\/04\/pleurtuit-en-hiver-cale-de-jouvente-french-wanderers-1-2048x1365-1.webp","width":2048,"height":1365,"caption":"Pleurtuit En Hiver : panorama sur la Cale De Jouvente, lieu intimiste sur les bords de Rance. Rendez-vous pour un pique-nique ou une balade en bateau."},{"@type":"WebSite","@id":"https:\/\/www.dinardemeraudetourisme.com\/de\/#website","url":"https:\/\/www.dinardemeraudetourisme.com\/de\/","name":"Dinard \u00c9meraude Tourisme","description":"","potentialAction":[{"@type":"SearchAction","target":{"@type":"EntryPoint","urlTemplate":"https:\/\/www.dinardemeraudetourisme.com\/de\/?s={search_term_string}"},"query-input":{"@type":"PropertyValueSpecification","valueRequired":true,"valueName":"search_term_string"}}],"inLanguage":"de-DE"}]}},"_links":{"self":[{"href":"https:\/\/www.dinardemeraudetourisme.com\/de\/wp-json\/wp\/v2\/pages\/10331","targetHints":{"allow":["GET"]}}],"collection":[{"href":"https:\/\/www.dinardemeraudetourisme.com\/de\/wp-json\/wp\/v2\/pages"}],"about":[{"href":"https:\/\/www.dinardemeraudetourisme.com\/de\/wp-json\/wp\/v2\/types\/page"}],"author":[{"embeddable":true,"href":"https:\/\/www.dinardemeraudetourisme.com\/de\/wp-json\/wp\/v2\/users\/2"}],"replies":[{"embeddable":true,"href":"https:\/\/www.dinardemeraudetourisme.com\/de\/wp-json\/wp\/v2\/comments?post=10331"}],"version-history":[{"count":2,"href":"https:\/\/www.dinardemeraudetourisme.com\/de\/wp-json\/wp\/v2\/pages\/10331\/revisions"}],"predecessor-version":[{"id":10333,"href":"https:\/\/www.dinardemeraudetourisme.com\/de\/wp-json\/wp\/v2\/pages\/10331\/revisions\/10333"}],"up":[{"embeddable":true,"href":"https:\/\/www.dinardemeraudetourisme.com\/de\/wp-json\/wp\/v2\/pages\/10300"}],"wp:featuredmedia":[{"embeddable":true,"href":"https:\/\/www.dinardemeraudetourisme.com\/de\/wp-json\/wp\/v2\/media\/3412"}],"wp:attachment":[{"href":"https:\/\/www.dinardemeraudetourisme.com\/de\/wp-json\/wp\/v2\/media?parent=10331"}],"curies":[{"name":"wp","href":"https:\/\/api.w.org\/{rel}","templated":true}]}}