{"id":10327,"date":"2024-04-25T16:12:05","date_gmt":"2024-04-25T14:12:05","guid":{"rendered":"https:\/\/www.dinardemeraudetourisme.com?page_id=10327"},"modified":"2024-10-17T14:34:58","modified_gmt":"2024-10-17T12:34:58","slug":"der-tertre-corlieu-in-lancieux","status":"publish","type":"page","link":"https:\/\/www.dinardemeraudetourisme.com\/de\/die-highlights\/der-tertre-corlieu-in-lancieux\/","title":{"rendered":"Der Tertre Corlieu in Lancieux"},"content":{"rendered":"\n<h2 class=\"wp-block-heading has-text-align-center\" style=\"padding-top:var(--wp--preset--spacing--50);padding-bottom:var(--wp--preset--spacing--50)\">Im Herzen des Naturgebiets <strong>Tertre Corlieu in Lancieux<\/strong><\/h2>\n\n\n\n<p>Die Highlights von Lancieux.<br>Machen Sie eine erholsame Auszeit am Tertre Corlieu, einem gesch\u00fctzten Naturgebiet, das im Herzen von Lancieux einen Ruhe- und Sch\u00f6nheitsoase bietet. Lassen Sie sich von der Ruhe und Gelassenheit dieses Ortes umh\u00fcllen, wo die Natur das Sagen hat. W\u00e4hrend Sie die Wege entlanggehen, werden Sie durch eine Mosaik aus nat\u00fcrlichen Landschaften geleitet. Vielf\u00e4ltige Panoramen und eine reiche Biodiversit\u00e4t erwarten Sie. Jeder Schritt enth\u00fcllt eine andere Facette dieses \u00d6kosystems, in dem Flora und Fauna in perfekter Harmonie koexistieren.<\/p>\n\n\n\n<h3 class=\"wp-block-heading\" style=\"padding-top:var(--wp--preset--spacing--50);padding-bottom:var(--wp--preset--spacing--50)\">Auf dem Z\u00f6llnerpfad<\/h3>\n\n\n\n<p>Der Z\u00f6llnerpfad, auch bekannt als GR34\u00ae, ist ein Wanderweg, der entlang der bretonischen K\u00fcste verl\u00e4uft und ideal ist, um die Vielfalt der K\u00fcstenlandschaften unserer sch\u00f6nen Region zu entdecken. Die Franzosen sch\u00e4tzen diesen GR\u00ae und z\u00e4hlen ihn oft zu ihren Favoriten. In der Gemeinde Lancieux erm\u00f6glicht Ihnen die rot-wei\u00dfe Markierung, durch die Gemeinde zu wandern, entlang des lebhaften Strandes von Saint-Sieu und den Klippen, bis Sie im Herzen des Naturgebiets Tertre Corlieu und seinem sch\u00f6nen Strand des Briantais ankommen.<\/p>\n\n\n\n<div class=\"wp-block-columns is-layout-flex wp-container-core-columns-is-layout-28f84493 wp-block-columns-is-layout-flex\">\n<div class=\"wp-block-column is-layout-flow wp-block-column-is-layout-flow\">\n<figure class=\"wp-block-image size-large\"><img loading=\"lazy\" decoding=\"async\" width=\"1024\" height=\"683\" src=\"https:\/\/www.dinardemeraudetourisme.com\/app\/uploads\/2024\/04\/tertre-corlieu-hamel-1-1024x683.webp\" alt=\"Tertre Corlieu Hamel - Les incontournables de\u00a0Lancieux. Balade en v\u00e9lo en direction du tertre corlieu \u00e0 Lancieux. \" class=\"wp-image-4996\" srcset=\"https:\/\/www.dinardemeraudetourisme.com\/app\/uploads\/2024\/04\/tertre-corlieu-hamel-1-1024x683.webp 1024w, https:\/\/www.dinardemeraudetourisme.com\/app\/uploads\/2024\/04\/tertre-corlieu-hamel-1-300x200.webp 300w, https:\/\/www.dinardemeraudetourisme.com\/app\/uploads\/2024\/04\/tertre-corlieu-hamel-1-768x513.webp 768w, https:\/\/www.dinardemeraudetourisme.com\/app\/uploads\/2024\/04\/tertre-corlieu-hamel-1-20x13.webp 20w, https:\/\/www.dinardemeraudetourisme.com\/app\/uploads\/2024\/04\/tertre-corlieu-hamel-1-50x33.webp 50w, https:\/\/www.dinardemeraudetourisme.com\/app\/uploads\/2024\/04\/tertre-corlieu-hamel-1-45x30.webp 45w, https:\/\/www.dinardemeraudetourisme.com\/app\/uploads\/2024\/04\/tertre-corlieu-hamel-1-60x40.webp 60w, https:\/\/www.dinardemeraudetourisme.com\/app\/uploads\/2024\/04\/tertre-corlieu-hamel-1-80x53.webp 80w, https:\/\/www.dinardemeraudetourisme.com\/app\/uploads\/2024\/04\/tertre-corlieu-hamel-1-110x73.webp 110w, https:\/\/www.dinardemeraudetourisme.com\/app\/uploads\/2024\/04\/tertre-corlieu-hamel-1-160x107.webp 160w, https:\/\/www.dinardemeraudetourisme.com\/app\/uploads\/2024\/04\/tertre-corlieu-hamel-1-250x167.webp 250w, https:\/\/www.dinardemeraudetourisme.com\/app\/uploads\/2024\/04\/tertre-corlieu-hamel-1-1199x800.webp 1199w, https:\/\/www.dinardemeraudetourisme.com\/app\/uploads\/2024\/04\/tertre-corlieu-hamel-1.webp 1500w\" sizes=\"auto, (max-width: 1024px) 100vw, 1024px\" \/><\/figure>\n<\/div>\n\n\n\n<div class=\"wp-block-column is-layout-flow wp-block-column-is-layout-flow\">\n<figure class=\"wp-block-image size-large\"><img decoding=\"async\" src=\"https:\/\/www.dinardemeraudetourisme.com\/app\/uploads\/2024\/04\/tertre-corlieu-hamel-2-1024x683.webp\" alt=\"Tertre Corlieu Hamel 2 Panneau qui indique l'entr\u00e9e sur le site naturel du tertre corlieu \u00e0 Lancieux. Les incontournables de\u00a0 Lancieux\" class=\"wp-image-2707\"\/><\/figure>\n<\/div>\n<\/div>\n\n\n\n<h3 class=\"wp-block-heading\" style=\"padding-top:var(--wp--preset--spacing--50);padding-bottom:var(--wp--preset--spacing--50)\">Ein gesch\u00fctztes Naturgebiet<\/h3>\n\n\n\n<p>Die Highlights von Lancieux.<br>Das Gebiet Tertre Corlieu wird seit 1999 vom K\u00fcstenschutzverband (Conservatoire du Littoral) gesch\u00fctzt und verwaltet. Es beherbergt eine gro\u00dfe Vielfalt an Lebensr\u00e4umen: felsige Klippen, D\u00fcnen, Dickichte und W\u00e4lder; verschiedene Orchideenarten; sowie Amphibien und Singv\u00f6gel. Inmitten dieses au\u00dfergew\u00f6hnlichen Naturgebiets machen Sie eine Pause am feinen Sandstrand der Briantais, der bei Niedrigwasser vollst\u00e4ndig sichtbar wird und sich zur Bucht von Beaussais und ihren Poldern \u00f6ffnet.<\/p>\n\n\n\n<h3 class=\"wp-block-heading\" style=\"padding-top:var(--wp--preset--spacing--50);padding-bottom:var(--wp--preset--spacing--50)\">Lancieux, ein nachhaltiges Land<\/h3>\n\n\n\n<p>Um dazu beizutragen, die sensiblen Naturgebiete zu sch\u00fctzen und die Sch\u00f6nheit der Landschaften zu bewahren, muss jeder den ihm umgebenden Lebensraum respektieren.<\/p>\n\n\n\n<div class=\"wp-block-columns is-layout-flex wp-container-core-columns-is-layout-28f84493 wp-block-columns-is-layout-flex\">\n<div class=\"wp-block-column is-layout-flow wp-block-column-is-layout-flow\">\n<figure class=\"wp-block-image size-large\"><img decoding=\"async\" src=\"https:\/\/www.dinardemeraudetourisme.com\/app\/uploads\/2024\/04\/lancieux-1-1024x682.webp\" alt=\"Photo de la plage du Rocher \u00e0 Lancieux avec une lumi\u00e8re douce. La plage est paisible et vide. La mer est haute. \" class=\"wp-image-1470\"\/><\/figure>\n<\/div>\n\n\n\n<div class=\"wp-block-column is-layout-flow wp-block-column-is-layout-flow\">\n<figure class=\"wp-block-image size-large\"><img loading=\"lazy\" decoding=\"async\" width=\"1024\" height=\"683\" src=\"https:\/\/www.dinardemeraudetourisme.com\/app\/uploads\/2024\/03\/lancieux-cc-a.-lamoureux-1024x683.jpg\" alt=\"Tombolo de la Plage De L'islet \u00e0 Lancieux vu du ciel. Des deux c\u00f4t\u00e9s du tombolo, la mer couleur \u00e9meraude et des bateaux accroch\u00e9s \u00e0 leurs bou\u00e9es. Un ponton en pierre s'avance vers la mer.\" class=\"wp-image-340\" srcset=\"https:\/\/www.dinardemeraudetourisme.com\/app\/uploads\/2024\/03\/lancieux-cc-a.-lamoureux-1024x683.jpg 1024w, https:\/\/www.dinardemeraudetourisme.com\/app\/uploads\/2024\/03\/lancieux-cc-a.-lamoureux-300x200.jpg 300w, https:\/\/www.dinardemeraudetourisme.com\/app\/uploads\/2024\/03\/lancieux-cc-a.-lamoureux-768x512.jpg 768w, https:\/\/www.dinardemeraudetourisme.com\/app\/uploads\/2024\/03\/lancieux-cc-a.-lamoureux-1536x1024.jpg 1536w, https:\/\/www.dinardemeraudetourisme.com\/app\/uploads\/2024\/03\/lancieux-cc-a.-lamoureux-20x13.jpg 20w, https:\/\/www.dinardemeraudetourisme.com\/app\/uploads\/2024\/03\/lancieux-cc-a.-lamoureux-50x33.jpg 50w, https:\/\/www.dinardemeraudetourisme.com\/app\/uploads\/2024\/03\/lancieux-cc-a.-lamoureux-45x30.jpg 45w, https:\/\/www.dinardemeraudetourisme.com\/app\/uploads\/2024\/03\/lancieux-cc-a.-lamoureux-60x40.jpg 60w, https:\/\/www.dinardemeraudetourisme.com\/app\/uploads\/2024\/03\/lancieux-cc-a.-lamoureux-80x53.jpg 80w, https:\/\/www.dinardemeraudetourisme.com\/app\/uploads\/2024\/03\/lancieux-cc-a.-lamoureux-110x73.jpg 110w, https:\/\/www.dinardemeraudetourisme.com\/app\/uploads\/2024\/03\/lancieux-cc-a.-lamoureux-160x107.jpg 160w, https:\/\/www.dinardemeraudetourisme.com\/app\/uploads\/2024\/03\/lancieux-cc-a.-lamoureux-250x167.jpg 250w, https:\/\/www.dinardemeraudetourisme.com\/app\/uploads\/2024\/03\/lancieux-cc-a.-lamoureux-1200x800.jpg 1200w, https:\/\/www.dinardemeraudetourisme.com\/app\/uploads\/2024\/03\/lancieux-cc-a.-lamoureux-1800x1200.jpg 1800w, https:\/\/www.dinardemeraudetourisme.com\/app\/uploads\/2024\/03\/lancieux-cc-a.-lamoureux.jpg 1920w\" sizes=\"auto, (max-width: 1024px) 100vw, 1024px\" \/><\/figure>\n<\/div>\n<\/div>\n\n\n\n<h3 class=\"wp-block-heading\" style=\"padding-top:var(--wp--preset--spacing--50);padding-bottom:var(--wp--preset--spacing--50)\"><strong>3 gute Praktiken, die man \u00fcbernehmen sollte:<\/strong><\/h3>\n\n\n\n<ol class=\"wp-block-list\">\n<li>Nicht sammeln<\/li>\n\n\n\n<li>Den Hund an der Leine halten<\/li>\n\n\n\n<li>Auf den markierten Wegen bleiben<\/li>\n<\/ol>\n\n\n\n<p>Die \u00f6kologischen Verhaltensweisen im Urlaub: <a href=\"https:\/\/www.dinardemeraudetourisme.com\/a-voir-a-faire\/tourisme-durable\/\" target=\"_blank\" rel=\"noreferrer noopener\">unsere Tipps !<\/a><br>Der Tertre Corlieu, pr\u00e4sentiert vom Conservatoire du Littoral.<a href=\"https:\/\/www.conservatoire-du-littoral.fr\/siteLittoral\/314\/28-tertre-corlieu-22_cotes-d-armor.htm\"> Zugriff auf den Link.<\/a><\/p>\n","protected":false},"excerpt":{"rendered":"<p>Im Herzen des Naturgebiets Tertre Corlieu in Lancieux Die Highlights von Lancieux.Machen Sie eine erholsame Auszeit am Tertre Corlieu, einem gesch\u00fctzten Naturgebiet, das im Herzen von Lancieux einen Ruhe- und Sch\u00f6nheitsoase bietet. Lassen Sie sich von der Ruhe und Gelassenheit dieses Ortes umh\u00fcllen, wo die Natur das Sagen hat. W\u00e4hrend Sie die Wege entlanggehen, werden [&hellip;]<\/p>\n","protected":false},"author":2,"featured_media":353,"parent":10300,"menu_order":0,"comment_status":"closed","ping_status":"closed","template":"template-header-large.php","meta":{"_acf_changed":false,"footnotes":""},"class_list":["post-10327","page","type-page","status-publish","has-post-thumbnail","hentry"],"acf":[],"yoast_head":"<!-- This site is optimized with the Yoast SEO plugin v27.1.1 - https:\/\/yoast.com\/product\/yoast-seo-wordpress\/ -->\n<title>Der Tertre Corlieu in Lancieux - Dinard \u00c9meraude Tourisme<\/title>\n<meta name=\"description\" content=\"Die Highlights von Lancieux\" \/>\n<meta name=\"robots\" content=\"index, follow, max-snippet:-1, max-image-preview:large, max-video-preview:-1\" \/>\n<link rel=\"canonical\" href=\"https:\/\/www.dinardemeraudetourisme.com\/de\/die-highlights\/der-tertre-corlieu-in-lancieux\/\" \/>\n<meta property=\"og:locale\" content=\"de_DE\" \/>\n<meta property=\"og:type\" content=\"article\" \/>\n<meta property=\"og:title\" content=\"Der Tertre Corlieu in Lancieux - Dinard \u00c9meraude Tourisme\" \/>\n<meta property=\"og:description\" content=\"Die Highlights von Lancieux\" \/>\n<meta property=\"og:url\" content=\"https:\/\/www.dinardemeraudetourisme.com\/de\/die-highlights\/der-tertre-corlieu-in-lancieux\/\" \/>\n<meta property=\"og:site_name\" content=\"Dinard \u00c9meraude Tourisme\" \/>\n<meta property=\"article:modified_time\" content=\"2024-10-17T12:34:58+00:00\" \/>\n<meta property=\"og:image\" content=\"https:\/\/www.dinardemeraudetourisme.com\/app\/uploads\/2024\/03\/hiver-lancieux-cc-french-wanderers-scaled.jpg\" \/>\n\t<meta property=\"og:image:width\" content=\"2560\" \/>\n\t<meta property=\"og:image:height\" content=\"1708\" \/>\n\t<meta property=\"og:image:type\" content=\"image\/jpeg\" \/>\n<meta name=\"twitter:card\" content=\"summary_large_image\" \/>\n<meta name=\"twitter:label1\" content=\"Gesch\u00e4tzte Lesezeit\" \/>\n\t<meta name=\"twitter:data1\" content=\"3 minutes\" \/>\n<script type=\"application\/ld+json\" class=\"yoast-schema-graph\">{\"@context\":\"https:\/\/schema.org\",\"@graph\":[{\"@type\":\"WebPage\",\"@id\":\"https:\/\/www.dinardemeraudetourisme.com\/de\/die-highlights\/der-tertre-corlieu-in-lancieux\/\",\"url\":\"https:\/\/www.dinardemeraudetourisme.com\/de\/die-highlights\/der-tertre-corlieu-in-lancieux\/\",\"name\":\"Der Tertre Corlieu in Lancieux - Dinard \u00c9meraude Tourisme\",\"isPartOf\":{\"@id\":\"https:\/\/www.dinardemeraudetourisme.com\/de\/#website\"},\"primaryImageOfPage\":{\"@id\":\"https:\/\/www.dinardemeraudetourisme.com\/de\/die-highlights\/der-tertre-corlieu-in-lancieux\/#primaryimage\"},\"image\":{\"@id\":\"https:\/\/www.dinardemeraudetourisme.com\/de\/die-highlights\/der-tertre-corlieu-in-lancieux\/#primaryimage\"},\"thumbnailUrl\":\"https:\/\/www.dinardemeraudetourisme.com\/app\/uploads\/2024\/03\/hiver-lancieux-cc-french-wanderers-scaled.jpg\",\"datePublished\":\"2024-04-25T14:12:05+00:00\",\"dateModified\":\"2024-10-17T12:34:58+00:00\",\"description\":\"Die Highlights von Lancieux\",\"breadcrumb\":{\"@id\":\"https:\/\/www.dinardemeraudetourisme.com\/de\/die-highlights\/der-tertre-corlieu-in-lancieux\/#breadcrumb\"},\"inLanguage\":\"de-DE\",\"potentialAction\":[{\"@type\":\"ReadAction\",\"target\":[\"https:\/\/www.dinardemeraudetourisme.com\/de\/die-highlights\/der-tertre-corlieu-in-lancieux\/\"]}]},{\"@type\":\"ImageObject\",\"inLanguage\":\"de-DE\",\"@id\":\"https:\/\/www.dinardemeraudetourisme.com\/de\/die-highlights\/der-tertre-corlieu-in-lancieux\/#primaryimage\",\"url\":\"https:\/\/www.dinardemeraudetourisme.com\/app\/uploads\/2024\/03\/hiver-lancieux-cc-french-wanderers-scaled.jpg\",\"contentUrl\":\"https:\/\/www.dinardemeraudetourisme.com\/app\/uploads\/2024\/03\/hiver-lancieux-cc-french-wanderers-scaled.jpg\",\"width\":2560,\"height\":1708,\"caption\":\"Photo en hiver du Tertre Corlieu et la plage des Briantais \u00e0 Lancieux. Une femme vue de dos marche sur un petit chemin aux reflets blancs du givre. Le chemin est bien d\u00e9limit\u00e9 et des deux c\u00f4t\u00e9s, les dunes sableuses s'\u00e9tendent jusqu'\u00e0 la mer. De l'autre c\u00f4t\u00e9 de la baie de Lancieux se trouve le village de Saint-Jacut de la Mer.\"},{\"@type\":\"WebSite\",\"@id\":\"https:\/\/www.dinardemeraudetourisme.com\/de\/#website\",\"url\":\"https:\/\/www.dinardemeraudetourisme.com\/de\/\",\"name\":\"Dinard \u00c9meraude Tourisme\",\"description\":\"\",\"potentialAction\":[{\"@type\":\"SearchAction\",\"target\":{\"@type\":\"EntryPoint\",\"urlTemplate\":\"https:\/\/www.dinardemeraudetourisme.com\/de\/?s={search_term_string}\"},\"query-input\":{\"@type\":\"PropertyValueSpecification\",\"valueRequired\":true,\"valueName\":\"search_term_string\"}}],\"inLanguage\":\"de-DE\"}]}<\/script>\n<!-- \/ Yoast SEO plugin. -->","yoast_head_json":{"title":"Der Tertre Corlieu in Lancieux - Dinard \u00c9meraude Tourisme","description":"Die Highlights von Lancieux","robots":{"index":"index","follow":"follow","max-snippet":"max-snippet:-1","max-image-preview":"max-image-preview:large","max-video-preview":"max-video-preview:-1"},"canonical":"https:\/\/www.dinardemeraudetourisme.com\/de\/die-highlights\/der-tertre-corlieu-in-lancieux\/","og_locale":"de_DE","og_type":"article","og_title":"Der Tertre Corlieu in Lancieux - Dinard \u00c9meraude Tourisme","og_description":"Die Highlights von Lancieux","og_url":"https:\/\/www.dinardemeraudetourisme.com\/de\/die-highlights\/der-tertre-corlieu-in-lancieux\/","og_site_name":"Dinard \u00c9meraude Tourisme","article_modified_time":"2024-10-17T12:34:58+00:00","og_image":[{"width":2560,"height":1708,"url":"https:\/\/www.dinardemeraudetourisme.com\/app\/uploads\/2024\/03\/hiver-lancieux-cc-french-wanderers-scaled.jpg","type":"image\/jpeg"}],"twitter_card":"summary_large_image","twitter_misc":{"Gesch\u00e4tzte Lesezeit":"3 minutes"},"schema":{"@context":"https:\/\/schema.org","@graph":[{"@type":"WebPage","@id":"https:\/\/www.dinardemeraudetourisme.com\/de\/die-highlights\/der-tertre-corlieu-in-lancieux\/","url":"https:\/\/www.dinardemeraudetourisme.com\/de\/die-highlights\/der-tertre-corlieu-in-lancieux\/","name":"Der Tertre Corlieu in Lancieux - Dinard \u00c9meraude Tourisme","isPartOf":{"@id":"https:\/\/www.dinardemeraudetourisme.com\/de\/#website"},"primaryImageOfPage":{"@id":"https:\/\/www.dinardemeraudetourisme.com\/de\/die-highlights\/der-tertre-corlieu-in-lancieux\/#primaryimage"},"image":{"@id":"https:\/\/www.dinardemeraudetourisme.com\/de\/die-highlights\/der-tertre-corlieu-in-lancieux\/#primaryimage"},"thumbnailUrl":"https:\/\/www.dinardemeraudetourisme.com\/app\/uploads\/2024\/03\/hiver-lancieux-cc-french-wanderers-scaled.jpg","datePublished":"2024-04-25T14:12:05+00:00","dateModified":"2024-10-17T12:34:58+00:00","description":"Die Highlights von Lancieux","breadcrumb":{"@id":"https:\/\/www.dinardemeraudetourisme.com\/de\/die-highlights\/der-tertre-corlieu-in-lancieux\/#breadcrumb"},"inLanguage":"de-DE","potentialAction":[{"@type":"ReadAction","target":["https:\/\/www.dinardemeraudetourisme.com\/de\/die-highlights\/der-tertre-corlieu-in-lancieux\/"]}]},{"@type":"ImageObject","inLanguage":"de-DE","@id":"https:\/\/www.dinardemeraudetourisme.com\/de\/die-highlights\/der-tertre-corlieu-in-lancieux\/#primaryimage","url":"https:\/\/www.dinardemeraudetourisme.com\/app\/uploads\/2024\/03\/hiver-lancieux-cc-french-wanderers-scaled.jpg","contentUrl":"https:\/\/www.dinardemeraudetourisme.com\/app\/uploads\/2024\/03\/hiver-lancieux-cc-french-wanderers-scaled.jpg","width":2560,"height":1708,"caption":"Photo en hiver du Tertre Corlieu et la plage des Briantais \u00e0 Lancieux. Une femme vue de dos marche sur un petit chemin aux reflets blancs du givre. Le chemin est bien d\u00e9limit\u00e9 et des deux c\u00f4t\u00e9s, les dunes sableuses s'\u00e9tendent jusqu'\u00e0 la mer. De l'autre c\u00f4t\u00e9 de la baie de Lancieux se trouve le village de Saint-Jacut de la Mer."},{"@type":"WebSite","@id":"https:\/\/www.dinardemeraudetourisme.com\/de\/#website","url":"https:\/\/www.dinardemeraudetourisme.com\/de\/","name":"Dinard \u00c9meraude Tourisme","description":"","potentialAction":[{"@type":"SearchAction","target":{"@type":"EntryPoint","urlTemplate":"https:\/\/www.dinardemeraudetourisme.com\/de\/?s={search_term_string}"},"query-input":{"@type":"PropertyValueSpecification","valueRequired":true,"valueName":"search_term_string"}}],"inLanguage":"de-DE"}]}},"_links":{"self":[{"href":"https:\/\/www.dinardemeraudetourisme.com\/de\/wp-json\/wp\/v2\/pages\/10327","targetHints":{"allow":["GET"]}}],"collection":[{"href":"https:\/\/www.dinardemeraudetourisme.com\/de\/wp-json\/wp\/v2\/pages"}],"about":[{"href":"https:\/\/www.dinardemeraudetourisme.com\/de\/wp-json\/wp\/v2\/types\/page"}],"author":[{"embeddable":true,"href":"https:\/\/www.dinardemeraudetourisme.com\/de\/wp-json\/wp\/v2\/users\/2"}],"replies":[{"embeddable":true,"href":"https:\/\/www.dinardemeraudetourisme.com\/de\/wp-json\/wp\/v2\/comments?post=10327"}],"version-history":[{"count":3,"href":"https:\/\/www.dinardemeraudetourisme.com\/de\/wp-json\/wp\/v2\/pages\/10327\/revisions"}],"predecessor-version":[{"id":10330,"href":"https:\/\/www.dinardemeraudetourisme.com\/de\/wp-json\/wp\/v2\/pages\/10327\/revisions\/10330"}],"up":[{"embeddable":true,"href":"https:\/\/www.dinardemeraudetourisme.com\/de\/wp-json\/wp\/v2\/pages\/10300"}],"wp:featuredmedia":[{"embeddable":true,"href":"https:\/\/www.dinardemeraudetourisme.com\/de\/wp-json\/wp\/v2\/media\/353"}],"wp:attachment":[{"href":"https:\/\/www.dinardemeraudetourisme.com\/de\/wp-json\/wp\/v2\/media?parent=10327"}],"curies":[{"name":"wp","href":"https:\/\/api.w.org\/{rel}","templated":true}]}}