{"id":10316,"date":"2024-04-25T16:13:00","date_gmt":"2024-04-25T14:13:00","guid":{"rendered":"https:\/\/www.dinardemeraudetourisme.com?page_id=10316"},"modified":"2025-10-23T11:44:52","modified_gmt":"2025-10-23T09:44:52","slug":"die-gassen-von-saint-briac-sur-mer","status":"publish","type":"page","link":"https:\/\/www.dinardemeraudetourisme.com\/de\/die-highlights\/die-gassen-von-saint-briac-sur-mer\/","title":{"rendered":"Die Gassen von Saint-Briac-sur-Mer"},"content":{"rendered":"\n<h2 class=\"wp-block-heading has-text-align-center\" style=\"padding-top:var(--wp--preset--spacing--50);padding-bottom:var(--wp--preset--spacing--50)\">Sich in <strong>den Gassen von Saint-Briac-sur-Mer<\/strong> verlieren<\/h2>\n\n\n\n<p>Die Highlights von Saint-Briac-sur-Mer.<br>Lassen Sie sich von den geschwungenen Gassen von Saint-Briac-sur-Mer verzaubern, wo jede Ecke ein St\u00fcck Geschichte und ein neues visuelles Wunder enth\u00fcllt. Bereits bei Ihrer Ankunft in diesem malerischen Fischerdorf werden Sie die einzigartige Atmosph\u00e4re der schmalen Gassen sp\u00fcren, ges\u00e4umt von alten H\u00e4usern und geheimen G\u00e4rten. W\u00e4hrend Sie umherstreifen, werden Sie durch die Zeit transportiert. Diese engen G\u00e4nge, einst von Seeleuten und K\u00fcnstlern durchquert, bieten heute einen intimen Rahmen, um das authentische Herz von Saint-Briac-sur-Mer zu entdecken. Im Laufe Ihrer Erkundung werden Sie versteckte Ecken und \u00fcberraschende Perspektiven entdecken. Die Gassen m\u00fcnden manchmal in spektakul\u00e4re Ausblicke auf das Meer und bieten Momente der Ruhe und rohen Sch\u00f6nheit.<\/p>\n\n\n\n<h3 class=\"wp-block-heading\" style=\"padding-top:var(--wp--preset--spacing--50);padding-bottom:var(--wp--preset--spacing--50)\">Saint-Briac, ein Fischerdorf<\/h3>\n\n\n\n<p>Die Highlights von Saint-Briac-sur-Mer.<br>Die maritime Tradition ist in Saint-Briac-sur-Mer stark verwurzelt, wie die vielen H\u00e4user von Seeleuten und Kapit\u00e4nen im Dorf zeigen. Entdecken Sie dieses authentische und gut erhaltene Bau-Erbe. Im 19. Jahrhundert z\u00e4hlte Saint-Briac-sur-Mer zahlreiche Seeleute, Langstreckenkapit\u00e4n und Kap-Horner, die aktiv am Leben in Briac teilnehmen.<\/p>\n\n\n\n<div class=\"wp-block-columns is-layout-flex wp-container-core-columns-is-layout-28f84493 wp-block-columns-is-layout-flex\">\n<div class=\"wp-block-column is-layout-flow wp-block-column-is-layout-flow\">\n<figure class=\"wp-block-image size-full\"><img loading=\"lazy\" decoding=\"async\" width=\"2048\" height=\"1365\" src=\"https:\/\/www.dinardemeraudetourisme.com\/app\/uploads\/2024\/04\/village-de-saint-briac-sur-mer-balade-famille.jpg\" alt=\"Une famille se prom\u00e8ne ensemble dans le village pittoresque de Saint-Briac-sur-Mer, explorant les ruelles charmantes et profitant de la s\u00e9r\u00e9nit\u00e9 de ce beau coin de Bretagne.\" class=\"wp-image-475\" style=\"aspect-ratio:4\/3;object-fit:cover\" srcset=\"https:\/\/www.dinardemeraudetourisme.com\/app\/uploads\/2024\/04\/village-de-saint-briac-sur-mer-balade-famille.jpg 2048w, https:\/\/www.dinardemeraudetourisme.com\/app\/uploads\/2024\/04\/village-de-saint-briac-sur-mer-balade-famille-300x200.jpg 300w, https:\/\/www.dinardemeraudetourisme.com\/app\/uploads\/2024\/04\/village-de-saint-briac-sur-mer-balade-famille-1024x683.jpg 1024w, https:\/\/www.dinardemeraudetourisme.com\/app\/uploads\/2024\/04\/village-de-saint-briac-sur-mer-balade-famille-768x512.jpg 768w, https:\/\/www.dinardemeraudetourisme.com\/app\/uploads\/2024\/04\/village-de-saint-briac-sur-mer-balade-famille-1536x1024.jpg 1536w, https:\/\/www.dinardemeraudetourisme.com\/app\/uploads\/2024\/04\/village-de-saint-briac-sur-mer-balade-famille-20x13.jpg 20w, https:\/\/www.dinardemeraudetourisme.com\/app\/uploads\/2024\/04\/village-de-saint-briac-sur-mer-balade-famille-50x33.jpg 50w, https:\/\/www.dinardemeraudetourisme.com\/app\/uploads\/2024\/04\/village-de-saint-briac-sur-mer-balade-famille-45x30.jpg 45w, https:\/\/www.dinardemeraudetourisme.com\/app\/uploads\/2024\/04\/village-de-saint-briac-sur-mer-balade-famille-60x40.jpg 60w, https:\/\/www.dinardemeraudetourisme.com\/app\/uploads\/2024\/04\/village-de-saint-briac-sur-mer-balade-famille-80x53.jpg 80w, https:\/\/www.dinardemeraudetourisme.com\/app\/uploads\/2024\/04\/village-de-saint-briac-sur-mer-balade-famille-110x73.jpg 110w, https:\/\/www.dinardemeraudetourisme.com\/app\/uploads\/2024\/04\/village-de-saint-briac-sur-mer-balade-famille-160x107.jpg 160w, https:\/\/www.dinardemeraudetourisme.com\/app\/uploads\/2024\/04\/village-de-saint-briac-sur-mer-balade-famille-250x167.jpg 250w, https:\/\/www.dinardemeraudetourisme.com\/app\/uploads\/2024\/04\/village-de-saint-briac-sur-mer-balade-famille-1200x800.jpg 1200w, https:\/\/www.dinardemeraudetourisme.com\/app\/uploads\/2024\/04\/village-de-saint-briac-sur-mer-balade-famille-1800x1200.jpg 1800w\" sizes=\"auto, (max-width: 2048px) 100vw, 2048px\" \/><\/figure>\n<\/div>\n\n\n\n<div class=\"wp-block-column is-layout-flow wp-block-column-is-layout-flow\">\n<figure class=\"wp-block-image size-full\"><img loading=\"lazy\" decoding=\"async\" width=\"768\" height=\"576\" src=\"https:\/\/www.dinardemeraudetourisme.com\/app\/uploads\/2024\/04\/afranck-hamel-saint-briac-web-768x1150-1-edited.jpg\" alt=\"Les venelles de Saint-Briac-sur-Mer, ces petites ruelles pav\u00e9es au coeur du bourg. Ce quartier, ancien village de marins, s'articule autour de l'\u00e9glise paroissiale et forme un ensemble architectural typique du littoral nord breton.\" class=\"wp-image-1259\" style=\"aspect-ratio:4\/3;object-fit:cover\" srcset=\"https:\/\/www.dinardemeraudetourisme.com\/app\/uploads\/2024\/04\/afranck-hamel-saint-briac-web-768x1150-1-edited.jpg 768w, https:\/\/www.dinardemeraudetourisme.com\/app\/uploads\/2024\/04\/afranck-hamel-saint-briac-web-768x1150-1-edited-300x225.jpg 300w, https:\/\/www.dinardemeraudetourisme.com\/app\/uploads\/2024\/04\/afranck-hamel-saint-briac-web-768x1150-1-edited-20x15.jpg 20w, https:\/\/www.dinardemeraudetourisme.com\/app\/uploads\/2024\/04\/afranck-hamel-saint-briac-web-768x1150-1-edited-50x38.jpg 50w, https:\/\/www.dinardemeraudetourisme.com\/app\/uploads\/2024\/04\/afranck-hamel-saint-briac-web-768x1150-1-edited-40x30.jpg 40w, https:\/\/www.dinardemeraudetourisme.com\/app\/uploads\/2024\/04\/afranck-hamel-saint-briac-web-768x1150-1-edited-60x45.jpg 60w, https:\/\/www.dinardemeraudetourisme.com\/app\/uploads\/2024\/04\/afranck-hamel-saint-briac-web-768x1150-1-edited-80x60.jpg 80w, https:\/\/www.dinardemeraudetourisme.com\/app\/uploads\/2024\/04\/afranck-hamel-saint-briac-web-768x1150-1-edited-110x83.jpg 110w, https:\/\/www.dinardemeraudetourisme.com\/app\/uploads\/2024\/04\/afranck-hamel-saint-briac-web-768x1150-1-edited-160x120.jpg 160w, https:\/\/www.dinardemeraudetourisme.com\/app\/uploads\/2024\/04\/afranck-hamel-saint-briac-web-768x1150-1-edited-250x188.jpg 250w, https:\/\/www.dinardemeraudetourisme.com\/app\/uploads\/2024\/04\/afranck-hamel-saint-briac-web-768x1150-1-edited-53x40.jpg 53w\" sizes=\"auto, (max-width: 768px) 100vw, 768px\" \/><\/figure>\n<\/div>\n<\/div>\n\n\n\n<h3 class=\"wp-block-heading\">Ein reiches Erbe<\/h3>\n\n\n\n<p>Betreten Sie die Kirche aus dem 19. Jahrhundert, deren \u00e4lterer Glockenturm mittlerweile als historisches Monument klassifiziert ist. Bewundern Sie im Inneren die Glasfenster, die das Leben von Briac darstellen, dem Gr\u00fcnderm\u00f6nch der Stadt. Das benachbarte Pfarrhaus beherbergt heute die Stadtbibliothek und bietet das ganze Jahr \u00fcber Ausstellungen an, z\u00f6gern Sie nicht, dort vorbeizuschauen!<\/p>\n\n\n\n<p>Hinter der Kirche gehen Sie zur Cour d\u2019Enfer und reisen in die Vergangenheit zur\u00fcck: Hier standen die H\u00e4user der Seeleute und die Wirtsh\u00e4user, in denen sich die Briacins entspannten und feierten. Auf dem Platz im Zentrum k\u00f6nnen Sie \u00fcber dem Eingang der Post eine geschnitzte Galeone beobachten. Es handelt sich um ein Werk des bretonischen K\u00fcnstlers Armel Beaufils. Im Inneren gibt es sch\u00f6ne Mosaiken von Odorico, einem in Rennes ans\u00e4ssigen Mosaikk\u00fcnstler italienischer Herkunft. Seine Arbeiten schm\u00fccken zahlreiche Geb\u00e4ude an der C\u00f4te d\u2019\u00c9meraude.<\/p>\n\n\n\n<div class=\"wp-block-columns is-layout-flex wp-container-core-columns-is-layout-28f84493 wp-block-columns-is-layout-flex\">\n<div class=\"wp-block-column is-layout-flow wp-block-column-is-layout-flow\">\n<figure class=\"wp-block-image size-large\"><img loading=\"lazy\" decoding=\"async\" width=\"1024\" height=\"683\" src=\"https:\/\/www.dinardemeraudetourisme.com\/app\/uploads\/2025\/03\/village-de-saint-briac-sur-mer-balade-famille-1024x683.jpg\" alt=\"\" class=\"wp-image-16341\" style=\"aspect-ratio:4\/3;object-fit:cover\" srcset=\"https:\/\/www.dinardemeraudetourisme.com\/app\/uploads\/2025\/03\/village-de-saint-briac-sur-mer-balade-famille-1024x683.jpg 1024w, https:\/\/www.dinardemeraudetourisme.com\/app\/uploads\/2025\/03\/village-de-saint-briac-sur-mer-balade-famille-300x200.jpg 300w, https:\/\/www.dinardemeraudetourisme.com\/app\/uploads\/2025\/03\/village-de-saint-briac-sur-mer-balade-famille-768x512.jpg 768w, https:\/\/www.dinardemeraudetourisme.com\/app\/uploads\/2025\/03\/village-de-saint-briac-sur-mer-balade-famille-1536x1024.jpg 1536w, https:\/\/www.dinardemeraudetourisme.com\/app\/uploads\/2025\/03\/village-de-saint-briac-sur-mer-balade-famille-20x13.jpg 20w, https:\/\/www.dinardemeraudetourisme.com\/app\/uploads\/2025\/03\/village-de-saint-briac-sur-mer-balade-famille-50x33.jpg 50w, https:\/\/www.dinardemeraudetourisme.com\/app\/uploads\/2025\/03\/village-de-saint-briac-sur-mer-balade-famille-45x30.jpg 45w, https:\/\/www.dinardemeraudetourisme.com\/app\/uploads\/2025\/03\/village-de-saint-briac-sur-mer-balade-famille-60x40.jpg 60w, https:\/\/www.dinardemeraudetourisme.com\/app\/uploads\/2025\/03\/village-de-saint-briac-sur-mer-balade-famille-80x53.jpg 80w, https:\/\/www.dinardemeraudetourisme.com\/app\/uploads\/2025\/03\/village-de-saint-briac-sur-mer-balade-famille-110x73.jpg 110w, https:\/\/www.dinardemeraudetourisme.com\/app\/uploads\/2025\/03\/village-de-saint-briac-sur-mer-balade-famille-160x107.jpg 160w, https:\/\/www.dinardemeraudetourisme.com\/app\/uploads\/2025\/03\/village-de-saint-briac-sur-mer-balade-famille-250x167.jpg 250w, https:\/\/www.dinardemeraudetourisme.com\/app\/uploads\/2025\/03\/village-de-saint-briac-sur-mer-balade-famille-1200x800.jpg 1200w, https:\/\/www.dinardemeraudetourisme.com\/app\/uploads\/2025\/03\/village-de-saint-briac-sur-mer-balade-famille-1800x1200.jpg 1800w, https:\/\/www.dinardemeraudetourisme.com\/app\/uploads\/2025\/03\/village-de-saint-briac-sur-mer-balade-famille.jpg 2048w\" sizes=\"auto, (max-width: 1024px) 100vw, 1024px\" \/><\/figure>\n<\/div>\n\n\n\n<div class=\"wp-block-column is-layout-flow wp-block-column-is-layout-flow\">\n<figure class=\"wp-block-image size-large\"><img loading=\"lazy\" decoding=\"async\" width=\"682\" height=\"1024\" src=\"https:\/\/www.dinardemeraudetourisme.com\/app\/uploads\/2024\/04\/3-incontournable-venelles-de-saint-briac-3-682x1024.webp\" alt=\"3 Incontournable Venelles De Saint Briac 3\" class=\"wp-image-3911\" style=\"aspect-ratio:4\/3;object-fit:cover\" srcset=\"https:\/\/www.dinardemeraudetourisme.com\/app\/uploads\/2024\/04\/3-incontournable-venelles-de-saint-briac-3-682x1024.webp 682w, https:\/\/www.dinardemeraudetourisme.com\/app\/uploads\/2024\/04\/3-incontournable-venelles-de-saint-briac-3-200x300.webp 200w, https:\/\/www.dinardemeraudetourisme.com\/app\/uploads\/2024\/04\/3-incontournable-venelles-de-saint-briac-3-768x1153.webp 768w, https:\/\/www.dinardemeraudetourisme.com\/app\/uploads\/2024\/04\/3-incontournable-venelles-de-saint-briac-3-13x20.webp 13w, https:\/\/www.dinardemeraudetourisme.com\/app\/uploads\/2024\/04\/3-incontournable-venelles-de-saint-briac-3-33x50.webp 33w, https:\/\/www.dinardemeraudetourisme.com\/app\/uploads\/2024\/04\/3-incontournable-venelles-de-saint-briac-3-20x30.webp 20w, https:\/\/www.dinardemeraudetourisme.com\/app\/uploads\/2024\/04\/3-incontournable-venelles-de-saint-briac-3-40x60.webp 40w, https:\/\/www.dinardemeraudetourisme.com\/app\/uploads\/2024\/04\/3-incontournable-venelles-de-saint-briac-3-53x80.webp 53w, https:\/\/www.dinardemeraudetourisme.com\/app\/uploads\/2024\/04\/3-incontournable-venelles-de-saint-briac-3-93x140.webp 93w, https:\/\/www.dinardemeraudetourisme.com\/app\/uploads\/2024\/04\/3-incontournable-venelles-de-saint-briac-3-107x160.webp 107w, https:\/\/www.dinardemeraudetourisme.com\/app\/uploads\/2024\/04\/3-incontournable-venelles-de-saint-briac-3-213x320.webp 213w, https:\/\/www.dinardemeraudetourisme.com\/app\/uploads\/2024\/04\/3-incontournable-venelles-de-saint-briac-3-27x40.webp 27w, https:\/\/www.dinardemeraudetourisme.com\/app\/uploads\/2024\/04\/3-incontournable-venelles-de-saint-briac-3-533x800.webp 533w, https:\/\/www.dinardemeraudetourisme.com\/app\/uploads\/2024\/04\/3-incontournable-venelles-de-saint-briac-3-799x1200.webp 799w, https:\/\/www.dinardemeraudetourisme.com\/app\/uploads\/2024\/04\/3-incontournable-venelles-de-saint-briac-3.webp 999w\" sizes=\"auto, (max-width: 682px) 100vw, 682px\" \/><\/figure>\n<\/div>\n<\/div>\n\n\n\n<h3 class=\"wp-block-heading\" style=\"padding-top:var(--wp--preset--spacing--50);padding-bottom:var(--wp--preset--spacing--50)\">Das Kreuz der Seeleute<\/h3>\n\n\n\n<p>Die Highlights von Saint-Briac-sur-Mer.<br>Gehen Sie von der Kirche die Rue de la Croix des Marins hinauf, um das gleichnamige Kreuz zu entdecken. Die Steine, die das Kreuz umgeben, waren Teil eines Megalithenkomplexes. Genie\u00dfen Sie den Ausblick auf die M\u00fcndung des Fr\u00e9mur. In der Ferne, hinter dem Ch\u00e2teau du Nessay, zeichnet sich der Kap Fr\u00e9hel ab. Bei Sonnenuntergang ist das Schauspiel magisch!<\/p>\n\n\n\n<h3 class=\"wp-block-heading\"><br>Anreise ohne Auto<\/h3>\n\n\n\n<p>Erreichen Sie das Ortszentrum von Saint-Briac-sur-Mer ganz einfach mit dem Bus \u2013 <strong>Linie 516<\/strong> der Gesellschaft BreizhGo \u2013 und steigen Sie an der Haltestelle \u201eCentre\u201c aus.<\/p>\n\n\n\n<p>Mit dem Fahrrad folgen Sie dem ausgewiesenen Radweg entlang des Balcon d\u2019\u00c9meraude.<\/p>\n\n\n\n<p>F\u00fcr Autofahrer empfehlen wir, auf dem Balcon d\u2019\u00c9meraude (kostenloser Parkplatz) zu parken und das Ortszentrum \u00fcber die Treppe vom Parkplatz aus zu erreichen.<\/p>\n\n\n\n<h3 class=\"wp-block-heading\" style=\"padding-top:var(--wp--preset--spacing--50);padding-bottom:var(--wp--preset--spacing--50)\"><br>Praktisch !<\/h3>\n\n\n\n<p>Gef\u00fchrte Besichtigungen des historischen Zentrums von Saint-Briac-sur-Mer:<\/p>\n\n\n\n<ul class=\"wp-block-list\">\n<li><strong>Dauer:<\/strong> 1h30<\/li>\n\n\n\n<li><strong>Preis : <\/strong>8 \u20ac \/ Erwachsene und 5 \u20ac \/ Kinder<\/li>\n\n\n\n<li><strong><a href=\"https:\/\/billetterie.dinardemeraudetourisme.com\/\">ZUGANG ZUM ONLINE-TICKETVERKAUF<\/a><\/strong><\/li>\n<\/ul>\n","protected":false},"excerpt":{"rendered":"<p>Sich in den Gassen von Saint-Briac-sur-Mer verlieren Die Highlights von Saint-Briac-sur-Mer.Lassen Sie sich von den geschwungenen Gassen von Saint-Briac-sur-Mer verzaubern, wo jede Ecke ein St\u00fcck Geschichte und ein neues visuelles Wunder enth\u00fcllt. Bereits bei Ihrer Ankunft in diesem malerischen Fischerdorf werden Sie die einzigartige Atmosph\u00e4re der schmalen Gassen sp\u00fcren, ges\u00e4umt von alten H\u00e4usern und geheimen [&hellip;]<\/p>\n","protected":false},"author":2,"featured_media":3313,"parent":10300,"menu_order":0,"comment_status":"closed","ping_status":"closed","template":"template-header-large.php","meta":{"_acf_changed":false,"footnotes":""},"class_list":["post-10316","page","type-page","status-publish","has-post-thumbnail","hentry"],"acf":[],"yoast_head":"<!-- This site is optimized with the Yoast SEO plugin v27.5 - https:\/\/yoast.com\/product\/yoast-seo-wordpress\/ -->\n<title>Die Gassen von Saint-Briac-sur-Mer - Dinard \u00c9meraude Tourisme<\/title>\n<meta name=\"description\" content=\"Die Highlights von Saint-Briac-sur-Mer\" \/>\n<meta name=\"robots\" content=\"index, follow, max-snippet:-1, max-image-preview:large, max-video-preview:-1\" \/>\n<link rel=\"canonical\" href=\"https:\/\/www.dinardemeraudetourisme.com\/de\/die-highlights\/die-gassen-von-saint-briac-sur-mer\/\" \/>\n<meta property=\"og:locale\" content=\"de_DE\" \/>\n<meta property=\"og:type\" content=\"article\" \/>\n<meta property=\"og:title\" content=\"Die Gassen von Saint-Briac-sur-Mer - Dinard \u00c9meraude Tourisme\" \/>\n<meta property=\"og:description\" content=\"Die Highlights von Saint-Briac-sur-Mer\" \/>\n<meta property=\"og:url\" content=\"https:\/\/www.dinardemeraudetourisme.com\/de\/die-highlights\/die-gassen-von-saint-briac-sur-mer\/\" \/>\n<meta property=\"og:site_name\" content=\"Dinard \u00c9meraude Tourisme\" \/>\n<meta property=\"article:modified_time\" content=\"2025-10-23T09:44:52+00:00\" \/>\n<meta property=\"og:image\" content=\"https:\/\/www.dinardemeraudetourisme.com\/app\/uploads\/2024\/04\/les-venelles-de-saint-briac-credit-renaud-photographie.jpg\" \/>\n\t<meta property=\"og:image:width\" content=\"910\" \/>\n\t<meta property=\"og:image:height\" content=\"1365\" \/>\n\t<meta property=\"og:image:type\" content=\"image\/jpeg\" \/>\n<meta name=\"twitter:card\" content=\"summary_large_image\" \/>\n<meta name=\"twitter:label1\" content=\"Gesch\u00e4tzte Lesezeit\" \/>\n\t<meta name=\"twitter:data1\" content=\"4 minutes\" \/>\n<script type=\"application\/ld+json\" class=\"yoast-schema-graph\">{\"@context\":\"https:\\\/\\\/schema.org\",\"@graph\":[{\"@type\":\"WebPage\",\"@id\":\"https:\\\/\\\/www.dinardemeraudetourisme.com\\\/de\\\/die-highlights\\\/die-gassen-von-saint-briac-sur-mer\\\/\",\"url\":\"https:\\\/\\\/www.dinardemeraudetourisme.com\\\/de\\\/die-highlights\\\/die-gassen-von-saint-briac-sur-mer\\\/\",\"name\":\"Die Gassen von Saint-Briac-sur-Mer - Dinard \u00c9meraude Tourisme\",\"isPartOf\":{\"@id\":\"https:\\\/\\\/www.dinardemeraudetourisme.com\\\/de\\\/#website\"},\"primaryImageOfPage\":{\"@id\":\"https:\\\/\\\/www.dinardemeraudetourisme.com\\\/de\\\/die-highlights\\\/die-gassen-von-saint-briac-sur-mer\\\/#primaryimage\"},\"image\":{\"@id\":\"https:\\\/\\\/www.dinardemeraudetourisme.com\\\/de\\\/die-highlights\\\/die-gassen-von-saint-briac-sur-mer\\\/#primaryimage\"},\"thumbnailUrl\":\"https:\\\/\\\/www.dinardemeraudetourisme.com\\\/app\\\/uploads\\\/2024\\\/04\\\/les-venelles-de-saint-briac-credit-renaud-photographie.jpg\",\"datePublished\":\"2024-04-25T14:13:00+00:00\",\"dateModified\":\"2025-10-23T09:44:52+00:00\",\"description\":\"Die Highlights von Saint-Briac-sur-Mer\",\"breadcrumb\":{\"@id\":\"https:\\\/\\\/www.dinardemeraudetourisme.com\\\/de\\\/die-highlights\\\/die-gassen-von-saint-briac-sur-mer\\\/#breadcrumb\"},\"inLanguage\":\"de-DE\",\"potentialAction\":[{\"@type\":\"ReadAction\",\"target\":[\"https:\\\/\\\/www.dinardemeraudetourisme.com\\\/de\\\/die-highlights\\\/die-gassen-von-saint-briac-sur-mer\\\/\"]}]},{\"@type\":\"ImageObject\",\"inLanguage\":\"de-DE\",\"@id\":\"https:\\\/\\\/www.dinardemeraudetourisme.com\\\/de\\\/die-highlights\\\/die-gassen-von-saint-briac-sur-mer\\\/#primaryimage\",\"url\":\"https:\\\/\\\/www.dinardemeraudetourisme.com\\\/app\\\/uploads\\\/2024\\\/04\\\/les-venelles-de-saint-briac-credit-renaud-photographie.jpg\",\"contentUrl\":\"https:\\\/\\\/www.dinardemeraudetourisme.com\\\/app\\\/uploads\\\/2024\\\/04\\\/les-venelles-de-saint-briac-credit-renaud-photographie.jpg\",\"width\":910,\"height\":1365,\"caption\":\"Une famille se prom\u00e8ne dans Les Venelles De Saint Briac, au milieu des anciennes maisons de marins.\"},{\"@type\":\"WebSite\",\"@id\":\"https:\\\/\\\/www.dinardemeraudetourisme.com\\\/de\\\/#website\",\"url\":\"https:\\\/\\\/www.dinardemeraudetourisme.com\\\/de\\\/\",\"name\":\"Dinard \u00c9meraude Tourisme\",\"description\":\"\",\"potentialAction\":[{\"@type\":\"SearchAction\",\"target\":{\"@type\":\"EntryPoint\",\"urlTemplate\":\"https:\\\/\\\/www.dinardemeraudetourisme.com\\\/de\\\/?s={search_term_string}\"},\"query-input\":{\"@type\":\"PropertyValueSpecification\",\"valueRequired\":true,\"valueName\":\"search_term_string\"}}],\"inLanguage\":\"de-DE\"}]}<\/script>\n<!-- \/ Yoast SEO plugin. -->","yoast_head_json":{"title":"Die Gassen von Saint-Briac-sur-Mer - Dinard \u00c9meraude Tourisme","description":"Die Highlights von Saint-Briac-sur-Mer","robots":{"index":"index","follow":"follow","max-snippet":"max-snippet:-1","max-image-preview":"max-image-preview:large","max-video-preview":"max-video-preview:-1"},"canonical":"https:\/\/www.dinardemeraudetourisme.com\/de\/die-highlights\/die-gassen-von-saint-briac-sur-mer\/","og_locale":"de_DE","og_type":"article","og_title":"Die Gassen von Saint-Briac-sur-Mer - Dinard \u00c9meraude Tourisme","og_description":"Die Highlights von Saint-Briac-sur-Mer","og_url":"https:\/\/www.dinardemeraudetourisme.com\/de\/die-highlights\/die-gassen-von-saint-briac-sur-mer\/","og_site_name":"Dinard \u00c9meraude Tourisme","article_modified_time":"2025-10-23T09:44:52+00:00","og_image":[{"width":910,"height":1365,"url":"https:\/\/www.dinardemeraudetourisme.com\/app\/uploads\/2024\/04\/les-venelles-de-saint-briac-credit-renaud-photographie.jpg","type":"image\/jpeg"}],"twitter_card":"summary_large_image","twitter_misc":{"Gesch\u00e4tzte Lesezeit":"4 minutes"},"schema":{"@context":"https:\/\/schema.org","@graph":[{"@type":"WebPage","@id":"https:\/\/www.dinardemeraudetourisme.com\/de\/die-highlights\/die-gassen-von-saint-briac-sur-mer\/","url":"https:\/\/www.dinardemeraudetourisme.com\/de\/die-highlights\/die-gassen-von-saint-briac-sur-mer\/","name":"Die Gassen von Saint-Briac-sur-Mer - Dinard \u00c9meraude Tourisme","isPartOf":{"@id":"https:\/\/www.dinardemeraudetourisme.com\/de\/#website"},"primaryImageOfPage":{"@id":"https:\/\/www.dinardemeraudetourisme.com\/de\/die-highlights\/die-gassen-von-saint-briac-sur-mer\/#primaryimage"},"image":{"@id":"https:\/\/www.dinardemeraudetourisme.com\/de\/die-highlights\/die-gassen-von-saint-briac-sur-mer\/#primaryimage"},"thumbnailUrl":"https:\/\/www.dinardemeraudetourisme.com\/app\/uploads\/2024\/04\/les-venelles-de-saint-briac-credit-renaud-photographie.jpg","datePublished":"2024-04-25T14:13:00+00:00","dateModified":"2025-10-23T09:44:52+00:00","description":"Die Highlights von Saint-Briac-sur-Mer","breadcrumb":{"@id":"https:\/\/www.dinardemeraudetourisme.com\/de\/die-highlights\/die-gassen-von-saint-briac-sur-mer\/#breadcrumb"},"inLanguage":"de-DE","potentialAction":[{"@type":"ReadAction","target":["https:\/\/www.dinardemeraudetourisme.com\/de\/die-highlights\/die-gassen-von-saint-briac-sur-mer\/"]}]},{"@type":"ImageObject","inLanguage":"de-DE","@id":"https:\/\/www.dinardemeraudetourisme.com\/de\/die-highlights\/die-gassen-von-saint-briac-sur-mer\/#primaryimage","url":"https:\/\/www.dinardemeraudetourisme.com\/app\/uploads\/2024\/04\/les-venelles-de-saint-briac-credit-renaud-photographie.jpg","contentUrl":"https:\/\/www.dinardemeraudetourisme.com\/app\/uploads\/2024\/04\/les-venelles-de-saint-briac-credit-renaud-photographie.jpg","width":910,"height":1365,"caption":"Une famille se prom\u00e8ne dans Les Venelles De Saint Briac, au milieu des anciennes maisons de marins."},{"@type":"WebSite","@id":"https:\/\/www.dinardemeraudetourisme.com\/de\/#website","url":"https:\/\/www.dinardemeraudetourisme.com\/de\/","name":"Dinard \u00c9meraude Tourisme","description":"","potentialAction":[{"@type":"SearchAction","target":{"@type":"EntryPoint","urlTemplate":"https:\/\/www.dinardemeraudetourisme.com\/de\/?s={search_term_string}"},"query-input":{"@type":"PropertyValueSpecification","valueRequired":true,"valueName":"search_term_string"}}],"inLanguage":"de-DE"}]}},"_links":{"self":[{"href":"https:\/\/www.dinardemeraudetourisme.com\/de\/wp-json\/wp\/v2\/pages\/10316","targetHints":{"allow":["GET"]}}],"collection":[{"href":"https:\/\/www.dinardemeraudetourisme.com\/de\/wp-json\/wp\/v2\/pages"}],"about":[{"href":"https:\/\/www.dinardemeraudetourisme.com\/de\/wp-json\/wp\/v2\/types\/page"}],"author":[{"embeddable":true,"href":"https:\/\/www.dinardemeraudetourisme.com\/de\/wp-json\/wp\/v2\/users\/2"}],"replies":[{"embeddable":true,"href":"https:\/\/www.dinardemeraudetourisme.com\/de\/wp-json\/wp\/v2\/comments?post=10316"}],"version-history":[{"count":3,"href":"https:\/\/www.dinardemeraudetourisme.com\/de\/wp-json\/wp\/v2\/pages\/10316\/revisions"}],"predecessor-version":[{"id":19096,"href":"https:\/\/www.dinardemeraudetourisme.com\/de\/wp-json\/wp\/v2\/pages\/10316\/revisions\/19096"}],"up":[{"embeddable":true,"href":"https:\/\/www.dinardemeraudetourisme.com\/de\/wp-json\/wp\/v2\/pages\/10300"}],"wp:featuredmedia":[{"embeddable":true,"href":"https:\/\/www.dinardemeraudetourisme.com\/de\/wp-json\/wp\/v2\/media\/3313"}],"wp:attachment":[{"href":"https:\/\/www.dinardemeraudetourisme.com\/de\/wp-json\/wp\/v2\/media?parent=10316"}],"curies":[{"name":"wp","href":"https:\/\/api.w.org\/{rel}","templated":true}]}}