{"id":10313,"date":"2024-04-25T16:10:50","date_gmt":"2024-04-25T14:10:50","guid":{"rendered":"https:\/\/www.dinardemeraudetourisme.com?page_id=10313"},"modified":"2025-06-18T17:30:13","modified_gmt":"2025-06-18T15:30:13","slug":"die-pointe-du-decolle-in-saint-lunaire","status":"publish","type":"page","link":"https:\/\/www.dinardemeraudetourisme.com\/de\/die-highlights\/die-pointe-du-decolle-in-saint-lunaire\/","title":{"rendered":"Die Pointe du D\u00e9coll\u00e9 in Saint-Lunaire"},"content":{"rendered":"\n<h2 class=\"wp-block-heading has-text-align-center\" style=\"padding-top:var(--wp--preset--spacing--50);padding-bottom:var(--wp--preset--spacing--50)\">Ein frischer Wind an <strong>der Pointe du D\u00e9coll\u00e9<\/strong> in Saint-Lunaire<\/h2>\n\n\n\n<p>Die Highlights von Saint-Lunaire.<br>Beginnen Sie Ihre Reise an der Pointe du D\u00e9coll\u00e9, einem der nat\u00fcrlichen Juwelen von Saint-Lunaire, wo Ihnen das Schauspiel der Natur in voller Pracht geboten wird. Bereits bei den ersten Schritten werden Sie von den Panoramablicken auf das smaragdgr\u00fcne Meer, das diesen au\u00dfergew\u00f6hnlichen Ort charakterisiert, gefesselt. Mit jedem Schritt entfaltet sich die Sch\u00f6nheit der Landschaft. Jede Perspektive bietet eine neue lebendige Postkarte, perfekt gerahmt von Himmel und Meer.<\/p>\n\n\n\n<p>W\u00e4hrend Sie Ihre Entdeckung fortsetzen, werden Sie feststellen, dass die Pointe du D\u00e9coll\u00e9 nicht nur ein Zufluchtsort f\u00fcr Naturliebhaber ist, sondern auch ein kultureller und historischer Treffpunkt. Die \u00dcberreste alter Befestigungen zeugen von einer reichen Vergangenheit und erz\u00e4hlen Geschichten von Seeleuten und Freibeutern, die einst den fernen Horizont im Blick hatten.<\/p>\n\n\n\n<h3 class=\"wp-block-heading\" style=\"padding-top:var(--wp--preset--spacing--50);padding-bottom:var(--wp--preset--spacing--50)\">Die Legende von Saint-Lunaire<\/h3>\n\n\n\n<p>Im Jahr 535 legt ein walisischer M\u00f6nch namens L\u00e9onor, der zuk\u00fcnftige Saint-Lunaire, an der Pointe du D\u00e9coll\u00e9 an, an der eine Gedenkkreuz steht. Es wird erz\u00e4hlt, dass er, um dorthin zu gelangen, den dichten Nebel mit seinem Schwert durchtrennt hat\u2026 Heute ist das Grabmal von Saint-Lunaire in der alten Kirche zu sehen, die sich im Zentrum des Dorfes befindet. Diese ist von Ostern bis Allerheiligen zu besichtigen. Hier k\u00f6nnen Sie eine der sch\u00f6nsten Sammlungen von Grabm\u00e4lern der Bretagne in einer sehr sch\u00f6nen romanischen Kirche entdecken.<\/p>\n\n\n\n<div class=\"wp-block-columns is-layout-flex wp-container-core-columns-is-layout-28f84493 wp-block-columns-is-layout-flex\">\n<div class=\"wp-block-column is-layout-flow wp-block-column-is-layout-flow\">\n<figure class=\"wp-block-image size-large\"><img loading=\"lazy\" decoding=\"async\" width=\"1024\" height=\"683\" src=\"https:\/\/www.dinardemeraudetourisme.com\/app\/uploads\/2024\/09\/grand-hotel-de-saint-lunaire-studio-jezequel-1024x683.jpg\" alt=\"Grand Hotel De Saint Lunaire. Cr\u00e9dit : Studio Jezequel\" class=\"wp-image-9477\" style=\"aspect-ratio:4\/3;object-fit:cover\" srcset=\"https:\/\/www.dinardemeraudetourisme.com\/app\/uploads\/2024\/09\/grand-hotel-de-saint-lunaire-studio-jezequel-1024x683.jpg 1024w, https:\/\/www.dinardemeraudetourisme.com\/app\/uploads\/2024\/09\/grand-hotel-de-saint-lunaire-studio-jezequel-300x200.jpg 300w, https:\/\/www.dinardemeraudetourisme.com\/app\/uploads\/2024\/09\/grand-hotel-de-saint-lunaire-studio-jezequel-768x512.jpg 768w, https:\/\/www.dinardemeraudetourisme.com\/app\/uploads\/2024\/09\/grand-hotel-de-saint-lunaire-studio-jezequel-1536x1024.jpg 1536w, https:\/\/www.dinardemeraudetourisme.com\/app\/uploads\/2024\/09\/grand-hotel-de-saint-lunaire-studio-jezequel-20x13.jpg 20w, https:\/\/www.dinardemeraudetourisme.com\/app\/uploads\/2024\/09\/grand-hotel-de-saint-lunaire-studio-jezequel-50x33.jpg 50w, https:\/\/www.dinardemeraudetourisme.com\/app\/uploads\/2024\/09\/grand-hotel-de-saint-lunaire-studio-jezequel-45x30.jpg 45w, https:\/\/www.dinardemeraudetourisme.com\/app\/uploads\/2024\/09\/grand-hotel-de-saint-lunaire-studio-jezequel-60x40.jpg 60w, https:\/\/www.dinardemeraudetourisme.com\/app\/uploads\/2024\/09\/grand-hotel-de-saint-lunaire-studio-jezequel-80x53.jpg 80w, https:\/\/www.dinardemeraudetourisme.com\/app\/uploads\/2024\/09\/grand-hotel-de-saint-lunaire-studio-jezequel-110x73.jpg 110w, https:\/\/www.dinardemeraudetourisme.com\/app\/uploads\/2024\/09\/grand-hotel-de-saint-lunaire-studio-jezequel-160x107.jpg 160w, https:\/\/www.dinardemeraudetourisme.com\/app\/uploads\/2024\/09\/grand-hotel-de-saint-lunaire-studio-jezequel-250x167.jpg 250w, https:\/\/www.dinardemeraudetourisme.com\/app\/uploads\/2024\/09\/grand-hotel-de-saint-lunaire-studio-jezequel-1200x800.jpg 1200w, https:\/\/www.dinardemeraudetourisme.com\/app\/uploads\/2024\/09\/grand-hotel-de-saint-lunaire-studio-jezequel-1800x1200.jpg 1800w, https:\/\/www.dinardemeraudetourisme.com\/app\/uploads\/2024\/09\/grand-hotel-de-saint-lunaire-studio-jezequel.jpg 1920w\" sizes=\"auto, (max-width: 1024px) 100vw, 1024px\" \/><\/figure>\n<\/div>\n\n\n\n<div class=\"wp-block-column is-layout-flow wp-block-column-is-layout-flow\">\n<figure class=\"wp-block-image size-large\"><img loading=\"lazy\" decoding=\"async\" width=\"1024\" height=\"576\" src=\"https:\/\/www.dinardemeraudetourisme.com\/app\/uploads\/2024\/09\/saint-lunaire-depuis-le-rocher-napoleon-studio-jezequel-1024x576.jpg\" alt=\"La Pointe du D\u00e9coll\u00e9 \u00e0 Saint Lunaire vue Depuis Le Rocher Napoleon. Cr\u00e9dit photo : Studio Jezequel\" class=\"wp-image-9474\" style=\"aspect-ratio:4\/3;object-fit:cover\" srcset=\"https:\/\/www.dinardemeraudetourisme.com\/app\/uploads\/2024\/09\/saint-lunaire-depuis-le-rocher-napoleon-studio-jezequel-1024x576.jpg 1024w, https:\/\/www.dinardemeraudetourisme.com\/app\/uploads\/2024\/09\/saint-lunaire-depuis-le-rocher-napoleon-studio-jezequel-300x169.jpg 300w, https:\/\/www.dinardemeraudetourisme.com\/app\/uploads\/2024\/09\/saint-lunaire-depuis-le-rocher-napoleon-studio-jezequel-768x432.jpg 768w, https:\/\/www.dinardemeraudetourisme.com\/app\/uploads\/2024\/09\/saint-lunaire-depuis-le-rocher-napoleon-studio-jezequel-1536x864.jpg 1536w, https:\/\/www.dinardemeraudetourisme.com\/app\/uploads\/2024\/09\/saint-lunaire-depuis-le-rocher-napoleon-studio-jezequel-20x11.jpg 20w, https:\/\/www.dinardemeraudetourisme.com\/app\/uploads\/2024\/09\/saint-lunaire-depuis-le-rocher-napoleon-studio-jezequel-50x28.jpg 50w, https:\/\/www.dinardemeraudetourisme.com\/app\/uploads\/2024\/09\/saint-lunaire-depuis-le-rocher-napoleon-studio-jezequel-60x34.jpg 60w, https:\/\/www.dinardemeraudetourisme.com\/app\/uploads\/2024\/09\/saint-lunaire-depuis-le-rocher-napoleon-studio-jezequel-80x45.jpg 80w, https:\/\/www.dinardemeraudetourisme.com\/app\/uploads\/2024\/09\/saint-lunaire-depuis-le-rocher-napoleon-studio-jezequel-110x62.jpg 110w, https:\/\/www.dinardemeraudetourisme.com\/app\/uploads\/2024\/09\/saint-lunaire-depuis-le-rocher-napoleon-studio-jezequel-160x90.jpg 160w, https:\/\/www.dinardemeraudetourisme.com\/app\/uploads\/2024\/09\/saint-lunaire-depuis-le-rocher-napoleon-studio-jezequel-250x141.jpg 250w, https:\/\/www.dinardemeraudetourisme.com\/app\/uploads\/2024\/09\/saint-lunaire-depuis-le-rocher-napoleon-studio-jezequel-71x40.jpg 71w, https:\/\/www.dinardemeraudetourisme.com\/app\/uploads\/2024\/09\/saint-lunaire-depuis-le-rocher-napoleon-studio-jezequel-1422x800.jpg 1422w, https:\/\/www.dinardemeraudetourisme.com\/app\/uploads\/2024\/09\/saint-lunaire-depuis-le-rocher-napoleon-studio-jezequel.jpg 1920w\" sizes=\"auto, (max-width: 1024px) 100vw, 1024px\" \/><\/figure>\n<\/div>\n<\/div>\n\n\n\n<h3 class=\"wp-block-heading\" style=\"padding-top:var(--wp--preset--spacing--50);padding-bottom:var(--wp--preset--spacing--50)\">Die Villen von Saint-Lunaire<\/h3>\n\n\n\n<p>Bewundern Sie die Villen am Meer, die die Pointe du D\u00e9coll\u00e9 schm\u00fccken, jede majest\u00e4tischer als die andere. Beachten Sie den eklektischen Stil der Villen, vom Badehaus des 19. Jahrhunderts bis hin zum neobretonischen Stil der 1920er Jahre.<\/p>\n\n\n\n<h3 class=\"wp-block-heading\" style=\"padding-top:var(--wp--preset--spacing--50);padding-bottom:var(--wp--preset--spacing--50)\">Ein atemberaubender Ausblick<\/h3>\n\n\n\n<p>Die Highlights von Saint-Lunaire.<br>An der Pointe angekommen, nehmen Sie den Weg links und gehen bis zur Kreuzung. Das Panorama pr\u00e4sentiert sich wie ein Geschenk: die Freibeuterstadt Saint-Malo auf der Steuerbordseite, der Kap Fr\u00e9hel auf der Backbordseite und der Grande Plage hinter Ihnen, geschm\u00fcckt mit seinem Grand H\u00f4tel, das heute in eine Privatresidenz umgewandelt wurde. Die zerkl\u00fcftete Felsk\u00fcste ist steil, durch die See seit jeher geformt, und enth\u00fcllt ihre Sch\u00e4tze im Rhythmus der Gezeiten. Wenn die See hoch ist, scheint die Spitze der Pointe sich vom Rest zu l\u00f6sen.<\/p>\n\n\n\n<figure class=\"wp-block-image aligncenter size-large\"><img loading=\"lazy\" decoding=\"async\" width=\"1024\" height=\"683\" src=\"https:\/\/www.dinardemeraudetourisme.com\/app\/uploads\/2024\/09\/saint-lunaire-pointe-du-decolle-credit-lamoureux-1024x683.jpg\" alt=\"La Pointe du D\u00e9coll\u00e9 \u00e0 Saint-Lunaire vue du ciel. Une pointe rocheuse qui s'avance dans la mer. Un panorama spectaculaire sur la C\u00f4te d'\u00c9meraude, de Saint-Malo au Cap Fr\u00e9hel. Cr\u00e9dit : Alexandre Lamoureux.\" class=\"wp-image-9471\" srcset=\"https:\/\/www.dinardemeraudetourisme.com\/app\/uploads\/2024\/09\/saint-lunaire-pointe-du-decolle-credit-lamoureux-1024x683.jpg 1024w, https:\/\/www.dinardemeraudetourisme.com\/app\/uploads\/2024\/09\/saint-lunaire-pointe-du-decolle-credit-lamoureux-300x200.jpg 300w, https:\/\/www.dinardemeraudetourisme.com\/app\/uploads\/2024\/09\/saint-lunaire-pointe-du-decolle-credit-lamoureux-768x512.jpg 768w, https:\/\/www.dinardemeraudetourisme.com\/app\/uploads\/2024\/09\/saint-lunaire-pointe-du-decolle-credit-lamoureux-1536x1024.jpg 1536w, https:\/\/www.dinardemeraudetourisme.com\/app\/uploads\/2024\/09\/saint-lunaire-pointe-du-decolle-credit-lamoureux-20x13.jpg 20w, https:\/\/www.dinardemeraudetourisme.com\/app\/uploads\/2024\/09\/saint-lunaire-pointe-du-decolle-credit-lamoureux-50x33.jpg 50w, https:\/\/www.dinardemeraudetourisme.com\/app\/uploads\/2024\/09\/saint-lunaire-pointe-du-decolle-credit-lamoureux-45x30.jpg 45w, https:\/\/www.dinardemeraudetourisme.com\/app\/uploads\/2024\/09\/saint-lunaire-pointe-du-decolle-credit-lamoureux-60x40.jpg 60w, https:\/\/www.dinardemeraudetourisme.com\/app\/uploads\/2024\/09\/saint-lunaire-pointe-du-decolle-credit-lamoureux-80x53.jpg 80w, https:\/\/www.dinardemeraudetourisme.com\/app\/uploads\/2024\/09\/saint-lunaire-pointe-du-decolle-credit-lamoureux-110x73.jpg 110w, https:\/\/www.dinardemeraudetourisme.com\/app\/uploads\/2024\/09\/saint-lunaire-pointe-du-decolle-credit-lamoureux-160x107.jpg 160w, https:\/\/www.dinardemeraudetourisme.com\/app\/uploads\/2024\/09\/saint-lunaire-pointe-du-decolle-credit-lamoureux-250x167.jpg 250w, https:\/\/www.dinardemeraudetourisme.com\/app\/uploads\/2024\/09\/saint-lunaire-pointe-du-decolle-credit-lamoureux-1200x800.jpg 1200w, https:\/\/www.dinardemeraudetourisme.com\/app\/uploads\/2024\/09\/saint-lunaire-pointe-du-decolle-credit-lamoureux-1800x1200.jpg 1800w, https:\/\/www.dinardemeraudetourisme.com\/app\/uploads\/2024\/09\/saint-lunaire-pointe-du-decolle-credit-lamoureux.jpg 1920w\" sizes=\"auto, (max-width: 1024px) 100vw, 1024px\" \/><\/figure>\n\n\n\n<h3 class=\"wp-block-heading\" style=\"padding-top:var(--wp--preset--spacing--50);padding-bottom:var(--wp--preset--spacing--50)\">Anreise ohne Auto<\/h3>\n\n\n\n<p>Erreichen Sie die Pointe du D\u00e9coll\u00e9 ganz einfach mit dem Bus \u2013 Linie 516 der Gesellschaft BreizhGo!<\/p>\n\n\n\n<ul class=\"wp-block-list\">\n<li>Von Saint-Malo und Dinard: Haltestellen Point Info Tourisme oder Longchamp<\/li>\n\n\n\n<li>Von Saint-Briac-sur-Mer: Haltestellen Longchamp oder Cimeti\u00e8re<\/li>\n<\/ul>\n\n\n\n<p>Mit dem Fahrrad folgen Sie dem ausgebauten Radweg ab Dinard oder Saint-Briac-sur-Mer und radeln bis zur Pointe!<\/p>\n\n\n\n<p>F\u00fcr Autofahrer stehen zwei kostenlose Parkpl\u00e4tze an der Spitze der Pointe du D\u00e9coll\u00e9 zur Verf\u00fcgung.<\/p>\n\n\n\n<h3 class=\"wp-block-heading\" style=\"padding-top:var(--wp--preset--spacing--50);padding-bottom:var(--wp--preset--spacing--50)\"><br>Nicht verpassen!<\/h3>\n\n\n\n<p>Die Pointe du D\u00e9coll\u00e9 beherbergt zwei der gro\u00dfen Veranstaltungen von Saint-Lunaire:<\/p>\n\n\n\n<ul class=\"wp-block-list\">\n<li><strong>Der Fischereitag im August<\/strong><\/li>\n\n\n\n<li><strong>Der Pardon de la Mer, am dritten Sonntag im Juli<\/strong><\/li>\n<\/ul>\n\n\n\n<p>Au\u00dferdem werden das ganze Jahr \u00fcber gef\u00fchrte Besichtigungen zur Architektur des Seebades angeboten.<\/p>\n\n\n\n<p>Alle Informationen finden Sie in unserem <a href=\"https:\/\/www.dinardemeraudetourisme.com\/agenda\/\">Online-Kalender<\/a>. <\/p>\n","protected":false},"excerpt":{"rendered":"<p>Ein frischer Wind an der Pointe du D\u00e9coll\u00e9 in Saint-Lunaire Die Highlights von Saint-Lunaire.Beginnen Sie Ihre Reise an der Pointe du D\u00e9coll\u00e9, einem der nat\u00fcrlichen Juwelen von Saint-Lunaire, wo Ihnen das Schauspiel der Natur in voller Pracht geboten wird. Bereits bei den ersten Schritten werden Sie von den Panoramablicken auf das smaragdgr\u00fcne Meer, das diesen [&hellip;]<\/p>\n","protected":false},"author":2,"featured_media":3223,"parent":10300,"menu_order":0,"comment_status":"closed","ping_status":"closed","template":"template-header-large.php","meta":{"_acf_changed":false,"footnotes":""},"class_list":["post-10313","page","type-page","status-publish","has-post-thumbnail","hentry"],"acf":[],"yoast_head":"<!-- This site is optimized with the Yoast SEO plugin v27.1.1 - https:\/\/yoast.com\/product\/yoast-seo-wordpress\/ -->\n<title>Die Pointe du D\u00e9coll\u00e9 in Saint-Lunaire - Dinard \u00c9meraude Tourisme<\/title>\n<meta name=\"description\" content=\"Die Highlights von Saint-Lunaire.\" \/>\n<meta name=\"robots\" content=\"index, follow, max-snippet:-1, max-image-preview:large, max-video-preview:-1\" \/>\n<link rel=\"canonical\" href=\"https:\/\/www.dinardemeraudetourisme.com\/de\/die-highlights\/die-pointe-du-decolle-in-saint-lunaire\/\" \/>\n<meta property=\"og:locale\" content=\"de_DE\" \/>\n<meta property=\"og:type\" content=\"article\" \/>\n<meta property=\"og:title\" content=\"Die Pointe du D\u00e9coll\u00e9 in Saint-Lunaire - Dinard \u00c9meraude Tourisme\" \/>\n<meta property=\"og:description\" content=\"Die Highlights von Saint-Lunaire.\" \/>\n<meta property=\"og:url\" content=\"https:\/\/www.dinardemeraudetourisme.com\/de\/die-highlights\/die-pointe-du-decolle-in-saint-lunaire\/\" \/>\n<meta property=\"og:site_name\" content=\"Dinard \u00c9meraude Tourisme\" \/>\n<meta property=\"article:modified_time\" content=\"2025-06-18T15:30:13+00:00\" \/>\n<meta property=\"og:image\" content=\"https:\/\/www.dinardemeraudetourisme.com\/app\/uploads\/2024\/04\/saint-lunaire-pointe-du-decolle-credit-lamoureux.jpg\" \/>\n\t<meta property=\"og:image:width\" content=\"1920\" \/>\n\t<meta property=\"og:image:height\" content=\"1280\" \/>\n\t<meta property=\"og:image:type\" content=\"image\/jpeg\" \/>\n<meta name=\"twitter:card\" content=\"summary_large_image\" \/>\n<meta name=\"twitter:label1\" content=\"Gesch\u00e4tzte Lesezeit\" \/>\n\t<meta name=\"twitter:data1\" content=\"4 minutes\" \/>\n<script type=\"application\/ld+json\" class=\"yoast-schema-graph\">{\"@context\":\"https:\/\/schema.org\",\"@graph\":[{\"@type\":\"WebPage\",\"@id\":\"https:\/\/www.dinardemeraudetourisme.com\/de\/die-highlights\/die-pointe-du-decolle-in-saint-lunaire\/\",\"url\":\"https:\/\/www.dinardemeraudetourisme.com\/de\/die-highlights\/die-pointe-du-decolle-in-saint-lunaire\/\",\"name\":\"Die Pointe du D\u00e9coll\u00e9 in Saint-Lunaire - Dinard \u00c9meraude Tourisme\",\"isPartOf\":{\"@id\":\"https:\/\/www.dinardemeraudetourisme.com\/de\/#website\"},\"primaryImageOfPage\":{\"@id\":\"https:\/\/www.dinardemeraudetourisme.com\/de\/die-highlights\/die-pointe-du-decolle-in-saint-lunaire\/#primaryimage\"},\"image\":{\"@id\":\"https:\/\/www.dinardemeraudetourisme.com\/de\/die-highlights\/die-pointe-du-decolle-in-saint-lunaire\/#primaryimage\"},\"thumbnailUrl\":\"https:\/\/www.dinardemeraudetourisme.com\/app\/uploads\/2024\/04\/saint-lunaire-pointe-du-decolle-credit-lamoureux.jpg\",\"datePublished\":\"2024-04-25T14:10:50+00:00\",\"dateModified\":\"2025-06-18T15:30:13+00:00\",\"description\":\"Die Highlights von Saint-Lunaire.\",\"breadcrumb\":{\"@id\":\"https:\/\/www.dinardemeraudetourisme.com\/de\/die-highlights\/die-pointe-du-decolle-in-saint-lunaire\/#breadcrumb\"},\"inLanguage\":\"de-DE\",\"potentialAction\":[{\"@type\":\"ReadAction\",\"target\":[\"https:\/\/www.dinardemeraudetourisme.com\/de\/die-highlights\/die-pointe-du-decolle-in-saint-lunaire\/\"]}]},{\"@type\":\"ImageObject\",\"inLanguage\":\"de-DE\",\"@id\":\"https:\/\/www.dinardemeraudetourisme.com\/de\/die-highlights\/die-pointe-du-decolle-in-saint-lunaire\/#primaryimage\",\"url\":\"https:\/\/www.dinardemeraudetourisme.com\/app\/uploads\/2024\/04\/saint-lunaire-pointe-du-decolle-credit-lamoureux.jpg\",\"contentUrl\":\"https:\/\/www.dinardemeraudetourisme.com\/app\/uploads\/2024\/04\/saint-lunaire-pointe-du-decolle-credit-lamoureux.jpg\",\"width\":1920,\"height\":1280,\"caption\":\"Le D\u00e9coll\u00e9\"},{\"@type\":\"WebSite\",\"@id\":\"https:\/\/www.dinardemeraudetourisme.com\/de\/#website\",\"url\":\"https:\/\/www.dinardemeraudetourisme.com\/de\/\",\"name\":\"Dinard \u00c9meraude Tourisme\",\"description\":\"\",\"potentialAction\":[{\"@type\":\"SearchAction\",\"target\":{\"@type\":\"EntryPoint\",\"urlTemplate\":\"https:\/\/www.dinardemeraudetourisme.com\/de\/?s={search_term_string}\"},\"query-input\":{\"@type\":\"PropertyValueSpecification\",\"valueRequired\":true,\"valueName\":\"search_term_string\"}}],\"inLanguage\":\"de-DE\"}]}<\/script>\n<!-- \/ Yoast SEO plugin. -->","yoast_head_json":{"title":"Die Pointe du D\u00e9coll\u00e9 in Saint-Lunaire - Dinard \u00c9meraude Tourisme","description":"Die Highlights von Saint-Lunaire.","robots":{"index":"index","follow":"follow","max-snippet":"max-snippet:-1","max-image-preview":"max-image-preview:large","max-video-preview":"max-video-preview:-1"},"canonical":"https:\/\/www.dinardemeraudetourisme.com\/de\/die-highlights\/die-pointe-du-decolle-in-saint-lunaire\/","og_locale":"de_DE","og_type":"article","og_title":"Die Pointe du D\u00e9coll\u00e9 in Saint-Lunaire - Dinard \u00c9meraude Tourisme","og_description":"Die Highlights von Saint-Lunaire.","og_url":"https:\/\/www.dinardemeraudetourisme.com\/de\/die-highlights\/die-pointe-du-decolle-in-saint-lunaire\/","og_site_name":"Dinard \u00c9meraude Tourisme","article_modified_time":"2025-06-18T15:30:13+00:00","og_image":[{"width":1920,"height":1280,"url":"https:\/\/www.dinardemeraudetourisme.com\/app\/uploads\/2024\/04\/saint-lunaire-pointe-du-decolle-credit-lamoureux.jpg","type":"image\/jpeg"}],"twitter_card":"summary_large_image","twitter_misc":{"Gesch\u00e4tzte Lesezeit":"4 minutes"},"schema":{"@context":"https:\/\/schema.org","@graph":[{"@type":"WebPage","@id":"https:\/\/www.dinardemeraudetourisme.com\/de\/die-highlights\/die-pointe-du-decolle-in-saint-lunaire\/","url":"https:\/\/www.dinardemeraudetourisme.com\/de\/die-highlights\/die-pointe-du-decolle-in-saint-lunaire\/","name":"Die Pointe du D\u00e9coll\u00e9 in Saint-Lunaire - Dinard \u00c9meraude Tourisme","isPartOf":{"@id":"https:\/\/www.dinardemeraudetourisme.com\/de\/#website"},"primaryImageOfPage":{"@id":"https:\/\/www.dinardemeraudetourisme.com\/de\/die-highlights\/die-pointe-du-decolle-in-saint-lunaire\/#primaryimage"},"image":{"@id":"https:\/\/www.dinardemeraudetourisme.com\/de\/die-highlights\/die-pointe-du-decolle-in-saint-lunaire\/#primaryimage"},"thumbnailUrl":"https:\/\/www.dinardemeraudetourisme.com\/app\/uploads\/2024\/04\/saint-lunaire-pointe-du-decolle-credit-lamoureux.jpg","datePublished":"2024-04-25T14:10:50+00:00","dateModified":"2025-06-18T15:30:13+00:00","description":"Die Highlights von Saint-Lunaire.","breadcrumb":{"@id":"https:\/\/www.dinardemeraudetourisme.com\/de\/die-highlights\/die-pointe-du-decolle-in-saint-lunaire\/#breadcrumb"},"inLanguage":"de-DE","potentialAction":[{"@type":"ReadAction","target":["https:\/\/www.dinardemeraudetourisme.com\/de\/die-highlights\/die-pointe-du-decolle-in-saint-lunaire\/"]}]},{"@type":"ImageObject","inLanguage":"de-DE","@id":"https:\/\/www.dinardemeraudetourisme.com\/de\/die-highlights\/die-pointe-du-decolle-in-saint-lunaire\/#primaryimage","url":"https:\/\/www.dinardemeraudetourisme.com\/app\/uploads\/2024\/04\/saint-lunaire-pointe-du-decolle-credit-lamoureux.jpg","contentUrl":"https:\/\/www.dinardemeraudetourisme.com\/app\/uploads\/2024\/04\/saint-lunaire-pointe-du-decolle-credit-lamoureux.jpg","width":1920,"height":1280,"caption":"Le D\u00e9coll\u00e9"},{"@type":"WebSite","@id":"https:\/\/www.dinardemeraudetourisme.com\/de\/#website","url":"https:\/\/www.dinardemeraudetourisme.com\/de\/","name":"Dinard \u00c9meraude Tourisme","description":"","potentialAction":[{"@type":"SearchAction","target":{"@type":"EntryPoint","urlTemplate":"https:\/\/www.dinardemeraudetourisme.com\/de\/?s={search_term_string}"},"query-input":{"@type":"PropertyValueSpecification","valueRequired":true,"valueName":"search_term_string"}}],"inLanguage":"de-DE"}]}},"_links":{"self":[{"href":"https:\/\/www.dinardemeraudetourisme.com\/de\/wp-json\/wp\/v2\/pages\/10313","targetHints":{"allow":["GET"]}}],"collection":[{"href":"https:\/\/www.dinardemeraudetourisme.com\/de\/wp-json\/wp\/v2\/pages"}],"about":[{"href":"https:\/\/www.dinardemeraudetourisme.com\/de\/wp-json\/wp\/v2\/types\/page"}],"author":[{"embeddable":true,"href":"https:\/\/www.dinardemeraudetourisme.com\/de\/wp-json\/wp\/v2\/users\/2"}],"replies":[{"embeddable":true,"href":"https:\/\/www.dinardemeraudetourisme.com\/de\/wp-json\/wp\/v2\/comments?post=10313"}],"version-history":[{"count":2,"href":"https:\/\/www.dinardemeraudetourisme.com\/de\/wp-json\/wp\/v2\/pages\/10313\/revisions"}],"predecessor-version":[{"id":17739,"href":"https:\/\/www.dinardemeraudetourisme.com\/de\/wp-json\/wp\/v2\/pages\/10313\/revisions\/17739"}],"up":[{"embeddable":true,"href":"https:\/\/www.dinardemeraudetourisme.com\/de\/wp-json\/wp\/v2\/pages\/10300"}],"wp:featuredmedia":[{"embeddable":true,"href":"https:\/\/www.dinardemeraudetourisme.com\/de\/wp-json\/wp\/v2\/media\/3223"}],"wp:attachment":[{"href":"https:\/\/www.dinardemeraudetourisme.com\/de\/wp-json\/wp\/v2\/media?parent=10313"}],"curies":[{"name":"wp","href":"https:\/\/api.w.org\/{rel}","templated":true}]}}