{"id":10303,"date":"2024-04-25T16:10:13","date_gmt":"2024-04-25T14:10:13","guid":{"rendered":"https:\/\/www.dinardemeraudetourisme.com?page_id=10303"},"modified":"2025-06-18T17:26:56","modified_gmt":"2025-06-18T15:26:56","slug":"promenade-du-clair-de-lune-in-dinard","status":"publish","type":"page","link":"https:\/\/www.dinardemeraudetourisme.com\/de\/die-highlights\/promenade-du-clair-de-lune-in-dinard\/","title":{"rendered":"Promenade du Clair de Lune in Dinard"},"content":{"rendered":"\n<h2 class=\"wp-block-heading has-text-align-center\" style=\"padding-top:var(--wp--preset--spacing--50);padding-bottom:var(--wp--preset--spacing--50)\">Die mythische <strong>Promenade du Clair de Lune<\/strong> in Dinard<\/h2>\n\n\n\n<p>Die Highlights von Dinard.<br>Die Promenade du Clair de Lune ist einer der Lieblingsspazierg\u00e4nge der Dinardais. Gut gelegen und vor den Winden gesch\u00fctzt, l\u00e4dt sie zum Bummeln und Entspannen entlang der G\u00e4rten ein, deren lebhaften Farben und D\u00fcfte ihr einen besonderen Charme verleihen.<\/p>\n\n\n\n<h3 class=\"wp-block-heading\" style=\"padding-top:var(--wp--preset--spacing--50);padding-bottom:var(--wp--preset--spacing--50)\"><strong>Ein Muss<\/strong><\/h3>\n\n\n\n<p>Tauchen Sie ein in die Magie von Dinard mit einem unvergesslichen Spaziergang auf der ber\u00fchmten Promenade du Clair de Lune. Im Herzen der Stadt gelegen, l\u00e4dt diese emblematische Promenade dazu ein, die K\u00fcste der C\u00f4te d&#8217;\u00c9meraude aus einem entschlossen romantischen und poetischen Blickwinkel zu entdecken. Lassen Sie sich sofort verzaubern, wenn Sie ankommen. Der atemberaubende Blick auf das Meer verbindet sich harmonisch mit den \u00fcppigen G\u00e4rten, die den Weg s\u00e4umen und ein naturnahes Schauspiel seltener Sch\u00f6nheit bieten.<\/p>\n\n\n\n<p>W\u00e4hrend Sie weitergehen, werden Sie von dem sanften Ger\u00e4usch der Wellen und dem Duft des Meeres begleitet, die die friedliche und ruhige Atmosph\u00e4re der Promenade verst\u00e4rken. Am Quai de la Perle entdecken Sie erstaunt eine sehr sch\u00f6ne mediterrane Vegetation, darunter eine Palmenplantage, die in den 1930er Jahren angelegt wurde.<\/p>\n\n\n\n<p>Dar\u00fcber hinaus ist die Promenade du Clair de Lune mehr als nur ein einfacher Weg; sie ist ein lebendiges Kunstwerk, das mit den Jahreszeiten w\u00e4chst und sich ver\u00e4ndert. Im Fr\u00fchling verleihen die strahlenden Bl\u00fcten dem Ort eine Prise Farbe und Vitalit\u00e4t, w\u00e4hrend im Sommer die von tempor\u00e4ren Kunstinstallationen erleuchteten Abende den Raum in ein echtes Freilufttheater verwandeln.<\/p>\n\n\n\n<div class=\"wp-block-columns is-layout-flex wp-container-core-columns-is-layout-28f84493 wp-block-columns-is-layout-flex\">\n<div class=\"wp-block-column is-layout-flow wp-block-column-is-layout-flow\">\n<figure class=\"wp-block-image size-large\"><img decoding=\"async\" src=\"https:\/\/www.dinardemeraudetourisme.com\/app\/uploads\/2024\/04\/1-incontournable-promenade-du-clair-de-lune-1-1024x683.webp\" alt=\"1 Incontournable Promenade Du Clair De Lune 1\" class=\"wp-image-4951\"\/><\/figure>\n<\/div>\n\n\n\n<div class=\"wp-block-column is-layout-flow wp-block-column-is-layout-flow\">\n<figure class=\"wp-block-image size-large\"><img decoding=\"async\" src=\"https:\/\/www.dinardemeraudetourisme.com\/app\/uploads\/2024\/04\/1-ncontournable-promenade-du-clair-de-lune-3-1024x683.webp\" alt=\"1 Ncontournable Promenade Du Clair De Lune 3\" class=\"wp-image-4954\"\/><\/figure>\n<\/div>\n<\/div>\n\n\n\n<p><strong>Der Blick bleibt nicht zur\u00fcck.<\/strong> Gegen\u00fcber sehen Sie die befestigte Stadt Saint-Malo und den Turm ihrer Kathedrale. Am Horizont bietet sich Ihnen die Weite des gro\u00dfen Blauen, gespickt mit Festungen, einem Leuchtturm und Felsen, die die Bucht von Saint-Malo schm\u00fccken.<\/p>\n\n\n\n<p><strong>Neu seit 2023: Der Blumen- und Duftpfad<\/strong><br>Wir bieten Ihnen ein neues Abenteuer: sich die Zeit zu nehmen, um zu riechen. Au\u00dferdem ist der Geruchssinn vielleicht der am meisten vernachl\u00e4ssigte unserer Sinne. Er bietet uns jedoch einen unmittelbaren Zugang zur Welt, zu unseren Emotionen und Erinnerungen. In einem Augenblick weckt er uns auf.<br>Sind Sie bereit? Atmen Sie die Blumen, Bl\u00e4tter und Rinden der Promenade du Clair de Lune ein. Ein olfaktorisches Abenteuer, das von der Stadt Dinard in Zusammenarbeit mit der Parf\u00fcmerie Maison de Parfums Divine angeboten wird. <a href=\"https:\/\/www.ville-dinard.fr\/agenda\/parcours-fleurs-senteurs\/\">Weitere Informationen.<\/a><\/p>\n\n\n\n<h3 class=\"wp-block-heading\" style=\"padding-top:var(--wp--preset--spacing--50);padding-bottom:var(--wp--preset--spacing--50)\"><strong>Dinard, eine Stadt der Kunst<\/strong><\/h3>\n\n\n\n<p>Die Highlights von Dinard.<br>Dinard inspiriert K\u00fcnstler, was sich in den zahlreichen Kunstgalerien der Stadt widerspiegelt. Entdecken Sie einige Werke an den Wendungen der Promenade du Clair de Lune: Skulpturen, Reliefs, geschnitzte Tore\u2026 Genie\u00dfen Sie die Aussicht auf die Statue der Eva, die von der Terrasse des Hotels Castelbrac \u00fcber die Bucht wacht. Im Sommer folgen Sie dem Chemin des Arts, einem Rundgang mit monumentalen Skulpturen zeitgen\u00f6ssischer Kunst, der jedes Jahr einen anderen K\u00fcnstler w\u00fcrdigt.<\/p>\n\n\n\n<h3 class=\"wp-block-heading\" style=\"padding-top:var(--wp--preset--spacing--50);padding-bottom:var(--wp--preset--spacing--50)\"><strong>Clair de Lune, wie es sich geh\u00f6rt<\/strong><\/h3>\n\n\n\n<p>Im Juli und August treffen Sie sich im Mondschein, um die gesamte Magie der Promenade zu entdecken. Abends, wenn die Nacht hereinbricht, erstrahlt sie im Licht und begleitet Ihren Spaziergang mit Musik. Jeden Abend gibt es ein anderes Thema: klassische Musik, Jazz oder zeitgen\u00f6ssische Unterhaltungsmusik. Eine m\u00e4rchenhafte Atmosph\u00e4re f\u00fcr einen romantischen Spaziergang.<br>Die Highlights von Dinard.<\/p>\n\n\n\n<div class=\"wp-block-columns is-layout-flex wp-container-core-columns-is-layout-28f84493 wp-block-columns-is-layout-flex\">\n<div class=\"wp-block-column is-layout-flow wp-block-column-is-layout-flow\">\n<figure class=\"wp-block-image size-large\"><img decoding=\"async\" src=\"https:\/\/www.dinardemeraudetourisme.com\/app\/uploads\/2024\/04\/1-incontournable-promenade-du-clair-de-lune-2-1024x683.webp\" alt=\"Les incontournables de Dinard. La promenade du Clair de Lune et sa v\u00e9g\u00e9tation luxuriante. \" class=\"wp-image-4957\"\/><\/figure>\n<\/div>\n\n\n\n<div class=\"wp-block-column is-layout-flow wp-block-column-is-layout-flow\">\n<figure class=\"wp-block-image size-large\"><img loading=\"lazy\" decoding=\"async\" width=\"1024\" height=\"683\" src=\"https:\/\/www.dinardemeraudetourisme.com\/app\/uploads\/2024\/04\/dinard2020aalamoureux_mg_9606-2048x1365-1-1024x683.webp\" alt=\"Les incontournables de Dinard. La promenade du Clair de Lune - Vue du la promenade et sur le Yacht club de Dinard \u00e0 travers la v\u00e9g\u00e9tation. \" class=\"wp-image-4960\" srcset=\"https:\/\/www.dinardemeraudetourisme.com\/app\/uploads\/2024\/04\/dinard2020aalamoureux_mg_9606-2048x1365-1-1024x683.webp 1024w, https:\/\/www.dinardemeraudetourisme.com\/app\/uploads\/2024\/04\/dinard2020aalamoureux_mg_9606-2048x1365-1-300x200.webp 300w, https:\/\/www.dinardemeraudetourisme.com\/app\/uploads\/2024\/04\/dinard2020aalamoureux_mg_9606-2048x1365-1-768x512.webp 768w, https:\/\/www.dinardemeraudetourisme.com\/app\/uploads\/2024\/04\/dinard2020aalamoureux_mg_9606-2048x1365-1-1536x1024.webp 1536w, https:\/\/www.dinardemeraudetourisme.com\/app\/uploads\/2024\/04\/dinard2020aalamoureux_mg_9606-2048x1365-1-20x13.webp 20w, https:\/\/www.dinardemeraudetourisme.com\/app\/uploads\/2024\/04\/dinard2020aalamoureux_mg_9606-2048x1365-1-50x33.webp 50w, https:\/\/www.dinardemeraudetourisme.com\/app\/uploads\/2024\/04\/dinard2020aalamoureux_mg_9606-2048x1365-1-45x30.webp 45w, https:\/\/www.dinardemeraudetourisme.com\/app\/uploads\/2024\/04\/dinard2020aalamoureux_mg_9606-2048x1365-1-60x40.webp 60w, https:\/\/www.dinardemeraudetourisme.com\/app\/uploads\/2024\/04\/dinard2020aalamoureux_mg_9606-2048x1365-1-80x53.webp 80w, https:\/\/www.dinardemeraudetourisme.com\/app\/uploads\/2024\/04\/dinard2020aalamoureux_mg_9606-2048x1365-1-110x73.webp 110w, https:\/\/www.dinardemeraudetourisme.com\/app\/uploads\/2024\/04\/dinard2020aalamoureux_mg_9606-2048x1365-1-160x107.webp 160w, https:\/\/www.dinardemeraudetourisme.com\/app\/uploads\/2024\/04\/dinard2020aalamoureux_mg_9606-2048x1365-1-250x167.webp 250w, https:\/\/www.dinardemeraudetourisme.com\/app\/uploads\/2024\/04\/dinard2020aalamoureux_mg_9606-2048x1365-1-1200x800.webp 1200w, https:\/\/www.dinardemeraudetourisme.com\/app\/uploads\/2024\/04\/dinard2020aalamoureux_mg_9606-2048x1365-1-1800x1200.webp 1800w, https:\/\/www.dinardemeraudetourisme.com\/app\/uploads\/2024\/04\/dinard2020aalamoureux_mg_9606-2048x1365-1.webp 2048w\" sizes=\"auto, (max-width: 1024px) 100vw, 1024px\" \/><\/figure>\n<\/div>\n<\/div>\n\n\n\n<h3 class=\"wp-block-heading\"><br>Anreise ohne Auto<\/h3>\n\n\n\n<p>Erreichen Sie die Promenade Clair de Lune bequem mit dem Bus der Gesellschaft BreizhGo.<\/p>\n\n\n\n<ul class=\"wp-block-list\">\n<li>Von Saint-Malo, Saint-Lunaire und Saint-Briac-sur-Mer: Linie 516 \u2013 Haltestellen \u00c9glise Notre Dame oder Tourismusb\u00fcro<\/li>\n\n\n\n<li>Von Pleurtuit, Dinan oder Rennes: Linie 507 \u2013 Haltestellen \u00c9glise Notre Dame oder Tourismusb\u00fcro<\/li>\n<\/ul>\n\n\n\n<p>Von Saint-Malo aus k\u00f6nnen Sie das Meertaxi nehmen und direkt an der Promenade anlegen! Zwei Gesellschaften bieten die \u00dcberfahrt von April bis Allerheiligen an:<\/p>\n\n\n\n<ul class=\"wp-block-list\">\n<li>Compagnie Corsaire \u2013 <strong><a href=\"https:\/\/www.dinardemeraudetourisme.com\/de\/fiche\/compagnie-corsaire-les-vedettes-de-dinard-et-saint-malo-5V52JRZ8\/\" target=\"_blank\" rel=\"noreferrer noopener\">Weitere Informationen<\/a><\/strong><\/li>\n\n\n\n<li>Les Bateaux Rouges \u2013 <strong><a href=\"https:\/\/www.dinardemeraudetourisme.com\/de\/fiche\/les-bateaux-rouges-navettes-maritimes-5V51SWIH\/\" target=\"_blank\" rel=\"noreferrer noopener\">Weitere Informationen<\/a><\/strong><\/li>\n<\/ul>\n\n\n\n<p>Und <strong><a href=\"https:\/\/www.dinardemeraudetourisme.com\/de\/fiche\/captain-taxi-5V51CPSU\/\" target=\"_blank\" rel=\"noreferrer noopener\">Captain Taxi <\/a><\/strong>bietet diese \u00dcberfahrt das ganze Jahr \u00fcber auf Anfrage an!<\/p>\n\n\n\n<p><strong><a href=\"https:\/\/www.dinardemeraudetourisme.com\/de\/aufenthalt-an-der-cote-demeraude\/praktische-informationen\/oeffentliche-verkehrsmittel-an-der-cote-demeraude\/\" target=\"_blank\" rel=\"noreferrer noopener\">Weitere Informationen<\/a><\/strong><\/p>\n\n\n\n<h3 class=\"wp-block-heading\" style=\"padding-top:var(--wp--preset--spacing--50);padding-bottom:var(--wp--preset--spacing--50)\"><br>Praktisch !<\/h3>\n\n\n\n<p><strong>L\u00e4nge:<\/strong> etwa 1 km<br><strong>Schwierigkeitsgrad:<\/strong> leicht<br><strong>Ton und Licht:<\/strong> im Juli und August, ab 21:30 Uhr. Um das Programm zu erfahren, <a href=\"https:\/\/www.ville-dinard.fr\/agenda\/la-promenade-du-clair-de-lune-en-sons-et-lumieres\/\">klicken Sie hier<\/a>.<\/p>\n","protected":false},"excerpt":{"rendered":"<p>Die mythische Promenade du Clair de Lune in Dinard Die Highlights von Dinard.Die Promenade du Clair de Lune ist einer der Lieblingsspazierg\u00e4nge der Dinardais. Gut gelegen und vor den Winden gesch\u00fctzt, l\u00e4dt sie zum Bummeln und Entspannen entlang der G\u00e4rten ein, deren lebhaften Farben und D\u00fcfte ihr einen besonderen Charme verleihen. Ein Muss Tauchen Sie [&hellip;]<\/p>\n","protected":false},"author":2,"featured_media":3152,"parent":10300,"menu_order":0,"comment_status":"closed","ping_status":"closed","template":"template-header-large.php","meta":{"_acf_changed":false,"footnotes":""},"class_list":["post-10303","page","type-page","status-publish","has-post-thumbnail","hentry"],"acf":[],"yoast_head":"<!-- This site is optimized with the Yoast SEO plugin v27.1.1 - https:\/\/yoast.com\/product\/yoast-seo-wordpress\/ -->\n<title>Promenade du Clair de Lune in Dinard - Dinard \u00c9meraude Tourisme<\/title>\n<meta name=\"description\" content=\"Die Highlights von Dinard\" \/>\n<meta name=\"robots\" content=\"index, follow, max-snippet:-1, max-image-preview:large, max-video-preview:-1\" \/>\n<link rel=\"canonical\" href=\"https:\/\/www.dinardemeraudetourisme.com\/de\/die-highlights\/promenade-du-clair-de-lune-in-dinard\/\" \/>\n<meta property=\"og:locale\" content=\"de_DE\" \/>\n<meta property=\"og:type\" content=\"article\" \/>\n<meta property=\"og:title\" content=\"Promenade du Clair de Lune in Dinard - Dinard \u00c9meraude Tourisme\" \/>\n<meta property=\"og:description\" content=\"Die Highlights von Dinard\" \/>\n<meta property=\"og:url\" content=\"https:\/\/www.dinardemeraudetourisme.com\/de\/die-highlights\/promenade-du-clair-de-lune-in-dinard\/\" \/>\n<meta property=\"og:site_name\" content=\"Dinard \u00c9meraude Tourisme\" \/>\n<meta property=\"article:modified_time\" content=\"2025-06-18T15:26:56+00:00\" \/>\n<meta property=\"og:image\" content=\"https:\/\/www.dinardemeraudetourisme.com\/app\/uploads\/2024\/04\/108-sensation-bretagne-dinard-balade-au-clair-de-lune-studio-jezequel-2023.jpg\" \/>\n\t<meta property=\"og:image:width\" content=\"1920\" \/>\n\t<meta property=\"og:image:height\" content=\"1280\" \/>\n\t<meta property=\"og:image:type\" content=\"image\/jpeg\" \/>\n<meta name=\"twitter:card\" content=\"summary_large_image\" \/>\n<meta name=\"twitter:label1\" content=\"Gesch\u00e4tzte Lesezeit\" \/>\n\t<meta name=\"twitter:data1\" content=\"5 minutes\" \/>\n<script type=\"application\/ld+json\" class=\"yoast-schema-graph\">{\"@context\":\"https:\/\/schema.org\",\"@graph\":[{\"@type\":\"WebPage\",\"@id\":\"https:\/\/www.dinardemeraudetourisme.com\/de\/die-highlights\/promenade-du-clair-de-lune-in-dinard\/\",\"url\":\"https:\/\/www.dinardemeraudetourisme.com\/de\/die-highlights\/promenade-du-clair-de-lune-in-dinard\/\",\"name\":\"Promenade du Clair de Lune in Dinard - Dinard \u00c9meraude Tourisme\",\"isPartOf\":{\"@id\":\"https:\/\/www.dinardemeraudetourisme.com\/de\/#website\"},\"primaryImageOfPage\":{\"@id\":\"https:\/\/www.dinardemeraudetourisme.com\/de\/die-highlights\/promenade-du-clair-de-lune-in-dinard\/#primaryimage\"},\"image\":{\"@id\":\"https:\/\/www.dinardemeraudetourisme.com\/de\/die-highlights\/promenade-du-clair-de-lune-in-dinard\/#primaryimage\"},\"thumbnailUrl\":\"https:\/\/www.dinardemeraudetourisme.com\/app\/uploads\/2024\/04\/108-sensation-bretagne-dinard-balade-au-clair-de-lune-studio-jezequel-2023.jpg\",\"datePublished\":\"2024-04-25T14:10:13+00:00\",\"dateModified\":\"2025-06-18T15:26:56+00:00\",\"description\":\"Die Highlights von Dinard\",\"breadcrumb\":{\"@id\":\"https:\/\/www.dinardemeraudetourisme.com\/de\/die-highlights\/promenade-du-clair-de-lune-in-dinard\/#breadcrumb\"},\"inLanguage\":\"de-DE\",\"potentialAction\":[{\"@type\":\"ReadAction\",\"target\":[\"https:\/\/www.dinardemeraudetourisme.com\/de\/die-highlights\/promenade-du-clair-de-lune-in-dinard\/\"]}]},{\"@type\":\"ImageObject\",\"inLanguage\":\"de-DE\",\"@id\":\"https:\/\/www.dinardemeraudetourisme.com\/de\/die-highlights\/promenade-du-clair-de-lune-in-dinard\/#primaryimage\",\"url\":\"https:\/\/www.dinardemeraudetourisme.com\/app\/uploads\/2024\/04\/108-sensation-bretagne-dinard-balade-au-clair-de-lune-studio-jezequel-2023.jpg\",\"contentUrl\":\"https:\/\/www.dinardemeraudetourisme.com\/app\/uploads\/2024\/04\/108-sensation-bretagne-dinard-balade-au-clair-de-lune-studio-jezequel-2023.jpg\",\"width\":1920,\"height\":1280,\"caption\":\"Promenade du Clair De Lune \u00e0 Dinard, balade aux milieu de la v\u00e9g\u00e9tation m\u00e9diterran\u00e9enne au bord de l'eau.\"},{\"@type\":\"WebSite\",\"@id\":\"https:\/\/www.dinardemeraudetourisme.com\/de\/#website\",\"url\":\"https:\/\/www.dinardemeraudetourisme.com\/de\/\",\"name\":\"Dinard \u00c9meraude Tourisme\",\"description\":\"\",\"potentialAction\":[{\"@type\":\"SearchAction\",\"target\":{\"@type\":\"EntryPoint\",\"urlTemplate\":\"https:\/\/www.dinardemeraudetourisme.com\/de\/?s={search_term_string}\"},\"query-input\":{\"@type\":\"PropertyValueSpecification\",\"valueRequired\":true,\"valueName\":\"search_term_string\"}}],\"inLanguage\":\"de-DE\"}]}<\/script>\n<!-- \/ Yoast SEO plugin. -->","yoast_head_json":{"title":"Promenade du Clair de Lune in Dinard - Dinard \u00c9meraude Tourisme","description":"Die Highlights von Dinard","robots":{"index":"index","follow":"follow","max-snippet":"max-snippet:-1","max-image-preview":"max-image-preview:large","max-video-preview":"max-video-preview:-1"},"canonical":"https:\/\/www.dinardemeraudetourisme.com\/de\/die-highlights\/promenade-du-clair-de-lune-in-dinard\/","og_locale":"de_DE","og_type":"article","og_title":"Promenade du Clair de Lune in Dinard - Dinard \u00c9meraude Tourisme","og_description":"Die Highlights von Dinard","og_url":"https:\/\/www.dinardemeraudetourisme.com\/de\/die-highlights\/promenade-du-clair-de-lune-in-dinard\/","og_site_name":"Dinard \u00c9meraude Tourisme","article_modified_time":"2025-06-18T15:26:56+00:00","og_image":[{"width":1920,"height":1280,"url":"https:\/\/www.dinardemeraudetourisme.com\/app\/uploads\/2024\/04\/108-sensation-bretagne-dinard-balade-au-clair-de-lune-studio-jezequel-2023.jpg","type":"image\/jpeg"}],"twitter_card":"summary_large_image","twitter_misc":{"Gesch\u00e4tzte Lesezeit":"5 minutes"},"schema":{"@context":"https:\/\/schema.org","@graph":[{"@type":"WebPage","@id":"https:\/\/www.dinardemeraudetourisme.com\/de\/die-highlights\/promenade-du-clair-de-lune-in-dinard\/","url":"https:\/\/www.dinardemeraudetourisme.com\/de\/die-highlights\/promenade-du-clair-de-lune-in-dinard\/","name":"Promenade du Clair de Lune in Dinard - Dinard \u00c9meraude Tourisme","isPartOf":{"@id":"https:\/\/www.dinardemeraudetourisme.com\/de\/#website"},"primaryImageOfPage":{"@id":"https:\/\/www.dinardemeraudetourisme.com\/de\/die-highlights\/promenade-du-clair-de-lune-in-dinard\/#primaryimage"},"image":{"@id":"https:\/\/www.dinardemeraudetourisme.com\/de\/die-highlights\/promenade-du-clair-de-lune-in-dinard\/#primaryimage"},"thumbnailUrl":"https:\/\/www.dinardemeraudetourisme.com\/app\/uploads\/2024\/04\/108-sensation-bretagne-dinard-balade-au-clair-de-lune-studio-jezequel-2023.jpg","datePublished":"2024-04-25T14:10:13+00:00","dateModified":"2025-06-18T15:26:56+00:00","description":"Die Highlights von Dinard","breadcrumb":{"@id":"https:\/\/www.dinardemeraudetourisme.com\/de\/die-highlights\/promenade-du-clair-de-lune-in-dinard\/#breadcrumb"},"inLanguage":"de-DE","potentialAction":[{"@type":"ReadAction","target":["https:\/\/www.dinardemeraudetourisme.com\/de\/die-highlights\/promenade-du-clair-de-lune-in-dinard\/"]}]},{"@type":"ImageObject","inLanguage":"de-DE","@id":"https:\/\/www.dinardemeraudetourisme.com\/de\/die-highlights\/promenade-du-clair-de-lune-in-dinard\/#primaryimage","url":"https:\/\/www.dinardemeraudetourisme.com\/app\/uploads\/2024\/04\/108-sensation-bretagne-dinard-balade-au-clair-de-lune-studio-jezequel-2023.jpg","contentUrl":"https:\/\/www.dinardemeraudetourisme.com\/app\/uploads\/2024\/04\/108-sensation-bretagne-dinard-balade-au-clair-de-lune-studio-jezequel-2023.jpg","width":1920,"height":1280,"caption":"Promenade du Clair De Lune \u00e0 Dinard, balade aux milieu de la v\u00e9g\u00e9tation m\u00e9diterran\u00e9enne au bord de l'eau."},{"@type":"WebSite","@id":"https:\/\/www.dinardemeraudetourisme.com\/de\/#website","url":"https:\/\/www.dinardemeraudetourisme.com\/de\/","name":"Dinard \u00c9meraude Tourisme","description":"","potentialAction":[{"@type":"SearchAction","target":{"@type":"EntryPoint","urlTemplate":"https:\/\/www.dinardemeraudetourisme.com\/de\/?s={search_term_string}"},"query-input":{"@type":"PropertyValueSpecification","valueRequired":true,"valueName":"search_term_string"}}],"inLanguage":"de-DE"}]}},"_links":{"self":[{"href":"https:\/\/www.dinardemeraudetourisme.com\/de\/wp-json\/wp\/v2\/pages\/10303","targetHints":{"allow":["GET"]}}],"collection":[{"href":"https:\/\/www.dinardemeraudetourisme.com\/de\/wp-json\/wp\/v2\/pages"}],"about":[{"href":"https:\/\/www.dinardemeraudetourisme.com\/de\/wp-json\/wp\/v2\/types\/page"}],"author":[{"embeddable":true,"href":"https:\/\/www.dinardemeraudetourisme.com\/de\/wp-json\/wp\/v2\/users\/2"}],"replies":[{"embeddable":true,"href":"https:\/\/www.dinardemeraudetourisme.com\/de\/wp-json\/wp\/v2\/comments?post=10303"}],"version-history":[{"count":2,"href":"https:\/\/www.dinardemeraudetourisme.com\/de\/wp-json\/wp\/v2\/pages\/10303\/revisions"}],"predecessor-version":[{"id":17736,"href":"https:\/\/www.dinardemeraudetourisme.com\/de\/wp-json\/wp\/v2\/pages\/10303\/revisions\/17736"}],"up":[{"embeddable":true,"href":"https:\/\/www.dinardemeraudetourisme.com\/de\/wp-json\/wp\/v2\/pages\/10300"}],"wp:featuredmedia":[{"embeddable":true,"href":"https:\/\/www.dinardemeraudetourisme.com\/de\/wp-json\/wp\/v2\/media\/3152"}],"wp:attachment":[{"href":"https:\/\/www.dinardemeraudetourisme.com\/de\/wp-json\/wp\/v2\/media?parent=10303"}],"curies":[{"name":"wp","href":"https:\/\/api.w.org\/{rel}","templated":true}]}}